{"id":11704,"date":"2025-06-11T15:44:24","date_gmt":"2025-06-11T13:44:24","guid":{"rendered":"https:\/\/denhelder.online\/?page_id=11704"},"modified":"2026-01-13T14:10:43","modified_gmt":"2026-01-13T13:10:43","slug":"das-wappen-von-den-helder","status":"publish","type":"page","link":"https:\/\/denhelder.online\/de\/4-en-5-mei\/den-helder-spookstad\/het-wapen-van-den-helder\/","title":{"rendered":"Das Wappen von Den Helder"},"content":{"rendered":"<div data-elementor-type=\"wp-page\" data-elementor-id=\"11704\" class=\"elementor elementor-11704\" data-elementor-post-type=\"page\">\n\t\t\t\t<div class=\"elementor-element elementor-element-58c9813 e-flex e-con-boxed e-con e-parent\" data-id=\"58c9813\" data-element_type=\"container\" data-e-type=\"container\" data-settings=\"{&quot;background_background&quot;:&quot;classic&quot;,&quot;jet_parallax_layout_list&quot;:[]}\">\n\t\t\t\t\t<div class=\"e-con-inner\">\n\t\t<div class=\"elementor-element elementor-element-3d5d17e9 e-con-full e-flex e-con e-child\" data-id=\"3d5d17e9\" data-element_type=\"container\" data-e-type=\"container\" data-settings=\"{&quot;jet_parallax_layout_list&quot;:[]}\">\n\t\t\t\t<div class=\"elementor-element elementor-element-6813d40c elementor-widget__width-inherit elementor-widget elementor-widget-image\" data-id=\"6813d40c\" data-element_type=\"widget\" data-e-type=\"widget\" data-widget_type=\"image.default\">\n\t\t\t\t<div class=\"elementor-widget-container\">\n\t\t\t\t\t\t\t\t\t\t\t\t\t\t\t<img fetchpriority=\"high\" decoding=\"async\" width=\"800\" height=\"533\" src=\"https:\/\/denhelder.online\/wp-content\/uploads\/2025\/06\/Wapen-van-Den-Helder.jpg\" class=\"attachment-large size-large wp-image-11706\" alt=\"Wappen von Den Helder Huisduinen Noordkop\" srcset=\"https:\/\/denhelder.online\/wp-content\/uploads\/2025\/06\/Wapen-van-Den-Helder.jpg 960w, https:\/\/denhelder.online\/wp-content\/uploads\/2025\/06\/Wapen-van-Den-Helder-300x200.jpg 300w, https:\/\/denhelder.online\/wp-content\/uploads\/2025\/06\/Wapen-van-Den-Helder-768x512.jpg 768w, https:\/\/denhelder.online\/wp-content\/uploads\/2025\/06\/Wapen-van-Den-Helder-18x12.jpg 18w, https:\/\/denhelder.online\/wp-content\/uploads\/2025\/06\/Wapen-van-Den-Helder-600x400.jpg 600w\" sizes=\"(max-width: 800px) 100vw, 800px\" \/>\t\t\t\t\t\t\t\t\t\t\t\t\t\t\t<\/div>\n\t\t\t\t<\/div>\n\t\t\t\t<\/div>\n\t\t\t\t\t<\/div>\n\t\t\t\t<\/div>\n\t\t<div class=\"elementor-element elementor-element-dff92da e-flex e-con-boxed e-con e-parent\" data-id=\"dff92da\" data-element_type=\"container\" data-e-type=\"container\" data-settings=\"{&quot;jet_parallax_layout_list&quot;:[]}\">\n\t\t\t\t\t<div class=\"e-con-inner\">\n\t\t<div class=\"elementor-element elementor-element-4b127c1d e-con-full e-flex e-con e-child\" data-id=\"4b127c1d\" data-element_type=\"container\" data-e-type=\"container\" data-settings=\"{&quot;jet_parallax_layout_list&quot;:[]}\">\n\t\t\t\t<div class=\"elementor-element elementor-element-4083e50f elementor-widget elementor-widget-breadcrumbs\" data-id=\"4083e50f\" data-element_type=\"widget\" data-e-type=\"widget\" data-widget_type=\"breadcrumbs.default\">\n\t\t\t\t<div class=\"elementor-widget-container\">\n\t\t\t\t\t<p id=\"breadcrumbs\"><span><span><a href=\"https:\/\/denhelder.online\/de\/\">Heim<\/a><\/span><\/span><\/p>\t\t\t\t<\/div>\n\t\t\t\t<\/div>\n\t\t<div class=\"elementor-element elementor-element-1cc6fed1 e-con-full e-flex e-con e-child\" data-id=\"1cc6fed1\" data-element_type=\"container\" data-e-type=\"container\" data-settings=\"{&quot;jet_parallax_layout_list&quot;:[]}\">\n\t\t\t\t<div class=\"elementor-element elementor-element-208dd85f elementor-widget elementor-widget-heading\" data-id=\"208dd85f\" data-element_type=\"widget\" data-e-type=\"widget\" data-widget_type=\"heading.default\">\n\t\t\t\t<div class=\"elementor-widget-container\">\n\t\t\t\t\t<p class=\"elementor-heading-title elementor-size-default\">Folgen Sie uns in den sozialen Netzwerken:<\/p>\t\t\t\t<\/div>\n\t\t\t\t<\/div>\n\t\t\t\t<div class=\"elementor-element elementor-element-3ddcb1ac elementor-icon-list--layout-inline elementor-align-end elementor-list-item-link-full_width elementor-widget elementor-widget-global elementor-global-1176 elementor-widget-icon-list\" data-id=\"3ddcb1ac\" data-element_type=\"widget\" data-e-type=\"widget\" data-widget_type=\"icon-list.default\">\n\t\t\t\t<div class=\"elementor-widget-container\">\n\t\t\t\t\t\t\t<ul class=\"elementor-icon-list-items elementor-inline-items\">\n\t\t\t\t\t\t\t<li class=\"elementor-icon-list-item elementor-inline-item\">\n\t\t\t\t\t\t\t\t\t\t\t<a href=\"https:\/\/www.facebook.com\/ditisdenhelder\" target=\"_blank\">\n\n\t\t\t\t\t\t\t\t\t\t\t\t<span class=\"elementor-icon-list-icon\">\n\t\t\t\t\t\t\t<i aria-hidden=\"true\" class=\"fab fa-facebook\"><\/i>\t\t\t\t\t\t<\/span>\n\t\t\t\t\t\t\t\t\t\t<span class=\"elementor-icon-list-text\"><\/span>\n\t\t\t\t\t\t\t\t\t\t\t<\/a>\n\t\t\t\t\t\t\t\t\t<\/li>\n\t\t\t\t\t\t\t\t<li class=\"elementor-icon-list-item elementor-inline-item\">\n\t\t\t\t\t\t\t\t\t\t\t<a href=\"https:\/\/www.instagram.com\/ditisdenhelder\/\" target=\"_blank\">\n\n\t\t\t\t\t\t\t\t\t\t\t\t<span class=\"elementor-icon-list-icon\">\n\t\t\t\t\t\t\t<i aria-hidden=\"true\" class=\"fab fa-instagram\"><\/i>\t\t\t\t\t\t<\/span>\n\t\t\t\t\t\t\t\t\t\t<span class=\"elementor-icon-list-text\"><\/span>\n\t\t\t\t\t\t\t\t\t\t\t<\/a>\n\t\t\t\t\t\t\t\t\t<\/li>\n\t\t\t\t\t\t\t\t<li class=\"elementor-icon-list-item elementor-inline-item\">\n\t\t\t\t\t\t\t\t\t\t\t<a href=\"https:\/\/www.youtube.com\/channel\/UCxXdcocRQwb3lDwiYBp3llg\" target=\"_blank\">\n\n\t\t\t\t\t\t\t\t\t\t\t\t<span class=\"elementor-icon-list-icon\">\n\t\t\t\t\t\t\t<i aria-hidden=\"true\" class=\"fab fa-youtube\"><\/i>\t\t\t\t\t\t<\/span>\n\t\t\t\t\t\t\t\t\t\t<span class=\"elementor-icon-list-text\"><\/span>\n\t\t\t\t\t\t\t\t\t\t\t<\/a>\n\t\t\t\t\t\t\t\t\t<\/li>\n\t\t\t\t\t\t\t\t<li class=\"elementor-icon-list-item elementor-inline-item\">\n\t\t\t\t\t\t\t\t\t\t\t<a href=\"https:\/\/www.linkedin.com\/company\/citymarketing-den-helder\" target=\"_blank\">\n\n\t\t\t\t\t\t\t\t\t\t\t\t<span class=\"elementor-icon-list-icon\">\n\t\t\t\t\t\t\t<i aria-hidden=\"true\" class=\"fab fa-linkedin-in\"><\/i>\t\t\t\t\t\t<\/span>\n\t\t\t\t\t\t\t\t\t\t<span class=\"elementor-icon-list-text\"><\/span>\n\t\t\t\t\t\t\t\t\t\t\t<\/a>\n\t\t\t\t\t\t\t\t\t<\/li>\n\t\t\t\t\t\t<\/ul>\n\t\t\t\t\t\t<\/div>\n\t\t\t\t<\/div>\n\t\t\t\t<\/div>\n\t\t\t\t<\/div>\n\t\t\t\t\t<\/div>\n\t\t\t\t<\/div>\n\t\t<div class=\"elementor-element elementor-element-13c08836 e-flex e-con-boxed e-con e-parent\" data-id=\"13c08836\" data-element_type=\"container\" data-e-type=\"container\" data-settings=\"{&quot;jet_parallax_layout_list&quot;:[]}\">\n\t\t\t\t\t<div class=\"e-con-inner\">\n\t\t<div class=\"elementor-element elementor-element-1a3ccad4 e-con-full e-flex e-con e-child\" data-id=\"1a3ccad4\" data-element_type=\"container\" data-e-type=\"container\" data-settings=\"{&quot;jet_parallax_layout_list&quot;:[]}\">\n\t\t\t\t<div class=\"elementor-element elementor-element-17d19438 elementor-widget__width-inherit elementor-widget elementor-widget-heading\" data-id=\"17d19438\" data-element_type=\"widget\" data-e-type=\"widget\" data-widget_type=\"heading.default\">\n\t\t\t\t<div class=\"elementor-widget-container\">\n\t\t\t\t\t<span class=\"elementor-heading-title elementor-size-default\">Untertitel<\/span>\t\t\t\t<\/div>\n\t\t\t\t<\/div>\n\t\t\t\t<div class=\"elementor-element elementor-element-2f763649 elementor-widget__width-inherit elementor-widget elementor-widget-heading\" data-id=\"2f763649\" data-element_type=\"widget\" data-e-type=\"widget\" data-widget_type=\"heading.default\">\n\t\t\t\t<div class=\"elementor-widget-container\">\n\t\t\t\t\t<h2 class=\"elementor-heading-title elementor-size-default\">Das Wappen von Den Helder<\/h2>\t\t\t\t<\/div>\n\t\t\t\t<\/div>\n\t\t\t\t<div class=\"elementor-element elementor-element-248fe17b elementor-widget elementor-widget-text-editor\" data-id=\"248fe17b\" data-element_type=\"widget\" data-e-type=\"widget\" data-widget_type=\"text-editor.default\">\n\t\t\t\t<div class=\"elementor-widget-container\">\n\t\t\t\t\t\t\t\t\t<p><img decoding=\"async\" class=\"size-medium wp-image-11588 aligncenter\" src=\"https:\/\/denhelder.online\/wp-content\/uploads\/2025\/06\/Wapen-Den-Helder-212x300.jpg\" alt=\"Waffe Den Helder\" width=\"212\" height=\"300\" srcset=\"https:\/\/denhelder.online\/wp-content\/uploads\/2025\/06\/Wapen-Den-Helder-212x300.jpg 212w, https:\/\/denhelder.online\/wp-content\/uploads\/2025\/06\/Wapen-Den-Helder-724x1024.jpg 724w, https:\/\/denhelder.online\/wp-content\/uploads\/2025\/06\/Wapen-Den-Helder-768x1086.jpg 768w, https:\/\/denhelder.online\/wp-content\/uploads\/2025\/06\/Wapen-Den-Helder-1087x1536.jpg 1087w, https:\/\/denhelder.online\/wp-content\/uploads\/2025\/06\/Wapen-Den-Helder-1449x2048.jpg 1449w, https:\/\/denhelder.online\/wp-content\/uploads\/2025\/06\/Wapen-Den-Helder-8x12.jpg 8w, https:\/\/denhelder.online\/wp-content\/uploads\/2025\/06\/Wapen-Den-Helder-424x600.jpg 424w, https:\/\/denhelder.online\/wp-content\/uploads\/2025\/06\/Wapen-Den-Helder.jpg 1772w\" sizes=\"(max-width: 212px) 100vw, 212px\" \/><\/p><p>Drei goldene Winkelspitzen auf rotem Grund, zwei Perlen, zwei Smaragde und drei Rubine. Dies ist das Wappen von Den Helder und existierte bereits viele Jahrhunderte vor der Stadtgr\u00fcndung. Es leitet sich vom Wappen der Herren und Grafen von Egmont ab, die im sp\u00e4ten Mittelalter die Herren von Huisduinen waren und ihre Jagdgesellschaften in den nach ihnen benannten Grafelijkheidsduinen abhielten.<\/p><p>Die Verbindung zu Egmond reicht jedoch noch weiter zur\u00fcck. Bereits im 10. und 11. Jahrhundert besa\u00df das Kloster Egmond, das erste bedeutende religi\u00f6se Zentrum der n\u00f6rdlichen Niederlande, L\u00e4ndereien zwischen Huisduinen und Callantsoog. Die 922 als Nonnenkloster gegr\u00fcndete Abtei hatte sich bis zum Jahr 1000 zu einem wirtschaftlichen Zentrum entwickelt und besa\u00df L\u00e4ndereien in der gesamten Grafschaft Holland und dar\u00fcber hinaus. Dies lag unter anderem daran, dass die unfreien Bauern der umliegenden Gebiete die Speicher des Klosters direkt mit ihren Ernten versorgten.<\/p><p>Das Dorf Huisduinen existierte bereits seit einiger Zeit. Die fr\u00fcheste Erw\u00e4hnung von \u2018Husiduna\u2019 stammt aus dem Jahr 886. Als Den Helder um 1500 als Fischerdorf \u2018die Helder Buyrt\u2019 am Marsdiep-Kanal entstand, war Huisduinen aufgrund des fortschreitenden K\u00fcstenverlusts bereits mehrmals ins Landesinnere verlegt worden.<\/p><p>Die M\u00f6nche der Abtei Egmond k\u00e4mpften als Erste gegen die Fluten an der nordholl\u00e4ndischen K\u00fcste und begannen, Deiche zum Schutz ihrer L\u00e4ndereien s\u00fcdlich der Abtei zu errichten. Doch an der K\u00fcste war der Landverlust unumkehrbar. W\u00e4hrend schwerer Sturmfluten in den Jahren 1170 und 1196 durchbrach das Meer an mehreren Stellen den D\u00fcneng\u00fcrtel. Das dahinter liegende Torfland wurde fast vollst\u00e4ndig weggesp\u00fclt. Callantsoog und Huisduinen blieben als Watteninseln zur\u00fcck, isoliert auf D\u00fcnenabschnitten. Erst vier und f\u00fcnf Jahrhunderte sp\u00e4ter wurden sie durch den Bau des Zijper Zeedijk und des Oldebarneveltsdijk wieder mit dem Festland verbunden.<\/p><p>Die Abtei Egmont verlor w\u00e4hrend der Katastrophe einen Gro\u00dfteil ihrer L\u00e4ndereien in der Region Noordkop und zog sich aus dem Gebiet zur\u00fcck. Die Inseln Callantsoog und Huisduinen wurden daraufhin von den Grafen von Holland als Lehen an einige ihrer treuen Anh\u00e4nger vergeben: Callantsoog an die Herren von Brederode und Huisduinen an die Herren von Egmont. Die Egmonts hatten zun\u00e4chst lediglich als weltliche Bedienstete der Abtei fungiert, erlangten aber zunehmend eigenst\u00e4ndige Macht. Ab 1486 f\u00fchrten sie den Grafentitel.<\/p><p>Das Wappen wurde der Gemeinde Den Helder am 20. Juni 1816 vom Hohen Adelsrat offiziell verliehen. Das Wappen von Den Helder ist somit das Ergebnis von Jagdausfl\u00fcgen der Herren und Grafen von Egmont in die Grafelijkheidsduinen.<\/p><p><em>Quelle: Kanon der Niederlande<\/em><\/p>\t\t\t\t\t\t\t\t<\/div>\n\t\t\t\t<\/div>\n\t\t\t\t<\/div>\n\t\t\t\t\t<\/div>\n\t\t\t\t<\/div>\n\t\t\t\t<\/div>","protected":false},"excerpt":{"rendered":"<p>Volg ons op social: \u00a0 \u00a0 \u00a0 \u00a0 Subtitel Het wapen van Den Helder Drie gouden kepers op een rode achtergrond, twee parels, twee smaragden en drie robijnen. Dat is het wapen van Den Helder en het is vele eeuwen ouder dan de stad zelf. Het is afgeleid van het wapen van de heren en [&hellip;]<\/p>\n","protected":false},"author":17,"featured_media":11706,"parent":11565,"menu_order":0,"comment_status":"closed","ping_status":"closed","template":"elementor_header_footer","meta":{"footnotes":""},"tags":[],"doelgroep":[],"categorie":[5677],"class_list":["post-11704","page","type-page","status-publish","has-post-thumbnail","hentry","categorie-kunst-cultuur"],"yoast_head":"<!-- This site is optimized with the Yoast SEO Premium plugin v24.7 (Yoast SEO v27.3) - https:\/\/yoast.com\/product\/yoast-seo-premium-wordpress\/ -->\n<title>Het verhaal achter het wapen van Den Helder<\/title>\n<meta name=\"description\" content=\"Ouder dan de stad zelf: ontdek hoe het wapen van Den Helder verwijst naar een eeuwenoud maritiem en cultureel verleden.\" \/>\n<meta name=\"robots\" content=\"index, follow, max-snippet:-1, max-image-preview:large, max-video-preview:-1\" \/>\n<link rel=\"canonical\" href=\"https:\/\/denhelder.online\/de\/4-und-5-mai\/die-helle-geisterstadt\/das-wappen-von-den-helder\/\" \/>\n<meta property=\"og:locale\" content=\"de_DE\" \/>\n<meta property=\"og:type\" content=\"article\" \/>\n<meta property=\"og:title\" content=\"Het wapen van Den Helder\" \/>\n<meta property=\"og:description\" content=\"Ouder dan de stad zelf: ontdek hoe het wapen van Den Helder verwijst naar een eeuwenoud maritiem en cultureel verleden.\" \/>\n<meta property=\"og:url\" content=\"https:\/\/denhelder.online\/de\/4-und-5-mai\/die-helle-geisterstadt\/das-wappen-von-den-helder\/\" \/>\n<meta property=\"og:site_name\" content=\"Den Helder Online\" \/>\n<meta property=\"article:modified_time\" content=\"2026-01-13T13:10:43+00:00\" \/>\n<meta property=\"og:image\" content=\"https:\/\/denhelder.online\/wp-content\/uploads\/2025\/06\/Wapen-van-Den-Helder.jpg\" \/>\n\t<meta property=\"og:image:width\" content=\"960\" \/>\n\t<meta property=\"og:image:height\" content=\"640\" \/>\n\t<meta property=\"og:image:type\" content=\"image\/jpeg\" \/>\n<meta name=\"twitter:card\" content=\"summary_large_image\" \/>\n<meta name=\"twitter:label1\" content=\"Gesch\u00e4tzte Lesezeit\" \/>\n\t<meta name=\"twitter:data1\" content=\"3\u00a0Minuten\" \/>\n<script type=\"application\/ld+json\" class=\"yoast-schema-graph\">{\"@context\":\"https:\\\/\\\/schema.org\",\"@graph\":[{\"@type\":\"WebPage\",\"@id\":\"https:\\\/\\\/denhelder.online\\\/4-en-5-mei\\\/den-helder-spookstad\\\/het-wapen-van-den-helder\\\/\",\"url\":\"https:\\\/\\\/denhelder.online\\\/4-en-5-mei\\\/den-helder-spookstad\\\/het-wapen-van-den-helder\\\/\",\"name\":\"Het verhaal achter het wapen van Den Helder\",\"isPartOf\":{\"@id\":\"https:\\\/\\\/denhelder.online\\\/#website\"},\"primaryImageOfPage\":{\"@id\":\"https:\\\/\\\/denhelder.online\\\/4-en-5-mei\\\/den-helder-spookstad\\\/het-wapen-van-den-helder\\\/#primaryimage\"},\"image\":{\"@id\":\"https:\\\/\\\/denhelder.online\\\/4-en-5-mei\\\/den-helder-spookstad\\\/het-wapen-van-den-helder\\\/#primaryimage\"},\"thumbnailUrl\":\"https:\\\/\\\/denhelder.online\\\/wp-content\\\/uploads\\\/2025\\\/06\\\/Wapen-van-Den-Helder.jpg\",\"datePublished\":\"2025-06-11T13:44:24+00:00\",\"dateModified\":\"2026-01-13T13:10:43+00:00\",\"description\":\"Ouder dan de stad zelf: ontdek hoe het wapen van Den Helder verwijst naar een eeuwenoud maritiem en cultureel verleden.\",\"breadcrumb\":{\"@id\":\"https:\\\/\\\/denhelder.online\\\/4-en-5-mei\\\/den-helder-spookstad\\\/het-wapen-van-den-helder\\\/#breadcrumb\"},\"inLanguage\":\"de\",\"potentialAction\":[{\"@type\":\"ReadAction\",\"target\":[\"https:\\\/\\\/denhelder.online\\\/4-en-5-mei\\\/den-helder-spookstad\\\/het-wapen-van-den-helder\\\/\"]}]},{\"@type\":\"ImageObject\",\"inLanguage\":\"de\",\"@id\":\"https:\\\/\\\/denhelder.online\\\/4-en-5-mei\\\/den-helder-spookstad\\\/het-wapen-van-den-helder\\\/#primaryimage\",\"url\":\"https:\\\/\\\/denhelder.online\\\/wp-content\\\/uploads\\\/2025\\\/06\\\/Wapen-van-Den-Helder.jpg\",\"contentUrl\":\"https:\\\/\\\/denhelder.online\\\/wp-content\\\/uploads\\\/2025\\\/06\\\/Wapen-van-Den-Helder.jpg\",\"width\":960,\"height\":640,\"caption\":\"Wapen van Den Helder Huisduinen Noordkop\"},{\"@type\":\"BreadcrumbList\",\"@id\":\"https:\\\/\\\/denhelder.online\\\/4-en-5-mei\\\/den-helder-spookstad\\\/het-wapen-van-den-helder\\\/#breadcrumb\",\"itemListElement\":[{\"@type\":\"ListItem\",\"position\":1,\"name\":\"Home\",\"item\":\"https:\\\/\\\/denhelder.online\\\/\"},{\"@type\":\"ListItem\",\"position\":2,\"name\":\"4 en 5 mei\",\"item\":\"https:\\\/\\\/denhelder.online\\\/4-en-5-mei\\\/\"},{\"@type\":\"ListItem\",\"position\":3,\"name\":\"Den Helder spookstad\",\"item\":\"https:\\\/\\\/denhelder.online\\\/4-en-5-mei\\\/den-helder-spookstad\\\/\"},{\"@type\":\"ListItem\",\"position\":4,\"name\":\"Het wapen van Den Helder\"}]},{\"@type\":\"WebSite\",\"@id\":\"https:\\\/\\\/denhelder.online\\\/#website\",\"url\":\"https:\\\/\\\/denhelder.online\\\/\",\"name\":\"Den Helder Online\",\"description\":\"Beleef Den Helder\",\"publisher\":{\"@id\":\"https:\\\/\\\/denhelder.online\\\/#organization\"},\"potentialAction\":[{\"@type\":\"SearchAction\",\"target\":{\"@type\":\"EntryPoint\",\"urlTemplate\":\"https:\\\/\\\/denhelder.online\\\/?s={search_term_string}\"},\"query-input\":{\"@type\":\"PropertyValueSpecification\",\"valueRequired\":true,\"valueName\":\"search_term_string\"}}],\"inLanguage\":\"de\"},{\"@type\":\"Organization\",\"@id\":\"https:\\\/\\\/denhelder.online\\\/#organization\",\"name\":\"Den Helder Online\",\"url\":\"https:\\\/\\\/denhelder.online\\\/\",\"logo\":{\"@type\":\"ImageObject\",\"inLanguage\":\"de\",\"@id\":\"https:\\\/\\\/denhelder.online\\\/#\\\/schema\\\/logo\\\/image\\\/\",\"url\":\"https:\\\/\\\/denhelder.online\\\/wp-content\\\/uploads\\\/2021\\\/12\\\/DitIsDH-Logo-26-tagline.svg\",\"contentUrl\":\"https:\\\/\\\/denhelder.online\\\/wp-content\\\/uploads\\\/2021\\\/12\\\/DitIsDH-Logo-26-tagline.svg\",\"width\":1717.0999999999999,\"height\":934.89999999999998,\"caption\":\"Den Helder Online\"},\"image\":{\"@id\":\"https:\\\/\\\/denhelder.online\\\/#\\\/schema\\\/logo\\\/image\\\/\"}}]}<\/script>\n<!-- \/ Yoast SEO Premium plugin. -->","yoast_head_json":{"title":"Die Geschichte hinter der Den Helder-Waffe","description":"\u00c4lter als die Stadt selbst: Entdecken Sie, wie das Wappen von Den Helder auf eine jahrhundertealte maritime und kulturelle Vergangenheit verweist.","robots":{"index":"index","follow":"follow","max-snippet":"max-snippet:-1","max-image-preview":"max-image-preview:large","max-video-preview":"max-video-preview:-1"},"canonical":"https:\/\/denhelder.online\/de\/4-und-5-mai\/die-helle-geisterstadt\/das-wappen-von-den-helder\/","og_locale":"de_DE","og_type":"article","og_title":"Het wapen van Den Helder","og_description":"Ouder dan de stad zelf: ontdek hoe het wapen van Den Helder verwijst naar een eeuwenoud maritiem en cultureel verleden.","og_url":"https:\/\/denhelder.online\/de\/4-und-5-mai\/die-helle-geisterstadt\/das-wappen-von-den-helder\/","og_site_name":"Den Helder Online","article_modified_time":"2026-01-13T13:10:43+00:00","og_image":[{"width":960,"height":640,"url":"https:\/\/denhelder.online\/wp-content\/uploads\/2025\/06\/Wapen-van-Den-Helder.jpg","type":"image\/jpeg"}],"twitter_card":"summary_large_image","twitter_misc":{"Gesch\u00e4tzte Lesezeit":"3\u00a0Minuten"},"schema":{"@context":"https:\/\/schema.org","@graph":[{"@type":"WebPage","@id":"https:\/\/denhelder.online\/4-en-5-mei\/den-helder-spookstad\/het-wapen-van-den-helder\/","url":"https:\/\/denhelder.online\/4-en-5-mei\/den-helder-spookstad\/het-wapen-van-den-helder\/","name":"Die Geschichte hinter der Den Helder-Waffe","isPartOf":{"@id":"https:\/\/denhelder.online\/#website"},"primaryImageOfPage":{"@id":"https:\/\/denhelder.online\/4-en-5-mei\/den-helder-spookstad\/het-wapen-van-den-helder\/#primaryimage"},"image":{"@id":"https:\/\/denhelder.online\/4-en-5-mei\/den-helder-spookstad\/het-wapen-van-den-helder\/#primaryimage"},"thumbnailUrl":"https:\/\/denhelder.online\/wp-content\/uploads\/2025\/06\/Wapen-van-Den-Helder.jpg","datePublished":"2025-06-11T13:44:24+00:00","dateModified":"2026-01-13T13:10:43+00:00","description":"\u00c4lter als die Stadt selbst: Entdecken Sie, wie das Wappen von Den Helder auf eine jahrhundertealte maritime und kulturelle Vergangenheit verweist.","breadcrumb":{"@id":"https:\/\/denhelder.online\/4-en-5-mei\/den-helder-spookstad\/het-wapen-van-den-helder\/#breadcrumb"},"inLanguage":"de","potentialAction":[{"@type":"ReadAction","target":["https:\/\/denhelder.online\/4-en-5-mei\/den-helder-spookstad\/het-wapen-van-den-helder\/"]}]},{"@type":"ImageObject","inLanguage":"de","@id":"https:\/\/denhelder.online\/4-en-5-mei\/den-helder-spookstad\/het-wapen-van-den-helder\/#primaryimage","url":"https:\/\/denhelder.online\/wp-content\/uploads\/2025\/06\/Wapen-van-Den-Helder.jpg","contentUrl":"https:\/\/denhelder.online\/wp-content\/uploads\/2025\/06\/Wapen-van-Den-Helder.jpg","width":960,"height":640,"caption":"Wapen van Den Helder Huisduinen Noordkop"},{"@type":"BreadcrumbList","@id":"https:\/\/denhelder.online\/4-en-5-mei\/den-helder-spookstad\/het-wapen-van-den-helder\/#breadcrumb","itemListElement":[{"@type":"ListItem","position":1,"name":"Home","item":"https:\/\/denhelder.online\/"},{"@type":"ListItem","position":2,"name":"4 en 5 mei","item":"https:\/\/denhelder.online\/4-en-5-mei\/"},{"@type":"ListItem","position":3,"name":"Den Helder spookstad","item":"https:\/\/denhelder.online\/4-en-5-mei\/den-helder-spookstad\/"},{"@type":"ListItem","position":4,"name":"Het wapen van Den Helder"}]},{"@type":"WebSite","@id":"https:\/\/denhelder.online\/#website","url":"https:\/\/denhelder.online\/","name":"Den Helder Online","description":"Erleben Sie Den Helder","publisher":{"@id":"https:\/\/denhelder.online\/#organization"},"potentialAction":[{"@type":"SearchAction","target":{"@type":"EntryPoint","urlTemplate":"https:\/\/denhelder.online\/?s={search_term_string}"},"query-input":{"@type":"PropertyValueSpecification","valueRequired":true,"valueName":"search_term_string"}}],"inLanguage":"de"},{"@type":"Organization","@id":"https:\/\/denhelder.online\/#organization","name":"Den Helder Online","url":"https:\/\/denhelder.online\/","logo":{"@type":"ImageObject","inLanguage":"de","@id":"https:\/\/denhelder.online\/#\/schema\/logo\/image\/","url":"https:\/\/denhelder.online\/wp-content\/uploads\/2021\/12\/DitIsDH-Logo-26-tagline.svg","contentUrl":"https:\/\/denhelder.online\/wp-content\/uploads\/2021\/12\/DitIsDH-Logo-26-tagline.svg","width":1717.0999999999999,"height":934.89999999999998,"caption":"Den Helder Online"},"image":{"@id":"https:\/\/denhelder.online\/#\/schema\/logo\/image\/"}}]}},"_links":{"self":[{"href":"https:\/\/denhelder.online\/de\/wp-json\/wp\/v2\/pages\/11704","targetHints":{"allow":["GET"]}}],"collection":[{"href":"https:\/\/denhelder.online\/de\/wp-json\/wp\/v2\/pages"}],"about":[{"href":"https:\/\/denhelder.online\/de\/wp-json\/wp\/v2\/types\/page"}],"author":[{"embeddable":true,"href":"https:\/\/denhelder.online\/de\/wp-json\/wp\/v2\/users\/17"}],"replies":[{"embeddable":true,"href":"https:\/\/denhelder.online\/de\/wp-json\/wp\/v2\/comments?post=11704"}],"version-history":[{"count":0,"href":"https:\/\/denhelder.online\/de\/wp-json\/wp\/v2\/pages\/11704\/revisions"}],"up":[{"embeddable":true,"href":"https:\/\/denhelder.online\/de\/wp-json\/wp\/v2\/pages\/11565"}],"wp:featuredmedia":[{"embeddable":true,"href":"https:\/\/denhelder.online\/de\/wp-json\/wp\/v2\/media\/11706"}],"wp:attachment":[{"href":"https:\/\/denhelder.online\/de\/wp-json\/wp\/v2\/media?parent=11704"}],"wp:term":[{"taxonomy":"post_tag","embeddable":true,"href":"https:\/\/denhelder.online\/de\/wp-json\/wp\/v2\/tags?post=11704"},{"taxonomy":"doelgroep","embeddable":true,"href":"https:\/\/denhelder.online\/de\/wp-json\/wp\/v2\/doelgroep?post=11704"},{"taxonomy":"categorie","embeddable":true,"href":"https:\/\/denhelder.online\/de\/wp-json\/wp\/v2\/categorie?post=11704"}],"curies":[{"name":"wp","href":"https:\/\/api.w.org\/{rel}","templated":true}]}}