{"id":11717,"date":"2025-06-11T15:54:04","date_gmt":"2025-06-11T13:54:04","guid":{"rendered":"https:\/\/denhelder.online\/?page_id=11717"},"modified":"2026-01-13T14:42:25","modified_gmt":"2026-01-13T13:42:25","slug":"was-ist-ein-ravelin","status":"publish","type":"page","link":"https:\/\/denhelder.online\/de\/4-en-5-mei\/den-helder-spookstad\/wat-is-een-ravelijn\/","title":{"rendered":"Was ist ein Ravelin?"},"content":{"rendered":"<div data-elementor-type=\"wp-page\" data-elementor-id=\"11717\" class=\"elementor elementor-11717\" data-elementor-post-type=\"page\">\n\t\t\t\t<div class=\"elementor-element elementor-element-3acdb7e9 e-flex e-con-boxed e-con e-parent\" data-id=\"3acdb7e9\" data-element_type=\"container\" data-e-type=\"container\" data-settings=\"{&quot;background_background&quot;:&quot;classic&quot;,&quot;jet_parallax_layout_list&quot;:[]}\">\n\t\t\t\t\t<div class=\"e-con-inner\">\n\t\t<div class=\"elementor-element elementor-element-69dbe8c4 e-con-full e-flex e-con e-child\" data-id=\"69dbe8c4\" data-element_type=\"container\" data-e-type=\"container\" data-settings=\"{&quot;jet_parallax_layout_list&quot;:[]}\">\n\t\t\t\t<div class=\"elementor-element elementor-element-30d671c4 elementor-widget__width-inherit elementor-widget elementor-widget-image\" data-id=\"30d671c4\" data-element_type=\"widget\" data-e-type=\"widget\" data-widget_type=\"image.default\">\n\t\t\t\t<div class=\"elementor-widget-container\">\n\t\t\t\t\t\t\t\t\t\t\t\t\t\t\t<img fetchpriority=\"high\" decoding=\"async\" width=\"720\" height=\"660\" src=\"https:\/\/denhelder.online\/wp-content\/uploads\/2025\/06\/Ravelijn.jpg\" class=\"attachment-large size-large wp-image-11587\" alt=\"Ravelin Den Helder\" srcset=\"https:\/\/denhelder.online\/wp-content\/uploads\/2025\/06\/Ravelijn.jpg 720w, https:\/\/denhelder.online\/wp-content\/uploads\/2025\/06\/Ravelijn-300x275.jpg 300w, https:\/\/denhelder.online\/wp-content\/uploads\/2025\/06\/Ravelijn-13x12.jpg 13w, https:\/\/denhelder.online\/wp-content\/uploads\/2025\/06\/Ravelijn-600x550.jpg 600w\" sizes=\"(max-width: 720px) 100vw, 720px\" \/>\t\t\t\t\t\t\t\t\t\t\t\t\t\t\t<\/div>\n\t\t\t\t<\/div>\n\t\t\t\t<\/div>\n\t\t\t\t\t<\/div>\n\t\t\t\t<\/div>\n\t\t<div class=\"elementor-element elementor-element-3e6e589e e-flex e-con-boxed e-con e-parent\" data-id=\"3e6e589e\" data-element_type=\"container\" data-e-type=\"container\" data-settings=\"{&quot;jet_parallax_layout_list&quot;:[]}\">\n\t\t\t\t\t<div class=\"e-con-inner\">\n\t\t<div class=\"elementor-element elementor-element-6e61373e e-con-full e-flex e-con e-child\" data-id=\"6e61373e\" data-element_type=\"container\" data-e-type=\"container\" data-settings=\"{&quot;jet_parallax_layout_list&quot;:[]}\">\n\t\t\t\t<div class=\"elementor-element elementor-element-d6ccf91 elementor-widget elementor-widget-breadcrumbs\" data-id=\"d6ccf91\" data-element_type=\"widget\" data-e-type=\"widget\" data-widget_type=\"breadcrumbs.default\">\n\t\t\t\t<div class=\"elementor-widget-container\">\n\t\t\t\t\t<p id=\"breadcrumbs\"><span><span><a href=\"https:\/\/denhelder.online\/de\/\">Heim<\/a><\/span><\/span><\/p>\t\t\t\t<\/div>\n\t\t\t\t<\/div>\n\t\t<div class=\"elementor-element elementor-element-6b13fe2b e-con-full e-flex e-con e-child\" data-id=\"6b13fe2b\" data-element_type=\"container\" data-e-type=\"container\" data-settings=\"{&quot;jet_parallax_layout_list&quot;:[]}\">\n\t\t\t\t<div class=\"elementor-element elementor-element-7e965fa2 elementor-widget elementor-widget-heading\" data-id=\"7e965fa2\" data-element_type=\"widget\" data-e-type=\"widget\" data-widget_type=\"heading.default\">\n\t\t\t\t<div class=\"elementor-widget-container\">\n\t\t\t\t\t<p class=\"elementor-heading-title elementor-size-default\">Folgen Sie uns in den sozialen Netzwerken:<\/p>\t\t\t\t<\/div>\n\t\t\t\t<\/div>\n\t\t\t\t<div class=\"elementor-element elementor-element-20ef02f3 elementor-icon-list--layout-inline elementor-align-end elementor-list-item-link-full_width elementor-widget elementor-widget-global elementor-global-1176 elementor-widget-icon-list\" data-id=\"20ef02f3\" data-element_type=\"widget\" data-e-type=\"widget\" data-widget_type=\"icon-list.default\">\n\t\t\t\t<div class=\"elementor-widget-container\">\n\t\t\t\t\t\t\t<ul class=\"elementor-icon-list-items elementor-inline-items\">\n\t\t\t\t\t\t\t<li class=\"elementor-icon-list-item elementor-inline-item\">\n\t\t\t\t\t\t\t\t\t\t\t<a href=\"https:\/\/www.facebook.com\/ditisdenhelder\" target=\"_blank\">\n\n\t\t\t\t\t\t\t\t\t\t\t\t<span class=\"elementor-icon-list-icon\">\n\t\t\t\t\t\t\t<i aria-hidden=\"true\" class=\"fab fa-facebook\"><\/i>\t\t\t\t\t\t<\/span>\n\t\t\t\t\t\t\t\t\t\t<span class=\"elementor-icon-list-text\"><\/span>\n\t\t\t\t\t\t\t\t\t\t\t<\/a>\n\t\t\t\t\t\t\t\t\t<\/li>\n\t\t\t\t\t\t\t\t<li class=\"elementor-icon-list-item elementor-inline-item\">\n\t\t\t\t\t\t\t\t\t\t\t<a href=\"https:\/\/www.instagram.com\/ditisdenhelder\/\" target=\"_blank\">\n\n\t\t\t\t\t\t\t\t\t\t\t\t<span class=\"elementor-icon-list-icon\">\n\t\t\t\t\t\t\t<i aria-hidden=\"true\" class=\"fab fa-instagram\"><\/i>\t\t\t\t\t\t<\/span>\n\t\t\t\t\t\t\t\t\t\t<span class=\"elementor-icon-list-text\"><\/span>\n\t\t\t\t\t\t\t\t\t\t\t<\/a>\n\t\t\t\t\t\t\t\t\t<\/li>\n\t\t\t\t\t\t\t\t<li class=\"elementor-icon-list-item elementor-inline-item\">\n\t\t\t\t\t\t\t\t\t\t\t<a href=\"https:\/\/www.youtube.com\/channel\/UCxXdcocRQwb3lDwiYBp3llg\" target=\"_blank\">\n\n\t\t\t\t\t\t\t\t\t\t\t\t<span class=\"elementor-icon-list-icon\">\n\t\t\t\t\t\t\t<i aria-hidden=\"true\" class=\"fab fa-youtube\"><\/i>\t\t\t\t\t\t<\/span>\n\t\t\t\t\t\t\t\t\t\t<span class=\"elementor-icon-list-text\"><\/span>\n\t\t\t\t\t\t\t\t\t\t\t<\/a>\n\t\t\t\t\t\t\t\t\t<\/li>\n\t\t\t\t\t\t\t\t<li class=\"elementor-icon-list-item elementor-inline-item\">\n\t\t\t\t\t\t\t\t\t\t\t<a href=\"https:\/\/www.linkedin.com\/company\/citymarketing-den-helder\" target=\"_blank\">\n\n\t\t\t\t\t\t\t\t\t\t\t\t<span class=\"elementor-icon-list-icon\">\n\t\t\t\t\t\t\t<i aria-hidden=\"true\" class=\"fab fa-linkedin-in\"><\/i>\t\t\t\t\t\t<\/span>\n\t\t\t\t\t\t\t\t\t\t<span class=\"elementor-icon-list-text\"><\/span>\n\t\t\t\t\t\t\t\t\t\t\t<\/a>\n\t\t\t\t\t\t\t\t\t<\/li>\n\t\t\t\t\t\t<\/ul>\n\t\t\t\t\t\t<\/div>\n\t\t\t\t<\/div>\n\t\t\t\t<\/div>\n\t\t\t\t<\/div>\n\t\t\t\t\t<\/div>\n\t\t\t\t<\/div>\n\t\t<div class=\"elementor-element elementor-element-720d640 e-flex e-con-boxed e-con e-parent\" data-id=\"720d640\" data-element_type=\"container\" data-e-type=\"container\" data-settings=\"{&quot;jet_parallax_layout_list&quot;:[]}\">\n\t\t\t\t\t<div class=\"e-con-inner\">\n\t\t<div class=\"elementor-element elementor-element-34707ace e-con-full e-flex e-con e-child\" data-id=\"34707ace\" data-element_type=\"container\" data-e-type=\"container\" data-settings=\"{&quot;jet_parallax_layout_list&quot;:[]}\">\n\t\t\t\t<div class=\"elementor-element elementor-element-23f01920 elementor-widget__width-inherit elementor-widget elementor-widget-heading\" data-id=\"23f01920\" data-element_type=\"widget\" data-e-type=\"widget\" data-widget_type=\"heading.default\">\n\t\t\t\t<div class=\"elementor-widget-container\">\n\t\t\t\t\t<h2 class=\"elementor-heading-title elementor-size-default\">Was ist ein Ravelin?<\/h2>\t\t\t\t<\/div>\n\t\t\t\t<\/div>\n\t\t\t\t<div class=\"elementor-element elementor-element-2bdb6cd3 elementor-widget elementor-widget-text-editor\" data-id=\"2bdb6cd3\" data-element_type=\"widget\" data-e-type=\"widget\" data-widget_type=\"text-editor.default\">\n\t\t\t\t<div class=\"elementor-widget-container\">\n\t\t\t\t\t\t\t\t\t<p>Der Ravelijnweg oder das Ravelijncenter, der Begriff \u2018Ravelijn\u2019 ist uns nicht unbekannt. Aber woher kommt dieser Name eigentlich?<br \/>Ein Ravelin ist ein Au\u00dfenwerk einer Festung oder eines Walls. Es besteht \u00fcblicherweise aus einer dreieckigen oder f\u00fcnfeckigen befestigten Insel oder einer kleinen Halbinsel, die an eine Wehrmauer angebaut ist. Oft wird das Ravelin zus\u00e4tzlich durch einen Ravelingraben gesch\u00fctzt, der sich innerhalb des Burggrabens befindet.<\/p><p>Wer jemals einen Blick auf eine Karte oder ein Luftbild von Den Helder geworfen hat, wei\u00df, dass die Stadt mit ihren markanten sternf\u00f6rmigen Anlagen in der Landschaft aufwarten kann, die zwischen 1811 und 1813 entstanden sind. Fort Dirksz Admiraal und Fort Erfprins haben ihre charakteristische Form bis heute bewahrt. In deutlich geringerem Ma\u00dfe sind auch Fort Westoever und Fort Oostoever erhalten, von denen nur noch Teile existieren.<\/p><p>Zu ihrer Errichtungszeit waren solche Verteidigungsmauern \u00e4u\u00dferst effektiv beim Schutz einer Festung. Dank Ravelinen und Bastionen (dreieckigen oder f\u00fcnfeckigen Vorbauten) gab es keine toten Winkel um eine Festung herum, sodass man von jeder Seite zur\u00fcckschie\u00dfen und gleichzeitig die eigenen Mauern im Auge behalten konnte. Mit dem Aufkommen von Flugzeugen in der Kriegsf\u00fchrung wurden solche Verteidigungsmauern jedoch zu einer \u00fcberholten Strategie.<\/p><p><img decoding=\"async\" class=\"alignnone size-medium wp-image-11587 aligncenter\" src=\"https:\/\/denhelder.online\/wp-content\/uploads\/2025\/06\/Ravelijn-300x275.jpg\" alt=\"Ravelin Den Helder\" width=\"300\" height=\"275\" srcset=\"https:\/\/denhelder.online\/wp-content\/uploads\/2025\/06\/Ravelijn-300x275.jpg 300w, https:\/\/denhelder.online\/wp-content\/uploads\/2025\/06\/Ravelijn-13x12.jpg 13w, https:\/\/denhelder.online\/wp-content\/uploads\/2025\/06\/Ravelijn-600x550.jpg 600w, https:\/\/denhelder.online\/wp-content\/uploads\/2025\/06\/Ravelijn.jpg 720w\" sizes=\"(max-width: 300px) 100vw, 300px\" \/><\/p><p><img decoding=\"async\" class=\"alignnone size-medium wp-image-11719 aligncenter\" src=\"https:\/\/denhelder.online\/wp-content\/uploads\/2025\/06\/Ravelijn-tekening-300x200.jpg\" alt=\"Ravelin Den Helder\" width=\"300\" height=\"200\" srcset=\"https:\/\/denhelder.online\/wp-content\/uploads\/2025\/06\/Ravelijn-tekening-300x200.jpg 300w, https:\/\/denhelder.online\/wp-content\/uploads\/2025\/06\/Ravelijn-tekening-768x512.jpg 768w, https:\/\/denhelder.online\/wp-content\/uploads\/2025\/06\/Ravelijn-tekening-18x12.jpg 18w, https:\/\/denhelder.online\/wp-content\/uploads\/2025\/06\/Ravelijn-tekening-600x400.jpg 600w, https:\/\/denhelder.online\/wp-content\/uploads\/2025\/06\/Ravelijn-tekening.jpg 960w\" sizes=\"(max-width: 300px) 100vw, 300px\" \/><\/p><p><span style=\"color: #808080;\"><em>Fotos: Luftaufnahme von Fort Dirksz Admiraal und Fort Erfprins von Pieter de Vries und eine \u00dcbersicht \u00fcber Stelling Den Helder \u00fcber Stichting Stelling Den Helder<\/em><\/span><\/p>\t\t\t\t\t\t\t\t<\/div>\n\t\t\t\t<\/div>\n\t\t<div class=\"elementor-element elementor-element-18a3b3f3 e-con-full e-flex e-con e-child\" data-id=\"18a3b3f3\" data-element_type=\"container\" data-e-type=\"container\" data-settings=\"{&quot;jet_parallax_layout_list&quot;:[]}\">\n\t\t\t\t<div class=\"elementor-element elementor-element-55078e67 elementor-mobile-align-justify elementor-widget-mobile__width-inherit elementor-tablet-align-justify elementor-widget elementor-widget-button\" data-id=\"55078e67\" data-element_type=\"widget\" data-e-type=\"widget\" data-widget_type=\"button.default\">\n\t\t\t\t<div class=\"elementor-widget-container\">\n\t\t\t\t\t\t\t\t\t<div class=\"elementor-button-wrapper\">\n\t\t\t\t\t<a class=\"elementor-button elementor-button-link elementor-size-sm\" href=\"#\">\n\t\t\t\t\t\t<span class=\"elementor-button-content-wrapper\">\n\t\t\t\t\t\t<span class=\"elementor-button-icon\">\n\t\t\t\t<i aria-hidden=\"true\" class=\"fas fa-chevron-right\"><\/i>\t\t\t<\/span>\n\t\t\t\t\t\t\t\t\t<span class=\"elementor-button-text\">Prim\u00e4re Schaltfl\u00e4che<\/span>\n\t\t\t\t\t<\/span>\n\t\t\t\t\t<\/a>\n\t\t\t\t<\/div>\n\t\t\t\t\t\t\t\t<\/div>\n\t\t\t\t<\/div>\n\t\t\t\t<div class=\"elementor-element elementor-element-5ae4c3b4 elementor-mobile-align-justify elementor-widget-mobile__width-inherit elementor-tablet-align-justify elementor-widget elementor-widget-button\" data-id=\"5ae4c3b4\" data-element_type=\"widget\" data-e-type=\"widget\" data-widget_type=\"button.default\">\n\t\t\t\t<div class=\"elementor-widget-container\">\n\t\t\t\t\t\t\t\t\t<div class=\"elementor-button-wrapper\">\n\t\t\t\t\t<a class=\"elementor-button elementor-button-link elementor-size-sm\" href=\"#\">\n\t\t\t\t\t\t<span class=\"elementor-button-content-wrapper\">\n\t\t\t\t\t\t<span class=\"elementor-button-icon\">\n\t\t\t\t<i aria-hidden=\"true\" class=\"fas fa-chevron-right\"><\/i>\t\t\t<\/span>\n\t\t\t\t\t\t\t\t\t<span class=\"elementor-button-text\">Sekund\u00e4rtaste<\/span>\n\t\t\t\t\t<\/span>\n\t\t\t\t\t<\/a>\n\t\t\t\t<\/div>\n\t\t\t\t\t\t\t\t<\/div>\n\t\t\t\t<\/div>\n\t\t\t\t<\/div>\n\t\t\t\t<\/div>\n\t\t\t\t\t<\/div>\n\t\t\t\t<\/div>\n\t\t\t\t<\/div>","protected":false},"excerpt":{"rendered":"<p>Volg ons op social: \u00a0 \u00a0 \u00a0 \u00a0 Wat is een Ravelijn? De Ravelijnweg of het Ravelijncenter, de term \u2018ravelijn\u2019 is op die manier ons niet onbekend. Maar waar komt deze naam eigenlijk vandaan? Een ravelijn is een buitenwerk van een vesting of een vestingmuur. Meestal bestaat dit uit een drie- of vijfhoekig versterkt eiland [&hellip;]<\/p>\n","protected":false},"author":17,"featured_media":12667,"parent":11565,"menu_order":0,"comment_status":"closed","ping_status":"closed","template":"elementor_header_footer","meta":{"footnotes":""},"tags":[],"doelgroep":[],"categorie":[5677],"class_list":["post-11717","page","type-page","status-publish","has-post-thumbnail","hentry","categorie-kunst-cultuur"],"yoast_head":"<!-- This site is optimized with the Yoast SEO Premium plugin v24.7 (Yoast SEO v27.3) - https:\/\/yoast.com\/product\/yoast-seo-premium-wordpress\/ -->\n<title>Vestingbouw als kunstvorm in Den Helder<\/title>\n<meta name=\"description\" content=\"Ga terug in de tijd met de ravelijnen van Den Helder \u2013 plekken waar geometrie, tactiek en schoonheid samenkomen.\" \/>\n<meta name=\"robots\" content=\"index, follow, max-snippet:-1, max-image-preview:large, max-video-preview:-1\" \/>\n<link rel=\"canonical\" href=\"https:\/\/denhelder.online\/de\/4-en-5-mei\/die-helle-geisterstadt\/was-ist-ein-ravelin\/\" \/>\n<meta property=\"og:locale\" content=\"de_DE\" \/>\n<meta property=\"og:type\" content=\"article\" \/>\n<meta property=\"og:title\" content=\"Wat is een Ravelijn?\" \/>\n<meta property=\"og:description\" content=\"Ga terug in de tijd met de ravelijnen van Den Helder \u2013 plekken waar geometrie, tactiek en schoonheid samenkomen.\" \/>\n<meta property=\"og:url\" content=\"https:\/\/denhelder.online\/de\/4-en-5-mei\/die-helle-geisterstadt\/was-ist-ein-ravelin\/\" \/>\n<meta property=\"og:site_name\" content=\"Den Helder Online\" \/>\n<meta property=\"article:modified_time\" content=\"2026-01-13T13:42:25+00:00\" \/>\n<meta property=\"og:image\" content=\"https:\/\/denhelder.online\/wp-content\/uploads\/2025\/07\/Stelling-Den-Helder-2.jpg\" \/>\n\t<meta property=\"og:image:width\" content=\"720\" \/>\n\t<meta property=\"og:image:height\" content=\"660\" \/>\n\t<meta property=\"og:image:type\" content=\"image\/jpeg\" \/>\n<meta name=\"twitter:card\" content=\"summary_large_image\" \/>\n<meta name=\"twitter:label1\" content=\"Gesch\u00e4tzte Lesezeit\" \/>\n\t<meta name=\"twitter:data1\" content=\"2\u00a0Minuten\" \/>\n<script type=\"application\/ld+json\" class=\"yoast-schema-graph\">{\"@context\":\"https:\\\/\\\/schema.org\",\"@graph\":[{\"@type\":\"WebPage\",\"@id\":\"https:\\\/\\\/denhelder.online\\\/4-en-5-mei\\\/den-helder-spookstad\\\/wat-is-een-ravelijn\\\/\",\"url\":\"https:\\\/\\\/denhelder.online\\\/4-en-5-mei\\\/den-helder-spookstad\\\/wat-is-een-ravelijn\\\/\",\"name\":\"Vestingbouw als kunstvorm in Den Helder\",\"isPartOf\":{\"@id\":\"https:\\\/\\\/denhelder.online\\\/#website\"},\"primaryImageOfPage\":{\"@id\":\"https:\\\/\\\/denhelder.online\\\/4-en-5-mei\\\/den-helder-spookstad\\\/wat-is-een-ravelijn\\\/#primaryimage\"},\"image\":{\"@id\":\"https:\\\/\\\/denhelder.online\\\/4-en-5-mei\\\/den-helder-spookstad\\\/wat-is-een-ravelijn\\\/#primaryimage\"},\"thumbnailUrl\":\"https:\\\/\\\/denhelder.online\\\/wp-content\\\/uploads\\\/2025\\\/07\\\/Stelling-Den-Helder-2.jpg\",\"datePublished\":\"2025-06-11T13:54:04+00:00\",\"dateModified\":\"2026-01-13T13:42:25+00:00\",\"description\":\"Ga terug in de tijd met de ravelijnen van Den Helder \u2013 plekken waar geometrie, tactiek en schoonheid samenkomen.\",\"breadcrumb\":{\"@id\":\"https:\\\/\\\/denhelder.online\\\/4-en-5-mei\\\/den-helder-spookstad\\\/wat-is-een-ravelijn\\\/#breadcrumb\"},\"inLanguage\":\"de\",\"potentialAction\":[{\"@type\":\"ReadAction\",\"target\":[\"https:\\\/\\\/denhelder.online\\\/4-en-5-mei\\\/den-helder-spookstad\\\/wat-is-een-ravelijn\\\/\"]}]},{\"@type\":\"ImageObject\",\"inLanguage\":\"de\",\"@id\":\"https:\\\/\\\/denhelder.online\\\/4-en-5-mei\\\/den-helder-spookstad\\\/wat-is-een-ravelijn\\\/#primaryimage\",\"url\":\"https:\\\/\\\/denhelder.online\\\/wp-content\\\/uploads\\\/2025\\\/07\\\/Stelling-Den-Helder-2.jpg\",\"contentUrl\":\"https:\\\/\\\/denhelder.online\\\/wp-content\\\/uploads\\\/2025\\\/07\\\/Stelling-Den-Helder-2.jpg\",\"width\":720,\"height\":660,\"caption\":\"Stelling Den Helder\"},{\"@type\":\"BreadcrumbList\",\"@id\":\"https:\\\/\\\/denhelder.online\\\/4-en-5-mei\\\/den-helder-spookstad\\\/wat-is-een-ravelijn\\\/#breadcrumb\",\"itemListElement\":[{\"@type\":\"ListItem\",\"position\":1,\"name\":\"Home\",\"item\":\"https:\\\/\\\/denhelder.online\\\/\"},{\"@type\":\"ListItem\",\"position\":2,\"name\":\"4 en 5 mei\",\"item\":\"https:\\\/\\\/denhelder.online\\\/4-en-5-mei\\\/\"},{\"@type\":\"ListItem\",\"position\":3,\"name\":\"Den Helder spookstad\",\"item\":\"https:\\\/\\\/denhelder.online\\\/4-en-5-mei\\\/den-helder-spookstad\\\/\"},{\"@type\":\"ListItem\",\"position\":4,\"name\":\"Wat is een Ravelijn?\"}]},{\"@type\":\"WebSite\",\"@id\":\"https:\\\/\\\/denhelder.online\\\/#website\",\"url\":\"https:\\\/\\\/denhelder.online\\\/\",\"name\":\"Den Helder Online\",\"description\":\"Beleef Den Helder\",\"publisher\":{\"@id\":\"https:\\\/\\\/denhelder.online\\\/#organization\"},\"potentialAction\":[{\"@type\":\"SearchAction\",\"target\":{\"@type\":\"EntryPoint\",\"urlTemplate\":\"https:\\\/\\\/denhelder.online\\\/?s={search_term_string}\"},\"query-input\":{\"@type\":\"PropertyValueSpecification\",\"valueRequired\":true,\"valueName\":\"search_term_string\"}}],\"inLanguage\":\"de\"},{\"@type\":\"Organization\",\"@id\":\"https:\\\/\\\/denhelder.online\\\/#organization\",\"name\":\"Den Helder Online\",\"url\":\"https:\\\/\\\/denhelder.online\\\/\",\"logo\":{\"@type\":\"ImageObject\",\"inLanguage\":\"de\",\"@id\":\"https:\\\/\\\/denhelder.online\\\/#\\\/schema\\\/logo\\\/image\\\/\",\"url\":\"https:\\\/\\\/denhelder.online\\\/wp-content\\\/uploads\\\/2021\\\/12\\\/DitIsDH-Logo-26-tagline.svg\",\"contentUrl\":\"https:\\\/\\\/denhelder.online\\\/wp-content\\\/uploads\\\/2021\\\/12\\\/DitIsDH-Logo-26-tagline.svg\",\"width\":1717.0999999999999,\"height\":934.89999999999998,\"caption\":\"Den Helder Online\"},\"image\":{\"@id\":\"https:\\\/\\\/denhelder.online\\\/#\\\/schema\\\/logo\\\/image\\\/\"}}]}<\/script>\n<!-- \/ Yoast SEO Premium plugin. -->","yoast_head_json":{"title":"Festungsbau als Kunstform in Den Helder","description":"Begeben Sie sich mit den Den Helder-Ravelins auf eine Zeitreise \u2013 Orte, an denen Geometrie, Taktik und Sch\u00f6nheit aufeinandertreffen.","robots":{"index":"index","follow":"follow","max-snippet":"max-snippet:-1","max-image-preview":"max-image-preview:large","max-video-preview":"max-video-preview:-1"},"canonical":"https:\/\/denhelder.online\/de\/4-en-5-mei\/die-helle-geisterstadt\/was-ist-ein-ravelin\/","og_locale":"de_DE","og_type":"article","og_title":"Wat is een Ravelijn?","og_description":"Ga terug in de tijd met de ravelijnen van Den Helder \u2013 plekken waar geometrie, tactiek en schoonheid samenkomen.","og_url":"https:\/\/denhelder.online\/de\/4-en-5-mei\/die-helle-geisterstadt\/was-ist-ein-ravelin\/","og_site_name":"Den Helder Online","article_modified_time":"2026-01-13T13:42:25+00:00","og_image":[{"width":720,"height":660,"url":"https:\/\/denhelder.online\/wp-content\/uploads\/2025\/07\/Stelling-Den-Helder-2.jpg","type":"image\/jpeg"}],"twitter_card":"summary_large_image","twitter_misc":{"Gesch\u00e4tzte Lesezeit":"2\u00a0Minuten"},"schema":{"@context":"https:\/\/schema.org","@graph":[{"@type":"WebPage","@id":"https:\/\/denhelder.online\/4-en-5-mei\/den-helder-spookstad\/wat-is-een-ravelijn\/","url":"https:\/\/denhelder.online\/4-en-5-mei\/den-helder-spookstad\/wat-is-een-ravelijn\/","name":"Festungsbau als Kunstform in Den Helder","isPartOf":{"@id":"https:\/\/denhelder.online\/#website"},"primaryImageOfPage":{"@id":"https:\/\/denhelder.online\/4-en-5-mei\/den-helder-spookstad\/wat-is-een-ravelijn\/#primaryimage"},"image":{"@id":"https:\/\/denhelder.online\/4-en-5-mei\/den-helder-spookstad\/wat-is-een-ravelijn\/#primaryimage"},"thumbnailUrl":"https:\/\/denhelder.online\/wp-content\/uploads\/2025\/07\/Stelling-Den-Helder-2.jpg","datePublished":"2025-06-11T13:54:04+00:00","dateModified":"2026-01-13T13:42:25+00:00","description":"Begeben Sie sich mit den Den Helder-Ravelins auf eine Zeitreise \u2013 Orte, an denen Geometrie, Taktik und Sch\u00f6nheit aufeinandertreffen.","breadcrumb":{"@id":"https:\/\/denhelder.online\/4-en-5-mei\/den-helder-spookstad\/wat-is-een-ravelijn\/#breadcrumb"},"inLanguage":"de","potentialAction":[{"@type":"ReadAction","target":["https:\/\/denhelder.online\/4-en-5-mei\/den-helder-spookstad\/wat-is-een-ravelijn\/"]}]},{"@type":"ImageObject","inLanguage":"de","@id":"https:\/\/denhelder.online\/4-en-5-mei\/den-helder-spookstad\/wat-is-een-ravelijn\/#primaryimage","url":"https:\/\/denhelder.online\/wp-content\/uploads\/2025\/07\/Stelling-Den-Helder-2.jpg","contentUrl":"https:\/\/denhelder.online\/wp-content\/uploads\/2025\/07\/Stelling-Den-Helder-2.jpg","width":720,"height":660,"caption":"Stelling Den Helder"},{"@type":"BreadcrumbList","@id":"https:\/\/denhelder.online\/4-en-5-mei\/den-helder-spookstad\/wat-is-een-ravelijn\/#breadcrumb","itemListElement":[{"@type":"ListItem","position":1,"name":"Home","item":"https:\/\/denhelder.online\/"},{"@type":"ListItem","position":2,"name":"4 en 5 mei","item":"https:\/\/denhelder.online\/4-en-5-mei\/"},{"@type":"ListItem","position":3,"name":"Den Helder spookstad","item":"https:\/\/denhelder.online\/4-en-5-mei\/den-helder-spookstad\/"},{"@type":"ListItem","position":4,"name":"Wat is een Ravelijn?"}]},{"@type":"WebSite","@id":"https:\/\/denhelder.online\/#website","url":"https:\/\/denhelder.online\/","name":"Den Helder Online","description":"Erleben Sie Den Helder","publisher":{"@id":"https:\/\/denhelder.online\/#organization"},"potentialAction":[{"@type":"SearchAction","target":{"@type":"EntryPoint","urlTemplate":"https:\/\/denhelder.online\/?s={search_term_string}"},"query-input":{"@type":"PropertyValueSpecification","valueRequired":true,"valueName":"search_term_string"}}],"inLanguage":"de"},{"@type":"Organization","@id":"https:\/\/denhelder.online\/#organization","name":"Den Helder Online","url":"https:\/\/denhelder.online\/","logo":{"@type":"ImageObject","inLanguage":"de","@id":"https:\/\/denhelder.online\/#\/schema\/logo\/image\/","url":"https:\/\/denhelder.online\/wp-content\/uploads\/2021\/12\/DitIsDH-Logo-26-tagline.svg","contentUrl":"https:\/\/denhelder.online\/wp-content\/uploads\/2021\/12\/DitIsDH-Logo-26-tagline.svg","width":1717.0999999999999,"height":934.89999999999998,"caption":"Den Helder Online"},"image":{"@id":"https:\/\/denhelder.online\/#\/schema\/logo\/image\/"}}]}},"_links":{"self":[{"href":"https:\/\/denhelder.online\/de\/wp-json\/wp\/v2\/pages\/11717","targetHints":{"allow":["GET"]}}],"collection":[{"href":"https:\/\/denhelder.online\/de\/wp-json\/wp\/v2\/pages"}],"about":[{"href":"https:\/\/denhelder.online\/de\/wp-json\/wp\/v2\/types\/page"}],"author":[{"embeddable":true,"href":"https:\/\/denhelder.online\/de\/wp-json\/wp\/v2\/users\/17"}],"replies":[{"embeddable":true,"href":"https:\/\/denhelder.online\/de\/wp-json\/wp\/v2\/comments?post=11717"}],"version-history":[{"count":0,"href":"https:\/\/denhelder.online\/de\/wp-json\/wp\/v2\/pages\/11717\/revisions"}],"up":[{"embeddable":true,"href":"https:\/\/denhelder.online\/de\/wp-json\/wp\/v2\/pages\/11565"}],"wp:featuredmedia":[{"embeddable":true,"href":"https:\/\/denhelder.online\/de\/wp-json\/wp\/v2\/media\/12667"}],"wp:attachment":[{"href":"https:\/\/denhelder.online\/de\/wp-json\/wp\/v2\/media?parent=11717"}],"wp:term":[{"taxonomy":"post_tag","embeddable":true,"href":"https:\/\/denhelder.online\/de\/wp-json\/wp\/v2\/tags?post=11717"},{"taxonomy":"doelgroep","embeddable":true,"href":"https:\/\/denhelder.online\/de\/wp-json\/wp\/v2\/doelgroep?post=11717"},{"taxonomy":"categorie","embeddable":true,"href":"https:\/\/denhelder.online\/de\/wp-json\/wp\/v2\/categorie?post=11717"}],"curies":[{"name":"wp","href":"https:\/\/api.w.org\/{rel}","templated":true}]}}