{"id":11774,"date":"2025-06-12T15:09:39","date_gmt":"2025-06-12T13:09:39","guid":{"rendered":"https:\/\/denhelder.online\/?page_id=11774"},"modified":"2026-01-15T09:50:56","modified_gmt":"2026-01-15T08:50:56","slug":"farbenfrohes-julianadorp","status":"publish","type":"page","link":"https:\/\/denhelder.online\/de\/julianadorp\/kleurrijk-julianadorp\/","title":{"rendered":"Farbenfrohes Julianadorp"},"content":{"rendered":"<div data-elementor-type=\"wp-page\" data-elementor-id=\"11774\" class=\"elementor elementor-11774\" data-elementor-post-type=\"page\">\n\t\t\t\t<div class=\"elementor-element elementor-element-48e1dfa7 e-flex e-con-boxed e-con e-parent\" data-id=\"48e1dfa7\" data-element_type=\"container\" data-e-type=\"container\" data-settings=\"{&quot;jet_parallax_layout_list&quot;:[]}\">\n\t\t\t\t\t<div class=\"e-con-inner\">\n\t\t<div class=\"elementor-element elementor-element-18b7bd61 e-con-full e-flex e-con e-child\" data-id=\"18b7bd61\" data-element_type=\"container\" data-e-type=\"container\" data-settings=\"{&quot;jet_parallax_layout_list&quot;:[]}\">\n\t\t\t\t<div class=\"elementor-element elementor-element-55ceeaab elementor-widget__width-inherit elementor-widget elementor-widget-heading\" data-id=\"55ceeaab\" data-element_type=\"widget\" data-e-type=\"widget\" data-widget_type=\"heading.default\">\n\t\t\t\t<div class=\"elementor-widget-container\">\n\t\t\t\t\t<span class=\"elementor-heading-title elementor-size-default\">April in Julianadorp: Fr\u00fchling inmitten der Blumenzwiebelfelder <\/span>\t\t\t\t<\/div>\n\t\t\t\t<\/div>\n\t\t\t\t<div class=\"elementor-element elementor-element-7aae3988 elementor-widget__width-inherit elementor-widget elementor-widget-heading\" data-id=\"7aae3988\" data-element_type=\"widget\" data-e-type=\"widget\" data-widget_type=\"heading.default\">\n\t\t\t\t<div class=\"elementor-widget-container\">\n\t\t\t\t\t<h2 class=\"elementor-heading-title elementor-size-default\">Farbenfrohes Julianadorp<\/h2>\t\t\t\t<\/div>\n\t\t\t\t<\/div>\n\t\t\t\t<div class=\"elementor-element elementor-element-37b01ba3 elementor-widget elementor-widget-text-editor\" data-id=\"37b01ba3\" data-element_type=\"widget\" data-e-type=\"widget\" data-widget_type=\"text-editor.default\">\n\t\t\t\t<div class=\"elementor-widget-container\">\n\t\t\t\t\t\t\t\t\t<h2 data-start=\"189\" data-end=\"249\">\u00a0<\/h2><p data-start=\"251\" data-end=\"595\">Im April zeigt sich Julianadorp von seiner sch\u00f6nsten Seite. Das K\u00fcstendorf liegt im Herzen des gr\u00f6\u00dften zusammenh\u00e4ngenden Blumenzwiebelgebiets der Welt. Sobald die Blumen bl\u00fchen, verwandelt sich die Landschaft in ein lebendiges Gem\u00e4lde. Stellen Sie sich endlose Reihen von Tulpen, Narzissen und Hyazinthen vor \u2013 mit den D\u00fcnen im Hintergrund oder als atemberaubender Anblick vom h\u00f6chsten D\u00fcnenpfad.<\/p><h3 data-start=\"597\" data-end=\"639\">Lass dich von den Blumen inspirieren<\/h3><p data-start=\"640\" data-end=\"1009\">Im April steht Julianadorp ganz im Zeichen von Kreativit\u00e4t und Staunen. Beim \u201eKleurelijk Julianadorp\u201c (Farbenfrohes Julianadorp) erwartet Sie ein abwechslungsreiches Programm. Malen Sie inmitten der Felder, unternehmen Sie Wanderungen an speziellen Wandertagen, lernen Sie, Blumenarrangements mit frischen Blumenzwiebeln zu gestalten, halten Sie den Fr\u00fchling in einem Fotoworkshop fest oder genie\u00dfen Sie ein Abendessen inmitten von Blumen \u2013 ein Erlebnis f\u00fcr alle Sinne.<\/p><h3 data-start=\"1011\" data-end=\"1042\">Erleben Sie die Jahreszeit bewusst<\/h3><p data-start=\"1043\" data-end=\"1244\">Ob Sie Ruhe, Ausdrucksm\u00f6glichkeiten oder die Verbundenheit mit der Natur suchen \u2013 in Julianadorp werden Sie f\u00fcndig. Kommen Sie allein, mit Freunden oder mit Ihrer Kamera und lassen Sie sich vom Rhythmus der Jahreszeiten \u00fcberraschen.<\/p><p data-start=\"1043\" data-end=\"1244\">\u00a0<\/p>\t\t\t\t\t\t\t\t<\/div>\n\t\t\t\t<\/div>\n\t\t<div class=\"elementor-element elementor-element-56c22a1c e-con-full e-flex e-con e-child\" data-id=\"56c22a1c\" data-element_type=\"container\" data-e-type=\"container\" data-settings=\"{&quot;jet_parallax_layout_list&quot;:[]}\">\n\t\t\t\t<div class=\"elementor-element elementor-element-1f98ad8f elementor-mobile-align-justify elementor-widget-mobile__width-inherit elementor-tablet-align-justify elementor-widget elementor-widget-button\" data-id=\"1f98ad8f\" data-element_type=\"widget\" data-e-type=\"widget\" data-widget_type=\"button.default\">\n\t\t\t\t<div class=\"elementor-widget-container\">\n\t\t\t\t\t\t\t\t\t<div class=\"elementor-button-wrapper\">\n\t\t\t\t\t<a class=\"elementor-button elementor-button-link elementor-size-sm\" href=\"https:\/\/kleurrijkjulianadorp.nl\/\">\n\t\t\t\t\t\t<span class=\"elementor-button-content-wrapper\">\n\t\t\t\t\t\t<span class=\"elementor-button-icon\">\n\t\t\t\t<i aria-hidden=\"true\" class=\"fas fa-chevron-right\"><\/i>\t\t\t<\/span>\n\t\t\t\t\t\t\t\t\t<span class=\"elementor-button-text\">Das vollst\u00e4ndige Programm finden Sie hier.<\/span>\n\t\t\t\t\t<\/span>\n\t\t\t\t\t<\/a>\n\t\t\t\t<\/div>\n\t\t\t\t\t\t\t\t<\/div>\n\t\t\t\t<\/div>\n\t\t\t\t<\/div>\n\t\t\t\t<\/div>\n\t\t<div class=\"elementor-element elementor-element-e0ffd92 e-con-full e-flex e-con e-child\" data-id=\"e0ffd92\" data-element_type=\"container\" data-e-type=\"container\" data-settings=\"{&quot;jet_parallax_layout_list&quot;:[]}\">\n\t\t\t\t<div class=\"elementor-element elementor-element-48c44c12 elementor-widget elementor-widget-image\" data-id=\"48c44c12\" data-element_type=\"widget\" data-e-type=\"widget\" data-widget_type=\"image.default\">\n\t\t\t\t<div class=\"elementor-widget-container\">\n\t\t\t\t\t\t\t\t\t\t\t\t\t\t\t<img fetchpriority=\"high\" decoding=\"async\" width=\"800\" height=\"534\" src=\"https:\/\/denhelder.online\/wp-content\/uploads\/2025\/06\/Kleurrijk-Julianadorp-1024x683.jpg\" class=\"attachment-large size-large wp-image-11777\" alt=\"Ein Spaziergang im farbenfrohen Julianadorp in der N\u00e4he der Blumenzwiebelfelder, die von April bis Mai bl\u00fchen.\" srcset=\"https:\/\/denhelder.online\/wp-content\/uploads\/2025\/06\/Kleurrijk-Julianadorp-1024x683.jpg 1024w, https:\/\/denhelder.online\/wp-content\/uploads\/2025\/06\/Kleurrijk-Julianadorp-300x200.jpg 300w, https:\/\/denhelder.online\/wp-content\/uploads\/2025\/06\/Kleurrijk-Julianadorp-768x512.jpg 768w, https:\/\/denhelder.online\/wp-content\/uploads\/2025\/06\/Kleurrijk-Julianadorp-18x12.jpg 18w, https:\/\/denhelder.online\/wp-content\/uploads\/2025\/06\/Kleurrijk-Julianadorp-600x400.jpg 600w, https:\/\/denhelder.online\/wp-content\/uploads\/2025\/06\/Kleurrijk-Julianadorp.jpg 1279w\" sizes=\"(max-width: 800px) 100vw, 800px\" \/>\t\t\t\t\t\t\t\t\t\t\t\t\t\t\t<\/div>\n\t\t\t\t<\/div>\n\t\t\t\t<\/div>\n\t\t\t\t\t<\/div>\n\t\t\t\t<\/div>\n\t\t\t\t<\/div>","protected":false},"excerpt":{"rendered":"<p>April in Julianadorp: lente tussen de bollenvelden Kleurrijk Julianadorp April kleurt Julianadorp op z\u2019n mooist. Dit kustdorp ligt midden in het grootste aaneengesloten bloembollengebied ter wereld. Zodra de bloemen in bloei staan, verandert het landschap in een levend schilderij. Denk: eindeloze rijen tulpen, narcissen en hyacinten \u2013 met de duinen op de achtergrond of juist [&hellip;]<\/p>\n","protected":false},"author":14,"featured_media":16321,"parent":11738,"menu_order":0,"comment_status":"closed","ping_status":"closed","template":"elementor_canvas","meta":{"footnotes":""},"tags":[],"doelgroep":[],"categorie":[],"class_list":["post-11774","page","type-page","status-publish","has-post-thumbnail","hentry"],"yoast_head":"<!-- This site is optimized with the Yoast SEO Premium plugin v24.7 (Yoast SEO v27.3) - https:\/\/yoast.com\/product\/yoast-seo-premium-wordpress\/ -->\n<title>Kleurrijk Julianadorp: lente tussen de bloemen en de bollenvelden<\/title>\n<meta name=\"description\" content=\"Ervaar de bloeiende bollenvelden in Julianadorp met creatieve workshops, wandelingen en unieke buitenactiviteiten.\" \/>\n<meta name=\"robots\" content=\"index, follow, max-snippet:-1, max-image-preview:large, max-video-preview:-1\" \/>\n<link rel=\"canonical\" href=\"https:\/\/denhelder.online\/de\/julianadorp\/farbenfrohes-julianadorp\/\" \/>\n<meta property=\"og:locale\" content=\"de_DE\" \/>\n<meta property=\"og:type\" content=\"article\" \/>\n<meta property=\"og:title\" content=\"Kleurrijk Julianadorp\" \/>\n<meta property=\"og:description\" content=\"Ervaar de bloeiende bollenvelden in Julianadorp met creatieve workshops, wandelingen en unieke buitenactiviteiten.\" \/>\n<meta property=\"og:url\" content=\"https:\/\/denhelder.online\/de\/julianadorp\/farbenfrohes-julianadorp\/\" \/>\n<meta property=\"og:site_name\" content=\"Den Helder Online\" \/>\n<meta property=\"article:modified_time\" content=\"2026-01-15T08:50:56+00:00\" \/>\n<meta property=\"og:image\" content=\"https:\/\/denhelder.online\/wp-content\/uploads\/2025\/11\/kleurrijk-wandelen-bollenvelden-3.jpg\" \/>\n\t<meta property=\"og:image:width\" content=\"1279\" \/>\n\t<meta property=\"og:image:height\" content=\"853\" \/>\n\t<meta property=\"og:image:type\" content=\"image\/jpeg\" \/>\n<meta name=\"twitter:card\" content=\"summary_large_image\" \/>\n<meta name=\"twitter:label1\" content=\"Gesch\u00e4tzte Lesezeit\" \/>\n\t<meta name=\"twitter:data1\" content=\"2\u00a0Minuten\" \/>\n<script type=\"application\/ld+json\" class=\"yoast-schema-graph\">{\"@context\":\"https:\\\/\\\/schema.org\",\"@graph\":[{\"@type\":\"WebPage\",\"@id\":\"https:\\\/\\\/denhelder.online\\\/julianadorp\\\/kleurrijk-julianadorp\\\/\",\"url\":\"https:\\\/\\\/denhelder.online\\\/julianadorp\\\/kleurrijk-julianadorp\\\/\",\"name\":\"Kleurrijk Julianadorp: lente tussen de bloemen en de bollenvelden\",\"isPartOf\":{\"@id\":\"https:\\\/\\\/denhelder.online\\\/#website\"},\"primaryImageOfPage\":{\"@id\":\"https:\\\/\\\/denhelder.online\\\/julianadorp\\\/kleurrijk-julianadorp\\\/#primaryimage\"},\"image\":{\"@id\":\"https:\\\/\\\/denhelder.online\\\/julianadorp\\\/kleurrijk-julianadorp\\\/#primaryimage\"},\"thumbnailUrl\":\"https:\\\/\\\/denhelder.online\\\/wp-content\\\/uploads\\\/2025\\\/11\\\/kleurrijk-wandelen-bollenvelden-3.jpg\",\"datePublished\":\"2025-06-12T13:09:39+00:00\",\"dateModified\":\"2026-01-15T08:50:56+00:00\",\"description\":\"Ervaar de bloeiende bollenvelden in Julianadorp met creatieve workshops, wandelingen en unieke buitenactiviteiten.\",\"breadcrumb\":{\"@id\":\"https:\\\/\\\/denhelder.online\\\/julianadorp\\\/kleurrijk-julianadorp\\\/#breadcrumb\"},\"inLanguage\":\"de\",\"potentialAction\":[{\"@type\":\"ReadAction\",\"target\":[\"https:\\\/\\\/denhelder.online\\\/julianadorp\\\/kleurrijk-julianadorp\\\/\"]}]},{\"@type\":\"ImageObject\",\"inLanguage\":\"de\",\"@id\":\"https:\\\/\\\/denhelder.online\\\/julianadorp\\\/kleurrijk-julianadorp\\\/#primaryimage\",\"url\":\"https:\\\/\\\/denhelder.online\\\/wp-content\\\/uploads\\\/2025\\\/11\\\/kleurrijk-wandelen-bollenvelden-3.jpg\",\"contentUrl\":\"https:\\\/\\\/denhelder.online\\\/wp-content\\\/uploads\\\/2025\\\/11\\\/kleurrijk-wandelen-bollenvelden-3.jpg\",\"width\":1279,\"height\":853,\"caption\":\"Kleurrijk Julianadorp Wandeldag door de bollenvelden\"},{\"@type\":\"BreadcrumbList\",\"@id\":\"https:\\\/\\\/denhelder.online\\\/julianadorp\\\/kleurrijk-julianadorp\\\/#breadcrumb\",\"itemListElement\":[{\"@type\":\"ListItem\",\"position\":1,\"name\":\"Home\",\"item\":\"https:\\\/\\\/denhelder.online\\\/\"},{\"@type\":\"ListItem\",\"position\":2,\"name\":\"Julianadorp\",\"item\":\"https:\\\/\\\/denhelder.online\\\/julianadorp\\\/\"},{\"@type\":\"ListItem\",\"position\":3,\"name\":\"Kleurrijk Julianadorp\"}]},{\"@type\":\"WebSite\",\"@id\":\"https:\\\/\\\/denhelder.online\\\/#website\",\"url\":\"https:\\\/\\\/denhelder.online\\\/\",\"name\":\"Den Helder Online\",\"description\":\"Beleef Den Helder\",\"publisher\":{\"@id\":\"https:\\\/\\\/denhelder.online\\\/#organization\"},\"potentialAction\":[{\"@type\":\"SearchAction\",\"target\":{\"@type\":\"EntryPoint\",\"urlTemplate\":\"https:\\\/\\\/denhelder.online\\\/?s={search_term_string}\"},\"query-input\":{\"@type\":\"PropertyValueSpecification\",\"valueRequired\":true,\"valueName\":\"search_term_string\"}}],\"inLanguage\":\"de\"},{\"@type\":\"Organization\",\"@id\":\"https:\\\/\\\/denhelder.online\\\/#organization\",\"name\":\"Den Helder Online\",\"url\":\"https:\\\/\\\/denhelder.online\\\/\",\"logo\":{\"@type\":\"ImageObject\",\"inLanguage\":\"de\",\"@id\":\"https:\\\/\\\/denhelder.online\\\/#\\\/schema\\\/logo\\\/image\\\/\",\"url\":\"https:\\\/\\\/denhelder.online\\\/wp-content\\\/uploads\\\/2021\\\/12\\\/DitIsDH-Logo-26-tagline.svg\",\"contentUrl\":\"https:\\\/\\\/denhelder.online\\\/wp-content\\\/uploads\\\/2021\\\/12\\\/DitIsDH-Logo-26-tagline.svg\",\"width\":1717.0999999999999,\"height\":934.89999999999998,\"caption\":\"Den Helder Online\"},\"image\":{\"@id\":\"https:\\\/\\\/denhelder.online\\\/#\\\/schema\\\/logo\\\/image\\\/\"}}]}<\/script>\n<!-- \/ Yoast SEO Premium plugin. -->","yoast_head_json":{"title":"Farbenfrohes Julianadorp: Fr\u00fchling inmitten von Blumen und Zwiebelfeldern","description":"Erleben Sie die bl\u00fchenden Blumenzwiebelfelder in Julianadorp mit kreativen Workshops, Spazierg\u00e4ngen und einzigartigen Outdoor-Aktivit\u00e4ten.","robots":{"index":"index","follow":"follow","max-snippet":"max-snippet:-1","max-image-preview":"max-image-preview:large","max-video-preview":"max-video-preview:-1"},"canonical":"https:\/\/denhelder.online\/de\/julianadorp\/farbenfrohes-julianadorp\/","og_locale":"de_DE","og_type":"article","og_title":"Kleurrijk Julianadorp","og_description":"Ervaar de bloeiende bollenvelden in Julianadorp met creatieve workshops, wandelingen en unieke buitenactiviteiten.","og_url":"https:\/\/denhelder.online\/de\/julianadorp\/farbenfrohes-julianadorp\/","og_site_name":"Den Helder Online","article_modified_time":"2026-01-15T08:50:56+00:00","og_image":[{"width":1279,"height":853,"url":"https:\/\/denhelder.online\/wp-content\/uploads\/2025\/11\/kleurrijk-wandelen-bollenvelden-3.jpg","type":"image\/jpeg"}],"twitter_card":"summary_large_image","twitter_misc":{"Gesch\u00e4tzte Lesezeit":"2\u00a0Minuten"},"schema":{"@context":"https:\/\/schema.org","@graph":[{"@type":"WebPage","@id":"https:\/\/denhelder.online\/julianadorp\/kleurrijk-julianadorp\/","url":"https:\/\/denhelder.online\/julianadorp\/kleurrijk-julianadorp\/","name":"Farbenfrohes Julianadorp: Fr\u00fchling inmitten von Blumen und Zwiebelfeldern","isPartOf":{"@id":"https:\/\/denhelder.online\/#website"},"primaryImageOfPage":{"@id":"https:\/\/denhelder.online\/julianadorp\/kleurrijk-julianadorp\/#primaryimage"},"image":{"@id":"https:\/\/denhelder.online\/julianadorp\/kleurrijk-julianadorp\/#primaryimage"},"thumbnailUrl":"https:\/\/denhelder.online\/wp-content\/uploads\/2025\/11\/kleurrijk-wandelen-bollenvelden-3.jpg","datePublished":"2025-06-12T13:09:39+00:00","dateModified":"2026-01-15T08:50:56+00:00","description":"Erleben Sie die bl\u00fchenden Blumenzwiebelfelder in Julianadorp mit kreativen Workshops, Spazierg\u00e4ngen und einzigartigen Outdoor-Aktivit\u00e4ten.","breadcrumb":{"@id":"https:\/\/denhelder.online\/julianadorp\/kleurrijk-julianadorp\/#breadcrumb"},"inLanguage":"de","potentialAction":[{"@type":"ReadAction","target":["https:\/\/denhelder.online\/julianadorp\/kleurrijk-julianadorp\/"]}]},{"@type":"ImageObject","inLanguage":"de","@id":"https:\/\/denhelder.online\/julianadorp\/kleurrijk-julianadorp\/#primaryimage","url":"https:\/\/denhelder.online\/wp-content\/uploads\/2025\/11\/kleurrijk-wandelen-bollenvelden-3.jpg","contentUrl":"https:\/\/denhelder.online\/wp-content\/uploads\/2025\/11\/kleurrijk-wandelen-bollenvelden-3.jpg","width":1279,"height":853,"caption":"Kleurrijk Julianadorp Wandeldag door de bollenvelden"},{"@type":"BreadcrumbList","@id":"https:\/\/denhelder.online\/julianadorp\/kleurrijk-julianadorp\/#breadcrumb","itemListElement":[{"@type":"ListItem","position":1,"name":"Home","item":"https:\/\/denhelder.online\/"},{"@type":"ListItem","position":2,"name":"Julianadorp","item":"https:\/\/denhelder.online\/julianadorp\/"},{"@type":"ListItem","position":3,"name":"Kleurrijk Julianadorp"}]},{"@type":"WebSite","@id":"https:\/\/denhelder.online\/#website","url":"https:\/\/denhelder.online\/","name":"Den Helder Online","description":"Erleben Sie Den Helder","publisher":{"@id":"https:\/\/denhelder.online\/#organization"},"potentialAction":[{"@type":"SearchAction","target":{"@type":"EntryPoint","urlTemplate":"https:\/\/denhelder.online\/?s={search_term_string}"},"query-input":{"@type":"PropertyValueSpecification","valueRequired":true,"valueName":"search_term_string"}}],"inLanguage":"de"},{"@type":"Organization","@id":"https:\/\/denhelder.online\/#organization","name":"Den Helder Online","url":"https:\/\/denhelder.online\/","logo":{"@type":"ImageObject","inLanguage":"de","@id":"https:\/\/denhelder.online\/#\/schema\/logo\/image\/","url":"https:\/\/denhelder.online\/wp-content\/uploads\/2021\/12\/DitIsDH-Logo-26-tagline.svg","contentUrl":"https:\/\/denhelder.online\/wp-content\/uploads\/2021\/12\/DitIsDH-Logo-26-tagline.svg","width":1717.0999999999999,"height":934.89999999999998,"caption":"Den Helder Online"},"image":{"@id":"https:\/\/denhelder.online\/#\/schema\/logo\/image\/"}}]}},"_links":{"self":[{"href":"https:\/\/denhelder.online\/de\/wp-json\/wp\/v2\/pages\/11774","targetHints":{"allow":["GET"]}}],"collection":[{"href":"https:\/\/denhelder.online\/de\/wp-json\/wp\/v2\/pages"}],"about":[{"href":"https:\/\/denhelder.online\/de\/wp-json\/wp\/v2\/types\/page"}],"author":[{"embeddable":true,"href":"https:\/\/denhelder.online\/de\/wp-json\/wp\/v2\/users\/14"}],"replies":[{"embeddable":true,"href":"https:\/\/denhelder.online\/de\/wp-json\/wp\/v2\/comments?post=11774"}],"version-history":[{"count":0,"href":"https:\/\/denhelder.online\/de\/wp-json\/wp\/v2\/pages\/11774\/revisions"}],"up":[{"embeddable":true,"href":"https:\/\/denhelder.online\/de\/wp-json\/wp\/v2\/pages\/11738"}],"wp:featuredmedia":[{"embeddable":true,"href":"https:\/\/denhelder.online\/de\/wp-json\/wp\/v2\/media\/16321"}],"wp:attachment":[{"href":"https:\/\/denhelder.online\/de\/wp-json\/wp\/v2\/media?parent=11774"}],"wp:term":[{"taxonomy":"post_tag","embeddable":true,"href":"https:\/\/denhelder.online\/de\/wp-json\/wp\/v2\/tags?post=11774"},{"taxonomy":"doelgroep","embeddable":true,"href":"https:\/\/denhelder.online\/de\/wp-json\/wp\/v2\/doelgroep?post=11774"},{"taxonomy":"categorie","embeddable":true,"href":"https:\/\/denhelder.online\/de\/wp-json\/wp\/v2\/categorie?post=11774"}],"curies":[{"name":"wp","href":"https:\/\/api.w.org\/{rel}","templated":true}]}}