{"id":11811,"date":"2025-06-13T13:07:47","date_gmt":"2025-06-13T11:07:47","guid":{"rendered":"https:\/\/denhelder.online\/?page_id=11811"},"modified":"2026-01-13T14:07:43","modified_gmt":"2026-01-13T13:07:43","slug":"einen-anruf-im-telefonbunker-tatigen","status":"publish","type":"page","link":"https:\/\/denhelder.online\/de\/herdenkenenvieren\/den-helder-spookstad\/even-telefoneren-met-de-telefoonbunker\/","title":{"rendered":"Rufen Sie einfach den... Telefonbunker an"},"content":{"rendered":"<div data-elementor-type=\"wp-page\" data-elementor-id=\"11811\" class=\"elementor elementor-11811\" data-elementor-post-type=\"page\">\n\t\t\t\t<div class=\"elementor-element elementor-element-7e6c133e e-flex e-con-boxed e-con e-parent\" data-id=\"7e6c133e\" data-element_type=\"container\" data-e-type=\"container\" data-settings=\"{&quot;background_background&quot;:&quot;classic&quot;,&quot;jet_parallax_layout_list&quot;:[]}\">\n\t\t\t\t\t<div class=\"e-con-inner\">\n\t\t<div class=\"elementor-element elementor-element-15bfe224 e-con-full e-flex e-con e-child\" data-id=\"15bfe224\" data-element_type=\"container\" data-e-type=\"container\" data-settings=\"{&quot;jet_parallax_layout_list&quot;:[]}\">\n\t\t\t\t<div class=\"elementor-element elementor-element-1cc2bd07 elementor-widget__width-inherit elementor-widget elementor-widget-image\" data-id=\"1cc2bd07\" data-element_type=\"widget\" data-e-type=\"widget\" data-widget_type=\"image.default\">\n\t\t\t\t<div class=\"elementor-widget-container\">\n\t\t\t\t\t\t\t\t\t\t\t\t\t\t\t<img fetchpriority=\"high\" decoding=\"async\" width=\"800\" height=\"534\" src=\"https:\/\/denhelder.online\/wp-content\/uploads\/2025\/06\/Communicatiebunker_Postkantoor-1024x683.jpg\" class=\"attachment-large size-large wp-image-11814\" alt=\"Telefonbunker Den Helder\" srcset=\"https:\/\/denhelder.online\/wp-content\/uploads\/2025\/06\/Communicatiebunker_Postkantoor-1024x683.jpg 1024w, https:\/\/denhelder.online\/wp-content\/uploads\/2025\/06\/Communicatiebunker_Postkantoor-300x200.jpg 300w, https:\/\/denhelder.online\/wp-content\/uploads\/2025\/06\/Communicatiebunker_Postkantoor-768x512.jpg 768w, https:\/\/denhelder.online\/wp-content\/uploads\/2025\/06\/Communicatiebunker_Postkantoor-1536x1024.jpg 1536w, https:\/\/denhelder.online\/wp-content\/uploads\/2025\/06\/Communicatiebunker_Postkantoor-2048x1365.jpg 2048w, https:\/\/denhelder.online\/wp-content\/uploads\/2025\/06\/Communicatiebunker_Postkantoor-18x12.jpg 18w, https:\/\/denhelder.online\/wp-content\/uploads\/2025\/06\/Communicatiebunker_Postkantoor-600x400.jpg 600w\" sizes=\"(max-width: 800px) 100vw, 800px\" \/>\t\t\t\t\t\t\t\t\t\t\t\t\t\t\t<\/div>\n\t\t\t\t<\/div>\n\t\t\t\t<\/div>\n\t\t\t\t\t<\/div>\n\t\t\t\t<\/div>\n\t\t<div class=\"elementor-element elementor-element-1980c048 e-flex e-con-boxed e-con e-parent\" data-id=\"1980c048\" data-element_type=\"container\" data-e-type=\"container\" data-settings=\"{&quot;jet_parallax_layout_list&quot;:[]}\">\n\t\t\t\t\t<div class=\"e-con-inner\">\n\t\t<div class=\"elementor-element elementor-element-7f2c219f e-con-full e-flex e-con e-child\" data-id=\"7f2c219f\" data-element_type=\"container\" data-e-type=\"container\" data-settings=\"{&quot;jet_parallax_layout_list&quot;:[]}\">\n\t\t\t\t<div class=\"elementor-element elementor-element-5b0fb93f elementor-widget elementor-widget-breadcrumbs\" data-id=\"5b0fb93f\" data-element_type=\"widget\" data-e-type=\"widget\" data-widget_type=\"breadcrumbs.default\">\n\t\t\t\t<div class=\"elementor-widget-container\">\n\t\t\t\t\t<p id=\"breadcrumbs\"><span><span><a href=\"https:\/\/denhelder.online\/de\/\">Heim<\/a><\/span><\/span><\/p>\t\t\t\t<\/div>\n\t\t\t\t<\/div>\n\t\t<div class=\"elementor-element elementor-element-36e012dd e-con-full e-flex e-con e-child\" data-id=\"36e012dd\" data-element_type=\"container\" data-e-type=\"container\" data-settings=\"{&quot;jet_parallax_layout_list&quot;:[]}\">\n\t\t\t\t<div class=\"elementor-element elementor-element-7662efab elementor-widget elementor-widget-heading\" data-id=\"7662efab\" data-element_type=\"widget\" data-e-type=\"widget\" data-widget_type=\"heading.default\">\n\t\t\t\t<div class=\"elementor-widget-container\">\n\t\t\t\t\t<p class=\"elementor-heading-title elementor-size-default\">Folgen Sie uns in den sozialen Netzwerken:<\/p>\t\t\t\t<\/div>\n\t\t\t\t<\/div>\n\t\t\t\t<div class=\"elementor-element elementor-element-776c05ed elementor-icon-list--layout-inline elementor-align-end elementor-list-item-link-full_width elementor-widget elementor-widget-global elementor-global-1176 elementor-widget-icon-list\" data-id=\"776c05ed\" data-element_type=\"widget\" data-e-type=\"widget\" data-widget_type=\"icon-list.default\">\n\t\t\t\t<div class=\"elementor-widget-container\">\n\t\t\t\t\t\t\t<ul class=\"elementor-icon-list-items elementor-inline-items\">\n\t\t\t\t\t\t\t<li class=\"elementor-icon-list-item elementor-inline-item\">\n\t\t\t\t\t\t\t\t\t\t\t<a href=\"https:\/\/www.facebook.com\/ditisdenhelder\" target=\"_blank\">\n\n\t\t\t\t\t\t\t\t\t\t\t\t<span class=\"elementor-icon-list-icon\">\n\t\t\t\t\t\t\t<i aria-hidden=\"true\" class=\"fab fa-facebook\"><\/i>\t\t\t\t\t\t<\/span>\n\t\t\t\t\t\t\t\t\t\t<span class=\"elementor-icon-list-text\"><\/span>\n\t\t\t\t\t\t\t\t\t\t\t<\/a>\n\t\t\t\t\t\t\t\t\t<\/li>\n\t\t\t\t\t\t\t\t<li class=\"elementor-icon-list-item elementor-inline-item\">\n\t\t\t\t\t\t\t\t\t\t\t<a href=\"https:\/\/www.instagram.com\/ditisdenhelder\/\" target=\"_blank\">\n\n\t\t\t\t\t\t\t\t\t\t\t\t<span class=\"elementor-icon-list-icon\">\n\t\t\t\t\t\t\t<i aria-hidden=\"true\" class=\"fab fa-instagram\"><\/i>\t\t\t\t\t\t<\/span>\n\t\t\t\t\t\t\t\t\t\t<span class=\"elementor-icon-list-text\"><\/span>\n\t\t\t\t\t\t\t\t\t\t\t<\/a>\n\t\t\t\t\t\t\t\t\t<\/li>\n\t\t\t\t\t\t\t\t<li class=\"elementor-icon-list-item elementor-inline-item\">\n\t\t\t\t\t\t\t\t\t\t\t<a href=\"https:\/\/www.youtube.com\/channel\/UCxXdcocRQwb3lDwiYBp3llg\" target=\"_blank\">\n\n\t\t\t\t\t\t\t\t\t\t\t\t<span class=\"elementor-icon-list-icon\">\n\t\t\t\t\t\t\t<i aria-hidden=\"true\" class=\"fab fa-youtube\"><\/i>\t\t\t\t\t\t<\/span>\n\t\t\t\t\t\t\t\t\t\t<span class=\"elementor-icon-list-text\"><\/span>\n\t\t\t\t\t\t\t\t\t\t\t<\/a>\n\t\t\t\t\t\t\t\t\t<\/li>\n\t\t\t\t\t\t\t\t<li class=\"elementor-icon-list-item elementor-inline-item\">\n\t\t\t\t\t\t\t\t\t\t\t<a href=\"https:\/\/www.linkedin.com\/company\/citymarketing-den-helder\" target=\"_blank\">\n\n\t\t\t\t\t\t\t\t\t\t\t\t<span class=\"elementor-icon-list-icon\">\n\t\t\t\t\t\t\t<i aria-hidden=\"true\" class=\"fab fa-linkedin-in\"><\/i>\t\t\t\t\t\t<\/span>\n\t\t\t\t\t\t\t\t\t\t<span class=\"elementor-icon-list-text\"><\/span>\n\t\t\t\t\t\t\t\t\t\t\t<\/a>\n\t\t\t\t\t\t\t\t\t<\/li>\n\t\t\t\t\t\t<\/ul>\n\t\t\t\t\t\t<\/div>\n\t\t\t\t<\/div>\n\t\t\t\t<\/div>\n\t\t\t\t<\/div>\n\t\t\t\t\t<\/div>\n\t\t\t\t<\/div>\n\t\t<div class=\"elementor-element elementor-element-7908229 e-flex e-con-boxed e-con e-parent\" data-id=\"7908229\" data-element_type=\"container\" data-e-type=\"container\" data-settings=\"{&quot;jet_parallax_layout_list&quot;:[]}\">\n\t\t\t\t\t<div class=\"e-con-inner\">\n\t\t<div class=\"elementor-element elementor-element-3c08d944 e-con-full e-flex e-con e-child\" data-id=\"3c08d944\" data-element_type=\"container\" data-e-type=\"container\" data-settings=\"{&quot;jet_parallax_layout_list&quot;:[]}\">\n\t\t\t\t<div class=\"elementor-element elementor-element-309dae28 elementor-widget__width-inherit elementor-widget elementor-widget-heading\" data-id=\"309dae28\" data-element_type=\"widget\" data-e-type=\"widget\" data-widget_type=\"heading.default\">\n\t\t\t\t<div class=\"elementor-widget-container\">\n\t\t\t\t\t<span class=\"elementor-heading-title elementor-size-default\">In diesem Abschnitt wird in jeder Ausgabe ein Teil der Den Helder-These besprochen.<\/span>\t\t\t\t<\/div>\n\t\t\t\t<\/div>\n\t\t\t\t<div class=\"elementor-element elementor-element-1ef78496 elementor-widget__width-inherit elementor-widget elementor-widget-heading\" data-id=\"1ef78496\" data-element_type=\"widget\" data-e-type=\"widget\" data-widget_type=\"heading.default\">\n\t\t\t\t<div class=\"elementor-widget-container\">\n\t\t\t\t\t<h2 class=\"elementor-heading-title elementor-size-default\">Rufen Sie einfach den Telefonbunker an.<\/h2>\t\t\t\t<\/div>\n\t\t\t\t<\/div>\n\t\t\t\t<div class=\"elementor-element elementor-element-4f8c66a0 elementor-widget elementor-widget-text-editor\" data-id=\"4f8c66a0\" data-element_type=\"widget\" data-e-type=\"widget\" data-widget_type=\"text-editor.default\">\n\t\t\t\t<div class=\"elementor-widget-container\">\n\t\t\t\t\t\t\t\t\t<p>In diesem Abschnitt widmet sich jede Ausgabe einem Teil der Den Helder-Verteidigungslinie. Die Den Helder-Verteidigungslinie ist Teil des Atlantikwalls, eines 5.000 Kilometer langen Verteidigungssystems, das sich von Norwegen bis Spanien erstreckt und Westeuropa im Zweiten Weltkrieg vor Angriffen vom Meer aus sch\u00fctzen sollte. In der am st\u00e4rksten bombardierten Stadt Norwegens befinden sich noch immer zahlreiche milit\u00e4rische \u00dcberreste; diesmal liegt der Fokus auf dem Telefonbunker.<\/p><p><img decoding=\"async\" class=\"alignnone size-medium wp-image-11814 aligncenter\" src=\"https:\/\/denhelder.online\/wp-content\/uploads\/2025\/06\/Communicatiebunker_Postkantoor-300x200.jpg\" alt=\"Telefonbunker Den Helder\" width=\"300\" height=\"200\" srcset=\"https:\/\/denhelder.online\/wp-content\/uploads\/2025\/06\/Communicatiebunker_Postkantoor-300x200.jpg 300w, https:\/\/denhelder.online\/wp-content\/uploads\/2025\/06\/Communicatiebunker_Postkantoor-1024x683.jpg 1024w, https:\/\/denhelder.online\/wp-content\/uploads\/2025\/06\/Communicatiebunker_Postkantoor-768x512.jpg 768w, https:\/\/denhelder.online\/wp-content\/uploads\/2025\/06\/Communicatiebunker_Postkantoor-1536x1024.jpg 1536w, https:\/\/denhelder.online\/wp-content\/uploads\/2025\/06\/Communicatiebunker_Postkantoor-2048x1365.jpg 2048w, https:\/\/denhelder.online\/wp-content\/uploads\/2025\/06\/Communicatiebunker_Postkantoor-18x12.jpg 18w, https:\/\/denhelder.online\/wp-content\/uploads\/2025\/06\/Communicatiebunker_Postkantoor-600x400.jpg 600w\" sizes=\"(max-width: 300px) 100vw, 300px\" \/><\/p><p>Unweit davon, neben dem Bahnhof Den Helder, befindet sich ein Fernmeldebunker vom Typ 616 mit angeschlossenem Tobruk (einer Erweiterung mit Maschinengewehrstand). Er ist einer der letzten drei erhaltenen Bunker dieser Art in den Niederlanden und wurde ungew\u00f6hnlicherweise spiegelbildlich errichtet. Die Kommunikation zwischen den verschiedenen Verteidigungsanlagen rund um Den Helder erfolgte \u00fcber diesen Bunker. Nach dem Zweiten Weltkrieg wurde vor dem Bunker ein Postamt gebaut, dessen Architektur an den Wiederaufbau angelehnt ist. So entstand ein interessantes, historisch vielf\u00e4ltiges Ensemble von Kommunikationsgeb\u00e4uden (Post, Telefon und Telegrafie).<\/p><p><img decoding=\"async\" class=\"alignnone size-medium wp-image-11813 aligncenter\" src=\"https:\/\/denhelder.online\/wp-content\/uploads\/2025\/06\/Communicatiebunker_Postkantoor-002-300x200.jpg\" alt=\"\" width=\"300\" height=\"200\" srcset=\"https:\/\/denhelder.online\/wp-content\/uploads\/2025\/06\/Communicatiebunker_Postkantoor-002-300x200.jpg 300w, https:\/\/denhelder.online\/wp-content\/uploads\/2025\/06\/Communicatiebunker_Postkantoor-002-1024x683.jpg 1024w, https:\/\/denhelder.online\/wp-content\/uploads\/2025\/06\/Communicatiebunker_Postkantoor-002-768x512.jpg 768w, https:\/\/denhelder.online\/wp-content\/uploads\/2025\/06\/Communicatiebunker_Postkantoor-002-1536x1024.jpg 1536w, https:\/\/denhelder.online\/wp-content\/uploads\/2025\/06\/Communicatiebunker_Postkantoor-002-2048x1365.jpg 2048w, https:\/\/denhelder.online\/wp-content\/uploads\/2025\/06\/Communicatiebunker_Postkantoor-002-18x12.jpg 18w, https:\/\/denhelder.online\/wp-content\/uploads\/2025\/06\/Communicatiebunker_Postkantoor-002-600x400.jpg 600w\" sizes=\"(max-width: 300px) 100vw, 300px\" \/><\/p><p>W\u00e4hrend des Zweiten Weltkriegs wurde der Bunker als Teil der nationalen Verteidigung und als zentraler Kommunikationsbunker errichtet. Die Bunker des Typs 616 verf\u00fcgen neben einer Telefonzentrale und Sendeanlagen \u00fcber einen von au\u00dfen separat zug\u00e4nglichen Raum zur Lagerung von Kabeltrommeln. Der Bunker besitzt au\u00dferdem einen Lagerraum mit Schaltschr\u00e4nken an einem Knotenpunkt des milit\u00e4rischen Telefonnetzes. Das Dach dieses Betonkolosses war getarnt und wurde nach dem Krieg abgerissen. Das Innere des Bunkers Helderse ist nahezu vollst\u00e4ndig erhalten.<\/p><p>Heute beherbergt das Geb\u00e4ude 616 ein kleines Museum mit einer umfangreichen Sammlung, und der Bunker selbst ist als nationales Denkmal ausgewiesen. Dies bedeutet unter anderem, dass der Bunker aus verschiedenen Gr\u00fcnden erhalten wird, etwa aufgrund seines kulturhistorischen Wertes, seiner Seltenheit sowie seiner architektonischen und milit\u00e4rhistorischen Bedeutung. Der Abriss des Bunkers ist nun verboten \u2013 ein Thema, das vor weniger als 20 Jahren noch aktuell war.<\/p>\t\t\t\t\t\t\t\t<\/div>\n\t\t\t\t<\/div>\n\t\t\t\t<\/div>\n\t\t\t\t\t<\/div>\n\t\t\t\t<\/div>\n\t\t\t\t<\/div>","protected":false},"excerpt":{"rendered":"<p>Volg ons op social: \u00a0 \u00a0 \u00a0 \u00a0 In deze rubriek komt tijdens elke uitgave een onderdeel van de Stelling Den Helder aan bod. Even telefoneren met &#8230;&#8230; de telefoonbunker In deze rubriek komt tijdens elke uitgave een onderdeel van de Stelling Den Helder aan bod. De Stelling van Den Helder maakt deel uit van [&hellip;]<\/p>\n","protected":false},"author":17,"featured_media":11585,"parent":11565,"menu_order":0,"comment_status":"closed","ping_status":"closed","template":"elementor_header_footer","meta":{"footnotes":""},"tags":[],"doelgroep":[],"categorie":[5677],"class_list":["post-11811","page","type-page","status-publish","has-post-thumbnail","hentry","categorie-kunst-cultuur"],"yoast_head":"<!-- This site is optimized with the Yoast SEO Premium plugin v24.7 (Yoast SEO v27.5) - https:\/\/yoast.com\/product\/yoast-seo-premium-wordpress\/ -->\n<title>Verbind verleden en heden in de Telefoonbunker van Den Helder<\/title>\n<meta name=\"description\" content=\"aat je verrassen door de architectuur en historie van de Telefoonbunker in Den Helder \u2013 een ruw juweel langs de Atlantikwall.\" \/>\n<meta name=\"robots\" content=\"index, follow, max-snippet:-1, max-image-preview:large, max-video-preview:-1\" \/>\n<link rel=\"canonical\" href=\"https:\/\/denhelder.online\/de\/gedenken-und-feiern\/die-helle-geisterstadt\/einen-anruf-im-telefonbunker-tatigen\/\" \/>\n<meta property=\"og:locale\" content=\"de_DE\" \/>\n<meta property=\"og:type\" content=\"article\" \/>\n<meta property=\"og:title\" content=\"Even telefoneren met\u2026 de telefoonbunker\u200b\" \/>\n<meta property=\"og:description\" content=\"aat je verrassen door de architectuur en historie van de Telefoonbunker in Den Helder \u2013 een ruw juweel langs de Atlantikwall.\" \/>\n<meta property=\"og:url\" content=\"https:\/\/denhelder.online\/de\/gedenken-und-feiern\/die-helle-geisterstadt\/einen-anruf-im-telefonbunker-tatigen\/\" \/>\n<meta property=\"og:site_name\" content=\"Den Helder Online\" \/>\n<meta property=\"article:modified_time\" content=\"2026-01-13T13:07:43+00:00\" \/>\n<meta property=\"og:image\" content=\"https:\/\/denhelder.online\/wp-content\/uploads\/2025\/06\/Telefoonbunker.jpg\" \/>\n\t<meta property=\"og:image:width\" content=\"1920\" \/>\n\t<meta property=\"og:image:height\" content=\"1080\" \/>\n\t<meta property=\"og:image:type\" content=\"image\/jpeg\" \/>\n<meta name=\"twitter:card\" content=\"summary_large_image\" \/>\n<meta name=\"twitter:label1\" content=\"Gesch\u00e4tzte Lesezeit\" \/>\n\t<meta name=\"twitter:data1\" content=\"3\u00a0Minuten\" \/>\n<script type=\"application\/ld+json\" class=\"yoast-schema-graph\">{\"@context\":\"https:\\\/\\\/schema.org\",\"@graph\":[{\"@type\":\"WebPage\",\"@id\":\"https:\\\/\\\/denhelder.online\\\/herdenkenenvieren\\\/den-helder-spookstad\\\/even-telefoneren-met-de-telefoonbunker\\\/\",\"url\":\"https:\\\/\\\/denhelder.online\\\/herdenkenenvieren\\\/den-helder-spookstad\\\/even-telefoneren-met-de-telefoonbunker\\\/\",\"name\":\"Verbind verleden en heden in de Telefoonbunker van Den Helder\",\"isPartOf\":{\"@id\":\"https:\\\/\\\/denhelder.online\\\/#website\"},\"primaryImageOfPage\":{\"@id\":\"https:\\\/\\\/denhelder.online\\\/herdenkenenvieren\\\/den-helder-spookstad\\\/even-telefoneren-met-de-telefoonbunker\\\/#primaryimage\"},\"image\":{\"@id\":\"https:\\\/\\\/denhelder.online\\\/herdenkenenvieren\\\/den-helder-spookstad\\\/even-telefoneren-met-de-telefoonbunker\\\/#primaryimage\"},\"thumbnailUrl\":\"https:\\\/\\\/denhelder.online\\\/wp-content\\\/uploads\\\/2025\\\/06\\\/Telefoonbunker.jpg\",\"datePublished\":\"2025-06-13T11:07:47+00:00\",\"dateModified\":\"2026-01-13T13:07:43+00:00\",\"description\":\"aat je verrassen door de architectuur en historie van de Telefoonbunker in Den Helder \u2013 een ruw juweel langs de Atlantikwall.\",\"breadcrumb\":{\"@id\":\"https:\\\/\\\/denhelder.online\\\/herdenkenenvieren\\\/den-helder-spookstad\\\/even-telefoneren-met-de-telefoonbunker\\\/#breadcrumb\"},\"inLanguage\":\"de\",\"potentialAction\":[{\"@type\":\"ReadAction\",\"target\":[\"https:\\\/\\\/denhelder.online\\\/herdenkenenvieren\\\/den-helder-spookstad\\\/even-telefoneren-met-de-telefoonbunker\\\/\"]}]},{\"@type\":\"ImageObject\",\"inLanguage\":\"de\",\"@id\":\"https:\\\/\\\/denhelder.online\\\/herdenkenenvieren\\\/den-helder-spookstad\\\/even-telefoneren-met-de-telefoonbunker\\\/#primaryimage\",\"url\":\"https:\\\/\\\/denhelder.online\\\/wp-content\\\/uploads\\\/2025\\\/06\\\/Telefoonbunker.jpg\",\"contentUrl\":\"https:\\\/\\\/denhelder.online\\\/wp-content\\\/uploads\\\/2025\\\/06\\\/Telefoonbunker.jpg\",\"width\":1920,\"height\":1080,\"caption\":\"Telefoonbunker Den Helder\"},{\"@type\":\"BreadcrumbList\",\"@id\":\"https:\\\/\\\/denhelder.online\\\/herdenkenenvieren\\\/den-helder-spookstad\\\/even-telefoneren-met-de-telefoonbunker\\\/#breadcrumb\",\"itemListElement\":[{\"@type\":\"ListItem\",\"position\":1,\"name\":\"Home\",\"item\":\"https:\\\/\\\/denhelder.online\\\/\"},{\"@type\":\"ListItem\",\"position\":2,\"name\":\"Herdenken en Vieren\",\"item\":\"https:\\\/\\\/denhelder.online\\\/herdenkenenvieren\\\/\"},{\"@type\":\"ListItem\",\"position\":3,\"name\":\"Den Helder spookstad\",\"item\":\"https:\\\/\\\/denhelder.online\\\/herdenkenenvieren\\\/den-helder-spookstad\\\/\"},{\"@type\":\"ListItem\",\"position\":4,\"name\":\"Even telefoneren met\u2026 de telefoonbunker\u200b\"}]},{\"@type\":\"WebSite\",\"@id\":\"https:\\\/\\\/denhelder.online\\\/#website\",\"url\":\"https:\\\/\\\/denhelder.online\\\/\",\"name\":\"Den Helder Online\",\"description\":\"Beleef Den Helder\",\"publisher\":{\"@id\":\"https:\\\/\\\/denhelder.online\\\/#organization\"},\"potentialAction\":[{\"@type\":\"SearchAction\",\"target\":{\"@type\":\"EntryPoint\",\"urlTemplate\":\"https:\\\/\\\/denhelder.online\\\/?s={search_term_string}\"},\"query-input\":{\"@type\":\"PropertyValueSpecification\",\"valueRequired\":true,\"valueName\":\"search_term_string\"}}],\"inLanguage\":\"de\"},{\"@type\":\"Organization\",\"@id\":\"https:\\\/\\\/denhelder.online\\\/#organization\",\"name\":\"Den Helder Online\",\"url\":\"https:\\\/\\\/denhelder.online\\\/\",\"logo\":{\"@type\":\"ImageObject\",\"inLanguage\":\"de\",\"@id\":\"https:\\\/\\\/denhelder.online\\\/#\\\/schema\\\/logo\\\/image\\\/\",\"url\":\"https:\\\/\\\/denhelder.online\\\/wp-content\\\/uploads\\\/2021\\\/12\\\/DitIsDH-Logo-26-tagline.svg\",\"contentUrl\":\"https:\\\/\\\/denhelder.online\\\/wp-content\\\/uploads\\\/2021\\\/12\\\/DitIsDH-Logo-26-tagline.svg\",\"width\":1717.0999999999999,\"height\":934.89999999999998,\"caption\":\"Den Helder Online\"},\"image\":{\"@id\":\"https:\\\/\\\/denhelder.online\\\/#\\\/schema\\\/logo\\\/image\\\/\"}}]}<\/script>\n<!-- \/ Yoast SEO Premium plugin. -->","yoast_head_json":{"title":"Verbinde Vergangenheit und Gegenwart im Den Helder-Telefonbunker","description":"Lassen Sie sich von der Architektur und Geschichte des Telefonbunkers in Den Helder \u00fcberraschen \u2013 ein raues Juwel entlang des Atlantikwalls.","robots":{"index":"index","follow":"follow","max-snippet":"max-snippet:-1","max-image-preview":"max-image-preview:large","max-video-preview":"max-video-preview:-1"},"canonical":"https:\/\/denhelder.online\/de\/gedenken-und-feiern\/die-helle-geisterstadt\/einen-anruf-im-telefonbunker-tatigen\/","og_locale":"de_DE","og_type":"article","og_title":"Even telefoneren met\u2026 de telefoonbunker\u200b","og_description":"aat je verrassen door de architectuur en historie van de Telefoonbunker in Den Helder \u2013 een ruw juweel langs de Atlantikwall.","og_url":"https:\/\/denhelder.online\/de\/gedenken-und-feiern\/die-helle-geisterstadt\/einen-anruf-im-telefonbunker-tatigen\/","og_site_name":"Den Helder Online","article_modified_time":"2026-01-13T13:07:43+00:00","og_image":[{"width":1920,"height":1080,"url":"https:\/\/denhelder.online\/wp-content\/uploads\/2025\/06\/Telefoonbunker.jpg","type":"image\/jpeg"}],"twitter_card":"summary_large_image","twitter_misc":{"Gesch\u00e4tzte Lesezeit":"3\u00a0Minuten"},"schema":{"@context":"https:\/\/schema.org","@graph":[{"@type":"WebPage","@id":"https:\/\/denhelder.online\/herdenkenenvieren\/den-helder-spookstad\/even-telefoneren-met-de-telefoonbunker\/","url":"https:\/\/denhelder.online\/herdenkenenvieren\/den-helder-spookstad\/even-telefoneren-met-de-telefoonbunker\/","name":"Verbinde Vergangenheit und Gegenwart im Den Helder-Telefonbunker","isPartOf":{"@id":"https:\/\/denhelder.online\/#website"},"primaryImageOfPage":{"@id":"https:\/\/denhelder.online\/herdenkenenvieren\/den-helder-spookstad\/even-telefoneren-met-de-telefoonbunker\/#primaryimage"},"image":{"@id":"https:\/\/denhelder.online\/herdenkenenvieren\/den-helder-spookstad\/even-telefoneren-met-de-telefoonbunker\/#primaryimage"},"thumbnailUrl":"https:\/\/denhelder.online\/wp-content\/uploads\/2025\/06\/Telefoonbunker.jpg","datePublished":"2025-06-13T11:07:47+00:00","dateModified":"2026-01-13T13:07:43+00:00","description":"Lassen Sie sich von der Architektur und Geschichte des Telefonbunkers in Den Helder \u00fcberraschen \u2013 ein raues Juwel entlang des Atlantikwalls.","breadcrumb":{"@id":"https:\/\/denhelder.online\/herdenkenenvieren\/den-helder-spookstad\/even-telefoneren-met-de-telefoonbunker\/#breadcrumb"},"inLanguage":"de","potentialAction":[{"@type":"ReadAction","target":["https:\/\/denhelder.online\/herdenkenenvieren\/den-helder-spookstad\/even-telefoneren-met-de-telefoonbunker\/"]}]},{"@type":"ImageObject","inLanguage":"de","@id":"https:\/\/denhelder.online\/herdenkenenvieren\/den-helder-spookstad\/even-telefoneren-met-de-telefoonbunker\/#primaryimage","url":"https:\/\/denhelder.online\/wp-content\/uploads\/2025\/06\/Telefoonbunker.jpg","contentUrl":"https:\/\/denhelder.online\/wp-content\/uploads\/2025\/06\/Telefoonbunker.jpg","width":1920,"height":1080,"caption":"Telefoonbunker Den Helder"},{"@type":"BreadcrumbList","@id":"https:\/\/denhelder.online\/herdenkenenvieren\/den-helder-spookstad\/even-telefoneren-met-de-telefoonbunker\/#breadcrumb","itemListElement":[{"@type":"ListItem","position":1,"name":"Home","item":"https:\/\/denhelder.online\/"},{"@type":"ListItem","position":2,"name":"Herdenken en Vieren","item":"https:\/\/denhelder.online\/herdenkenenvieren\/"},{"@type":"ListItem","position":3,"name":"Den Helder spookstad","item":"https:\/\/denhelder.online\/herdenkenenvieren\/den-helder-spookstad\/"},{"@type":"ListItem","position":4,"name":"Even telefoneren met\u2026 de telefoonbunker\u200b"}]},{"@type":"WebSite","@id":"https:\/\/denhelder.online\/#website","url":"https:\/\/denhelder.online\/","name":"Den Helder Online","description":"Erleben Sie Den Helder","publisher":{"@id":"https:\/\/denhelder.online\/#organization"},"potentialAction":[{"@type":"SearchAction","target":{"@type":"EntryPoint","urlTemplate":"https:\/\/denhelder.online\/?s={search_term_string}"},"query-input":{"@type":"PropertyValueSpecification","valueRequired":true,"valueName":"search_term_string"}}],"inLanguage":"de"},{"@type":"Organization","@id":"https:\/\/denhelder.online\/#organization","name":"Den Helder Online","url":"https:\/\/denhelder.online\/","logo":{"@type":"ImageObject","inLanguage":"de","@id":"https:\/\/denhelder.online\/#\/schema\/logo\/image\/","url":"https:\/\/denhelder.online\/wp-content\/uploads\/2021\/12\/DitIsDH-Logo-26-tagline.svg","contentUrl":"https:\/\/denhelder.online\/wp-content\/uploads\/2021\/12\/DitIsDH-Logo-26-tagline.svg","width":1717.0999999999999,"height":934.89999999999998,"caption":"Den Helder Online"},"image":{"@id":"https:\/\/denhelder.online\/#\/schema\/logo\/image\/"}}]}},"_links":{"self":[{"href":"https:\/\/denhelder.online\/de\/wp-json\/wp\/v2\/pages\/11811","targetHints":{"allow":["GET"]}}],"collection":[{"href":"https:\/\/denhelder.online\/de\/wp-json\/wp\/v2\/pages"}],"about":[{"href":"https:\/\/denhelder.online\/de\/wp-json\/wp\/v2\/types\/page"}],"author":[{"embeddable":true,"href":"https:\/\/denhelder.online\/de\/wp-json\/wp\/v2\/users\/17"}],"replies":[{"embeddable":true,"href":"https:\/\/denhelder.online\/de\/wp-json\/wp\/v2\/comments?post=11811"}],"version-history":[{"count":0,"href":"https:\/\/denhelder.online\/de\/wp-json\/wp\/v2\/pages\/11811\/revisions"}],"up":[{"embeddable":true,"href":"https:\/\/denhelder.online\/de\/wp-json\/wp\/v2\/pages\/11565"}],"wp:featuredmedia":[{"embeddable":true,"href":"https:\/\/denhelder.online\/de\/wp-json\/wp\/v2\/media\/11585"}],"wp:attachment":[{"href":"https:\/\/denhelder.online\/de\/wp-json\/wp\/v2\/media?parent=11811"}],"wp:term":[{"taxonomy":"post_tag","embeddable":true,"href":"https:\/\/denhelder.online\/de\/wp-json\/wp\/v2\/tags?post=11811"},{"taxonomy":"doelgroep","embeddable":true,"href":"https:\/\/denhelder.online\/de\/wp-json\/wp\/v2\/doelgroep?post=11811"},{"taxonomy":"categorie","embeddable":true,"href":"https:\/\/denhelder.online\/de\/wp-json\/wp\/v2\/categorie?post=11811"}],"curies":[{"name":"wp","href":"https:\/\/api.w.org\/{rel}","templated":true}]}}