{"id":11822,"date":"2025-06-13T13:28:19","date_gmt":"2025-06-13T11:28:19","guid":{"rendered":"https:\/\/denhelder.online\/?page_id=11822"},"modified":"2026-01-19T14:16:17","modified_gmt":"2026-01-19T13:16:17","slug":"uberreste-in-den-dunen-die-m219","status":"publish","type":"page","link":"https:\/\/denhelder.online\/de\/overblijfselen-in-de-duinen-de-m219\/","title":{"rendered":"\u00dcberreste in den D\u00fcnen: die M219"},"content":{"rendered":"<div data-elementor-type=\"wp-page\" data-elementor-id=\"11822\" class=\"elementor elementor-11822\" data-elementor-post-type=\"page\">\n\t\t\t\t<div class=\"elementor-element elementor-element-1de150d e-flex e-con-boxed e-con e-parent\" data-id=\"1de150d\" data-element_type=\"container\" data-e-type=\"container\" data-settings=\"{&quot;background_background&quot;:&quot;classic&quot;,&quot;jet_parallax_layout_list&quot;:[]}\">\n\t\t\t\t\t<div class=\"e-con-inner\">\n\t\t<div class=\"elementor-element elementor-element-7e6108e5 e-con-full e-flex e-con e-child\" data-id=\"7e6108e5\" data-element_type=\"container\" data-e-type=\"container\" data-settings=\"{&quot;jet_parallax_layout_list&quot;:[]}\">\n\t\t\t\t<div class=\"elementor-element elementor-element-7b3e7e09 elementor-widget__width-inherit elementor-widget elementor-widget-image\" data-id=\"7b3e7e09\" data-element_type=\"widget\" data-e-type=\"widget\" data-widget_type=\"image.default\">\n\t\t\t\t<div class=\"elementor-widget-container\">\n\t\t\t\t\t\t\t\t\t\t\t\t\t\t\t<img fetchpriority=\"high\" decoding=\"async\" width=\"800\" height=\"533\" src=\"https:\/\/denhelder.online\/wp-content\/uploads\/2025\/06\/Bunker-M219-Julianadorp.jpg\" class=\"attachment-large size-large wp-image-11827\" alt=\"Bunker M219 Julianadorp Den Helder\" srcset=\"https:\/\/denhelder.online\/wp-content\/uploads\/2025\/06\/Bunker-M219-Julianadorp.jpg 960w, https:\/\/denhelder.online\/wp-content\/uploads\/2025\/06\/Bunker-M219-Julianadorp-300x200.jpg 300w, https:\/\/denhelder.online\/wp-content\/uploads\/2025\/06\/Bunker-M219-Julianadorp-768x512.jpg 768w, https:\/\/denhelder.online\/wp-content\/uploads\/2025\/06\/Bunker-M219-Julianadorp-18x12.jpg 18w, https:\/\/denhelder.online\/wp-content\/uploads\/2025\/06\/Bunker-M219-Julianadorp-600x400.jpg 600w\" sizes=\"(max-width: 800px) 100vw, 800px\" \/>\t\t\t\t\t\t\t\t\t\t\t\t\t\t\t<\/div>\n\t\t\t\t<\/div>\n\t\t\t\t<\/div>\n\t\t\t\t\t<\/div>\n\t\t\t\t<\/div>\n\t\t<div class=\"elementor-element elementor-element-3420298f e-flex e-con-boxed e-con e-parent\" data-id=\"3420298f\" data-element_type=\"container\" data-e-type=\"container\" data-settings=\"{&quot;jet_parallax_layout_list&quot;:[]}\">\n\t\t\t\t\t<div class=\"e-con-inner\">\n\t\t<div class=\"elementor-element elementor-element-6aa8e54e e-con-full e-flex e-con e-child\" data-id=\"6aa8e54e\" data-element_type=\"container\" data-e-type=\"container\" data-settings=\"{&quot;jet_parallax_layout_list&quot;:[]}\">\n\t\t\t\t<div class=\"elementor-element elementor-element-3a8702dc elementor-widget elementor-widget-breadcrumbs\" data-id=\"3a8702dc\" data-element_type=\"widget\" data-e-type=\"widget\" data-widget_type=\"breadcrumbs.default\">\n\t\t\t\t<div class=\"elementor-widget-container\">\n\t\t\t\t\t<p id=\"breadcrumbs\"><span><span><a href=\"https:\/\/denhelder.online\/de\/\">Heim<\/a><\/span><\/span><\/p>\t\t\t\t<\/div>\n\t\t\t\t<\/div>\n\t\t<div class=\"elementor-element elementor-element-708b47ce e-con-full e-flex e-con e-child\" data-id=\"708b47ce\" data-element_type=\"container\" data-e-type=\"container\" data-settings=\"{&quot;jet_parallax_layout_list&quot;:[]}\">\n\t\t\t\t<div class=\"elementor-element elementor-element-7960b2f0 elementor-widget elementor-widget-heading\" data-id=\"7960b2f0\" data-element_type=\"widget\" data-e-type=\"widget\" data-widget_type=\"heading.default\">\n\t\t\t\t<div class=\"elementor-widget-container\">\n\t\t\t\t\t<p class=\"elementor-heading-title elementor-size-default\">Folgen Sie uns in den sozialen Netzwerken:<\/p>\t\t\t\t<\/div>\n\t\t\t\t<\/div>\n\t\t\t\t<div class=\"elementor-element elementor-element-20497b8d elementor-icon-list--layout-inline elementor-align-end elementor-list-item-link-full_width elementor-widget elementor-widget-global elementor-global-1176 elementor-widget-icon-list\" data-id=\"20497b8d\" data-element_type=\"widget\" data-e-type=\"widget\" data-widget_type=\"icon-list.default\">\n\t\t\t\t<div class=\"elementor-widget-container\">\n\t\t\t\t\t\t\t<ul class=\"elementor-icon-list-items elementor-inline-items\">\n\t\t\t\t\t\t\t<li class=\"elementor-icon-list-item elementor-inline-item\">\n\t\t\t\t\t\t\t\t\t\t\t<a href=\"https:\/\/www.facebook.com\/ditisdenhelder\" target=\"_blank\">\n\n\t\t\t\t\t\t\t\t\t\t\t\t<span class=\"elementor-icon-list-icon\">\n\t\t\t\t\t\t\t<i aria-hidden=\"true\" class=\"fab fa-facebook\"><\/i>\t\t\t\t\t\t<\/span>\n\t\t\t\t\t\t\t\t\t\t<span class=\"elementor-icon-list-text\"><\/span>\n\t\t\t\t\t\t\t\t\t\t\t<\/a>\n\t\t\t\t\t\t\t\t\t<\/li>\n\t\t\t\t\t\t\t\t<li class=\"elementor-icon-list-item elementor-inline-item\">\n\t\t\t\t\t\t\t\t\t\t\t<a href=\"https:\/\/www.instagram.com\/ditisdenhelder\/\" target=\"_blank\">\n\n\t\t\t\t\t\t\t\t\t\t\t\t<span class=\"elementor-icon-list-icon\">\n\t\t\t\t\t\t\t<i aria-hidden=\"true\" class=\"fab fa-instagram\"><\/i>\t\t\t\t\t\t<\/span>\n\t\t\t\t\t\t\t\t\t\t<span class=\"elementor-icon-list-text\"><\/span>\n\t\t\t\t\t\t\t\t\t\t\t<\/a>\n\t\t\t\t\t\t\t\t\t<\/li>\n\t\t\t\t\t\t\t\t<li class=\"elementor-icon-list-item elementor-inline-item\">\n\t\t\t\t\t\t\t\t\t\t\t<a href=\"https:\/\/www.youtube.com\/channel\/UCxXdcocRQwb3lDwiYBp3llg\" target=\"_blank\">\n\n\t\t\t\t\t\t\t\t\t\t\t\t<span class=\"elementor-icon-list-icon\">\n\t\t\t\t\t\t\t<i aria-hidden=\"true\" class=\"fab fa-youtube\"><\/i>\t\t\t\t\t\t<\/span>\n\t\t\t\t\t\t\t\t\t\t<span class=\"elementor-icon-list-text\"><\/span>\n\t\t\t\t\t\t\t\t\t\t\t<\/a>\n\t\t\t\t\t\t\t\t\t<\/li>\n\t\t\t\t\t\t\t\t<li class=\"elementor-icon-list-item elementor-inline-item\">\n\t\t\t\t\t\t\t\t\t\t\t<a href=\"https:\/\/www.linkedin.com\/company\/citymarketing-den-helder\" target=\"_blank\">\n\n\t\t\t\t\t\t\t\t\t\t\t\t<span class=\"elementor-icon-list-icon\">\n\t\t\t\t\t\t\t<i aria-hidden=\"true\" class=\"fab fa-linkedin-in\"><\/i>\t\t\t\t\t\t<\/span>\n\t\t\t\t\t\t\t\t\t\t<span class=\"elementor-icon-list-text\"><\/span>\n\t\t\t\t\t\t\t\t\t\t\t<\/a>\n\t\t\t\t\t\t\t\t\t<\/li>\n\t\t\t\t\t\t<\/ul>\n\t\t\t\t\t\t<\/div>\n\t\t\t\t<\/div>\n\t\t\t\t<\/div>\n\t\t\t\t<\/div>\n\t\t\t\t\t<\/div>\n\t\t\t\t<\/div>\n\t\t<div class=\"elementor-element elementor-element-1ab72ecf e-flex e-con-boxed e-con e-parent\" data-id=\"1ab72ecf\" data-element_type=\"container\" data-e-type=\"container\" data-settings=\"{&quot;jet_parallax_layout_list&quot;:[]}\">\n\t\t\t\t\t<div class=\"e-con-inner\">\n\t\t<div class=\"elementor-element elementor-element-6add1d7d e-con-full e-flex e-con e-child\" data-id=\"6add1d7d\" data-element_type=\"container\" data-e-type=\"container\" data-settings=\"{&quot;jet_parallax_layout_list&quot;:[]}\">\n\t\t\t\t<div class=\"elementor-element elementor-element-3798dab4 elementor-widget__width-inherit elementor-widget elementor-widget-heading\" data-id=\"3798dab4\" data-element_type=\"widget\" data-e-type=\"widget\" data-widget_type=\"heading.default\">\n\t\t\t\t<div class=\"elementor-widget-container\">\n\t\t\t\t\t<h2 class=\"elementor-heading-title elementor-size-default\">\u00dcberreste in den D\u00fcnen: die M219<\/h2>\t\t\t\t<\/div>\n\t\t\t\t<\/div>\n\t\t\t\t<div class=\"elementor-element elementor-element-724f50ac elementor-widget elementor-widget-text-editor\" data-id=\"724f50ac\" data-element_type=\"widget\" data-e-type=\"widget\" data-widget_type=\"text-editor.default\">\n\t\t\t\t<div class=\"elementor-widget-container\">\n\t\t\t\t\t\t\t\t\t<p><em>Wer in Den Helder aufw\u00e4chst, w\u00e4chst auch an der Den Helder-Verteidigungslinie auf. Wer hat als Kind nicht in den D\u00fcnen und Bunkern gespielt? Diese Kolumne stellt jedes Jahr ein anderes Objekt der Den Helder-Verteidigungslinie vor. Diesmal ist es die M219.<\/em><\/p><p>Die M219 besteht aus zwei einzigartigen Bunkern der Seezielbatterie Zanddijk. Sie befinden sich in den D\u00fcnen von Julianadorp, nahe dem Strand von Zandloper, in Richtung des Strandpavillons Zee van Tijd. Nur zwei dieser Bunker wurden entlang des gesamten 5.000 Kilometer langen Atlantikwalls errichtet. Der Bunker sollte bis auf den Eingang und das Gesch\u00fctz vollst\u00e4ndig unter dem Sand getarnt sein. Das Gesch\u00fctz sollte vom Schlachtschiff Gneisenau abgebaut und auf den Kasematten platziert werden. Da die Bunker 1944, gegen Ende des Krieges, gebaut wurden, war das Gesch\u00fctz nur teilweise installiert. Nach dem Krieg wurden die Bunker zun\u00e4chst vermessen, dann abgedichtet und unter dem Sand begraben. Viele Jahre lang konnten Jugendliche und Besucher des Caf\u00e9 de Zandloper der Versuchung nicht widerstehen, in die Bunker einzubrechen. Schlie\u00dflich st\u00fcrzte das Dach des n\u00f6rdlichen Bunkers ein, und eine gro\u00dfe Menge Treibsand drang ein. Seit 2014 arbeitet eine gro\u00dfe Gruppe Freiwilliger der Stelling Den Helder Foundation daran, den Bunker wieder zug\u00e4nglich zu machen. Der erste Schritt? Nicht weniger als zwei Lkw-Ladungen Schutt und Sand wurden aus einem der Bunker entfernt. Dort entsteht nun ein Bildungszentrum. Der Bunker auf der S\u00fcdseite ist derzeit aufgrund der Brutkolonien des Steinschm\u00e4tzers und der dort lebenden Fledermausart f\u00fcr die \u00d6ffentlichkeit gesperrt.<\/p><p><img decoding=\"async\" class=\"alignnone size-medium wp-image-11584 aligncenter\" src=\"https:\/\/denhelder.online\/wp-content\/uploads\/2025\/06\/Bunker-M219-300x169.png\" alt=\"Bunker M219 Julianadorp Den Helder\" width=\"300\" height=\"169\" srcset=\"https:\/\/denhelder.online\/wp-content\/uploads\/2025\/06\/Bunker-M219-300x169.png 300w, https:\/\/denhelder.online\/wp-content\/uploads\/2025\/06\/Bunker-M219-1024x576.png 1024w, https:\/\/denhelder.online\/wp-content\/uploads\/2025\/06\/Bunker-M219-768x432.png 768w, https:\/\/denhelder.online\/wp-content\/uploads\/2025\/06\/Bunker-M219-1536x864.png 1536w, https:\/\/denhelder.online\/wp-content\/uploads\/2025\/06\/Bunker-M219-18x10.png 18w, https:\/\/denhelder.online\/wp-content\/uploads\/2025\/06\/Bunker-M219-600x338.png 600w, https:\/\/denhelder.online\/wp-content\/uploads\/2025\/06\/Bunker-M219.png 1920w\" sizes=\"(max-width: 300px) 100vw, 300px\" \/><\/p><p>Die M219 kann am Tag der offenen Denkm\u00e4ler, am Bunkertag und an anderen Tagen besichtigt werden. <a href=\"https:\/\/www.m219bunkermuseum.nl\/openingstijden-prijzen\">Termin.<\/a><\/p><p>\u00a0<\/p><p>Fotos: Stelling Den Helder Stiftung<\/p>\t\t\t\t\t\t\t\t<\/div>\n\t\t\t\t<\/div>\n\t\t\t\t<\/div>\n\t\t\t\t\t<\/div>\n\t\t\t\t<\/div>\n\t\t\t\t<\/div>","protected":false},"excerpt":{"rendered":"<p>Volg ons op social: \u00a0 \u00a0 \u00a0 \u00a0 Overblijfselen in de duinen: de M219 Wie opgroeit in Den Helder, groeit ook op in de Stelling van Den Helder. Wie heeft er in zijn jeugd niet lopen ravotten in de duinen en de bunkers? In deze rubriek wordt iedere keer een ander object uit de Stelling [&hellip;]<\/p>\n","protected":false},"author":17,"featured_media":11827,"parent":0,"menu_order":0,"comment_status":"closed","ping_status":"closed","template":"elementor_header_footer","meta":{"footnotes":""},"tags":[],"doelgroep":[],"categorie":[5677],"class_list":["post-11822","page","type-page","status-publish","has-post-thumbnail","hentry","categorie-kunst-cultuur"],"yoast_head":"<!-- This site is optimized with the Yoast SEO Premium plugin v24.7 (Yoast SEO v27.4) - https:\/\/yoast.com\/product\/yoast-seo-premium-wordpress\/ -->\n<title>Ontdek de unieke M219 bunker aan strandslag De Zandloper<\/title>\n<meta name=\"description\" content=\"Ontdek de M219 bunker in Julianadorp \u2013 een zeldzaam stukje Atlantikwall\" \/>\n<meta name=\"robots\" content=\"index, follow, max-snippet:-1, max-image-preview:large, max-video-preview:-1\" \/>\n<link rel=\"canonical\" href=\"https:\/\/denhelder.online\/de\/uberreste-in-den-dunen-die-m219\/\" \/>\n<meta property=\"og:locale\" content=\"de_DE\" \/>\n<meta property=\"og:type\" content=\"article\" \/>\n<meta property=\"og:title\" content=\"Overblijfselen in de duinen: de M219\" \/>\n<meta property=\"og:description\" content=\"Ontdek de M219 bunker in Julianadorp \u2013 een zeldzaam stukje Atlantikwall\" \/>\n<meta property=\"og:url\" content=\"https:\/\/denhelder.online\/de\/uberreste-in-den-dunen-die-m219\/\" \/>\n<meta property=\"og:site_name\" content=\"Den Helder Online\" \/>\n<meta property=\"article:modified_time\" content=\"2026-01-19T13:16:17+00:00\" \/>\n<meta property=\"og:image\" content=\"https:\/\/denhelder.online\/wp-content\/uploads\/2025\/06\/Bunker-M219-Julianadorp.jpg\" \/>\n\t<meta property=\"og:image:width\" content=\"960\" \/>\n\t<meta property=\"og:image:height\" content=\"640\" \/>\n\t<meta property=\"og:image:type\" content=\"image\/jpeg\" \/>\n<meta name=\"twitter:card\" content=\"summary_large_image\" \/>\n<meta name=\"twitter:label1\" content=\"Gesch\u00e4tzte Lesezeit\" \/>\n\t<meta name=\"twitter:data1\" content=\"3\u00a0Minuten\" \/>\n<script type=\"application\/ld+json\" class=\"yoast-schema-graph\">{\"@context\":\"https:\\\/\\\/schema.org\",\"@graph\":[{\"@type\":\"WebPage\",\"@id\":\"https:\\\/\\\/denhelder.online\\\/overblijfselen-in-de-duinen-de-m219\\\/\",\"url\":\"https:\\\/\\\/denhelder.online\\\/overblijfselen-in-de-duinen-de-m219\\\/\",\"name\":\"Ontdek de unieke M219 bunker aan strandslag De Zandloper\",\"isPartOf\":{\"@id\":\"https:\\\/\\\/denhelder.online\\\/#website\"},\"primaryImageOfPage\":{\"@id\":\"https:\\\/\\\/denhelder.online\\\/overblijfselen-in-de-duinen-de-m219\\\/#primaryimage\"},\"image\":{\"@id\":\"https:\\\/\\\/denhelder.online\\\/overblijfselen-in-de-duinen-de-m219\\\/#primaryimage\"},\"thumbnailUrl\":\"https:\\\/\\\/denhelder.online\\\/wp-content\\\/uploads\\\/2025\\\/06\\\/Bunker-M219-Julianadorp.jpg\",\"datePublished\":\"2025-06-13T11:28:19+00:00\",\"dateModified\":\"2026-01-19T13:16:17+00:00\",\"description\":\"Ontdek de M219 bunker in Julianadorp \u2013 een zeldzaam stukje Atlantikwall\",\"breadcrumb\":{\"@id\":\"https:\\\/\\\/denhelder.online\\\/overblijfselen-in-de-duinen-de-m219\\\/#breadcrumb\"},\"inLanguage\":\"de\",\"potentialAction\":[{\"@type\":\"ReadAction\",\"target\":[\"https:\\\/\\\/denhelder.online\\\/overblijfselen-in-de-duinen-de-m219\\\/\"]}]},{\"@type\":\"ImageObject\",\"inLanguage\":\"de\",\"@id\":\"https:\\\/\\\/denhelder.online\\\/overblijfselen-in-de-duinen-de-m219\\\/#primaryimage\",\"url\":\"https:\\\/\\\/denhelder.online\\\/wp-content\\\/uploads\\\/2025\\\/06\\\/Bunker-M219-Julianadorp.jpg\",\"contentUrl\":\"https:\\\/\\\/denhelder.online\\\/wp-content\\\/uploads\\\/2025\\\/06\\\/Bunker-M219-Julianadorp.jpg\",\"width\":960,\"height\":640,\"caption\":\"Bunker M219 Julianadorp Den Helder\"},{\"@type\":\"BreadcrumbList\",\"@id\":\"https:\\\/\\\/denhelder.online\\\/overblijfselen-in-de-duinen-de-m219\\\/#breadcrumb\",\"itemListElement\":[{\"@type\":\"ListItem\",\"position\":1,\"name\":\"Home\",\"item\":\"https:\\\/\\\/denhelder.online\\\/\"},{\"@type\":\"ListItem\",\"position\":2,\"name\":\"Overblijfselen in de duinen: de M219\"}]},{\"@type\":\"WebSite\",\"@id\":\"https:\\\/\\\/denhelder.online\\\/#website\",\"url\":\"https:\\\/\\\/denhelder.online\\\/\",\"name\":\"Den Helder Online\",\"description\":\"Beleef Den Helder\",\"publisher\":{\"@id\":\"https:\\\/\\\/denhelder.online\\\/#organization\"},\"potentialAction\":[{\"@type\":\"SearchAction\",\"target\":{\"@type\":\"EntryPoint\",\"urlTemplate\":\"https:\\\/\\\/denhelder.online\\\/?s={search_term_string}\"},\"query-input\":{\"@type\":\"PropertyValueSpecification\",\"valueRequired\":true,\"valueName\":\"search_term_string\"}}],\"inLanguage\":\"de\"},{\"@type\":\"Organization\",\"@id\":\"https:\\\/\\\/denhelder.online\\\/#organization\",\"name\":\"Den Helder Online\",\"url\":\"https:\\\/\\\/denhelder.online\\\/\",\"logo\":{\"@type\":\"ImageObject\",\"inLanguage\":\"de\",\"@id\":\"https:\\\/\\\/denhelder.online\\\/#\\\/schema\\\/logo\\\/image\\\/\",\"url\":\"https:\\\/\\\/denhelder.online\\\/wp-content\\\/uploads\\\/2021\\\/12\\\/DitIsDH-Logo-26-tagline.svg\",\"contentUrl\":\"https:\\\/\\\/denhelder.online\\\/wp-content\\\/uploads\\\/2021\\\/12\\\/DitIsDH-Logo-26-tagline.svg\",\"width\":1717.0999999999999,\"height\":934.89999999999998,\"caption\":\"Den Helder Online\"},\"image\":{\"@id\":\"https:\\\/\\\/denhelder.online\\\/#\\\/schema\\\/logo\\\/image\\\/\"}}]}<\/script>\n<!-- \/ Yoast SEO Premium plugin. -->","yoast_head_json":{"title":"Entdecken Sie den einzigartigen M219-Bunker in der Strandschlacht von De Zandloper","description":"Entdecken Sie den M219-Bunker in Julianadorp \u2013 ein seltenes \u00dcberbleibsel des Atlantikwalls.","robots":{"index":"index","follow":"follow","max-snippet":"max-snippet:-1","max-image-preview":"max-image-preview:large","max-video-preview":"max-video-preview:-1"},"canonical":"https:\/\/denhelder.online\/de\/uberreste-in-den-dunen-die-m219\/","og_locale":"de_DE","og_type":"article","og_title":"Overblijfselen in de duinen: de M219","og_description":"Ontdek de M219 bunker in Julianadorp \u2013 een zeldzaam stukje Atlantikwall","og_url":"https:\/\/denhelder.online\/de\/uberreste-in-den-dunen-die-m219\/","og_site_name":"Den Helder Online","article_modified_time":"2026-01-19T13:16:17+00:00","og_image":[{"width":960,"height":640,"url":"https:\/\/denhelder.online\/wp-content\/uploads\/2025\/06\/Bunker-M219-Julianadorp.jpg","type":"image\/jpeg"}],"twitter_card":"summary_large_image","twitter_misc":{"Gesch\u00e4tzte Lesezeit":"3\u00a0Minuten"},"schema":{"@context":"https:\/\/schema.org","@graph":[{"@type":"WebPage","@id":"https:\/\/denhelder.online\/overblijfselen-in-de-duinen-de-m219\/","url":"https:\/\/denhelder.online\/overblijfselen-in-de-duinen-de-m219\/","name":"Entdecken Sie den einzigartigen M219-Bunker in der Strandschlacht von De Zandloper","isPartOf":{"@id":"https:\/\/denhelder.online\/#website"},"primaryImageOfPage":{"@id":"https:\/\/denhelder.online\/overblijfselen-in-de-duinen-de-m219\/#primaryimage"},"image":{"@id":"https:\/\/denhelder.online\/overblijfselen-in-de-duinen-de-m219\/#primaryimage"},"thumbnailUrl":"https:\/\/denhelder.online\/wp-content\/uploads\/2025\/06\/Bunker-M219-Julianadorp.jpg","datePublished":"2025-06-13T11:28:19+00:00","dateModified":"2026-01-19T13:16:17+00:00","description":"Entdecken Sie den M219-Bunker in Julianadorp \u2013 ein seltenes \u00dcberbleibsel des Atlantikwalls.","breadcrumb":{"@id":"https:\/\/denhelder.online\/overblijfselen-in-de-duinen-de-m219\/#breadcrumb"},"inLanguage":"de","potentialAction":[{"@type":"ReadAction","target":["https:\/\/denhelder.online\/overblijfselen-in-de-duinen-de-m219\/"]}]},{"@type":"ImageObject","inLanguage":"de","@id":"https:\/\/denhelder.online\/overblijfselen-in-de-duinen-de-m219\/#primaryimage","url":"https:\/\/denhelder.online\/wp-content\/uploads\/2025\/06\/Bunker-M219-Julianadorp.jpg","contentUrl":"https:\/\/denhelder.online\/wp-content\/uploads\/2025\/06\/Bunker-M219-Julianadorp.jpg","width":960,"height":640,"caption":"Bunker M219 Julianadorp Den Helder"},{"@type":"BreadcrumbList","@id":"https:\/\/denhelder.online\/overblijfselen-in-de-duinen-de-m219\/#breadcrumb","itemListElement":[{"@type":"ListItem","position":1,"name":"Home","item":"https:\/\/denhelder.online\/"},{"@type":"ListItem","position":2,"name":"Overblijfselen in de duinen: de M219"}]},{"@type":"WebSite","@id":"https:\/\/denhelder.online\/#website","url":"https:\/\/denhelder.online\/","name":"Den Helder Online","description":"Erleben Sie Den Helder","publisher":{"@id":"https:\/\/denhelder.online\/#organization"},"potentialAction":[{"@type":"SearchAction","target":{"@type":"EntryPoint","urlTemplate":"https:\/\/denhelder.online\/?s={search_term_string}"},"query-input":{"@type":"PropertyValueSpecification","valueRequired":true,"valueName":"search_term_string"}}],"inLanguage":"de"},{"@type":"Organization","@id":"https:\/\/denhelder.online\/#organization","name":"Den Helder Online","url":"https:\/\/denhelder.online\/","logo":{"@type":"ImageObject","inLanguage":"de","@id":"https:\/\/denhelder.online\/#\/schema\/logo\/image\/","url":"https:\/\/denhelder.online\/wp-content\/uploads\/2021\/12\/DitIsDH-Logo-26-tagline.svg","contentUrl":"https:\/\/denhelder.online\/wp-content\/uploads\/2021\/12\/DitIsDH-Logo-26-tagline.svg","width":1717.0999999999999,"height":934.89999999999998,"caption":"Den Helder Online"},"image":{"@id":"https:\/\/denhelder.online\/#\/schema\/logo\/image\/"}}]}},"_links":{"self":[{"href":"https:\/\/denhelder.online\/de\/wp-json\/wp\/v2\/pages\/11822","targetHints":{"allow":["GET"]}}],"collection":[{"href":"https:\/\/denhelder.online\/de\/wp-json\/wp\/v2\/pages"}],"about":[{"href":"https:\/\/denhelder.online\/de\/wp-json\/wp\/v2\/types\/page"}],"author":[{"embeddable":true,"href":"https:\/\/denhelder.online\/de\/wp-json\/wp\/v2\/users\/17"}],"replies":[{"embeddable":true,"href":"https:\/\/denhelder.online\/de\/wp-json\/wp\/v2\/comments?post=11822"}],"version-history":[{"count":0,"href":"https:\/\/denhelder.online\/de\/wp-json\/wp\/v2\/pages\/11822\/revisions"}],"wp:featuredmedia":[{"embeddable":true,"href":"https:\/\/denhelder.online\/de\/wp-json\/wp\/v2\/media\/11827"}],"wp:attachment":[{"href":"https:\/\/denhelder.online\/de\/wp-json\/wp\/v2\/media?parent=11822"}],"wp:term":[{"taxonomy":"post_tag","embeddable":true,"href":"https:\/\/denhelder.online\/de\/wp-json\/wp\/v2\/tags?post=11822"},{"taxonomy":"doelgroep","embeddable":true,"href":"https:\/\/denhelder.online\/de\/wp-json\/wp\/v2\/doelgroep?post=11822"},{"taxonomy":"categorie","embeddable":true,"href":"https:\/\/denhelder.online\/de\/wp-json\/wp\/v2\/categorie?post=11822"}],"curies":[{"name":"wp","href":"https:\/\/api.w.org\/{rel}","templated":true}]}}