{"id":11851,"date":"2025-06-13T14:01:24","date_gmt":"2025-06-13T12:01:24","guid":{"rendered":"https:\/\/denhelder.online\/?page_id=11851"},"modified":"2026-01-13T14:16:57","modified_gmt":"2026-01-13T13:16:57","slug":"willemsoord-state-shipyard","status":"publish","type":"page","link":"https:\/\/denhelder.online\/de\/den-helder-spookstad\/rijkswerf-willemsoord\/","title":{"rendered":"Nationale Werft Willemsoord"},"content":{"rendered":"<div data-elementor-type=\"wp-page\" data-elementor-id=\"11851\" class=\"elementor elementor-11851\" data-elementor-post-type=\"page\">\n\t\t\t\t<div class=\"elementor-element elementor-element-21b805c3 e-flex e-con-boxed e-con e-parent\" data-id=\"21b805c3\" data-element_type=\"container\" data-e-type=\"container\" data-settings=\"{&quot;background_background&quot;:&quot;classic&quot;,&quot;jet_parallax_layout_list&quot;:[]}\">\n\t\t\t\t\t<div class=\"e-con-inner\">\n\t\t<div class=\"elementor-element elementor-element-12333ee8 e-con-full e-flex e-con e-child\" data-id=\"12333ee8\" data-element_type=\"container\" data-e-type=\"container\" data-settings=\"{&quot;jet_parallax_layout_list&quot;:[]}\">\n\t\t\t\t<div class=\"elementor-element elementor-element-6877067d elementor-widget__width-inherit elementor-widget elementor-widget-image\" data-id=\"6877067d\" data-element_type=\"widget\" data-e-type=\"widget\" data-widget_type=\"image.default\">\n\t\t\t\t<div class=\"elementor-widget-container\">\n\t\t\t\t\t\t\t\t\t\t\t\t\t\t\t<img fetchpriority=\"high\" decoding=\"async\" width=\"800\" height=\"563\" src=\"https:\/\/denhelder.online\/wp-content\/uploads\/2025\/06\/Marinemuseum.jpg\" class=\"attachment-large size-large wp-image-11855\" alt=\"Marinemuseum Den Helder\" srcset=\"https:\/\/denhelder.online\/wp-content\/uploads\/2025\/06\/Marinemuseum.jpg 1024w, https:\/\/denhelder.online\/wp-content\/uploads\/2025\/06\/Marinemuseum-300x211.jpg 300w, https:\/\/denhelder.online\/wp-content\/uploads\/2025\/06\/Marinemuseum-768x541.jpg 768w, https:\/\/denhelder.online\/wp-content\/uploads\/2025\/06\/Marinemuseum-18x12.jpg 18w, https:\/\/denhelder.online\/wp-content\/uploads\/2025\/06\/Marinemuseum-600x422.jpg 600w\" sizes=\"(max-width: 800px) 100vw, 800px\" \/>\t\t\t\t\t\t\t\t\t\t\t\t\t\t\t<\/div>\n\t\t\t\t<\/div>\n\t\t\t\t<\/div>\n\t\t\t\t\t<\/div>\n\t\t\t\t<\/div>\n\t\t<div class=\"elementor-element elementor-element-29ba0bc6 e-flex e-con-boxed e-con e-parent\" data-id=\"29ba0bc6\" data-element_type=\"container\" data-e-type=\"container\" data-settings=\"{&quot;jet_parallax_layout_list&quot;:[]}\">\n\t\t\t\t\t<div class=\"e-con-inner\">\n\t\t<div class=\"elementor-element elementor-element-71d072a9 e-con-full e-flex e-con e-child\" data-id=\"71d072a9\" data-element_type=\"container\" data-e-type=\"container\" data-settings=\"{&quot;jet_parallax_layout_list&quot;:[]}\">\n\t\t\t\t<div class=\"elementor-element elementor-element-514d5576 elementor-widget elementor-widget-breadcrumbs\" data-id=\"514d5576\" data-element_type=\"widget\" data-e-type=\"widget\" data-widget_type=\"breadcrumbs.default\">\n\t\t\t\t<div class=\"elementor-widget-container\">\n\t\t\t\t\t<p id=\"breadcrumbs\"><span><span><a href=\"https:\/\/denhelder.online\/de\/\">Heim<\/a><\/span><\/span><\/p>\t\t\t\t<\/div>\n\t\t\t\t<\/div>\n\t\t<div class=\"elementor-element elementor-element-34615630 e-con-full e-flex e-con e-child\" data-id=\"34615630\" data-element_type=\"container\" data-e-type=\"container\" data-settings=\"{&quot;jet_parallax_layout_list&quot;:[]}\">\n\t\t\t\t<div class=\"elementor-element elementor-element-1ac29366 elementor-widget elementor-widget-heading\" data-id=\"1ac29366\" data-element_type=\"widget\" data-e-type=\"widget\" data-widget_type=\"heading.default\">\n\t\t\t\t<div class=\"elementor-widget-container\">\n\t\t\t\t\t<p class=\"elementor-heading-title elementor-size-default\">Folgen Sie uns in den sozialen Netzwerken:<\/p>\t\t\t\t<\/div>\n\t\t\t\t<\/div>\n\t\t\t\t<div class=\"elementor-element elementor-element-73966fb2 elementor-icon-list--layout-inline elementor-align-end elementor-list-item-link-full_width elementor-widget elementor-widget-global elementor-global-1176 elementor-widget-icon-list\" data-id=\"73966fb2\" data-element_type=\"widget\" data-e-type=\"widget\" data-widget_type=\"icon-list.default\">\n\t\t\t\t<div class=\"elementor-widget-container\">\n\t\t\t\t\t\t\t<ul class=\"elementor-icon-list-items elementor-inline-items\">\n\t\t\t\t\t\t\t<li class=\"elementor-icon-list-item elementor-inline-item\">\n\t\t\t\t\t\t\t\t\t\t\t<a href=\"https:\/\/www.facebook.com\/ditisdenhelder\" target=\"_blank\">\n\n\t\t\t\t\t\t\t\t\t\t\t\t<span class=\"elementor-icon-list-icon\">\n\t\t\t\t\t\t\t<i aria-hidden=\"true\" class=\"fab fa-facebook\"><\/i>\t\t\t\t\t\t<\/span>\n\t\t\t\t\t\t\t\t\t\t<span class=\"elementor-icon-list-text\"><\/span>\n\t\t\t\t\t\t\t\t\t\t\t<\/a>\n\t\t\t\t\t\t\t\t\t<\/li>\n\t\t\t\t\t\t\t\t<li class=\"elementor-icon-list-item elementor-inline-item\">\n\t\t\t\t\t\t\t\t\t\t\t<a href=\"https:\/\/www.instagram.com\/ditisdenhelder\/\" target=\"_blank\">\n\n\t\t\t\t\t\t\t\t\t\t\t\t<span class=\"elementor-icon-list-icon\">\n\t\t\t\t\t\t\t<i aria-hidden=\"true\" class=\"fab fa-instagram\"><\/i>\t\t\t\t\t\t<\/span>\n\t\t\t\t\t\t\t\t\t\t<span class=\"elementor-icon-list-text\"><\/span>\n\t\t\t\t\t\t\t\t\t\t\t<\/a>\n\t\t\t\t\t\t\t\t\t<\/li>\n\t\t\t\t\t\t\t\t<li class=\"elementor-icon-list-item elementor-inline-item\">\n\t\t\t\t\t\t\t\t\t\t\t<a href=\"https:\/\/www.youtube.com\/channel\/UCxXdcocRQwb3lDwiYBp3llg\" target=\"_blank\">\n\n\t\t\t\t\t\t\t\t\t\t\t\t<span class=\"elementor-icon-list-icon\">\n\t\t\t\t\t\t\t<i aria-hidden=\"true\" class=\"fab fa-youtube\"><\/i>\t\t\t\t\t\t<\/span>\n\t\t\t\t\t\t\t\t\t\t<span class=\"elementor-icon-list-text\"><\/span>\n\t\t\t\t\t\t\t\t\t\t\t<\/a>\n\t\t\t\t\t\t\t\t\t<\/li>\n\t\t\t\t\t\t\t\t<li class=\"elementor-icon-list-item elementor-inline-item\">\n\t\t\t\t\t\t\t\t\t\t\t<a href=\"https:\/\/www.linkedin.com\/company\/citymarketing-den-helder\" target=\"_blank\">\n\n\t\t\t\t\t\t\t\t\t\t\t\t<span class=\"elementor-icon-list-icon\">\n\t\t\t\t\t\t\t<i aria-hidden=\"true\" class=\"fab fa-linkedin-in\"><\/i>\t\t\t\t\t\t<\/span>\n\t\t\t\t\t\t\t\t\t\t<span class=\"elementor-icon-list-text\"><\/span>\n\t\t\t\t\t\t\t\t\t\t\t<\/a>\n\t\t\t\t\t\t\t\t\t<\/li>\n\t\t\t\t\t\t<\/ul>\n\t\t\t\t\t\t<\/div>\n\t\t\t\t<\/div>\n\t\t\t\t<\/div>\n\t\t\t\t<\/div>\n\t\t\t\t\t<\/div>\n\t\t\t\t<\/div>\n\t\t<div class=\"elementor-element elementor-element-4665f143 e-flex e-con-boxed e-con e-parent\" data-id=\"4665f143\" data-element_type=\"container\" data-e-type=\"container\" data-settings=\"{&quot;jet_parallax_layout_list&quot;:[]}\">\n\t\t\t\t\t<div class=\"e-con-inner\">\n\t\t<div class=\"elementor-element elementor-element-3152de16 e-con-full e-flex e-con e-child\" data-id=\"3152de16\" data-element_type=\"container\" data-e-type=\"container\" data-settings=\"{&quot;jet_parallax_layout_list&quot;:[]}\">\n\t\t\t\t<div class=\"elementor-element elementor-element-220da268 elementor-widget__width-inherit elementor-widget elementor-widget-heading\" data-id=\"220da268\" data-element_type=\"widget\" data-e-type=\"widget\" data-widget_type=\"heading.default\">\n\t\t\t\t<div class=\"elementor-widget-container\">\n\t\t\t\t\t<span class=\"elementor-heading-title elementor-size-default\">Die Spalte \u201eAussagen\u201c<\/span>\t\t\t\t<\/div>\n\t\t\t\t<\/div>\n\t\t\t\t<div class=\"elementor-element elementor-element-4e1d8d95 elementor-widget__width-inherit elementor-widget elementor-widget-heading\" data-id=\"4e1d8d95\" data-element_type=\"widget\" data-e-type=\"widget\" data-widget_type=\"heading.default\">\n\t\t\t\t<div class=\"elementor-widget-container\">\n\t\t\t\t\t<h2 class=\"elementor-heading-title elementor-size-default\">Nationale Werft Willemsoord\n<\/h2>\t\t\t\t<\/div>\n\t\t\t\t<\/div>\n\t\t\t\t<div class=\"elementor-element elementor-element-46ab4daa elementor-widget elementor-widget-text-editor\" data-id=\"46ab4daa\" data-element_type=\"widget\" data-e-type=\"widget\" data-widget_type=\"text-editor.default\">\n\t\t\t\t<div class=\"elementor-widget-container\">\n\t\t\t\t\t\t\t\t\t<p><em>Die Stelling-Kolumne in jeder Ausgabe der Zeitung City Marketing informiert \u00fcber die zahlreichen Befestigungsanlagen in Den Helder. Diesmal wird Jan Kikkert von der Helderse Social History Association \u00fcber Willemsoord sprechen.<\/em><\/p>\n<p><img decoding=\"async\" class=\"alignnone size-medium wp-image-11855 aligncenter\" src=\"https:\/\/denhelder.online\/wp-content\/uploads\/2025\/06\/Marinemuseum-300x211.jpg\" alt=\"Marinemuseum Den Helder\" width=\"300\" height=\"211\" srcset=\"https:\/\/denhelder.online\/wp-content\/uploads\/2025\/06\/Marinemuseum-300x211.jpg 300w, https:\/\/denhelder.online\/wp-content\/uploads\/2025\/06\/Marinemuseum-768x541.jpg 768w, https:\/\/denhelder.online\/wp-content\/uploads\/2025\/06\/Marinemuseum-18x12.jpg 18w, https:\/\/denhelder.online\/wp-content\/uploads\/2025\/06\/Marinemuseum-600x422.jpg 600w, https:\/\/denhelder.online\/wp-content\/uploads\/2025\/06\/Marinemuseum.jpg 1024w\" sizes=\"(max-width: 300px) 100vw, 300px\" \/><\/p>\n<p><strong>Willemsoord Hauptkanal Marine alt<\/strong><\/p>\n<p>Wenn wir von der Rijkswerf Willemsoord sprechen, meinen wir meist das neu erbaute Rathaus oder Geb\u00e4ude 66 (Masthalle). Ich m\u00f6chte Sie jedoch auf die andere Seite von Willemsoord mitnehmen, zum Hoofdgracht-Kanal, wo sich heute das Marinemuseum befindet. Die ehemalige Rijkswerf hie\u00df offiziell Maritiem Etablissement Willemsoord. Sie wurde 1811 auf Napoleons Dekret hin nach den Pl\u00e4nen von Jan Blanken Jansz. erbaut. Dieser Architekt arbeitete gewissenhaft und gab 1823 auch den Bau des sogenannten \u2018Torentje\u201c (Kleinen Turms) in Auftrag. Er verdankt seinen Namen dem Uhrturm auf dem Geb\u00e4ude. Diese Uhr zeigte die \u00d6ffnungs- und Schlie\u00dfzeiten der Rijkswerf an. Das Geb\u00e4ude war urspr\u00fcnglich f\u00fcr die Lagerung leicht entz\u00fcndlicher Materialien vorgesehen und diente sp\u00e4ter auch als Proviantlager f\u00fcr Schiffe. Au\u00dferdem wurde hier ein Schlachthof f\u00fcr Vieh eingerichtet. Nachdem das Marinemuseum viele Jahre lang verschiedene Funktionen erf\u00fcllt hatte, zog es 1965 vom Peperhuisje-Geb\u00e4ude am Havenplein, seinem Ursprungsort, das zu klein geworden war, in das Torentje-Geb\u00e4ude um.<\/p>\n<p>Ein weiteres sch\u00f6nes Geb\u00e4ude im Museum ist die Schaluppenhalle (Geb\u00e4ude 3), die sich neben dem U-Boot \u201eTonijn\u201c befindet. Sie dient heute als Museumsdepot, wurde aber urspr\u00fcnglich f\u00fcr die Wartung von Gaffelkanonenbooten errichtet. Diese Hallen besa\u00dfen 18 \u00fcberdachte Buchten, von denen heute nur noch sieben aus dem Jahr 1833 erhalten sind.<\/p>\n<p><img decoding=\"async\" class=\"size-medium wp-image-11854 aligncenter\" src=\"https:\/\/denhelder.online\/wp-content\/uploads\/2025\/06\/Marinemuseum_t_Torentje-214x300.jpg\" alt=\"Marinemuseum &#039;t Torrentje Den Helder\" width=\"214\" height=\"300\" srcset=\"https:\/\/denhelder.online\/wp-content\/uploads\/2025\/06\/Marinemuseum_t_Torentje-214x300.jpg 214w, https:\/\/denhelder.online\/wp-content\/uploads\/2025\/06\/Marinemuseum_t_Torentje-9x12.jpg 9w, https:\/\/denhelder.online\/wp-content\/uploads\/2025\/06\/Marinemuseum_t_Torentje-429x600.jpg 429w, https:\/\/denhelder.online\/wp-content\/uploads\/2025\/06\/Marinemuseum_t_Torentje.jpg 604w\" sizes=\"(max-width: 214px) 100vw, 214px\" \/><\/p>\n<p><i>Turm des Marinemuseums Willemsoord, altes Foto des Hauptkanals<\/i><\/p>\n<p>Ein weiteres sch\u00f6nes Geb\u00e4ude im Museum ist die Schaluppenhalle (Geb\u00e4ude 3), die sich neben dem U-Boot \u201eTonijn\u201c befindet. Sie dient heute als Museumsdepot, wurde aber urspr\u00fcnglich f\u00fcr die Wartung von Gaffelkanonenbooten errichtet. Diese Hallen besa\u00dfen 18 \u00fcberdachte Buchten, von denen heute nur noch sieben aus dem Jahr 1833 erhalten sind.<\/p>\n<p><\/p>\n<p><img loading=\"lazy\" decoding=\"async\" class=\"alignnone size-medium wp-image-11856 aligncenter\" src=\"https:\/\/denhelder.online\/wp-content\/uploads\/2025\/06\/Willemsoord-verdedigingswerken-1-300x275.jpg\" alt=\"Willemsoord Schaluppenschuppen Den Helder\" width=\"300\" height=\"275\" srcset=\"https:\/\/denhelder.online\/wp-content\/uploads\/2025\/06\/Willemsoord-verdedigingswerken-1-300x275.jpg 300w, https:\/\/denhelder.online\/wp-content\/uploads\/2025\/06\/Willemsoord-verdedigingswerken-1-13x12.jpg 13w, https:\/\/denhelder.online\/wp-content\/uploads\/2025\/06\/Willemsoord-verdedigingswerken-1-600x550.jpg 600w, https:\/\/denhelder.online\/wp-content\/uploads\/2025\/06\/Willemsoord-verdedigingswerken-1.jpg 720w\" sizes=\"(max-width: 300px) 100vw, 300px\" \/><\/p>\t\t\t\t\t\t\t\t<\/div>\n\t\t\t\t<\/div>\n\t\t<div class=\"elementor-element elementor-element-16dab9e6 e-con-full e-flex e-con e-child\" data-id=\"16dab9e6\" data-element_type=\"container\" data-e-type=\"container\" data-settings=\"{&quot;jet_parallax_layout_list&quot;:[]}\">\n\t\t\t\t<div class=\"elementor-element elementor-element-19be4897 elementor-mobile-align-justify elementor-widget-mobile__width-inherit elementor-tablet-align-justify elementor-widget elementor-widget-button\" data-id=\"19be4897\" data-element_type=\"widget\" data-e-type=\"widget\" data-widget_type=\"button.default\">\n\t\t\t\t<div class=\"elementor-widget-container\">\n\t\t\t\t\t\t\t\t\t<div class=\"elementor-button-wrapper\">\n\t\t\t\t\t<a class=\"elementor-button elementor-button-link elementor-size-sm\" href=\"#\">\n\t\t\t\t\t\t<span class=\"elementor-button-content-wrapper\">\n\t\t\t\t\t\t<span class=\"elementor-button-icon\">\n\t\t\t\t<i aria-hidden=\"true\" class=\"fas fa-chevron-right\"><\/i>\t\t\t<\/span>\n\t\t\t\t\t\t\t\t\t<span class=\"elementor-button-text\">Prim\u00e4re Schaltfl\u00e4che<\/span>\n\t\t\t\t\t<\/span>\n\t\t\t\t\t<\/a>\n\t\t\t\t<\/div>\n\t\t\t\t\t\t\t\t<\/div>\n\t\t\t\t<\/div>\n\t\t\t\t<div class=\"elementor-element elementor-element-155af2e elementor-mobile-align-justify elementor-widget-mobile__width-inherit elementor-tablet-align-justify elementor-widget elementor-widget-button\" data-id=\"155af2e\" data-element_type=\"widget\" data-e-type=\"widget\" data-widget_type=\"button.default\">\n\t\t\t\t<div class=\"elementor-widget-container\">\n\t\t\t\t\t\t\t\t\t<div class=\"elementor-button-wrapper\">\n\t\t\t\t\t<a class=\"elementor-button elementor-button-link elementor-size-sm\" href=\"#\">\n\t\t\t\t\t\t<span class=\"elementor-button-content-wrapper\">\n\t\t\t\t\t\t<span class=\"elementor-button-icon\">\n\t\t\t\t<i aria-hidden=\"true\" class=\"fas fa-chevron-right\"><\/i>\t\t\t<\/span>\n\t\t\t\t\t\t\t\t\t<span class=\"elementor-button-text\">Sekund\u00e4rtaste<\/span>\n\t\t\t\t\t<\/span>\n\t\t\t\t\t<\/a>\n\t\t\t\t<\/div>\n\t\t\t\t\t\t\t\t<\/div>\n\t\t\t\t<\/div>\n\t\t\t\t<\/div>\n\t\t\t\t<\/div>\n\t\t\t\t\t<\/div>\n\t\t\t\t<\/div>\n\t\t\t\t<\/div>","protected":false},"excerpt":{"rendered":"<p>Volg ons op social: \u00a0 \u00a0 \u00a0 \u00a0 De Stellingrubriek Rijkswerf Willemsoord De Stellingrubriek geeft iedere editie van de Citymarketingkrant informatie weer over de vele verdedigingswerken die Den Helder rijk is. Ditmaal wordt er verteld door Jan Kikkert van de Helderse Vereniging voor Sociale Geschiedenis over Willemsoord. Willemsoord hoofdgracht marine oud Als we het over [&hellip;]<\/p>\n","protected":false},"author":17,"featured_media":4043,"parent":11565,"menu_order":0,"comment_status":"closed","ping_status":"closed","template":"elementor_header_footer","meta":{"footnotes":""},"tags":[],"doelgroep":[],"categorie":[5677],"class_list":["post-11851","page","type-page","status-publish","has-post-thumbnail","hentry","categorie-kunst-cultuur"],"yoast_head":"<!-- This site is optimized with the Yoast SEO Premium plugin v24.7 (Yoast SEO v27.3) - https:\/\/yoast.com\/product\/yoast-seo-premium-wordpress\/ -->\n<title>Rijkswerf Willemsoord: maritiem erfgoed in Den Helder<\/title>\n<meta name=\"description\" content=\"Van klokkentoren tot onderzeeboot: Rijkswerf Willemsoord in Den Helder zit vol geschiedenis, architectuur en inspiratie\" \/>\n<meta name=\"robots\" content=\"index, follow, max-snippet:-1, max-image-preview:large, max-video-preview:-1\" \/>\n<link rel=\"canonical\" href=\"https:\/\/denhelder.online\/de\/die-helle-geisterstadt\/willemsoord-state-shipyard\/\" \/>\n<meta property=\"og:locale\" content=\"de_DE\" \/>\n<meta property=\"og:type\" content=\"article\" \/>\n<meta property=\"og:title\" content=\"Rijkswerf Willemsoord\" \/>\n<meta property=\"og:description\" content=\"Van klokkentoren tot onderzeeboot: Rijkswerf Willemsoord in Den Helder zit vol geschiedenis, architectuur en inspiratie\" \/>\n<meta property=\"og:url\" content=\"https:\/\/denhelder.online\/de\/die-helle-geisterstadt\/willemsoord-state-shipyard\/\" \/>\n<meta property=\"og:site_name\" content=\"Den Helder Online\" \/>\n<meta property=\"article:modified_time\" content=\"2026-01-13T13:16:57+00:00\" \/>\n<meta property=\"og:image\" content=\"https:\/\/denhelder.online\/wp-content\/uploads\/2025\/01\/Willemsoord-rijkswerf.png\" \/>\n\t<meta property=\"og:image:width\" content=\"808\" \/>\n\t<meta property=\"og:image:height\" content=\"606\" \/>\n\t<meta property=\"og:image:type\" content=\"image\/png\" \/>\n<meta name=\"twitter:card\" content=\"summary_large_image\" \/>\n<meta name=\"twitter:label1\" content=\"Gesch\u00e4tzte Lesezeit\" \/>\n\t<meta name=\"twitter:data1\" content=\"3\u00a0Minuten\" \/>\n<script type=\"application\/ld+json\" class=\"yoast-schema-graph\">{\"@context\":\"https:\\\/\\\/schema.org\",\"@graph\":[{\"@type\":\"WebPage\",\"@id\":\"https:\\\/\\\/denhelder.online\\\/den-helder-spookstad\\\/rijkswerf-willemsoord\\\/\",\"url\":\"https:\\\/\\\/denhelder.online\\\/den-helder-spookstad\\\/rijkswerf-willemsoord\\\/\",\"name\":\"Rijkswerf Willemsoord: maritiem erfgoed in Den Helder\",\"isPartOf\":{\"@id\":\"https:\\\/\\\/denhelder.online\\\/#website\"},\"primaryImageOfPage\":{\"@id\":\"https:\\\/\\\/denhelder.online\\\/den-helder-spookstad\\\/rijkswerf-willemsoord\\\/#primaryimage\"},\"image\":{\"@id\":\"https:\\\/\\\/denhelder.online\\\/den-helder-spookstad\\\/rijkswerf-willemsoord\\\/#primaryimage\"},\"thumbnailUrl\":\"https:\\\/\\\/denhelder.online\\\/wp-content\\\/uploads\\\/2025\\\/01\\\/Willemsoord-rijkswerf.png\",\"datePublished\":\"2025-06-13T12:01:24+00:00\",\"dateModified\":\"2026-01-13T13:16:57+00:00\",\"description\":\"Van klokkentoren tot onderzeeboot: Rijkswerf Willemsoord in Den Helder zit vol geschiedenis, architectuur en inspiratie\",\"breadcrumb\":{\"@id\":\"https:\\\/\\\/denhelder.online\\\/den-helder-spookstad\\\/rijkswerf-willemsoord\\\/#breadcrumb\"},\"inLanguage\":\"de\",\"potentialAction\":[{\"@type\":\"ReadAction\",\"target\":[\"https:\\\/\\\/denhelder.online\\\/den-helder-spookstad\\\/rijkswerf-willemsoord\\\/\"]}]},{\"@type\":\"ImageObject\",\"inLanguage\":\"de\",\"@id\":\"https:\\\/\\\/denhelder.online\\\/den-helder-spookstad\\\/rijkswerf-willemsoord\\\/#primaryimage\",\"url\":\"https:\\\/\\\/denhelder.online\\\/wp-content\\\/uploads\\\/2025\\\/01\\\/Willemsoord-rijkswerf.png\",\"contentUrl\":\"https:\\\/\\\/denhelder.online\\\/wp-content\\\/uploads\\\/2025\\\/01\\\/Willemsoord-rijkswerf.png\",\"width\":808,\"height\":606,\"caption\":\"Rijkswerf Willemsoord historische wandeling\"},{\"@type\":\"BreadcrumbList\",\"@id\":\"https:\\\/\\\/denhelder.online\\\/den-helder-spookstad\\\/rijkswerf-willemsoord\\\/#breadcrumb\",\"itemListElement\":[{\"@type\":\"ListItem\",\"position\":1,\"name\":\"Home\",\"item\":\"https:\\\/\\\/denhelder.online\\\/\"},{\"@type\":\"ListItem\",\"position\":2,\"name\":\"Den Helder spookstad\",\"item\":\"https:\\\/\\\/denhelder.online\\\/den-helder-spookstad\\\/\"},{\"@type\":\"ListItem\",\"position\":3,\"name\":\"Rijkswerf Willemsoord\"}]},{\"@type\":\"WebSite\",\"@id\":\"https:\\\/\\\/denhelder.online\\\/#website\",\"url\":\"https:\\\/\\\/denhelder.online\\\/\",\"name\":\"Den Helder Online\",\"description\":\"Beleef Den Helder\",\"publisher\":{\"@id\":\"https:\\\/\\\/denhelder.online\\\/#organization\"},\"potentialAction\":[{\"@type\":\"SearchAction\",\"target\":{\"@type\":\"EntryPoint\",\"urlTemplate\":\"https:\\\/\\\/denhelder.online\\\/?s={search_term_string}\"},\"query-input\":{\"@type\":\"PropertyValueSpecification\",\"valueRequired\":true,\"valueName\":\"search_term_string\"}}],\"inLanguage\":\"de\"},{\"@type\":\"Organization\",\"@id\":\"https:\\\/\\\/denhelder.online\\\/#organization\",\"name\":\"Den Helder Online\",\"url\":\"https:\\\/\\\/denhelder.online\\\/\",\"logo\":{\"@type\":\"ImageObject\",\"inLanguage\":\"de\",\"@id\":\"https:\\\/\\\/denhelder.online\\\/#\\\/schema\\\/logo\\\/image\\\/\",\"url\":\"https:\\\/\\\/denhelder.online\\\/wp-content\\\/uploads\\\/2021\\\/12\\\/DitIsDH-Logo-26-tagline.svg\",\"contentUrl\":\"https:\\\/\\\/denhelder.online\\\/wp-content\\\/uploads\\\/2021\\\/12\\\/DitIsDH-Logo-26-tagline.svg\",\"width\":1717.0999999999999,\"height\":934.89999999999998,\"caption\":\"Den Helder Online\"},\"image\":{\"@id\":\"https:\\\/\\\/denhelder.online\\\/#\\\/schema\\\/logo\\\/image\\\/\"}}]}<\/script>\n<!-- \/ Yoast SEO Premium plugin. -->","yoast_head_json":{"title":"Rijkswerf Willemsoord: maritimes Erbe in Den Helder","description":"Vom Glockenturm zum U-Boot: Die Rijkswerf Willemsoord in Den Helder ist voller Geschichte, Architektur und Inspiration.","robots":{"index":"index","follow":"follow","max-snippet":"max-snippet:-1","max-image-preview":"max-image-preview:large","max-video-preview":"max-video-preview:-1"},"canonical":"https:\/\/denhelder.online\/de\/die-helle-geisterstadt\/willemsoord-state-shipyard\/","og_locale":"de_DE","og_type":"article","og_title":"Rijkswerf Willemsoord","og_description":"Van klokkentoren tot onderzeeboot: Rijkswerf Willemsoord in Den Helder zit vol geschiedenis, architectuur en inspiratie","og_url":"https:\/\/denhelder.online\/de\/die-helle-geisterstadt\/willemsoord-state-shipyard\/","og_site_name":"Den Helder Online","article_modified_time":"2026-01-13T13:16:57+00:00","og_image":[{"width":808,"height":606,"url":"https:\/\/denhelder.online\/wp-content\/uploads\/2025\/01\/Willemsoord-rijkswerf.png","type":"image\/png"}],"twitter_card":"summary_large_image","twitter_misc":{"Gesch\u00e4tzte Lesezeit":"3\u00a0Minuten"},"schema":{"@context":"https:\/\/schema.org","@graph":[{"@type":"WebPage","@id":"https:\/\/denhelder.online\/den-helder-spookstad\/rijkswerf-willemsoord\/","url":"https:\/\/denhelder.online\/den-helder-spookstad\/rijkswerf-willemsoord\/","name":"Rijkswerf Willemsoord: maritimes Erbe in Den Helder","isPartOf":{"@id":"https:\/\/denhelder.online\/#website"},"primaryImageOfPage":{"@id":"https:\/\/denhelder.online\/den-helder-spookstad\/rijkswerf-willemsoord\/#primaryimage"},"image":{"@id":"https:\/\/denhelder.online\/den-helder-spookstad\/rijkswerf-willemsoord\/#primaryimage"},"thumbnailUrl":"https:\/\/denhelder.online\/wp-content\/uploads\/2025\/01\/Willemsoord-rijkswerf.png","datePublished":"2025-06-13T12:01:24+00:00","dateModified":"2026-01-13T13:16:57+00:00","description":"Vom Glockenturm zum U-Boot: Die Rijkswerf Willemsoord in Den Helder ist voller Geschichte, Architektur und Inspiration.","breadcrumb":{"@id":"https:\/\/denhelder.online\/den-helder-spookstad\/rijkswerf-willemsoord\/#breadcrumb"},"inLanguage":"de","potentialAction":[{"@type":"ReadAction","target":["https:\/\/denhelder.online\/den-helder-spookstad\/rijkswerf-willemsoord\/"]}]},{"@type":"ImageObject","inLanguage":"de","@id":"https:\/\/denhelder.online\/den-helder-spookstad\/rijkswerf-willemsoord\/#primaryimage","url":"https:\/\/denhelder.online\/wp-content\/uploads\/2025\/01\/Willemsoord-rijkswerf.png","contentUrl":"https:\/\/denhelder.online\/wp-content\/uploads\/2025\/01\/Willemsoord-rijkswerf.png","width":808,"height":606,"caption":"Rijkswerf Willemsoord historische wandeling"},{"@type":"BreadcrumbList","@id":"https:\/\/denhelder.online\/den-helder-spookstad\/rijkswerf-willemsoord\/#breadcrumb","itemListElement":[{"@type":"ListItem","position":1,"name":"Home","item":"https:\/\/denhelder.online\/"},{"@type":"ListItem","position":2,"name":"Den Helder spookstad","item":"https:\/\/denhelder.online\/den-helder-spookstad\/"},{"@type":"ListItem","position":3,"name":"Rijkswerf Willemsoord"}]},{"@type":"WebSite","@id":"https:\/\/denhelder.online\/#website","url":"https:\/\/denhelder.online\/","name":"Den Helder Online","description":"Erleben Sie Den Helder","publisher":{"@id":"https:\/\/denhelder.online\/#organization"},"potentialAction":[{"@type":"SearchAction","target":{"@type":"EntryPoint","urlTemplate":"https:\/\/denhelder.online\/?s={search_term_string}"},"query-input":{"@type":"PropertyValueSpecification","valueRequired":true,"valueName":"search_term_string"}}],"inLanguage":"de"},{"@type":"Organization","@id":"https:\/\/denhelder.online\/#organization","name":"Den Helder Online","url":"https:\/\/denhelder.online\/","logo":{"@type":"ImageObject","inLanguage":"de","@id":"https:\/\/denhelder.online\/#\/schema\/logo\/image\/","url":"https:\/\/denhelder.online\/wp-content\/uploads\/2021\/12\/DitIsDH-Logo-26-tagline.svg","contentUrl":"https:\/\/denhelder.online\/wp-content\/uploads\/2021\/12\/DitIsDH-Logo-26-tagline.svg","width":1717.0999999999999,"height":934.89999999999998,"caption":"Den Helder Online"},"image":{"@id":"https:\/\/denhelder.online\/#\/schema\/logo\/image\/"}}]}},"_links":{"self":[{"href":"https:\/\/denhelder.online\/de\/wp-json\/wp\/v2\/pages\/11851","targetHints":{"allow":["GET"]}}],"collection":[{"href":"https:\/\/denhelder.online\/de\/wp-json\/wp\/v2\/pages"}],"about":[{"href":"https:\/\/denhelder.online\/de\/wp-json\/wp\/v2\/types\/page"}],"author":[{"embeddable":true,"href":"https:\/\/denhelder.online\/de\/wp-json\/wp\/v2\/users\/17"}],"replies":[{"embeddable":true,"href":"https:\/\/denhelder.online\/de\/wp-json\/wp\/v2\/comments?post=11851"}],"version-history":[{"count":0,"href":"https:\/\/denhelder.online\/de\/wp-json\/wp\/v2\/pages\/11851\/revisions"}],"up":[{"embeddable":true,"href":"https:\/\/denhelder.online\/de\/wp-json\/wp\/v2\/pages\/11565"}],"wp:featuredmedia":[{"embeddable":true,"href":"https:\/\/denhelder.online\/de\/wp-json\/wp\/v2\/media\/4043"}],"wp:attachment":[{"href":"https:\/\/denhelder.online\/de\/wp-json\/wp\/v2\/media?parent=11851"}],"wp:term":[{"taxonomy":"post_tag","embeddable":true,"href":"https:\/\/denhelder.online\/de\/wp-json\/wp\/v2\/tags?post=11851"},{"taxonomy":"doelgroep","embeddable":true,"href":"https:\/\/denhelder.online\/de\/wp-json\/wp\/v2\/doelgroep?post=11851"},{"taxonomy":"categorie","embeddable":true,"href":"https:\/\/denhelder.online\/de\/wp-json\/wp\/v2\/categorie?post=11851"}],"curies":[{"name":"wp","href":"https:\/\/api.w.org\/{rel}","templated":true}]}}