{"id":12112,"date":"2025-06-24T15:26:39","date_gmt":"2025-06-24T13:26:39","guid":{"rendered":"https:\/\/denhelder.online\/?page_id=12112"},"modified":"2026-01-19T14:08:04","modified_gmt":"2026-01-19T13:08:04","slug":"kulturelle-gegenbewegung","status":"publish","type":"page","link":"https:\/\/denhelder.online\/de\/cultureel-loket\/","title":{"rendered":"Kulturelle Gegenbewegung"},"content":{"rendered":"<div data-elementor-type=\"wp-page\" data-elementor-id=\"12112\" class=\"elementor elementor-12112\" data-elementor-post-type=\"page\">\n\t\t\t\t<div class=\"elementor-element elementor-element-36aba844 e-flex e-con-boxed e-con e-parent\" data-id=\"36aba844\" data-element_type=\"container\" data-e-type=\"container\" data-settings=\"{&quot;jet_parallax_layout_list&quot;:[]}\">\n\t\t\t\t\t<div class=\"e-con-inner\">\n\t\t<div class=\"elementor-element elementor-element-1035ad38 e-con-full e-flex e-con e-child\" data-id=\"1035ad38\" data-element_type=\"container\" data-e-type=\"container\" data-settings=\"{&quot;jet_parallax_layout_list&quot;:[]}\">\n\t\t\t\t<div class=\"elementor-element elementor-element-2ef552a7 elementor-widget elementor-widget-breadcrumbs\" data-id=\"2ef552a7\" data-element_type=\"widget\" data-e-type=\"widget\" data-widget_type=\"breadcrumbs.default\">\n\t\t\t\t<div class=\"elementor-widget-container\">\n\t\t\t\t\t<p id=\"breadcrumbs\"><span><span><a href=\"https:\/\/denhelder.online\/de\/\">Heim<\/a><\/span><\/span><\/p>\t\t\t\t<\/div>\n\t\t\t\t<\/div>\n\t\t<div class=\"elementor-element elementor-element-2af0721e e-con-full e-flex e-con e-child\" data-id=\"2af0721e\" data-element_type=\"container\" data-e-type=\"container\" data-settings=\"{&quot;jet_parallax_layout_list&quot;:[]}\">\n\t\t\t\t<div class=\"elementor-element elementor-element-8fc4685 elementor-widget elementor-widget-heading\" data-id=\"8fc4685\" data-element_type=\"widget\" data-e-type=\"widget\" data-widget_type=\"heading.default\">\n\t\t\t\t<div class=\"elementor-widget-container\">\n\t\t\t\t\t<p class=\"elementor-heading-title elementor-size-default\">Folgen Sie uns in den sozialen Netzwerken:<\/p>\t\t\t\t<\/div>\n\t\t\t\t<\/div>\n\t\t\t\t<div class=\"elementor-element elementor-element-29dfac32 elementor-icon-list--layout-inline elementor-align-end elementor-list-item-link-full_width elementor-widget elementor-widget-global elementor-global-1176 elementor-widget-icon-list\" data-id=\"29dfac32\" data-element_type=\"widget\" data-e-type=\"widget\" data-widget_type=\"icon-list.default\">\n\t\t\t\t<div class=\"elementor-widget-container\">\n\t\t\t\t\t\t\t<ul class=\"elementor-icon-list-items elementor-inline-items\">\n\t\t\t\t\t\t\t<li class=\"elementor-icon-list-item elementor-inline-item\">\n\t\t\t\t\t\t\t\t\t\t\t<a href=\"https:\/\/www.facebook.com\/ditisdenhelder\" target=\"_blank\">\n\n\t\t\t\t\t\t\t\t\t\t\t\t<span class=\"elementor-icon-list-icon\">\n\t\t\t\t\t\t\t<i aria-hidden=\"true\" class=\"fab fa-facebook\"><\/i>\t\t\t\t\t\t<\/span>\n\t\t\t\t\t\t\t\t\t\t<span class=\"elementor-icon-list-text\"><\/span>\n\t\t\t\t\t\t\t\t\t\t\t<\/a>\n\t\t\t\t\t\t\t\t\t<\/li>\n\t\t\t\t\t\t\t\t<li class=\"elementor-icon-list-item elementor-inline-item\">\n\t\t\t\t\t\t\t\t\t\t\t<a href=\"https:\/\/www.instagram.com\/ditisdenhelder\/\" target=\"_blank\">\n\n\t\t\t\t\t\t\t\t\t\t\t\t<span class=\"elementor-icon-list-icon\">\n\t\t\t\t\t\t\t<i aria-hidden=\"true\" class=\"fab fa-instagram\"><\/i>\t\t\t\t\t\t<\/span>\n\t\t\t\t\t\t\t\t\t\t<span class=\"elementor-icon-list-text\"><\/span>\n\t\t\t\t\t\t\t\t\t\t\t<\/a>\n\t\t\t\t\t\t\t\t\t<\/li>\n\t\t\t\t\t\t\t\t<li class=\"elementor-icon-list-item elementor-inline-item\">\n\t\t\t\t\t\t\t\t\t\t\t<a href=\"https:\/\/www.youtube.com\/channel\/UCxXdcocRQwb3lDwiYBp3llg\" target=\"_blank\">\n\n\t\t\t\t\t\t\t\t\t\t\t\t<span class=\"elementor-icon-list-icon\">\n\t\t\t\t\t\t\t<i aria-hidden=\"true\" class=\"fab fa-youtube\"><\/i>\t\t\t\t\t\t<\/span>\n\t\t\t\t\t\t\t\t\t\t<span class=\"elementor-icon-list-text\"><\/span>\n\t\t\t\t\t\t\t\t\t\t\t<\/a>\n\t\t\t\t\t\t\t\t\t<\/li>\n\t\t\t\t\t\t\t\t<li class=\"elementor-icon-list-item elementor-inline-item\">\n\t\t\t\t\t\t\t\t\t\t\t<a href=\"https:\/\/www.linkedin.com\/company\/citymarketing-den-helder\" target=\"_blank\">\n\n\t\t\t\t\t\t\t\t\t\t\t\t<span class=\"elementor-icon-list-icon\">\n\t\t\t\t\t\t\t<i aria-hidden=\"true\" class=\"fab fa-linkedin-in\"><\/i>\t\t\t\t\t\t<\/span>\n\t\t\t\t\t\t\t\t\t\t<span class=\"elementor-icon-list-text\"><\/span>\n\t\t\t\t\t\t\t\t\t\t\t<\/a>\n\t\t\t\t\t\t\t\t\t<\/li>\n\t\t\t\t\t\t<\/ul>\n\t\t\t\t\t\t<\/div>\n\t\t\t\t<\/div>\n\t\t\t\t<\/div>\n\t\t\t\t<\/div>\n\t\t\t\t\t<\/div>\n\t\t\t\t<\/div>\n\t\t<div class=\"elementor-element elementor-element-46835d3c e-flex e-con-boxed e-con e-parent\" data-id=\"46835d3c\" data-element_type=\"container\" data-e-type=\"container\" data-settings=\"{&quot;jet_parallax_layout_list&quot;:[]}\">\n\t\t\t\t\t<div class=\"e-con-inner\">\n\t\t<div class=\"elementor-element elementor-element-4c4b21ea e-con-full e-flex e-con e-child\" data-id=\"4c4b21ea\" data-element_type=\"container\" data-e-type=\"container\" data-settings=\"{&quot;jet_parallax_layout_list&quot;:[]}\">\n\t\t\t\t<div class=\"elementor-element elementor-element-7f39e6e1 elementor-widget__width-inherit elementor-widget elementor-widget-heading\" data-id=\"7f39e6e1\" data-element_type=\"widget\" data-e-type=\"widget\" data-widget_type=\"heading.default\">\n\t\t\t\t<div class=\"elementor-widget-container\">\n\t\t\t\t\t<span class=\"elementor-heading-title elementor-size-default\">Praktische Hilfe f\u00fcr Schulen, Unternehmer und Institutionen<\/span>\t\t\t\t<\/div>\n\t\t\t\t<\/div>\n\t\t\t\t<div class=\"elementor-element elementor-element-687a1551 elementor-widget__width-inherit elementor-widget elementor-widget-heading\" data-id=\"687a1551\" data-element_type=\"widget\" data-e-type=\"widget\" data-widget_type=\"heading.default\">\n\t\t\t\t<div class=\"elementor-widget-container\">\n\t\t\t\t\t<h1 class=\"elementor-heading-title elementor-size-default\">Kulturelle Gegenbewegung<\/h1>\t\t\t\t<\/div>\n\t\t\t\t<\/div>\n\t\t\t\t<div class=\"elementor-element elementor-element-45628d79 elementor-widget elementor-widget-text-editor\" data-id=\"45628d79\" data-element_type=\"widget\" data-e-type=\"widget\" data-widget_type=\"text-editor.default\">\n\t\t\t\t<div class=\"elementor-widget-container\">\n\t\t\t\t\t\t\t\t\t<p>Haben Sie eine Idee f\u00fcr eine Kulturveranstaltung in Den Helder? M\u00f6chten Sie wissen, ob Ihr Wunschtermin geeignet ist, oder ben\u00f6tigen Sie Unterst\u00fctzung bei der Organisation? Das Kulturreferat von City Marketing Den Helder hilft Ihnen gerne weiter. Hier erhalten Sie Beratung, Unterst\u00fctzung und Hilfe bei der Planung Ihrer Veranstaltung.<\/p><p><br \/>Ob Sie eine Schulfahrt organisieren, eine Kulturinstitution vertreten oder als Unternehmer eine Veranstaltung planen \u2013 Sie haben einen zentralen Ansprechpartner. Der Kulturservice unterst\u00fctzt Sie dabei, passende Partner zu finden, Ihr Programm zu optimieren und bestehende Initiativen optimal zu nutzen.<\/p>\t\t\t\t\t\t\t\t<\/div>\n\t\t\t\t<\/div>\n\t\t\t\t<\/div>\n\t\t<div class=\"elementor-element elementor-element-4ff58231 e-con-full e-flex e-con e-child\" data-id=\"4ff58231\" data-element_type=\"container\" data-e-type=\"container\" data-settings=\"{&quot;jet_parallax_layout_list&quot;:[]}\">\n\t\t\t\t<div class=\"elementor-element elementor-element-79c5552 elementor-widget elementor-widget-image\" data-id=\"79c5552\" data-element_type=\"widget\" data-e-type=\"widget\" data-widget_type=\"image.default\">\n\t\t\t\t<div class=\"elementor-widget-container\">\n\t\t\t\t\t\t\t\t\t\t\t\t\t\t\t<img fetchpriority=\"high\" decoding=\"async\" width=\"800\" height=\"534\" src=\"https:\/\/denhelder.online\/wp-content\/uploads\/2025\/06\/Finale-2023-1024x683.jpg\" class=\"attachment-large size-large wp-image-12117\" alt=\"Kulturz\u00e4hler Den Helder\" srcset=\"https:\/\/denhelder.online\/wp-content\/uploads\/2025\/06\/Finale-2023-1024x683.jpg 1024w, https:\/\/denhelder.online\/wp-content\/uploads\/2025\/06\/Finale-2023-300x200.jpg 300w, https:\/\/denhelder.online\/wp-content\/uploads\/2025\/06\/Finale-2023-768x512.jpg 768w, https:\/\/denhelder.online\/wp-content\/uploads\/2025\/06\/Finale-2023-1536x1025.jpg 1536w, https:\/\/denhelder.online\/wp-content\/uploads\/2025\/06\/Finale-2023-18x12.jpg 18w, https:\/\/denhelder.online\/wp-content\/uploads\/2025\/06\/Finale-2023-600x400.jpg 600w, https:\/\/denhelder.online\/wp-content\/uploads\/2025\/06\/Finale-2023.jpg 1619w\" sizes=\"(max-width: 800px) 100vw, 800px\" \/>\t\t\t\t\t\t\t\t\t\t\t\t\t\t\t<\/div>\n\t\t\t\t<\/div>\n\t\t\t\t<\/div>\n\t\t\t\t\t<\/div>\n\t\t\t\t<\/div>\n\t\t<div class=\"elementor-element elementor-element-14b9b59a e-flex e-con-boxed e-con e-parent\" data-id=\"14b9b59a\" data-element_type=\"container\" data-e-type=\"container\" data-settings=\"{&quot;jet_parallax_layout_list&quot;:[]}\">\n\t\t\t\t\t<div class=\"e-con-inner\">\n\t\t<div class=\"elementor-element elementor-element-4c8365a e-con-full e-flex e-con e-child\" data-id=\"4c8365a\" data-element_type=\"container\" data-e-type=\"container\" data-settings=\"{&quot;jet_parallax_layout_list&quot;:[]}\">\n\t\t\t\t<div class=\"elementor-element elementor-element-2b601501 elementor-widget__width-inherit elementor-widget elementor-widget-heading\" data-id=\"2b601501\" data-element_type=\"widget\" data-e-type=\"widget\" data-widget_type=\"heading.default\">\n\t\t\t\t<div class=\"elementor-widget-container\">\n\t\t\t\t\t<span class=\"elementor-heading-title elementor-size-default\">Ein Ansprechpartner, kurze Leitungen<\/span>\t\t\t\t<\/div>\n\t\t\t\t<\/div>\n\t\t\t\t<div class=\"elementor-element elementor-element-59350ecd elementor-widget__width-inherit elementor-widget elementor-widget-heading\" data-id=\"59350ecd\" data-element_type=\"widget\" data-e-type=\"widget\" data-widget_type=\"heading.default\">\n\t\t\t\t<div class=\"elementor-widget-container\">\n\t\t\t\t\t<h2 class=\"elementor-heading-title elementor-size-default\">Erh\u00f6hte Reichweite dank intelligenter Werbung<\/h2>\t\t\t\t<\/div>\n\t\t\t\t<\/div>\n\t\t\t\t<div class=\"elementor-element elementor-element-36aeb7d4 elementor-widget elementor-widget-text-editor\" data-id=\"36aeb7d4\" data-element_type=\"widget\" data-e-type=\"widget\" data-widget_type=\"text-editor.default\">\n\t\t\t\t<div class=\"elementor-widget-container\">\n\t\t\t\t\t\t\t\t\t<p>Neben der inhaltlichen Unterst\u00fctzung hilft City Marketing auch bei der Promotion. Wir bieten Ihnen Online-Sichtbarkeit und Offline-Kampagnen, die speziell auf Ihre Zielgruppe zugeschnitten sind. So erzielen Sie mit weniger Aufwand mehr Erfolg mit Ihrer Veranstaltung.<\/p><p>Sie m\u00fcssen nicht lange suchen. Bei Fragen wenden Sie sich bitte direkt an Manouk van Deutekom unter der Telefonnummer 0223-674601 oder per E-Mail an [E-Mail-Adresse einf\u00fcgen]. <a class=\"cursor-pointer\" rel=\"noopener\" data-start=\"1506\" data-end=\"1549\">manoukvandeutekom@citymarketingdenhelder.nl<\/a>. So wissen Sie schnell, woran Sie sind.<\/p>\t\t\t\t\t\t\t\t<\/div>\n\t\t\t\t<\/div>\n\t\t\t\t<\/div>\n\t\t<div class=\"elementor-element elementor-element-692ba9fb e-con-full e-flex e-con e-child\" data-id=\"692ba9fb\" data-element_type=\"container\" data-e-type=\"container\" data-settings=\"{&quot;jet_parallax_layout_list&quot;:[]}\">\n\t\t\t\t<div class=\"elementor-element elementor-element-1f1695db elementor-widget elementor-widget-image\" data-id=\"1f1695db\" data-element_type=\"widget\" data-e-type=\"widget\" data-widget_type=\"image.default\">\n\t\t\t\t<div class=\"elementor-widget-container\">\n\t\t\t\t\t\t\t\t\t\t\t\t\t\t\t<img decoding=\"async\" width=\"800\" height=\"534\" src=\"https:\/\/denhelder.online\/wp-content\/uploads\/2025\/06\/DSC03134-1024x683.jpg\" class=\"attachment-large size-large wp-image-12118\" alt=\"Foto Den Helder des Stadtmarketingteams\" srcset=\"https:\/\/denhelder.online\/wp-content\/uploads\/2025\/06\/DSC03134-1024x683.jpg 1024w, https:\/\/denhelder.online\/wp-content\/uploads\/2025\/06\/DSC03134-300x200.jpg 300w, https:\/\/denhelder.online\/wp-content\/uploads\/2025\/06\/DSC03134-768x512.jpg 768w, https:\/\/denhelder.online\/wp-content\/uploads\/2025\/06\/DSC03134-18x12.jpg 18w, https:\/\/denhelder.online\/wp-content\/uploads\/2025\/06\/DSC03134-600x400.jpg 600w\" sizes=\"(max-width: 800px) 100vw, 800px\" \/>\t\t\t\t\t\t\t\t\t\t\t\t\t\t\t<\/div>\n\t\t\t\t<\/div>\n\t\t\t\t<\/div>\n\t\t\t\t\t<\/div>\n\t\t\t\t<\/div>\n\t\t\t\t<\/div>","protected":false},"excerpt":{"rendered":"<p>Volg ons op social: \u00a0 \u00a0 \u00a0 \u00a0 Praktische hulp voor scholen, ondernemers en instellingen Cultureel loket Heb je een idee voor een cultureel evenement in Den Helder? Wil je weten of je datum handig gekozen is, of zoek je hulp bij de organisatie? Het Cultureel Loket van Citymarketing Den Helder staat voor je klaar. [&hellip;]<\/p>\n","protected":false},"author":9,"featured_media":12117,"parent":0,"menu_order":0,"comment_status":"closed","ping_status":"closed","template":"elementor_header_footer","meta":{"footnotes":""},"tags":[],"doelgroep":[],"categorie":[],"class_list":["post-12112","page","type-page","status-publish","has-post-thumbnail","hentry"],"yoast_head":"<!-- This site is optimized with the Yoast SEO Premium plugin v24.7 (Yoast SEO v27.4) - https:\/\/yoast.com\/product\/yoast-seo-premium-wordpress\/ -->\n<title>Vragen over uw vereniging? Ons cultureel loket staat altijd klaar<\/title>\n<meta name=\"description\" content=\"Het cultureel loket van Citymarketing Den Helder staat altijd klaar om uw vragen over cultuur en evenementen in Den Helder te helpen.\" \/>\n<meta name=\"robots\" content=\"index, follow, max-snippet:-1, max-image-preview:large, max-video-preview:-1\" \/>\n<link rel=\"canonical\" href=\"https:\/\/denhelder.online\/de\/kulturelle-gegenbewegung\/\" \/>\n<meta property=\"og:locale\" content=\"de_DE\" \/>\n<meta property=\"og:type\" content=\"article\" \/>\n<meta property=\"og:title\" content=\"Cultureel loket\" \/>\n<meta property=\"og:description\" content=\"Het cultureel loket van Citymarketing Den Helder staat altijd klaar om uw vragen over cultuur en evenementen in Den Helder te helpen.\" \/>\n<meta property=\"og:url\" content=\"https:\/\/denhelder.online\/de\/kulturelle-gegenbewegung\/\" \/>\n<meta property=\"og:site_name\" content=\"Den Helder Online\" \/>\n<meta property=\"article:modified_time\" content=\"2026-01-19T13:08:04+00:00\" \/>\n<meta property=\"og:image\" content=\"https:\/\/denhelder.online\/wp-content\/uploads\/2025\/06\/Finale-2023.jpg\" \/>\n\t<meta property=\"og:image:width\" content=\"1619\" \/>\n\t<meta property=\"og:image:height\" content=\"1080\" \/>\n\t<meta property=\"og:image:type\" content=\"image\/jpeg\" \/>\n<meta name=\"twitter:card\" content=\"summary_large_image\" \/>\n<meta name=\"twitter:label1\" content=\"Gesch\u00e4tzte Lesezeit\" \/>\n\t<meta name=\"twitter:data1\" content=\"2\u00a0Minuten\" \/>\n<script type=\"application\/ld+json\" class=\"yoast-schema-graph\">{\"@context\":\"https:\\\/\\\/schema.org\",\"@graph\":[{\"@type\":\"WebPage\",\"@id\":\"https:\\\/\\\/denhelder.online\\\/de\\\/kulturelle-gegenbewegung\\\/\",\"url\":\"https:\\\/\\\/denhelder.online\\\/de\\\/kulturelle-gegenbewegung\\\/\",\"name\":\"Vragen over uw vereniging? Ons cultureel loket staat altijd klaar\",\"isPartOf\":{\"@id\":\"https:\\\/\\\/denhelder.online\\\/#website\"},\"primaryImageOfPage\":{\"@id\":\"https:\\\/\\\/denhelder.online\\\/de\\\/kulturelle-gegenbewegung\\\/#primaryimage\"},\"image\":{\"@id\":\"https:\\\/\\\/denhelder.online\\\/de\\\/kulturelle-gegenbewegung\\\/#primaryimage\"},\"thumbnailUrl\":\"https:\\\/\\\/denhelder.online\\\/wp-content\\\/uploads\\\/2025\\\/06\\\/Finale-2023.jpg\",\"datePublished\":\"2025-06-24T13:26:39+00:00\",\"dateModified\":\"2026-01-19T13:08:04+00:00\",\"description\":\"Het cultureel loket van Citymarketing Den Helder staat altijd klaar om uw vragen over cultuur en evenementen in Den Helder te helpen.\",\"breadcrumb\":{\"@id\":\"https:\\\/\\\/denhelder.online\\\/de\\\/kulturelle-gegenbewegung\\\/#breadcrumb\"},\"inLanguage\":\"de\",\"potentialAction\":[{\"@type\":\"ReadAction\",\"target\":[\"https:\\\/\\\/denhelder.online\\\/de\\\/kulturelle-gegenbewegung\\\/\"]}]},{\"@type\":\"ImageObject\",\"inLanguage\":\"de\",\"@id\":\"https:\\\/\\\/denhelder.online\\\/de\\\/kulturelle-gegenbewegung\\\/#primaryimage\",\"url\":\"https:\\\/\\\/denhelder.online\\\/wp-content\\\/uploads\\\/2025\\\/06\\\/Finale-2023.jpg\",\"contentUrl\":\"https:\\\/\\\/denhelder.online\\\/wp-content\\\/uploads\\\/2025\\\/06\\\/Finale-2023.jpg\",\"width\":1619,\"height\":1080,\"caption\":\"Cultureel loket Den Helder\"},{\"@type\":\"BreadcrumbList\",\"@id\":\"https:\\\/\\\/denhelder.online\\\/de\\\/kulturelle-gegenbewegung\\\/#breadcrumb\",\"itemListElement\":[{\"@type\":\"ListItem\",\"position\":1,\"name\":\"Home\",\"item\":\"https:\\\/\\\/denhelder.online\\\/\"},{\"@type\":\"ListItem\",\"position\":2,\"name\":\"Cultureel loket\"}]},{\"@type\":\"WebSite\",\"@id\":\"https:\\\/\\\/denhelder.online\\\/#website\",\"url\":\"https:\\\/\\\/denhelder.online\\\/\",\"name\":\"Den Helder Online\",\"description\":\"Beleef Den Helder\",\"publisher\":{\"@id\":\"https:\\\/\\\/denhelder.online\\\/#organization\"},\"potentialAction\":[{\"@type\":\"SearchAction\",\"target\":{\"@type\":\"EntryPoint\",\"urlTemplate\":\"https:\\\/\\\/denhelder.online\\\/?s={search_term_string}\"},\"query-input\":{\"@type\":\"PropertyValueSpecification\",\"valueRequired\":true,\"valueName\":\"search_term_string\"}}],\"inLanguage\":\"de\"},{\"@type\":\"Organization\",\"@id\":\"https:\\\/\\\/denhelder.online\\\/#organization\",\"name\":\"Den Helder Online\",\"url\":\"https:\\\/\\\/denhelder.online\\\/\",\"logo\":{\"@type\":\"ImageObject\",\"inLanguage\":\"de\",\"@id\":\"https:\\\/\\\/denhelder.online\\\/#\\\/schema\\\/logo\\\/image\\\/\",\"url\":\"https:\\\/\\\/denhelder.online\\\/wp-content\\\/uploads\\\/2021\\\/12\\\/DitIsDH-Logo-26-tagline.svg\",\"contentUrl\":\"https:\\\/\\\/denhelder.online\\\/wp-content\\\/uploads\\\/2021\\\/12\\\/DitIsDH-Logo-26-tagline.svg\",\"width\":1717.0999999999999,\"height\":934.89999999999998,\"caption\":\"Den Helder Online\"},\"image\":{\"@id\":\"https:\\\/\\\/denhelder.online\\\/#\\\/schema\\\/logo\\\/image\\\/\"}}]}<\/script>\n<!-- \/ Yoast SEO Premium plugin. -->","yoast_head_json":{"title":"Haben Sie Fragen zu Ihrem Verein? Unser Kulturreferat hilft Ihnen jederzeit gerne weiter.","description":"Die Kulturabteilung von City Marketing Den Helder steht Ihnen jederzeit f\u00fcr Fragen zu Kultur und Veranstaltungen in Den Helder zur Verf\u00fcgung.","robots":{"index":"index","follow":"follow","max-snippet":"max-snippet:-1","max-image-preview":"max-image-preview:large","max-video-preview":"max-video-preview:-1"},"canonical":"https:\/\/denhelder.online\/de\/kulturelle-gegenbewegung\/","og_locale":"de_DE","og_type":"article","og_title":"Cultureel loket","og_description":"Het cultureel loket van Citymarketing Den Helder staat altijd klaar om uw vragen over cultuur en evenementen in Den Helder te helpen.","og_url":"https:\/\/denhelder.online\/de\/kulturelle-gegenbewegung\/","og_site_name":"Den Helder Online","article_modified_time":"2026-01-19T13:08:04+00:00","og_image":[{"width":1619,"height":1080,"url":"https:\/\/denhelder.online\/wp-content\/uploads\/2025\/06\/Finale-2023.jpg","type":"image\/jpeg"}],"twitter_card":"summary_large_image","twitter_misc":{"Gesch\u00e4tzte Lesezeit":"2\u00a0Minuten"},"schema":{"@context":"https:\/\/schema.org","@graph":[{"@type":"WebPage","@id":"https:\/\/denhelder.online\/de\/kulturelle-gegenbewegung\/","url":"https:\/\/denhelder.online\/de\/kulturelle-gegenbewegung\/","name":"Haben Sie Fragen zu Ihrem Verein? Unser Kulturreferat hilft Ihnen jederzeit gerne weiter.","isPartOf":{"@id":"https:\/\/denhelder.online\/#website"},"primaryImageOfPage":{"@id":"https:\/\/denhelder.online\/de\/kulturelle-gegenbewegung\/#primaryimage"},"image":{"@id":"https:\/\/denhelder.online\/de\/kulturelle-gegenbewegung\/#primaryimage"},"thumbnailUrl":"https:\/\/denhelder.online\/wp-content\/uploads\/2025\/06\/Finale-2023.jpg","datePublished":"2025-06-24T13:26:39+00:00","dateModified":"2026-01-19T13:08:04+00:00","description":"Die Kulturabteilung von City Marketing Den Helder steht Ihnen jederzeit f\u00fcr Fragen zu Kultur und Veranstaltungen in Den Helder zur Verf\u00fcgung.","breadcrumb":{"@id":"https:\/\/denhelder.online\/de\/kulturelle-gegenbewegung\/#breadcrumb"},"inLanguage":"de","potentialAction":[{"@type":"ReadAction","target":["https:\/\/denhelder.online\/de\/kulturelle-gegenbewegung\/"]}]},{"@type":"ImageObject","inLanguage":"de","@id":"https:\/\/denhelder.online\/de\/kulturelle-gegenbewegung\/#primaryimage","url":"https:\/\/denhelder.online\/wp-content\/uploads\/2025\/06\/Finale-2023.jpg","contentUrl":"https:\/\/denhelder.online\/wp-content\/uploads\/2025\/06\/Finale-2023.jpg","width":1619,"height":1080,"caption":"Cultureel loket Den Helder"},{"@type":"BreadcrumbList","@id":"https:\/\/denhelder.online\/de\/kulturelle-gegenbewegung\/#breadcrumb","itemListElement":[{"@type":"ListItem","position":1,"name":"Home","item":"https:\/\/denhelder.online\/"},{"@type":"ListItem","position":2,"name":"Cultureel loket"}]},{"@type":"WebSite","@id":"https:\/\/denhelder.online\/#website","url":"https:\/\/denhelder.online\/","name":"Den Helder Online","description":"Erleben Sie Den Helder","publisher":{"@id":"https:\/\/denhelder.online\/#organization"},"potentialAction":[{"@type":"SearchAction","target":{"@type":"EntryPoint","urlTemplate":"https:\/\/denhelder.online\/?s={search_term_string}"},"query-input":{"@type":"PropertyValueSpecification","valueRequired":true,"valueName":"search_term_string"}}],"inLanguage":"de"},{"@type":"Organization","@id":"https:\/\/denhelder.online\/#organization","name":"Den Helder Online","url":"https:\/\/denhelder.online\/","logo":{"@type":"ImageObject","inLanguage":"de","@id":"https:\/\/denhelder.online\/#\/schema\/logo\/image\/","url":"https:\/\/denhelder.online\/wp-content\/uploads\/2021\/12\/DitIsDH-Logo-26-tagline.svg","contentUrl":"https:\/\/denhelder.online\/wp-content\/uploads\/2021\/12\/DitIsDH-Logo-26-tagline.svg","width":1717.0999999999999,"height":934.89999999999998,"caption":"Den Helder Online"},"image":{"@id":"https:\/\/denhelder.online\/#\/schema\/logo\/image\/"}}]}},"_links":{"self":[{"href":"https:\/\/denhelder.online\/de\/wp-json\/wp\/v2\/pages\/12112","targetHints":{"allow":["GET"]}}],"collection":[{"href":"https:\/\/denhelder.online\/de\/wp-json\/wp\/v2\/pages"}],"about":[{"href":"https:\/\/denhelder.online\/de\/wp-json\/wp\/v2\/types\/page"}],"author":[{"embeddable":true,"href":"https:\/\/denhelder.online\/de\/wp-json\/wp\/v2\/users\/9"}],"replies":[{"embeddable":true,"href":"https:\/\/denhelder.online\/de\/wp-json\/wp\/v2\/comments?post=12112"}],"version-history":[{"count":0,"href":"https:\/\/denhelder.online\/de\/wp-json\/wp\/v2\/pages\/12112\/revisions"}],"wp:featuredmedia":[{"embeddable":true,"href":"https:\/\/denhelder.online\/de\/wp-json\/wp\/v2\/media\/12117"}],"wp:attachment":[{"href":"https:\/\/denhelder.online\/de\/wp-json\/wp\/v2\/media?parent=12112"}],"wp:term":[{"taxonomy":"post_tag","embeddable":true,"href":"https:\/\/denhelder.online\/de\/wp-json\/wp\/v2\/tags?post=12112"},{"taxonomy":"doelgroep","embeddable":true,"href":"https:\/\/denhelder.online\/de\/wp-json\/wp\/v2\/doelgroep?post=12112"},{"taxonomy":"categorie","embeddable":true,"href":"https:\/\/denhelder.online\/de\/wp-json\/wp\/v2\/categorie?post=12112"}],"curies":[{"name":"wp","href":"https:\/\/api.w.org\/{rel}","templated":true}]}}