{"id":12283,"date":"2025-07-02T12:15:55","date_gmt":"2025-07-02T10:15:55","guid":{"rendered":"https:\/\/denhelder.online\/?page_id=12283"},"modified":"2026-01-15T09:36:52","modified_gmt":"2026-01-15T08:36:52","slug":"galerien","status":"publish","type":"page","link":"https:\/\/denhelder.online\/de\/dit-kan-je-doen\/cultuur\/galerieen\/","title":{"rendered":"Galerien"},"content":{"rendered":"<div data-elementor-type=\"wp-page\" data-elementor-id=\"12283\" class=\"elementor elementor-12283\" data-elementor-post-type=\"page\">\n\t\t\t\t<div class=\"elementor-element elementor-element-528dc265 e-flex e-con-boxed e-con e-parent\" data-id=\"528dc265\" data-element_type=\"container\" data-e-type=\"container\" data-settings=\"{&quot;jet_parallax_layout_list&quot;:[]}\">\n\t\t\t\t\t<div class=\"e-con-inner\">\n\t\t<div class=\"elementor-element elementor-element-69884666 e-con-full e-flex e-con e-child\" data-id=\"69884666\" data-element_type=\"container\" data-e-type=\"container\" data-settings=\"{&quot;jet_parallax_layout_list&quot;:[]}\">\n\t\t\t\t<div class=\"elementor-element elementor-element-7b6e1478 elementor-widget__width-inherit elementor-widget elementor-widget-heading\" data-id=\"7b6e1478\" data-element_type=\"widget\" data-e-type=\"widget\" data-widget_type=\"heading.default\">\n\t\t\t\t<div class=\"elementor-widget-container\">\n\t\t\t\t\t<span class=\"elementor-heading-title elementor-size-default\">Galerien<\/span>\t\t\t\t<\/div>\n\t\t\t\t<\/div>\n\t\t\t\t<div class=\"elementor-element elementor-element-6fbb042d elementor-widget__width-inherit elementor-widget elementor-widget-heading\" data-id=\"6fbb042d\" data-element_type=\"widget\" data-e-type=\"widget\" data-widget_type=\"heading.default\">\n\t\t\t\t<div class=\"elementor-widget-container\">\n\t\t\t\t\t<h2 class=\"elementor-heading-title elementor-size-default\">Tauchen Sie ein in die Welt der Kunst in Den Helder<\/h2>\t\t\t\t<\/div>\n\t\t\t\t<\/div>\n\t\t\t\t<div class=\"elementor-element elementor-element-1a6a5163 elementor-widget elementor-widget-text-editor\" data-id=\"1a6a5163\" data-element_type=\"widget\" data-e-type=\"widget\" data-widget_type=\"text-editor.default\">\n\t\t\t\t<div class=\"elementor-widget-container\">\n\t\t\t\t\t\t\t\t\t<p><br \/><br \/>Auf der Suche nach Kunst mit Charakter? Bei Den Helder entdecken Sie \u00fcberraschende Galerien voller einzigartiger Werke und lokaler Geschichten. Besuchen Sie eine gem\u00fctliche Galerie im Stadtzentrum oder lassen Sie sich von experimentellen Installationen an ungew\u00f6hnlichen Orten begeistern. Hier geht es nicht um Menschenmassen, sondern um Erlebnisse. Perfekt f\u00fcr alle, die Kunst f\u00fchlen und nicht nur betrachten wollen.<\/p><p>Kunst mit Mut im Stadtzentrum<br \/>Seit Sommer 2021 arbeiten die Kunsthal 45 und die Kunstuitleen zusammen. Gemeinsam bringen sie die Kunst buchst\u00e4blich \u2018ins Untergeschoss\u2019 mitten ins Herz der Stadt. Ein inspirierendes Projekt, das durch Crowdfunding erm\u00f6glicht wurde. Bis dahin ist die Kunsthal vor\u00fcbergehend im ehemaligen Dekamarkt-Geb\u00e4ude untergebracht. Die erste Ausstellung am neuen Standort ist f\u00fcr 2026 geplant \u2013 jetzt schon vormerken!.<\/p>\t\t\t\t\t\t\t\t<\/div>\n\t\t\t\t<\/div>\n\t\t\t\t<\/div>\n\t\t\t\t\t<\/div>\n\t\t\t\t<\/div>\n\t\t\t\t<\/div>","protected":false},"excerpt":{"rendered":"<p>Galerie\u00ebn Duik in de wereld van kunst in Den Helder Zoek je kunst met karakter? In Den Helder ontdek je verrassende galeries vol eigenzinnige werken en lokale verhalen. Loop binnen bij een intieme galerie in de binnenstad, of laat je verrassen door experimentele installaties op onverwachte plekken. Hier draait het niet om massa, maar om [&hellip;]<\/p>\n","protected":false},"author":17,"featured_media":12293,"parent":11908,"menu_order":0,"comment_status":"closed","ping_status":"closed","template":"elementor_header_footer","meta":{"footnotes":""},"tags":[],"doelgroep":[6027,6028],"categorie":[],"class_list":["post-12283","page","type-page","status-publish","has-post-thumbnail","hentry","doelgroep-inwoner","doelgroep-inwoner-regio"],"yoast_head":"<!-- This site is optimized with the Yoast SEO Premium plugin v24.7 (Yoast SEO v27.5) - https:\/\/yoast.com\/product\/yoast-seo-premium-wordpress\/ -->\n<title>Galerieen in Den Helder | Van lokale kunst tot verborgen parels<\/title>\n<meta name=\"description\" content=\"Ontdek de galeries in Den Helder: van lokale kunstenaars tot verborgen parels.\" \/>\n<meta name=\"robots\" content=\"index, follow, max-snippet:-1, max-image-preview:large, max-video-preview:-1\" \/>\n<link rel=\"canonical\" href=\"https:\/\/denhelder.online\/de\/du-kannst-das-tun\/kultur\/galerien\/\" \/>\n<meta property=\"og:locale\" content=\"de_DE\" \/>\n<meta property=\"og:type\" content=\"article\" \/>\n<meta property=\"og:title\" content=\"Galerie\u00ebn\" \/>\n<meta property=\"og:description\" content=\"Ontdek de galeries in Den Helder: van lokale kunstenaars tot verborgen parels.\" \/>\n<meta property=\"og:url\" content=\"https:\/\/denhelder.online\/de\/du-kannst-das-tun\/kultur\/galerien\/\" \/>\n<meta property=\"og:site_name\" content=\"Den Helder Online\" \/>\n<meta property=\"article:modified_time\" content=\"2026-01-15T08:36:52+00:00\" \/>\n<meta property=\"og:image\" content=\"https:\/\/denhelder.online\/wp-content\/uploads\/2025\/01\/galerieen.jpg\" \/>\n\t<meta property=\"og:image:width\" content=\"867\" \/>\n\t<meta property=\"og:image:height\" content=\"498\" \/>\n\t<meta property=\"og:image:type\" content=\"image\/jpeg\" \/>\n<meta name=\"twitter:card\" content=\"summary_large_image\" \/>\n<meta name=\"twitter:label1\" content=\"Gesch\u00e4tzte Lesezeit\" \/>\n\t<meta name=\"twitter:data1\" content=\"1\u00a0Minute\" \/>\n<script type=\"application\/ld+json\" class=\"yoast-schema-graph\">{\"@context\":\"https:\\\/\\\/schema.org\",\"@graph\":[{\"@type\":\"WebPage\",\"@id\":\"https:\\\/\\\/denhelder.online\\\/de\\\/du-kannst-das-tun\\\/kultur\\\/galerien\\\/\",\"url\":\"https:\\\/\\\/denhelder.online\\\/de\\\/du-kannst-das-tun\\\/kultur\\\/galerien\\\/\",\"name\":\"Galerieen in Den Helder | Van lokale kunst tot verborgen parels\",\"isPartOf\":{\"@id\":\"https:\\\/\\\/denhelder.online\\\/#website\"},\"primaryImageOfPage\":{\"@id\":\"https:\\\/\\\/denhelder.online\\\/de\\\/du-kannst-das-tun\\\/kultur\\\/galerien\\\/#primaryimage\"},\"image\":{\"@id\":\"https:\\\/\\\/denhelder.online\\\/de\\\/du-kannst-das-tun\\\/kultur\\\/galerien\\\/#primaryimage\"},\"thumbnailUrl\":\"https:\\\/\\\/denhelder.online\\\/wp-content\\\/uploads\\\/2025\\\/01\\\/galerieen.jpg\",\"datePublished\":\"2025-07-02T10:15:55+00:00\",\"dateModified\":\"2026-01-15T08:36:52+00:00\",\"description\":\"Ontdek de galeries in Den Helder: van lokale kunstenaars tot verborgen parels.\",\"breadcrumb\":{\"@id\":\"https:\\\/\\\/denhelder.online\\\/de\\\/du-kannst-das-tun\\\/kultur\\\/galerien\\\/#breadcrumb\"},\"inLanguage\":\"de\",\"potentialAction\":[{\"@type\":\"ReadAction\",\"target\":[\"https:\\\/\\\/denhelder.online\\\/de\\\/du-kannst-das-tun\\\/kultur\\\/galerien\\\/\"]}]},{\"@type\":\"ImageObject\",\"inLanguage\":\"de\",\"@id\":\"https:\\\/\\\/denhelder.online\\\/de\\\/du-kannst-das-tun\\\/kultur\\\/galerien\\\/#primaryimage\",\"url\":\"https:\\\/\\\/denhelder.online\\\/wp-content\\\/uploads\\\/2025\\\/01\\\/galerieen.jpg\",\"contentUrl\":\"https:\\\/\\\/denhelder.online\\\/wp-content\\\/uploads\\\/2025\\\/01\\\/galerieen.jpg\",\"width\":867,\"height\":498,\"caption\":\"Beeldenfort met unieke kunst in een oude bunker\"},{\"@type\":\"BreadcrumbList\",\"@id\":\"https:\\\/\\\/denhelder.online\\\/de\\\/du-kannst-das-tun\\\/kultur\\\/galerien\\\/#breadcrumb\",\"itemListElement\":[{\"@type\":\"ListItem\",\"position\":1,\"name\":\"Home\",\"item\":\"https:\\\/\\\/denhelder.online\\\/\"},{\"@type\":\"ListItem\",\"position\":2,\"name\":\"Dit kan je doen\",\"item\":\"https:\\\/\\\/denhelder.online\\\/dit-kan-je-doen\\\/\"},{\"@type\":\"ListItem\",\"position\":3,\"name\":\"Cultuur\",\"item\":\"https:\\\/\\\/denhelder.online\\\/dit-kan-je-doen\\\/cultuur\\\/\"},{\"@type\":\"ListItem\",\"position\":4,\"name\":\"Galerie\u00ebn\"}]},{\"@type\":\"WebSite\",\"@id\":\"https:\\\/\\\/denhelder.online\\\/#website\",\"url\":\"https:\\\/\\\/denhelder.online\\\/\",\"name\":\"Den Helder Online\",\"description\":\"Beleef Den Helder\",\"publisher\":{\"@id\":\"https:\\\/\\\/denhelder.online\\\/#organization\"},\"potentialAction\":[{\"@type\":\"SearchAction\",\"target\":{\"@type\":\"EntryPoint\",\"urlTemplate\":\"https:\\\/\\\/denhelder.online\\\/?s={search_term_string}\"},\"query-input\":{\"@type\":\"PropertyValueSpecification\",\"valueRequired\":true,\"valueName\":\"search_term_string\"}}],\"inLanguage\":\"de\"},{\"@type\":\"Organization\",\"@id\":\"https:\\\/\\\/denhelder.online\\\/#organization\",\"name\":\"Den Helder Online\",\"url\":\"https:\\\/\\\/denhelder.online\\\/\",\"logo\":{\"@type\":\"ImageObject\",\"inLanguage\":\"de\",\"@id\":\"https:\\\/\\\/denhelder.online\\\/#\\\/schema\\\/logo\\\/image\\\/\",\"url\":\"https:\\\/\\\/denhelder.online\\\/wp-content\\\/uploads\\\/2021\\\/12\\\/DitIsDH-Logo-26-tagline.svg\",\"contentUrl\":\"https:\\\/\\\/denhelder.online\\\/wp-content\\\/uploads\\\/2021\\\/12\\\/DitIsDH-Logo-26-tagline.svg\",\"width\":1717.0999999999999,\"height\":934.89999999999998,\"caption\":\"Den Helder Online\"},\"image\":{\"@id\":\"https:\\\/\\\/denhelder.online\\\/#\\\/schema\\\/logo\\\/image\\\/\"}}]}<\/script>\n<!-- \/ Yoast SEO Premium plugin. -->","yoast_head_json":{"title":"Galerien in Den Helder | Von lokaler Kunst bis zu versteckten Sch\u00e4tzen","description":"Entdecken Sie die Galerien in Den Helder: von lokalen K\u00fcnstlern bis hin zu versteckten Sch\u00e4tzen.","robots":{"index":"index","follow":"follow","max-snippet":"max-snippet:-1","max-image-preview":"max-image-preview:large","max-video-preview":"max-video-preview:-1"},"canonical":"https:\/\/denhelder.online\/de\/du-kannst-das-tun\/kultur\/galerien\/","og_locale":"de_DE","og_type":"article","og_title":"Galerie\u00ebn","og_description":"Ontdek de galeries in Den Helder: van lokale kunstenaars tot verborgen parels.","og_url":"https:\/\/denhelder.online\/de\/du-kannst-das-tun\/kultur\/galerien\/","og_site_name":"Den Helder Online","article_modified_time":"2026-01-15T08:36:52+00:00","og_image":[{"width":867,"height":498,"url":"https:\/\/denhelder.online\/wp-content\/uploads\/2025\/01\/galerieen.jpg","type":"image\/jpeg"}],"twitter_card":"summary_large_image","twitter_misc":{"Gesch\u00e4tzte Lesezeit":"1\u00a0Minute"},"schema":{"@context":"https:\/\/schema.org","@graph":[{"@type":"WebPage","@id":"https:\/\/denhelder.online\/de\/du-kannst-das-tun\/kultur\/galerien\/","url":"https:\/\/denhelder.online\/de\/du-kannst-das-tun\/kultur\/galerien\/","name":"Galerien in Den Helder | Von lokaler Kunst bis zu versteckten Sch\u00e4tzen","isPartOf":{"@id":"https:\/\/denhelder.online\/#website"},"primaryImageOfPage":{"@id":"https:\/\/denhelder.online\/de\/du-kannst-das-tun\/kultur\/galerien\/#primaryimage"},"image":{"@id":"https:\/\/denhelder.online\/de\/du-kannst-das-tun\/kultur\/galerien\/#primaryimage"},"thumbnailUrl":"https:\/\/denhelder.online\/wp-content\/uploads\/2025\/01\/galerieen.jpg","datePublished":"2025-07-02T10:15:55+00:00","dateModified":"2026-01-15T08:36:52+00:00","description":"Entdecken Sie die Galerien in Den Helder: von lokalen K\u00fcnstlern bis hin zu versteckten Sch\u00e4tzen.","breadcrumb":{"@id":"https:\/\/denhelder.online\/de\/du-kannst-das-tun\/kultur\/galerien\/#breadcrumb"},"inLanguage":"de","potentialAction":[{"@type":"ReadAction","target":["https:\/\/denhelder.online\/de\/du-kannst-das-tun\/kultur\/galerien\/"]}]},{"@type":"ImageObject","inLanguage":"de","@id":"https:\/\/denhelder.online\/de\/du-kannst-das-tun\/kultur\/galerien\/#primaryimage","url":"https:\/\/denhelder.online\/wp-content\/uploads\/2025\/01\/galerieen.jpg","contentUrl":"https:\/\/denhelder.online\/wp-content\/uploads\/2025\/01\/galerieen.jpg","width":867,"height":498,"caption":"Beeldenfort met unieke kunst in een oude bunker"},{"@type":"BreadcrumbList","@id":"https:\/\/denhelder.online\/de\/du-kannst-das-tun\/kultur\/galerien\/#breadcrumb","itemListElement":[{"@type":"ListItem","position":1,"name":"Home","item":"https:\/\/denhelder.online\/"},{"@type":"ListItem","position":2,"name":"Dit kan je doen","item":"https:\/\/denhelder.online\/dit-kan-je-doen\/"},{"@type":"ListItem","position":3,"name":"Cultuur","item":"https:\/\/denhelder.online\/dit-kan-je-doen\/cultuur\/"},{"@type":"ListItem","position":4,"name":"Galerie\u00ebn"}]},{"@type":"WebSite","@id":"https:\/\/denhelder.online\/#website","url":"https:\/\/denhelder.online\/","name":"Den Helder Online","description":"Erleben Sie Den Helder","publisher":{"@id":"https:\/\/denhelder.online\/#organization"},"potentialAction":[{"@type":"SearchAction","target":{"@type":"EntryPoint","urlTemplate":"https:\/\/denhelder.online\/?s={search_term_string}"},"query-input":{"@type":"PropertyValueSpecification","valueRequired":true,"valueName":"search_term_string"}}],"inLanguage":"de"},{"@type":"Organization","@id":"https:\/\/denhelder.online\/#organization","name":"Den Helder Online","url":"https:\/\/denhelder.online\/","logo":{"@type":"ImageObject","inLanguage":"de","@id":"https:\/\/denhelder.online\/#\/schema\/logo\/image\/","url":"https:\/\/denhelder.online\/wp-content\/uploads\/2021\/12\/DitIsDH-Logo-26-tagline.svg","contentUrl":"https:\/\/denhelder.online\/wp-content\/uploads\/2021\/12\/DitIsDH-Logo-26-tagline.svg","width":1717.0999999999999,"height":934.89999999999998,"caption":"Den Helder Online"},"image":{"@id":"https:\/\/denhelder.online\/#\/schema\/logo\/image\/"}}]}},"_links":{"self":[{"href":"https:\/\/denhelder.online\/de\/wp-json\/wp\/v2\/pages\/12283","targetHints":{"allow":["GET"]}}],"collection":[{"href":"https:\/\/denhelder.online\/de\/wp-json\/wp\/v2\/pages"}],"about":[{"href":"https:\/\/denhelder.online\/de\/wp-json\/wp\/v2\/types\/page"}],"author":[{"embeddable":true,"href":"https:\/\/denhelder.online\/de\/wp-json\/wp\/v2\/users\/17"}],"replies":[{"embeddable":true,"href":"https:\/\/denhelder.online\/de\/wp-json\/wp\/v2\/comments?post=12283"}],"version-history":[{"count":0,"href":"https:\/\/denhelder.online\/de\/wp-json\/wp\/v2\/pages\/12283\/revisions"}],"up":[{"embeddable":true,"href":"https:\/\/denhelder.online\/de\/wp-json\/wp\/v2\/pages\/11908"}],"wp:featuredmedia":[{"embeddable":true,"href":"https:\/\/denhelder.online\/de\/wp-json\/wp\/v2\/media\/12293"}],"wp:attachment":[{"href":"https:\/\/denhelder.online\/de\/wp-json\/wp\/v2\/media?parent=12283"}],"wp:term":[{"taxonomy":"post_tag","embeddable":true,"href":"https:\/\/denhelder.online\/de\/wp-json\/wp\/v2\/tags?post=12283"},{"taxonomy":"doelgroep","embeddable":true,"href":"https:\/\/denhelder.online\/de\/wp-json\/wp\/v2\/doelgroep?post=12283"},{"taxonomy":"categorie","embeddable":true,"href":"https:\/\/denhelder.online\/de\/wp-json\/wp\/v2\/categorie?post=12283"}],"curies":[{"name":"wp","href":"https:\/\/api.w.org\/{rel}","templated":true}]}}