{"id":12378,"date":"2025-07-02T15:50:01","date_gmt":"2025-07-02T13:50:01","guid":{"rendered":"https:\/\/denhelder.online\/?page_id=12378"},"modified":"2025-12-09T16:04:37","modified_gmt":"2025-12-09T15:04:37","slug":"spitzensport","status":"publish","type":"page","link":"https:\/\/denhelder.online\/de\/leven-in-den-helder\/topsport\/","title":{"rendered":"Spitzensport"},"content":{"rendered":"<div data-elementor-type=\"wp-page\" data-elementor-id=\"12378\" class=\"elementor elementor-12378\" data-elementor-post-type=\"page\">\n\t\t\t\t<div class=\"elementor-element elementor-element-170756c3 e-flex e-con-boxed e-con e-parent\" data-id=\"170756c3\" data-element_type=\"container\" data-e-type=\"container\" data-settings=\"{&quot;jet_parallax_layout_list&quot;:[]}\">\n\t\t\t\t\t<div class=\"e-con-inner\">\n\t\t<div class=\"elementor-element elementor-element-69061e2c e-con-full e-flex e-con e-child\" data-id=\"69061e2c\" data-element_type=\"container\" data-e-type=\"container\" data-settings=\"{&quot;jet_parallax_layout_list&quot;:[]}\">\n\t\t\t\t<div class=\"elementor-element elementor-element-3de016ca elementor-widget__width-inherit elementor-widget elementor-widget-heading\" data-id=\"3de016ca\" data-element_type=\"widget\" data-e-type=\"widget\" data-widget_type=\"heading.default\">\n\t\t\t\t<div class=\"elementor-widget-container\">\n\t\t\t\t\t<h2 class=\"elementor-heading-title elementor-size-default\">Werden Sie den Top-Athleten von Helderse bei ihrer Weiterentwicklung helfen?<\/h2>\t\t\t\t<\/div>\n\t\t\t\t<\/div>\n\t\t\t\t<div class=\"elementor-element elementor-element-1555b057 elementor-widget elementor-widget-text-editor\" data-id=\"1555b057\" data-element_type=\"widget\" data-e-type=\"widget\" data-widget_type=\"text-editor.default\">\n\t\t\t\t<div class=\"elementor-widget-container\">\n\t\t\t\t\t\t\t\t\t<p data-start=\"169\" data-end=\"388\">Den Helder ist eine Stadt des Sports. Mit weitl\u00e4ufigen Str\u00e4nden f\u00fcr Ausdauersportler, rauen Wellen f\u00fcr Wassersportbegeisterte und modernen Sportanlagen f\u00fcr Hallen- und Ballsportarten bietet sie alles, damit Talente sich entfalten k\u00f6nnen.<\/p><p data-start=\"390\" data-end=\"606\">Ob Freizeitsport oder Leistungssport \u2013 Sport liegt uns im Blut. Den Helder ist bekannt als Talentschmiede f\u00fcr Leichtathletik, Kampfsport, Basketball und Wassersport. Auch Hallenfu\u00dfball und Handball werden hier auf hohem Niveau gespielt.<\/p><p data-start=\"608\" data-end=\"881\">Lernen Sie vier Spitzensportler von Helderse kennen. Sie gl\u00e4nzen auf nationaler und internationaler Ebene und nutzen ihre Erfahrungen, um andere zu inspirieren. In den folgenden Videos sprechen sie \u00fcber ihren Sport, ihre Stadt und die Bedeutung von Bewegung, gesunder Ern\u00e4hrung und ausreichender Fl\u00fcssigkeitszufuhr.<\/p><p data-start=\"883\" data-end=\"971\">Schauen Sie zu, h\u00f6ren Sie zu und entdecken Sie, wie Sie zur sportlichen Zukunft von Den Helder beitragen k\u00f6nnen.<\/p>\t\t\t\t\t\t\t\t<\/div>\n\t\t\t\t<\/div>\n\t\t\t\t<\/div>\n\t\t\t\t\t<\/div>\n\t\t\t\t<\/div>\n\t\t<div class=\"elementor-element elementor-element-66b6651b e-flex e-con-boxed e-con e-parent\" data-id=\"66b6651b\" data-element_type=\"container\" data-e-type=\"container\" data-settings=\"{&quot;background_background&quot;:&quot;classic&quot;,&quot;jet_parallax_layout_list&quot;:[]}\">\n\t\t\t\t\t<div class=\"e-con-inner\">\n\t\t<div class=\"elementor-element elementor-element-4938b4f5 e-con-full e-flex e-con e-child\" data-id=\"4938b4f5\" data-element_type=\"container\" data-e-type=\"container\" data-settings=\"{&quot;jet_parallax_layout_list&quot;:[]}\">\n\t\t<div class=\"elementor-element elementor-element-62127888 e-con-full hover-item e-flex e-con e-child\" data-id=\"62127888\" data-element_type=\"container\" data-e-type=\"container\" data-settings=\"{&quot;background_background&quot;:&quot;classic&quot;,&quot;jet_parallax_layout_list&quot;:[]}\">\n\t\t\t\t<div class=\"elementor-element elementor-element-89ffa35 elementor-widget elementor-widget-image\" data-id=\"89ffa35\" data-element_type=\"widget\" data-e-type=\"widget\" data-widget_type=\"image.default\">\n\t\t\t\t<div class=\"elementor-widget-container\">\n\t\t\t\t\t\t\t\t\t\t\t\t\t\t\t<img fetchpriority=\"high\" decoding=\"async\" width=\"800\" height=\"451\" src=\"https:\/\/denhelder.online\/wp-content\/uploads\/2025\/06\/Fotos-Ilse-Kootkar-24-10-1024x577.jpg\" class=\"attachment-large size-large wp-image-11785\" alt=\"L\u00e4ufer entlang der Blumenzwiebelfelder\" srcset=\"https:\/\/denhelder.online\/wp-content\/uploads\/2025\/06\/Fotos-Ilse-Kootkar-24-10-1024x577.jpg 1024w, https:\/\/denhelder.online\/wp-content\/uploads\/2025\/06\/Fotos-Ilse-Kootkar-24-10-300x169.jpg 300w, https:\/\/denhelder.online\/wp-content\/uploads\/2025\/06\/Fotos-Ilse-Kootkar-24-10-768x432.jpg 768w, https:\/\/denhelder.online\/wp-content\/uploads\/2025\/06\/Fotos-Ilse-Kootkar-24-10-1536x865.jpg 1536w, https:\/\/denhelder.online\/wp-content\/uploads\/2025\/06\/Fotos-Ilse-Kootkar-24-10-2048x1153.jpg 2048w, https:\/\/denhelder.online\/wp-content\/uploads\/2025\/06\/Fotos-Ilse-Kootkar-24-10-18x10.jpg 18w, https:\/\/denhelder.online\/wp-content\/uploads\/2025\/06\/Fotos-Ilse-Kootkar-24-10-600x338.jpg 600w\" sizes=\"(max-width: 800px) 100vw, 800px\" \/>\t\t\t\t\t\t\t\t\t\t\t\t\t\t\t<\/div>\n\t\t\t\t<\/div>\n\t\t\t\t<div class=\"elementor-element elementor-element-78a5fce6 elementor-widget elementor-widget-heading\" data-id=\"78a5fce6\" data-element_type=\"widget\" data-e-type=\"widget\" data-widget_type=\"heading.default\">\n\t\t\t\t<div class=\"elementor-widget-container\">\n\t\t\t\t\t<h4 class=\"elementor-heading-title elementor-size-default\">Videos Helderse Top-Athleten<\/h4>\t\t\t\t<\/div>\n\t\t\t\t<\/div>\n\t\t\t\t<div class=\"elementor-element elementor-element-9d81b0b elementor-widget elementor-widget-text-editor\" data-id=\"9d81b0b\" data-element_type=\"widget\" data-e-type=\"widget\" data-widget_type=\"text-editor.default\">\n\t\t\t\t<div class=\"elementor-widget-container\">\n\t\t\t\t\t\t\t\t\t<p>Entdecken Sie die Vielfalt von Den Helder und seinen Top-Athleten.<\/p>\t\t\t\t\t\t\t\t<\/div>\n\t\t\t\t<\/div>\n\t\t\t\t<div class=\"elementor-element elementor-element-5cbefb07 elementor-mobile-align-justify elementor-align-justify elementor-widget__width-inherit elementor-widget elementor-widget-button\" data-id=\"5cbefb07\" data-element_type=\"widget\" data-e-type=\"widget\" data-widget_type=\"button.default\">\n\t\t\t\t<div class=\"elementor-widget-container\">\n\t\t\t\t\t\t\t\t\t<div class=\"elementor-button-wrapper\">\n\t\t\t\t\t<a class=\"elementor-button elementor-button-link elementor-size-sm\" href=\"https:\/\/denhelder.online\/de\/leven-in-den-helder\/topsport\/filmpjes-topsporters\/\">\n\t\t\t\t\t\t<span class=\"elementor-button-content-wrapper\">\n\t\t\t\t\t\t\t\t\t<span class=\"elementor-button-text\">Weitere Informationen<\/span>\n\t\t\t\t\t<\/span>\n\t\t\t\t\t<\/a>\n\t\t\t\t<\/div>\n\t\t\t\t\t\t\t\t<\/div>\n\t\t\t\t<\/div>\n\t\t\t\t<\/div>\n\t\t<div class=\"elementor-element elementor-element-4a825ccc e-con-full hover-item e-flex e-con e-child\" data-id=\"4a825ccc\" data-element_type=\"container\" data-e-type=\"container\" data-settings=\"{&quot;background_background&quot;:&quot;classic&quot;,&quot;jet_parallax_layout_list&quot;:[]}\">\n\t\t\t\t<div class=\"elementor-element elementor-element-5942a014 elementor-widget elementor-widget-image\" data-id=\"5942a014\" data-element_type=\"widget\" data-e-type=\"widget\" data-widget_type=\"image.default\">\n\t\t\t\t<div class=\"elementor-widget-container\">\n\t\t\t\t\t\t\t\t\t\t\t\t\t\t\t<img decoding=\"async\" width=\"800\" height=\"600\" src=\"https:\/\/denhelder.online\/wp-content\/uploads\/2025\/07\/Den-Helder-SUNS-8-1024x768.jpg\" class=\"attachment-large size-large wp-image-12403\" alt=\"Basketballspiel Den Helder Suns\" srcset=\"https:\/\/denhelder.online\/wp-content\/uploads\/2025\/07\/Den-Helder-SUNS-8-1024x768.jpg 1024w, https:\/\/denhelder.online\/wp-content\/uploads\/2025\/07\/Den-Helder-SUNS-8-300x225.jpg 300w, https:\/\/denhelder.online\/wp-content\/uploads\/2025\/07\/Den-Helder-SUNS-8-768x576.jpg 768w, https:\/\/denhelder.online\/wp-content\/uploads\/2025\/07\/Den-Helder-SUNS-8-1536x1152.jpg 1536w, https:\/\/denhelder.online\/wp-content\/uploads\/2025\/07\/Den-Helder-SUNS-8-16x12.jpg 16w, https:\/\/denhelder.online\/wp-content\/uploads\/2025\/07\/Den-Helder-SUNS-8-600x450.jpg 600w, https:\/\/denhelder.online\/wp-content\/uploads\/2025\/07\/Den-Helder-SUNS-8.jpg 2048w\" sizes=\"(max-width: 800px) 100vw, 800px\" \/>\t\t\t\t\t\t\t\t\t\t\t\t\t\t\t<\/div>\n\t\t\t\t<\/div>\n\t\t\t\t<div class=\"elementor-element elementor-element-1ca3ade3 elementor-widget elementor-widget-heading\" data-id=\"1ca3ade3\" data-element_type=\"widget\" data-e-type=\"widget\" data-widget_type=\"heading.default\">\n\t\t\t\t<div class=\"elementor-widget-container\">\n\t\t\t\t\t<h4 class=\"elementor-heading-title elementor-size-default\">Interview mit Fred van Eck von De Suns<\/h4>\t\t\t\t<\/div>\n\t\t\t\t<\/div>\n\t\t\t\t<div class=\"elementor-element elementor-element-16ce028b elementor-widget elementor-widget-text-editor\" data-id=\"16ce028b\" data-element_type=\"widget\" data-e-type=\"widget\" data-widget_type=\"text-editor.default\">\n\t\t\t\t<div class=\"elementor-widget-container\">\n\t\t\t\t\t\t\t\t\t<p>Den Helder war schon immer eine Basketballstadt. Mit den SUNS haben wir wieder zwei Top-Teams, die sowohl den Basketballsport als auch die Stadt f\u00f6rdern.<\/p>\t\t\t\t\t\t\t\t<\/div>\n\t\t\t\t<\/div>\n\t\t\t\t<div class=\"elementor-element elementor-element-799fc5a2 elementor-mobile-align-justify elementor-align-justify elementor-widget__width-inherit elementor-widget elementor-widget-button\" data-id=\"799fc5a2\" data-element_type=\"widget\" data-e-type=\"widget\" data-widget_type=\"button.default\">\n\t\t\t\t<div class=\"elementor-widget-container\">\n\t\t\t\t\t\t\t\t\t<div class=\"elementor-button-wrapper\">\n\t\t\t\t\t<a class=\"elementor-button elementor-button-link elementor-size-sm\" href=\"https:\/\/denhelder.online\/de\/leven-in-den-helder\/topsport\/interview-suns\/\">\n\t\t\t\t\t\t<span class=\"elementor-button-content-wrapper\">\n\t\t\t\t\t\t\t\t\t<span class=\"elementor-button-text\">Weitere Informationen<\/span>\n\t\t\t\t\t<\/span>\n\t\t\t\t\t<\/a>\n\t\t\t\t<\/div>\n\t\t\t\t\t\t\t\t<\/div>\n\t\t\t\t<\/div>\n\t\t\t\t<\/div>\n\t\t\t\t<\/div>\n\t\t\t\t\t<\/div>\n\t\t\t\t<\/div>\n\t\t\t\t<\/div>","protected":false},"excerpt":{"rendered":"<p>Help jij Helderse topsporters vooruit? Den Helder is een stad van sport. Met uitgestrekte stranden voor duursporters, ruige golven voor watersporters en moderne sportaccommodaties voor binnen- \u00e9n balsporten, is hier alles aanwezig voor talent om te groeien. Recreatief of op topniveau: sport zit hier in het DNA. Den Helder staat bekend als kweekvijver voor atletiek, [&hellip;]<\/p>\n","protected":false},"author":11,"featured_media":0,"parent":371,"menu_order":0,"comment_status":"closed","ping_status":"closed","template":"elementor_header_footer","meta":{"footnotes":""},"tags":[],"doelgroep":[],"categorie":[],"class_list":["post-12378","page","type-page","status-publish","hentry"],"yoast_head":"<!-- This site is optimized with the Yoast SEO Premium plugin v24.7 (Yoast SEO v27.4) - https:\/\/yoast.com\/product\/yoast-seo-premium-wordpress\/ -->\n<title>Helderse topsporters in beeld: ontdek hun passie en stad<\/title>\n<meta name=\"description\" content=\"Vier topsporters nemen je mee door Den Helder. Bekijk de video&#039;s en laat je inspireren door hun kracht en verhaal.\" \/>\n<meta name=\"robots\" content=\"index, follow, max-snippet:-1, max-image-preview:large, max-video-preview:-1\" \/>\n<link rel=\"canonical\" href=\"https:\/\/denhelder.online\/de\/leben-im-freien\/spitzensport\/\" \/>\n<meta property=\"og:locale\" content=\"de_DE\" \/>\n<meta property=\"og:type\" content=\"article\" \/>\n<meta property=\"og:title\" content=\"Topsport\" \/>\n<meta property=\"og:description\" content=\"Vier topsporters nemen je mee door Den Helder. Bekijk de video&#039;s en laat je inspireren door hun kracht en verhaal.\" \/>\n<meta property=\"og:url\" content=\"https:\/\/denhelder.online\/de\/leben-im-freien\/spitzensport\/\" \/>\n<meta property=\"og:site_name\" content=\"Den Helder Online\" \/>\n<meta property=\"article:modified_time\" content=\"2025-12-09T15:04:37+00:00\" \/>\n<meta property=\"og:image\" content=\"https:\/\/denhelder.online\/wp-content\/uploads\/2025\/06\/Fotos-Ilse-Kootkar-24-10-1024x577.jpg\" \/>\n<meta name=\"twitter:card\" content=\"summary_large_image\" \/>\n<meta name=\"twitter:label1\" content=\"Gesch\u00e4tzte Lesezeit\" \/>\n\t<meta name=\"twitter:data1\" content=\"2\u00a0Minuten\" \/>\n<script type=\"application\/ld+json\" class=\"yoast-schema-graph\">{\"@context\":\"https:\\\/\\\/schema.org\",\"@graph\":[{\"@type\":\"WebPage\",\"@id\":\"https:\\\/\\\/denhelder.online\\\/en\\\/life-in-the-clear\\\/top-sport\\\/\",\"url\":\"https:\\\/\\\/denhelder.online\\\/en\\\/life-in-the-clear\\\/top-sport\\\/\",\"name\":\"Helderse topsporters in beeld: ontdek hun passie en stad\",\"isPartOf\":{\"@id\":\"https:\\\/\\\/denhelder.online\\\/#website\"},\"primaryImageOfPage\":{\"@id\":\"https:\\\/\\\/denhelder.online\\\/en\\\/life-in-the-clear\\\/top-sport\\\/#primaryimage\"},\"image\":{\"@id\":\"https:\\\/\\\/denhelder.online\\\/en\\\/life-in-the-clear\\\/top-sport\\\/#primaryimage\"},\"thumbnailUrl\":\"https:\\\/\\\/denhelder.online\\\/wp-content\\\/uploads\\\/2025\\\/06\\\/Fotos-Ilse-Kootkar-24-10-1024x577.jpg\",\"datePublished\":\"2025-07-02T13:50:01+00:00\",\"dateModified\":\"2025-12-09T15:04:37+00:00\",\"description\":\"Vier topsporters nemen je mee door Den Helder. Bekijk de video's en laat je inspireren door hun kracht en verhaal.\",\"breadcrumb\":{\"@id\":\"https:\\\/\\\/denhelder.online\\\/en\\\/life-in-the-clear\\\/top-sport\\\/#breadcrumb\"},\"inLanguage\":\"de\",\"potentialAction\":[{\"@type\":\"ReadAction\",\"target\":[\"https:\\\/\\\/denhelder.online\\\/en\\\/life-in-the-clear\\\/top-sport\\\/\"]}]},{\"@type\":\"ImageObject\",\"inLanguage\":\"de\",\"@id\":\"https:\\\/\\\/denhelder.online\\\/en\\\/life-in-the-clear\\\/top-sport\\\/#primaryimage\",\"url\":\"https:\\\/\\\/denhelder.online\\\/wp-content\\\/uploads\\\/2025\\\/06\\\/Fotos-Ilse-Kootkar-24-10-1024x577.jpg\",\"contentUrl\":\"https:\\\/\\\/denhelder.online\\\/wp-content\\\/uploads\\\/2025\\\/06\\\/Fotos-Ilse-Kootkar-24-10-1024x577.jpg\"},{\"@type\":\"BreadcrumbList\",\"@id\":\"https:\\\/\\\/denhelder.online\\\/en\\\/life-in-the-clear\\\/top-sport\\\/#breadcrumb\",\"itemListElement\":[{\"@type\":\"ListItem\",\"position\":1,\"name\":\"Home\",\"item\":\"https:\\\/\\\/denhelder.online\\\/\"},{\"@type\":\"ListItem\",\"position\":2,\"name\":\"Leven in Den Helder\",\"item\":\"https:\\\/\\\/denhelder.online\\\/leven-in-den-helder\\\/\"},{\"@type\":\"ListItem\",\"position\":3,\"name\":\"Topsport\"}]},{\"@type\":\"WebSite\",\"@id\":\"https:\\\/\\\/denhelder.online\\\/#website\",\"url\":\"https:\\\/\\\/denhelder.online\\\/\",\"name\":\"Den Helder Online\",\"description\":\"Beleef Den Helder\",\"publisher\":{\"@id\":\"https:\\\/\\\/denhelder.online\\\/#organization\"},\"potentialAction\":[{\"@type\":\"SearchAction\",\"target\":{\"@type\":\"EntryPoint\",\"urlTemplate\":\"https:\\\/\\\/denhelder.online\\\/?s={search_term_string}\"},\"query-input\":{\"@type\":\"PropertyValueSpecification\",\"valueRequired\":true,\"valueName\":\"search_term_string\"}}],\"inLanguage\":\"de\"},{\"@type\":\"Organization\",\"@id\":\"https:\\\/\\\/denhelder.online\\\/#organization\",\"name\":\"Den Helder Online\",\"url\":\"https:\\\/\\\/denhelder.online\\\/\",\"logo\":{\"@type\":\"ImageObject\",\"inLanguage\":\"de\",\"@id\":\"https:\\\/\\\/denhelder.online\\\/#\\\/schema\\\/logo\\\/image\\\/\",\"url\":\"https:\\\/\\\/denhelder.online\\\/wp-content\\\/uploads\\\/2021\\\/12\\\/DitIsDH-Logo-26-tagline.svg\",\"contentUrl\":\"https:\\\/\\\/denhelder.online\\\/wp-content\\\/uploads\\\/2021\\\/12\\\/DitIsDH-Logo-26-tagline.svg\",\"width\":1717.0999999999999,\"height\":934.89999999999998,\"caption\":\"Den Helder Online\"},\"image\":{\"@id\":\"https:\\\/\\\/denhelder.online\\\/#\\\/schema\\\/logo\\\/image\\\/\"}}]}<\/script>\n<!-- \/ Yoast SEO Premium plugin. -->","yoast_head_json":{"title":"Helderse-Spitzensportler in Bildern: Entdecken Sie ihre Leidenschaft und ihre Stadt","description":"Vier Spitzensportler nehmen Sie mit auf eine Reise durch Den Helder. Sehen Sie sich die Videos an und lassen Sie sich von ihrer St\u00e4rke und ihren Geschichten inspirieren.","robots":{"index":"index","follow":"follow","max-snippet":"max-snippet:-1","max-image-preview":"max-image-preview:large","max-video-preview":"max-video-preview:-1"},"canonical":"https:\/\/denhelder.online\/de\/leben-im-freien\/spitzensport\/","og_locale":"de_DE","og_type":"article","og_title":"Topsport","og_description":"Vier topsporters nemen je mee door Den Helder. Bekijk de video's en laat je inspireren door hun kracht en verhaal.","og_url":"https:\/\/denhelder.online\/de\/leben-im-freien\/spitzensport\/","og_site_name":"Den Helder Online","article_modified_time":"2025-12-09T15:04:37+00:00","og_image":[{"url":"https:\/\/denhelder.online\/wp-content\/uploads\/2025\/06\/Fotos-Ilse-Kootkar-24-10-1024x577.jpg","type":"","width":"","height":""}],"twitter_card":"summary_large_image","twitter_misc":{"Gesch\u00e4tzte Lesezeit":"2\u00a0Minuten"},"schema":{"@context":"https:\/\/schema.org","@graph":[{"@type":"WebPage","@id":"https:\/\/denhelder.online\/en\/life-in-the-clear\/top-sport\/","url":"https:\/\/denhelder.online\/en\/life-in-the-clear\/top-sport\/","name":"Helderse-Spitzensportler in Bildern: Entdecken Sie ihre Leidenschaft und ihre Stadt","isPartOf":{"@id":"https:\/\/denhelder.online\/#website"},"primaryImageOfPage":{"@id":"https:\/\/denhelder.online\/en\/life-in-the-clear\/top-sport\/#primaryimage"},"image":{"@id":"https:\/\/denhelder.online\/en\/life-in-the-clear\/top-sport\/#primaryimage"},"thumbnailUrl":"https:\/\/denhelder.online\/wp-content\/uploads\/2025\/06\/Fotos-Ilse-Kootkar-24-10-1024x577.jpg","datePublished":"2025-07-02T13:50:01+00:00","dateModified":"2025-12-09T15:04:37+00:00","description":"Vier Spitzensportler nehmen Sie mit auf eine Reise durch Den Helder. Sehen Sie sich die Videos an und lassen Sie sich von ihrer St\u00e4rke und ihren Geschichten inspirieren.","breadcrumb":{"@id":"https:\/\/denhelder.online\/en\/life-in-the-clear\/top-sport\/#breadcrumb"},"inLanguage":"de","potentialAction":[{"@type":"ReadAction","target":["https:\/\/denhelder.online\/en\/life-in-the-clear\/top-sport\/"]}]},{"@type":"ImageObject","inLanguage":"de","@id":"https:\/\/denhelder.online\/en\/life-in-the-clear\/top-sport\/#primaryimage","url":"https:\/\/denhelder.online\/wp-content\/uploads\/2025\/06\/Fotos-Ilse-Kootkar-24-10-1024x577.jpg","contentUrl":"https:\/\/denhelder.online\/wp-content\/uploads\/2025\/06\/Fotos-Ilse-Kootkar-24-10-1024x577.jpg"},{"@type":"BreadcrumbList","@id":"https:\/\/denhelder.online\/en\/life-in-the-clear\/top-sport\/#breadcrumb","itemListElement":[{"@type":"ListItem","position":1,"name":"Home","item":"https:\/\/denhelder.online\/"},{"@type":"ListItem","position":2,"name":"Leven in Den Helder","item":"https:\/\/denhelder.online\/leven-in-den-helder\/"},{"@type":"ListItem","position":3,"name":"Topsport"}]},{"@type":"WebSite","@id":"https:\/\/denhelder.online\/#website","url":"https:\/\/denhelder.online\/","name":"Den Helder Online","description":"Erleben Sie Den Helder","publisher":{"@id":"https:\/\/denhelder.online\/#organization"},"potentialAction":[{"@type":"SearchAction","target":{"@type":"EntryPoint","urlTemplate":"https:\/\/denhelder.online\/?s={search_term_string}"},"query-input":{"@type":"PropertyValueSpecification","valueRequired":true,"valueName":"search_term_string"}}],"inLanguage":"de"},{"@type":"Organization","@id":"https:\/\/denhelder.online\/#organization","name":"Den Helder Online","url":"https:\/\/denhelder.online\/","logo":{"@type":"ImageObject","inLanguage":"de","@id":"https:\/\/denhelder.online\/#\/schema\/logo\/image\/","url":"https:\/\/denhelder.online\/wp-content\/uploads\/2021\/12\/DitIsDH-Logo-26-tagline.svg","contentUrl":"https:\/\/denhelder.online\/wp-content\/uploads\/2021\/12\/DitIsDH-Logo-26-tagline.svg","width":1717.0999999999999,"height":934.89999999999998,"caption":"Den Helder Online"},"image":{"@id":"https:\/\/denhelder.online\/#\/schema\/logo\/image\/"}}]}},"_links":{"self":[{"href":"https:\/\/denhelder.online\/de\/wp-json\/wp\/v2\/pages\/12378","targetHints":{"allow":["GET"]}}],"collection":[{"href":"https:\/\/denhelder.online\/de\/wp-json\/wp\/v2\/pages"}],"about":[{"href":"https:\/\/denhelder.online\/de\/wp-json\/wp\/v2\/types\/page"}],"author":[{"embeddable":true,"href":"https:\/\/denhelder.online\/de\/wp-json\/wp\/v2\/users\/11"}],"replies":[{"embeddable":true,"href":"https:\/\/denhelder.online\/de\/wp-json\/wp\/v2\/comments?post=12378"}],"version-history":[{"count":0,"href":"https:\/\/denhelder.online\/de\/wp-json\/wp\/v2\/pages\/12378\/revisions"}],"up":[{"embeddable":true,"href":"https:\/\/denhelder.online\/de\/wp-json\/wp\/v2\/pages\/371"}],"wp:attachment":[{"href":"https:\/\/denhelder.online\/de\/wp-json\/wp\/v2\/media?parent=12378"}],"wp:term":[{"taxonomy":"post_tag","embeddable":true,"href":"https:\/\/denhelder.online\/de\/wp-json\/wp\/v2\/tags?post=12378"},{"taxonomy":"doelgroep","embeddable":true,"href":"https:\/\/denhelder.online\/de\/wp-json\/wp\/v2\/doelgroep?post=12378"},{"taxonomy":"categorie","embeddable":true,"href":"https:\/\/denhelder.online\/de\/wp-json\/wp\/v2\/categorie?post=12378"}],"curies":[{"name":"wp","href":"https:\/\/api.w.org\/{rel}","templated":true}]}}