{"id":12411,"date":"2025-07-02T16:15:41","date_gmt":"2025-07-02T14:15:41","guid":{"rendered":"https:\/\/denhelder.online\/?page_id=12411"},"modified":"2026-02-02T08:52:44","modified_gmt":"2026-02-02T07:52:44","slug":"interview-sonnen","status":"publish","type":"page","link":"https:\/\/denhelder.online\/de\/leven-in-den-helder\/topsport\/interview-suns\/","title":{"rendered":"Interview mit Fred van Eck von De Suns"},"content":{"rendered":"<p><strong>Die Suns. Sportlich und sozial aktiv.<\/strong><\/p>\n<p><strong>Den Helder war schon immer eine Basketball-Hochburg. Mit den SUNS haben wir nun wieder zwei Top-Teams, die sowohl den Basketballsport als auch die Stadt f\u00f6rdern. Am Vorabend unserer sechsten Saison in der Eredivisie sprachen wir mit dem Veranstaltungsleiter und Manager des Business Clubs, Fred van Eck, \u00fcber den Sport, junge Talente und das Engagement der Gemeinde.<\/strong><\/p>\n<p>\u201cEs ist die Atmosph\u00e4re. Die Zuschauer auf den B\u00e4nken, die ganze Stimmung am Abend.\u201d Fred van Eck ger\u00e4t schon beim blo\u00dfen Erz\u00e4hlen ins Schw\u00e4rmen. \u201cWir haben Cheerleader, Spiele f\u00fcr und mit Kindern \u2026 Es ist wirklich unbeschreiblich. Man muss es selbst erleben.\u201d<\/p>\n<p>Die SUNS sind voller Vorfreude. In der n\u00e4chsten Saison werden sie endlich wieder vor Publikum spielen. Van Eck: \u201cWir haben uns gut pr\u00e4sentiert, auch durch unsere rege Teilnahme am \u00f6ffentlichen Leben. Aber dieses gro\u00dfe \u201dC\u2018 hat uns einen Strich durch die Rechnung gemacht.\u201c<\/p>\n<p><strong>Kleiner Club, gro\u00dfe Sache<\/strong><\/p>\n<p>Die Herrenmannschaft spielt in der BNXT, der ehemaligen niederl\u00e4ndischen Basketballliga. Die Damenmannschaft ist in der Women&#039;s Basketball League und darf sich amtierender Meister nennen, da sie bisher ungeschlagen ist. Mit der Helderse-Skyline auf ihren Trikots zeigen beide Teams, dass Den Helder weiterhin im Basketballgesch\u00e4ft mitmischt. Van Eck: \u201dDen Helder war fr\u00fcher eine Gr\u00f6\u00dfe im Basketball. Ein Spiel zwischen Den Helder und Den Bosch war vergleichbar mit einem Spiel zwischen Ajax und Feyenoord. Wir hatten mit den Herren ein paar schwierige Jahre. Jetzt, mit den SUNS, sind wir wieder im soliden Mittelfeld der Liga angekommen. Die Damen waren schon immer sehr konstant. Sie geben einfach nicht auf. Es ist ein sehr junges Team mit sogar einigen internationalen Spielerinnen in unseren Reihen.\u201c<\/p>\n<p>Ihr Erfolg ist zum Teil ihrem Gesp\u00fcr f\u00fcr junge Talente zu verdanken. Van Eck: \u201cGro\u00dfe Vereine kaufen Spieler aus dem Ausland. Wir haben ausschlie\u00dflich niederl\u00e4ndische Spieler, von denen einige aus unserer eigenen Jugendakademie in Noordkop stammen. Und wir haben hervorragende Trainer, die wissen, wie sie unsere Spieler auf h\u00f6chstes Niveau bringen. Sie motivieren sie bis ins Mark. So sieht man, wie selbst ein kleiner Verein Gro\u00dfes erreichen kann.\u201d<\/p>\n<p><strong>SUNS Assist<\/strong><\/p>\n<p>Die SUNS gl\u00e4nzen nicht nur sportlich. Als SUNS Assist engagieren sie sich auch sozial und arbeiten mit Bildungseinrichtungen, Wohlfahrtsorganisationen und anderen Partnern zusammen. Van Eck: \u201cIn einer Basketballnation wie Amerika spielen die Spieler auf einem sehr hohen Niveau. Unsere Spieler sind nahbar. Sie sind stark in die Gesellschaft eingebunden und setzen sich f\u00fcr das Gemeinwohl ein.\u201d<\/p>\n<p>Sie haben beispielsweise zum TekPark LEGO-Projekt beigetragen und besuchen Schulen, um Workshops zu geben oder vorzulesen. Van Eck: \u201cAnschlie\u00dfend erhalten die Sch\u00fcler eine Eintrittskarte f\u00fcr ein Spiel. So lernen sie zun\u00e4chst den Sport und die Spieler kennen und k\u00f6nnen dann ihre neuen Helden in Aktion erleben. Wir begeistern junge Menschen f\u00fcr Basketball, und wer wei\u00df, vielleicht ist ja eines Tages sogar einer dabei, der zu unserem eigenen Nachwuchstalent heranw\u00e4chst.\u201d<\/p>\n<p>Neben der Bildungsarbeit sucht der Verein SUNS auch Partnerschaften mit gemeinn\u00fctzigen Organisationen wie MEE &amp; De Wering und Parlan. Menschen mit Behinderungen oder solche, die (vor\u00fcbergehend) nicht am Arbeitsmarkt teilnehmen k\u00f6nnen, unterst\u00fctzen den Verein \u00fcber diese Organisationen. Beispielsweise gibt es einen Livestream. Van Eck: \u201cWir haben lange Zeit ohne Publikum gespielt. Gemeinsam mit unseren Partnern MEE &amp; De Wering und Druktemaker haben wir einen Livestream eingerichtet. Das war uns sehr wichtig, um die Fans weiterhin einzubinden.\u201d Und es hat funktioniert. Der Livestream erreichte pro Spiel rund 10.000 Zuschauer. Van Eck: \u201cMEE &amp; De Wering stellte unter anderem den Livestream, die Beleuchtung und den Ton bereit und erhielt Unterst\u00fctzung von Druktemaker und Kbaal mit Grafiken, Animationen und zus\u00e4tzlichen Kameras.\u201d<\/p>\n<p>Eines der neuesten Projekte ist\u00a0<a href=\"https:\/\/heren.denheldersuns.nl\/suns\/nieuws\/suns-blijven-zich-inzetten-voor-maatschappelijke-doelen.\">Helden der Gemeinschaft 0223<\/a>, Unter der Leitung des niederl\u00e4ndischen Nationalspielers Janis Ndiba Boonstra k\u00f6nnen sich Jugendliche als Team anmelden, um ein soziales Ziel zu erreichen. Jugendbetreuer und Spitzensportler begleiten f\u00fcnf Teams lokaler Helden auf ihrem Weg zur Zielerreichung.<\/p>\n<p><strong>Basketball Temple<\/strong><\/p>\n<p>Durch ihre guten Leistungen und ihre Pr\u00e4senz sind die Den Helder SUNS ein Aush\u00e4ngeschild f\u00fcr die Stadt. Und ab der n\u00e4chsten Saison wird dieses Aush\u00e4ngeschild noch mehr Aufmerksamkeit erregen. Van Eck: \u201cNach Jahren an der Sportlaan ziehen wir nach Quelderduijn um. Ich kann noch nicht allzu viel dar\u00fcber verraten, aber es wird eine richtige Basketballarena. Wir k\u00f6nnen Zuschauer und Mannschaften aus den ganzen Niederlanden begr\u00fc\u00dfen. Das ist eine weitere M\u00f6glichkeit f\u00fcr uns, zu zeigen, was Den Helder zu bieten hat.\u201d<\/p>\n<p>Weitere Informationen zu den Suns finden Sie unter:\u00a0<a href=\"https:\/\/denheldersuns.nl\/\" target=\"_blank\" rel=\"noopener\">denheldersuns.nl<\/a><\/p>\n<p><em>Das obige Interview wurde von Yanaika Zomer verfasst.<\/em><\/p>","protected":false},"excerpt":{"rendered":"<p>De SUNS. Sportief en sociaal actief Den Helder is van oudsher een basketbalstad. Met de SUNS hebben we weer twee topteams die zowel het basketbal als de stad promoten. Aan de vooravond van het zesde seizoen in de eredivisie spreken we zaalco\u00f6rdinator en businessclub manager Fred van Eck over de sport, jong talent en maatschappelijke [&hellip;]<\/p>\n","protected":false},"author":11,"featured_media":14924,"parent":12378,"menu_order":0,"comment_status":"closed","ping_status":"closed","template":"","meta":{"footnotes":""},"tags":[],"doelgroep":[6027,6028,6029],"categorie":[],"class_list":["post-12411","page","type-page","status-publish","has-post-thumbnail","hentry","doelgroep-inwoner","doelgroep-inwoner-regio","doelgroep-toerist"],"yoast_head":"<!-- This site is optimized with the Yoast SEO Premium plugin v24.7 (Yoast SEO v27.4) - https:\/\/yoast.com\/product\/yoast-seo-premium-wordpress\/ -->\n<title>Topsport in Den Helder<\/title>\n<meta name=\"description\" content=\"Van tropische tuinen tot maritieme musea en forten: dit haal je uit een dag in Den Helder.\" \/>\n<meta name=\"robots\" content=\"index, follow, max-snippet:-1, max-image-preview:large, max-video-preview:-1\" \/>\n<link rel=\"canonical\" href=\"https:\/\/denhelder.online\/de\/leben-im-freien\/spitzensport\/interview-sonnen\/\" \/>\n<meta property=\"og:locale\" content=\"de_DE\" \/>\n<meta property=\"og:type\" content=\"article\" \/>\n<meta property=\"og:title\" content=\"Interview met Fred van Eck van De Suns\" \/>\n<meta property=\"og:description\" content=\"Van tropische tuinen tot maritieme musea en forten: dit haal je uit een dag in Den Helder.\" \/>\n<meta property=\"og:url\" content=\"https:\/\/denhelder.online\/de\/leben-im-freien\/spitzensport\/interview-sonnen\/\" \/>\n<meta property=\"og:site_name\" content=\"Den Helder Online\" \/>\n<meta property=\"article:modified_time\" content=\"2026-02-02T07:52:44+00:00\" \/>\n<meta property=\"og:image\" content=\"https:\/\/denhelder.online\/wp-content\/uploads\/2025\/10\/Suns-patrick-vischschraper-768x1024.png\" \/>\n\t<meta property=\"og:image:width\" content=\"768\" \/>\n\t<meta property=\"og:image:height\" content=\"1024\" \/>\n\t<meta property=\"og:image:type\" content=\"image\/png\" \/>\n<meta name=\"twitter:card\" content=\"summary_large_image\" \/>\n<meta name=\"twitter:label1\" content=\"Gesch\u00e4tzte Lesezeit\" \/>\n\t<meta name=\"twitter:data1\" content=\"4\u00a0Minuten\" \/>\n<script type=\"application\/ld+json\" class=\"yoast-schema-graph\">{\"@context\":\"https:\\\/\\\/schema.org\",\"@graph\":[{\"@type\":\"WebPage\",\"@id\":\"https:\\\/\\\/denhelder.online\\\/leven-in-den-helder\\\/topsport\\\/interview-suns\\\/\",\"url\":\"https:\\\/\\\/denhelder.online\\\/leven-in-den-helder\\\/topsport\\\/interview-suns\\\/\",\"name\":\"Topsport in Den Helder\",\"isPartOf\":{\"@id\":\"https:\\\/\\\/denhelder.online\\\/#website\"},\"primaryImageOfPage\":{\"@id\":\"https:\\\/\\\/denhelder.online\\\/leven-in-den-helder\\\/topsport\\\/interview-suns\\\/#primaryimage\"},\"image\":{\"@id\":\"https:\\\/\\\/denhelder.online\\\/leven-in-den-helder\\\/topsport\\\/interview-suns\\\/#primaryimage\"},\"thumbnailUrl\":\"https:\\\/\\\/denhelder.online\\\/wp-content\\\/uploads\\\/2025\\\/10\\\/Suns-patrick-vischschraper.png\",\"datePublished\":\"2025-07-02T14:15:41+00:00\",\"dateModified\":\"2026-02-02T07:52:44+00:00\",\"description\":\"Van tropische tuinen tot maritieme musea en forten: dit haal je uit een dag in Den Helder.\",\"breadcrumb\":{\"@id\":\"https:\\\/\\\/denhelder.online\\\/leven-in-den-helder\\\/topsport\\\/interview-suns\\\/#breadcrumb\"},\"inLanguage\":\"de\",\"potentialAction\":[{\"@type\":\"ReadAction\",\"target\":[\"https:\\\/\\\/denhelder.online\\\/leven-in-den-helder\\\/topsport\\\/interview-suns\\\/\"]}]},{\"@type\":\"ImageObject\",\"inLanguage\":\"de\",\"@id\":\"https:\\\/\\\/denhelder.online\\\/leven-in-den-helder\\\/topsport\\\/interview-suns\\\/#primaryimage\",\"url\":\"https:\\\/\\\/denhelder.online\\\/wp-content\\\/uploads\\\/2025\\\/10\\\/Suns-patrick-vischschraper.png\",\"contentUrl\":\"https:\\\/\\\/denhelder.online\\\/wp-content\\\/uploads\\\/2025\\\/10\\\/Suns-patrick-vischschraper.png\",\"width\":1536,\"height\":2048,\"caption\":\"basketbal wedstrijd Den Helder Suns\"},{\"@type\":\"BreadcrumbList\",\"@id\":\"https:\\\/\\\/denhelder.online\\\/leven-in-den-helder\\\/topsport\\\/interview-suns\\\/#breadcrumb\",\"itemListElement\":[{\"@type\":\"ListItem\",\"position\":1,\"name\":\"Home\",\"item\":\"https:\\\/\\\/denhelder.online\\\/\"},{\"@type\":\"ListItem\",\"position\":2,\"name\":\"Leven in Den Helder\",\"item\":\"https:\\\/\\\/denhelder.online\\\/leven-in-den-helder\\\/\"},{\"@type\":\"ListItem\",\"position\":3,\"name\":\"Topsport\",\"item\":\"https:\\\/\\\/denhelder.online\\\/en\\\/life-in-the-clear\\\/top-sport\\\/\"},{\"@type\":\"ListItem\",\"position\":4,\"name\":\"Interview met Fred van Eck van De Suns\"}]},{\"@type\":\"WebSite\",\"@id\":\"https:\\\/\\\/denhelder.online\\\/#website\",\"url\":\"https:\\\/\\\/denhelder.online\\\/\",\"name\":\"Den Helder Online\",\"description\":\"Beleef Den Helder\",\"publisher\":{\"@id\":\"https:\\\/\\\/denhelder.online\\\/#organization\"},\"potentialAction\":[{\"@type\":\"SearchAction\",\"target\":{\"@type\":\"EntryPoint\",\"urlTemplate\":\"https:\\\/\\\/denhelder.online\\\/?s={search_term_string}\"},\"query-input\":{\"@type\":\"PropertyValueSpecification\",\"valueRequired\":true,\"valueName\":\"search_term_string\"}}],\"inLanguage\":\"de\"},{\"@type\":\"Organization\",\"@id\":\"https:\\\/\\\/denhelder.online\\\/#organization\",\"name\":\"Den Helder Online\",\"url\":\"https:\\\/\\\/denhelder.online\\\/\",\"logo\":{\"@type\":\"ImageObject\",\"inLanguage\":\"de\",\"@id\":\"https:\\\/\\\/denhelder.online\\\/#\\\/schema\\\/logo\\\/image\\\/\",\"url\":\"https:\\\/\\\/denhelder.online\\\/wp-content\\\/uploads\\\/2021\\\/12\\\/DitIsDH-Logo-26-tagline.svg\",\"contentUrl\":\"https:\\\/\\\/denhelder.online\\\/wp-content\\\/uploads\\\/2021\\\/12\\\/DitIsDH-Logo-26-tagline.svg\",\"width\":1717.0999999999999,\"height\":934.89999999999998,\"caption\":\"Den Helder Online\"},\"image\":{\"@id\":\"https:\\\/\\\/denhelder.online\\\/#\\\/schema\\\/logo\\\/image\\\/\"}}]}<\/script>\n<!-- \/ Yoast SEO Premium plugin. -->","yoast_head_json":{"title":"Top-Sport in Den Helder","description":"Von tropischen G\u00e4rten \u00fcber Schifffahrtsmuseen bis hin zu Festungen: Das erwartet Sie bei einem Tag im Den Helder.","robots":{"index":"index","follow":"follow","max-snippet":"max-snippet:-1","max-image-preview":"max-image-preview:large","max-video-preview":"max-video-preview:-1"},"canonical":"https:\/\/denhelder.online\/de\/leben-im-freien\/spitzensport\/interview-sonnen\/","og_locale":"de_DE","og_type":"article","og_title":"Interview met Fred van Eck van De Suns","og_description":"Van tropische tuinen tot maritieme musea en forten: dit haal je uit een dag in Den Helder.","og_url":"https:\/\/denhelder.online\/de\/leben-im-freien\/spitzensport\/interview-sonnen\/","og_site_name":"Den Helder Online","article_modified_time":"2026-02-02T07:52:44+00:00","og_image":[{"width":768,"height":1024,"url":"https:\/\/denhelder.online\/wp-content\/uploads\/2025\/10\/Suns-patrick-vischschraper-768x1024.png","type":"image\/png"}],"twitter_card":"summary_large_image","twitter_misc":{"Gesch\u00e4tzte Lesezeit":"4\u00a0Minuten"},"schema":{"@context":"https:\/\/schema.org","@graph":[{"@type":"WebPage","@id":"https:\/\/denhelder.online\/leven-in-den-helder\/topsport\/interview-suns\/","url":"https:\/\/denhelder.online\/leven-in-den-helder\/topsport\/interview-suns\/","name":"Top-Sport in Den Helder","isPartOf":{"@id":"https:\/\/denhelder.online\/#website"},"primaryImageOfPage":{"@id":"https:\/\/denhelder.online\/leven-in-den-helder\/topsport\/interview-suns\/#primaryimage"},"image":{"@id":"https:\/\/denhelder.online\/leven-in-den-helder\/topsport\/interview-suns\/#primaryimage"},"thumbnailUrl":"https:\/\/denhelder.online\/wp-content\/uploads\/2025\/10\/Suns-patrick-vischschraper.png","datePublished":"2025-07-02T14:15:41+00:00","dateModified":"2026-02-02T07:52:44+00:00","description":"Von tropischen G\u00e4rten \u00fcber Schifffahrtsmuseen bis hin zu Festungen: Das erwartet Sie bei einem Tag im Den Helder.","breadcrumb":{"@id":"https:\/\/denhelder.online\/leven-in-den-helder\/topsport\/interview-suns\/#breadcrumb"},"inLanguage":"de","potentialAction":[{"@type":"ReadAction","target":["https:\/\/denhelder.online\/leven-in-den-helder\/topsport\/interview-suns\/"]}]},{"@type":"ImageObject","inLanguage":"de","@id":"https:\/\/denhelder.online\/leven-in-den-helder\/topsport\/interview-suns\/#primaryimage","url":"https:\/\/denhelder.online\/wp-content\/uploads\/2025\/10\/Suns-patrick-vischschraper.png","contentUrl":"https:\/\/denhelder.online\/wp-content\/uploads\/2025\/10\/Suns-patrick-vischschraper.png","width":1536,"height":2048,"caption":"basketbal wedstrijd Den Helder Suns"},{"@type":"BreadcrumbList","@id":"https:\/\/denhelder.online\/leven-in-den-helder\/topsport\/interview-suns\/#breadcrumb","itemListElement":[{"@type":"ListItem","position":1,"name":"Home","item":"https:\/\/denhelder.online\/"},{"@type":"ListItem","position":2,"name":"Leven in Den Helder","item":"https:\/\/denhelder.online\/leven-in-den-helder\/"},{"@type":"ListItem","position":3,"name":"Topsport","item":"https:\/\/denhelder.online\/en\/life-in-the-clear\/top-sport\/"},{"@type":"ListItem","position":4,"name":"Interview met Fred van Eck van De Suns"}]},{"@type":"WebSite","@id":"https:\/\/denhelder.online\/#website","url":"https:\/\/denhelder.online\/","name":"Den Helder Online","description":"Erleben Sie Den Helder","publisher":{"@id":"https:\/\/denhelder.online\/#organization"},"potentialAction":[{"@type":"SearchAction","target":{"@type":"EntryPoint","urlTemplate":"https:\/\/denhelder.online\/?s={search_term_string}"},"query-input":{"@type":"PropertyValueSpecification","valueRequired":true,"valueName":"search_term_string"}}],"inLanguage":"de"},{"@type":"Organization","@id":"https:\/\/denhelder.online\/#organization","name":"Den Helder Online","url":"https:\/\/denhelder.online\/","logo":{"@type":"ImageObject","inLanguage":"de","@id":"https:\/\/denhelder.online\/#\/schema\/logo\/image\/","url":"https:\/\/denhelder.online\/wp-content\/uploads\/2021\/12\/DitIsDH-Logo-26-tagline.svg","contentUrl":"https:\/\/denhelder.online\/wp-content\/uploads\/2021\/12\/DitIsDH-Logo-26-tagline.svg","width":1717.0999999999999,"height":934.89999999999998,"caption":"Den Helder Online"},"image":{"@id":"https:\/\/denhelder.online\/#\/schema\/logo\/image\/"}}]}},"_links":{"self":[{"href":"https:\/\/denhelder.online\/de\/wp-json\/wp\/v2\/pages\/12411","targetHints":{"allow":["GET"]}}],"collection":[{"href":"https:\/\/denhelder.online\/de\/wp-json\/wp\/v2\/pages"}],"about":[{"href":"https:\/\/denhelder.online\/de\/wp-json\/wp\/v2\/types\/page"}],"author":[{"embeddable":true,"href":"https:\/\/denhelder.online\/de\/wp-json\/wp\/v2\/users\/11"}],"replies":[{"embeddable":true,"href":"https:\/\/denhelder.online\/de\/wp-json\/wp\/v2\/comments?post=12411"}],"version-history":[{"count":0,"href":"https:\/\/denhelder.online\/de\/wp-json\/wp\/v2\/pages\/12411\/revisions"}],"up":[{"embeddable":true,"href":"https:\/\/denhelder.online\/de\/wp-json\/wp\/v2\/pages\/12378"}],"wp:featuredmedia":[{"embeddable":true,"href":"https:\/\/denhelder.online\/de\/wp-json\/wp\/v2\/media\/14924"}],"wp:attachment":[{"href":"https:\/\/denhelder.online\/de\/wp-json\/wp\/v2\/media?parent=12411"}],"wp:term":[{"taxonomy":"post_tag","embeddable":true,"href":"https:\/\/denhelder.online\/de\/wp-json\/wp\/v2\/tags?post=12411"},{"taxonomy":"doelgroep","embeddable":true,"href":"https:\/\/denhelder.online\/de\/wp-json\/wp\/v2\/doelgroep?post=12411"},{"taxonomy":"categorie","embeddable":true,"href":"https:\/\/denhelder.online\/de\/wp-json\/wp\/v2\/categorie?post=12411"}],"curies":[{"name":"wp","href":"https:\/\/api.w.org\/{rel}","templated":true}]}}