{"id":12429,"date":"2025-07-02T16:32:59","date_gmt":"2025-07-02T14:32:59","guid":{"rendered":"https:\/\/denhelder.online\/?page_id=12429"},"modified":"2026-01-16T14:49:12","modified_gmt":"2026-01-16T13:49:12","slug":"kustenbus","status":"publish","type":"page","link":"https:\/\/denhelder.online\/de\/bereikbaarheid\/kustbus\/","title":{"rendered":"K\u00fcstenbusfahrplan"},"content":{"rendered":"<div data-elementor-type=\"wp-page\" data-elementor-id=\"12429\" class=\"elementor elementor-12429\" data-elementor-post-type=\"page\">\n\t\t\t\t<div class=\"elementor-element elementor-element-a2426e2 e-flex e-con-boxed e-con e-parent\" data-id=\"a2426e2\" data-element_type=\"container\" data-e-type=\"container\" data-settings=\"{&quot;jet_parallax_layout_list&quot;:[]}\">\n\t\t\t\t\t<div class=\"e-con-inner\">\n\t\t<div class=\"elementor-element elementor-element-21d95c1c e-con-full e-flex e-con e-child\" data-id=\"21d95c1c\" data-element_type=\"container\" data-e-type=\"container\" data-settings=\"{&quot;jet_parallax_layout_list&quot;:[]}\">\n\t\t\t\t<div class=\"elementor-element elementor-element-1f0bdf41 elementor-widget elementor-widget-breadcrumbs\" data-id=\"1f0bdf41\" data-element_type=\"widget\" data-e-type=\"widget\" data-widget_type=\"breadcrumbs.default\">\n\t\t\t\t<div class=\"elementor-widget-container\">\n\t\t\t\t\t<p id=\"breadcrumbs\"><span><span><a href=\"https:\/\/denhelder.online\/de\/\">Heim<\/a><\/span><\/span><\/p>\t\t\t\t<\/div>\n\t\t\t\t<\/div>\n\t\t<div class=\"elementor-element elementor-element-c909cfe e-con-full e-flex e-con e-child\" data-id=\"c909cfe\" data-element_type=\"container\" data-e-type=\"container\" data-settings=\"{&quot;jet_parallax_layout_list&quot;:[]}\">\n\t\t\t\t<div class=\"elementor-element elementor-element-49d5a0b3 elementor-widget elementor-widget-heading\" data-id=\"49d5a0b3\" data-element_type=\"widget\" data-e-type=\"widget\" data-widget_type=\"heading.default\">\n\t\t\t\t<div class=\"elementor-widget-container\">\n\t\t\t\t\t<p class=\"elementor-heading-title elementor-size-default\">Folgen Sie uns in den sozialen Netzwerken:<\/p>\t\t\t\t<\/div>\n\t\t\t\t<\/div>\n\t\t\t\t<div class=\"elementor-element elementor-element-7157edb1 elementor-icon-list--layout-inline elementor-align-end elementor-list-item-link-full_width elementor-widget elementor-widget-global elementor-global-1176 elementor-widget-icon-list\" data-id=\"7157edb1\" data-element_type=\"widget\" data-e-type=\"widget\" data-widget_type=\"icon-list.default\">\n\t\t\t\t<div class=\"elementor-widget-container\">\n\t\t\t\t\t\t\t<ul class=\"elementor-icon-list-items elementor-inline-items\">\n\t\t\t\t\t\t\t<li class=\"elementor-icon-list-item elementor-inline-item\">\n\t\t\t\t\t\t\t\t\t\t\t<a href=\"https:\/\/www.facebook.com\/ditisdenhelder\" target=\"_blank\">\n\n\t\t\t\t\t\t\t\t\t\t\t\t<span class=\"elementor-icon-list-icon\">\n\t\t\t\t\t\t\t<i aria-hidden=\"true\" class=\"fab fa-facebook\"><\/i>\t\t\t\t\t\t<\/span>\n\t\t\t\t\t\t\t\t\t\t<span class=\"elementor-icon-list-text\"><\/span>\n\t\t\t\t\t\t\t\t\t\t\t<\/a>\n\t\t\t\t\t\t\t\t\t<\/li>\n\t\t\t\t\t\t\t\t<li class=\"elementor-icon-list-item elementor-inline-item\">\n\t\t\t\t\t\t\t\t\t\t\t<a href=\"https:\/\/www.instagram.com\/ditisdenhelder\/\" target=\"_blank\">\n\n\t\t\t\t\t\t\t\t\t\t\t\t<span class=\"elementor-icon-list-icon\">\n\t\t\t\t\t\t\t<i aria-hidden=\"true\" class=\"fab fa-instagram\"><\/i>\t\t\t\t\t\t<\/span>\n\t\t\t\t\t\t\t\t\t\t<span class=\"elementor-icon-list-text\"><\/span>\n\t\t\t\t\t\t\t\t\t\t\t<\/a>\n\t\t\t\t\t\t\t\t\t<\/li>\n\t\t\t\t\t\t\t\t<li class=\"elementor-icon-list-item elementor-inline-item\">\n\t\t\t\t\t\t\t\t\t\t\t<a href=\"https:\/\/www.youtube.com\/channel\/UCxXdcocRQwb3lDwiYBp3llg\" target=\"_blank\">\n\n\t\t\t\t\t\t\t\t\t\t\t\t<span class=\"elementor-icon-list-icon\">\n\t\t\t\t\t\t\t<i aria-hidden=\"true\" class=\"fab fa-youtube\"><\/i>\t\t\t\t\t\t<\/span>\n\t\t\t\t\t\t\t\t\t\t<span class=\"elementor-icon-list-text\"><\/span>\n\t\t\t\t\t\t\t\t\t\t\t<\/a>\n\t\t\t\t\t\t\t\t\t<\/li>\n\t\t\t\t\t\t\t\t<li class=\"elementor-icon-list-item elementor-inline-item\">\n\t\t\t\t\t\t\t\t\t\t\t<a href=\"https:\/\/www.linkedin.com\/company\/citymarketing-den-helder\" target=\"_blank\">\n\n\t\t\t\t\t\t\t\t\t\t\t\t<span class=\"elementor-icon-list-icon\">\n\t\t\t\t\t\t\t<i aria-hidden=\"true\" class=\"fab fa-linkedin-in\"><\/i>\t\t\t\t\t\t<\/span>\n\t\t\t\t\t\t\t\t\t\t<span class=\"elementor-icon-list-text\"><\/span>\n\t\t\t\t\t\t\t\t\t\t\t<\/a>\n\t\t\t\t\t\t\t\t\t<\/li>\n\t\t\t\t\t\t<\/ul>\n\t\t\t\t\t\t<\/div>\n\t\t\t\t<\/div>\n\t\t\t\t<\/div>\n\t\t\t\t<\/div>\n\t\t\t\t\t<\/div>\n\t\t\t\t<\/div>\n\t\t<div class=\"elementor-element elementor-element-5c34da1c e-flex e-con-boxed e-con e-parent\" data-id=\"5c34da1c\" data-element_type=\"container\" data-e-type=\"container\" data-settings=\"{&quot;jet_parallax_layout_list&quot;:[]}\">\n\t\t\t\t\t<div class=\"e-con-inner\">\n\t\t<div class=\"elementor-element elementor-element-3b4ac2d8 e-con-full e-flex e-con e-child\" data-id=\"3b4ac2d8\" data-element_type=\"container\" data-e-type=\"container\" data-settings=\"{&quot;jet_parallax_layout_list&quot;:[]}\">\n\t\t\t\t<div class=\"elementor-element elementor-element-788bd80f elementor-widget__width-inherit elementor-widget elementor-widget-heading\" data-id=\"788bd80f\" data-element_type=\"widget\" data-e-type=\"widget\" data-widget_type=\"heading.default\">\n\t\t\t\t<div class=\"elementor-widget-container\">\n\t\t\t\t\t<h2 class=\"elementor-heading-title elementor-size-default\">Kostenloser K\u00fcstenbus: Entdecken Sie die K\u00fcste Nordhollands<\/h2>\t\t\t\t<\/div>\n\t\t\t\t<\/div>\n\t\t\t\t<div class=\"elementor-element elementor-element-7d866cfa elementor-widget elementor-widget-text-editor\" data-id=\"7d866cfa\" data-element_type=\"widget\" data-e-type=\"widget\" data-widget_type=\"text-editor.default\">\n\t\t\t\t<div class=\"elementor-widget-container\">\n\t\t\t\t\t\t\t\t\t<p data-start=\"170\" data-end=\"478\">Lust auf einen Tag voller Strand, Natur oder Kultur? Dann steigen Sie in den kostenlosen Kustbus (K\u00fcstenbus) und lassen Sie sich zu den sch\u00f6nsten Orten zwischen Petten und Den Helder bringen. Vom 2. Juni bis zum 31. August verkehrt der Bus t\u00e4glich entlang der nordholl\u00e4ndischen K\u00fcste und h\u00e4lt an verschiedenen Haltestellen, die zum Aussteigen, Erkunden und Entspannen einladen.<\/p><p data-start=\"480\" data-end=\"752\"><strong data-start=\"480\" data-end=\"509\">Auf einem Abenteuer in Den Helder<\/strong><br data-start=\"509\" data-end=\"512\" \/>Wenn Sie bis zur Station Den Helder fahren, befinden Sie sich direkt in Willemsoord, dem maritimen Zentrum der Stadt. Hier k\u00f6nnen Sie das Nationale Rettungsmuseum oder das Marinemuseum besuchen, wo Sie beeindruckende Schiffe und U-Boote besichtigen k\u00f6nnen.<\/p><p data-start=\"754\" data-end=\"1047\"><strong data-start=\"754\" data-end=\"780\">Ein tropischer Urlaub<\/strong><br data-start=\"780\" data-end=\"783\" \/>An der Haltestelle Van Galenstraat verbirgt sich ein wahres Juwel: Hortus Overzee. Schlendern Sie zwischen tropischen Pflanzen, bewundern Sie Schmetterlinge im Gew\u00e4chshaus und finden Sie Ruhe im gr\u00f6\u00dften japanischen Garten der Niederlande. Wasser, Br\u00fccken, Koi-Karpfen \u2013 eine Reise um die Welt.<\/p><p data-start=\"1049\" data-end=\"1262\"><strong data-start=\"1049\" data-end=\"1069\">Sonne, Meer und Sand<\/strong><br data-start=\"1069\" data-end=\"1072\" \/>Lieber Strandurlaub? Dann ab zum Strand von Julianadorp und den Sand unter den F\u00fc\u00dfen sp\u00fcren. Buchen Sie einen Surfkurs bei der Surfschule High 5 oder nehmen Sie einfach ein erfrischendes Bad. Hier ist die K\u00fcste pures Vergn\u00fcgen.<\/p><p data-start=\"1264\" data-end=\"1405\">Der Kustbus bringt Sie \u00fcberall hin \u2013 kostenlos, nachhaltig und t\u00e4glich. Den aktuellen Fahrplan finden Sie unter [Link einf\u00fcgen]. <a class=\"\" href=\"https:\/\/www.kustbus.nl\" target=\"_new\" rel=\"noopener\" data-start=\"1364\" data-end=\"1404\">www.kustbus.nl<\/a>.<\/p>\t\t\t\t\t\t\t\t<\/div>\n\t\t\t\t<\/div>\n\t\t\t\t<\/div>\n\t\t\t\t\t<\/div>\n\t\t\t\t<\/div>\n\t\t<div class=\"elementor-element elementor-element-439adab7 e-flex e-con-boxed e-con e-parent\" data-id=\"439adab7\" data-element_type=\"container\" data-e-type=\"container\" data-settings=\"{&quot;background_background&quot;:&quot;classic&quot;,&quot;jet_parallax_layout_list&quot;:[]}\">\n\t\t\t\t\t<div class=\"e-con-inner\">\n\t\t<div class=\"elementor-element elementor-element-2b2da1ea e-con-full e-flex e-con e-child\" data-id=\"2b2da1ea\" data-element_type=\"container\" data-e-type=\"container\" data-settings=\"{&quot;jet_parallax_layout_list&quot;:[]}\">\n\t\t\t\t<div class=\"elementor-element elementor-element-5cc41517 elementor-widget__width-inherit elementor-widget elementor-widget-image\" data-id=\"5cc41517\" data-element_type=\"widget\" data-e-type=\"widget\" data-widget_type=\"image.default\">\n\t\t\t\t<div class=\"elementor-widget-container\">\n\t\t\t\t\t\t\t\t\t\t\t\t\t\t\t<img fetchpriority=\"high\" decoding=\"async\" width=\"1141\" height=\"736\" src=\"https:\/\/denhelder.online\/wp-content\/uploads\/2025\/07\/Dienstregeling-Kustbus.png\" class=\"attachment-2048x2048 size-2048x2048 wp-image-12431\" alt=\"K\u00fcstenbusfahrplan Den Helder 2025\" srcset=\"https:\/\/denhelder.online\/wp-content\/uploads\/2025\/07\/Dienstregeling-Kustbus.png 1141w, https:\/\/denhelder.online\/wp-content\/uploads\/2025\/07\/Dienstregeling-Kustbus-300x194.png 300w, https:\/\/denhelder.online\/wp-content\/uploads\/2025\/07\/Dienstregeling-Kustbus-1024x661.png 1024w, https:\/\/denhelder.online\/wp-content\/uploads\/2025\/07\/Dienstregeling-Kustbus-768x495.png 768w, https:\/\/denhelder.online\/wp-content\/uploads\/2025\/07\/Dienstregeling-Kustbus-18x12.png 18w, https:\/\/denhelder.online\/wp-content\/uploads\/2025\/07\/Dienstregeling-Kustbus-600x387.png 600w\" sizes=\"(max-width: 1141px) 100vw, 1141px\" \/>\t\t\t\t\t\t\t\t\t\t\t\t\t\t\t<\/div>\n\t\t\t\t<\/div>\n\t\t\t\t<\/div>\n\t\t\t\t\t<\/div>\n\t\t\t\t<\/div>\n\t\t\t\t<\/div>","protected":false},"excerpt":{"rendered":"<p>Volg ons op social: \u00a0 \u00a0 \u00a0 \u00a0 Gratis Kustbus: ontdek de Noord-Hollandse kustlijn Zin in een dag vol strand, natuur of cultuur? Stap dan in de gratis Kustbus en laat je meevoeren langs de mooiste plekken tussen Petten en Den Helder. Van 2 juni tot en met 31 augustus rijdt de bus elke dag [&hellip;]<\/p>\n","protected":false},"author":11,"featured_media":6970,"parent":12457,"menu_order":0,"comment_status":"closed","ping_status":"closed","template":"elementor_header_footer","meta":{"footnotes":""},"tags":[],"doelgroep":[],"categorie":[],"class_list":["post-12429","page","type-page","status-publish","has-post-thumbnail","hentry"],"yoast_head":"<!-- This site is optimized with the Yoast SEO Premium plugin v24.7 (Yoast SEO v27.4) - https:\/\/yoast.com\/product\/yoast-seo-premium-wordpress\/ -->\n<title>Gratis Kustbus: ontdek Den Helder, strand en natuur zonder kosten<\/title>\n<meta name=\"description\" content=\"Ontdek de kust van Noord-Holland met de gratis Kustbus. Dagelijks vervoer naar strand, musea en Hortus Overzee.\" \/>\n<meta name=\"robots\" content=\"index, follow, max-snippet:-1, max-image-preview:large, max-video-preview:-1\" \/>\n<link rel=\"canonical\" href=\"https:\/\/denhelder.online\/de\/zuganglichkeit\/kustenbus\/\" \/>\n<meta property=\"og:locale\" content=\"de_DE\" \/>\n<meta property=\"og:type\" content=\"article\" \/>\n<meta property=\"og:title\" content=\"Dienstregeling Kustbus\" \/>\n<meta property=\"og:description\" content=\"Ontdek de kust van Noord-Holland met de gratis Kustbus. Dagelijks vervoer naar strand, musea en Hortus Overzee.\" \/>\n<meta property=\"og:url\" content=\"https:\/\/denhelder.online\/de\/zuganglichkeit\/kustenbus\/\" \/>\n<meta property=\"og:site_name\" content=\"Den Helder Online\" \/>\n<meta property=\"article:modified_time\" content=\"2026-01-16T13:49:12+00:00\" \/>\n<meta property=\"og:image\" content=\"https:\/\/denhelder.online\/wp-content\/uploads\/2025\/02\/Kustbus.jpg\" \/>\n\t<meta property=\"og:image:width\" content=\"1600\" \/>\n\t<meta property=\"og:image:height\" content=\"900\" \/>\n\t<meta property=\"og:image:type\" content=\"image\/jpeg\" \/>\n<meta name=\"twitter:card\" content=\"summary_large_image\" \/>\n<meta name=\"twitter:label1\" content=\"Gesch\u00e4tzte Lesezeit\" \/>\n\t<meta name=\"twitter:data1\" content=\"2\u00a0Minuten\" \/>\n<script type=\"application\/ld+json\" class=\"yoast-schema-graph\">{\"@context\":\"https:\\\/\\\/schema.org\",\"@graph\":[{\"@type\":\"WebPage\",\"@id\":\"https:\\\/\\\/denhelder.online\\\/bereikbaarheid\\\/kustbus\\\/\",\"url\":\"https:\\\/\\\/denhelder.online\\\/bereikbaarheid\\\/kustbus\\\/\",\"name\":\"Gratis Kustbus: ontdek Den Helder, strand en natuur zonder kosten\",\"isPartOf\":{\"@id\":\"https:\\\/\\\/denhelder.online\\\/#website\"},\"primaryImageOfPage\":{\"@id\":\"https:\\\/\\\/denhelder.online\\\/bereikbaarheid\\\/kustbus\\\/#primaryimage\"},\"image\":{\"@id\":\"https:\\\/\\\/denhelder.online\\\/bereikbaarheid\\\/kustbus\\\/#primaryimage\"},\"thumbnailUrl\":\"https:\\\/\\\/denhelder.online\\\/wp-content\\\/uploads\\\/2025\\\/02\\\/Kustbus.jpg\",\"datePublished\":\"2025-07-02T14:32:59+00:00\",\"dateModified\":\"2026-01-16T13:49:12+00:00\",\"description\":\"Ontdek de kust van Noord-Holland met de gratis Kustbus. Dagelijks vervoer naar strand, musea en Hortus Overzee.\",\"breadcrumb\":{\"@id\":\"https:\\\/\\\/denhelder.online\\\/bereikbaarheid\\\/kustbus\\\/#breadcrumb\"},\"inLanguage\":\"de\",\"potentialAction\":[{\"@type\":\"ReadAction\",\"target\":[\"https:\\\/\\\/denhelder.online\\\/bereikbaarheid\\\/kustbus\\\/\"]}]},{\"@type\":\"ImageObject\",\"inLanguage\":\"de\",\"@id\":\"https:\\\/\\\/denhelder.online\\\/bereikbaarheid\\\/kustbus\\\/#primaryimage\",\"url\":\"https:\\\/\\\/denhelder.online\\\/wp-content\\\/uploads\\\/2025\\\/02\\\/Kustbus.jpg\",\"contentUrl\":\"https:\\\/\\\/denhelder.online\\\/wp-content\\\/uploads\\\/2025\\\/02\\\/Kustbus.jpg\",\"width\":1600,\"height\":900,\"caption\":\"Kustbus Den Helder\"},{\"@type\":\"BreadcrumbList\",\"@id\":\"https:\\\/\\\/denhelder.online\\\/bereikbaarheid\\\/kustbus\\\/#breadcrumb\",\"itemListElement\":[{\"@type\":\"ListItem\",\"position\":1,\"name\":\"Home\",\"item\":\"https:\\\/\\\/denhelder.online\\\/\"},{\"@type\":\"ListItem\",\"position\":2,\"name\":\"Bereikbaarheid\",\"item\":\"https:\\\/\\\/denhelder.online\\\/bereikbaarheid\\\/\"},{\"@type\":\"ListItem\",\"position\":3,\"name\":\"Dienstregeling Kustbus\"}]},{\"@type\":\"WebSite\",\"@id\":\"https:\\\/\\\/denhelder.online\\\/#website\",\"url\":\"https:\\\/\\\/denhelder.online\\\/\",\"name\":\"Den Helder Online\",\"description\":\"Beleef Den Helder\",\"publisher\":{\"@id\":\"https:\\\/\\\/denhelder.online\\\/#organization\"},\"potentialAction\":[{\"@type\":\"SearchAction\",\"target\":{\"@type\":\"EntryPoint\",\"urlTemplate\":\"https:\\\/\\\/denhelder.online\\\/?s={search_term_string}\"},\"query-input\":{\"@type\":\"PropertyValueSpecification\",\"valueRequired\":true,\"valueName\":\"search_term_string\"}}],\"inLanguage\":\"de\"},{\"@type\":\"Organization\",\"@id\":\"https:\\\/\\\/denhelder.online\\\/#organization\",\"name\":\"Den Helder Online\",\"url\":\"https:\\\/\\\/denhelder.online\\\/\",\"logo\":{\"@type\":\"ImageObject\",\"inLanguage\":\"de\",\"@id\":\"https:\\\/\\\/denhelder.online\\\/#\\\/schema\\\/logo\\\/image\\\/\",\"url\":\"https:\\\/\\\/denhelder.online\\\/wp-content\\\/uploads\\\/2021\\\/12\\\/DitIsDH-Logo-26-tagline.svg\",\"contentUrl\":\"https:\\\/\\\/denhelder.online\\\/wp-content\\\/uploads\\\/2021\\\/12\\\/DitIsDH-Logo-26-tagline.svg\",\"width\":1717.0999999999999,\"height\":934.89999999999998,\"caption\":\"Den Helder Online\"},\"image\":{\"@id\":\"https:\\\/\\\/denhelder.online\\\/#\\\/schema\\\/logo\\\/image\\\/\"}}]}<\/script>\n<!-- \/ Yoast SEO Premium plugin. -->","yoast_head_json":{"title":"Kostenloser K\u00fcstenbus: Entdecken Sie Den Helder, Strand und Natur kostenlos","description":"Erkunden Sie die nordholl\u00e4ndische K\u00fcste mit dem kostenlosen Kustbus. T\u00e4gliche Fahrten zum Strand, zu Museen und zum Hortus Overzee.","robots":{"index":"index","follow":"follow","max-snippet":"max-snippet:-1","max-image-preview":"max-image-preview:large","max-video-preview":"max-video-preview:-1"},"canonical":"https:\/\/denhelder.online\/de\/zuganglichkeit\/kustenbus\/","og_locale":"de_DE","og_type":"article","og_title":"Dienstregeling Kustbus","og_description":"Ontdek de kust van Noord-Holland met de gratis Kustbus. Dagelijks vervoer naar strand, musea en Hortus Overzee.","og_url":"https:\/\/denhelder.online\/de\/zuganglichkeit\/kustenbus\/","og_site_name":"Den Helder Online","article_modified_time":"2026-01-16T13:49:12+00:00","og_image":[{"width":1600,"height":900,"url":"https:\/\/denhelder.online\/wp-content\/uploads\/2025\/02\/Kustbus.jpg","type":"image\/jpeg"}],"twitter_card":"summary_large_image","twitter_misc":{"Gesch\u00e4tzte Lesezeit":"2\u00a0Minuten"},"schema":{"@context":"https:\/\/schema.org","@graph":[{"@type":"WebPage","@id":"https:\/\/denhelder.online\/bereikbaarheid\/kustbus\/","url":"https:\/\/denhelder.online\/bereikbaarheid\/kustbus\/","name":"Kostenloser K\u00fcstenbus: Entdecken Sie Den Helder, Strand und Natur kostenlos","isPartOf":{"@id":"https:\/\/denhelder.online\/#website"},"primaryImageOfPage":{"@id":"https:\/\/denhelder.online\/bereikbaarheid\/kustbus\/#primaryimage"},"image":{"@id":"https:\/\/denhelder.online\/bereikbaarheid\/kustbus\/#primaryimage"},"thumbnailUrl":"https:\/\/denhelder.online\/wp-content\/uploads\/2025\/02\/Kustbus.jpg","datePublished":"2025-07-02T14:32:59+00:00","dateModified":"2026-01-16T13:49:12+00:00","description":"Erkunden Sie die nordholl\u00e4ndische K\u00fcste mit dem kostenlosen Kustbus. T\u00e4gliche Fahrten zum Strand, zu Museen und zum Hortus Overzee.","breadcrumb":{"@id":"https:\/\/denhelder.online\/bereikbaarheid\/kustbus\/#breadcrumb"},"inLanguage":"de","potentialAction":[{"@type":"ReadAction","target":["https:\/\/denhelder.online\/bereikbaarheid\/kustbus\/"]}]},{"@type":"ImageObject","inLanguage":"de","@id":"https:\/\/denhelder.online\/bereikbaarheid\/kustbus\/#primaryimage","url":"https:\/\/denhelder.online\/wp-content\/uploads\/2025\/02\/Kustbus.jpg","contentUrl":"https:\/\/denhelder.online\/wp-content\/uploads\/2025\/02\/Kustbus.jpg","width":1600,"height":900,"caption":"Kustbus Den Helder"},{"@type":"BreadcrumbList","@id":"https:\/\/denhelder.online\/bereikbaarheid\/kustbus\/#breadcrumb","itemListElement":[{"@type":"ListItem","position":1,"name":"Home","item":"https:\/\/denhelder.online\/"},{"@type":"ListItem","position":2,"name":"Bereikbaarheid","item":"https:\/\/denhelder.online\/bereikbaarheid\/"},{"@type":"ListItem","position":3,"name":"Dienstregeling Kustbus"}]},{"@type":"WebSite","@id":"https:\/\/denhelder.online\/#website","url":"https:\/\/denhelder.online\/","name":"Den Helder Online","description":"Erleben Sie Den Helder","publisher":{"@id":"https:\/\/denhelder.online\/#organization"},"potentialAction":[{"@type":"SearchAction","target":{"@type":"EntryPoint","urlTemplate":"https:\/\/denhelder.online\/?s={search_term_string}"},"query-input":{"@type":"PropertyValueSpecification","valueRequired":true,"valueName":"search_term_string"}}],"inLanguage":"de"},{"@type":"Organization","@id":"https:\/\/denhelder.online\/#organization","name":"Den Helder Online","url":"https:\/\/denhelder.online\/","logo":{"@type":"ImageObject","inLanguage":"de","@id":"https:\/\/denhelder.online\/#\/schema\/logo\/image\/","url":"https:\/\/denhelder.online\/wp-content\/uploads\/2021\/12\/DitIsDH-Logo-26-tagline.svg","contentUrl":"https:\/\/denhelder.online\/wp-content\/uploads\/2021\/12\/DitIsDH-Logo-26-tagline.svg","width":1717.0999999999999,"height":934.89999999999998,"caption":"Den Helder Online"},"image":{"@id":"https:\/\/denhelder.online\/#\/schema\/logo\/image\/"}}]}},"_links":{"self":[{"href":"https:\/\/denhelder.online\/de\/wp-json\/wp\/v2\/pages\/12429","targetHints":{"allow":["GET"]}}],"collection":[{"href":"https:\/\/denhelder.online\/de\/wp-json\/wp\/v2\/pages"}],"about":[{"href":"https:\/\/denhelder.online\/de\/wp-json\/wp\/v2\/types\/page"}],"author":[{"embeddable":true,"href":"https:\/\/denhelder.online\/de\/wp-json\/wp\/v2\/users\/11"}],"replies":[{"embeddable":true,"href":"https:\/\/denhelder.online\/de\/wp-json\/wp\/v2\/comments?post=12429"}],"version-history":[{"count":0,"href":"https:\/\/denhelder.online\/de\/wp-json\/wp\/v2\/pages\/12429\/revisions"}],"up":[{"embeddable":true,"href":"https:\/\/denhelder.online\/de\/wp-json\/wp\/v2\/pages\/12457"}],"wp:featuredmedia":[{"embeddable":true,"href":"https:\/\/denhelder.online\/de\/wp-json\/wp\/v2\/media\/6970"}],"wp:attachment":[{"href":"https:\/\/denhelder.online\/de\/wp-json\/wp\/v2\/media?parent=12429"}],"wp:term":[{"taxonomy":"post_tag","embeddable":true,"href":"https:\/\/denhelder.online\/de\/wp-json\/wp\/v2\/tags?post=12429"},{"taxonomy":"doelgroep","embeddable":true,"href":"https:\/\/denhelder.online\/de\/wp-json\/wp\/v2\/doelgroep?post=12429"},{"taxonomy":"categorie","embeddable":true,"href":"https:\/\/denhelder.online\/de\/wp-json\/wp\/v2\/categorie?post=12429"}],"curies":[{"name":"wp","href":"https:\/\/api.w.org\/{rel}","templated":true}]}}