{"id":12457,"date":"2025-07-04T09:39:15","date_gmt":"2025-07-04T07:39:15","guid":{"rendered":"https:\/\/denhelder.online\/?page_id=12457"},"modified":"2026-03-30T11:46:07","modified_gmt":"2026-03-30T09:46:07","slug":"zuganglichkeit","status":"publish","type":"page","link":"https:\/\/denhelder.online\/de\/bereikbaarheid\/","title":{"rendered":"Zug\u00e4nglichkeit"},"content":{"rendered":"<div data-elementor-type=\"wp-page\" data-elementor-id=\"12457\" class=\"elementor elementor-12457\" data-elementor-post-type=\"page\">\n\t\t\t\t<div class=\"elementor-element elementor-element-7f33bf8c e-flex e-con-boxed e-con e-parent\" data-id=\"7f33bf8c\" data-element_type=\"container\" data-e-type=\"container\" data-settings=\"{&quot;jet_parallax_layout_list&quot;:[]}\">\n\t\t\t\t\t<div class=\"e-con-inner\">\n\t\t<div class=\"elementor-element elementor-element-7497e675 e-con-full e-flex e-con e-child\" data-id=\"7497e675\" data-element_type=\"container\" data-e-type=\"container\" data-settings=\"{&quot;jet_parallax_layout_list&quot;:[]}\">\n\t\t\t\t<div class=\"elementor-element elementor-element-4d040f11 elementor-widget elementor-widget-breadcrumbs\" data-id=\"4d040f11\" data-element_type=\"widget\" data-e-type=\"widget\" data-widget_type=\"breadcrumbs.default\">\n\t\t\t\t<div class=\"elementor-widget-container\">\n\t\t\t\t\t<p id=\"breadcrumbs\"><span><span><a href=\"https:\/\/denhelder.online\/de\/\">Heim<\/a><\/span><\/span><\/p>\t\t\t\t<\/div>\n\t\t\t\t<\/div>\n\t\t<div class=\"elementor-element elementor-element-4fe6d97f e-con-full e-flex e-con e-child\" data-id=\"4fe6d97f\" data-element_type=\"container\" data-e-type=\"container\" data-settings=\"{&quot;jet_parallax_layout_list&quot;:[]}\">\n\t\t\t\t<div class=\"elementor-element elementor-element-42d87204 elementor-widget elementor-widget-heading\" data-id=\"42d87204\" data-element_type=\"widget\" data-e-type=\"widget\" data-widget_type=\"heading.default\">\n\t\t\t\t<div class=\"elementor-widget-container\">\n\t\t\t\t\t<p class=\"elementor-heading-title elementor-size-default\">Folgen Sie uns in den sozialen Netzwerken:<\/p>\t\t\t\t<\/div>\n\t\t\t\t<\/div>\n\t\t\t\t<div class=\"elementor-element elementor-element-15b381d3 elementor-icon-list--layout-inline elementor-align-end elementor-list-item-link-full_width elementor-widget elementor-widget-global elementor-global-1176 elementor-widget-icon-list\" data-id=\"15b381d3\" data-element_type=\"widget\" data-e-type=\"widget\" data-widget_type=\"icon-list.default\">\n\t\t\t\t<div class=\"elementor-widget-container\">\n\t\t\t\t\t\t\t<ul class=\"elementor-icon-list-items elementor-inline-items\">\n\t\t\t\t\t\t\t<li class=\"elementor-icon-list-item elementor-inline-item\">\n\t\t\t\t\t\t\t\t\t\t\t<a href=\"https:\/\/www.facebook.com\/ditisdenhelder\" target=\"_blank\">\n\n\t\t\t\t\t\t\t\t\t\t\t\t<span class=\"elementor-icon-list-icon\">\n\t\t\t\t\t\t\t<i aria-hidden=\"true\" class=\"fab fa-facebook\"><\/i>\t\t\t\t\t\t<\/span>\n\t\t\t\t\t\t\t\t\t\t<span class=\"elementor-icon-list-text\"><\/span>\n\t\t\t\t\t\t\t\t\t\t\t<\/a>\n\t\t\t\t\t\t\t\t\t<\/li>\n\t\t\t\t\t\t\t\t<li class=\"elementor-icon-list-item elementor-inline-item\">\n\t\t\t\t\t\t\t\t\t\t\t<a href=\"https:\/\/www.instagram.com\/ditisdenhelder\/\" target=\"_blank\">\n\n\t\t\t\t\t\t\t\t\t\t\t\t<span class=\"elementor-icon-list-icon\">\n\t\t\t\t\t\t\t<i aria-hidden=\"true\" class=\"fab fa-instagram\"><\/i>\t\t\t\t\t\t<\/span>\n\t\t\t\t\t\t\t\t\t\t<span class=\"elementor-icon-list-text\"><\/span>\n\t\t\t\t\t\t\t\t\t\t\t<\/a>\n\t\t\t\t\t\t\t\t\t<\/li>\n\t\t\t\t\t\t\t\t<li class=\"elementor-icon-list-item elementor-inline-item\">\n\t\t\t\t\t\t\t\t\t\t\t<a href=\"https:\/\/www.youtube.com\/channel\/UCxXdcocRQwb3lDwiYBp3llg\" target=\"_blank\">\n\n\t\t\t\t\t\t\t\t\t\t\t\t<span class=\"elementor-icon-list-icon\">\n\t\t\t\t\t\t\t<i aria-hidden=\"true\" class=\"fab fa-youtube\"><\/i>\t\t\t\t\t\t<\/span>\n\t\t\t\t\t\t\t\t\t\t<span class=\"elementor-icon-list-text\"><\/span>\n\t\t\t\t\t\t\t\t\t\t\t<\/a>\n\t\t\t\t\t\t\t\t\t<\/li>\n\t\t\t\t\t\t\t\t<li class=\"elementor-icon-list-item elementor-inline-item\">\n\t\t\t\t\t\t\t\t\t\t\t<a href=\"https:\/\/www.linkedin.com\/company\/citymarketing-den-helder\" target=\"_blank\">\n\n\t\t\t\t\t\t\t\t\t\t\t\t<span class=\"elementor-icon-list-icon\">\n\t\t\t\t\t\t\t<i aria-hidden=\"true\" class=\"fab fa-linkedin-in\"><\/i>\t\t\t\t\t\t<\/span>\n\t\t\t\t\t\t\t\t\t\t<span class=\"elementor-icon-list-text\"><\/span>\n\t\t\t\t\t\t\t\t\t\t\t<\/a>\n\t\t\t\t\t\t\t\t\t<\/li>\n\t\t\t\t\t\t<\/ul>\n\t\t\t\t\t\t<\/div>\n\t\t\t\t<\/div>\n\t\t\t\t<\/div>\n\t\t\t\t<\/div>\n\t\t\t\t\t<\/div>\n\t\t\t\t<\/div>\n\t\t<div class=\"elementor-element elementor-element-5c34da1c e-flex e-con-boxed e-con e-parent\" data-id=\"5c34da1c\" data-element_type=\"container\" data-e-type=\"container\" data-settings=\"{&quot;jet_parallax_layout_list&quot;:[]}\">\n\t\t\t\t\t<div class=\"e-con-inner\">\n\t\t<div class=\"elementor-element elementor-element-3b4ac2d8 e-con-full e-flex e-con e-child\" data-id=\"3b4ac2d8\" data-element_type=\"container\" data-e-type=\"container\" data-settings=\"{&quot;jet_parallax_layout_list&quot;:[]}\">\n\t\t\t\t<div class=\"elementor-element elementor-element-788bd80f elementor-widget__width-inherit elementor-widget elementor-widget-heading\" data-id=\"788bd80f\" data-element_type=\"widget\" data-e-type=\"widget\" data-widget_type=\"heading.default\">\n\t\t\t\t<div class=\"elementor-widget-container\">\n\t\t\t\t\t<h2 class=\"elementor-heading-title elementor-size-default\">Leicht zug\u00e4nglich, einfach zu befahren<\/h2>\t\t\t\t<\/div>\n\t\t\t\t<\/div>\n\t\t\t\t<div class=\"elementor-element elementor-element-7d866cfa elementor-widget elementor-widget-text-editor\" data-id=\"7d866cfa\" data-element_type=\"widget\" data-e-type=\"widget\" data-widget_type=\"text-editor.default\">\n\t\t\t\t<div class=\"elementor-widget-container\">\n\t\t\t\t\t\t\t\t\t<p data-start=\"202\" data-end=\"398\">Den Helder ist bequem mit Zug, Bus oder Fahrrad erreichbar. Ob Sie einen Wochenendausflug oder einen Kulturtag planen, die Reise in die n\u00f6rdlichste Stadt Nordhollands wird entspannt verlaufen.<\/p><hr data-start=\"400\" data-end=\"403\" \/><h3 data-start=\"405\" data-end=\"442\">Mit dem Zug: schnell und komfortabel<\/h3><p data-start=\"444\" data-end=\"727\">Alle 30 Minuten f\u00e4hrt ein Intercity-Zug vom Bahnhof Den Helder nach Amsterdam mit Ziel Nijmegen. Zustieg ist jeweils 4 nach der vollen oder halben Stunde. W\u00e4hrend der Hauptverkehrszeit verkehren zus\u00e4tzliche Z\u00fcge nach Maastricht. So reisen Sie stets komfortabel, egal ob Sie fr\u00fch oder sp\u00e4t anreisen.<\/p><p data-start=\"729\" data-end=\"792\">Pr\u00fcfen Sie die aktuellen Abfahrtszeiten unter <a class=\"\" href=\"https:\/\/www.ns.nl\" target=\"_new\" rel=\"noopener\" data-start=\"766\" data-end=\"792\">ns.nl<\/a><\/p><hr data-start=\"794\" data-end=\"797\" \/><h3 data-start=\"799\" data-end=\"832\">Mit dem Bus: flexible Reisem\u00f6glichkeiten<\/h3><p data-start=\"834\" data-end=\"992\">In und um ITP2T k\u00f6nnen Sie mit Connexxion reisen. Praktisch, wenn Sie ohne Auto unterwegs sind oder einfach die Gegend erkunden m\u00f6chten. Dies sind die wichtigsten Linien:<\/p><p><strong>Stadtgrenzen<\/strong><\/p><p>31 Den Helder Station S\u00fcd \u2013 Huisduinen \u2013 Krankenhaus \u2013 (Teso Veerhaven) \u2013 Den Helder Station<\/p><p>32 Den Helder Station \u2013 Den Helder S\u00fcd (nur an Wochenenden)\u00a0<\/p><p>33 Den Helder Bahnhof \u2013 F\u00e4hrhafen Richtung Texel und zur\u00fcck.<\/p><p>34 Den Helder Bahnhof \u2013 de Schooten \u2013 (\u00fcber den Bahnhof Den Helder, S\u00fcdostseite)<\/p><p><strong>Regionallinien<\/strong><\/p><p>30 Bahnhof Den Helder \u2013 S\u00fcdbahnhof \u2013 Julianadorp \u2013 Schagen<\/p><p>135 Den Helder Bahnhof \u2013 Flughafen Den Helder \u2013 Hippolytushoef \u2013 Den Oever \u2013 Wieringerwerf \u2013 Middenmeer \u2013 Abbekerk \u2013 Bahnhof Hoorn vv.<\/p><p>158 Den Helder Station \u2013 Julianadorp \u2013 Julianadorp-Ost \u2013 Breezand \u2013 Anna Paulowna \u2013 Ewijcksluis \u2013 Westerland-Hippolytushoef \u2013 Den Oever\u00a0<\/p><p data-start=\"1481\" data-end=\"1547\"><img decoding=\"async\" class=\"emoji\" role=\"img\" draggable=\"false\" src=\"https:\/\/s.w.org\/images\/core\/emoji\/17.0.2\/svg\/1f68c.svg\" alt=\"\ud83d\ude8c\" \/> Weitere Infos und Zeiten: <a class=\"\" href=\"https:\/\/www.connexxion.nl\" target=\"_new\" rel=\"noopener\" data-start=\"1505\" data-end=\"1547\">connexxion.nl<\/a><\/p><p data-start=\"1481\" data-end=\"1547\">\u00a0<\/p><p data-start=\"1481\" data-end=\"1547\">Ein Tagesausflug mit den Kindern in Den Helder? Mit Connexxion k\u00f6nnen Sie bequem und g\u00fcnstig mit dem Bus zu tollen Ausflugszielen in der Stadt und der Region reisen.<\/p><p data-start=\"1481\" data-end=\"1547\">Bestellen Sie Ihr kostenloses Ticket und weitere Informationen: <a href=\"https:\/\/www.connexxion.nl\/nl\/landelijke-campagnes\/kids-dagkaarten\">Kinder-Tageskarten<\/a><\/p><p data-start=\"1481\" data-end=\"1547\">\u00a0<\/p><hr data-start=\"1549\" data-end=\"1552\" \/><h3 data-start=\"1554\" data-end=\"1595\">Sommer-Highlight: der K\u00fcstenbus (Linie 851)<\/h3><p data-start=\"1597\" data-end=\"1809\">Besonders im Sommer verkehrt die Buslinie 851 entlang der K\u00fcste. Steigen Sie in den Bus Den Helder ein und fahren Sie bis Callantsoog, Sint Maartenszee oder Petten. Ideal f\u00fcr einen spontanen Strandtag oder einen erfrischenden Spaziergang mit Aussicht.<\/p><h3 data-start=\"80\" data-end=\"116\">Parken in einer Stadt im Wandel<\/h3><p data-start=\"118\" data-end=\"315\">Den Helder gestaltet die Zukunft \u2013 im wahrsten Sinne des Wortes. Die Innenstadt ist in vollem Gange und entwickelt sich zu einem pulsierenden und innovativen Zentrum. Aus diesem Grund wurden einige Parkpl\u00e4tze vor\u00fcbergehend verlegt oder umgestaltet.<\/p><p data-start=\"317\" data-end=\"417\">Die untenstehende Karte zeigt Ihnen auf einen Blick, wo sich aktuell die besten Parkm\u00f6glichkeiten befinden. Praktisch und aktuell.<\/p>\t\t\t\t\t\t\t\t<\/div>\n\t\t\t\t<\/div>\n\t\t\t\t<\/div>\n\t\t\t\t\t<\/div>\n\t\t\t\t<\/div>\n\t\t<div class=\"elementor-element elementor-element-da377fa e-flex e-con-boxed e-con e-parent\" data-id=\"da377fa\" data-element_type=\"container\" data-e-type=\"container\" data-settings=\"{&quot;jet_parallax_layout_list&quot;:[]}\">\n\t\t\t\t\t<div class=\"e-con-inner\">\n\t\t\t\t<div class=\"elementor-element elementor-element-5eb69af elementor-widget elementor-widget-image\" data-id=\"5eb69af\" data-element_type=\"widget\" data-e-type=\"widget\" data-widget_type=\"image.default\">\n\t\t\t\t<div class=\"elementor-widget-container\">\n\t\t\t\t\t\t\t\t\t\t\t\t\t\t\t<img fetchpriority=\"high\" decoding=\"async\" width=\"800\" height=\"800\" src=\"https:\/\/denhelder.online\/wp-content\/uploads\/2025\/07\/a2665c7e-ff7e-48b7-89ce-6c65c5da4c0c-parkeerplaatsen_Den_Helder-1024x1024.jpg\" class=\"attachment-large size-large wp-image-12460\" alt=\"Parkpl\u00e4tze im Stadtzentrum w\u00e4hrend der verschiedenen Arbeiten\" srcset=\"https:\/\/denhelder.online\/wp-content\/uploads\/2025\/07\/a2665c7e-ff7e-48b7-89ce-6c65c5da4c0c-parkeerplaatsen_Den_Helder-1024x1024.jpg 1024w, https:\/\/denhelder.online\/wp-content\/uploads\/2025\/07\/a2665c7e-ff7e-48b7-89ce-6c65c5da4c0c-parkeerplaatsen_Den_Helder-300x300.jpg 300w, https:\/\/denhelder.online\/wp-content\/uploads\/2025\/07\/a2665c7e-ff7e-48b7-89ce-6c65c5da4c0c-parkeerplaatsen_Den_Helder-150x150.jpg 150w, https:\/\/denhelder.online\/wp-content\/uploads\/2025\/07\/a2665c7e-ff7e-48b7-89ce-6c65c5da4c0c-parkeerplaatsen_Den_Helder-768x768.jpg 768w, https:\/\/denhelder.online\/wp-content\/uploads\/2025\/07\/a2665c7e-ff7e-48b7-89ce-6c65c5da4c0c-parkeerplaatsen_Den_Helder-1536x1536.jpg 1536w, https:\/\/denhelder.online\/wp-content\/uploads\/2025\/07\/a2665c7e-ff7e-48b7-89ce-6c65c5da4c0c-parkeerplaatsen_Den_Helder-12x12.jpg 12w, https:\/\/denhelder.online\/wp-content\/uploads\/2025\/07\/a2665c7e-ff7e-48b7-89ce-6c65c5da4c0c-parkeerplaatsen_Den_Helder-600x600.jpg 600w, https:\/\/denhelder.online\/wp-content\/uploads\/2025\/07\/a2665c7e-ff7e-48b7-89ce-6c65c5da4c0c-parkeerplaatsen_Den_Helder.jpg 1754w\" sizes=\"(max-width: 800px) 100vw, 800px\" \/>\t\t\t\t\t\t\t\t\t\t\t\t\t\t\t<\/div>\n\t\t\t\t<\/div>\n\t\t\t\t\t<\/div>\n\t\t\t\t<\/div>\n\t\t\t\t<\/div>","protected":false},"excerpt":{"rendered":"<p>Volg ons op social: Goed bereikbaar, makkelijk op pad Den Helder bereik je eenvoudig met de trein, bus of fiets. Of je nu een weekend komt uitwaaien of een dagje cultuur komt snuiven \u2013 je reist ontspannen naar de noordelijkste stad van Noord-Holland. Met de trein: snel en comfortabel Elke dertig minuten vertrekt er een [&hellip;]<\/p>\n","protected":false},"author":11,"featured_media":17100,"parent":0,"menu_order":0,"comment_status":"closed","ping_status":"closed","template":"elementor_header_footer","meta":{"footnotes":""},"tags":[],"doelgroep":[],"categorie":[],"class_list":["post-12457","page","type-page","status-publish","has-post-thumbnail","hentry"],"yoast_head":"<!-- This site is optimized with the Yoast SEO Premium plugin v24.7 (Yoast SEO v27.4) - https:\/\/yoast.com\/product\/yoast-seo-premium-wordpress\/ -->\n<title>Plan je reis naar Den Helder: slim en snel met het OV<\/title>\n<meta name=\"description\" content=\"Den Helder is goed bereikbaar met het OV \u2013 perfect voor je weekendtrip of dagje uit aan zee\" \/>\n<meta name=\"robots\" content=\"index, follow, max-snippet:-1, max-image-preview:large, max-video-preview:-1\" \/>\n<link rel=\"canonical\" href=\"https:\/\/denhelder.online\/de\/zuganglichkeit\/\" \/>\n<meta property=\"og:locale\" content=\"de_DE\" \/>\n<meta property=\"og:type\" content=\"article\" \/>\n<meta property=\"og:title\" content=\"Bereikbaarheid\" \/>\n<meta property=\"og:description\" content=\"Den Helder is goed bereikbaar met het OV \u2013 perfect voor je weekendtrip of dagje uit aan zee\" \/>\n<meta property=\"og:url\" content=\"https:\/\/denhelder.online\/de\/zuganglichkeit\/\" \/>\n<meta property=\"og:site_name\" content=\"Den Helder Online\" \/>\n<meta property=\"article:modified_time\" content=\"2026-03-30T09:46:07+00:00\" \/>\n<meta property=\"og:image\" content=\"https:\/\/denhelder.online\/wp-content\/uploads\/2025\/12\/Citymaps-plattegronden-7-scaled-e1765896383231.png\" \/>\n\t<meta property=\"og:image:width\" content=\"1200\" \/>\n\t<meta property=\"og:image:height\" content=\"764\" \/>\n\t<meta property=\"og:image:type\" content=\"image\/png\" \/>\n<meta name=\"twitter:card\" content=\"summary_large_image\" \/>\n<meta name=\"twitter:label1\" content=\"Gesch\u00e4tzte Lesezeit\" \/>\n\t<meta name=\"twitter:data1\" content=\"3\u00a0Minuten\" \/>\n<script type=\"application\/ld+json\" class=\"yoast-schema-graph\">{\"@context\":\"https:\\\/\\\/schema.org\",\"@graph\":[{\"@type\":\"WebPage\",\"@id\":\"https:\\\/\\\/denhelder.online\\\/bereikbaarheid\\\/\",\"url\":\"https:\\\/\\\/denhelder.online\\\/bereikbaarheid\\\/\",\"name\":\"Plan je reis naar Den Helder: slim en snel met het OV\",\"isPartOf\":{\"@id\":\"https:\\\/\\\/denhelder.online\\\/#website\"},\"primaryImageOfPage\":{\"@id\":\"https:\\\/\\\/denhelder.online\\\/bereikbaarheid\\\/#primaryimage\"},\"image\":{\"@id\":\"https:\\\/\\\/denhelder.online\\\/bereikbaarheid\\\/#primaryimage\"},\"thumbnailUrl\":\"https:\\\/\\\/denhelder.online\\\/wp-content\\\/uploads\\\/2025\\\/12\\\/Citymaps-plattegronden-7-scaled-e1765896383231.png\",\"datePublished\":\"2025-07-04T07:39:15+00:00\",\"dateModified\":\"2026-03-30T09:46:07+00:00\",\"description\":\"Den Helder is goed bereikbaar met het OV \u2013 perfect voor je weekendtrip of dagje uit aan zee\",\"breadcrumb\":{\"@id\":\"https:\\\/\\\/denhelder.online\\\/bereikbaarheid\\\/#breadcrumb\"},\"inLanguage\":\"de\",\"potentialAction\":[{\"@type\":\"ReadAction\",\"target\":[\"https:\\\/\\\/denhelder.online\\\/bereikbaarheid\\\/\"]}]},{\"@type\":\"ImageObject\",\"inLanguage\":\"de\",\"@id\":\"https:\\\/\\\/denhelder.online\\\/bereikbaarheid\\\/#primaryimage\",\"url\":\"https:\\\/\\\/denhelder.online\\\/wp-content\\\/uploads\\\/2025\\\/12\\\/Citymaps-plattegronden-7-scaled-e1765896383231.png\",\"contentUrl\":\"https:\\\/\\\/denhelder.online\\\/wp-content\\\/uploads\\\/2025\\\/12\\\/Citymaps-plattegronden-7-scaled-e1765896383231.png\",\"width\":1200,\"height\":764,\"caption\":\"Citymaps en plattegronden\"},{\"@type\":\"BreadcrumbList\",\"@id\":\"https:\\\/\\\/denhelder.online\\\/bereikbaarheid\\\/#breadcrumb\",\"itemListElement\":[{\"@type\":\"ListItem\",\"position\":1,\"name\":\"Home\",\"item\":\"https:\\\/\\\/denhelder.online\\\/\"},{\"@type\":\"ListItem\",\"position\":2,\"name\":\"Bereikbaarheid\"}]},{\"@type\":\"WebSite\",\"@id\":\"https:\\\/\\\/denhelder.online\\\/#website\",\"url\":\"https:\\\/\\\/denhelder.online\\\/\",\"name\":\"Den Helder Online\",\"description\":\"Beleef Den Helder\",\"publisher\":{\"@id\":\"https:\\\/\\\/denhelder.online\\\/#organization\"},\"potentialAction\":[{\"@type\":\"SearchAction\",\"target\":{\"@type\":\"EntryPoint\",\"urlTemplate\":\"https:\\\/\\\/denhelder.online\\\/?s={search_term_string}\"},\"query-input\":{\"@type\":\"PropertyValueSpecification\",\"valueRequired\":true,\"valueName\":\"search_term_string\"}}],\"inLanguage\":\"de\"},{\"@type\":\"Organization\",\"@id\":\"https:\\\/\\\/denhelder.online\\\/#organization\",\"name\":\"Den Helder Online\",\"url\":\"https:\\\/\\\/denhelder.online\\\/\",\"logo\":{\"@type\":\"ImageObject\",\"inLanguage\":\"de\",\"@id\":\"https:\\\/\\\/denhelder.online\\\/#\\\/schema\\\/logo\\\/image\\\/\",\"url\":\"https:\\\/\\\/denhelder.online\\\/wp-content\\\/uploads\\\/2021\\\/12\\\/DitIsDH-Logo-26-tagline.svg\",\"contentUrl\":\"https:\\\/\\\/denhelder.online\\\/wp-content\\\/uploads\\\/2021\\\/12\\\/DitIsDH-Logo-26-tagline.svg\",\"width\":1717.0999999999999,\"height\":934.89999999999998,\"caption\":\"Den Helder Online\"},\"image\":{\"@id\":\"https:\\\/\\\/denhelder.online\\\/#\\\/schema\\\/logo\\\/image\\\/\"}}]}<\/script>\n<!-- \/ Yoast SEO Premium plugin. -->","yoast_head_json":{"title":"Planen Sie Ihre Reise zum Bahnhof Den Helder: clever und schnell mit \u00f6ffentlichen Verkehrsmitteln","description":"Den Helder ist bequem mit \u00f6ffentlichen Verkehrsmitteln erreichbar \u2013 perfekt f\u00fcr Ihren Wochenendausflug oder einen Tagesausflug ans Meer.","robots":{"index":"index","follow":"follow","max-snippet":"max-snippet:-1","max-image-preview":"max-image-preview:large","max-video-preview":"max-video-preview:-1"},"canonical":"https:\/\/denhelder.online\/de\/zuganglichkeit\/","og_locale":"de_DE","og_type":"article","og_title":"Bereikbaarheid","og_description":"Den Helder is goed bereikbaar met het OV \u2013 perfect voor je weekendtrip of dagje uit aan zee","og_url":"https:\/\/denhelder.online\/de\/zuganglichkeit\/","og_site_name":"Den Helder Online","article_modified_time":"2026-03-30T09:46:07+00:00","og_image":[{"width":1200,"height":764,"url":"https:\/\/denhelder.online\/wp-content\/uploads\/2025\/12\/Citymaps-plattegronden-7-scaled-e1765896383231.png","type":"image\/png"}],"twitter_card":"summary_large_image","twitter_misc":{"Gesch\u00e4tzte Lesezeit":"3\u00a0Minuten"},"schema":{"@context":"https:\/\/schema.org","@graph":[{"@type":"WebPage","@id":"https:\/\/denhelder.online\/bereikbaarheid\/","url":"https:\/\/denhelder.online\/bereikbaarheid\/","name":"Planen Sie Ihre Reise zum Bahnhof Den Helder: clever und schnell mit \u00f6ffentlichen Verkehrsmitteln","isPartOf":{"@id":"https:\/\/denhelder.online\/#website"},"primaryImageOfPage":{"@id":"https:\/\/denhelder.online\/bereikbaarheid\/#primaryimage"},"image":{"@id":"https:\/\/denhelder.online\/bereikbaarheid\/#primaryimage"},"thumbnailUrl":"https:\/\/denhelder.online\/wp-content\/uploads\/2025\/12\/Citymaps-plattegronden-7-scaled-e1765896383231.png","datePublished":"2025-07-04T07:39:15+00:00","dateModified":"2026-03-30T09:46:07+00:00","description":"Den Helder ist bequem mit \u00f6ffentlichen Verkehrsmitteln erreichbar \u2013 perfekt f\u00fcr Ihren Wochenendausflug oder einen Tagesausflug ans Meer.","breadcrumb":{"@id":"https:\/\/denhelder.online\/bereikbaarheid\/#breadcrumb"},"inLanguage":"de","potentialAction":[{"@type":"ReadAction","target":["https:\/\/denhelder.online\/bereikbaarheid\/"]}]},{"@type":"ImageObject","inLanguage":"de","@id":"https:\/\/denhelder.online\/bereikbaarheid\/#primaryimage","url":"https:\/\/denhelder.online\/wp-content\/uploads\/2025\/12\/Citymaps-plattegronden-7-scaled-e1765896383231.png","contentUrl":"https:\/\/denhelder.online\/wp-content\/uploads\/2025\/12\/Citymaps-plattegronden-7-scaled-e1765896383231.png","width":1200,"height":764,"caption":"Citymaps en plattegronden"},{"@type":"BreadcrumbList","@id":"https:\/\/denhelder.online\/bereikbaarheid\/#breadcrumb","itemListElement":[{"@type":"ListItem","position":1,"name":"Home","item":"https:\/\/denhelder.online\/"},{"@type":"ListItem","position":2,"name":"Bereikbaarheid"}]},{"@type":"WebSite","@id":"https:\/\/denhelder.online\/#website","url":"https:\/\/denhelder.online\/","name":"Den Helder Online","description":"Erleben Sie Den Helder","publisher":{"@id":"https:\/\/denhelder.online\/#organization"},"potentialAction":[{"@type":"SearchAction","target":{"@type":"EntryPoint","urlTemplate":"https:\/\/denhelder.online\/?s={search_term_string}"},"query-input":{"@type":"PropertyValueSpecification","valueRequired":true,"valueName":"search_term_string"}}],"inLanguage":"de"},{"@type":"Organization","@id":"https:\/\/denhelder.online\/#organization","name":"Den Helder Online","url":"https:\/\/denhelder.online\/","logo":{"@type":"ImageObject","inLanguage":"de","@id":"https:\/\/denhelder.online\/#\/schema\/logo\/image\/","url":"https:\/\/denhelder.online\/wp-content\/uploads\/2021\/12\/DitIsDH-Logo-26-tagline.svg","contentUrl":"https:\/\/denhelder.online\/wp-content\/uploads\/2021\/12\/DitIsDH-Logo-26-tagline.svg","width":1717.0999999999999,"height":934.89999999999998,"caption":"Den Helder Online"},"image":{"@id":"https:\/\/denhelder.online\/#\/schema\/logo\/image\/"}}]}},"_links":{"self":[{"href":"https:\/\/denhelder.online\/de\/wp-json\/wp\/v2\/pages\/12457","targetHints":{"allow":["GET"]}}],"collection":[{"href":"https:\/\/denhelder.online\/de\/wp-json\/wp\/v2\/pages"}],"about":[{"href":"https:\/\/denhelder.online\/de\/wp-json\/wp\/v2\/types\/page"}],"author":[{"embeddable":true,"href":"https:\/\/denhelder.online\/de\/wp-json\/wp\/v2\/users\/11"}],"replies":[{"embeddable":true,"href":"https:\/\/denhelder.online\/de\/wp-json\/wp\/v2\/comments?post=12457"}],"version-history":[{"count":0,"href":"https:\/\/denhelder.online\/de\/wp-json\/wp\/v2\/pages\/12457\/revisions"}],"wp:featuredmedia":[{"embeddable":true,"href":"https:\/\/denhelder.online\/de\/wp-json\/wp\/v2\/media\/17100"}],"wp:attachment":[{"href":"https:\/\/denhelder.online\/de\/wp-json\/wp\/v2\/media?parent=12457"}],"wp:term":[{"taxonomy":"post_tag","embeddable":true,"href":"https:\/\/denhelder.online\/de\/wp-json\/wp\/v2\/tags?post=12457"},{"taxonomy":"doelgroep","embeddable":true,"href":"https:\/\/denhelder.online\/de\/wp-json\/wp\/v2\/doelgroep?post=12457"},{"taxonomy":"categorie","embeddable":true,"href":"https:\/\/denhelder.online\/de\/wp-json\/wp\/v2\/categorie?post=12457"}],"curies":[{"name":"wp","href":"https:\/\/api.w.org\/{rel}","templated":true}]}}