{"id":12594,"date":"2025-07-04T14:47:17","date_gmt":"2025-07-04T12:47:17","guid":{"rendered":"https:\/\/denhelder.online\/?page_id=12594"},"modified":"2026-01-16T14:46:50","modified_gmt":"2026-01-16T13:46:50","slug":"fotografie","status":"publish","type":"page","link":"https:\/\/denhelder.online\/de\/fotografie\/","title":{"rendered":"Fotografie"},"content":{"rendered":"<div data-elementor-type=\"wp-page\" data-elementor-id=\"12594\" class=\"elementor elementor-12594\" data-elementor-post-type=\"page\">\n\t\t\t\t<div class=\"elementor-element elementor-element-dad9005 e-flex e-con-boxed e-con e-parent\" data-id=\"dad9005\" data-element_type=\"container\" data-e-type=\"container\" data-settings=\"{&quot;jet_parallax_layout_list&quot;:[]}\">\n\t\t\t\t\t<div class=\"e-con-inner\">\n\t\t<div class=\"elementor-element elementor-element-752189e1 e-con-full e-flex e-con e-child\" data-id=\"752189e1\" data-element_type=\"container\" data-e-type=\"container\" data-settings=\"{&quot;jet_parallax_layout_list&quot;:[]}\">\n\t\t\t\t<div class=\"elementor-element elementor-element-53363973 elementor-widget elementor-widget-breadcrumbs\" data-id=\"53363973\" data-element_type=\"widget\" data-e-type=\"widget\" data-widget_type=\"breadcrumbs.default\">\n\t\t\t\t<div class=\"elementor-widget-container\">\n\t\t\t\t\t<p id=\"breadcrumbs\"><span><span><a href=\"https:\/\/denhelder.online\/de\/\">Heim<\/a><\/span><\/span><\/p>\t\t\t\t<\/div>\n\t\t\t\t<\/div>\n\t\t<div class=\"elementor-element elementor-element-46de4548 e-con-full e-flex e-con e-child\" data-id=\"46de4548\" data-element_type=\"container\" data-e-type=\"container\" data-settings=\"{&quot;jet_parallax_layout_list&quot;:[]}\">\n\t\t\t\t<div class=\"elementor-element elementor-element-24c2e19d elementor-widget elementor-widget-heading\" data-id=\"24c2e19d\" data-element_type=\"widget\" data-e-type=\"widget\" data-widget_type=\"heading.default\">\n\t\t\t\t<div class=\"elementor-widget-container\">\n\t\t\t\t\t<p class=\"elementor-heading-title elementor-size-default\">Folgen Sie uns in den sozialen Netzwerken:<\/p>\t\t\t\t<\/div>\n\t\t\t\t<\/div>\n\t\t\t\t<div class=\"elementor-element elementor-element-4dea2e0a elementor-icon-list--layout-inline elementor-align-end elementor-list-item-link-full_width elementor-widget elementor-widget-global elementor-global-1176 elementor-widget-icon-list\" data-id=\"4dea2e0a\" data-element_type=\"widget\" data-e-type=\"widget\" data-widget_type=\"icon-list.default\">\n\t\t\t\t<div class=\"elementor-widget-container\">\n\t\t\t\t\t\t\t<ul class=\"elementor-icon-list-items elementor-inline-items\">\n\t\t\t\t\t\t\t<li class=\"elementor-icon-list-item elementor-inline-item\">\n\t\t\t\t\t\t\t\t\t\t\t<a href=\"https:\/\/www.facebook.com\/ditisdenhelder\" target=\"_blank\">\n\n\t\t\t\t\t\t\t\t\t\t\t\t<span class=\"elementor-icon-list-icon\">\n\t\t\t\t\t\t\t<i aria-hidden=\"true\" class=\"fab fa-facebook\"><\/i>\t\t\t\t\t\t<\/span>\n\t\t\t\t\t\t\t\t\t\t<span class=\"elementor-icon-list-text\"><\/span>\n\t\t\t\t\t\t\t\t\t\t\t<\/a>\n\t\t\t\t\t\t\t\t\t<\/li>\n\t\t\t\t\t\t\t\t<li class=\"elementor-icon-list-item elementor-inline-item\">\n\t\t\t\t\t\t\t\t\t\t\t<a href=\"https:\/\/www.instagram.com\/ditisdenhelder\/\" target=\"_blank\">\n\n\t\t\t\t\t\t\t\t\t\t\t\t<span class=\"elementor-icon-list-icon\">\n\t\t\t\t\t\t\t<i aria-hidden=\"true\" class=\"fab fa-instagram\"><\/i>\t\t\t\t\t\t<\/span>\n\t\t\t\t\t\t\t\t\t\t<span class=\"elementor-icon-list-text\"><\/span>\n\t\t\t\t\t\t\t\t\t\t\t<\/a>\n\t\t\t\t\t\t\t\t\t<\/li>\n\t\t\t\t\t\t\t\t<li class=\"elementor-icon-list-item elementor-inline-item\">\n\t\t\t\t\t\t\t\t\t\t\t<a href=\"https:\/\/www.youtube.com\/channel\/UCxXdcocRQwb3lDwiYBp3llg\" target=\"_blank\">\n\n\t\t\t\t\t\t\t\t\t\t\t\t<span class=\"elementor-icon-list-icon\">\n\t\t\t\t\t\t\t<i aria-hidden=\"true\" class=\"fab fa-youtube\"><\/i>\t\t\t\t\t\t<\/span>\n\t\t\t\t\t\t\t\t\t\t<span class=\"elementor-icon-list-text\"><\/span>\n\t\t\t\t\t\t\t\t\t\t\t<\/a>\n\t\t\t\t\t\t\t\t\t<\/li>\n\t\t\t\t\t\t\t\t<li class=\"elementor-icon-list-item elementor-inline-item\">\n\t\t\t\t\t\t\t\t\t\t\t<a href=\"https:\/\/www.linkedin.com\/company\/citymarketing-den-helder\" target=\"_blank\">\n\n\t\t\t\t\t\t\t\t\t\t\t\t<span class=\"elementor-icon-list-icon\">\n\t\t\t\t\t\t\t<i aria-hidden=\"true\" class=\"fab fa-linkedin-in\"><\/i>\t\t\t\t\t\t<\/span>\n\t\t\t\t\t\t\t\t\t\t<span class=\"elementor-icon-list-text\"><\/span>\n\t\t\t\t\t\t\t\t\t\t\t<\/a>\n\t\t\t\t\t\t\t\t\t<\/li>\n\t\t\t\t\t\t<\/ul>\n\t\t\t\t\t\t<\/div>\n\t\t\t\t<\/div>\n\t\t\t\t<\/div>\n\t\t\t\t<\/div>\n\t\t\t\t\t<\/div>\n\t\t\t\t<\/div>\n\t\t<div class=\"elementor-element elementor-element-5c34da1c e-flex e-con-boxed e-con e-parent\" data-id=\"5c34da1c\" data-element_type=\"container\" data-e-type=\"container\" data-settings=\"{&quot;jet_parallax_layout_list&quot;:[]}\">\n\t\t\t\t\t<div class=\"e-con-inner\">\n\t\t<div class=\"elementor-element elementor-element-3b4ac2d8 e-con-full e-flex e-con e-child\" data-id=\"3b4ac2d8\" data-element_type=\"container\" data-e-type=\"container\" data-settings=\"{&quot;jet_parallax_layout_list&quot;:[]}\">\n\t\t\t\t<div class=\"elementor-element elementor-element-788bd80f elementor-widget__width-inherit elementor-widget elementor-widget-heading\" data-id=\"788bd80f\" data-element_type=\"widget\" data-e-type=\"widget\" data-widget_type=\"heading.default\">\n\t\t\t\t<div class=\"elementor-widget-container\">\n\t\t\t\t\t<h2 class=\"elementor-heading-title elementor-size-default\">Ein Bild sagt alles.<\/h2>\t\t\t\t<\/div>\n\t\t\t\t<\/div>\n\t\t\t\t<div class=\"elementor-element elementor-element-7d866cfa elementor-widget elementor-widget-text-editor\" data-id=\"7d866cfa\" data-element_type=\"widget\" data-e-type=\"widget\" data-widget_type=\"text-editor.default\">\n\t\t\t\t<div class=\"elementor-widget-container\">\n\t\t\t\t\t\t\t\t\t<p data-start=\"156\" data-end=\"478\">F\u00fcr unsere Website und Werbung arbeiten wir mit einer Gruppe talentierter Fotografen zusammen. Sie sind Experten darin, den Charakter von Den Helder und Julianadorp einzufangen \u2013 vom rauen K\u00fcstenlicht bis hin zu intimen urbanen Details. Ihre Arbeiten erz\u00e4hlen Geschichten ohne Worte und tragen zum einzigartigen Charakter unserer K\u00fcstenstadt bei.<\/p><p data-start=\"480\" data-end=\"608\">Neugierig auf die Urheber der Bilder? Klicken Sie sich zu ihren jeweiligen Seiten durch, um mehr \u00fcber ihren Stil, ihre Projekte und ihren Hintergrund zu erfahren:<\/p><ul data-start=\"610\" data-end=\"786\"><li data-start=\"610\" data-end=\"631\"><p data-start=\"612\" data-end=\"631\"><a href=\"https:\/\/www.bertilvanbeek.nl\/\"><strong data-start=\"612\" data-end=\"631\">Bertil van Beek<\/strong><\/a><\/p><\/li><li data-start=\"632\" data-end=\"657\"><p data-start=\"634\" data-end=\"657\"><a href=\"http:\/\/toalaolivares.com\/\"><strong data-start=\"634\" data-end=\"657\">Cris Toala Olivares<\/strong><\/a><\/p><\/li><li data-start=\"658\" data-end=\"679\"><p data-start=\"660\" data-end=\"679\"><a href=\"http:\/\/Peter van Aalst\" data-wplink-url-error=\"true\"><strong data-start=\"660\" data-end=\"679\">Peter van Aalst<\/strong><\/a><\/p><\/li><li data-start=\"680\" data-end=\"694\"><p data-start=\"682\" data-end=\"694\"><a href=\"https:\/\/www.digidaan.net\/album\/\"><strong data-start=\"682\" data-end=\"694\">Digidaan<\/strong><\/a><\/p><\/li><li data-start=\"695\" data-end=\"718\"><p data-start=\"697\" data-end=\"718\"><a href=\"http:\/\/www.interieurfotograaf.pro\/\"><strong data-start=\"697\" data-end=\"718\">Michel van Oosten<\/strong><\/a><\/p><\/li><li data-start=\"719\" data-end=\"737\"><p data-start=\"721\" data-end=\"737\"><a href=\"http:\/\/Fred van Eck\" data-wplink-url-error=\"true\"><strong data-start=\"721\" data-end=\"737\">Fred van Eck<\/strong><\/a><\/p><\/li><li data-start=\"738\" data-end=\"755\"><p data-start=\"740\" data-end=\"755\"><strong data-start=\"740\" data-end=\"755\">Edwin Baart<\/strong><\/p><\/li><li data-start=\"756\" data-end=\"786\"><p data-start=\"758\" data-end=\"786\"><strong data-start=\"758\" data-end=\"786\">City Marketing Den Helder<\/strong><\/p><\/li><\/ul>\t\t\t\t\t\t\t\t<\/div>\n\t\t\t\t<\/div>\n\t\t\t\t<\/div>\n\t\t\t\t\t<\/div>\n\t\t\t\t<\/div>\n\t\t\t\t<\/div>","protected":false},"excerpt":{"rendered":"<p>Volg ons op social: \u00a0 \u00a0 \u00a0 \u00a0 Beeld zegt alles Voor onze website en promotie werken wij samen met een groep getalenteerde fotografen. Zij weten als geen ander het karakter van Den Helder en Julianadorp vast te leggen \u2013 van het rauwe kustlicht tot intieme stadsdetails. Hun werk vertelt verhalen zonder woorden en draagt [&hellip;]<\/p>\n","protected":false},"author":11,"featured_media":11777,"parent":0,"menu_order":0,"comment_status":"closed","ping_status":"closed","template":"elementor_header_footer","meta":{"footnotes":""},"tags":[],"doelgroep":[6027,6028],"categorie":[],"class_list":["post-12594","page","type-page","status-publish","has-post-thumbnail","hentry","doelgroep-inwoner","doelgroep-inwoner-regio"],"yoast_head":"<!-- This site is optimized with the Yoast SEO Premium plugin v24.7 (Yoast SEO v27.4) - https:\/\/yoast.com\/product\/yoast-seo-premium-wordpress\/ -->\n<title>Fotografen Den Helder: makers van het beeldverhaal<\/title>\n<meta name=\"description\" content=\"Ontdek de fotografen achter de beelden van Den Helder. Bekijk hun werk en leer meer over hun unieke stijl en visie\" \/>\n<meta name=\"robots\" content=\"index, follow, max-snippet:-1, max-image-preview:large, max-video-preview:-1\" \/>\n<link rel=\"canonical\" href=\"https:\/\/denhelder.online\/de\/fotografie\/\" \/>\n<meta property=\"og:locale\" content=\"de_DE\" \/>\n<meta property=\"og:type\" content=\"article\" \/>\n<meta property=\"og:title\" content=\"Fotografie\" \/>\n<meta property=\"og:description\" content=\"Ontdek de fotografen achter de beelden van Den Helder. Bekijk hun werk en leer meer over hun unieke stijl en visie\" \/>\n<meta property=\"og:url\" content=\"https:\/\/denhelder.online\/de\/fotografie\/\" \/>\n<meta property=\"og:site_name\" content=\"Den Helder Online\" \/>\n<meta property=\"article:modified_time\" content=\"2026-01-16T13:46:50+00:00\" \/>\n<meta property=\"og:image\" content=\"https:\/\/denhelder.online\/wp-content\/uploads\/2025\/06\/Kleurrijk-Julianadorp.jpg\" \/>\n\t<meta property=\"og:image:width\" content=\"1279\" \/>\n\t<meta property=\"og:image:height\" content=\"853\" \/>\n\t<meta property=\"og:image:type\" content=\"image\/jpeg\" \/>\n<meta name=\"twitter:card\" content=\"summary_large_image\" \/>\n<meta name=\"twitter:label1\" content=\"Gesch\u00e4tzte Lesezeit\" \/>\n\t<meta name=\"twitter:data1\" content=\"1\u00a0Minute\" \/>\n<script type=\"application\/ld+json\" class=\"yoast-schema-graph\">{\"@context\":\"https:\\\/\\\/schema.org\",\"@graph\":[{\"@type\":\"WebPage\",\"@id\":\"https:\\\/\\\/denhelder.online\\\/de\\\/fotografie\\\/\",\"url\":\"https:\\\/\\\/denhelder.online\\\/de\\\/fotografie\\\/\",\"name\":\"Fotografen Den Helder: makers van het beeldverhaal\",\"isPartOf\":{\"@id\":\"https:\\\/\\\/denhelder.online\\\/#website\"},\"primaryImageOfPage\":{\"@id\":\"https:\\\/\\\/denhelder.online\\\/de\\\/fotografie\\\/#primaryimage\"},\"image\":{\"@id\":\"https:\\\/\\\/denhelder.online\\\/de\\\/fotografie\\\/#primaryimage\"},\"thumbnailUrl\":\"https:\\\/\\\/denhelder.online\\\/wp-content\\\/uploads\\\/2025\\\/06\\\/Kleurrijk-Julianadorp.jpg\",\"datePublished\":\"2025-07-04T12:47:17+00:00\",\"dateModified\":\"2026-01-16T13:46:50+00:00\",\"description\":\"Ontdek de fotografen achter de beelden van Den Helder. Bekijk hun werk en leer meer over hun unieke stijl en visie\",\"breadcrumb\":{\"@id\":\"https:\\\/\\\/denhelder.online\\\/de\\\/fotografie\\\/#breadcrumb\"},\"inLanguage\":\"de\",\"potentialAction\":[{\"@type\":\"ReadAction\",\"target\":[\"https:\\\/\\\/denhelder.online\\\/de\\\/fotografie\\\/\"]}]},{\"@type\":\"ImageObject\",\"inLanguage\":\"de\",\"@id\":\"https:\\\/\\\/denhelder.online\\\/de\\\/fotografie\\\/#primaryimage\",\"url\":\"https:\\\/\\\/denhelder.online\\\/wp-content\\\/uploads\\\/2025\\\/06\\\/Kleurrijk-Julianadorp.jpg\",\"contentUrl\":\"https:\\\/\\\/denhelder.online\\\/wp-content\\\/uploads\\\/2025\\\/06\\\/Kleurrijk-Julianadorp.jpg\",\"width\":1279,\"height\":853,\"caption\":\"Wandeldag kleurrijk Julianadorp bij de bollenvelden die van april tot mei in bloei staan\"},{\"@type\":\"BreadcrumbList\",\"@id\":\"https:\\\/\\\/denhelder.online\\\/de\\\/fotografie\\\/#breadcrumb\",\"itemListElement\":[{\"@type\":\"ListItem\",\"position\":1,\"name\":\"Home\",\"item\":\"https:\\\/\\\/denhelder.online\\\/\"},{\"@type\":\"ListItem\",\"position\":2,\"name\":\"Fotografie\"}]},{\"@type\":\"WebSite\",\"@id\":\"https:\\\/\\\/denhelder.online\\\/#website\",\"url\":\"https:\\\/\\\/denhelder.online\\\/\",\"name\":\"Den Helder Online\",\"description\":\"Beleef Den Helder\",\"publisher\":{\"@id\":\"https:\\\/\\\/denhelder.online\\\/#organization\"},\"potentialAction\":[{\"@type\":\"SearchAction\",\"target\":{\"@type\":\"EntryPoint\",\"urlTemplate\":\"https:\\\/\\\/denhelder.online\\\/?s={search_term_string}\"},\"query-input\":{\"@type\":\"PropertyValueSpecification\",\"valueRequired\":true,\"valueName\":\"search_term_string\"}}],\"inLanguage\":\"de\"},{\"@type\":\"Organization\",\"@id\":\"https:\\\/\\\/denhelder.online\\\/#organization\",\"name\":\"Den Helder Online\",\"url\":\"https:\\\/\\\/denhelder.online\\\/\",\"logo\":{\"@type\":\"ImageObject\",\"inLanguage\":\"de\",\"@id\":\"https:\\\/\\\/denhelder.online\\\/#\\\/schema\\\/logo\\\/image\\\/\",\"url\":\"https:\\\/\\\/denhelder.online\\\/wp-content\\\/uploads\\\/2021\\\/12\\\/DitIsDH-Logo-26-tagline.svg\",\"contentUrl\":\"https:\\\/\\\/denhelder.online\\\/wp-content\\\/uploads\\\/2021\\\/12\\\/DitIsDH-Logo-26-tagline.svg\",\"width\":1717.0999999999999,\"height\":934.89999999999998,\"caption\":\"Den Helder Online\"},\"image\":{\"@id\":\"https:\\\/\\\/denhelder.online\\\/#\\\/schema\\\/logo\\\/image\\\/\"}}]}<\/script>\n<!-- \/ Yoast SEO Premium plugin. -->","yoast_head_json":{"title":"Fotografen Den Helder: Sch\u00f6pfer des Graphic Novels","description":"Entdecken Sie die Fotografen hinter den Bildern von Den Helder. Sehen Sie sich ihre Arbeiten an und erfahren Sie mehr \u00fcber ihren einzigartigen Stil und ihre Vision.","robots":{"index":"index","follow":"follow","max-snippet":"max-snippet:-1","max-image-preview":"max-image-preview:large","max-video-preview":"max-video-preview:-1"},"canonical":"https:\/\/denhelder.online\/de\/fotografie\/","og_locale":"de_DE","og_type":"article","og_title":"Fotografie","og_description":"Ontdek de fotografen achter de beelden van Den Helder. Bekijk hun werk en leer meer over hun unieke stijl en visie","og_url":"https:\/\/denhelder.online\/de\/fotografie\/","og_site_name":"Den Helder Online","article_modified_time":"2026-01-16T13:46:50+00:00","og_image":[{"width":1279,"height":853,"url":"https:\/\/denhelder.online\/wp-content\/uploads\/2025\/06\/Kleurrijk-Julianadorp.jpg","type":"image\/jpeg"}],"twitter_card":"summary_large_image","twitter_misc":{"Gesch\u00e4tzte Lesezeit":"1\u00a0Minute"},"schema":{"@context":"https:\/\/schema.org","@graph":[{"@type":"WebPage","@id":"https:\/\/denhelder.online\/de\/fotografie\/","url":"https:\/\/denhelder.online\/de\/fotografie\/","name":"Fotografen Den Helder: Sch\u00f6pfer des Graphic Novels","isPartOf":{"@id":"https:\/\/denhelder.online\/#website"},"primaryImageOfPage":{"@id":"https:\/\/denhelder.online\/de\/fotografie\/#primaryimage"},"image":{"@id":"https:\/\/denhelder.online\/de\/fotografie\/#primaryimage"},"thumbnailUrl":"https:\/\/denhelder.online\/wp-content\/uploads\/2025\/06\/Kleurrijk-Julianadorp.jpg","datePublished":"2025-07-04T12:47:17+00:00","dateModified":"2026-01-16T13:46:50+00:00","description":"Entdecken Sie die Fotografen hinter den Bildern von Den Helder. Sehen Sie sich ihre Arbeiten an und erfahren Sie mehr \u00fcber ihren einzigartigen Stil und ihre Vision.","breadcrumb":{"@id":"https:\/\/denhelder.online\/de\/fotografie\/#breadcrumb"},"inLanguage":"de","potentialAction":[{"@type":"ReadAction","target":["https:\/\/denhelder.online\/de\/fotografie\/"]}]},{"@type":"ImageObject","inLanguage":"de","@id":"https:\/\/denhelder.online\/de\/fotografie\/#primaryimage","url":"https:\/\/denhelder.online\/wp-content\/uploads\/2025\/06\/Kleurrijk-Julianadorp.jpg","contentUrl":"https:\/\/denhelder.online\/wp-content\/uploads\/2025\/06\/Kleurrijk-Julianadorp.jpg","width":1279,"height":853,"caption":"Wandeldag kleurrijk Julianadorp bij de bollenvelden die van april tot mei in bloei staan"},{"@type":"BreadcrumbList","@id":"https:\/\/denhelder.online\/de\/fotografie\/#breadcrumb","itemListElement":[{"@type":"ListItem","position":1,"name":"Home","item":"https:\/\/denhelder.online\/"},{"@type":"ListItem","position":2,"name":"Fotografie"}]},{"@type":"WebSite","@id":"https:\/\/denhelder.online\/#website","url":"https:\/\/denhelder.online\/","name":"Den Helder Online","description":"Erleben Sie Den Helder","publisher":{"@id":"https:\/\/denhelder.online\/#organization"},"potentialAction":[{"@type":"SearchAction","target":{"@type":"EntryPoint","urlTemplate":"https:\/\/denhelder.online\/?s={search_term_string}"},"query-input":{"@type":"PropertyValueSpecification","valueRequired":true,"valueName":"search_term_string"}}],"inLanguage":"de"},{"@type":"Organization","@id":"https:\/\/denhelder.online\/#organization","name":"Den Helder Online","url":"https:\/\/denhelder.online\/","logo":{"@type":"ImageObject","inLanguage":"de","@id":"https:\/\/denhelder.online\/#\/schema\/logo\/image\/","url":"https:\/\/denhelder.online\/wp-content\/uploads\/2021\/12\/DitIsDH-Logo-26-tagline.svg","contentUrl":"https:\/\/denhelder.online\/wp-content\/uploads\/2021\/12\/DitIsDH-Logo-26-tagline.svg","width":1717.0999999999999,"height":934.89999999999998,"caption":"Den Helder Online"},"image":{"@id":"https:\/\/denhelder.online\/#\/schema\/logo\/image\/"}}]}},"_links":{"self":[{"href":"https:\/\/denhelder.online\/de\/wp-json\/wp\/v2\/pages\/12594","targetHints":{"allow":["GET"]}}],"collection":[{"href":"https:\/\/denhelder.online\/de\/wp-json\/wp\/v2\/pages"}],"about":[{"href":"https:\/\/denhelder.online\/de\/wp-json\/wp\/v2\/types\/page"}],"author":[{"embeddable":true,"href":"https:\/\/denhelder.online\/de\/wp-json\/wp\/v2\/users\/11"}],"replies":[{"embeddable":true,"href":"https:\/\/denhelder.online\/de\/wp-json\/wp\/v2\/comments?post=12594"}],"version-history":[{"count":0,"href":"https:\/\/denhelder.online\/de\/wp-json\/wp\/v2\/pages\/12594\/revisions"}],"wp:featuredmedia":[{"embeddable":true,"href":"https:\/\/denhelder.online\/de\/wp-json\/wp\/v2\/media\/11777"}],"wp:attachment":[{"href":"https:\/\/denhelder.online\/de\/wp-json\/wp\/v2\/media?parent=12594"}],"wp:term":[{"taxonomy":"post_tag","embeddable":true,"href":"https:\/\/denhelder.online\/de\/wp-json\/wp\/v2\/tags?post=12594"},{"taxonomy":"doelgroep","embeddable":true,"href":"https:\/\/denhelder.online\/de\/wp-json\/wp\/v2\/doelgroep?post=12594"},{"taxonomy":"categorie","embeddable":true,"href":"https:\/\/denhelder.online\/de\/wp-json\/wp\/v2\/categorie?post=12594"}],"curies":[{"name":"wp","href":"https:\/\/api.w.org\/{rel}","templated":true}]}}