{"id":12606,"date":"2025-07-04T15:01:40","date_gmt":"2025-07-04T13:01:40","guid":{"rendered":"https:\/\/denhelder.online\/?page_id=12606"},"modified":"2026-01-19T10:43:49","modified_gmt":"2026-01-19T09:43:49","slug":"datenschutz","status":"publish","type":"page","link":"https:\/\/denhelder.online\/de\/privacy\/","title":{"rendered":"Datenschutz"},"content":{"rendered":"<div data-elementor-type=\"wp-page\" data-elementor-id=\"12606\" class=\"elementor elementor-12606\" data-elementor-post-type=\"page\">\n\t\t\t\t<div class=\"elementor-element elementor-element-dad9005 e-flex e-con-boxed e-con e-parent\" data-id=\"dad9005\" data-element_type=\"container\" data-e-type=\"container\" data-settings=\"{&quot;jet_parallax_layout_list&quot;:[]}\">\n\t\t\t\t\t<div class=\"e-con-inner\">\n\t\t<div class=\"elementor-element elementor-element-752189e1 e-con-full e-flex e-con e-child\" data-id=\"752189e1\" data-element_type=\"container\" data-e-type=\"container\" data-settings=\"{&quot;jet_parallax_layout_list&quot;:[]}\">\n\t\t\t\t<div class=\"elementor-element elementor-element-53363973 elementor-widget elementor-widget-breadcrumbs\" data-id=\"53363973\" data-element_type=\"widget\" data-e-type=\"widget\" data-widget_type=\"breadcrumbs.default\">\n\t\t\t\t<div class=\"elementor-widget-container\">\n\t\t\t\t\t<p id=\"breadcrumbs\"><span><span><a href=\"https:\/\/denhelder.online\/de\/\">Heim<\/a><\/span><\/span><\/p>\t\t\t\t<\/div>\n\t\t\t\t<\/div>\n\t\t<div class=\"elementor-element elementor-element-46de4548 e-con-full e-flex e-con e-child\" data-id=\"46de4548\" data-element_type=\"container\" data-e-type=\"container\" data-settings=\"{&quot;jet_parallax_layout_list&quot;:[]}\">\n\t\t\t\t<div class=\"elementor-element elementor-element-24c2e19d elementor-widget elementor-widget-heading\" data-id=\"24c2e19d\" data-element_type=\"widget\" data-e-type=\"widget\" data-widget_type=\"heading.default\">\n\t\t\t\t<div class=\"elementor-widget-container\">\n\t\t\t\t\t<p class=\"elementor-heading-title elementor-size-default\">Folgen Sie uns in den sozialen Netzwerken:<\/p>\t\t\t\t<\/div>\n\t\t\t\t<\/div>\n\t\t\t\t<div class=\"elementor-element elementor-element-4dea2e0a elementor-icon-list--layout-inline elementor-align-end elementor-list-item-link-full_width elementor-widget elementor-widget-global elementor-global-1176 elementor-widget-icon-list\" data-id=\"4dea2e0a\" data-element_type=\"widget\" data-e-type=\"widget\" data-widget_type=\"icon-list.default\">\n\t\t\t\t<div class=\"elementor-widget-container\">\n\t\t\t\t\t\t\t<ul class=\"elementor-icon-list-items elementor-inline-items\">\n\t\t\t\t\t\t\t<li class=\"elementor-icon-list-item elementor-inline-item\">\n\t\t\t\t\t\t\t\t\t\t\t<a href=\"https:\/\/www.facebook.com\/ditisdenhelder\" target=\"_blank\">\n\n\t\t\t\t\t\t\t\t\t\t\t\t<span class=\"elementor-icon-list-icon\">\n\t\t\t\t\t\t\t<i aria-hidden=\"true\" class=\"fab fa-facebook\"><\/i>\t\t\t\t\t\t<\/span>\n\t\t\t\t\t\t\t\t\t\t<span class=\"elementor-icon-list-text\"><\/span>\n\t\t\t\t\t\t\t\t\t\t\t<\/a>\n\t\t\t\t\t\t\t\t\t<\/li>\n\t\t\t\t\t\t\t\t<li class=\"elementor-icon-list-item elementor-inline-item\">\n\t\t\t\t\t\t\t\t\t\t\t<a href=\"https:\/\/www.instagram.com\/ditisdenhelder\/\" target=\"_blank\">\n\n\t\t\t\t\t\t\t\t\t\t\t\t<span class=\"elementor-icon-list-icon\">\n\t\t\t\t\t\t\t<i aria-hidden=\"true\" class=\"fab fa-instagram\"><\/i>\t\t\t\t\t\t<\/span>\n\t\t\t\t\t\t\t\t\t\t<span class=\"elementor-icon-list-text\"><\/span>\n\t\t\t\t\t\t\t\t\t\t\t<\/a>\n\t\t\t\t\t\t\t\t\t<\/li>\n\t\t\t\t\t\t\t\t<li class=\"elementor-icon-list-item elementor-inline-item\">\n\t\t\t\t\t\t\t\t\t\t\t<a href=\"https:\/\/www.youtube.com\/channel\/UCxXdcocRQwb3lDwiYBp3llg\" target=\"_blank\">\n\n\t\t\t\t\t\t\t\t\t\t\t\t<span class=\"elementor-icon-list-icon\">\n\t\t\t\t\t\t\t<i aria-hidden=\"true\" class=\"fab fa-youtube\"><\/i>\t\t\t\t\t\t<\/span>\n\t\t\t\t\t\t\t\t\t\t<span class=\"elementor-icon-list-text\"><\/span>\n\t\t\t\t\t\t\t\t\t\t\t<\/a>\n\t\t\t\t\t\t\t\t\t<\/li>\n\t\t\t\t\t\t\t\t<li class=\"elementor-icon-list-item elementor-inline-item\">\n\t\t\t\t\t\t\t\t\t\t\t<a href=\"https:\/\/www.linkedin.com\/company\/citymarketing-den-helder\" target=\"_blank\">\n\n\t\t\t\t\t\t\t\t\t\t\t\t<span class=\"elementor-icon-list-icon\">\n\t\t\t\t\t\t\t<i aria-hidden=\"true\" class=\"fab fa-linkedin-in\"><\/i>\t\t\t\t\t\t<\/span>\n\t\t\t\t\t\t\t\t\t\t<span class=\"elementor-icon-list-text\"><\/span>\n\t\t\t\t\t\t\t\t\t\t\t<\/a>\n\t\t\t\t\t\t\t\t\t<\/li>\n\t\t\t\t\t\t<\/ul>\n\t\t\t\t\t\t<\/div>\n\t\t\t\t<\/div>\n\t\t\t\t<\/div>\n\t\t\t\t<\/div>\n\t\t\t\t\t<\/div>\n\t\t\t\t<\/div>\n\t\t<div class=\"elementor-element elementor-element-5c34da1c e-flex e-con-boxed e-con e-parent\" data-id=\"5c34da1c\" data-element_type=\"container\" data-e-type=\"container\" data-settings=\"{&quot;jet_parallax_layout_list&quot;:[]}\">\n\t\t\t\t\t<div class=\"e-con-inner\">\n\t\t<div class=\"elementor-element elementor-element-3b4ac2d8 e-con-full e-flex e-con e-child\" data-id=\"3b4ac2d8\" data-element_type=\"container\" data-e-type=\"container\" data-settings=\"{&quot;jet_parallax_layout_list&quot;:[]}\">\n\t\t\t\t<div class=\"elementor-element elementor-element-788bd80f elementor-widget__width-inherit elementor-widget elementor-widget-heading\" data-id=\"788bd80f\" data-element_type=\"widget\" data-e-type=\"widget\" data-widget_type=\"heading.default\">\n\t\t\t\t<div class=\"elementor-widget-container\">\n\t\t\t\t\t<h2 class=\"elementor-heading-title elementor-size-default\">Datenschutzerkl\u00e4rung<\/h2>\t\t\t\t<\/div>\n\t\t\t\t<\/div>\n\t\t\t\t<div class=\"elementor-element elementor-element-7d866cfa elementor-widget elementor-widget-text-editor\" data-id=\"7d866cfa\" data-element_type=\"widget\" data-e-type=\"widget\" data-widget_type=\"text-editor.default\">\n\t\t\t\t<div class=\"elementor-widget-container\">\n\t\t\t\t\t\t\t\t\t<h2>Datenschutzerkl\u00e4rung Citymarketing Den Helder<\/h2><h4>Einf\u00fchrung<\/h4><p>City Marketing Den Helder nimmt den Schutz Ihrer Daten sehr ernst und verarbeitet und nutzt Ihre Daten (als betroffene Person) sicher. In dieser Datenschutzerkl\u00e4rung erl\u00e4utern wir, welche Daten wir verarbeiten und zu welchem Zweck. Sie k\u00f6nnen in dieser Datenschutzerkl\u00e4rung auch mehr \u00fcber Ihre Rechte hinsichtlich der Verarbeitung Ihrer personenbezogenen Daten erfahren. Wir empfehlen Ihnen, diese Datenschutzerkl\u00e4rung sorgf\u00e4ltig zu lesen. Bei Fragen k\u00f6nnen Sie sich jederzeit an uns wenden.\u00a0<a href=\"mailto:info@citymarketingdenhelder.nl\">info@citymarketingdenhelder.nl<\/a>.<\/p><h4>Wer ist City Marketing Den Helder?<\/h4><p>Stichting Citymarketing Den Helder, mit Sitz in (1781 AS) Den Helder Willemsoord 30, eingetragen im Handelsregister der Handelskammer unter der Nummer 52346285.<\/p><p>Wenn Citymarketing Den Helder Ihre personenbezogenen Daten verarbeitet, ist Citymarketing Den Helder der Verantwortliche.<\/p><h4>Wie nutzt Citymarketing Den Helder Ihre Daten?<\/h4><p>Nachfolgend finden Sie eine \u00dcbersicht \u00fcber die Zwecke, zu denen Citymarketing Den Helder Ihre personenbezogenen Daten verarbeitet. Jeder Zweck wird mit einer Beschreibung der von Citymarketing Den Helder f\u00fcr diesen Zweck verwendeten Daten, der Rechtsgrundlage f\u00fcr die Datenverarbeitung und der Speicherdauer angegeben. Zur besseren \u00dcbersicht haben wir alle Daten nach Datenflusstyp gruppiert.<\/p><h5>Dienstleistungen, Kundenmanagement und Finanzverwaltung<\/h5><table width=\"100%\"><tbody><tr><td><p>Zweck:<\/p><\/td><td><p>CRM<\/p><\/td><\/tr><tr><td><p>Fakten:<\/p><\/td><td><p>Name, E-Mail-Adresse<\/p><\/td><\/tr><tr><td><p>Basis:<\/p><\/td><td><p>Berechtigtes Interesse<\/p><\/td><\/tr><tr><td><p>Beteiligte Interessen:<\/p><\/td><td><p>Nur so kann das Ziel erreicht werden<\/p><\/td><\/tr><tr><td><p>Aufbewahrungsfrist:<\/p><\/td><td><p>maximal 2 Jahre<\/p><\/td><\/tr><tr><td>\u00a0<\/td><td>\u00a0<\/td><\/tr><\/tbody><\/table><h5>Marketing<\/h5><table width=\"100%\"><tbody><tr><td><p>Zweck:<\/p><\/td><td><p>Newsletter<\/p><\/td><\/tr><tr><td><p>Fakten:<\/p><\/td><td><p>Name, E-Mail-Adresse, Interesse an einem Produkt<\/p><\/td><\/tr><tr><td><p>Basis:<\/p><\/td><td><p>Eindeutige Zustimmung<\/p><\/td><\/tr><tr><td><p>Aufbewahrungsfrist:<\/p><\/td><td><p>maximal 2 Jahre<\/p><\/td><\/tr><tr><td>\u00a0<\/td><td>\u00a0<\/td><\/tr><tr><td><p>Zweck:<\/p><\/td><td><p>Social-Media-Marketing<\/p><\/td><\/tr><tr><td><p>Fakten:<\/p><\/td><td><p>Name, E-Mail-Adresse, Interesse an einem Produkt<\/p><\/td><\/tr><tr><td><p>Basis:<\/p><\/td><td><p>Eindeutige Zustimmung<\/p><\/td><\/tr><tr><td><p>Aufbewahrungsfrist:<\/p><\/td><td><p>maximal 2 Jahre<\/p><\/td><\/tr><tr><td>\u00a0<\/td><td>\u00a0<\/td><\/tr><\/tbody><\/table><h5>Webseite<\/h5><table style=\"height: 701px;\" width=\"1496\"><tbody><tr><td><p>Zweck:<\/p><\/td><td><p>Website-Analyse<\/p><\/td><\/tr><tr><td><p>Fakten:<\/p><\/td><td><p>Surfverhalten, Standort<\/p><\/td><\/tr><tr><td><p>Basis:<\/p><\/td><td><p>Berechtigtes Interesse<\/p><\/td><\/tr><tr><td><p>Beteiligte Interessen:<\/p><\/td><td><p>Kommerzielles Interesse<\/p><\/td><\/tr><tr><td><p>Aufbewahrungsfrist:<\/p><\/td><td><p>maximal 2 Jahre<\/p><\/td><\/tr><tr><td>\u00a0<\/td><td>\u00a0<\/td><\/tr><tr><td>Zweck:<\/td><td>Chatfunktion<\/td><\/tr><tr><td>Fakten:<\/td><td>Name, E-Mail-Adresse<\/td><\/tr><tr><td>Basis:<\/td><td><p style=\"text-align: left;\">Ausf\u00fchrung des Vertrags<\/p><\/td><\/tr><tr><td>Aufbewahrungsfrist:<\/td><td>Solange dies f\u00fcr diesen Zweck erforderlich ist.<\/td><\/tr><tr><td>\u00a0<\/td><td>\u00a0<\/td><\/tr><tr><td>\u00a0<\/td><td>\u00a0<\/td><\/tr><tr><td>\u00a0<\/td><td>\u00a0<\/td><\/tr><tr><td>\u00a0<\/td><td>\u00a0<\/td><\/tr><tr><td>\u00a0<\/td><td>\u00a0<\/td><\/tr><tr><td>\u00a0<\/td><td>\u00a0<\/td><\/tr><\/tbody><\/table><h4>Wie gelangt Citymarketing Den Helder an Ihre personenbezogenen Daten?<\/h4><p>City Marketing Den Helder verf\u00fcgt \u00fcber Daten \u00fcber Sie, weil Sie uns diese Daten zur Verf\u00fcgung gestellt haben.<\/p><h4>Welche Rechte haben Sie?<\/h4><p>Gem\u00e4\u00df der europ\u00e4ischen Datenschutz-Grundverordnung haben Sie eine Reihe von Rechten in Bezug auf Ihre Daten und deren Verarbeitung:<\/p><h5>Inspektion<\/h5><p>Sie k\u00f6nnen Ihre pers\u00f6nlichen Daten jederzeit in Ihrem Konto einsehen und gegebenenfalls \u00e4ndern. Wenn Sie die von Citymarketing Den Helder \u00fcber Sie gespeicherten pers\u00f6nlichen Daten einsehen m\u00f6chten, k\u00f6nnen Sie einen Auskunftsantrag stellen.<\/p><h5>\u00c4ndern<\/h5><p>Wenn Sie \u00c4nderungen an Ihren personenbezogenen Daten vornehmen m\u00f6chten, die Sie im Rahmen einer Auskunftsanfrage erhalten haben, und diese nicht selbst in Ihrem Konto \u00e4ndern k\u00f6nnen, k\u00f6nnen Sie eine Anfrage an Citymarketing Den Helder senden. Sie k\u00f6nnen Citymarketing Den Helder bitten, Ihre Daten zu \u00e4ndern, zu verbessern, zu erg\u00e4nzen, zu l\u00f6schen oder zu sch\u00fctzen.<\/p><h5>Einschr\u00e4nkung der Verarbeitung<\/h5><p>Sie haben au\u00dferdem unter bestimmten Voraussetzungen das Recht, von Citymarketing Den Helder die Einschr\u00e4nkung der Verarbeitung Ihrer personenbezogenen Daten zu verlangen.<\/p><h5>Widerspruchsrecht<\/h5><p>Sofern eine bestimmte Verarbeitung auf der Grundlage des \u2018berechtigten Interesses\u2019 von Citymarketing Den Helder oder eines Dritten erfolgt, haben Sie das Recht, dieser Verarbeitung zu widersprechen.<\/p><h5>Daten\u00fcbertragung<\/h5><p>Sie haben das Recht, Ihre personenbezogenen Daten von Citymarketing Den Helder zu erhalten. Citymarketing Den Helder stellt Ihnen diese Daten in einem strukturierten und g\u00e4ngigen Format zur Verf\u00fcgung, das mit anderen g\u00e4ngigen digitalen Systemen leicht zug\u00e4nglich ist. Dies erm\u00f6glicht Ihnen auch die \u00dcbertragung Ihrer Daten an einen anderen Anbieter.<\/p><h5>Einwilligung widerrufen<\/h5><p>In allen F\u00e4llen, in denen die Verarbeitung Ihrer Daten auf Ihrer Einwilligung beruht, haben Sie das Recht, diese Einwilligung zu widerrufen. Dies hat keine Auswirkungen auf bereits erfolgte Verarbeitungen, bedeutet aber, dass wir diese Daten nicht mehr verarbeiten d\u00fcrfen. Citymarketing Den Helder kann Ihnen daher m\u00f6glicherweise bestimmte Dienstleistungen nicht mehr anbieten.<\/p><h5>Antwort von City Marketing Den Helder<\/h5><p>Eine Anfrage kann gesendet werden an\u00a0<a href=\"mailto:info@citymarketingdenhelder.nl\">info@citymarketingdenhelder.nl<\/a>. City Marketing Den Helder wird Ihre Anfrage schnellstm\u00f6glich, sp\u00e4testens jedoch innerhalb eines (1) Monats nach Eingang der Anfrage, bearbeiten. Sollte City Marketing Den Helder Ihre Anfrage ablehnen, werden wir Ihnen in unserer Antwort die Gr\u00fcnde daf\u00fcr mitteilen.<\/p><h4>Empf\u00e4nger der personenbezogenen Daten<\/h4><p>Die Daten k\u00f6nnen weitergeleitet werden an:<\/p><ul><li>Prozessoren<\/li><\/ul><p>Citymarketing Den Helder kann verpflichtet sein, Ihre Daten an Dritte weiterzugeben, beispielsweise aufgrund einer gesetzlichen Verpflichtung.<\/p><h4>Was sind Cookies und wie verwendet Citymarketing Den Helder sie?<\/h4><p>Cookies sind kleine Textdateien, die beim Besuch der Citymarketing Den Helder-Website an Ihren Browser gesendet und anschlie\u00dfend auf der Festplatte oder im Speicher Ihres Computers, Tablets, Mobiltelefons oder eines anderen Ger\u00e4ts (im Folgenden: \u201cGer\u00e4t\u201d) gespeichert werden. Die \u00fcber die Citymarketing Den Helder-Website platzierten Cookies k\u00f6nnen Ihr Ger\u00e4t oder die darauf gespeicherten Dateien nicht besch\u00e4digen. Mit \u2018Cookies\u2019 meinen wir nicht nur diese kleinen Textdateien, sondern auch \u00e4hnliche Techniken zur Informationserfassung, wie beispielsweise Device Fingerprinting.<\/p><h4>Kann diese Datenschutzerkl\u00e4rung ge\u00e4ndert werden?<\/h4><p>Diese Datenschutzerkl\u00e4rung kann sich \u00e4ndern. Wir empfehlen Ihnen daher, sie regelm\u00e4\u00dfig auf etwaige \u00c4nderungen zu \u00fcberpr\u00fcfen.<\/p><h4>An wen kann man sich mit Beschwerden und Fragen wenden?<\/h4><p>Wenn Sie Fragen zu dieser Datenschutzerkl\u00e4rung und zur Art und Weise haben, wie Citymarketing Den Helder Ihre Daten verwendet, k\u00f6nnen Sie eine E-Mail senden an\u00a0<a href=\"mailto:info@citymarketingdenhelder.nl\">info@citymarketingdenhelder.nl<\/a>. Wenn Sie eine Beschwerde bez\u00fcglich der Art und Weise haben, wie Citymarketing Den Helder Ihre Daten verarbeitet, k\u00f6nnen Sie auch eine E-Mail senden an\u00a0<a href=\"mailto:info@citymarketingdenhelder.nl\">info@citymarketingdenhelder.nl<\/a>. Sie k\u00f6nnen sich auch jederzeit an die zust\u00e4ndige nationale Aufsichtsbeh\u00f6rde f\u00fcr Datenschutz wenden. In den Niederlanden ist dies die\u00a0<a href=\"https:\/\/www.autoriteitpersoonsgegevens.nl\/\">Niederl\u00e4ndische Datenschutzbeh\u00f6rde<\/a>.<\/p>\t\t\t\t\t\t\t\t<\/div>\n\t\t\t\t<\/div>\n\t\t\t\t<\/div>\n\t\t\t\t\t<\/div>\n\t\t\t\t<\/div>\n\t\t\t\t<\/div>","protected":false},"excerpt":{"rendered":"<p>Volg ons op social: Privacy statement Privacy statement Citymarketing Den Helder Inleiding Citymarketing Den Helder neemt jouw privacy zeer serieus en zal informatie over jou (de betrokkene) op een veilige manier verwerken en gebruiken. In dit Privacy Statement leggen wij je uit welke gegevens wij verwerken, en met welk doel we dat doen. Daarnaast kun [&hellip;]<\/p>\n","protected":false},"author":11,"featured_media":11727,"parent":0,"menu_order":0,"comment_status":"closed","ping_status":"closed","template":"elementor_header_footer","meta":{"footnotes":""},"tags":[],"doelgroep":[],"categorie":[],"class_list":["post-12606","page","type-page","status-publish","has-post-thumbnail","hentry"],"yoast_head":"<!-- This site is optimized with the Yoast SEO Premium plugin v24.7 (Yoast SEO v27.5) - https:\/\/yoast.com\/product\/yoast-seo-premium-wordpress\/ -->\n<title>Privacyverklaring Citymarketing Den Helder<\/title>\n<meta name=\"description\" content=\"Informatie over gegevensverwerking, cookies en jouw rechten. Bekijk het privacybeleid van Citymarketing Den Helder\" \/>\n<meta name=\"robots\" content=\"index, follow, max-snippet:-1, max-image-preview:large, max-video-preview:-1\" \/>\n<link rel=\"canonical\" href=\"https:\/\/denhelder.online\/de\/datenschutz\/\" \/>\n<meta property=\"og:locale\" content=\"de_DE\" \/>\n<meta property=\"og:type\" content=\"article\" \/>\n<meta property=\"og:title\" content=\"Privacy\" \/>\n<meta property=\"og:description\" content=\"Informatie over gegevensverwerking, cookies en jouw rechten. Bekijk het privacybeleid van Citymarketing Den Helder\" \/>\n<meta property=\"og:url\" content=\"https:\/\/denhelder.online\/de\/datenschutz\/\" \/>\n<meta property=\"og:site_name\" content=\"Den Helder Online\" \/>\n<meta property=\"article:modified_time\" content=\"2026-01-19T09:43:49+00:00\" \/>\n<meta property=\"og:image\" content=\"https:\/\/denhelder.online\/wp-content\/uploads\/2025\/06\/grand-hotel-beatrix-1.jpg\" \/>\n\t<meta property=\"og:image:width\" content=\"1024\" \/>\n\t<meta property=\"og:image:height\" content=\"643\" \/>\n\t<meta property=\"og:image:type\" content=\"image\/jpeg\" \/>\n<meta name=\"twitter:card\" content=\"summary_large_image\" \/>\n<meta name=\"twitter:label1\" content=\"Gesch\u00e4tzte Lesezeit\" \/>\n\t<meta name=\"twitter:data1\" content=\"5\u00a0Minuten\" \/>\n<script type=\"application\/ld+json\" class=\"yoast-schema-graph\">{\"@context\":\"https:\\\/\\\/schema.org\",\"@graph\":[{\"@type\":\"WebPage\",\"@id\":\"https:\\\/\\\/denhelder.online\\\/privacy\\\/\",\"url\":\"https:\\\/\\\/denhelder.online\\\/privacy\\\/\",\"name\":\"Privacyverklaring Citymarketing Den Helder\",\"isPartOf\":{\"@id\":\"https:\\\/\\\/denhelder.online\\\/#website\"},\"primaryImageOfPage\":{\"@id\":\"https:\\\/\\\/denhelder.online\\\/privacy\\\/#primaryimage\"},\"image\":{\"@id\":\"https:\\\/\\\/denhelder.online\\\/privacy\\\/#primaryimage\"},\"thumbnailUrl\":\"https:\\\/\\\/denhelder.online\\\/wp-content\\\/uploads\\\/2025\\\/06\\\/grand-hotel-beatrix-1.jpg\",\"datePublished\":\"2025-07-04T13:01:40+00:00\",\"dateModified\":\"2026-01-19T09:43:49+00:00\",\"description\":\"Informatie over gegevensverwerking, cookies en jouw rechten. Bekijk het privacybeleid van Citymarketing Den Helder\",\"breadcrumb\":{\"@id\":\"https:\\\/\\\/denhelder.online\\\/privacy\\\/#breadcrumb\"},\"inLanguage\":\"de\",\"potentialAction\":[{\"@type\":\"ReadAction\",\"target\":[\"https:\\\/\\\/denhelder.online\\\/privacy\\\/\"]}]},{\"@type\":\"ImageObject\",\"inLanguage\":\"de\",\"@id\":\"https:\\\/\\\/denhelder.online\\\/privacy\\\/#primaryimage\",\"url\":\"https:\\\/\\\/denhelder.online\\\/wp-content\\\/uploads\\\/2025\\\/06\\\/grand-hotel-beatrix-1.jpg\",\"contentUrl\":\"https:\\\/\\\/denhelder.online\\\/wp-content\\\/uploads\\\/2025\\\/06\\\/grand-hotel-beatrix-1.jpg\",\"width\":1024,\"height\":643,\"caption\":\"Grand Hotel Beatrix met Vuurtoren de Lange Jaap op de achtergrond\"},{\"@type\":\"BreadcrumbList\",\"@id\":\"https:\\\/\\\/denhelder.online\\\/privacy\\\/#breadcrumb\",\"itemListElement\":[{\"@type\":\"ListItem\",\"position\":1,\"name\":\"Home\",\"item\":\"https:\\\/\\\/denhelder.online\\\/\"},{\"@type\":\"ListItem\",\"position\":2,\"name\":\"Privacy\"}]},{\"@type\":\"WebSite\",\"@id\":\"https:\\\/\\\/denhelder.online\\\/#website\",\"url\":\"https:\\\/\\\/denhelder.online\\\/\",\"name\":\"Den Helder Online\",\"description\":\"Beleef Den Helder\",\"publisher\":{\"@id\":\"https:\\\/\\\/denhelder.online\\\/#organization\"},\"potentialAction\":[{\"@type\":\"SearchAction\",\"target\":{\"@type\":\"EntryPoint\",\"urlTemplate\":\"https:\\\/\\\/denhelder.online\\\/?s={search_term_string}\"},\"query-input\":{\"@type\":\"PropertyValueSpecification\",\"valueRequired\":true,\"valueName\":\"search_term_string\"}}],\"inLanguage\":\"de\"},{\"@type\":\"Organization\",\"@id\":\"https:\\\/\\\/denhelder.online\\\/#organization\",\"name\":\"Den Helder Online\",\"url\":\"https:\\\/\\\/denhelder.online\\\/\",\"logo\":{\"@type\":\"ImageObject\",\"inLanguage\":\"de\",\"@id\":\"https:\\\/\\\/denhelder.online\\\/#\\\/schema\\\/logo\\\/image\\\/\",\"url\":\"https:\\\/\\\/denhelder.online\\\/wp-content\\\/uploads\\\/2021\\\/12\\\/DitIsDH-Logo-26-tagline.svg\",\"contentUrl\":\"https:\\\/\\\/denhelder.online\\\/wp-content\\\/uploads\\\/2021\\\/12\\\/DitIsDH-Logo-26-tagline.svg\",\"width\":1717.0999999999999,\"height\":934.89999999999998,\"caption\":\"Den Helder Online\"},\"image\":{\"@id\":\"https:\\\/\\\/denhelder.online\\\/#\\\/schema\\\/logo\\\/image\\\/\"}}]}<\/script>\n<!-- \/ Yoast SEO Premium plugin. -->","yoast_head_json":{"title":"Datenschutzerkl\u00e4rung City Marketing Den Helder","description":"Informationen zur Datenverarbeitung, zu Cookies und Ihren Rechten. Lesen Sie die Datenschutzrichtlinie von Citymarketing Den Helder.","robots":{"index":"index","follow":"follow","max-snippet":"max-snippet:-1","max-image-preview":"max-image-preview:large","max-video-preview":"max-video-preview:-1"},"canonical":"https:\/\/denhelder.online\/de\/datenschutz\/","og_locale":"de_DE","og_type":"article","og_title":"Privacy","og_description":"Informatie over gegevensverwerking, cookies en jouw rechten. Bekijk het privacybeleid van Citymarketing Den Helder","og_url":"https:\/\/denhelder.online\/de\/datenschutz\/","og_site_name":"Den Helder Online","article_modified_time":"2026-01-19T09:43:49+00:00","og_image":[{"width":1024,"height":643,"url":"https:\/\/denhelder.online\/wp-content\/uploads\/2025\/06\/grand-hotel-beatrix-1.jpg","type":"image\/jpeg"}],"twitter_card":"summary_large_image","twitter_misc":{"Gesch\u00e4tzte Lesezeit":"5\u00a0Minuten"},"schema":{"@context":"https:\/\/schema.org","@graph":[{"@type":"WebPage","@id":"https:\/\/denhelder.online\/privacy\/","url":"https:\/\/denhelder.online\/privacy\/","name":"Datenschutzerkl\u00e4rung City Marketing Den Helder","isPartOf":{"@id":"https:\/\/denhelder.online\/#website"},"primaryImageOfPage":{"@id":"https:\/\/denhelder.online\/privacy\/#primaryimage"},"image":{"@id":"https:\/\/denhelder.online\/privacy\/#primaryimage"},"thumbnailUrl":"https:\/\/denhelder.online\/wp-content\/uploads\/2025\/06\/grand-hotel-beatrix-1.jpg","datePublished":"2025-07-04T13:01:40+00:00","dateModified":"2026-01-19T09:43:49+00:00","description":"Informationen zur Datenverarbeitung, zu Cookies und Ihren Rechten. Lesen Sie die Datenschutzrichtlinie von Citymarketing Den Helder.","breadcrumb":{"@id":"https:\/\/denhelder.online\/privacy\/#breadcrumb"},"inLanguage":"de","potentialAction":[{"@type":"ReadAction","target":["https:\/\/denhelder.online\/privacy\/"]}]},{"@type":"ImageObject","inLanguage":"de","@id":"https:\/\/denhelder.online\/privacy\/#primaryimage","url":"https:\/\/denhelder.online\/wp-content\/uploads\/2025\/06\/grand-hotel-beatrix-1.jpg","contentUrl":"https:\/\/denhelder.online\/wp-content\/uploads\/2025\/06\/grand-hotel-beatrix-1.jpg","width":1024,"height":643,"caption":"Grand Hotel Beatrix met Vuurtoren de Lange Jaap op de achtergrond"},{"@type":"BreadcrumbList","@id":"https:\/\/denhelder.online\/privacy\/#breadcrumb","itemListElement":[{"@type":"ListItem","position":1,"name":"Home","item":"https:\/\/denhelder.online\/"},{"@type":"ListItem","position":2,"name":"Privacy"}]},{"@type":"WebSite","@id":"https:\/\/denhelder.online\/#website","url":"https:\/\/denhelder.online\/","name":"Den Helder Online","description":"Erleben Sie Den Helder","publisher":{"@id":"https:\/\/denhelder.online\/#organization"},"potentialAction":[{"@type":"SearchAction","target":{"@type":"EntryPoint","urlTemplate":"https:\/\/denhelder.online\/?s={search_term_string}"},"query-input":{"@type":"PropertyValueSpecification","valueRequired":true,"valueName":"search_term_string"}}],"inLanguage":"de"},{"@type":"Organization","@id":"https:\/\/denhelder.online\/#organization","name":"Den Helder Online","url":"https:\/\/denhelder.online\/","logo":{"@type":"ImageObject","inLanguage":"de","@id":"https:\/\/denhelder.online\/#\/schema\/logo\/image\/","url":"https:\/\/denhelder.online\/wp-content\/uploads\/2021\/12\/DitIsDH-Logo-26-tagline.svg","contentUrl":"https:\/\/denhelder.online\/wp-content\/uploads\/2021\/12\/DitIsDH-Logo-26-tagline.svg","width":1717.0999999999999,"height":934.89999999999998,"caption":"Den Helder Online"},"image":{"@id":"https:\/\/denhelder.online\/#\/schema\/logo\/image\/"}}]}},"_links":{"self":[{"href":"https:\/\/denhelder.online\/de\/wp-json\/wp\/v2\/pages\/12606","targetHints":{"allow":["GET"]}}],"collection":[{"href":"https:\/\/denhelder.online\/de\/wp-json\/wp\/v2\/pages"}],"about":[{"href":"https:\/\/denhelder.online\/de\/wp-json\/wp\/v2\/types\/page"}],"author":[{"embeddable":true,"href":"https:\/\/denhelder.online\/de\/wp-json\/wp\/v2\/users\/11"}],"replies":[{"embeddable":true,"href":"https:\/\/denhelder.online\/de\/wp-json\/wp\/v2\/comments?post=12606"}],"version-history":[{"count":0,"href":"https:\/\/denhelder.online\/de\/wp-json\/wp\/v2\/pages\/12606\/revisions"}],"wp:featuredmedia":[{"embeddable":true,"href":"https:\/\/denhelder.online\/de\/wp-json\/wp\/v2\/media\/11727"}],"wp:attachment":[{"href":"https:\/\/denhelder.online\/de\/wp-json\/wp\/v2\/media?parent=12606"}],"wp:term":[{"taxonomy":"post_tag","embeddable":true,"href":"https:\/\/denhelder.online\/de\/wp-json\/wp\/v2\/tags?post=12606"},{"taxonomy":"doelgroep","embeddable":true,"href":"https:\/\/denhelder.online\/de\/wp-json\/wp\/v2\/doelgroep?post=12606"},{"taxonomy":"categorie","embeddable":true,"href":"https:\/\/denhelder.online\/de\/wp-json\/wp\/v2\/categorie?post=12606"}],"curies":[{"name":"wp","href":"https:\/\/api.w.org\/{rel}","templated":true}]}}