{"id":12612,"date":"2025-07-04T15:08:55","date_gmt":"2025-07-04T13:08:55","guid":{"rendered":"https:\/\/denhelder.online\/?page_id=12612"},"modified":"2026-01-16T14:46:37","modified_gmt":"2026-01-16T13:46:37","slug":"stiftung-fur-studiengebuhren","status":"publish","type":"page","link":"https:\/\/denhelder.online\/de\/leven-in-den-helder\/stichting-leergeld\/","title":{"rendered":"Leergeld Den Helder Stiftung"},"content":{"rendered":"<div data-elementor-type=\"wp-page\" data-elementor-id=\"12612\" class=\"elementor elementor-12612\" data-elementor-post-type=\"page\">\n\t\t\t\t<div class=\"elementor-element elementor-element-dad9005 e-flex e-con-boxed e-con e-parent\" data-id=\"dad9005\" data-element_type=\"container\" data-e-type=\"container\" data-settings=\"{&quot;jet_parallax_layout_list&quot;:[]}\">\n\t\t\t\t\t<div class=\"e-con-inner\">\n\t\t<div class=\"elementor-element elementor-element-752189e1 e-con-full e-flex e-con e-child\" data-id=\"752189e1\" data-element_type=\"container\" data-e-type=\"container\" data-settings=\"{&quot;jet_parallax_layout_list&quot;:[]}\">\n\t\t\t\t<div class=\"elementor-element elementor-element-53363973 elementor-widget elementor-widget-breadcrumbs\" data-id=\"53363973\" data-element_type=\"widget\" data-e-type=\"widget\" data-widget_type=\"breadcrumbs.default\">\n\t\t\t\t<div class=\"elementor-widget-container\">\n\t\t\t\t\t<p id=\"breadcrumbs\"><span><span><a href=\"https:\/\/denhelder.online\/de\/\">Heim<\/a><\/span><\/span><\/p>\t\t\t\t<\/div>\n\t\t\t\t<\/div>\n\t\t<div class=\"elementor-element elementor-element-46de4548 e-con-full e-flex e-con e-child\" data-id=\"46de4548\" data-element_type=\"container\" data-e-type=\"container\" data-settings=\"{&quot;jet_parallax_layout_list&quot;:[]}\">\n\t\t\t\t<div class=\"elementor-element elementor-element-24c2e19d elementor-widget elementor-widget-heading\" data-id=\"24c2e19d\" data-element_type=\"widget\" data-e-type=\"widget\" data-widget_type=\"heading.default\">\n\t\t\t\t<div class=\"elementor-widget-container\">\n\t\t\t\t\t<p class=\"elementor-heading-title elementor-size-default\">Folgen Sie uns in den sozialen Netzwerken:<\/p>\t\t\t\t<\/div>\n\t\t\t\t<\/div>\n\t\t\t\t<div class=\"elementor-element elementor-element-4dea2e0a elementor-icon-list--layout-inline elementor-align-end elementor-list-item-link-full_width elementor-widget elementor-widget-global elementor-global-1176 elementor-widget-icon-list\" data-id=\"4dea2e0a\" data-element_type=\"widget\" data-e-type=\"widget\" data-widget_type=\"icon-list.default\">\n\t\t\t\t<div class=\"elementor-widget-container\">\n\t\t\t\t\t\t\t<ul class=\"elementor-icon-list-items elementor-inline-items\">\n\t\t\t\t\t\t\t<li class=\"elementor-icon-list-item elementor-inline-item\">\n\t\t\t\t\t\t\t\t\t\t\t<a href=\"https:\/\/www.facebook.com\/ditisdenhelder\" target=\"_blank\">\n\n\t\t\t\t\t\t\t\t\t\t\t\t<span class=\"elementor-icon-list-icon\">\n\t\t\t\t\t\t\t<i aria-hidden=\"true\" class=\"fab fa-facebook\"><\/i>\t\t\t\t\t\t<\/span>\n\t\t\t\t\t\t\t\t\t\t<span class=\"elementor-icon-list-text\"><\/span>\n\t\t\t\t\t\t\t\t\t\t\t<\/a>\n\t\t\t\t\t\t\t\t\t<\/li>\n\t\t\t\t\t\t\t\t<li class=\"elementor-icon-list-item elementor-inline-item\">\n\t\t\t\t\t\t\t\t\t\t\t<a href=\"https:\/\/www.instagram.com\/ditisdenhelder\/\" target=\"_blank\">\n\n\t\t\t\t\t\t\t\t\t\t\t\t<span class=\"elementor-icon-list-icon\">\n\t\t\t\t\t\t\t<i aria-hidden=\"true\" class=\"fab fa-instagram\"><\/i>\t\t\t\t\t\t<\/span>\n\t\t\t\t\t\t\t\t\t\t<span class=\"elementor-icon-list-text\"><\/span>\n\t\t\t\t\t\t\t\t\t\t\t<\/a>\n\t\t\t\t\t\t\t\t\t<\/li>\n\t\t\t\t\t\t\t\t<li class=\"elementor-icon-list-item elementor-inline-item\">\n\t\t\t\t\t\t\t\t\t\t\t<a href=\"https:\/\/www.youtube.com\/channel\/UCxXdcocRQwb3lDwiYBp3llg\" target=\"_blank\">\n\n\t\t\t\t\t\t\t\t\t\t\t\t<span class=\"elementor-icon-list-icon\">\n\t\t\t\t\t\t\t<i aria-hidden=\"true\" class=\"fab fa-youtube\"><\/i>\t\t\t\t\t\t<\/span>\n\t\t\t\t\t\t\t\t\t\t<span class=\"elementor-icon-list-text\"><\/span>\n\t\t\t\t\t\t\t\t\t\t\t<\/a>\n\t\t\t\t\t\t\t\t\t<\/li>\n\t\t\t\t\t\t\t\t<li class=\"elementor-icon-list-item elementor-inline-item\">\n\t\t\t\t\t\t\t\t\t\t\t<a href=\"https:\/\/www.linkedin.com\/company\/citymarketing-den-helder\" target=\"_blank\">\n\n\t\t\t\t\t\t\t\t\t\t\t\t<span class=\"elementor-icon-list-icon\">\n\t\t\t\t\t\t\t<i aria-hidden=\"true\" class=\"fab fa-linkedin-in\"><\/i>\t\t\t\t\t\t<\/span>\n\t\t\t\t\t\t\t\t\t\t<span class=\"elementor-icon-list-text\"><\/span>\n\t\t\t\t\t\t\t\t\t\t\t<\/a>\n\t\t\t\t\t\t\t\t\t<\/li>\n\t\t\t\t\t\t<\/ul>\n\t\t\t\t\t\t<\/div>\n\t\t\t\t<\/div>\n\t\t\t\t<\/div>\n\t\t\t\t<\/div>\n\t\t\t\t\t<\/div>\n\t\t\t\t<\/div>\n\t\t<div class=\"elementor-element elementor-element-5c34da1c e-flex e-con-boxed e-con e-parent\" data-id=\"5c34da1c\" data-element_type=\"container\" data-e-type=\"container\" data-settings=\"{&quot;jet_parallax_layout_list&quot;:[]}\">\n\t\t\t\t\t<div class=\"e-con-inner\">\n\t\t<div class=\"elementor-element elementor-element-3b4ac2d8 e-con-full e-flex e-con e-child\" data-id=\"3b4ac2d8\" data-element_type=\"container\" data-e-type=\"container\" data-settings=\"{&quot;jet_parallax_layout_list&quot;:[]}\">\n\t\t\t\t<div class=\"elementor-element elementor-element-788bd80f elementor-widget__width-inherit elementor-widget elementor-widget-heading\" data-id=\"788bd80f\" data-element_type=\"widget\" data-e-type=\"widget\" data-widget_type=\"heading.default\">\n\t\t\t\t<div class=\"elementor-widget-container\">\n\t\t\t\t\t<h2 class=\"elementor-heading-title elementor-size-default\">Leergeld Den Helder Stiftung <\/h2>\t\t\t\t<\/div>\n\t\t\t\t<\/div>\n\t\t\t\t<div class=\"elementor-element elementor-element-7d866cfa elementor-widget elementor-widget-text-editor\" data-id=\"7d866cfa\" data-element_type=\"widget\" data-e-type=\"widget\" data-widget_type=\"text-editor.default\">\n\t\t\t\t<div class=\"elementor-widget-container\">\n\t\t\t\t\t\t\t\t\t<h3 data-start=\"260\" data-end=\"320\">Gemeinsam f\u00fcr eine sichere Zukunft f\u00fcr jedes Kind<\/h3><p data-start=\"321\" data-end=\"574\">In Den Helder w\u00e4chst jedes neunte Kind in Armut auf. Das bedeutet: kein Geld f\u00fcr Sport, Schulmaterialien oder eine Geburtstagsfeier. Die Stiftung Leergeld Den Helder bietet diesen Kindern eine Chance. Dank der Unterst\u00fctzung von Spendern k\u00f6nnen sie teilnehmen.<\/p><h3 data-start=\"576\" data-end=\"609\">Direkte Hilfe, in Ihrer N\u00e4he<\/h3><p data-start=\"610\" data-end=\"882\">Die Leergeld-Stiftung ist seit 25 Jahren in \u00fcber 170 Gemeinden aktiv. Jetzt auch in Den Helder. Dieses Jahr m\u00f6chten wir 50 bis 100 Kindern helfen. Keine leeren Versprechungen, sondern echte Unterst\u00fctzung, die Sie sofort sp\u00fcren werden. Denken Sie an einen Laptop f\u00fcr die Schule oder ein Fahrrad f\u00fcr sportliche Aktivit\u00e4ten.<\/p><h3 data-start=\"884\" data-end=\"919\">Ihre Unterst\u00fctzung macht den Unterschied<\/h3><p data-start=\"920\" data-end=\"1175\">Kennen Sie ein Kind, das Hilfe ben\u00f6tigt? Oder m\u00f6chten Sie als Einwohner von Den Helder etwas zur\u00fcckgeben? Registrieren Sie Ihr Kind oder werden Sie Spender. Alles l\u00e4uft sicher und zuverl\u00e4ssig \u00fcber die offizielle Website ab:<br data-start=\"1108\" data-end=\"1111\" \/>\ud83d\udc49 <a class=\"\" href=\"http:\/\/www.leergelddenhelder.nl\" target=\"_new\" rel=\"noopener\" data-start=\"1114\" data-end=\"1173\">www.leergelddenhelder.nl<\/a><\/p>\t\t\t\t\t\t\t\t<\/div>\n\t\t\t\t<\/div>\n\t\t\t\t<\/div>\n\t\t\t\t\t<\/div>\n\t\t\t\t<\/div>\n\t\t<div class=\"elementor-element elementor-element-b250016 e-flex e-con-boxed e-con e-parent\" data-id=\"b250016\" data-element_type=\"container\" data-e-type=\"container\" data-settings=\"{&quot;jet_parallax_layout_list&quot;:[]}\">\n\t\t\t\t\t<div class=\"e-con-inner\">\n\t\t\t\t<div class=\"elementor-element elementor-element-cf7e0f8 elementor-widget elementor-widget-image\" data-id=\"cf7e0f8\" data-element_type=\"widget\" data-e-type=\"widget\" data-widget_type=\"image.default\">\n\t\t\t\t<div class=\"elementor-widget-container\">\n\t\t\t\t\t\t\t\t\t\t\t\t\t\t\t<img fetchpriority=\"high\" decoding=\"async\" width=\"800\" height=\"533\" src=\"https:\/\/denhelder.online\/wp-content\/uploads\/2025\/07\/Stichting-Leergeld.jpg\" class=\"attachment-large size-large wp-image-12613\" alt=\"Logo der Stichting Leergeld\" srcset=\"https:\/\/denhelder.online\/wp-content\/uploads\/2025\/07\/Stichting-Leergeld.jpg 960w, https:\/\/denhelder.online\/wp-content\/uploads\/2025\/07\/Stichting-Leergeld-300x200.jpg 300w, https:\/\/denhelder.online\/wp-content\/uploads\/2025\/07\/Stichting-Leergeld-768x512.jpg 768w, https:\/\/denhelder.online\/wp-content\/uploads\/2025\/07\/Stichting-Leergeld-18x12.jpg 18w, https:\/\/denhelder.online\/wp-content\/uploads\/2025\/07\/Stichting-Leergeld-600x400.jpg 600w\" sizes=\"(max-width: 800px) 100vw, 800px\" \/>\t\t\t\t\t\t\t\t\t\t\t\t\t\t\t<\/div>\n\t\t\t\t<\/div>\n\t\t\t\t\t<\/div>\n\t\t\t\t<\/div>\n\t\t\t\t<\/div>","protected":false},"excerpt":{"rendered":"<p>Volg ons op social: \u00a0 \u00a0 \u00a0 \u00a0 Stichting Leergeld Den Helder Samen zorgen voor een veilige toekomst voor ieder kind In Den Helder groeit \u00e9\u00e9n op de negen kinderen op in armoede. Dat betekent: geen geld voor sport, schoolspullen of een verjaardagsfeestje. Stichting Leergeld Den Helder biedt juist deze kinderen een kans. Met steun [&hellip;]<\/p>\n","protected":false},"author":11,"featured_media":12613,"parent":371,"menu_order":0,"comment_status":"closed","ping_status":"closed","template":"elementor_header_footer","meta":{"footnotes":""},"tags":[],"doelgroep":[],"categorie":[],"class_list":["post-12612","page","type-page","status-publish","has-post-thumbnail","hentry"],"yoast_head":"<!-- This site is optimized with the Yoast SEO Premium plugin v24.7 (Yoast SEO v27.5) - https:\/\/yoast.com\/product\/yoast-seo-premium-wordpress\/ -->\n<title>Stichting Leergeld Den Helder helpt kinderen vooruit<\/title>\n<meta name=\"description\" content=\"Steun lokale kinderen in armoede. Meld aan of doneer via de offici\u00eble website van Stichting Leergeld Den Helder.\" \/>\n<meta name=\"robots\" content=\"index, follow, max-snippet:-1, max-image-preview:large, max-video-preview:-1\" \/>\n<link rel=\"canonical\" href=\"https:\/\/denhelder.online\/de\/leben-im-freien\/stiftung-fur-studiengebuhren\/\" \/>\n<meta property=\"og:locale\" content=\"de_DE\" \/>\n<meta property=\"og:type\" content=\"article\" \/>\n<meta property=\"og:title\" content=\"Stichting Leergeld Den Helder\" \/>\n<meta property=\"og:description\" content=\"Steun lokale kinderen in armoede. Meld aan of doneer via de offici\u00eble website van Stichting Leergeld Den Helder.\" \/>\n<meta property=\"og:url\" content=\"https:\/\/denhelder.online\/de\/leben-im-freien\/stiftung-fur-studiengebuhren\/\" \/>\n<meta property=\"og:site_name\" content=\"Den Helder Online\" \/>\n<meta property=\"article:modified_time\" content=\"2026-01-16T13:46:37+00:00\" \/>\n<meta property=\"og:image\" content=\"https:\/\/denhelder.online\/wp-content\/uploads\/2025\/07\/Stichting-Leergeld.jpg\" \/>\n\t<meta property=\"og:image:width\" content=\"960\" \/>\n\t<meta property=\"og:image:height\" content=\"640\" \/>\n\t<meta property=\"og:image:type\" content=\"image\/jpeg\" \/>\n<meta name=\"twitter:card\" content=\"summary_large_image\" \/>\n<meta name=\"twitter:label1\" content=\"Gesch\u00e4tzte Lesezeit\" \/>\n\t<meta name=\"twitter:data1\" content=\"2\u00a0Minuten\" \/>\n<script type=\"application\/ld+json\" class=\"yoast-schema-graph\">{\"@context\":\"https:\\\/\\\/schema.org\",\"@graph\":[{\"@type\":\"WebPage\",\"@id\":\"https:\\\/\\\/denhelder.online\\\/leven-in-den-helder\\\/stichting-leergeld\\\/\",\"url\":\"https:\\\/\\\/denhelder.online\\\/leven-in-den-helder\\\/stichting-leergeld\\\/\",\"name\":\"Stichting Leergeld Den Helder helpt kinderen vooruit\",\"isPartOf\":{\"@id\":\"https:\\\/\\\/denhelder.online\\\/#website\"},\"primaryImageOfPage\":{\"@id\":\"https:\\\/\\\/denhelder.online\\\/leven-in-den-helder\\\/stichting-leergeld\\\/#primaryimage\"},\"image\":{\"@id\":\"https:\\\/\\\/denhelder.online\\\/leven-in-den-helder\\\/stichting-leergeld\\\/#primaryimage\"},\"thumbnailUrl\":\"https:\\\/\\\/denhelder.online\\\/wp-content\\\/uploads\\\/2025\\\/07\\\/Stichting-Leergeld.jpg\",\"datePublished\":\"2025-07-04T13:08:55+00:00\",\"dateModified\":\"2026-01-16T13:46:37+00:00\",\"description\":\"Steun lokale kinderen in armoede. Meld aan of doneer via de offici\u00eble website van Stichting Leergeld Den Helder.\",\"breadcrumb\":{\"@id\":\"https:\\\/\\\/denhelder.online\\\/leven-in-den-helder\\\/stichting-leergeld\\\/#breadcrumb\"},\"inLanguage\":\"de\",\"potentialAction\":[{\"@type\":\"ReadAction\",\"target\":[\"https:\\\/\\\/denhelder.online\\\/leven-in-den-helder\\\/stichting-leergeld\\\/\"]}]},{\"@type\":\"ImageObject\",\"inLanguage\":\"de\",\"@id\":\"https:\\\/\\\/denhelder.online\\\/leven-in-den-helder\\\/stichting-leergeld\\\/#primaryimage\",\"url\":\"https:\\\/\\\/denhelder.online\\\/wp-content\\\/uploads\\\/2025\\\/07\\\/Stichting-Leergeld.jpg\",\"contentUrl\":\"https:\\\/\\\/denhelder.online\\\/wp-content\\\/uploads\\\/2025\\\/07\\\/Stichting-Leergeld.jpg\",\"width\":960,\"height\":640,\"caption\":\"Logo van Stichting Leergeld\"},{\"@type\":\"BreadcrumbList\",\"@id\":\"https:\\\/\\\/denhelder.online\\\/leven-in-den-helder\\\/stichting-leergeld\\\/#breadcrumb\",\"itemListElement\":[{\"@type\":\"ListItem\",\"position\":1,\"name\":\"Home\",\"item\":\"https:\\\/\\\/denhelder.online\\\/\"},{\"@type\":\"ListItem\",\"position\":2,\"name\":\"Leven in Den Helder\",\"item\":\"https:\\\/\\\/denhelder.online\\\/leven-in-den-helder\\\/\"},{\"@type\":\"ListItem\",\"position\":3,\"name\":\"Stichting Leergeld Den Helder\"}]},{\"@type\":\"WebSite\",\"@id\":\"https:\\\/\\\/denhelder.online\\\/#website\",\"url\":\"https:\\\/\\\/denhelder.online\\\/\",\"name\":\"Den Helder Online\",\"description\":\"Beleef Den Helder\",\"publisher\":{\"@id\":\"https:\\\/\\\/denhelder.online\\\/#organization\"},\"potentialAction\":[{\"@type\":\"SearchAction\",\"target\":{\"@type\":\"EntryPoint\",\"urlTemplate\":\"https:\\\/\\\/denhelder.online\\\/?s={search_term_string}\"},\"query-input\":{\"@type\":\"PropertyValueSpecification\",\"valueRequired\":true,\"valueName\":\"search_term_string\"}}],\"inLanguage\":\"de\"},{\"@type\":\"Organization\",\"@id\":\"https:\\\/\\\/denhelder.online\\\/#organization\",\"name\":\"Den Helder Online\",\"url\":\"https:\\\/\\\/denhelder.online\\\/\",\"logo\":{\"@type\":\"ImageObject\",\"inLanguage\":\"de\",\"@id\":\"https:\\\/\\\/denhelder.online\\\/#\\\/schema\\\/logo\\\/image\\\/\",\"url\":\"https:\\\/\\\/denhelder.online\\\/wp-content\\\/uploads\\\/2021\\\/12\\\/DitIsDH-Logo-26-tagline.svg\",\"contentUrl\":\"https:\\\/\\\/denhelder.online\\\/wp-content\\\/uploads\\\/2021\\\/12\\\/DitIsDH-Logo-26-tagline.svg\",\"width\":1717.0999999999999,\"height\":934.89999999999998,\"caption\":\"Den Helder Online\"},\"image\":{\"@id\":\"https:\\\/\\\/denhelder.online\\\/#\\\/schema\\\/logo\\\/image\\\/\"}}]}<\/script>\n<!-- \/ Yoast SEO Premium plugin. -->","yoast_head_json":{"title":"Stichting Leergeld Den Helder hilft Kindern, Fortschritte zu machen","description":"Unterst\u00fctzen Sie Kinder in Ihrer Region, die in Armut leben. Registrieren Sie sich oder spenden Sie \u00fcber die offizielle Website der Leergeld Den Helder Stiftung.","robots":{"index":"index","follow":"follow","max-snippet":"max-snippet:-1","max-image-preview":"max-image-preview:large","max-video-preview":"max-video-preview:-1"},"canonical":"https:\/\/denhelder.online\/de\/leben-im-freien\/stiftung-fur-studiengebuhren\/","og_locale":"de_DE","og_type":"article","og_title":"Stichting Leergeld Den Helder","og_description":"Steun lokale kinderen in armoede. Meld aan of doneer via de offici\u00eble website van Stichting Leergeld Den Helder.","og_url":"https:\/\/denhelder.online\/de\/leben-im-freien\/stiftung-fur-studiengebuhren\/","og_site_name":"Den Helder Online","article_modified_time":"2026-01-16T13:46:37+00:00","og_image":[{"width":960,"height":640,"url":"https:\/\/denhelder.online\/wp-content\/uploads\/2025\/07\/Stichting-Leergeld.jpg","type":"image\/jpeg"}],"twitter_card":"summary_large_image","twitter_misc":{"Gesch\u00e4tzte Lesezeit":"2\u00a0Minuten"},"schema":{"@context":"https:\/\/schema.org","@graph":[{"@type":"WebPage","@id":"https:\/\/denhelder.online\/leven-in-den-helder\/stichting-leergeld\/","url":"https:\/\/denhelder.online\/leven-in-den-helder\/stichting-leergeld\/","name":"Stichting Leergeld Den Helder hilft Kindern, Fortschritte zu machen","isPartOf":{"@id":"https:\/\/denhelder.online\/#website"},"primaryImageOfPage":{"@id":"https:\/\/denhelder.online\/leven-in-den-helder\/stichting-leergeld\/#primaryimage"},"image":{"@id":"https:\/\/denhelder.online\/leven-in-den-helder\/stichting-leergeld\/#primaryimage"},"thumbnailUrl":"https:\/\/denhelder.online\/wp-content\/uploads\/2025\/07\/Stichting-Leergeld.jpg","datePublished":"2025-07-04T13:08:55+00:00","dateModified":"2026-01-16T13:46:37+00:00","description":"Unterst\u00fctzen Sie Kinder in Ihrer Region, die in Armut leben. Registrieren Sie sich oder spenden Sie \u00fcber die offizielle Website der Leergeld Den Helder Stiftung.","breadcrumb":{"@id":"https:\/\/denhelder.online\/leven-in-den-helder\/stichting-leergeld\/#breadcrumb"},"inLanguage":"de","potentialAction":[{"@type":"ReadAction","target":["https:\/\/denhelder.online\/leven-in-den-helder\/stichting-leergeld\/"]}]},{"@type":"ImageObject","inLanguage":"de","@id":"https:\/\/denhelder.online\/leven-in-den-helder\/stichting-leergeld\/#primaryimage","url":"https:\/\/denhelder.online\/wp-content\/uploads\/2025\/07\/Stichting-Leergeld.jpg","contentUrl":"https:\/\/denhelder.online\/wp-content\/uploads\/2025\/07\/Stichting-Leergeld.jpg","width":960,"height":640,"caption":"Logo van Stichting Leergeld"},{"@type":"BreadcrumbList","@id":"https:\/\/denhelder.online\/leven-in-den-helder\/stichting-leergeld\/#breadcrumb","itemListElement":[{"@type":"ListItem","position":1,"name":"Home","item":"https:\/\/denhelder.online\/"},{"@type":"ListItem","position":2,"name":"Leven in Den Helder","item":"https:\/\/denhelder.online\/leven-in-den-helder\/"},{"@type":"ListItem","position":3,"name":"Stichting Leergeld Den Helder"}]},{"@type":"WebSite","@id":"https:\/\/denhelder.online\/#website","url":"https:\/\/denhelder.online\/","name":"Den Helder Online","description":"Erleben Sie Den Helder","publisher":{"@id":"https:\/\/denhelder.online\/#organization"},"potentialAction":[{"@type":"SearchAction","target":{"@type":"EntryPoint","urlTemplate":"https:\/\/denhelder.online\/?s={search_term_string}"},"query-input":{"@type":"PropertyValueSpecification","valueRequired":true,"valueName":"search_term_string"}}],"inLanguage":"de"},{"@type":"Organization","@id":"https:\/\/denhelder.online\/#organization","name":"Den Helder Online","url":"https:\/\/denhelder.online\/","logo":{"@type":"ImageObject","inLanguage":"de","@id":"https:\/\/denhelder.online\/#\/schema\/logo\/image\/","url":"https:\/\/denhelder.online\/wp-content\/uploads\/2021\/12\/DitIsDH-Logo-26-tagline.svg","contentUrl":"https:\/\/denhelder.online\/wp-content\/uploads\/2021\/12\/DitIsDH-Logo-26-tagline.svg","width":1717.0999999999999,"height":934.89999999999998,"caption":"Den Helder Online"},"image":{"@id":"https:\/\/denhelder.online\/#\/schema\/logo\/image\/"}}]}},"_links":{"self":[{"href":"https:\/\/denhelder.online\/de\/wp-json\/wp\/v2\/pages\/12612","targetHints":{"allow":["GET"]}}],"collection":[{"href":"https:\/\/denhelder.online\/de\/wp-json\/wp\/v2\/pages"}],"about":[{"href":"https:\/\/denhelder.online\/de\/wp-json\/wp\/v2\/types\/page"}],"author":[{"embeddable":true,"href":"https:\/\/denhelder.online\/de\/wp-json\/wp\/v2\/users\/11"}],"replies":[{"embeddable":true,"href":"https:\/\/denhelder.online\/de\/wp-json\/wp\/v2\/comments?post=12612"}],"version-history":[{"count":0,"href":"https:\/\/denhelder.online\/de\/wp-json\/wp\/v2\/pages\/12612\/revisions"}],"up":[{"embeddable":true,"href":"https:\/\/denhelder.online\/de\/wp-json\/wp\/v2\/pages\/371"}],"wp:featuredmedia":[{"embeddable":true,"href":"https:\/\/denhelder.online\/de\/wp-json\/wp\/v2\/media\/12613"}],"wp:attachment":[{"href":"https:\/\/denhelder.online\/de\/wp-json\/wp\/v2\/media?parent=12612"}],"wp:term":[{"taxonomy":"post_tag","embeddable":true,"href":"https:\/\/denhelder.online\/de\/wp-json\/wp\/v2\/tags?post=12612"},{"taxonomy":"doelgroep","embeddable":true,"href":"https:\/\/denhelder.online\/de\/wp-json\/wp\/v2\/doelgroep?post=12612"},{"taxonomy":"categorie","embeddable":true,"href":"https:\/\/denhelder.online\/de\/wp-json\/wp\/v2\/categorie?post=12612"}],"curies":[{"name":"wp","href":"https:\/\/api.w.org\/{rel}","templated":true}]}}