{"id":1557,"date":"2025-01-16T15:40:39","date_gmt":"2025-01-16T14:40:39","guid":{"rendered":"https:\/\/denhelder.online\/?page_id=1557"},"modified":"2026-01-19T15:44:34","modified_gmt":"2026-01-19T14:44:34","slug":"flughafen-den-helder","status":"publish","type":"page","link":"https:\/\/denhelder.online\/de\/leven-in-den-helder\/den-helder-airport\/","title":{"rendered":"Flughafen Den Helder"},"content":{"rendered":"<div data-elementor-type=\"wp-page\" data-elementor-id=\"1557\" class=\"elementor elementor-1557\" data-elementor-post-type=\"page\">\n\t\t\t\t<div class=\"elementor-element elementor-element-7a7b3b48 e-flex e-con-boxed e-con e-parent\" data-id=\"7a7b3b48\" data-element_type=\"container\" data-e-type=\"container\" data-settings=\"{&quot;jet_parallax_layout_list&quot;:[]}\">\n\t\t\t\t\t<div class=\"e-con-inner\">\n\t\t<div class=\"elementor-element elementor-element-f3d6c2 e-con-full e-flex e-con e-child\" data-id=\"f3d6c2\" data-element_type=\"container\" data-e-type=\"container\" data-settings=\"{&quot;jet_parallax_layout_list&quot;:[]}\">\n\t\t\t\t<div class=\"elementor-element elementor-element-7513f1d elementor-widget elementor-widget-breadcrumbs\" data-id=\"7513f1d\" data-element_type=\"widget\" data-e-type=\"widget\" data-widget_type=\"breadcrumbs.default\">\n\t\t\t\t<div class=\"elementor-widget-container\">\n\t\t\t\t\t<p id=\"breadcrumbs\"><span><span><a href=\"https:\/\/denhelder.online\/de\/\">Heim<\/a><\/span><\/span><\/p>\t\t\t\t<\/div>\n\t\t\t\t<\/div>\n\t\t<div class=\"elementor-element elementor-element-3955bf6a e-con-full e-flex e-con e-child\" data-id=\"3955bf6a\" data-element_type=\"container\" data-e-type=\"container\" data-settings=\"{&quot;jet_parallax_layout_list&quot;:[]}\">\n\t\t\t\t<div class=\"elementor-element elementor-element-131b9425 elementor-widget elementor-widget-heading\" data-id=\"131b9425\" data-element_type=\"widget\" data-e-type=\"widget\" data-widget_type=\"heading.default\">\n\t\t\t\t<div class=\"elementor-widget-container\">\n\t\t\t\t\t<p class=\"elementor-heading-title elementor-size-default\">Folgen Sie uns in den sozialen Netzwerken:<\/p>\t\t\t\t<\/div>\n\t\t\t\t<\/div>\n\t\t\t\t<div class=\"elementor-element elementor-element-7bcf4ceb elementor-icon-list--layout-inline elementor-align-end elementor-list-item-link-full_width elementor-widget elementor-widget-global elementor-global-1176 elementor-widget-icon-list\" data-id=\"7bcf4ceb\" data-element_type=\"widget\" data-e-type=\"widget\" data-widget_type=\"icon-list.default\">\n\t\t\t\t<div class=\"elementor-widget-container\">\n\t\t\t\t\t\t\t<ul class=\"elementor-icon-list-items elementor-inline-items\">\n\t\t\t\t\t\t\t<li class=\"elementor-icon-list-item elementor-inline-item\">\n\t\t\t\t\t\t\t\t\t\t\t<a href=\"https:\/\/www.facebook.com\/ditisdenhelder\" target=\"_blank\">\n\n\t\t\t\t\t\t\t\t\t\t\t\t<span class=\"elementor-icon-list-icon\">\n\t\t\t\t\t\t\t<i aria-hidden=\"true\" class=\"fab fa-facebook\"><\/i>\t\t\t\t\t\t<\/span>\n\t\t\t\t\t\t\t\t\t\t<span class=\"elementor-icon-list-text\"><\/span>\n\t\t\t\t\t\t\t\t\t\t\t<\/a>\n\t\t\t\t\t\t\t\t\t<\/li>\n\t\t\t\t\t\t\t\t<li class=\"elementor-icon-list-item elementor-inline-item\">\n\t\t\t\t\t\t\t\t\t\t\t<a href=\"https:\/\/www.instagram.com\/ditisdenhelder\/\" target=\"_blank\">\n\n\t\t\t\t\t\t\t\t\t\t\t\t<span class=\"elementor-icon-list-icon\">\n\t\t\t\t\t\t\t<i aria-hidden=\"true\" class=\"fab fa-instagram\"><\/i>\t\t\t\t\t\t<\/span>\n\t\t\t\t\t\t\t\t\t\t<span class=\"elementor-icon-list-text\"><\/span>\n\t\t\t\t\t\t\t\t\t\t\t<\/a>\n\t\t\t\t\t\t\t\t\t<\/li>\n\t\t\t\t\t\t\t\t<li class=\"elementor-icon-list-item elementor-inline-item\">\n\t\t\t\t\t\t\t\t\t\t\t<a href=\"https:\/\/www.youtube.com\/channel\/UCxXdcocRQwb3lDwiYBp3llg\" target=\"_blank\">\n\n\t\t\t\t\t\t\t\t\t\t\t\t<span class=\"elementor-icon-list-icon\">\n\t\t\t\t\t\t\t<i aria-hidden=\"true\" class=\"fab fa-youtube\"><\/i>\t\t\t\t\t\t<\/span>\n\t\t\t\t\t\t\t\t\t\t<span class=\"elementor-icon-list-text\"><\/span>\n\t\t\t\t\t\t\t\t\t\t\t<\/a>\n\t\t\t\t\t\t\t\t\t<\/li>\n\t\t\t\t\t\t\t\t<li class=\"elementor-icon-list-item elementor-inline-item\">\n\t\t\t\t\t\t\t\t\t\t\t<a href=\"https:\/\/www.linkedin.com\/company\/citymarketing-den-helder\" target=\"_blank\">\n\n\t\t\t\t\t\t\t\t\t\t\t\t<span class=\"elementor-icon-list-icon\">\n\t\t\t\t\t\t\t<i aria-hidden=\"true\" class=\"fab fa-linkedin-in\"><\/i>\t\t\t\t\t\t<\/span>\n\t\t\t\t\t\t\t\t\t\t<span class=\"elementor-icon-list-text\"><\/span>\n\t\t\t\t\t\t\t\t\t\t\t<\/a>\n\t\t\t\t\t\t\t\t\t<\/li>\n\t\t\t\t\t\t<\/ul>\n\t\t\t\t\t\t<\/div>\n\t\t\t\t<\/div>\n\t\t\t\t<\/div>\n\t\t\t\t<\/div>\n\t\t\t\t\t<\/div>\n\t\t\t\t<\/div>\n\t\t<div class=\"elementor-element elementor-element-5fd1ca44 e-flex e-con-boxed e-con e-parent\" data-id=\"5fd1ca44\" data-element_type=\"container\" data-e-type=\"container\" data-settings=\"{&quot;jet_parallax_layout_list&quot;:[]}\">\n\t\t\t\t\t<div class=\"e-con-inner\">\n\t\t<div class=\"elementor-element elementor-element-775b7d7d e-con-full e-flex e-con e-child\" data-id=\"775b7d7d\" data-element_type=\"container\" data-e-type=\"container\" data-settings=\"{&quot;jet_parallax_layout_list&quot;:[]}\">\n\t\t\t\t<div class=\"elementor-element elementor-element-54079944 elementor-widget__width-inherit elementor-widget elementor-widget-heading\" data-id=\"54079944\" data-element_type=\"widget\" data-e-type=\"widget\" data-widget_type=\"heading.default\">\n\t\t\t\t<div class=\"elementor-widget-container\">\n\t\t\t\t\t<span class=\"elementor-heading-title elementor-size-default\">Wirtschaftlicher Motor mit pers\u00f6nlichem Service<\/span>\t\t\t\t<\/div>\n\t\t\t\t<\/div>\n\t\t\t\t<div class=\"elementor-element elementor-element-1295d3a1 elementor-widget__width-inherit elementor-widget elementor-widget-heading\" data-id=\"1295d3a1\" data-element_type=\"widget\" data-e-type=\"widget\" data-widget_type=\"heading.default\">\n\t\t\t\t<div class=\"elementor-widget-container\">\n\t\t\t\t\t<h2 class=\"elementor-heading-title elementor-size-default\">Flughafen Den Helder<\/h2>\t\t\t\t<\/div>\n\t\t\t\t<\/div>\n\t\t\t\t<div class=\"elementor-element elementor-element-da2eb50 elementor-widget elementor-widget-text-editor\" data-id=\"da2eb50\" data-element_type=\"widget\" data-e-type=\"widget\" data-widget_type=\"text-editor.default\">\n\t\t\t\t<div class=\"elementor-widget-container\">\n\t\t\t\t\t\t\t\t\t<p>Mit 450 Arbeitspl\u00e4tzen in 30 Unternehmen ist der Flughafen Den Helder ein wirtschaftliches Zentrum der Region. Er ist im Grunde eine Miniaturausgabe von Schiphol. Alles ist vorhanden: Zoll, Milit\u00e4rpolizei, R\u00f6ntgenscanner und Passkontrolle. Doch der Flughafen bietet noch etwas Besonderes: Jeder Hubschrauberpassagier erh\u00e4lt einen \u00dcberlebensanzug und eine Rettungsweste f\u00fcr sichere Fl\u00fcge zu Offshore-Plattformen.\u00a0<\/p>\t\t\t\t\t\t\t\t<\/div>\n\t\t\t\t<\/div>\n\t\t\t\t<\/div>\n\t\t\t\t\t<\/div>\n\t\t\t\t<\/div>\n\t\t<div class=\"elementor-element elementor-element-672f48fb e-flex e-con-boxed e-con e-parent\" data-id=\"672f48fb\" data-element_type=\"container\" data-e-type=\"container\" data-settings=\"{&quot;jet_parallax_layout_list&quot;:[]}\">\n\t\t\t\t\t<div class=\"e-con-inner\">\n\t\t<div class=\"elementor-element elementor-element-25f5b853 e-con-full e-flex e-con e-child\" data-id=\"25f5b853\" data-element_type=\"container\" data-e-type=\"container\" data-settings=\"{&quot;jet_parallax_layout_list&quot;:[]}\">\n\t\t\t\t<div class=\"elementor-element elementor-element-63aec30f elementor-widget__width-inherit elementor-widget elementor-widget-heading\" data-id=\"63aec30f\" data-element_type=\"widget\" data-e-type=\"widget\" data-widget_type=\"heading.default\">\n\t\t\t\t<div class=\"elementor-widget-container\">\n\t\t\t\t\t<span class=\"elementor-heading-title elementor-size-default\">Milit\u00e4r und Zivilbev\u00f6lkerung<\/span>\t\t\t\t<\/div>\n\t\t\t\t<\/div>\n\t\t\t\t<div class=\"elementor-element elementor-element-54ae3456 elementor-widget__width-inherit elementor-widget elementor-widget-heading\" data-id=\"54ae3456\" data-element_type=\"widget\" data-e-type=\"widget\" data-widget_type=\"heading.default\">\n\t\t\t\t<div class=\"elementor-widget-container\">\n\t\t\t\t\t<h2 class=\"elementor-heading-title elementor-size-default\">Zwei Teile, ein Flughafen<\/h2>\t\t\t\t<\/div>\n\t\t\t\t<\/div>\n\t\t\t\t<div class=\"elementor-element elementor-element-45851012 elementor-widget elementor-widget-text-editor\" data-id=\"45851012\" data-element_type=\"widget\" data-e-type=\"widget\" data-widget_type=\"text-editor.default\">\n\t\t\t\t<div class=\"elementor-widget-container\">\n\t\t\t\t\t\t\t\t\t<p>Der Flughafen, oft einfach \u2018De Kooy\u2019 genannt, besteht aus zwei Teilen. Der milit\u00e4rische Teil, der Marinest\u00fctzpunkt \u2018De Kooy\u2019, wird von der K\u00f6niglich Niederl\u00e4ndischen Luftwaffe genutzt. Der zivile Teil, der Flughafen Den Helder, bedient die Offshore-Industrie mit f\u00fcnf Hubschrauberbetreibern und Fl\u00fcgen zu \u00d6l- und Gasplattformen in der Nordsee. Dadurch entstehen zahlreiche Arbeitspl\u00e4tze in der Region.<\/p>\t\t\t\t\t\t\t\t<\/div>\n\t\t\t\t<\/div>\n\t\t\t\t<\/div>\n\t\t<div class=\"elementor-element elementor-element-18366d16 e-con-full e-flex e-con e-child\" data-id=\"18366d16\" data-element_type=\"container\" data-e-type=\"container\" data-settings=\"{&quot;jet_parallax_layout_list&quot;:[]}\">\n\t\t\t\t<div class=\"elementor-element elementor-element-79335b3f elementor-widget elementor-widget-image\" data-id=\"79335b3f\" data-element_type=\"widget\" data-e-type=\"widget\" data-widget_type=\"image.default\">\n\t\t\t\t<div class=\"elementor-widget-container\">\n\t\t\t\t\t\t\t\t\t\t\t\t\t\t\t<img fetchpriority=\"high\" decoding=\"async\" width=\"768\" height=\"576\" src=\"https:\/\/denhelder.online\/wp-content\/uploads\/2025\/01\/Luchthaven-Den-Helder-Airport.jpg\" class=\"attachment-large size-large wp-image-1562\" alt=\"Flughafen Den Helder\" srcset=\"https:\/\/denhelder.online\/wp-content\/uploads\/2025\/01\/Luchthaven-Den-Helder-Airport.jpg 768w, https:\/\/denhelder.online\/wp-content\/uploads\/2025\/01\/Luchthaven-Den-Helder-Airport-300x225.jpg 300w, https:\/\/denhelder.online\/wp-content\/uploads\/2025\/01\/Luchthaven-Den-Helder-Airport-600x450.jpg 600w\" sizes=\"(max-width: 768px) 100vw, 768px\" \/>\t\t\t\t\t\t\t\t\t\t\t\t\t\t\t<\/div>\n\t\t\t\t<\/div>\n\t\t\t\t<\/div>\n\t\t\t\t\t<\/div>\n\t\t\t\t<\/div>\n\t\t<div class=\"elementor-element elementor-element-5f814c38 e-flex e-con-boxed e-con e-parent\" data-id=\"5f814c38\" data-element_type=\"container\" data-e-type=\"container\" data-settings=\"{&quot;jet_parallax_layout_list&quot;:[]}\">\n\t\t\t\t\t<div class=\"e-con-inner\">\n\t\t<div class=\"elementor-element elementor-element-1b684aa0 e-con-full e-flex e-con e-child\" data-id=\"1b684aa0\" data-element_type=\"container\" data-e-type=\"container\" data-settings=\"{&quot;background_background&quot;:&quot;classic&quot;,&quot;jet_parallax_layout_list&quot;:[]}\">\n\t\t\t\t<div class=\"elementor-element elementor-element-3dbfa717 elementor-widget__width-inherit elementor-widget elementor-widget-heading\" data-id=\"3dbfa717\" data-element_type=\"widget\" data-e-type=\"widget\" data-widget_type=\"heading.default\">\n\t\t\t\t<div class=\"elementor-widget-container\">\n\t\t\t\t\t<h4 class=\"elementor-heading-title elementor-size-default\">\"Es ist im Grunde Schiphol, nur in kleinerem Ma\u00dfstab.\" <br> Conny van den Hoff, Direktorin des Flughafens Den Helder<\/h4>\t\t\t\t<\/div>\n\t\t\t\t<\/div>\n\t\t\t\t<\/div>\n\t\t\t\t\t<\/div>\n\t\t\t\t<\/div>\n\t\t<div class=\"elementor-element elementor-element-743249e4 e-flex e-con-boxed e-con e-parent\" data-id=\"743249e4\" data-element_type=\"container\" data-e-type=\"container\" data-settings=\"{&quot;jet_parallax_layout_list&quot;:[]}\">\n\t\t\t\t\t<div class=\"e-con-inner\">\n\t\t<div class=\"elementor-element elementor-element-77b571b8 e-flex e-con-boxed e-con e-child\" data-id=\"77b571b8\" data-element_type=\"container\" data-e-type=\"container\" data-settings=\"{&quot;background_background&quot;:&quot;classic&quot;,&quot;jet_parallax_layout_list&quot;:[]}\">\n\t\t\t\t\t<div class=\"e-con-inner\">\n\t\t<div class=\"elementor-element elementor-element-7499356b e-con-full e-flex e-con e-child\" data-id=\"7499356b\" data-element_type=\"container\" data-e-type=\"container\" data-settings=\"{&quot;jet_parallax_layout_list&quot;:[]}\">\n\t\t\t\t<div class=\"elementor-element elementor-element-594e0829 elementor-widget elementor-widget-image\" data-id=\"594e0829\" data-element_type=\"widget\" data-e-type=\"widget\" data-widget_type=\"image.default\">\n\t\t\t\t<div class=\"elementor-widget-container\">\n\t\t\t\t\t\t\t\t\t\t\t\t\t\t\t<img decoding=\"async\" width=\"800\" height=\"534\" src=\"https:\/\/denhelder.online\/wp-content\/uploads\/2025\/01\/DM_18000-1-1024x683.jpg\" class=\"attachment-large size-large wp-image-1560\" alt=\"Passagiere Den Helder Flughafen\" srcset=\"https:\/\/denhelder.online\/wp-content\/uploads\/2025\/01\/DM_18000-1-1024x683.jpg 1024w, https:\/\/denhelder.online\/wp-content\/uploads\/2025\/01\/DM_18000-1-300x200.jpg 300w, https:\/\/denhelder.online\/wp-content\/uploads\/2025\/01\/DM_18000-1-768x512.jpg 768w, https:\/\/denhelder.online\/wp-content\/uploads\/2025\/01\/DM_18000-1-1536x1024.jpg 1536w, https:\/\/denhelder.online\/wp-content\/uploads\/2025\/01\/DM_18000-1-600x400.jpg 600w, https:\/\/denhelder.online\/wp-content\/uploads\/2025\/01\/DM_18000-1.jpg 1680w\" sizes=\"(max-width: 800px) 100vw, 800px\" \/>\t\t\t\t\t\t\t\t\t\t\t\t\t\t\t<\/div>\n\t\t\t\t<\/div>\n\t\t\t\t<\/div>\n\t\t<div class=\"elementor-element elementor-element-10065009 e-con-full e-flex e-con e-child\" data-id=\"10065009\" data-element_type=\"container\" data-e-type=\"container\" data-settings=\"{&quot;jet_parallax_layout_list&quot;:[]}\">\n\t\t\t\t<div class=\"elementor-element elementor-element-4b7bcc70 elementor-widget__width-inherit elementor-widget elementor-widget-heading\" data-id=\"4b7bcc70\" data-element_type=\"widget\" data-e-type=\"widget\" data-widget_type=\"heading.default\">\n\t\t\t\t<div class=\"elementor-widget-container\">\n\t\t\t\t\t<span class=\"elementor-heading-title elementor-size-default\">Zukunftsorientierte Arbeit<\/span>\t\t\t\t<\/div>\n\t\t\t\t<\/div>\n\t\t\t\t<div class=\"elementor-element elementor-element-5d68ba9 elementor-widget__width-inherit elementor-widget elementor-widget-heading\" data-id=\"5d68ba9\" data-element_type=\"widget\" data-e-type=\"widget\" data-widget_type=\"heading.default\">\n\t\t\t\t<div class=\"elementor-widget-container\">\n\t\t\t\t\t<h2 class=\"elementor-heading-title elementor-size-default\">Offshore-Fl\u00fcge seit 55 Jahren<\/h2>\t\t\t\t<\/div>\n\t\t\t\t<\/div>\n\t\t\t\t<div class=\"elementor-element elementor-element-6ea90233 elementor-widget elementor-widget-text-editor\" data-id=\"6ea90233\" data-element_type=\"widget\" data-e-type=\"widget\" data-widget_type=\"text-editor.default\">\n\t\t\t\t<div class=\"elementor-widget-container\">\n\t\t\t\t\t\t\t\t\t<p>Der Flughafen Den Helder verf\u00fcgt \u00fcber mehr als 55 Jahre Erfahrung mit Offshore-Fl\u00fcgen und erf\u00fcllt strengste Sicherheitsanforderungen zum Schutz kritischer Infrastrukturen. Mit j\u00e4hrlich 75.000 Passagieren auf rund 13.000 Fl\u00fcgen erfreuen sich auch Fl\u00fcge zu Windparks zunehmender Beliebtheit. Geplante Innovationen wie der Einsatz gro\u00dfer Drohnen machen den Flughafen zukunftssicher.<\/p>\t\t\t\t\t\t\t\t<\/div>\n\t\t\t\t<\/div>\n\t\t\t\t<\/div>\n\t\t\t\t\t<\/div>\n\t\t\t\t<\/div>\n\t\t\t\t\t<\/div>\n\t\t\t\t<\/div>\n\t\t\t\t<\/div>","protected":false},"excerpt":{"rendered":"<p>Volg ons op social: \u00a0 \u00a0 \u00a0 \u00a0 Economische motor met persoonlijke service Den Helder Airport Met 450 banen verspreid over 30 bedrijven is Den Helder Airport een economische spil voor de regio. Eigenlijk is het Schiphol in het klein. Alles is hier aanwezig: douane, marechaussee, X-rayscans, en paspoortcontroles. Toch biedt de luchthaven iets extra\u2019s: [&hellip;]<\/p>\n","protected":false},"author":9,"featured_media":1562,"parent":371,"menu_order":0,"comment_status":"closed","ping_status":"closed","template":"elementor_header_footer","meta":{"footnotes":""},"tags":[],"doelgroep":[6027,6028],"categorie":[],"class_list":["post-1557","page","type-page","status-publish","has-post-thumbnail","hentry","doelgroep-inwoner","doelgroep-inwoner-regio"],"yoast_head":"<!-- This site is optimized with the Yoast SEO Premium plugin v24.7 (Yoast SEO v27.5) - https:\/\/yoast.com\/product\/yoast-seo-premium-wordpress\/ -->\n<title>Den Helder Airport in vogelvlucht<\/title>\n<meta name=\"description\" content=\"Ontdek de veelzijdigheid van Den Helder Airport: offshore-specialist en innovatieleider.\" \/>\n<meta name=\"robots\" content=\"index, follow, max-snippet:-1, max-image-preview:large, max-video-preview:-1\" \/>\n<link rel=\"canonical\" href=\"https:\/\/denhelder.online\/de\/leben-im-freien\/flughafen-den-helder\/\" \/>\n<meta property=\"og:locale\" content=\"de_DE\" \/>\n<meta property=\"og:type\" content=\"article\" \/>\n<meta property=\"og:title\" content=\"Den Helder Airport\" \/>\n<meta property=\"og:description\" content=\"Ontdek de veelzijdigheid van Den Helder Airport: offshore-specialist en innovatieleider.\" \/>\n<meta property=\"og:url\" content=\"https:\/\/denhelder.online\/de\/leben-im-freien\/flughafen-den-helder\/\" \/>\n<meta property=\"og:site_name\" content=\"Den Helder Online\" \/>\n<meta property=\"article:modified_time\" content=\"2026-01-19T14:44:34+00:00\" \/>\n<meta property=\"og:image\" content=\"https:\/\/denhelder.online\/wp-content\/uploads\/2025\/01\/Luchthaven-Den-Helder-Airport.jpg\" \/>\n\t<meta property=\"og:image:width\" content=\"768\" \/>\n\t<meta property=\"og:image:height\" content=\"576\" \/>\n\t<meta property=\"og:image:type\" content=\"image\/jpeg\" \/>\n<meta name=\"twitter:card\" content=\"summary_large_image\" \/>\n<meta name=\"twitter:label1\" content=\"Gesch\u00e4tzte Lesezeit\" \/>\n\t<meta name=\"twitter:data1\" content=\"2\u00a0Minuten\" \/>\n<script type=\"application\/ld+json\" class=\"yoast-schema-graph\">{\"@context\":\"https:\\\/\\\/schema.org\",\"@graph\":[{\"@type\":\"WebPage\",\"@id\":\"https:\\\/\\\/denhelder.online\\\/leven-in-den-helder\\\/den-helder-airport\\\/\",\"url\":\"https:\\\/\\\/denhelder.online\\\/leven-in-den-helder\\\/den-helder-airport\\\/\",\"name\":\"Den Helder Airport in vogelvlucht\",\"isPartOf\":{\"@id\":\"https:\\\/\\\/denhelder.online\\\/#website\"},\"primaryImageOfPage\":{\"@id\":\"https:\\\/\\\/denhelder.online\\\/leven-in-den-helder\\\/den-helder-airport\\\/#primaryimage\"},\"image\":{\"@id\":\"https:\\\/\\\/denhelder.online\\\/leven-in-den-helder\\\/den-helder-airport\\\/#primaryimage\"},\"thumbnailUrl\":\"https:\\\/\\\/denhelder.online\\\/wp-content\\\/uploads\\\/2025\\\/01\\\/Luchthaven-Den-Helder-Airport.jpg\",\"datePublished\":\"2025-01-16T14:40:39+00:00\",\"dateModified\":\"2026-01-19T14:44:34+00:00\",\"description\":\"Ontdek de veelzijdigheid van Den Helder Airport: offshore-specialist en innovatieleider.\",\"breadcrumb\":{\"@id\":\"https:\\\/\\\/denhelder.online\\\/leven-in-den-helder\\\/den-helder-airport\\\/#breadcrumb\"},\"inLanguage\":\"de\",\"potentialAction\":[{\"@type\":\"ReadAction\",\"target\":[\"https:\\\/\\\/denhelder.online\\\/leven-in-den-helder\\\/den-helder-airport\\\/\"]}]},{\"@type\":\"ImageObject\",\"inLanguage\":\"de\",\"@id\":\"https:\\\/\\\/denhelder.online\\\/leven-in-den-helder\\\/den-helder-airport\\\/#primaryimage\",\"url\":\"https:\\\/\\\/denhelder.online\\\/wp-content\\\/uploads\\\/2025\\\/01\\\/Luchthaven-Den-Helder-Airport.jpg\",\"contentUrl\":\"https:\\\/\\\/denhelder.online\\\/wp-content\\\/uploads\\\/2025\\\/01\\\/Luchthaven-Den-Helder-Airport.jpg\",\"width\":768,\"height\":576,\"caption\":\"Luchthaven Den Helder Airport\"},{\"@type\":\"BreadcrumbList\",\"@id\":\"https:\\\/\\\/denhelder.online\\\/leven-in-den-helder\\\/den-helder-airport\\\/#breadcrumb\",\"itemListElement\":[{\"@type\":\"ListItem\",\"position\":1,\"name\":\"Home\",\"item\":\"https:\\\/\\\/denhelder.online\\\/\"},{\"@type\":\"ListItem\",\"position\":2,\"name\":\"Leven in Den Helder\",\"item\":\"https:\\\/\\\/denhelder.online\\\/leven-in-den-helder\\\/\"},{\"@type\":\"ListItem\",\"position\":3,\"name\":\"Den Helder Airport\"}]},{\"@type\":\"WebSite\",\"@id\":\"https:\\\/\\\/denhelder.online\\\/#website\",\"url\":\"https:\\\/\\\/denhelder.online\\\/\",\"name\":\"Den Helder Online\",\"description\":\"Beleef Den Helder\",\"publisher\":{\"@id\":\"https:\\\/\\\/denhelder.online\\\/#organization\"},\"potentialAction\":[{\"@type\":\"SearchAction\",\"target\":{\"@type\":\"EntryPoint\",\"urlTemplate\":\"https:\\\/\\\/denhelder.online\\\/?s={search_term_string}\"},\"query-input\":{\"@type\":\"PropertyValueSpecification\",\"valueRequired\":true,\"valueName\":\"search_term_string\"}}],\"inLanguage\":\"de\"},{\"@type\":\"Organization\",\"@id\":\"https:\\\/\\\/denhelder.online\\\/#organization\",\"name\":\"Den Helder Online\",\"url\":\"https:\\\/\\\/denhelder.online\\\/\",\"logo\":{\"@type\":\"ImageObject\",\"inLanguage\":\"de\",\"@id\":\"https:\\\/\\\/denhelder.online\\\/#\\\/schema\\\/logo\\\/image\\\/\",\"url\":\"https:\\\/\\\/denhelder.online\\\/wp-content\\\/uploads\\\/2021\\\/12\\\/DitIsDH-Logo-26-tagline.svg\",\"contentUrl\":\"https:\\\/\\\/denhelder.online\\\/wp-content\\\/uploads\\\/2021\\\/12\\\/DitIsDH-Logo-26-tagline.svg\",\"width\":1717.0999999999999,\"height\":934.89999999999998,\"caption\":\"Den Helder Online\"},\"image\":{\"@id\":\"https:\\\/\\\/denhelder.online\\\/#\\\/schema\\\/logo\\\/image\\\/\"}}]}<\/script>\n<!-- \/ Yoast SEO Premium plugin. -->","yoast_head_json":{"title":"Flughafen Den Helder auf einen Blick","description":"Entdecken Sie die Vielseitigkeit von Den Helder Airport: Offshore-Spezialist und Innovationsf\u00fchrer.","robots":{"index":"index","follow":"follow","max-snippet":"max-snippet:-1","max-image-preview":"max-image-preview:large","max-video-preview":"max-video-preview:-1"},"canonical":"https:\/\/denhelder.online\/de\/leben-im-freien\/flughafen-den-helder\/","og_locale":"de_DE","og_type":"article","og_title":"Den Helder Airport","og_description":"Ontdek de veelzijdigheid van Den Helder Airport: offshore-specialist en innovatieleider.","og_url":"https:\/\/denhelder.online\/de\/leben-im-freien\/flughafen-den-helder\/","og_site_name":"Den Helder Online","article_modified_time":"2026-01-19T14:44:34+00:00","og_image":[{"width":768,"height":576,"url":"https:\/\/denhelder.online\/wp-content\/uploads\/2025\/01\/Luchthaven-Den-Helder-Airport.jpg","type":"image\/jpeg"}],"twitter_card":"summary_large_image","twitter_misc":{"Gesch\u00e4tzte Lesezeit":"2\u00a0Minuten"},"schema":{"@context":"https:\/\/schema.org","@graph":[{"@type":"WebPage","@id":"https:\/\/denhelder.online\/leven-in-den-helder\/den-helder-airport\/","url":"https:\/\/denhelder.online\/leven-in-den-helder\/den-helder-airport\/","name":"Flughafen Den Helder auf einen Blick","isPartOf":{"@id":"https:\/\/denhelder.online\/#website"},"primaryImageOfPage":{"@id":"https:\/\/denhelder.online\/leven-in-den-helder\/den-helder-airport\/#primaryimage"},"image":{"@id":"https:\/\/denhelder.online\/leven-in-den-helder\/den-helder-airport\/#primaryimage"},"thumbnailUrl":"https:\/\/denhelder.online\/wp-content\/uploads\/2025\/01\/Luchthaven-Den-Helder-Airport.jpg","datePublished":"2025-01-16T14:40:39+00:00","dateModified":"2026-01-19T14:44:34+00:00","description":"Entdecken Sie die Vielseitigkeit von Den Helder Airport: Offshore-Spezialist und Innovationsf\u00fchrer.","breadcrumb":{"@id":"https:\/\/denhelder.online\/leven-in-den-helder\/den-helder-airport\/#breadcrumb"},"inLanguage":"de","potentialAction":[{"@type":"ReadAction","target":["https:\/\/denhelder.online\/leven-in-den-helder\/den-helder-airport\/"]}]},{"@type":"ImageObject","inLanguage":"de","@id":"https:\/\/denhelder.online\/leven-in-den-helder\/den-helder-airport\/#primaryimage","url":"https:\/\/denhelder.online\/wp-content\/uploads\/2025\/01\/Luchthaven-Den-Helder-Airport.jpg","contentUrl":"https:\/\/denhelder.online\/wp-content\/uploads\/2025\/01\/Luchthaven-Den-Helder-Airport.jpg","width":768,"height":576,"caption":"Luchthaven Den Helder Airport"},{"@type":"BreadcrumbList","@id":"https:\/\/denhelder.online\/leven-in-den-helder\/den-helder-airport\/#breadcrumb","itemListElement":[{"@type":"ListItem","position":1,"name":"Home","item":"https:\/\/denhelder.online\/"},{"@type":"ListItem","position":2,"name":"Leven in Den Helder","item":"https:\/\/denhelder.online\/leven-in-den-helder\/"},{"@type":"ListItem","position":3,"name":"Den Helder Airport"}]},{"@type":"WebSite","@id":"https:\/\/denhelder.online\/#website","url":"https:\/\/denhelder.online\/","name":"Den Helder Online","description":"Erleben Sie Den Helder","publisher":{"@id":"https:\/\/denhelder.online\/#organization"},"potentialAction":[{"@type":"SearchAction","target":{"@type":"EntryPoint","urlTemplate":"https:\/\/denhelder.online\/?s={search_term_string}"},"query-input":{"@type":"PropertyValueSpecification","valueRequired":true,"valueName":"search_term_string"}}],"inLanguage":"de"},{"@type":"Organization","@id":"https:\/\/denhelder.online\/#organization","name":"Den Helder Online","url":"https:\/\/denhelder.online\/","logo":{"@type":"ImageObject","inLanguage":"de","@id":"https:\/\/denhelder.online\/#\/schema\/logo\/image\/","url":"https:\/\/denhelder.online\/wp-content\/uploads\/2021\/12\/DitIsDH-Logo-26-tagline.svg","contentUrl":"https:\/\/denhelder.online\/wp-content\/uploads\/2021\/12\/DitIsDH-Logo-26-tagline.svg","width":1717.0999999999999,"height":934.89999999999998,"caption":"Den Helder Online"},"image":{"@id":"https:\/\/denhelder.online\/#\/schema\/logo\/image\/"}}]}},"_links":{"self":[{"href":"https:\/\/denhelder.online\/de\/wp-json\/wp\/v2\/pages\/1557","targetHints":{"allow":["GET"]}}],"collection":[{"href":"https:\/\/denhelder.online\/de\/wp-json\/wp\/v2\/pages"}],"about":[{"href":"https:\/\/denhelder.online\/de\/wp-json\/wp\/v2\/types\/page"}],"author":[{"embeddable":true,"href":"https:\/\/denhelder.online\/de\/wp-json\/wp\/v2\/users\/9"}],"replies":[{"embeddable":true,"href":"https:\/\/denhelder.online\/de\/wp-json\/wp\/v2\/comments?post=1557"}],"version-history":[{"count":0,"href":"https:\/\/denhelder.online\/de\/wp-json\/wp\/v2\/pages\/1557\/revisions"}],"up":[{"embeddable":true,"href":"https:\/\/denhelder.online\/de\/wp-json\/wp\/v2\/pages\/371"}],"wp:featuredmedia":[{"embeddable":true,"href":"https:\/\/denhelder.online\/de\/wp-json\/wp\/v2\/media\/1562"}],"wp:attachment":[{"href":"https:\/\/denhelder.online\/de\/wp-json\/wp\/v2\/media?parent=1557"}],"wp:term":[{"taxonomy":"post_tag","embeddable":true,"href":"https:\/\/denhelder.online\/de\/wp-json\/wp\/v2\/tags?post=1557"},{"taxonomy":"doelgroep","embeddable":true,"href":"https:\/\/denhelder.online\/de\/wp-json\/wp\/v2\/doelgroep?post=1557"},{"taxonomy":"categorie","embeddable":true,"href":"https:\/\/denhelder.online\/de\/wp-json\/wp\/v2\/categorie?post=1557"}],"curies":[{"name":"wp","href":"https:\/\/api.w.org\/{rel}","templated":true}]}}