{"id":16797,"date":"2025-12-04T10:15:43","date_gmt":"2025-12-04T09:15:43","guid":{"rendered":"https:\/\/denhelder.online\/?page_id=16797"},"modified":"2026-01-13T16:04:45","modified_gmt":"2026-01-13T15:04:45","slug":"historische-gesellschaften-2","status":"publish","type":"page","link":"https:\/\/denhelder.online\/de\/dit-kan-je-doen\/cultuur\/culturele-verenigingen-in-den-helder\/historische-verenigingen-2\/","title":{"rendered":"Historische Gesellschaften"},"content":{"rendered":"\t\t<div data-elementor-type=\"wp-page\" data-elementor-id=\"16797\" class=\"elementor elementor-16797\" data-elementor-post-type=\"page\">\n\t\t\t\t<div class=\"elementor-element elementor-element-269fe093 e-flex e-con-boxed e-con e-parent\" data-id=\"269fe093\" data-element_type=\"container\" data-e-type=\"container\" data-settings=\"{&quot;jet_parallax_layout_list&quot;:[]}\">\n\t\t\t\t\t<div class=\"e-con-inner\">\n\t\t<div class=\"elementor-element elementor-element-797fa873 e-con-full e-flex e-con e-child\" data-id=\"797fa873\" data-element_type=\"container\" data-e-type=\"container\" data-settings=\"{&quot;jet_parallax_layout_list&quot;:[]}\">\n\t\t\t\t<div class=\"elementor-element elementor-element-95c522c elementor-widget elementor-widget-breadcrumbs\" data-id=\"95c522c\" data-element_type=\"widget\" data-e-type=\"widget\" data-widget_type=\"breadcrumbs.default\">\n\t\t\t\t<div class=\"elementor-widget-container\">\n\t\t\t\t\t<p id=\"breadcrumbs\"><span><span><a href=\"https:\/\/denhelder.online\/\">Home<\/a><\/span><\/span><\/p>\t\t\t\t<\/div>\n\t\t\t\t<\/div>\n\t\t<div class=\"elementor-element elementor-element-2006ade1 e-con-full e-flex e-con e-child\" data-id=\"2006ade1\" data-element_type=\"container\" data-e-type=\"container\" data-settings=\"{&quot;jet_parallax_layout_list&quot;:[]}\">\n\t\t\t\t<div class=\"elementor-element elementor-element-30989ef5 elementor-widget elementor-widget-heading\" data-id=\"30989ef5\" data-element_type=\"widget\" data-e-type=\"widget\" data-widget_type=\"heading.default\">\n\t\t\t\t<div class=\"elementor-widget-container\">\n\t\t\t\t\t<p class=\"elementor-heading-title elementor-size-default\">Volg ons op social:<\/p>\t\t\t\t<\/div>\n\t\t\t\t<\/div>\n\t\t\t\t<div class=\"elementor-element elementor-element-3637ccfb elementor-icon-list--layout-inline elementor-align-end elementor-list-item-link-full_width elementor-widget elementor-widget-global elementor-global-1176 elementor-widget-icon-list\" data-id=\"3637ccfb\" data-element_type=\"widget\" data-e-type=\"widget\" data-widget_type=\"icon-list.default\">\n\t\t\t\t<div class=\"elementor-widget-container\">\n\t\t\t\t\t\t\t<ul class=\"elementor-icon-list-items elementor-inline-items\">\n\t\t\t\t\t\t\t<li class=\"elementor-icon-list-item elementor-inline-item\">\n\t\t\t\t\t\t\t\t\t\t\t<a href=\"https:\/\/www.facebook.com\/ditisdenhelder\" target=\"_blank\">\n\n\t\t\t\t\t\t\t\t\t\t\t\t<span class=\"elementor-icon-list-icon\">\n\t\t\t\t\t\t\t<i aria-hidden=\"true\" class=\"fab fa-facebook\"><\/i>\t\t\t\t\t\t<\/span>\n\t\t\t\t\t\t\t\t\t\t<span class=\"elementor-icon-list-text\"><\/span>\n\t\t\t\t\t\t\t\t\t\t\t<\/a>\n\t\t\t\t\t\t\t\t\t<\/li>\n\t\t\t\t\t\t\t\t<li class=\"elementor-icon-list-item elementor-inline-item\">\n\t\t\t\t\t\t\t\t\t\t\t<a href=\"https:\/\/www.instagram.com\/ditisdenhelder\/\" target=\"_blank\">\n\n\t\t\t\t\t\t\t\t\t\t\t\t<span class=\"elementor-icon-list-icon\">\n\t\t\t\t\t\t\t<i aria-hidden=\"true\" class=\"fab fa-instagram\"><\/i>\t\t\t\t\t\t<\/span>\n\t\t\t\t\t\t\t\t\t\t<span class=\"elementor-icon-list-text\"><\/span>\n\t\t\t\t\t\t\t\t\t\t\t<\/a>\n\t\t\t\t\t\t\t\t\t<\/li>\n\t\t\t\t\t\t\t\t<li class=\"elementor-icon-list-item elementor-inline-item\">\n\t\t\t\t\t\t\t\t\t\t\t<a href=\"https:\/\/www.youtube.com\/channel\/UCxXdcocRQwb3lDwiYBp3llg\" target=\"_blank\">\n\n\t\t\t\t\t\t\t\t\t\t\t\t<span class=\"elementor-icon-list-icon\">\n\t\t\t\t\t\t\t<i aria-hidden=\"true\" class=\"fab fa-youtube\"><\/i>\t\t\t\t\t\t<\/span>\n\t\t\t\t\t\t\t\t\t\t<span class=\"elementor-icon-list-text\"><\/span>\n\t\t\t\t\t\t\t\t\t\t\t<\/a>\n\t\t\t\t\t\t\t\t\t<\/li>\n\t\t\t\t\t\t\t\t<li class=\"elementor-icon-list-item elementor-inline-item\">\n\t\t\t\t\t\t\t\t\t\t\t<a href=\"https:\/\/www.linkedin.com\/company\/citymarketing-den-helder\" target=\"_blank\">\n\n\t\t\t\t\t\t\t\t\t\t\t\t<span class=\"elementor-icon-list-icon\">\n\t\t\t\t\t\t\t<i aria-hidden=\"true\" class=\"fab fa-linkedin-in\"><\/i>\t\t\t\t\t\t<\/span>\n\t\t\t\t\t\t\t\t\t\t<span class=\"elementor-icon-list-text\"><\/span>\n\t\t\t\t\t\t\t\t\t\t\t<\/a>\n\t\t\t\t\t\t\t\t\t<\/li>\n\t\t\t\t\t\t<\/ul>\n\t\t\t\t\t\t<\/div>\n\t\t\t\t<\/div>\n\t\t\t\t<\/div>\n\t\t\t\t<\/div>\n\t\t\t\t\t<\/div>\n\t\t\t\t<\/div>\n\t\t<div class=\"elementor-element elementor-element-59179c40 e-flex e-con-boxed e-con e-parent\" data-id=\"59179c40\" data-element_type=\"container\" data-e-type=\"container\" data-settings=\"{&quot;jet_parallax_layout_list&quot;:[]}\">\n\t\t\t\t\t<div class=\"e-con-inner\">\n\t\t<div class=\"elementor-element elementor-element-3fa95ae e-flex e-con-boxed e-con e-child\" data-id=\"3fa95ae\" data-element_type=\"container\" data-e-type=\"container\" data-settings=\"{&quot;background_background&quot;:&quot;classic&quot;,&quot;jet_parallax_layout_list&quot;:[]}\">\n\t\t\t\t\t<div class=\"e-con-inner\">\n\t\t<div class=\"elementor-element elementor-element-6b454515 e-con-full e-flex e-con e-child\" data-id=\"6b454515\" data-element_type=\"container\" data-e-type=\"container\" data-settings=\"{&quot;jet_parallax_layout_list&quot;:[]}\">\n\t\t\t\t<div class=\"elementor-element elementor-element-681d6dd elementor-widget elementor-widget-image\" data-id=\"681d6dd\" data-element_type=\"widget\" data-e-type=\"widget\" data-widget_type=\"image.default\">\n\t\t\t\t<div class=\"elementor-widget-container\">\n\t\t\t\t\t\t\t\t\t\t\t\t\t\t\t<img fetchpriority=\"high\" decoding=\"async\" width=\"800\" height=\"534\" src=\"https:\/\/denhelder.online\/wp-content\/uploads\/2025\/11\/Willemsoord-Luchtfoto-\u00a9Peter-van-Aalst-1024x683.jpg\" class=\"attachment-large size-large wp-image-16366\" alt=\"Luchtfoto van Willemsoord in Den Helder met een bovenaanzicht op de voormalige marinebasis\" srcset=\"https:\/\/denhelder.online\/wp-content\/uploads\/2025\/11\/Willemsoord-Luchtfoto-\u00a9Peter-van-Aalst-1024x683.jpg 1024w, https:\/\/denhelder.online\/wp-content\/uploads\/2025\/11\/Willemsoord-Luchtfoto-\u00a9Peter-van-Aalst-300x200.jpg 300w, https:\/\/denhelder.online\/wp-content\/uploads\/2025\/11\/Willemsoord-Luchtfoto-\u00a9Peter-van-Aalst-768x512.jpg 768w, https:\/\/denhelder.online\/wp-content\/uploads\/2025\/11\/Willemsoord-Luchtfoto-\u00a9Peter-van-Aalst-1536x1024.jpg 1536w, https:\/\/denhelder.online\/wp-content\/uploads\/2025\/11\/Willemsoord-Luchtfoto-\u00a9Peter-van-Aalst-2048x1366.jpg 2048w, https:\/\/denhelder.online\/wp-content\/uploads\/2025\/11\/Willemsoord-Luchtfoto-\u00a9Peter-van-Aalst-18x12.jpg 18w, https:\/\/denhelder.online\/wp-content\/uploads\/2025\/11\/Willemsoord-Luchtfoto-\u00a9Peter-van-Aalst-600x400.jpg 600w\" sizes=\"(max-width: 800px) 100vw, 800px\" \/>\t\t\t\t\t\t\t\t\t\t\t\t\t\t\t<\/div>\n\t\t\t\t<\/div>\n\t\t\t\t<\/div>\n\t\t<div class=\"elementor-element elementor-element-18ab4c8d e-con-full e-flex e-con e-child\" data-id=\"18ab4c8d\" data-element_type=\"container\" data-e-type=\"container\" data-settings=\"{&quot;jet_parallax_layout_list&quot;:[]}\">\n\t\t\t\t<div class=\"elementor-element elementor-element-18af9abb elementor-widget__width-inherit elementor-widget elementor-widget-heading\" data-id=\"18af9abb\" data-element_type=\"widget\" data-e-type=\"widget\" data-widget_type=\"heading.default\">\n\t\t\t\t<div class=\"elementor-widget-container\">\n\t\t\t\t\t<span class=\"elementor-heading-title elementor-size-default\">Ga terug in de tijd, zonder Den Helder te verlaten<\/span>\t\t\t\t<\/div>\n\t\t\t\t<\/div>\n\t\t\t\t<div class=\"elementor-element elementor-element-7479f2ed elementor-widget__width-inherit elementor-widget elementor-widget-heading\" data-id=\"7479f2ed\" data-element_type=\"widget\" data-e-type=\"widget\" data-widget_type=\"heading.default\">\n\t\t\t\t<div class=\"elementor-widget-container\">\n\t\t\t\t\t<h2 class=\"elementor-heading-title elementor-size-default\">Historische verenigingen<\/h2>\t\t\t\t<\/div>\n\t\t\t\t<\/div>\n\t\t\t\t<div class=\"elementor-element elementor-element-69bbab8a elementor-widget elementor-widget-text-editor\" data-id=\"69bbab8a\" data-element_type=\"widget\" data-e-type=\"widget\" data-widget_type=\"text-editor.default\">\n\t\t\t\t<div class=\"elementor-widget-container\">\n\t\t\t\t\t\t\t\t\t<p>Wil je meer weten over de geschiedenis van jouw stad? Bij de historische verenigingen in Den Helder ontdek je verhalen van vroeger, dichtbij huis. Denk aan lokale archieven, monumenten en bijzondere plekken. Je kunt meehelpen bij het organiseren van exposities of lezingen. Of gewoon luisteren naar boeiende verhalen. Zo blijft het verleden levend en voel jij je verbonden met je omgeving.<\/p>\t\t\t\t\t\t\t\t<\/div>\n\t\t\t\t<\/div>\n\t\t\t\t<\/div>\n\t\t\t\t\t<\/div>\n\t\t\t\t<\/div>\n\t\t\t\t\t<\/div>\n\t\t\t\t<\/div>\n\t\t<div class=\"elementor-element elementor-element-190ead46 e-flex e-con-boxed e-con e-parent\" data-id=\"190ead46\" data-element_type=\"container\" data-e-type=\"container\" data-settings=\"{&quot;jet_parallax_layout_list&quot;:[]}\">\n\t\t\t\t\t<div class=\"e-con-inner\">\n\t\t\t\t<div class=\"elementor-element elementor-element-7dea82ac elementor-widget__width-inherit elementor-widget elementor-widget-jet-listing-grid\" data-id=\"7dea82ac\" data-element_type=\"widget\" data-e-type=\"widget\" data-settings=\"{&quot;columns&quot;:&quot;3&quot;,&quot;columns_mobile&quot;:&quot;1&quot;}\" data-widget_type=\"jet-listing-grid.default\">\n\t\t\t\t<div class=\"elementor-widget-container\">\n\t\t\t\t\t<div class=\"jet-listing-grid jet-listing\"><div class=\"jet-listing-not-found jet-listing-grid__items\" data-nav=\"{&quot;enabled&quot;:true,&quot;type&quot;:&quot;click&quot;,&quot;more_el&quot;:&quot;#meer_inladen&quot;,&quot;query&quot;:{&quot;post_status&quot;:&quot;publish&quot;,&quot;post_type&quot;:[&quot;locatie&quot;],&quot;posts_per_page&quot;:&quot;7&quot;,&quot;paged&quot;:&quot;1&quot;,&quot;ignore_sticky_posts&quot;:&quot;1&quot;,&quot;post__in&quot;:[&quot;12025&quot;,&quot;14354&quot;,&quot;14323&quot;],&quot;order&quot;:&quot;ASC&quot;,&quot;orderby&quot;:&quot;post__in&quot;,&quot;suppress_filters&quot;:false,&quot;jet_smart_filters&quot;:&quot;jet-engine\\\/default&quot;,&quot;signature&quot;:&quot;1c83d738c814130658b441bb7f7d357645274883a33961176f078cd302f3e673&quot;},&quot;widget_settings&quot;:{&quot;lisitng_id&quot;:3875,&quot;posts_num&quot;:7,&quot;columns&quot;:3,&quot;columns_tablet&quot;:3,&quot;columns_mobile&quot;:1,&quot;column_min_width&quot;:240,&quot;column_min_width_tablet&quot;:240,&quot;column_min_width_mobile&quot;:240,&quot;inline_columns_css&quot;:false,&quot;is_archive_template&quot;:&quot;&quot;,&quot;post_status&quot;:[&quot;publish&quot;],&quot;use_random_posts_num&quot;:&quot;&quot;,&quot;max_posts_num&quot;:9,&quot;not_found_message&quot;:&quot;Geen locaties om weer te geven.&quot;,&quot;is_masonry&quot;:false,&quot;equal_columns_height&quot;:&quot;yes&quot;,&quot;use_load_more&quot;:&quot;yes&quot;,&quot;load_more_id&quot;:&quot;meer_inladen&quot;,&quot;load_more_type&quot;:&quot;click&quot;,&quot;load_more_offset&quot;:null,&quot;use_custom_post_types&quot;:&quot;yes&quot;,&quot;custom_post_types&quot;:[&quot;locatie&quot;],&quot;hide_widget_if&quot;:&quot;&quot;,&quot;carousel_enabled&quot;:&quot;yes&quot;,&quot;slides_to_scroll&quot;:&quot;1&quot;,&quot;arrows&quot;:&quot;true&quot;,&quot;arrow_icon&quot;:&quot;fa fa-angle-left&quot;,&quot;dots&quot;:&quot;true&quot;,&quot;autoplay&quot;:&quot;true&quot;,&quot;pause_on_hover&quot;:&quot;true&quot;,&quot;autoplay_speed&quot;:5000,&quot;infinite&quot;:&quot;true&quot;,&quot;center_mode&quot;:&quot;&quot;,&quot;effect&quot;:&quot;slide&quot;,&quot;speed&quot;:500,&quot;inject_alternative_items&quot;:&quot;&quot;,&quot;injection_items&quot;:[],&quot;scroll_slider_enabled&quot;:&quot;&quot;,&quot;scroll_slider_on&quot;:[&quot;desktop&quot;,&quot;tablet&quot;,&quot;mobile&quot;],&quot;custom_query&quot;:false,&quot;custom_query_id&quot;:&quot;&quot;,&quot;_element_id&quot;:&quot;&quot;,&quot;collapse_first_last_gap&quot;:&quot;true&quot;,&quot;list_tag_selection&quot;:&quot;&quot;,&quot;list_items_wrapper_tag&quot;:&quot;div&quot;,&quot;list_item_tag&quot;:&quot;div&quot;,&quot;empty_items_wrapper_tag&quot;:&quot;div&quot;}}\" data-listing-source=\"posts\" data-listing-id=\"3875\" data-query-id=\"\" data-queried-id=\"16797|WP_Post\">Geen locaties om weer te geven.<\/div><\/div>\t\t\t\t<\/div>\n\t\t\t\t<\/div>\n\t\t\t\t\t<\/div>\n\t\t\t\t<\/div>\n\t\t\t\t<\/div>\n\t\t","protected":false},"excerpt":{"rendered":"<p>Volg ons op social: \u00a0 \u00a0 \u00a0 \u00a0 Ga terug in de tijd, zonder Den Helder te verlaten Historische verenigingen Wil je meer weten over de geschiedenis van jouw stad? Bij de historische verenigingen in Den Helder ontdek je verhalen van vroeger, dichtbij huis. Denk aan lokale archieven, monumenten en bijzondere plekken. Je kunt meehelpen [&hellip;]<\/p>\n","protected":false},"author":11,"featured_media":16366,"parent":12654,"menu_order":0,"comment_status":"closed","ping_status":"closed","template":"elementor_header_footer","meta":{"footnotes":""},"tags":[],"doelgroep":[6027],"categorie":[],"class_list":["post-16797","page","type-page","status-publish","has-post-thumbnail","hentry","doelgroep-inwoner"],"yoast_head":"<!-- This site is optimized with the Yoast SEO Premium plugin v24.7 (Yoast SEO v27.4) - https:\/\/yoast.com\/product\/yoast-seo-premium-wordpress\/ -->\n<title>Historische verenigingen in Den Helder ontdekken<\/title>\n<meta name=\"description\" content=\"Leer meer over het verleden van je eigen stad via actieve en toegankelijke historische verenigingen\" \/>\n<meta name=\"robots\" content=\"index, follow, max-snippet:-1, max-image-preview:large, max-video-preview:-1\" \/>\n<link rel=\"canonical\" href=\"https:\/\/denhelder.online\/de\/du-kannst-das-tun\/kultur\/kulturvereine-in-den-helder\/historische-gesellschaften-2\/\" \/>\n<meta property=\"og:locale\" content=\"de_DE\" \/>\n<meta property=\"og:type\" content=\"article\" \/>\n<meta property=\"og:title\" content=\"Historische verenigingen\" \/>\n<meta property=\"og:description\" content=\"Leer meer over het verleden van je eigen stad via actieve en toegankelijke historische verenigingen\" \/>\n<meta property=\"og:url\" content=\"https:\/\/denhelder.online\/de\/du-kannst-das-tun\/kultur\/kulturvereine-in-den-helder\/historische-gesellschaften-2\/\" \/>\n<meta property=\"og:site_name\" content=\"Den Helder Online\" \/>\n<meta property=\"article:modified_time\" content=\"2026-01-13T15:04:45+00:00\" \/>\n<meta property=\"og:image\" content=\"https:\/\/denhelder.online\/wp-content\/uploads\/2025\/11\/Willemsoord-Luchtfoto-\u00a9Peter-van-Aalst-scaled.jpg\" \/>\n\t<meta property=\"og:image:width\" content=\"2560\" \/>\n\t<meta property=\"og:image:height\" content=\"1707\" \/>\n\t<meta property=\"og:image:type\" content=\"image\/jpeg\" \/>\n<meta name=\"twitter:card\" content=\"summary_large_image\" \/>\n<meta name=\"twitter:label1\" content=\"Gesch\u00e4tzte Lesezeit\" \/>\n\t<meta name=\"twitter:data1\" content=\"3\u00a0Minuten\" \/>\n<script type=\"application\/ld+json\" class=\"yoast-schema-graph\">{\"@context\":\"https:\\\/\\\/schema.org\",\"@graph\":[{\"@type\":\"WebPage\",\"@id\":\"https:\\\/\\\/denhelder.online\\\/dit-kan-je-doen\\\/cultuur\\\/culturele-verenigingen-in-den-helder\\\/historische-verenigingen-2\\\/\",\"url\":\"https:\\\/\\\/denhelder.online\\\/dit-kan-je-doen\\\/cultuur\\\/culturele-verenigingen-in-den-helder\\\/historische-verenigingen-2\\\/\",\"name\":\"Historische verenigingen in Den Helder ontdekken\",\"isPartOf\":{\"@id\":\"https:\\\/\\\/denhelder.online\\\/#website\"},\"primaryImageOfPage\":{\"@id\":\"https:\\\/\\\/denhelder.online\\\/dit-kan-je-doen\\\/cultuur\\\/culturele-verenigingen-in-den-helder\\\/historische-verenigingen-2\\\/#primaryimage\"},\"image\":{\"@id\":\"https:\\\/\\\/denhelder.online\\\/dit-kan-je-doen\\\/cultuur\\\/culturele-verenigingen-in-den-helder\\\/historische-verenigingen-2\\\/#primaryimage\"},\"thumbnailUrl\":\"https:\\\/\\\/denhelder.online\\\/wp-content\\\/uploads\\\/2025\\\/11\\\/Willemsoord-Luchtfoto-\u00a9Peter-van-Aalst-scaled.jpg\",\"datePublished\":\"2025-12-04T09:15:43+00:00\",\"dateModified\":\"2026-01-13T15:04:45+00:00\",\"description\":\"Leer meer over het verleden van je eigen stad via actieve en toegankelijke historische verenigingen\",\"breadcrumb\":{\"@id\":\"https:\\\/\\\/denhelder.online\\\/dit-kan-je-doen\\\/cultuur\\\/culturele-verenigingen-in-den-helder\\\/historische-verenigingen-2\\\/#breadcrumb\"},\"inLanguage\":\"de\",\"potentialAction\":[{\"@type\":\"ReadAction\",\"target\":[\"https:\\\/\\\/denhelder.online\\\/dit-kan-je-doen\\\/cultuur\\\/culturele-verenigingen-in-den-helder\\\/historische-verenigingen-2\\\/\"]}]},{\"@type\":\"ImageObject\",\"inLanguage\":\"de\",\"@id\":\"https:\\\/\\\/denhelder.online\\\/dit-kan-je-doen\\\/cultuur\\\/culturele-verenigingen-in-den-helder\\\/historische-verenigingen-2\\\/#primaryimage\",\"url\":\"https:\\\/\\\/denhelder.online\\\/wp-content\\\/uploads\\\/2025\\\/11\\\/Willemsoord-Luchtfoto-\u00a9Peter-van-Aalst-scaled.jpg\",\"contentUrl\":\"https:\\\/\\\/denhelder.online\\\/wp-content\\\/uploads\\\/2025\\\/11\\\/Willemsoord-Luchtfoto-\u00a9Peter-van-Aalst-scaled.jpg\",\"width\":2560,\"height\":1707,\"caption\":\"Willemsoord Luchtfoto\"},{\"@type\":\"BreadcrumbList\",\"@id\":\"https:\\\/\\\/denhelder.online\\\/dit-kan-je-doen\\\/cultuur\\\/culturele-verenigingen-in-den-helder\\\/historische-verenigingen-2\\\/#breadcrumb\",\"itemListElement\":[{\"@type\":\"ListItem\",\"position\":1,\"name\":\"Home\",\"item\":\"https:\\\/\\\/denhelder.online\\\/\"},{\"@type\":\"ListItem\",\"position\":2,\"name\":\"Dit kan je doen\",\"item\":\"https:\\\/\\\/denhelder.online\\\/dit-kan-je-doen\\\/\"},{\"@type\":\"ListItem\",\"position\":3,\"name\":\"Cultuur\",\"item\":\"https:\\\/\\\/denhelder.online\\\/dit-kan-je-doen\\\/cultuur\\\/\"},{\"@type\":\"ListItem\",\"position\":4,\"name\":\"Culturele verenigingen in Den Helder\",\"item\":\"https:\\\/\\\/denhelder.online\\\/dit-kan-je-doen\\\/cultuur\\\/culturele-verenigingen-in-den-helder\\\/\"},{\"@type\":\"ListItem\",\"position\":5,\"name\":\"Historische verenigingen\"}]},{\"@type\":\"WebSite\",\"@id\":\"https:\\\/\\\/denhelder.online\\\/#website\",\"url\":\"https:\\\/\\\/denhelder.online\\\/\",\"name\":\"Den Helder Online\",\"description\":\"Beleef Den Helder\",\"publisher\":{\"@id\":\"https:\\\/\\\/denhelder.online\\\/#organization\"},\"potentialAction\":[{\"@type\":\"SearchAction\",\"target\":{\"@type\":\"EntryPoint\",\"urlTemplate\":\"https:\\\/\\\/denhelder.online\\\/?s={search_term_string}\"},\"query-input\":{\"@type\":\"PropertyValueSpecification\",\"valueRequired\":true,\"valueName\":\"search_term_string\"}}],\"inLanguage\":\"de\"},{\"@type\":\"Organization\",\"@id\":\"https:\\\/\\\/denhelder.online\\\/#organization\",\"name\":\"Den Helder Online\",\"url\":\"https:\\\/\\\/denhelder.online\\\/\",\"logo\":{\"@type\":\"ImageObject\",\"inLanguage\":\"de\",\"@id\":\"https:\\\/\\\/denhelder.online\\\/#\\\/schema\\\/logo\\\/image\\\/\",\"url\":\"https:\\\/\\\/denhelder.online\\\/wp-content\\\/uploads\\\/2021\\\/12\\\/DitIsDH-Logo-26-tagline.svg\",\"contentUrl\":\"https:\\\/\\\/denhelder.online\\\/wp-content\\\/uploads\\\/2021\\\/12\\\/DitIsDH-Logo-26-tagline.svg\",\"width\":1717.0999999999999,\"height\":934.89999999999998,\"caption\":\"Den Helder Online\"},\"image\":{\"@id\":\"https:\\\/\\\/denhelder.online\\\/#\\\/schema\\\/logo\\\/image\\\/\"}}]}<\/script>\n<!-- \/ Yoast SEO Premium plugin. -->","yoast_head_json":{"title":"Entdecken Sie historische Zusammenh\u00e4nge in Den Helder","description":"Erfahren Sie mehr \u00fcber die Vergangenheit Ihrer eigenen Stadt durch aktive und leicht zug\u00e4ngliche Geschichtsvereine.","robots":{"index":"index","follow":"follow","max-snippet":"max-snippet:-1","max-image-preview":"max-image-preview:large","max-video-preview":"max-video-preview:-1"},"canonical":"https:\/\/denhelder.online\/de\/du-kannst-das-tun\/kultur\/kulturvereine-in-den-helder\/historische-gesellschaften-2\/","og_locale":"de_DE","og_type":"article","og_title":"Historische verenigingen","og_description":"Leer meer over het verleden van je eigen stad via actieve en toegankelijke historische verenigingen","og_url":"https:\/\/denhelder.online\/de\/du-kannst-das-tun\/kultur\/kulturvereine-in-den-helder\/historische-gesellschaften-2\/","og_site_name":"Den Helder Online","article_modified_time":"2026-01-13T15:04:45+00:00","og_image":[{"width":2560,"height":1707,"url":"https:\/\/denhelder.online\/wp-content\/uploads\/2025\/11\/Willemsoord-Luchtfoto-\u00a9Peter-van-Aalst-scaled.jpg","type":"image\/jpeg"}],"twitter_card":"summary_large_image","twitter_misc":{"Gesch\u00e4tzte Lesezeit":"3\u00a0Minuten"},"schema":{"@context":"https:\/\/schema.org","@graph":[{"@type":"WebPage","@id":"https:\/\/denhelder.online\/dit-kan-je-doen\/cultuur\/culturele-verenigingen-in-den-helder\/historische-verenigingen-2\/","url":"https:\/\/denhelder.online\/dit-kan-je-doen\/cultuur\/culturele-verenigingen-in-den-helder\/historische-verenigingen-2\/","name":"Entdecken Sie historische Zusammenh\u00e4nge in Den Helder","isPartOf":{"@id":"https:\/\/denhelder.online\/#website"},"primaryImageOfPage":{"@id":"https:\/\/denhelder.online\/dit-kan-je-doen\/cultuur\/culturele-verenigingen-in-den-helder\/historische-verenigingen-2\/#primaryimage"},"image":{"@id":"https:\/\/denhelder.online\/dit-kan-je-doen\/cultuur\/culturele-verenigingen-in-den-helder\/historische-verenigingen-2\/#primaryimage"},"thumbnailUrl":"https:\/\/denhelder.online\/wp-content\/uploads\/2025\/11\/Willemsoord-Luchtfoto-\u00a9Peter-van-Aalst-scaled.jpg","datePublished":"2025-12-04T09:15:43+00:00","dateModified":"2026-01-13T15:04:45+00:00","description":"Erfahren Sie mehr \u00fcber die Vergangenheit Ihrer eigenen Stadt durch aktive und leicht zug\u00e4ngliche Geschichtsvereine.","breadcrumb":{"@id":"https:\/\/denhelder.online\/dit-kan-je-doen\/cultuur\/culturele-verenigingen-in-den-helder\/historische-verenigingen-2\/#breadcrumb"},"inLanguage":"de","potentialAction":[{"@type":"ReadAction","target":["https:\/\/denhelder.online\/dit-kan-je-doen\/cultuur\/culturele-verenigingen-in-den-helder\/historische-verenigingen-2\/"]}]},{"@type":"ImageObject","inLanguage":"de","@id":"https:\/\/denhelder.online\/dit-kan-je-doen\/cultuur\/culturele-verenigingen-in-den-helder\/historische-verenigingen-2\/#primaryimage","url":"https:\/\/denhelder.online\/wp-content\/uploads\/2025\/11\/Willemsoord-Luchtfoto-\u00a9Peter-van-Aalst-scaled.jpg","contentUrl":"https:\/\/denhelder.online\/wp-content\/uploads\/2025\/11\/Willemsoord-Luchtfoto-\u00a9Peter-van-Aalst-scaled.jpg","width":2560,"height":1707,"caption":"Willemsoord Luchtfoto"},{"@type":"BreadcrumbList","@id":"https:\/\/denhelder.online\/dit-kan-je-doen\/cultuur\/culturele-verenigingen-in-den-helder\/historische-verenigingen-2\/#breadcrumb","itemListElement":[{"@type":"ListItem","position":1,"name":"Home","item":"https:\/\/denhelder.online\/"},{"@type":"ListItem","position":2,"name":"Dit kan je doen","item":"https:\/\/denhelder.online\/dit-kan-je-doen\/"},{"@type":"ListItem","position":3,"name":"Cultuur","item":"https:\/\/denhelder.online\/dit-kan-je-doen\/cultuur\/"},{"@type":"ListItem","position":4,"name":"Culturele verenigingen in Den Helder","item":"https:\/\/denhelder.online\/dit-kan-je-doen\/cultuur\/culturele-verenigingen-in-den-helder\/"},{"@type":"ListItem","position":5,"name":"Historische verenigingen"}]},{"@type":"WebSite","@id":"https:\/\/denhelder.online\/#website","url":"https:\/\/denhelder.online\/","name":"Den Helder Online","description":"Erleben Sie Den Helder","publisher":{"@id":"https:\/\/denhelder.online\/#organization"},"potentialAction":[{"@type":"SearchAction","target":{"@type":"EntryPoint","urlTemplate":"https:\/\/denhelder.online\/?s={search_term_string}"},"query-input":{"@type":"PropertyValueSpecification","valueRequired":true,"valueName":"search_term_string"}}],"inLanguage":"de"},{"@type":"Organization","@id":"https:\/\/denhelder.online\/#organization","name":"Den Helder Online","url":"https:\/\/denhelder.online\/","logo":{"@type":"ImageObject","inLanguage":"de","@id":"https:\/\/denhelder.online\/#\/schema\/logo\/image\/","url":"https:\/\/denhelder.online\/wp-content\/uploads\/2021\/12\/DitIsDH-Logo-26-tagline.svg","contentUrl":"https:\/\/denhelder.online\/wp-content\/uploads\/2021\/12\/DitIsDH-Logo-26-tagline.svg","width":1717.0999999999999,"height":934.89999999999998,"caption":"Den Helder Online"},"image":{"@id":"https:\/\/denhelder.online\/#\/schema\/logo\/image\/"}}]}},"_links":{"self":[{"href":"https:\/\/denhelder.online\/de\/wp-json\/wp\/v2\/pages\/16797","targetHints":{"allow":["GET"]}}],"collection":[{"href":"https:\/\/denhelder.online\/de\/wp-json\/wp\/v2\/pages"}],"about":[{"href":"https:\/\/denhelder.online\/de\/wp-json\/wp\/v2\/types\/page"}],"author":[{"embeddable":true,"href":"https:\/\/denhelder.online\/de\/wp-json\/wp\/v2\/users\/11"}],"replies":[{"embeddable":true,"href":"https:\/\/denhelder.online\/de\/wp-json\/wp\/v2\/comments?post=16797"}],"version-history":[{"count":0,"href":"https:\/\/denhelder.online\/de\/wp-json\/wp\/v2\/pages\/16797\/revisions"}],"up":[{"embeddable":true,"href":"https:\/\/denhelder.online\/de\/wp-json\/wp\/v2\/pages\/12654"}],"wp:featuredmedia":[{"embeddable":true,"href":"https:\/\/denhelder.online\/de\/wp-json\/wp\/v2\/media\/16366"}],"wp:attachment":[{"href":"https:\/\/denhelder.online\/de\/wp-json\/wp\/v2\/media?parent=16797"}],"wp:term":[{"taxonomy":"post_tag","embeddable":true,"href":"https:\/\/denhelder.online\/de\/wp-json\/wp\/v2\/tags?post=16797"},{"taxonomy":"doelgroep","embeddable":true,"href":"https:\/\/denhelder.online\/de\/wp-json\/wp\/v2\/doelgroep?post=16797"},{"taxonomy":"categorie","embeddable":true,"href":"https:\/\/denhelder.online\/de\/wp-json\/wp\/v2\/categorie?post=16797"}],"curies":[{"name":"wp","href":"https:\/\/api.w.org\/{rel}","templated":true}]}}