{"id":1698,"date":"2025-01-17T14:19:05","date_gmt":"2025-01-17T13:19:05","guid":{"rendered":"https:\/\/denhelder.online\/?page_id=1698"},"modified":"2026-03-24T09:59:18","modified_gmt":"2026-03-24T08:59:18","slug":"entdecken-sie-das-groste-blumenzwiebelgebiet-der-niederlande","status":"publish","type":"page","link":"https:\/\/denhelder.online\/de\/fietsen\/ontdek-het-grootste-bloembollengebied-in-nederland\/","title":{"rendered":"Radweg mit Blumenzwiebeln"},"content":{"rendered":"<div data-elementor-type=\"wp-page\" data-elementor-id=\"1698\" class=\"elementor elementor-1698\" data-elementor-post-type=\"page\">\n\t\t\t\t<div class=\"elementor-element elementor-element-6c105949 e-flex e-con-boxed e-con e-parent\" data-id=\"6c105949\" data-element_type=\"container\" data-e-type=\"container\" data-settings=\"{&quot;jet_parallax_layout_list&quot;:[]}\">\n\t\t\t\t\t<div class=\"e-con-inner\">\n\t\t<div class=\"elementor-element elementor-element-428cc542 e-con-full e-flex e-con e-child\" data-id=\"428cc542\" data-element_type=\"container\" data-e-type=\"container\" data-settings=\"{&quot;jet_parallax_layout_list&quot;:[]}\">\n\t\t\t\t<div class=\"elementor-element elementor-element-3835852e elementor-widget elementor-widget-breadcrumbs\" data-id=\"3835852e\" data-element_type=\"widget\" data-e-type=\"widget\" data-widget_type=\"breadcrumbs.default\">\n\t\t\t\t<div class=\"elementor-widget-container\">\n\t\t\t\t\t<p id=\"breadcrumbs\"><span><span><a href=\"https:\/\/denhelder.online\/de\/\">Heim<\/a><\/span><\/span><\/p>\t\t\t\t<\/div>\n\t\t\t\t<\/div>\n\t\t<div class=\"elementor-element elementor-element-1f742856 e-con-full e-flex e-con e-child\" data-id=\"1f742856\" data-element_type=\"container\" data-e-type=\"container\" data-settings=\"{&quot;jet_parallax_layout_list&quot;:[]}\">\n\t\t\t\t<div class=\"elementor-element elementor-element-48d973bc elementor-widget elementor-widget-heading\" data-id=\"48d973bc\" data-element_type=\"widget\" data-e-type=\"widget\" data-widget_type=\"heading.default\">\n\t\t\t\t<div class=\"elementor-widget-container\">\n\t\t\t\t\t<p class=\"elementor-heading-title elementor-size-default\">Folgen Sie uns in den sozialen Netzwerken:<\/p>\t\t\t\t<\/div>\n\t\t\t\t<\/div>\n\t\t\t\t<div class=\"elementor-element elementor-element-1c495ebb elementor-icon-list--layout-inline elementor-align-end elementor-list-item-link-full_width elementor-widget elementor-widget-global elementor-global-1176 elementor-widget-icon-list\" data-id=\"1c495ebb\" data-element_type=\"widget\" data-e-type=\"widget\" data-widget_type=\"icon-list.default\">\n\t\t\t\t<div class=\"elementor-widget-container\">\n\t\t\t\t\t\t\t<ul class=\"elementor-icon-list-items elementor-inline-items\">\n\t\t\t\t\t\t\t<li class=\"elementor-icon-list-item elementor-inline-item\">\n\t\t\t\t\t\t\t\t\t\t\t<a href=\"https:\/\/www.facebook.com\/ditisdenhelder\" target=\"_blank\">\n\n\t\t\t\t\t\t\t\t\t\t\t\t<span class=\"elementor-icon-list-icon\">\n\t\t\t\t\t\t\t<i aria-hidden=\"true\" class=\"fab fa-facebook\"><\/i>\t\t\t\t\t\t<\/span>\n\t\t\t\t\t\t\t\t\t\t<span class=\"elementor-icon-list-text\"><\/span>\n\t\t\t\t\t\t\t\t\t\t\t<\/a>\n\t\t\t\t\t\t\t\t\t<\/li>\n\t\t\t\t\t\t\t\t<li class=\"elementor-icon-list-item elementor-inline-item\">\n\t\t\t\t\t\t\t\t\t\t\t<a href=\"https:\/\/www.instagram.com\/ditisdenhelder\/\" target=\"_blank\">\n\n\t\t\t\t\t\t\t\t\t\t\t\t<span class=\"elementor-icon-list-icon\">\n\t\t\t\t\t\t\t<i aria-hidden=\"true\" class=\"fab fa-instagram\"><\/i>\t\t\t\t\t\t<\/span>\n\t\t\t\t\t\t\t\t\t\t<span class=\"elementor-icon-list-text\"><\/span>\n\t\t\t\t\t\t\t\t\t\t\t<\/a>\n\t\t\t\t\t\t\t\t\t<\/li>\n\t\t\t\t\t\t\t\t<li class=\"elementor-icon-list-item elementor-inline-item\">\n\t\t\t\t\t\t\t\t\t\t\t<a href=\"https:\/\/www.youtube.com\/channel\/UCxXdcocRQwb3lDwiYBp3llg\" target=\"_blank\">\n\n\t\t\t\t\t\t\t\t\t\t\t\t<span class=\"elementor-icon-list-icon\">\n\t\t\t\t\t\t\t<i aria-hidden=\"true\" class=\"fab fa-youtube\"><\/i>\t\t\t\t\t\t<\/span>\n\t\t\t\t\t\t\t\t\t\t<span class=\"elementor-icon-list-text\"><\/span>\n\t\t\t\t\t\t\t\t\t\t\t<\/a>\n\t\t\t\t\t\t\t\t\t<\/li>\n\t\t\t\t\t\t\t\t<li class=\"elementor-icon-list-item elementor-inline-item\">\n\t\t\t\t\t\t\t\t\t\t\t<a href=\"https:\/\/www.linkedin.com\/company\/citymarketing-den-helder\" target=\"_blank\">\n\n\t\t\t\t\t\t\t\t\t\t\t\t<span class=\"elementor-icon-list-icon\">\n\t\t\t\t\t\t\t<i aria-hidden=\"true\" class=\"fab fa-linkedin-in\"><\/i>\t\t\t\t\t\t<\/span>\n\t\t\t\t\t\t\t\t\t\t<span class=\"elementor-icon-list-text\"><\/span>\n\t\t\t\t\t\t\t\t\t\t\t<\/a>\n\t\t\t\t\t\t\t\t\t<\/li>\n\t\t\t\t\t\t<\/ul>\n\t\t\t\t\t\t<\/div>\n\t\t\t\t<\/div>\n\t\t\t\t<\/div>\n\t\t\t\t<\/div>\n\t\t\t\t\t<\/div>\n\t\t\t\t<\/div>\n\t\t<div class=\"elementor-element elementor-element-56ebc52e e-flex e-con-boxed e-con e-parent\" data-id=\"56ebc52e\" data-element_type=\"container\" data-e-type=\"container\" data-settings=\"{&quot;jet_parallax_layout_list&quot;:[]}\">\n\t\t\t\t\t<div class=\"e-con-inner\">\n\t\t<div class=\"elementor-element elementor-element-22964c6e e-con-full e-flex e-con e-child\" data-id=\"22964c6e\" data-element_type=\"container\" data-e-type=\"container\" data-settings=\"{&quot;jet_parallax_layout_list&quot;:[]}\">\n\t\t\t\t<div class=\"elementor-element elementor-element-4751acc6 elementor-widget__width-inherit elementor-widget elementor-widget-heading\" data-id=\"4751acc6\" data-element_type=\"widget\" data-e-type=\"widget\" data-widget_type=\"heading.default\">\n\t\t\t\t<div class=\"elementor-widget-container\">\n\t\t\t\t\t<h1 class=\"elementor-heading-title elementor-size-default\">Radweg mit Blumenzwiebeln<\/h1>\t\t\t\t<\/div>\n\t\t\t\t<\/div>\n\t\t\t\t<div class=\"elementor-element elementor-element-32cb2298 elementor-widget elementor-widget-text-editor\" data-id=\"32cb2298\" data-element_type=\"widget\" data-e-type=\"widget\" data-widget_type=\"text-editor.default\">\n\t\t\t\t<div class=\"elementor-widget-container\">\n\t\t\t\t\t\t\t\t\t<p><strong>Entdecken Sie das gr\u00f6\u00dfte Blumenzwiebelgebiet der Welt<\/strong><br \/>Wussten Sie, dass sich das gr\u00f6\u00dfte zusammenh\u00e4ngende Blumenzwiebelgebiet der Welt in der Region Kop van Noord-Holland befindet? Hier erstrecken sich endlose, farbenpr\u00e4chtige Felder bis zum Horizont. Ideal f\u00fcr einen entspannten Tagesausflug oder eine kurze Auszeit in der N\u00e4he.<\/p><p><strong>Legen Sie unterwegs besondere Zwischenstopps ein.<\/strong><br \/>W\u00e4hrend Ihres Besuchs gibt es viele interessante Orte zu entdecken. Denken Sie an authentische Windm\u00fchlen, charmante D\u00f6rfer und \u00fcberraschende Museen. Verbinden Sie Ihre Reise mit einem Besuch lokaler Sehensw\u00fcrdigkeiten und machen Sie Ihren Urlaub zu einem unvergesslichen Erlebnis.<\/p><p><strong>Genie\u00dfen Sie Ihr eigenes Land sicher und unbesorgt.<\/strong><br \/>In der Region Kop van Noord-Holland muss man nicht weit reisen, um etwas Besonderes zu erleben. Es ist ein sicheres und gut erreichbares Reiseziel, wo man Natur, Kultur und einzigartige Ausblicke in vollen Z\u00fcgen genie\u00dfen kann. Ideal f\u00fcr alle, die Ruhe und Geborgenheit suchen.<\/p>\t\t\t\t\t\t\t\t<\/div>\n\t\t\t\t<\/div>\n\t\t<div class=\"elementor-element elementor-element-76855e84 e-con-full e-flex e-con e-child\" data-id=\"76855e84\" data-element_type=\"container\" data-e-type=\"container\" data-settings=\"{&quot;jet_parallax_layout_list&quot;:[]}\">\n\t\t\t\t<div class=\"elementor-element elementor-element-42f43bb1 elementor-mobile-align-justify elementor-widget-mobile__width-inherit elementor-tablet-align-justify elementor-widget elementor-widget-button\" data-id=\"42f43bb1\" data-element_type=\"widget\" data-e-type=\"widget\" data-widget_type=\"button.default\">\n\t\t\t\t<div class=\"elementor-widget-container\">\n\t\t\t\t\t\t\t\t\t<div class=\"elementor-button-wrapper\">\n\t\t\t\t\t<a class=\"elementor-button elementor-button-link elementor-size-sm\" href=\"https:\/\/www.fietsknoop.nl\/fietsroute\/3403513\/callantsoog-den-helder-bollenroute\" target=\"_blank\">\n\t\t\t\t\t\t<span class=\"elementor-button-content-wrapper\">\n\t\t\t\t\t\t<span class=\"elementor-button-icon\">\n\t\t\t\t<i aria-hidden=\"true\" class=\"fas fa-chevron-right\"><\/i>\t\t\t<\/span>\n\t\t\t\t\t\t\t\t\t<span class=\"elementor-button-text\">Routen<\/span>\n\t\t\t\t\t<\/span>\n\t\t\t\t\t<\/a>\n\t\t\t\t<\/div>\n\t\t\t\t\t\t\t\t<\/div>\n\t\t\t\t<\/div>\n\t\t\t\t<\/div>\n\t\t\t\t<\/div>\n\t\t<div class=\"elementor-element elementor-element-2b84aaaa e-con-full e-flex e-con e-child\" data-id=\"2b84aaaa\" data-element_type=\"container\" data-e-type=\"container\" data-settings=\"{&quot;jet_parallax_layout_list&quot;:[]}\">\n\t\t\t\t<div class=\"elementor-element elementor-element-580982d8 elementor-widget elementor-widget-image\" data-id=\"580982d8\" data-element_type=\"widget\" data-e-type=\"widget\" data-widget_type=\"image.default\">\n\t\t\t\t<div class=\"elementor-widget-container\">\n\t\t\t\t\t\t\t\t\t\t\t\t\t\t\t<img fetchpriority=\"high\" decoding=\"async\" width=\"800\" height=\"450\" src=\"https:\/\/denhelder.online\/wp-content\/uploads\/2025\/01\/Fietsen-bollenvelden-1024x576.jpg\" class=\"attachment-large size-large wp-image-1714\" alt=\"Radfahren durch Blumenzwiebelfelder auf der Kanuroute\" srcset=\"https:\/\/denhelder.online\/wp-content\/uploads\/2025\/01\/Fietsen-bollenvelden-1024x576.jpg 1024w, https:\/\/denhelder.online\/wp-content\/uploads\/2025\/01\/Fietsen-bollenvelden-300x169.jpg 300w, https:\/\/denhelder.online\/wp-content\/uploads\/2025\/01\/Fietsen-bollenvelden-768x432.jpg 768w, https:\/\/denhelder.online\/wp-content\/uploads\/2025\/01\/Fietsen-bollenvelden-1536x865.jpg 1536w, https:\/\/denhelder.online\/wp-content\/uploads\/2025\/01\/Fietsen-bollenvelden-600x338.jpg 600w, https:\/\/denhelder.online\/wp-content\/uploads\/2025\/01\/Fietsen-bollenvelden.jpg 1929w\" sizes=\"(max-width: 800px) 100vw, 800px\" \/>\t\t\t\t\t\t\t\t\t\t\t\t\t\t\t<\/div>\n\t\t\t\t<\/div>\n\t\t\t\t<\/div>\n\t\t\t\t\t<\/div>\n\t\t\t\t<\/div>\n\t\t\t\t<\/div>","protected":false},"excerpt":{"rendered":"<p>Volg ons op social: Bloembollenfietsroute Ontdek het grootste bloembollengebied ter wereldWist je dat het grootste aaneengesloten bloembollengebied ter wereld te vinden is in de Kop van Noord-Holland? Hier geniet je van eindeloze kleurrijke velden die zich uitstrekken tot aan de horizon. Perfect voor een ontspannen dagje uit of een korte vakantie dicht bij huis. Maak [&hellip;]<\/p>\n","protected":false},"author":17,"featured_media":1714,"parent":1683,"menu_order":0,"comment_status":"closed","ping_status":"closed","template":"elementor_header_footer","meta":{"footnotes":""},"tags":[],"doelgroep":[6027,6029],"categorie":[5677],"class_list":["post-1698","page","type-page","status-publish","has-post-thumbnail","hentry","doelgroep-inwoner","doelgroep-toerist","categorie-kunst-cultuur"],"yoast_head":"<!-- This site is optimized with the Yoast SEO Premium plugin v24.7 (Yoast SEO v27.5) - https:\/\/yoast.com\/product\/yoast-seo-premium-wordpress\/ -->\n<title>Bloembollen fietsroute Den Helder Kop van Noord-Holland<\/title>\n<meta name=\"description\" content=\"&quot;Bezoek het grootste bloembollengebied ter wereld in de Kop van Noord-Holland. Ontdek kleurrijke velden en bijzondere bezienswaardigheden.&quot;\" \/>\n<meta name=\"robots\" content=\"index, follow, max-snippet:-1, max-image-preview:large, max-video-preview:-1\" \/>\n<link rel=\"canonical\" href=\"https:\/\/denhelder.online\/de\/radfahren-in-den-helder\/entdecken-sie-das-groste-blumenzwiebelgebiet-der-niederlande\/\" \/>\n<meta property=\"og:locale\" content=\"de_DE\" \/>\n<meta property=\"og:type\" content=\"article\" \/>\n<meta property=\"og:title\" content=\"Bloembollenfietsroute\" \/>\n<meta property=\"og:description\" content=\"&quot;Bezoek het grootste bloembollengebied ter wereld in de Kop van Noord-Holland. Ontdek kleurrijke velden en bijzondere bezienswaardigheden.&quot;\" \/>\n<meta property=\"og:url\" content=\"https:\/\/denhelder.online\/de\/radfahren-in-den-helder\/entdecken-sie-das-groste-blumenzwiebelgebiet-der-niederlande\/\" \/>\n<meta property=\"og:site_name\" content=\"Den Helder Online\" \/>\n<meta property=\"article:modified_time\" content=\"2026-03-24T08:59:18+00:00\" \/>\n<meta property=\"og:image\" content=\"https:\/\/denhelder.online\/wp-content\/uploads\/2025\/01\/Fietsen-bollenvelden.jpg\" \/>\n\t<meta property=\"og:image:width\" content=\"1929\" \/>\n\t<meta property=\"og:image:height\" content=\"1086\" \/>\n\t<meta property=\"og:image:type\" content=\"image\/jpeg\" \/>\n<meta name=\"twitter:card\" content=\"summary_large_image\" \/>\n<meta name=\"twitter:label1\" content=\"Gesch\u00e4tzte Lesezeit\" \/>\n\t<meta name=\"twitter:data1\" content=\"1\u00a0Minute\" \/>\n<script type=\"application\/ld+json\" class=\"yoast-schema-graph\">{\"@context\":\"https:\\\/\\\/schema.org\",\"@graph\":[{\"@type\":\"WebPage\",\"@id\":\"https:\\\/\\\/denhelder.online\\\/en\\\/cycling-in-den-helder\\\/discover-the-largest-flower-bulb-area-in-the-netherlands\\\/\",\"url\":\"https:\\\/\\\/denhelder.online\\\/en\\\/cycling-in-den-helder\\\/discover-the-largest-flower-bulb-area-in-the-netherlands\\\/\",\"name\":\"Bloembollen fietsroute Den Helder Kop van Noord-Holland\",\"isPartOf\":{\"@id\":\"https:\\\/\\\/denhelder.online\\\/#website\"},\"primaryImageOfPage\":{\"@id\":\"https:\\\/\\\/denhelder.online\\\/en\\\/cycling-in-den-helder\\\/discover-the-largest-flower-bulb-area-in-the-netherlands\\\/#primaryimage\"},\"image\":{\"@id\":\"https:\\\/\\\/denhelder.online\\\/en\\\/cycling-in-den-helder\\\/discover-the-largest-flower-bulb-area-in-the-netherlands\\\/#primaryimage\"},\"thumbnailUrl\":\"https:\\\/\\\/denhelder.online\\\/wp-content\\\/uploads\\\/2025\\\/01\\\/Fietsen-bollenvelden.jpg\",\"datePublished\":\"2025-01-17T13:19:05+00:00\",\"dateModified\":\"2026-03-24T08:59:18+00:00\",\"description\":\"\\\"Bezoek het grootste bloembollengebied ter wereld in de Kop van Noord-Holland. Ontdek kleurrijke velden en bijzondere bezienswaardigheden.\\\"\",\"breadcrumb\":{\"@id\":\"https:\\\/\\\/denhelder.online\\\/en\\\/cycling-in-den-helder\\\/discover-the-largest-flower-bulb-area-in-the-netherlands\\\/#breadcrumb\"},\"inLanguage\":\"de\",\"potentialAction\":[{\"@type\":\"ReadAction\",\"target\":[\"https:\\\/\\\/denhelder.online\\\/en\\\/cycling-in-den-helder\\\/discover-the-largest-flower-bulb-area-in-the-netherlands\\\/\"]}]},{\"@type\":\"ImageObject\",\"inLanguage\":\"de\",\"@id\":\"https:\\\/\\\/denhelder.online\\\/en\\\/cycling-in-den-helder\\\/discover-the-largest-flower-bulb-area-in-the-netherlands\\\/#primaryimage\",\"url\":\"https:\\\/\\\/denhelder.online\\\/wp-content\\\/uploads\\\/2025\\\/01\\\/Fietsen-bollenvelden.jpg\",\"contentUrl\":\"https:\\\/\\\/denhelder.online\\\/wp-content\\\/uploads\\\/2025\\\/01\\\/Fietsen-bollenvelden.jpg\",\"width\":1929,\"height\":1086,\"caption\":\"Fietsen bollenvelden op de kanoroute\"},{\"@type\":\"BreadcrumbList\",\"@id\":\"https:\\\/\\\/denhelder.online\\\/en\\\/cycling-in-den-helder\\\/discover-the-largest-flower-bulb-area-in-the-netherlands\\\/#breadcrumb\",\"itemListElement\":[{\"@type\":\"ListItem\",\"position\":1,\"name\":\"Home\",\"item\":\"https:\\\/\\\/denhelder.online\\\/\"},{\"@type\":\"ListItem\",\"position\":2,\"name\":\"Fietsen\",\"item\":\"https:\\\/\\\/denhelder.online\\\/en\\\/cycling-in-den-helder\\\/\"},{\"@type\":\"ListItem\",\"position\":3,\"name\":\"Bloembollenfietsroute\"}]},{\"@type\":\"WebSite\",\"@id\":\"https:\\\/\\\/denhelder.online\\\/#website\",\"url\":\"https:\\\/\\\/denhelder.online\\\/\",\"name\":\"Den Helder Online\",\"description\":\"Beleef Den Helder\",\"publisher\":{\"@id\":\"https:\\\/\\\/denhelder.online\\\/#organization\"},\"potentialAction\":[{\"@type\":\"SearchAction\",\"target\":{\"@type\":\"EntryPoint\",\"urlTemplate\":\"https:\\\/\\\/denhelder.online\\\/?s={search_term_string}\"},\"query-input\":{\"@type\":\"PropertyValueSpecification\",\"valueRequired\":true,\"valueName\":\"search_term_string\"}}],\"inLanguage\":\"de\"},{\"@type\":\"Organization\",\"@id\":\"https:\\\/\\\/denhelder.online\\\/#organization\",\"name\":\"Den Helder Online\",\"url\":\"https:\\\/\\\/denhelder.online\\\/\",\"logo\":{\"@type\":\"ImageObject\",\"inLanguage\":\"de\",\"@id\":\"https:\\\/\\\/denhelder.online\\\/#\\\/schema\\\/logo\\\/image\\\/\",\"url\":\"https:\\\/\\\/denhelder.online\\\/wp-content\\\/uploads\\\/2021\\\/12\\\/DitIsDH-Logo-26-tagline.svg\",\"contentUrl\":\"https:\\\/\\\/denhelder.online\\\/wp-content\\\/uploads\\\/2021\\\/12\\\/DitIsDH-Logo-26-tagline.svg\",\"width\":1717.0999999999999,\"height\":934.89999999999998,\"caption\":\"Den Helder Online\"},\"image\":{\"@id\":\"https:\\\/\\\/denhelder.online\\\/#\\\/schema\\\/logo\\\/image\\\/\"}}]}<\/script>\n<!-- \/ Yoast SEO Premium plugin. -->","yoast_head_json":{"title":"Blumenzwiebel-Radweg Den Helder Nordholland","description":"\"Besuchen Sie das gr\\u00f6\\u00dfte Blumenzwiebelgebiet der Welt in der Region Kop van Noord-Holland. Entdecken Sie farbenpr\\u00e4chtige Felder und einzigartige Sehensw\\u00fcrdigkeiten.\"","robots":{"index":"index","follow":"follow","max-snippet":"max-snippet:-1","max-image-preview":"max-image-preview:large","max-video-preview":"max-video-preview:-1"},"canonical":"https:\/\/denhelder.online\/de\/radfahren-in-den-helder\/entdecken-sie-das-groste-blumenzwiebelgebiet-der-niederlande\/","og_locale":"de_DE","og_type":"article","og_title":"Bloembollenfietsroute","og_description":"\"Bezoek het grootste bloembollengebied ter wereld in de Kop van Noord-Holland. Ontdek kleurrijke velden en bijzondere bezienswaardigheden.\"","og_url":"https:\/\/denhelder.online\/de\/radfahren-in-den-helder\/entdecken-sie-das-groste-blumenzwiebelgebiet-der-niederlande\/","og_site_name":"Den Helder Online","article_modified_time":"2026-03-24T08:59:18+00:00","og_image":[{"width":1929,"height":1086,"url":"https:\/\/denhelder.online\/wp-content\/uploads\/2025\/01\/Fietsen-bollenvelden.jpg","type":"image\/jpeg"}],"twitter_card":"summary_large_image","twitter_misc":{"Gesch\u00e4tzte Lesezeit":"1\u00a0Minute"},"schema":{"@context":"https:\/\/schema.org","@graph":[{"@type":"WebPage","@id":"https:\/\/denhelder.online\/en\/cycling-in-den-helder\/discover-the-largest-flower-bulb-area-in-the-netherlands\/","url":"https:\/\/denhelder.online\/en\/cycling-in-den-helder\/discover-the-largest-flower-bulb-area-in-the-netherlands\/","name":"Blumenzwiebel-Radweg Den Helder Nordholland","isPartOf":{"@id":"https:\/\/denhelder.online\/#website"},"primaryImageOfPage":{"@id":"https:\/\/denhelder.online\/en\/cycling-in-den-helder\/discover-the-largest-flower-bulb-area-in-the-netherlands\/#primaryimage"},"image":{"@id":"https:\/\/denhelder.online\/en\/cycling-in-den-helder\/discover-the-largest-flower-bulb-area-in-the-netherlands\/#primaryimage"},"thumbnailUrl":"https:\/\/denhelder.online\/wp-content\/uploads\/2025\/01\/Fietsen-bollenvelden.jpg","datePublished":"2025-01-17T13:19:05+00:00","dateModified":"2026-03-24T08:59:18+00:00","description":"\"Besuchen Sie das gr\\u00f6\\u00dfte Blumenzwiebelgebiet der Welt in der Region Kop van Noord-Holland. Entdecken Sie farbenpr\\u00e4chtige Felder und einzigartige Sehensw\\u00fcrdigkeiten.\"","breadcrumb":{"@id":"https:\/\/denhelder.online\/en\/cycling-in-den-helder\/discover-the-largest-flower-bulb-area-in-the-netherlands\/#breadcrumb"},"inLanguage":"de","potentialAction":[{"@type":"ReadAction","target":["https:\/\/denhelder.online\/en\/cycling-in-den-helder\/discover-the-largest-flower-bulb-area-in-the-netherlands\/"]}]},{"@type":"ImageObject","inLanguage":"de","@id":"https:\/\/denhelder.online\/en\/cycling-in-den-helder\/discover-the-largest-flower-bulb-area-in-the-netherlands\/#primaryimage","url":"https:\/\/denhelder.online\/wp-content\/uploads\/2025\/01\/Fietsen-bollenvelden.jpg","contentUrl":"https:\/\/denhelder.online\/wp-content\/uploads\/2025\/01\/Fietsen-bollenvelden.jpg","width":1929,"height":1086,"caption":"Fietsen bollenvelden op de kanoroute"},{"@type":"BreadcrumbList","@id":"https:\/\/denhelder.online\/en\/cycling-in-den-helder\/discover-the-largest-flower-bulb-area-in-the-netherlands\/#breadcrumb","itemListElement":[{"@type":"ListItem","position":1,"name":"Home","item":"https:\/\/denhelder.online\/"},{"@type":"ListItem","position":2,"name":"Fietsen","item":"https:\/\/denhelder.online\/en\/cycling-in-den-helder\/"},{"@type":"ListItem","position":3,"name":"Bloembollenfietsroute"}]},{"@type":"WebSite","@id":"https:\/\/denhelder.online\/#website","url":"https:\/\/denhelder.online\/","name":"Den Helder Online","description":"Erleben Sie Den Helder","publisher":{"@id":"https:\/\/denhelder.online\/#organization"},"potentialAction":[{"@type":"SearchAction","target":{"@type":"EntryPoint","urlTemplate":"https:\/\/denhelder.online\/?s={search_term_string}"},"query-input":{"@type":"PropertyValueSpecification","valueRequired":true,"valueName":"search_term_string"}}],"inLanguage":"de"},{"@type":"Organization","@id":"https:\/\/denhelder.online\/#organization","name":"Den Helder Online","url":"https:\/\/denhelder.online\/","logo":{"@type":"ImageObject","inLanguage":"de","@id":"https:\/\/denhelder.online\/#\/schema\/logo\/image\/","url":"https:\/\/denhelder.online\/wp-content\/uploads\/2021\/12\/DitIsDH-Logo-26-tagline.svg","contentUrl":"https:\/\/denhelder.online\/wp-content\/uploads\/2021\/12\/DitIsDH-Logo-26-tagline.svg","width":1717.0999999999999,"height":934.89999999999998,"caption":"Den Helder Online"},"image":{"@id":"https:\/\/denhelder.online\/#\/schema\/logo\/image\/"}}]}},"_links":{"self":[{"href":"https:\/\/denhelder.online\/de\/wp-json\/wp\/v2\/pages\/1698","targetHints":{"allow":["GET"]}}],"collection":[{"href":"https:\/\/denhelder.online\/de\/wp-json\/wp\/v2\/pages"}],"about":[{"href":"https:\/\/denhelder.online\/de\/wp-json\/wp\/v2\/types\/page"}],"author":[{"embeddable":true,"href":"https:\/\/denhelder.online\/de\/wp-json\/wp\/v2\/users\/17"}],"replies":[{"embeddable":true,"href":"https:\/\/denhelder.online\/de\/wp-json\/wp\/v2\/comments?post=1698"}],"version-history":[{"count":0,"href":"https:\/\/denhelder.online\/de\/wp-json\/wp\/v2\/pages\/1698\/revisions"}],"up":[{"embeddable":true,"href":"https:\/\/denhelder.online\/de\/wp-json\/wp\/v2\/pages\/1683"}],"wp:featuredmedia":[{"embeddable":true,"href":"https:\/\/denhelder.online\/de\/wp-json\/wp\/v2\/media\/1714"}],"wp:attachment":[{"href":"https:\/\/denhelder.online\/de\/wp-json\/wp\/v2\/media?parent=1698"}],"wp:term":[{"taxonomy":"post_tag","embeddable":true,"href":"https:\/\/denhelder.online\/de\/wp-json\/wp\/v2\/tags?post=1698"},{"taxonomy":"doelgroep","embeddable":true,"href":"https:\/\/denhelder.online\/de\/wp-json\/wp\/v2\/doelgroep?post=1698"},{"taxonomy":"categorie","embeddable":true,"href":"https:\/\/denhelder.online\/de\/wp-json\/wp\/v2\/categorie?post=1698"}],"curies":[{"name":"wp","href":"https:\/\/api.w.org\/{rel}","templated":true}]}}