{"id":1766,"date":"2025-01-17T15:19:14","date_gmt":"2025-01-17T14:19:14","guid":{"rendered":"https:\/\/denhelder.online\/?page_id=1766"},"modified":"2026-01-15T09:25:25","modified_gmt":"2026-01-15T08:25:25","slug":"den-helder-mit-dem-fahrrad-entdecken-durchquerungsroute","status":"publish","type":"page","link":"https:\/\/denhelder.online\/de\/fietsen\/ontdek-den-helder-per-fiets-doortraproute\/","title":{"rendered":"Entdecken Sie die Doortraproute: Kultur und Natur in Den Helder"},"content":{"rendered":"<div data-elementor-type=\"wp-page\" data-elementor-id=\"1766\" class=\"elementor elementor-1766\" data-elementor-post-type=\"page\">\n\t\t\t\t<div class=\"elementor-element elementor-element-14183fbc e-flex e-con-boxed e-con e-parent\" data-id=\"14183fbc\" data-element_type=\"container\" data-e-type=\"container\" data-settings=\"{&quot;jet_parallax_layout_list&quot;:[]}\">\n\t\t\t\t\t<div class=\"e-con-inner\">\n\t\t<div class=\"elementor-element elementor-element-49e013a9 e-flex e-con-boxed e-con e-child\" data-id=\"49e013a9\" data-element_type=\"container\" data-e-type=\"container\" data-settings=\"{&quot;background_background&quot;:&quot;classic&quot;,&quot;jet_parallax_layout_list&quot;:[]}\">\n\t\t\t\t\t<div class=\"e-con-inner\">\n\t\t<div class=\"elementor-element elementor-element-120861be e-con-full e-flex e-con e-child\" data-id=\"120861be\" data-element_type=\"container\" data-e-type=\"container\" data-settings=\"{&quot;jet_parallax_layout_list&quot;:[]}\">\n\t\t\t\t<div class=\"elementor-element elementor-element-4f8f28e2 elementor-widget elementor-widget-image\" data-id=\"4f8f28e2\" data-element_type=\"widget\" data-e-type=\"widget\" data-widget_type=\"image.default\">\n\t\t\t\t<div class=\"elementor-widget-container\">\n\t\t\t\t\t\t\t\t\t\t\t\t\t\t\t<img fetchpriority=\"high\" decoding=\"async\" width=\"800\" height=\"534\" src=\"https:\/\/denhelder.online\/wp-content\/uploads\/2025\/01\/Doortraproute-1024x683.jpg\" class=\"attachment-large size-large wp-image-1760\" alt=\"Fahrradkultur Natur\" srcset=\"https:\/\/denhelder.online\/wp-content\/uploads\/2025\/01\/Doortraproute-1024x683.jpg 1024w, https:\/\/denhelder.online\/wp-content\/uploads\/2025\/01\/Doortraproute-300x200.jpg 300w, https:\/\/denhelder.online\/wp-content\/uploads\/2025\/01\/Doortraproute-768x512.jpg 768w, https:\/\/denhelder.online\/wp-content\/uploads\/2025\/01\/Doortraproute-1536x1024.jpg 1536w, https:\/\/denhelder.online\/wp-content\/uploads\/2025\/01\/Doortraproute-2048x1365.jpg 2048w, https:\/\/denhelder.online\/wp-content\/uploads\/2025\/01\/Doortraproute-600x400.jpg 600w\" sizes=\"(max-width: 800px) 100vw, 800px\" \/>\t\t\t\t\t\t\t\t\t\t\t\t\t\t\t<\/div>\n\t\t\t\t<\/div>\n\t\t\t\t<\/div>\n\t\t<div class=\"elementor-element elementor-element-6f91dc8a e-con-full e-flex e-con e-child\" data-id=\"6f91dc8a\" data-element_type=\"container\" data-e-type=\"container\" data-settings=\"{&quot;jet_parallax_layout_list&quot;:[]}\">\n\t\t\t\t<div class=\"elementor-element elementor-element-8da5b80 elementor-widget__width-inherit elementor-widget elementor-widget-heading\" data-id=\"8da5b80\" data-element_type=\"widget\" data-e-type=\"widget\" data-widget_type=\"heading.default\">\n\t\t\t\t<div class=\"elementor-widget-container\">\n\t\t\t\t\t<h2 class=\"elementor-heading-title elementor-size-default\">Entdecken Sie die Doortraproute: Kultur und Natur in Den Helder<\/h2>\t\t\t\t<\/div>\n\t\t\t\t<\/div>\n\t\t\t\t<div class=\"elementor-element elementor-element-768b8d9 elementor-widget elementor-widget-text-editor\" data-id=\"768b8d9\" data-element_type=\"widget\" data-e-type=\"widget\" data-widget_type=\"text-editor.default\">\n\t\t\t\t<div class=\"elementor-widget-container\">\n\t\t\t\t\t\t\t\t\t<p><strong>Radfahren durch Geschichte und Natur<\/strong><br \/>Erkunden Sie Den Helder mit dem Fahrrad und genie\u00dfen Sie eine Route voller Geschichte und Natur. Ihre Reise beginnt entlang der beeindruckenden Festungen und Bunker des Liniedijk. Halten Sie an einzigartigen Sehensw\u00fcrdigkeiten wie dem 110 Jahre alten Wasserturm. Entdecken Sie Willemsoord, eine einzigartige und monumentale Werftanlage, die Sie in vergangene Zeiten entf\u00fchrt.<\/p><p><strong>Das Hinterland von Den Helder erwartet Sie<\/strong><br \/>Von Willemsoord aus radeln Sie ins Hinterland. Eine 5 Kilometer lange Promenade f\u00fchrt Sie zum Fort Kijkduin, einem historischen Wahrzeichen. Folgen Sie anschlie\u00dfend dem Grafelijkheidsweg. Genie\u00dfen Sie den Anblick der grasenden schottischen Hochlandrinder \u2013 ein wundersch\u00f6ner Anblick, den Sie sich nicht entgehen lassen sollten.<\/p><p><strong>Genie\u00dfen Sie Natur und Ruhe<\/strong><br \/>Die Route f\u00fchrt weiter durch die D\u00fcnen und vorbei an der Schutzh\u00fctte, einem Gebiet, in dem Sportpl\u00e4tze in eine gr\u00fcne Oase verwandelt wurden. Radeln Sie durch idyllische Landschaften und bewundern Sie die vielf\u00e4ltige Flora und Fauna. Das ist Den Helder von seiner sch\u00f6nsten Seite: eine gelungene Kombination aus Kultur, Geschichte und atemberaubender Natur.<\/p>\t\t\t\t\t\t\t\t<\/div>\n\t\t\t\t<\/div>\n\t\t<div class=\"elementor-element elementor-element-dd09b49 e-con-full e-flex e-con e-child\" data-id=\"dd09b49\" data-element_type=\"container\" data-e-type=\"container\" data-settings=\"{&quot;jet_parallax_layout_list&quot;:[]}\">\n\t\t\t\t<div class=\"elementor-element elementor-element-4e2ceb9f elementor-mobile-align-justify elementor-widget-mobile__width-inherit elementor-tablet-align-justify elementor-widget elementor-widget-button\" data-id=\"4e2ceb9f\" data-element_type=\"widget\" data-e-type=\"widget\" data-widget_type=\"button.default\">\n\t\t\t\t<div class=\"elementor-widget-container\">\n\t\t\t\t\t\t\t\t\t<div class=\"elementor-button-wrapper\">\n\t\t\t\t\t<a class=\"elementor-button elementor-button-link elementor-size-sm\" href=\"\">\n\t\t\t\t\t\t<span class=\"elementor-button-content-wrapper\">\n\t\t\t\t\t\t<span class=\"elementor-button-icon\">\n\t\t\t\t<i aria-hidden=\"true\" class=\"fas fa-chevron-right\"><\/i>\t\t\t<\/span>\n\t\t\t\t\t\t\t\t\t<span class=\"elementor-button-text\">Route<\/span>\n\t\t\t\t\t<\/span>\n\t\t\t\t\t<\/a>\n\t\t\t\t<\/div>\n\t\t\t\t\t\t\t\t<\/div>\n\t\t\t\t<\/div>\n\t\t\t\t<\/div>\n\t\t\t\t<\/div>\n\t\t\t\t\t<\/div>\n\t\t\t\t<\/div>\n\t\t\t\t\t<\/div>\n\t\t\t\t<\/div>\n\t\t\t\t<\/div>","protected":false},"excerpt":{"rendered":"<p>Ontdek de Doortraproute: Cultuur en Natuur in Den Helder Fietsen langs historie en natuur Verken Den Helder op de fiets en geniet van een route vol geschiedenis en natuur. Je begint je tocht langs indrukwekkende forten en bunkers op de Liniedijk. Stop bij bijzondere bezienswaardigheden, zoals de 110 jaar oude watertoren. Ontdek Willemsoord, een uniek [&hellip;]<\/p>\n","protected":false},"author":17,"featured_media":9677,"parent":1683,"menu_order":0,"comment_status":"closed","ping_status":"closed","template":"elementor_header_footer","meta":{"footnotes":""},"tags":[],"doelgroep":[],"categorie":[],"class_list":["post-1766","page","type-page","status-publish","has-post-thumbnail","hentry"],"yoast_head":"<!-- This site is optimized with the Yoast SEO Premium plugin v24.7 (Yoast SEO v27.5) - https:\/\/yoast.com\/product\/yoast-seo-premium-wordpress\/ -->\n<title>fietsen cultuur den helder natuur bunkers forten<\/title>\n<meta name=\"description\" content=\"Geniet van cultuur en natuur op de Doortraproute. Van Willemsoord tot de Grafelijkheidsweg.\" \/>\n<meta name=\"robots\" content=\"index, follow, max-snippet:-1, max-image-preview:large, max-video-preview:-1\" \/>\n<link rel=\"canonical\" href=\"https:\/\/denhelder.online\/de\/radfahren-in-den-helder\/den-helder-mit-dem-fahrrad-entdecken-durchquerungsroute\/\" \/>\n<meta property=\"og:locale\" content=\"de_DE\" \/>\n<meta property=\"og:type\" content=\"article\" \/>\n<meta property=\"og:title\" content=\"Ontdek de Doortraproute: Cultuur en Natuur in Den Helder\" \/>\n<meta property=\"og:description\" content=\"Geniet van cultuur en natuur op de Doortraproute. Van Willemsoord tot de Grafelijkheidsweg.\" \/>\n<meta property=\"og:url\" content=\"https:\/\/denhelder.online\/de\/radfahren-in-den-helder\/den-helder-mit-dem-fahrrad-entdecken-durchquerungsroute\/\" \/>\n<meta property=\"og:site_name\" content=\"Den Helder Online\" \/>\n<meta property=\"article:modified_time\" content=\"2026-01-15T08:25:25+00:00\" \/>\n<meta property=\"og:image\" content=\"https:\/\/denhelder.online\/wp-content\/uploads\/2025\/04\/racefietsers-op-de-dijk.jpg\" \/>\n\t<meta property=\"og:image:width\" content=\"2448\" \/>\n\t<meta property=\"og:image:height\" content=\"1632\" \/>\n\t<meta property=\"og:image:type\" content=\"image\/jpeg\" \/>\n<meta name=\"twitter:card\" content=\"summary_large_image\" \/>\n<meta name=\"twitter:label1\" content=\"Gesch\u00e4tzte Lesezeit\" \/>\n\t<meta name=\"twitter:data1\" content=\"2\u00a0Minuten\" \/>\n<script type=\"application\/ld+json\" class=\"yoast-schema-graph\">{\"@context\":\"https:\\\/\\\/schema.org\",\"@graph\":[{\"@type\":\"WebPage\",\"@id\":\"https:\\\/\\\/denhelder.online\\\/en\\\/cycling-in-den-helder\\\/discover-den-helder-by-bike-through-route\\\/\",\"url\":\"https:\\\/\\\/denhelder.online\\\/en\\\/cycling-in-den-helder\\\/discover-den-helder-by-bike-through-route\\\/\",\"name\":\"fietsen cultuur den helder natuur bunkers forten\",\"isPartOf\":{\"@id\":\"https:\\\/\\\/denhelder.online\\\/#website\"},\"primaryImageOfPage\":{\"@id\":\"https:\\\/\\\/denhelder.online\\\/en\\\/cycling-in-den-helder\\\/discover-den-helder-by-bike-through-route\\\/#primaryimage\"},\"image\":{\"@id\":\"https:\\\/\\\/denhelder.online\\\/en\\\/cycling-in-den-helder\\\/discover-den-helder-by-bike-through-route\\\/#primaryimage\"},\"thumbnailUrl\":\"https:\\\/\\\/denhelder.online\\\/wp-content\\\/uploads\\\/2025\\\/04\\\/racefietsers-op-de-dijk.jpg\",\"datePublished\":\"2025-01-17T14:19:14+00:00\",\"dateModified\":\"2026-01-15T08:25:25+00:00\",\"description\":\"Geniet van cultuur en natuur op de Doortraproute. Van Willemsoord tot de Grafelijkheidsweg.\",\"breadcrumb\":{\"@id\":\"https:\\\/\\\/denhelder.online\\\/en\\\/cycling-in-den-helder\\\/discover-den-helder-by-bike-through-route\\\/#breadcrumb\"},\"inLanguage\":\"de\",\"potentialAction\":[{\"@type\":\"ReadAction\",\"target\":[\"https:\\\/\\\/denhelder.online\\\/en\\\/cycling-in-den-helder\\\/discover-den-helder-by-bike-through-route\\\/\"]}]},{\"@type\":\"ImageObject\",\"inLanguage\":\"de\",\"@id\":\"https:\\\/\\\/denhelder.online\\\/en\\\/cycling-in-den-helder\\\/discover-den-helder-by-bike-through-route\\\/#primaryimage\",\"url\":\"https:\\\/\\\/denhelder.online\\\/wp-content\\\/uploads\\\/2025\\\/04\\\/racefietsers-op-de-dijk.jpg\",\"contentUrl\":\"https:\\\/\\\/denhelder.online\\\/wp-content\\\/uploads\\\/2025\\\/04\\\/racefietsers-op-de-dijk.jpg\",\"width\":2448,\"height\":1632,\"caption\":\"Wielrenners op de zeedijk van Den Helder\"},{\"@type\":\"BreadcrumbList\",\"@id\":\"https:\\\/\\\/denhelder.online\\\/en\\\/cycling-in-den-helder\\\/discover-den-helder-by-bike-through-route\\\/#breadcrumb\",\"itemListElement\":[{\"@type\":\"ListItem\",\"position\":1,\"name\":\"Home\",\"item\":\"https:\\\/\\\/denhelder.online\\\/\"},{\"@type\":\"ListItem\",\"position\":2,\"name\":\"Fietsen\",\"item\":\"https:\\\/\\\/denhelder.online\\\/en\\\/cycling-in-den-helder\\\/\"},{\"@type\":\"ListItem\",\"position\":3,\"name\":\"Ontdek de Doortraproute: Cultuur en Natuur in Den Helder\"}]},{\"@type\":\"WebSite\",\"@id\":\"https:\\\/\\\/denhelder.online\\\/#website\",\"url\":\"https:\\\/\\\/denhelder.online\\\/\",\"name\":\"Den Helder Online\",\"description\":\"Beleef Den Helder\",\"publisher\":{\"@id\":\"https:\\\/\\\/denhelder.online\\\/#organization\"},\"potentialAction\":[{\"@type\":\"SearchAction\",\"target\":{\"@type\":\"EntryPoint\",\"urlTemplate\":\"https:\\\/\\\/denhelder.online\\\/?s={search_term_string}\"},\"query-input\":{\"@type\":\"PropertyValueSpecification\",\"valueRequired\":true,\"valueName\":\"search_term_string\"}}],\"inLanguage\":\"de\"},{\"@type\":\"Organization\",\"@id\":\"https:\\\/\\\/denhelder.online\\\/#organization\",\"name\":\"Den Helder Online\",\"url\":\"https:\\\/\\\/denhelder.online\\\/\",\"logo\":{\"@type\":\"ImageObject\",\"inLanguage\":\"de\",\"@id\":\"https:\\\/\\\/denhelder.online\\\/#\\\/schema\\\/logo\\\/image\\\/\",\"url\":\"https:\\\/\\\/denhelder.online\\\/wp-content\\\/uploads\\\/2021\\\/12\\\/DitIsDH-Logo-26-tagline.svg\",\"contentUrl\":\"https:\\\/\\\/denhelder.online\\\/wp-content\\\/uploads\\\/2021\\\/12\\\/DitIsDH-Logo-26-tagline.svg\",\"width\":1717.0999999999999,\"height\":934.89999999999998,\"caption\":\"Den Helder Online\"},\"image\":{\"@id\":\"https:\\\/\\\/denhelder.online\\\/#\\\/schema\\\/logo\\\/image\\\/\"}}]}<\/script>\n<!-- \/ Yoast SEO Premium plugin. -->","yoast_head_json":{"title":"Radfahren Kultur H\u00f6hle Helder Natur Bunker Festungen","description":"Genie\u00dfen Sie Kultur und Natur auf der Doortraproute, von Willemsoord bis zum Grafelijkheidsweg.","robots":{"index":"index","follow":"follow","max-snippet":"max-snippet:-1","max-image-preview":"max-image-preview:large","max-video-preview":"max-video-preview:-1"},"canonical":"https:\/\/denhelder.online\/de\/radfahren-in-den-helder\/den-helder-mit-dem-fahrrad-entdecken-durchquerungsroute\/","og_locale":"de_DE","og_type":"article","og_title":"Ontdek de Doortraproute: Cultuur en Natuur in Den Helder","og_description":"Geniet van cultuur en natuur op de Doortraproute. Van Willemsoord tot de Grafelijkheidsweg.","og_url":"https:\/\/denhelder.online\/de\/radfahren-in-den-helder\/den-helder-mit-dem-fahrrad-entdecken-durchquerungsroute\/","og_site_name":"Den Helder Online","article_modified_time":"2026-01-15T08:25:25+00:00","og_image":[{"width":2448,"height":1632,"url":"https:\/\/denhelder.online\/wp-content\/uploads\/2025\/04\/racefietsers-op-de-dijk.jpg","type":"image\/jpeg"}],"twitter_card":"summary_large_image","twitter_misc":{"Gesch\u00e4tzte Lesezeit":"2\u00a0Minuten"},"schema":{"@context":"https:\/\/schema.org","@graph":[{"@type":"WebPage","@id":"https:\/\/denhelder.online\/en\/cycling-in-den-helder\/discover-den-helder-by-bike-through-route\/","url":"https:\/\/denhelder.online\/en\/cycling-in-den-helder\/discover-den-helder-by-bike-through-route\/","name":"Radfahren Kultur H\u00f6hle Helder Natur Bunker Festungen","isPartOf":{"@id":"https:\/\/denhelder.online\/#website"},"primaryImageOfPage":{"@id":"https:\/\/denhelder.online\/en\/cycling-in-den-helder\/discover-den-helder-by-bike-through-route\/#primaryimage"},"image":{"@id":"https:\/\/denhelder.online\/en\/cycling-in-den-helder\/discover-den-helder-by-bike-through-route\/#primaryimage"},"thumbnailUrl":"https:\/\/denhelder.online\/wp-content\/uploads\/2025\/04\/racefietsers-op-de-dijk.jpg","datePublished":"2025-01-17T14:19:14+00:00","dateModified":"2026-01-15T08:25:25+00:00","description":"Genie\u00dfen Sie Kultur und Natur auf der Doortraproute, von Willemsoord bis zum Grafelijkheidsweg.","breadcrumb":{"@id":"https:\/\/denhelder.online\/en\/cycling-in-den-helder\/discover-den-helder-by-bike-through-route\/#breadcrumb"},"inLanguage":"de","potentialAction":[{"@type":"ReadAction","target":["https:\/\/denhelder.online\/en\/cycling-in-den-helder\/discover-den-helder-by-bike-through-route\/"]}]},{"@type":"ImageObject","inLanguage":"de","@id":"https:\/\/denhelder.online\/en\/cycling-in-den-helder\/discover-den-helder-by-bike-through-route\/#primaryimage","url":"https:\/\/denhelder.online\/wp-content\/uploads\/2025\/04\/racefietsers-op-de-dijk.jpg","contentUrl":"https:\/\/denhelder.online\/wp-content\/uploads\/2025\/04\/racefietsers-op-de-dijk.jpg","width":2448,"height":1632,"caption":"Wielrenners op de zeedijk van Den Helder"},{"@type":"BreadcrumbList","@id":"https:\/\/denhelder.online\/en\/cycling-in-den-helder\/discover-den-helder-by-bike-through-route\/#breadcrumb","itemListElement":[{"@type":"ListItem","position":1,"name":"Home","item":"https:\/\/denhelder.online\/"},{"@type":"ListItem","position":2,"name":"Fietsen","item":"https:\/\/denhelder.online\/en\/cycling-in-den-helder\/"},{"@type":"ListItem","position":3,"name":"Ontdek de Doortraproute: Cultuur en Natuur in Den Helder"}]},{"@type":"WebSite","@id":"https:\/\/denhelder.online\/#website","url":"https:\/\/denhelder.online\/","name":"Den Helder Online","description":"Erleben Sie Den Helder","publisher":{"@id":"https:\/\/denhelder.online\/#organization"},"potentialAction":[{"@type":"SearchAction","target":{"@type":"EntryPoint","urlTemplate":"https:\/\/denhelder.online\/?s={search_term_string}"},"query-input":{"@type":"PropertyValueSpecification","valueRequired":true,"valueName":"search_term_string"}}],"inLanguage":"de"},{"@type":"Organization","@id":"https:\/\/denhelder.online\/#organization","name":"Den Helder Online","url":"https:\/\/denhelder.online\/","logo":{"@type":"ImageObject","inLanguage":"de","@id":"https:\/\/denhelder.online\/#\/schema\/logo\/image\/","url":"https:\/\/denhelder.online\/wp-content\/uploads\/2021\/12\/DitIsDH-Logo-26-tagline.svg","contentUrl":"https:\/\/denhelder.online\/wp-content\/uploads\/2021\/12\/DitIsDH-Logo-26-tagline.svg","width":1717.0999999999999,"height":934.89999999999998,"caption":"Den Helder Online"},"image":{"@id":"https:\/\/denhelder.online\/#\/schema\/logo\/image\/"}}]}},"_links":{"self":[{"href":"https:\/\/denhelder.online\/de\/wp-json\/wp\/v2\/pages\/1766","targetHints":{"allow":["GET"]}}],"collection":[{"href":"https:\/\/denhelder.online\/de\/wp-json\/wp\/v2\/pages"}],"about":[{"href":"https:\/\/denhelder.online\/de\/wp-json\/wp\/v2\/types\/page"}],"author":[{"embeddable":true,"href":"https:\/\/denhelder.online\/de\/wp-json\/wp\/v2\/users\/17"}],"replies":[{"embeddable":true,"href":"https:\/\/denhelder.online\/de\/wp-json\/wp\/v2\/comments?post=1766"}],"version-history":[{"count":0,"href":"https:\/\/denhelder.online\/de\/wp-json\/wp\/v2\/pages\/1766\/revisions"}],"up":[{"embeddable":true,"href":"https:\/\/denhelder.online\/de\/wp-json\/wp\/v2\/pages\/1683"}],"wp:featuredmedia":[{"embeddable":true,"href":"https:\/\/denhelder.online\/de\/wp-json\/wp\/v2\/media\/9677"}],"wp:attachment":[{"href":"https:\/\/denhelder.online\/de\/wp-json\/wp\/v2\/media?parent=1766"}],"wp:term":[{"taxonomy":"post_tag","embeddable":true,"href":"https:\/\/denhelder.online\/de\/wp-json\/wp\/v2\/tags?post=1766"},{"taxonomy":"doelgroep","embeddable":true,"href":"https:\/\/denhelder.online\/de\/wp-json\/wp\/v2\/doelgroep?post=1766"},{"taxonomy":"categorie","embeddable":true,"href":"https:\/\/denhelder.online\/de\/wp-json\/wp\/v2\/categorie?post=1766"}],"curies":[{"name":"wp","href":"https:\/\/api.w.org\/{rel}","templated":true}]}}