{"id":1795,"date":"2025-01-17T15:51:09","date_gmt":"2025-01-17T14:51:09","guid":{"rendered":"https:\/\/denhelder.online\/?page_id=1795"},"modified":"2026-01-15T09:26:30","modified_gmt":"2026-01-15T08:26:30","slug":"ratsel-auf-den-pedalen-die-fahrradflucht-in-julianadorp","status":"publish","type":"page","link":"https:\/\/denhelder.online\/de\/fietsen\/puzzelen-op-de-pedalen-de-fietsescape-in-julianadorp\/","title":{"rendered":"R\u00e4tsel auf den Pedalen: Die Fahrradflucht in Julianadorp"},"content":{"rendered":"<div data-elementor-type=\"wp-page\" data-elementor-id=\"1795\" class=\"elementor elementor-1795\" data-elementor-post-type=\"page\">\n\t\t\t\t<div class=\"elementor-element elementor-element-47602851 e-flex e-con-boxed e-con e-parent\" data-id=\"47602851\" data-element_type=\"container\" data-e-type=\"container\" data-settings=\"{&quot;jet_parallax_layout_list&quot;:[]}\">\n\t\t\t\t\t<div class=\"e-con-inner\">\n\t\t<div class=\"elementor-element elementor-element-6ac632ca e-flex e-con-boxed e-con e-child\" data-id=\"6ac632ca\" data-element_type=\"container\" data-e-type=\"container\" data-settings=\"{&quot;background_background&quot;:&quot;classic&quot;,&quot;jet_parallax_layout_list&quot;:[]}\">\n\t\t\t\t\t<div class=\"e-con-inner\">\n\t\t<div class=\"elementor-element elementor-element-114cb16e e-con-full e-flex e-con e-child\" data-id=\"114cb16e\" data-element_type=\"container\" data-e-type=\"container\" data-settings=\"{&quot;jet_parallax_layout_list&quot;:[]}\">\n\t\t\t\t<div class=\"elementor-element elementor-element-578d2e2d elementor-widget elementor-widget-image\" data-id=\"578d2e2d\" data-element_type=\"widget\" data-e-type=\"widget\" data-widget_type=\"image.default\">\n\t\t\t\t<div class=\"elementor-widget-container\">\n\t\t\t\t\t\t\t\t\t\t\t\t\t\t\t<img fetchpriority=\"high\" decoding=\"async\" width=\"800\" height=\"534\" src=\"https:\/\/denhelder.online\/wp-content\/uploads\/2025\/01\/puzzelen-op-de-pedalen-1024x683.jpg\" class=\"attachment-large size-large wp-image-1796\" alt=\"Fahrrad-R\u00e4tsel Julianadorp Fahrradflucht\" srcset=\"https:\/\/denhelder.online\/wp-content\/uploads\/2025\/01\/puzzelen-op-de-pedalen-1024x683.jpg 1024w, https:\/\/denhelder.online\/wp-content\/uploads\/2025\/01\/puzzelen-op-de-pedalen-300x200.jpg 300w, https:\/\/denhelder.online\/wp-content\/uploads\/2025\/01\/puzzelen-op-de-pedalen-768x512.jpg 768w, https:\/\/denhelder.online\/wp-content\/uploads\/2025\/01\/puzzelen-op-de-pedalen-600x400.jpg 600w, https:\/\/denhelder.online\/wp-content\/uploads\/2025\/01\/puzzelen-op-de-pedalen.jpg 1500w\" sizes=\"(max-width: 800px) 100vw, 800px\" \/>\t\t\t\t\t\t\t\t\t\t\t\t\t\t\t<\/div>\n\t\t\t\t<\/div>\n\t\t\t\t<\/div>\n\t\t<div class=\"elementor-element elementor-element-e31fe4c e-con-full e-flex e-con e-child\" data-id=\"e31fe4c\" data-element_type=\"container\" data-e-type=\"container\" data-settings=\"{&quot;jet_parallax_layout_list&quot;:[]}\">\n\t\t\t\t<div class=\"elementor-element elementor-element-547ac188 elementor-widget__width-inherit elementor-widget elementor-widget-heading\" data-id=\"547ac188\" data-element_type=\"widget\" data-e-type=\"widget\" data-widget_type=\"heading.default\">\n\t\t\t\t<div class=\"elementor-widget-container\">\n\t\t\t\t\t<h2 class=\"elementor-heading-title elementor-size-default\">R\u00e4tsel auf den Pedalen: Die Fahrradflucht in Julianadorp<\/h2>\t\t\t\t<\/div>\n\t\t\t\t<\/div>\n\t\t\t\t<div class=\"elementor-element elementor-element-3b68ed85 elementor-widget elementor-widget-text-editor\" data-id=\"3b68ed85\" data-element_type=\"widget\" data-e-type=\"widget\" data-widget_type=\"text-editor.default\">\n\t\t\t\t<div class=\"elementor-widget-container\">\n\t\t\t\t\t\t\t\t\t<p><strong>Verbinde Spa\u00df und Herausforderung auf deinem Fahrrad<\/strong><br \/>Erlebt ein spannendes Fahrradabenteuer in Julianadorp! Schlie\u00dft euch einer Gruppe von 3 bis 8 Personen an und sucht mithilfe einer App auf eurem Smartphone nach Hinweisen. Eines der Fahrr\u00e4der ist mit einem speziellen Wagen ausgestattet, der F\u00e4cher voller Herausforderungen und Fragen enth\u00e4lt. Jede richtige Antwort f\u00fchrt euch zur n\u00e4chsten Station. Insgesamt gibt es 6 Stationen, und am Ende wartet eine tolle Belohnung auf die ganze Gruppe.<\/p><p><strong>Praktische Details f\u00fcr ein unbeschwertes Erlebnis<\/strong><br \/>Das Fahrrad-Fluchtspiel beinhaltet einen Fahrradanh\u00e4nger mit kniffligen Aufgaben. Du kannst ihn ganz einfach an dein eigenes oder ein Leihfahrrad anh\u00e4ngen. Noch mehr Komfort w\u00fcnschst du dir? Dann buche optional ein (Elektro-)Bike. Die Tour dauert ca. 2 bis 3 Stunden und wird von einer benutzerfreundlichen App begleitet. Stelle sicher, dass dein Smartphone vollst\u00e4ndig aufgeladen und kompatibel ist (Android 7.0 oder h\u00f6her bzw. iOS 12.0 oder h\u00f6her). Die App ben\u00f6tigt ca. 100 MB Datenvolumen und GPS.<\/p><p><strong>Buchen Sie noch heute Ihren Radurlaub!<\/strong><br \/>M\u00f6chten Sie dieses einzigartige Abenteuer erleben? Buchen Sie ganz einfach hier. <a href=\"https:\/\/bikestores.nl\/arrangementen\/puzzelen-op-de-pedalen\/\">Link.<\/a> Lassen Sie sich diese Gelegenheit nicht entgehen, Spa\u00df, Zusammenarbeit und Abenteuer zu verbinden!<\/p>\t\t\t\t\t\t\t\t<\/div>\n\t\t\t\t<\/div>\n\t\t<div class=\"elementor-element elementor-element-3b6df05 e-con-full e-flex e-con e-child\" data-id=\"3b6df05\" data-element_type=\"container\" data-e-type=\"container\" data-settings=\"{&quot;jet_parallax_layout_list&quot;:[]}\">\n\t\t\t\t<div class=\"elementor-element elementor-element-906e60e elementor-mobile-align-justify elementor-widget-mobile__width-inherit elementor-tablet-align-justify elementor-widget elementor-widget-button\" data-id=\"906e60e\" data-element_type=\"widget\" data-e-type=\"widget\" data-widget_type=\"button.default\">\n\t\t\t\t<div class=\"elementor-widget-container\">\n\t\t\t\t\t\t\t\t\t<div class=\"elementor-button-wrapper\">\n\t\t\t\t\t<a class=\"elementor-button elementor-button-link elementor-size-sm\" href=\"https:\/\/bikestores.nl\/arrangementen\/puzzelen-op-de-pedalen\/\">\n\t\t\t\t\t\t<span class=\"elementor-button-content-wrapper\">\n\t\t\t\t\t\t<span class=\"elementor-button-icon\">\n\t\t\t\t<i aria-hidden=\"true\" class=\"fas fa-chevron-right\"><\/i>\t\t\t<\/span>\n\t\t\t\t\t\t\t\t\t<span class=\"elementor-button-text\">Reservieren<\/span>\n\t\t\t\t\t<\/span>\n\t\t\t\t\t<\/a>\n\t\t\t\t<\/div>\n\t\t\t\t\t\t\t\t<\/div>\n\t\t\t\t<\/div>\n\t\t\t\t<\/div>\n\t\t\t\t<\/div>\n\t\t\t\t\t<\/div>\n\t\t\t\t<\/div>\n\t\t\t\t\t<\/div>\n\t\t\t\t<\/div>\n\t\t\t\t<\/div>","protected":false},"excerpt":{"rendered":"<p>Puzzelen op de Pedalen: De Fietsescape in Julianadorp Combineer plezier en uitdaging op de fiets Ga op avontuur met de fietsescape in Julianadorp! Samen met 3 tot 8 personen ga je op zoek naar aanwijzingen via een app op je telefoon. E\u00e9n van de fietsen heeft een speciale kar met vakken vol opdrachten en vragen [&hellip;]<\/p>\n","protected":false},"author":17,"featured_media":1796,"parent":1683,"menu_order":0,"comment_status":"closed","ping_status":"closed","template":"elementor_header_footer","meta":{"footnotes":""},"tags":[],"doelgroep":[6027,6028,6029],"categorie":[],"class_list":["post-1795","page","type-page","status-publish","has-post-thumbnail","hentry","doelgroep-inwoner","doelgroep-inwoner-regio","doelgroep-toerist"],"yoast_head":"<!-- This site is optimized with the Yoast SEO Premium plugin v24.7 (Yoast SEO v27.5) - https:\/\/yoast.com\/product\/yoast-seo-premium-wordpress\/ -->\n<title>Fietsescape Julianadorp<\/title>\n<meta name=\"description\" content=\"Ontdek de fietsescape in Julianadorp. Los opdrachten op met je groep en win een leuke prijs!\" \/>\n<meta name=\"robots\" content=\"index, follow, max-snippet:-1, max-image-preview:large, max-video-preview:-1\" \/>\n<link rel=\"canonical\" href=\"https:\/\/denhelder.online\/de\/radfahren-in-den-helder\/ratsel-auf-den-pedalen-die-fahrradflucht-in-julianadorp\/\" \/>\n<meta property=\"og:locale\" content=\"de_DE\" \/>\n<meta property=\"og:type\" content=\"article\" \/>\n<meta property=\"og:title\" content=\"Puzzelen op de Pedalen: De Fietsescape in Julianadorp\" \/>\n<meta property=\"og:description\" content=\"Ontdek de fietsescape in Julianadorp. Los opdrachten op met je groep en win een leuke prijs!\" \/>\n<meta property=\"og:url\" content=\"https:\/\/denhelder.online\/de\/radfahren-in-den-helder\/ratsel-auf-den-pedalen-die-fahrradflucht-in-julianadorp\/\" \/>\n<meta property=\"og:site_name\" content=\"Den Helder Online\" \/>\n<meta property=\"article:modified_time\" content=\"2026-01-15T08:26:30+00:00\" \/>\n<meta property=\"og:image\" content=\"https:\/\/denhelder.online\/wp-content\/uploads\/2025\/01\/puzzelen-op-de-pedalen.jpg\" \/>\n\t<meta property=\"og:image:width\" content=\"1500\" \/>\n\t<meta property=\"og:image:height\" content=\"1000\" \/>\n\t<meta property=\"og:image:type\" content=\"image\/jpeg\" \/>\n<meta name=\"twitter:card\" content=\"summary_large_image\" \/>\n<meta name=\"twitter:label1\" content=\"Gesch\u00e4tzte Lesezeit\" \/>\n\t<meta name=\"twitter:data1\" content=\"2\u00a0Minuten\" \/>\n<script type=\"application\/ld+json\" class=\"yoast-schema-graph\">{\"@context\":\"https:\\\/\\\/schema.org\",\"@graph\":[{\"@type\":\"WebPage\",\"@id\":\"https:\\\/\\\/denhelder.online\\\/fietsen\\\/puzzelen-op-de-pedalen-de-fietsescape-in-julianadorp\\\/\",\"url\":\"https:\\\/\\\/denhelder.online\\\/fietsen\\\/puzzelen-op-de-pedalen-de-fietsescape-in-julianadorp\\\/\",\"name\":\"Fietsescape Julianadorp\",\"isPartOf\":{\"@id\":\"https:\\\/\\\/denhelder.online\\\/#website\"},\"primaryImageOfPage\":{\"@id\":\"https:\\\/\\\/denhelder.online\\\/fietsen\\\/puzzelen-op-de-pedalen-de-fietsescape-in-julianadorp\\\/#primaryimage\"},\"image\":{\"@id\":\"https:\\\/\\\/denhelder.online\\\/fietsen\\\/puzzelen-op-de-pedalen-de-fietsescape-in-julianadorp\\\/#primaryimage\"},\"thumbnailUrl\":\"https:\\\/\\\/denhelder.online\\\/wp-content\\\/uploads\\\/2025\\\/01\\\/puzzelen-op-de-pedalen.jpg\",\"datePublished\":\"2025-01-17T14:51:09+00:00\",\"dateModified\":\"2026-01-15T08:26:30+00:00\",\"description\":\"Ontdek de fietsescape in Julianadorp. Los opdrachten op met je groep en win een leuke prijs!\",\"breadcrumb\":{\"@id\":\"https:\\\/\\\/denhelder.online\\\/fietsen\\\/puzzelen-op-de-pedalen-de-fietsescape-in-julianadorp\\\/#breadcrumb\"},\"inLanguage\":\"de\",\"potentialAction\":[{\"@type\":\"ReadAction\",\"target\":[\"https:\\\/\\\/denhelder.online\\\/fietsen\\\/puzzelen-op-de-pedalen-de-fietsescape-in-julianadorp\\\/\"]}]},{\"@type\":\"ImageObject\",\"inLanguage\":\"de\",\"@id\":\"https:\\\/\\\/denhelder.online\\\/fietsen\\\/puzzelen-op-de-pedalen-de-fietsescape-in-julianadorp\\\/#primaryimage\",\"url\":\"https:\\\/\\\/denhelder.online\\\/wp-content\\\/uploads\\\/2025\\\/01\\\/puzzelen-op-de-pedalen.jpg\",\"contentUrl\":\"https:\\\/\\\/denhelder.online\\\/wp-content\\\/uploads\\\/2025\\\/01\\\/puzzelen-op-de-pedalen.jpg\",\"width\":1500,\"height\":1000,\"caption\":\"fietsen julianadorp puzzelen fietsescape\"},{\"@type\":\"BreadcrumbList\",\"@id\":\"https:\\\/\\\/denhelder.online\\\/fietsen\\\/puzzelen-op-de-pedalen-de-fietsescape-in-julianadorp\\\/#breadcrumb\",\"itemListElement\":[{\"@type\":\"ListItem\",\"position\":1,\"name\":\"Home\",\"item\":\"https:\\\/\\\/denhelder.online\\\/\"},{\"@type\":\"ListItem\",\"position\":2,\"name\":\"Fietsen\",\"item\":\"https:\\\/\\\/denhelder.online\\\/en\\\/cycling-in-den-helder\\\/\"},{\"@type\":\"ListItem\",\"position\":3,\"name\":\"Puzzelen op de Pedalen: De Fietsescape in Julianadorp\"}]},{\"@type\":\"WebSite\",\"@id\":\"https:\\\/\\\/denhelder.online\\\/#website\",\"url\":\"https:\\\/\\\/denhelder.online\\\/\",\"name\":\"Den Helder Online\",\"description\":\"Beleef Den Helder\",\"publisher\":{\"@id\":\"https:\\\/\\\/denhelder.online\\\/#organization\"},\"potentialAction\":[{\"@type\":\"SearchAction\",\"target\":{\"@type\":\"EntryPoint\",\"urlTemplate\":\"https:\\\/\\\/denhelder.online\\\/?s={search_term_string}\"},\"query-input\":{\"@type\":\"PropertyValueSpecification\",\"valueRequired\":true,\"valueName\":\"search_term_string\"}}],\"inLanguage\":\"de\"},{\"@type\":\"Organization\",\"@id\":\"https:\\\/\\\/denhelder.online\\\/#organization\",\"name\":\"Den Helder Online\",\"url\":\"https:\\\/\\\/denhelder.online\\\/\",\"logo\":{\"@type\":\"ImageObject\",\"inLanguage\":\"de\",\"@id\":\"https:\\\/\\\/denhelder.online\\\/#\\\/schema\\\/logo\\\/image\\\/\",\"url\":\"https:\\\/\\\/denhelder.online\\\/wp-content\\\/uploads\\\/2021\\\/12\\\/DitIsDH-Logo-26-tagline.svg\",\"contentUrl\":\"https:\\\/\\\/denhelder.online\\\/wp-content\\\/uploads\\\/2021\\\/12\\\/DitIsDH-Logo-26-tagline.svg\",\"width\":1717.0999999999999,\"height\":934.89999999999998,\"caption\":\"Den Helder Online\"},\"image\":{\"@id\":\"https:\\\/\\\/denhelder.online\\\/#\\\/schema\\\/logo\\\/image\\\/\"}}]}<\/script>\n<!-- \/ Yoast SEO Premium plugin. -->","yoast_head_json":{"title":"Fahrradflucht Julianadorp","description":"Entdecke die Fahrradflucht in Julianadorp. Meistere Herausforderungen mit deiner Gruppe und gewinne einen tollen Preis!","robots":{"index":"index","follow":"follow","max-snippet":"max-snippet:-1","max-image-preview":"max-image-preview:large","max-video-preview":"max-video-preview:-1"},"canonical":"https:\/\/denhelder.online\/de\/radfahren-in-den-helder\/ratsel-auf-den-pedalen-die-fahrradflucht-in-julianadorp\/","og_locale":"de_DE","og_type":"article","og_title":"Puzzelen op de Pedalen: De Fietsescape in Julianadorp","og_description":"Ontdek de fietsescape in Julianadorp. Los opdrachten op met je groep en win een leuke prijs!","og_url":"https:\/\/denhelder.online\/de\/radfahren-in-den-helder\/ratsel-auf-den-pedalen-die-fahrradflucht-in-julianadorp\/","og_site_name":"Den Helder Online","article_modified_time":"2026-01-15T08:26:30+00:00","og_image":[{"width":1500,"height":1000,"url":"https:\/\/denhelder.online\/wp-content\/uploads\/2025\/01\/puzzelen-op-de-pedalen.jpg","type":"image\/jpeg"}],"twitter_card":"summary_large_image","twitter_misc":{"Gesch\u00e4tzte Lesezeit":"2\u00a0Minuten"},"schema":{"@context":"https:\/\/schema.org","@graph":[{"@type":"WebPage","@id":"https:\/\/denhelder.online\/fietsen\/puzzelen-op-de-pedalen-de-fietsescape-in-julianadorp\/","url":"https:\/\/denhelder.online\/fietsen\/puzzelen-op-de-pedalen-de-fietsescape-in-julianadorp\/","name":"Fahrradflucht Julianadorp","isPartOf":{"@id":"https:\/\/denhelder.online\/#website"},"primaryImageOfPage":{"@id":"https:\/\/denhelder.online\/fietsen\/puzzelen-op-de-pedalen-de-fietsescape-in-julianadorp\/#primaryimage"},"image":{"@id":"https:\/\/denhelder.online\/fietsen\/puzzelen-op-de-pedalen-de-fietsescape-in-julianadorp\/#primaryimage"},"thumbnailUrl":"https:\/\/denhelder.online\/wp-content\/uploads\/2025\/01\/puzzelen-op-de-pedalen.jpg","datePublished":"2025-01-17T14:51:09+00:00","dateModified":"2026-01-15T08:26:30+00:00","description":"Entdecke die Fahrradflucht in Julianadorp. Meistere Herausforderungen mit deiner Gruppe und gewinne einen tollen Preis!","breadcrumb":{"@id":"https:\/\/denhelder.online\/fietsen\/puzzelen-op-de-pedalen-de-fietsescape-in-julianadorp\/#breadcrumb"},"inLanguage":"de","potentialAction":[{"@type":"ReadAction","target":["https:\/\/denhelder.online\/fietsen\/puzzelen-op-de-pedalen-de-fietsescape-in-julianadorp\/"]}]},{"@type":"ImageObject","inLanguage":"de","@id":"https:\/\/denhelder.online\/fietsen\/puzzelen-op-de-pedalen-de-fietsescape-in-julianadorp\/#primaryimage","url":"https:\/\/denhelder.online\/wp-content\/uploads\/2025\/01\/puzzelen-op-de-pedalen.jpg","contentUrl":"https:\/\/denhelder.online\/wp-content\/uploads\/2025\/01\/puzzelen-op-de-pedalen.jpg","width":1500,"height":1000,"caption":"fietsen julianadorp puzzelen fietsescape"},{"@type":"BreadcrumbList","@id":"https:\/\/denhelder.online\/fietsen\/puzzelen-op-de-pedalen-de-fietsescape-in-julianadorp\/#breadcrumb","itemListElement":[{"@type":"ListItem","position":1,"name":"Home","item":"https:\/\/denhelder.online\/"},{"@type":"ListItem","position":2,"name":"Fietsen","item":"https:\/\/denhelder.online\/en\/cycling-in-den-helder\/"},{"@type":"ListItem","position":3,"name":"Puzzelen op de Pedalen: De Fietsescape in Julianadorp"}]},{"@type":"WebSite","@id":"https:\/\/denhelder.online\/#website","url":"https:\/\/denhelder.online\/","name":"Den Helder Online","description":"Erleben Sie Den Helder","publisher":{"@id":"https:\/\/denhelder.online\/#organization"},"potentialAction":[{"@type":"SearchAction","target":{"@type":"EntryPoint","urlTemplate":"https:\/\/denhelder.online\/?s={search_term_string}"},"query-input":{"@type":"PropertyValueSpecification","valueRequired":true,"valueName":"search_term_string"}}],"inLanguage":"de"},{"@type":"Organization","@id":"https:\/\/denhelder.online\/#organization","name":"Den Helder Online","url":"https:\/\/denhelder.online\/","logo":{"@type":"ImageObject","inLanguage":"de","@id":"https:\/\/denhelder.online\/#\/schema\/logo\/image\/","url":"https:\/\/denhelder.online\/wp-content\/uploads\/2021\/12\/DitIsDH-Logo-26-tagline.svg","contentUrl":"https:\/\/denhelder.online\/wp-content\/uploads\/2021\/12\/DitIsDH-Logo-26-tagline.svg","width":1717.0999999999999,"height":934.89999999999998,"caption":"Den Helder Online"},"image":{"@id":"https:\/\/denhelder.online\/#\/schema\/logo\/image\/"}}]}},"_links":{"self":[{"href":"https:\/\/denhelder.online\/de\/wp-json\/wp\/v2\/pages\/1795","targetHints":{"allow":["GET"]}}],"collection":[{"href":"https:\/\/denhelder.online\/de\/wp-json\/wp\/v2\/pages"}],"about":[{"href":"https:\/\/denhelder.online\/de\/wp-json\/wp\/v2\/types\/page"}],"author":[{"embeddable":true,"href":"https:\/\/denhelder.online\/de\/wp-json\/wp\/v2\/users\/17"}],"replies":[{"embeddable":true,"href":"https:\/\/denhelder.online\/de\/wp-json\/wp\/v2\/comments?post=1795"}],"version-history":[{"count":0,"href":"https:\/\/denhelder.online\/de\/wp-json\/wp\/v2\/pages\/1795\/revisions"}],"up":[{"embeddable":true,"href":"https:\/\/denhelder.online\/de\/wp-json\/wp\/v2\/pages\/1683"}],"wp:featuredmedia":[{"embeddable":true,"href":"https:\/\/denhelder.online\/de\/wp-json\/wp\/v2\/media\/1796"}],"wp:attachment":[{"href":"https:\/\/denhelder.online\/de\/wp-json\/wp\/v2\/media?parent=1795"}],"wp:term":[{"taxonomy":"post_tag","embeddable":true,"href":"https:\/\/denhelder.online\/de\/wp-json\/wp\/v2\/tags?post=1795"},{"taxonomy":"doelgroep","embeddable":true,"href":"https:\/\/denhelder.online\/de\/wp-json\/wp\/v2\/doelgroep?post=1795"},{"taxonomy":"categorie","embeddable":true,"href":"https:\/\/denhelder.online\/de\/wp-json\/wp\/v2\/categorie?post=1795"}],"curies":[{"name":"wp","href":"https:\/\/api.w.org\/{rel}","templated":true}]}}