{"id":1871,"date":"2025-01-21T16:28:00","date_gmt":"2025-01-21T15:28:00","guid":{"rendered":"https:\/\/denhelder.online\/?page_id=1871"},"modified":"2026-01-15T09:01:50","modified_gmt":"2026-01-15T08:01:50","slug":"entdecken-sie-kultur-und-natur-in-den-helder-und-julianadorp","status":"publish","type":"page","link":"https:\/\/denhelder.online\/de\/dit-kan-je-doen\/cultuur\/ontdek-cultuur-en-natuur-in-den-helder-en-julianadorp\/","title":{"rendered":"Entdecken Sie Kultur und Natur in Den Helder und Julianadorp"},"content":{"rendered":"<div data-elementor-type=\"wp-page\" data-elementor-id=\"1871\" class=\"elementor elementor-1871\" data-elementor-post-type=\"page\">\n\t\t\t\t<div class=\"elementor-element elementor-element-485a6808 e-flex e-con-boxed e-con e-parent\" data-id=\"485a6808\" data-element_type=\"container\" data-e-type=\"container\" data-settings=\"{&quot;jet_parallax_layout_list&quot;:[]}\">\n\t\t\t\t\t<div class=\"e-con-inner\">\n\t\t<div class=\"elementor-element elementor-element-4daf2f6d e-flex e-con-boxed e-con e-child\" data-id=\"4daf2f6d\" data-element_type=\"container\" data-e-type=\"container\" data-settings=\"{&quot;background_background&quot;:&quot;classic&quot;,&quot;jet_parallax_layout_list&quot;:[]}\">\n\t\t\t\t\t<div class=\"e-con-inner\">\n\t\t<div class=\"elementor-element elementor-element-338fd583 e-con-full e-flex e-con e-child\" data-id=\"338fd583\" data-element_type=\"container\" data-e-type=\"container\" data-settings=\"{&quot;jet_parallax_layout_list&quot;:[]}\">\n\t\t\t\t<div class=\"elementor-element elementor-element-65010613 elementor-widget__width-initial elementor-widget elementor-widget-image\" data-id=\"65010613\" data-element_type=\"widget\" data-e-type=\"widget\" data-widget_type=\"image.default\">\n\t\t\t\t<div class=\"elementor-widget-container\">\n\t\t\t\t\t\t\t\t\t\t\t\t\t\t\t<img fetchpriority=\"high\" decoding=\"async\" width=\"333\" height=\"564\" src=\"https:\/\/denhelder.online\/wp-content\/uploads\/2025\/01\/fietsroute-cultuur-en-natuur.jpg\" class=\"attachment-large size-large wp-image-1873\" alt=\"Kultur, Natur und Radweg\" srcset=\"https:\/\/denhelder.online\/wp-content\/uploads\/2025\/01\/fietsroute-cultuur-en-natuur.jpg 333w, https:\/\/denhelder.online\/wp-content\/uploads\/2025\/01\/fietsroute-cultuur-en-natuur-177x300.jpg 177w\" sizes=\"(max-width: 333px) 100vw, 333px\" \/>\t\t\t\t\t\t\t\t\t\t\t\t\t\t\t<\/div>\n\t\t\t\t<\/div>\n\t\t\t\t<\/div>\n\t\t<div class=\"elementor-element elementor-element-5f584c1e e-con-full e-flex e-con e-child\" data-id=\"5f584c1e\" data-element_type=\"container\" data-e-type=\"container\" data-settings=\"{&quot;jet_parallax_layout_list&quot;:[]}\">\n\t\t\t\t<div class=\"elementor-element elementor-element-62d37731 elementor-widget__width-inherit elementor-widget elementor-widget-heading\" data-id=\"62d37731\" data-element_type=\"widget\" data-e-type=\"widget\" data-widget_type=\"heading.default\">\n\t\t\t\t<div class=\"elementor-widget-container\">\n\t\t\t\t\t<h2 class=\"elementor-heading-title elementor-size-default\">Entdecken Sie Kultur und Natur in Den Helder und Julianadorp<\/h2>\t\t\t\t<\/div>\n\t\t\t\t<\/div>\n\t\t\t\t<div class=\"elementor-element elementor-element-290321e0 elementor-widget elementor-widget-text-editor\" data-id=\"290321e0\" data-element_type=\"widget\" data-e-type=\"widget\" data-widget_type=\"text-editor.default\">\n\t\t\t\t<div class=\"elementor-widget-container\">\n\t\t\t\t\t\t\t\t\t<h3><strong>Genie\u00dfen Sie eine abwechslungsreiche Radroute durch Nordholland.<\/strong><\/h3><p>Schwing dich aufs Rad und entdecke die einzigartige Landschaft von Den Helder und Julianadorp. Diese Route verbindet wundersch\u00f6ne Natur mit interessanten kulturellen Stationen. Auf deiner Radtour durch die Landschaft kommst du an faszinierenden Museen vorbei. Die ideale Gelegenheit, durchzuatmen und mehr \u00fcber die Region zu erfahren. Hast du Lust auf eine entspannte Radtour bekommen?<\/p><p><strong>Radfahren entlang D\u00fcnen, durch W\u00e4lder und am Meer<\/strong><br \/>Von Julianadorp aus radeln Sie auf einer abwechslungsreichen Route zur\u00fcck nach Den Helder. Die Strecke f\u00fchrt durch ruhige D\u00fcnenlandschaften und \u00fcppige W\u00e4lder. Im April und Mai k\u00f6nnen Sie die farbenpr\u00e4chtigen Blumenzwiebelfelder bewundern, die die Gegend in ein M\u00e4rchenland verwandeln. Unterwegs passieren Sie auch das Naturschutzgebiet Mari\u00ebndal, wo Sie V\u00f6gel und andere Wildtiere beobachten k\u00f6nnen. An der K\u00fcste genie\u00dfen Sie die frische Luft und den weiten Blick aufs Meer. Vergessen Sie nicht, immer wieder f\u00fcr Fotos anzuhalten!<\/p><p><strong>Besuchen Sie Fort Kijkduin: Geschichte am Meer<\/strong><br \/>Ein absolutes Muss ist Fort Kijkduin in Huisduinen, nahe Den Helder. Diese beeindruckende Festung aus dem Jahr 1811 wurde im Auftrag Napoleons erbaut. Handwerker und sogar spanische Kriegsgefangene arbeiteten an diesem Meisterwerk. Obwohl Teile der Verteidigungsanlagen im Laufe der Jahre verschwunden sind, ist ein Gro\u00dfteil der Festung erhalten geblieben. Sie atmet Geschichte und bietet einen einzigartigen Einblick in die Vergangenheit. Nehmen Sie sich unbedingt Zeit f\u00fcr eine Erkundung.<\/p>\t\t\t\t\t\t\t\t<\/div>\n\t\t\t\t<\/div>\n\t\t<div class=\"elementor-element elementor-element-1a7f87a3 e-con-full e-flex e-con e-child\" data-id=\"1a7f87a3\" data-element_type=\"container\" data-e-type=\"container\" data-settings=\"{&quot;jet_parallax_layout_list&quot;:[]}\">\n\t\t\t\t<div class=\"elementor-element elementor-element-192deabd elementor-mobile-align-justify elementor-widget-mobile__width-inherit elementor-tablet-align-justify elementor-widget elementor-widget-button\" data-id=\"192deabd\" data-element_type=\"widget\" data-e-type=\"widget\" data-widget_type=\"button.default\">\n\t\t\t\t<div class=\"elementor-widget-container\">\n\t\t\t\t\t\t\t\t\t<div class=\"elementor-button-wrapper\">\n\t\t\t\t\t<a class=\"elementor-button elementor-button-link elementor-size-sm\" href=\"\">\n\t\t\t\t\t\t<span class=\"elementor-button-content-wrapper\">\n\t\t\t\t\t\t<span class=\"elementor-button-icon\">\n\t\t\t\t<i aria-hidden=\"true\" class=\"fas fa-chevron-right\"><\/i>\t\t\t<\/span>\n\t\t\t\t\t\t\t\t\t<span class=\"elementor-button-text\">Route<\/span>\n\t\t\t\t\t<\/span>\n\t\t\t\t\t<\/a>\n\t\t\t\t<\/div>\n\t\t\t\t\t\t\t\t<\/div>\n\t\t\t\t<\/div>\n\t\t\t\t<\/div>\n\t\t\t\t<\/div>\n\t\t\t\t\t<\/div>\n\t\t\t\t<\/div>\n\t\t\t\t\t<\/div>\n\t\t\t\t<\/div>\n\t\t\t\t<\/div>","protected":false},"excerpt":{"rendered":"<p>Ontdek cultuur en natuur in Den Helder en Julianadorp Geniet van een afwisselende fietsroute door Noord-Holland Stap op je fiets en ontdek het unieke landschap van Den Helder en Julianadorp. Deze route combineert prachtige natuur met interessante culturele stops. Terwijl je door het landelijke gebied fietst, kom je langs boeiende musea. Een ideale manier om [&hellip;]<\/p>\n","protected":false},"author":17,"featured_media":10931,"parent":11908,"menu_order":0,"comment_status":"closed","ping_status":"closed","template":"elementor_header_footer","meta":{"footnotes":""},"tags":[],"doelgroep":[],"categorie":[],"class_list":["post-1871","page","type-page","status-publish","has-post-thumbnail","hentry"],"yoast_head":"<!-- This site is optimized with the Yoast SEO Premium plugin v24.7 (Yoast SEO v27.5) - https:\/\/yoast.com\/product\/yoast-seo-premium-wordpress\/ -->\n<title>&quot;Fietsen in Den Helder en Julianadorp: Cultuur &amp; Natuur&quot;<\/title>\n<meta name=\"description\" content=\"&quot;Fiets door Julianadorp en Den Helder: kleurrijke bollenvelden, Mari\u00ebndal en Fort Kijkduin. Beleef natuur, cultuur en rust in Noord-Holland.&quot;\" \/>\n<meta name=\"robots\" content=\"index, follow, max-snippet:-1, max-image-preview:large, max-video-preview:-1\" \/>\n<link rel=\"canonical\" href=\"https:\/\/denhelder.online\/de\/du-kannst-das-tun\/kultur\/entdecken-sie-kultur-und-natur-in-den-helder-und-julianadorp\/\" \/>\n<meta property=\"og:locale\" content=\"de_DE\" \/>\n<meta property=\"og:type\" content=\"article\" \/>\n<meta property=\"og:title\" content=\"Ontdek cultuur en natuur in Den Helder en Julianadorp\" \/>\n<meta property=\"og:description\" content=\"&quot;Fiets door Julianadorp en Den Helder: kleurrijke bollenvelden, Mari\u00ebndal en Fort Kijkduin. Beleef natuur, cultuur en rust in Noord-Holland.&quot;\" \/>\n<meta property=\"og:url\" content=\"https:\/\/denhelder.online\/de\/du-kannst-das-tun\/kultur\/entdecken-sie-kultur-und-natur-in-den-helder-und-julianadorp\/\" \/>\n<meta property=\"og:site_name\" content=\"Den Helder Online\" \/>\n<meta property=\"article:modified_time\" content=\"2026-01-15T08:01:50+00:00\" \/>\n<meta property=\"og:image\" content=\"https:\/\/denhelder.online\/wp-content\/uploads\/2025\/04\/Luchtfoto-Den-Helder.jpg\" \/>\n\t<meta property=\"og:image:width\" content=\"1502\" \/>\n\t<meta property=\"og:image:height\" content=\"543\" \/>\n\t<meta property=\"og:image:type\" content=\"image\/jpeg\" \/>\n<meta name=\"twitter:card\" content=\"summary_large_image\" \/>\n<meta name=\"twitter:label1\" content=\"Gesch\u00e4tzte Lesezeit\" \/>\n\t<meta name=\"twitter:data1\" content=\"2\u00a0Minuten\" \/>\n<script type=\"application\/ld+json\" class=\"yoast-schema-graph\">{\"@context\":\"https:\\\/\\\/schema.org\",\"@graph\":[{\"@type\":\"WebPage\",\"@id\":\"https:\\\/\\\/denhelder.online\\\/dit-kan-je-doen\\\/cultuur\\\/ontdek-cultuur-en-natuur-in-den-helder-en-julianadorp\\\/\",\"url\":\"https:\\\/\\\/denhelder.online\\\/dit-kan-je-doen\\\/cultuur\\\/ontdek-cultuur-en-natuur-in-den-helder-en-julianadorp\\\/\",\"name\":\"\\\"Fietsen in Den Helder en Julianadorp: Cultuur & Natuur\\\"\",\"isPartOf\":{\"@id\":\"https:\\\/\\\/denhelder.online\\\/#website\"},\"primaryImageOfPage\":{\"@id\":\"https:\\\/\\\/denhelder.online\\\/dit-kan-je-doen\\\/cultuur\\\/ontdek-cultuur-en-natuur-in-den-helder-en-julianadorp\\\/#primaryimage\"},\"image\":{\"@id\":\"https:\\\/\\\/denhelder.online\\\/dit-kan-je-doen\\\/cultuur\\\/ontdek-cultuur-en-natuur-in-den-helder-en-julianadorp\\\/#primaryimage\"},\"thumbnailUrl\":\"https:\\\/\\\/denhelder.online\\\/wp-content\\\/uploads\\\/2025\\\/04\\\/Luchtfoto-Den-Helder.jpg\",\"datePublished\":\"2025-01-21T15:28:00+00:00\",\"dateModified\":\"2026-01-15T08:01:50+00:00\",\"description\":\"\\\"Fiets door Julianadorp en Den Helder: kleurrijke bollenvelden, Mari\u00ebndal en Fort Kijkduin. Beleef natuur, cultuur en rust in Noord-Holland.\\\"\",\"breadcrumb\":{\"@id\":\"https:\\\/\\\/denhelder.online\\\/dit-kan-je-doen\\\/cultuur\\\/ontdek-cultuur-en-natuur-in-den-helder-en-julianadorp\\\/#breadcrumb\"},\"inLanguage\":\"de\",\"potentialAction\":[{\"@type\":\"ReadAction\",\"target\":[\"https:\\\/\\\/denhelder.online\\\/dit-kan-je-doen\\\/cultuur\\\/ontdek-cultuur-en-natuur-in-den-helder-en-julianadorp\\\/\"]}]},{\"@type\":\"ImageObject\",\"inLanguage\":\"de\",\"@id\":\"https:\\\/\\\/denhelder.online\\\/dit-kan-je-doen\\\/cultuur\\\/ontdek-cultuur-en-natuur-in-den-helder-en-julianadorp\\\/#primaryimage\",\"url\":\"https:\\\/\\\/denhelder.online\\\/wp-content\\\/uploads\\\/2025\\\/04\\\/Luchtfoto-Den-Helder.jpg\",\"contentUrl\":\"https:\\\/\\\/denhelder.online\\\/wp-content\\\/uploads\\\/2025\\\/04\\\/Luchtfoto-Den-Helder.jpg\",\"width\":1502,\"height\":543,\"caption\":\"Luchtfoto Den Helder vanaf Kaaphoofd\"},{\"@type\":\"BreadcrumbList\",\"@id\":\"https:\\\/\\\/denhelder.online\\\/dit-kan-je-doen\\\/cultuur\\\/ontdek-cultuur-en-natuur-in-den-helder-en-julianadorp\\\/#breadcrumb\",\"itemListElement\":[{\"@type\":\"ListItem\",\"position\":1,\"name\":\"Home\",\"item\":\"https:\\\/\\\/denhelder.online\\\/\"},{\"@type\":\"ListItem\",\"position\":2,\"name\":\"Dit kan je doen\",\"item\":\"https:\\\/\\\/denhelder.online\\\/dit-kan-je-doen\\\/\"},{\"@type\":\"ListItem\",\"position\":3,\"name\":\"Cultuur\",\"item\":\"https:\\\/\\\/denhelder.online\\\/dit-kan-je-doen\\\/cultuur\\\/\"},{\"@type\":\"ListItem\",\"position\":4,\"name\":\"Ontdek cultuur en natuur in Den Helder en Julianadorp\"}]},{\"@type\":\"WebSite\",\"@id\":\"https:\\\/\\\/denhelder.online\\\/#website\",\"url\":\"https:\\\/\\\/denhelder.online\\\/\",\"name\":\"Den Helder Online\",\"description\":\"Beleef Den Helder\",\"publisher\":{\"@id\":\"https:\\\/\\\/denhelder.online\\\/#organization\"},\"potentialAction\":[{\"@type\":\"SearchAction\",\"target\":{\"@type\":\"EntryPoint\",\"urlTemplate\":\"https:\\\/\\\/denhelder.online\\\/?s={search_term_string}\"},\"query-input\":{\"@type\":\"PropertyValueSpecification\",\"valueRequired\":true,\"valueName\":\"search_term_string\"}}],\"inLanguage\":\"de\"},{\"@type\":\"Organization\",\"@id\":\"https:\\\/\\\/denhelder.online\\\/#organization\",\"name\":\"Den Helder Online\",\"url\":\"https:\\\/\\\/denhelder.online\\\/\",\"logo\":{\"@type\":\"ImageObject\",\"inLanguage\":\"de\",\"@id\":\"https:\\\/\\\/denhelder.online\\\/#\\\/schema\\\/logo\\\/image\\\/\",\"url\":\"https:\\\/\\\/denhelder.online\\\/wp-content\\\/uploads\\\/2021\\\/12\\\/DitIsDH-Logo-26-tagline.svg\",\"contentUrl\":\"https:\\\/\\\/denhelder.online\\\/wp-content\\\/uploads\\\/2021\\\/12\\\/DitIsDH-Logo-26-tagline.svg\",\"width\":1717.0999999999999,\"height\":934.89999999999998,\"caption\":\"Den Helder Online\"},\"image\":{\"@id\":\"https:\\\/\\\/denhelder.online\\\/#\\\/schema\\\/logo\\\/image\\\/\"}}]}<\/script>\n<!-- \/ Yoast SEO Premium plugin. -->","yoast_head_json":{"title":"\"Radfahren in Den Helder und Julianadorp: Kultur &amp; Natur\"","description":"\"Erkunden Sie Julianadorp und Den Helder mit dem Fahrrad: farbenpr\\u00e4chtige Blumenzwiebelfelder, Mari\\u00ebndal und Fort Kijkduin. Erleben Sie Natur, Kultur und Ruhe in Nordholland.\"","robots":{"index":"index","follow":"follow","max-snippet":"max-snippet:-1","max-image-preview":"max-image-preview:large","max-video-preview":"max-video-preview:-1"},"canonical":"https:\/\/denhelder.online\/de\/du-kannst-das-tun\/kultur\/entdecken-sie-kultur-und-natur-in-den-helder-und-julianadorp\/","og_locale":"de_DE","og_type":"article","og_title":"Ontdek cultuur en natuur in Den Helder en Julianadorp","og_description":"\"Fiets door Julianadorp en Den Helder: kleurrijke bollenvelden, Mari\u00ebndal en Fort Kijkduin. Beleef natuur, cultuur en rust in Noord-Holland.\"","og_url":"https:\/\/denhelder.online\/de\/du-kannst-das-tun\/kultur\/entdecken-sie-kultur-und-natur-in-den-helder-und-julianadorp\/","og_site_name":"Den Helder Online","article_modified_time":"2026-01-15T08:01:50+00:00","og_image":[{"width":1502,"height":543,"url":"https:\/\/denhelder.online\/wp-content\/uploads\/2025\/04\/Luchtfoto-Den-Helder.jpg","type":"image\/jpeg"}],"twitter_card":"summary_large_image","twitter_misc":{"Gesch\u00e4tzte Lesezeit":"2\u00a0Minuten"},"schema":{"@context":"https:\/\/schema.org","@graph":[{"@type":"WebPage","@id":"https:\/\/denhelder.online\/dit-kan-je-doen\/cultuur\/ontdek-cultuur-en-natuur-in-den-helder-en-julianadorp\/","url":"https:\/\/denhelder.online\/dit-kan-je-doen\/cultuur\/ontdek-cultuur-en-natuur-in-den-helder-en-julianadorp\/","name":"\"Radfahren in Den Helder und Julianadorp: Kultur &amp; Natur\"","isPartOf":{"@id":"https:\/\/denhelder.online\/#website"},"primaryImageOfPage":{"@id":"https:\/\/denhelder.online\/dit-kan-je-doen\/cultuur\/ontdek-cultuur-en-natuur-in-den-helder-en-julianadorp\/#primaryimage"},"image":{"@id":"https:\/\/denhelder.online\/dit-kan-je-doen\/cultuur\/ontdek-cultuur-en-natuur-in-den-helder-en-julianadorp\/#primaryimage"},"thumbnailUrl":"https:\/\/denhelder.online\/wp-content\/uploads\/2025\/04\/Luchtfoto-Den-Helder.jpg","datePublished":"2025-01-21T15:28:00+00:00","dateModified":"2026-01-15T08:01:50+00:00","description":"\"Erkunden Sie Julianadorp und Den Helder mit dem Fahrrad: farbenpr\\u00e4chtige Blumenzwiebelfelder, Mari\\u00ebndal und Fort Kijkduin. Erleben Sie Natur, Kultur und Ruhe in Nordholland.\"","breadcrumb":{"@id":"https:\/\/denhelder.online\/dit-kan-je-doen\/cultuur\/ontdek-cultuur-en-natuur-in-den-helder-en-julianadorp\/#breadcrumb"},"inLanguage":"de","potentialAction":[{"@type":"ReadAction","target":["https:\/\/denhelder.online\/dit-kan-je-doen\/cultuur\/ontdek-cultuur-en-natuur-in-den-helder-en-julianadorp\/"]}]},{"@type":"ImageObject","inLanguage":"de","@id":"https:\/\/denhelder.online\/dit-kan-je-doen\/cultuur\/ontdek-cultuur-en-natuur-in-den-helder-en-julianadorp\/#primaryimage","url":"https:\/\/denhelder.online\/wp-content\/uploads\/2025\/04\/Luchtfoto-Den-Helder.jpg","contentUrl":"https:\/\/denhelder.online\/wp-content\/uploads\/2025\/04\/Luchtfoto-Den-Helder.jpg","width":1502,"height":543,"caption":"Luchtfoto Den Helder vanaf Kaaphoofd"},{"@type":"BreadcrumbList","@id":"https:\/\/denhelder.online\/dit-kan-je-doen\/cultuur\/ontdek-cultuur-en-natuur-in-den-helder-en-julianadorp\/#breadcrumb","itemListElement":[{"@type":"ListItem","position":1,"name":"Home","item":"https:\/\/denhelder.online\/"},{"@type":"ListItem","position":2,"name":"Dit kan je doen","item":"https:\/\/denhelder.online\/dit-kan-je-doen\/"},{"@type":"ListItem","position":3,"name":"Cultuur","item":"https:\/\/denhelder.online\/dit-kan-je-doen\/cultuur\/"},{"@type":"ListItem","position":4,"name":"Ontdek cultuur en natuur in Den Helder en Julianadorp"}]},{"@type":"WebSite","@id":"https:\/\/denhelder.online\/#website","url":"https:\/\/denhelder.online\/","name":"Den Helder Online","description":"Erleben Sie Den Helder","publisher":{"@id":"https:\/\/denhelder.online\/#organization"},"potentialAction":[{"@type":"SearchAction","target":{"@type":"EntryPoint","urlTemplate":"https:\/\/denhelder.online\/?s={search_term_string}"},"query-input":{"@type":"PropertyValueSpecification","valueRequired":true,"valueName":"search_term_string"}}],"inLanguage":"de"},{"@type":"Organization","@id":"https:\/\/denhelder.online\/#organization","name":"Den Helder Online","url":"https:\/\/denhelder.online\/","logo":{"@type":"ImageObject","inLanguage":"de","@id":"https:\/\/denhelder.online\/#\/schema\/logo\/image\/","url":"https:\/\/denhelder.online\/wp-content\/uploads\/2021\/12\/DitIsDH-Logo-26-tagline.svg","contentUrl":"https:\/\/denhelder.online\/wp-content\/uploads\/2021\/12\/DitIsDH-Logo-26-tagline.svg","width":1717.0999999999999,"height":934.89999999999998,"caption":"Den Helder Online"},"image":{"@id":"https:\/\/denhelder.online\/#\/schema\/logo\/image\/"}}]}},"_links":{"self":[{"href":"https:\/\/denhelder.online\/de\/wp-json\/wp\/v2\/pages\/1871","targetHints":{"allow":["GET"]}}],"collection":[{"href":"https:\/\/denhelder.online\/de\/wp-json\/wp\/v2\/pages"}],"about":[{"href":"https:\/\/denhelder.online\/de\/wp-json\/wp\/v2\/types\/page"}],"author":[{"embeddable":true,"href":"https:\/\/denhelder.online\/de\/wp-json\/wp\/v2\/users\/17"}],"replies":[{"embeddable":true,"href":"https:\/\/denhelder.online\/de\/wp-json\/wp\/v2\/comments?post=1871"}],"version-history":[{"count":0,"href":"https:\/\/denhelder.online\/de\/wp-json\/wp\/v2\/pages\/1871\/revisions"}],"up":[{"embeddable":true,"href":"https:\/\/denhelder.online\/de\/wp-json\/wp\/v2\/pages\/11908"}],"wp:featuredmedia":[{"embeddable":true,"href":"https:\/\/denhelder.online\/de\/wp-json\/wp\/v2\/media\/10931"}],"wp:attachment":[{"href":"https:\/\/denhelder.online\/de\/wp-json\/wp\/v2\/media?parent=1871"}],"wp:term":[{"taxonomy":"post_tag","embeddable":true,"href":"https:\/\/denhelder.online\/de\/wp-json\/wp\/v2\/tags?post=1871"},{"taxonomy":"doelgroep","embeddable":true,"href":"https:\/\/denhelder.online\/de\/wp-json\/wp\/v2\/doelgroep?post=1871"},{"taxonomy":"categorie","embeddable":true,"href":"https:\/\/denhelder.online\/de\/wp-json\/wp\/v2\/categorie?post=1871"}],"curies":[{"name":"wp","href":"https:\/\/api.w.org\/{rel}","templated":true}]}}