{"id":20788,"date":"2026-02-02T12:19:57","date_gmt":"2026-02-02T11:19:57","guid":{"rendered":"https:\/\/denhelder.online\/?page_id=20788"},"modified":"2026-02-02T12:29:17","modified_gmt":"2026-02-02T11:29:17","slug":"tourismusumfrage","status":"publish","type":"page","link":"https:\/\/denhelder.online\/de\/toerisme-enquete\/","title":{"rendered":"Tourismusumfrage"},"content":{"rendered":"<div data-elementor-type=\"wp-page\" data-elementor-id=\"20788\" class=\"elementor elementor-20788\" data-elementor-post-type=\"page\">\n\t\t\t\t<div class=\"elementor-element elementor-element-3a79c569 e-flex e-con-boxed e-con e-parent\" data-id=\"3a79c569\" data-element_type=\"container\" data-e-type=\"container\" data-settings=\"{&quot;jet_parallax_layout_list&quot;:[]}\">\n\t\t\t\t\t<div class=\"e-con-inner\">\n\t\t<div class=\"elementor-element elementor-element-7df60a1f e-con-full e-flex e-con e-child\" data-id=\"7df60a1f\" data-element_type=\"container\" data-e-type=\"container\" data-settings=\"{&quot;jet_parallax_layout_list&quot;:[]}\">\n\t\t\t\t<div class=\"elementor-element elementor-element-35410c9f elementor-widget__width-inherit elementor-widget elementor-widget-heading\" data-id=\"35410c9f\" data-element_type=\"widget\" data-e-type=\"widget\" data-widget_type=\"heading.default\">\n\t\t\t\t<div class=\"elementor-widget-container\">\n\t\t\t\t\t<span class=\"elementor-heading-title elementor-size-default\">Gib deine Meinung ab und gewinne!<\/span>\t\t\t\t<\/div>\n\t\t\t\t<\/div>\n\t\t\t\t<div class=\"elementor-element elementor-element-4a633f33 elementor-widget__width-inherit elementor-widget elementor-widget-heading\" data-id=\"4a633f33\" data-element_type=\"widget\" data-e-type=\"widget\" data-widget_type=\"heading.default\">\n\t\t\t\t<div class=\"elementor-widget-container\">\n\t\t\t\t\t<h2 class=\"elementor-heading-title elementor-size-default\"><span>Tourismus in Den Helder<\/span><br><\/h2>\t\t\t\t<\/div>\n\t\t\t\t<\/div>\n\t\t\t\t<div class=\"elementor-element elementor-element-51ffd764 elementor-widget elementor-widget-text-editor\" data-id=\"51ffd764\" data-element_type=\"widget\" data-e-type=\"widget\" data-widget_type=\"text-editor.default\">\n\t\t\t\t<div class=\"elementor-widget-container\">\n\t\t\t\t\t\t\t\t\t<div class=\"x14z9mp xat24cr x1lziwak x1vvkbs xtlvy1s x126k92a\"><div dir=\"auto\">Sie gehen spazieren, fahren Rad oder sitzen auf einer Terrasse. Auch das z\u00e4hlt zur Erholung. Nicht nur Besucher tun dies, sondern auch Sie als Einwohner. Deshalb m\u00f6chte die Gemeinde Den Helder Ihre Meinung dazu erfahren. Das Forschungsinstitut Ginder f\u00fchrt im Auftrag der Gemeinde Den Helder eine Wirkungsstudie zu Tourismus und Freizeit durch. Ihre R\u00fcckmeldung hilft dabei, besser zu verstehen, was gut l\u00e4uft und wo Verbesserungspotenzial besteht.<\/div><\/div><div class=\"x14z9mp xat24cr x1lziwak x1vvkbs xtlvy1s x126k92a\"><div dir=\"auto\">In der Umfrage erhalten Sie Fragen und Aussagen zum Thema Tourismus und Freizeit in Den Helder. Sie geben Ihre Zufriedenheit und die von Ihnen beobachteten Auswirkungen an.<\/div><\/div><div class=\"x14z9mp xat24cr x1lziwak x1vvkbs xtlvy1s x126k92a\"><div dir=\"auto\">Die Bearbeitung dauert 5 bis 10 Minuten. Die Teilnehmer nehmen an einer Verlosung eines VVV-Geschenkgutscheins teil.<\/div><\/div><div class=\"x14z9mp xat24cr x1lziwak x1vvkbs xtlvy1s x126k92a\"><div dir=\"auto\">Mach mit und lass deine Stimme h\u00f6ren!<\/div><\/div>\t\t\t\t\t\t\t\t<\/div>\n\t\t\t\t<\/div>\n\t\t<div class=\"elementor-element elementor-element-c15d59 e-con-full e-flex e-con e-child\" data-id=\"c15d59\" data-element_type=\"container\" data-e-type=\"container\" data-settings=\"{&quot;jet_parallax_layout_list&quot;:[]}\">\n\t\t\t\t<div class=\"elementor-element elementor-element-684f9867 elementor-mobile-align-justify elementor-widget-mobile__width-inherit elementor-tablet-align-justify elementor-widget elementor-widget-button\" data-id=\"684f9867\" data-element_type=\"widget\" data-e-type=\"widget\" data-widget_type=\"button.default\">\n\t\t\t\t<div class=\"elementor-widget-container\">\n\t\t\t\t\t\t\t\t\t<div class=\"elementor-button-wrapper\">\n\t\t\t\t\t<a class=\"elementor-button elementor-button-link elementor-size-sm\" href=\"https:\/\/surveys.enalyzer.com\/?pid=bef7ffup%20\">\n\t\t\t\t\t\t<span class=\"elementor-button-content-wrapper\">\n\t\t\t\t\t\t<span class=\"elementor-button-icon\">\n\t\t\t\t<i aria-hidden=\"true\" class=\"fas fa-chevron-right\"><\/i>\t\t\t<\/span>\n\t\t\t\t\t\t\t\t\t<span class=\"elementor-button-text\">Teilen Sie Ihre Meinung mit!<\/span>\n\t\t\t\t\t<\/span>\n\t\t\t\t\t<\/a>\n\t\t\t\t<\/div>\n\t\t\t\t\t\t\t\t<\/div>\n\t\t\t\t<\/div>\n\t\t\t\t<\/div>\n\t\t\t\t<\/div>\n\t\t\t\t\t<\/div>\n\t\t\t\t<\/div>\n\t\t\t\t<\/div>","protected":false},"excerpt":{"rendered":"<p>Geef jouw mening en win! Toerisme in Den Helder Je wandelt, fietst of zit op een terras. Dat is ook recreatie. Niet alleen bezoekers doen dit, jij als inwoner ook. Daarom wil de gemeente Den Helder graag jouw mening weten. Onderzoeksbureau Ginder voert een impactonderzoek uit naar toerisme en recreatie. In opdracht van de gemeente [&hellip;]<\/p>\n","protected":false},"author":12,"featured_media":11777,"parent":0,"menu_order":0,"comment_status":"closed","ping_status":"closed","template":"","meta":{"footnotes":""},"tags":[],"doelgroep":[],"categorie":[],"class_list":["post-20788","page","type-page","status-publish","has-post-thumbnail","hentry"],"yoast_head":"<!-- This site is optimized with the Yoast SEO Premium plugin v24.7 (Yoast SEO v27.5) - https:\/\/yoast.com\/product\/yoast-seo-premium-wordpress\/ -->\n<title>Toerisme-enqu\u00eate - Den Helder Online - Beleef Den Helder<\/title>\n<meta name=\"description\" content=\"Je wandelt, fietst of zit op een terras. Dat is ook recreatie. Niet alleen bezoekers doen dit, jij als inwoner ook. Daarom wil de gemeente Den Helder graag jouw mening weten.\" \/>\n<meta name=\"robots\" content=\"index, follow, max-snippet:-1, max-image-preview:large, max-video-preview:-1\" \/>\n<link rel=\"canonical\" href=\"https:\/\/denhelder.online\/de\/tourismusumfrage\/\" \/>\n<meta property=\"og:locale\" content=\"de_DE\" \/>\n<meta property=\"og:type\" content=\"article\" \/>\n<meta property=\"og:title\" content=\"Toerisme-enqu\u00eate\" \/>\n<meta property=\"og:description\" content=\"Je wandelt, fietst of zit op een terras. Dat is ook recreatie. Niet alleen bezoekers doen dit, jij als inwoner ook. Daarom wil de gemeente Den Helder graag jouw mening weten.\" \/>\n<meta property=\"og:url\" content=\"https:\/\/denhelder.online\/de\/tourismusumfrage\/\" \/>\n<meta property=\"og:site_name\" content=\"Den Helder Online\" \/>\n<meta property=\"article:modified_time\" content=\"2026-02-02T11:29:17+00:00\" \/>\n<meta property=\"og:image\" content=\"https:\/\/denhelder.online\/wp-content\/uploads\/2025\/06\/Kleurrijk-Julianadorp.jpg\" \/>\n\t<meta property=\"og:image:width\" content=\"1279\" \/>\n\t<meta property=\"og:image:height\" content=\"853\" \/>\n\t<meta property=\"og:image:type\" content=\"image\/jpeg\" \/>\n<meta name=\"twitter:card\" content=\"summary_large_image\" \/>\n<meta name=\"twitter:label1\" content=\"Gesch\u00e4tzte Lesezeit\" \/>\n\t<meta name=\"twitter:data1\" content=\"1\u00a0Minute\" \/>\n<script type=\"application\/ld+json\" class=\"yoast-schema-graph\">{\"@context\":\"https:\\\/\\\/schema.org\",\"@graph\":[{\"@type\":\"WebPage\",\"@id\":\"https:\\\/\\\/denhelder.online\\\/toerisme-enquete\\\/\",\"url\":\"https:\\\/\\\/denhelder.online\\\/toerisme-enquete\\\/\",\"name\":\"Toerisme-enqu\u00eate - Den Helder Online - Beleef Den Helder\",\"isPartOf\":{\"@id\":\"https:\\\/\\\/denhelder.online\\\/#website\"},\"primaryImageOfPage\":{\"@id\":\"https:\\\/\\\/denhelder.online\\\/toerisme-enquete\\\/#primaryimage\"},\"image\":{\"@id\":\"https:\\\/\\\/denhelder.online\\\/toerisme-enquete\\\/#primaryimage\"},\"thumbnailUrl\":\"https:\\\/\\\/denhelder.online\\\/wp-content\\\/uploads\\\/2025\\\/06\\\/Kleurrijk-Julianadorp.jpg\",\"datePublished\":\"2026-02-02T11:19:57+00:00\",\"dateModified\":\"2026-02-02T11:29:17+00:00\",\"description\":\"Je wandelt, fietst of zit op een terras. Dat is ook recreatie. Niet alleen bezoekers doen dit, jij als inwoner ook. Daarom wil de gemeente Den Helder graag jouw mening weten.\",\"breadcrumb\":{\"@id\":\"https:\\\/\\\/denhelder.online\\\/toerisme-enquete\\\/#breadcrumb\"},\"inLanguage\":\"de\",\"potentialAction\":[{\"@type\":\"ReadAction\",\"target\":[\"https:\\\/\\\/denhelder.online\\\/toerisme-enquete\\\/\"]}]},{\"@type\":\"ImageObject\",\"inLanguage\":\"de\",\"@id\":\"https:\\\/\\\/denhelder.online\\\/toerisme-enquete\\\/#primaryimage\",\"url\":\"https:\\\/\\\/denhelder.online\\\/wp-content\\\/uploads\\\/2025\\\/06\\\/Kleurrijk-Julianadorp.jpg\",\"contentUrl\":\"https:\\\/\\\/denhelder.online\\\/wp-content\\\/uploads\\\/2025\\\/06\\\/Kleurrijk-Julianadorp.jpg\",\"width\":1279,\"height\":853,\"caption\":\"Wandeldag kleurrijk Julianadorp bij de bollenvelden die van april tot mei in bloei staan\"},{\"@type\":\"BreadcrumbList\",\"@id\":\"https:\\\/\\\/denhelder.online\\\/toerisme-enquete\\\/#breadcrumb\",\"itemListElement\":[{\"@type\":\"ListItem\",\"position\":1,\"name\":\"Home\",\"item\":\"https:\\\/\\\/denhelder.online\\\/\"},{\"@type\":\"ListItem\",\"position\":2,\"name\":\"Toerisme-enqu\u00eate\"}]},{\"@type\":\"WebSite\",\"@id\":\"https:\\\/\\\/denhelder.online\\\/#website\",\"url\":\"https:\\\/\\\/denhelder.online\\\/\",\"name\":\"Den Helder Online\",\"description\":\"Beleef Den Helder\",\"publisher\":{\"@id\":\"https:\\\/\\\/denhelder.online\\\/#organization\"},\"potentialAction\":[{\"@type\":\"SearchAction\",\"target\":{\"@type\":\"EntryPoint\",\"urlTemplate\":\"https:\\\/\\\/denhelder.online\\\/?s={search_term_string}\"},\"query-input\":{\"@type\":\"PropertyValueSpecification\",\"valueRequired\":true,\"valueName\":\"search_term_string\"}}],\"inLanguage\":\"de\"},{\"@type\":\"Organization\",\"@id\":\"https:\\\/\\\/denhelder.online\\\/#organization\",\"name\":\"Den Helder Online\",\"url\":\"https:\\\/\\\/denhelder.online\\\/\",\"logo\":{\"@type\":\"ImageObject\",\"inLanguage\":\"de\",\"@id\":\"https:\\\/\\\/denhelder.online\\\/#\\\/schema\\\/logo\\\/image\\\/\",\"url\":\"https:\\\/\\\/denhelder.online\\\/wp-content\\\/uploads\\\/2021\\\/12\\\/DitIsDH-Logo-26-tagline.svg\",\"contentUrl\":\"https:\\\/\\\/denhelder.online\\\/wp-content\\\/uploads\\\/2021\\\/12\\\/DitIsDH-Logo-26-tagline.svg\",\"width\":1717.0999999999999,\"height\":934.89999999999998,\"caption\":\"Den Helder Online\"},\"image\":{\"@id\":\"https:\\\/\\\/denhelder.online\\\/#\\\/schema\\\/logo\\\/image\\\/\"}}]}<\/script>\n<!-- \/ Yoast SEO Premium plugin. -->","yoast_head_json":{"title":"Tourismusumfrage \u2013 Den Helder Online \u2013 Den Helder erleben","description":"Sie gehen spazieren, fahren Rad oder sitzen auf einer Terrasse. Auch das ist Erholung. Nicht nur Besucher tun das, sondern auch Sie als Einwohner. Deshalb m\u00f6chte die Gemeinde Den Helder Ihre Meinung dazu h\u00f6ren.","robots":{"index":"index","follow":"follow","max-snippet":"max-snippet:-1","max-image-preview":"max-image-preview:large","max-video-preview":"max-video-preview:-1"},"canonical":"https:\/\/denhelder.online\/de\/tourismusumfrage\/","og_locale":"de_DE","og_type":"article","og_title":"Toerisme-enqu\u00eate","og_description":"Je wandelt, fietst of zit op een terras. Dat is ook recreatie. Niet alleen bezoekers doen dit, jij als inwoner ook. Daarom wil de gemeente Den Helder graag jouw mening weten.","og_url":"https:\/\/denhelder.online\/de\/tourismusumfrage\/","og_site_name":"Den Helder Online","article_modified_time":"2026-02-02T11:29:17+00:00","og_image":[{"width":1279,"height":853,"url":"https:\/\/denhelder.online\/wp-content\/uploads\/2025\/06\/Kleurrijk-Julianadorp.jpg","type":"image\/jpeg"}],"twitter_card":"summary_large_image","twitter_misc":{"Gesch\u00e4tzte Lesezeit":"1\u00a0Minute"},"schema":{"@context":"https:\/\/schema.org","@graph":[{"@type":"WebPage","@id":"https:\/\/denhelder.online\/toerisme-enquete\/","url":"https:\/\/denhelder.online\/toerisme-enquete\/","name":"Tourismusumfrage \u2013 Den Helder Online \u2013 Den Helder erleben","isPartOf":{"@id":"https:\/\/denhelder.online\/#website"},"primaryImageOfPage":{"@id":"https:\/\/denhelder.online\/toerisme-enquete\/#primaryimage"},"image":{"@id":"https:\/\/denhelder.online\/toerisme-enquete\/#primaryimage"},"thumbnailUrl":"https:\/\/denhelder.online\/wp-content\/uploads\/2025\/06\/Kleurrijk-Julianadorp.jpg","datePublished":"2026-02-02T11:19:57+00:00","dateModified":"2026-02-02T11:29:17+00:00","description":"Sie gehen spazieren, fahren Rad oder sitzen auf einer Terrasse. Auch das ist Erholung. Nicht nur Besucher tun das, sondern auch Sie als Einwohner. Deshalb m\u00f6chte die Gemeinde Den Helder Ihre Meinung dazu h\u00f6ren.","breadcrumb":{"@id":"https:\/\/denhelder.online\/toerisme-enquete\/#breadcrumb"},"inLanguage":"de","potentialAction":[{"@type":"ReadAction","target":["https:\/\/denhelder.online\/toerisme-enquete\/"]}]},{"@type":"ImageObject","inLanguage":"de","@id":"https:\/\/denhelder.online\/toerisme-enquete\/#primaryimage","url":"https:\/\/denhelder.online\/wp-content\/uploads\/2025\/06\/Kleurrijk-Julianadorp.jpg","contentUrl":"https:\/\/denhelder.online\/wp-content\/uploads\/2025\/06\/Kleurrijk-Julianadorp.jpg","width":1279,"height":853,"caption":"Wandeldag kleurrijk Julianadorp bij de bollenvelden die van april tot mei in bloei staan"},{"@type":"BreadcrumbList","@id":"https:\/\/denhelder.online\/toerisme-enquete\/#breadcrumb","itemListElement":[{"@type":"ListItem","position":1,"name":"Home","item":"https:\/\/denhelder.online\/"},{"@type":"ListItem","position":2,"name":"Toerisme-enqu\u00eate"}]},{"@type":"WebSite","@id":"https:\/\/denhelder.online\/#website","url":"https:\/\/denhelder.online\/","name":"Den Helder Online","description":"Erleben Sie Den Helder","publisher":{"@id":"https:\/\/denhelder.online\/#organization"},"potentialAction":[{"@type":"SearchAction","target":{"@type":"EntryPoint","urlTemplate":"https:\/\/denhelder.online\/?s={search_term_string}"},"query-input":{"@type":"PropertyValueSpecification","valueRequired":true,"valueName":"search_term_string"}}],"inLanguage":"de"},{"@type":"Organization","@id":"https:\/\/denhelder.online\/#organization","name":"Den Helder Online","url":"https:\/\/denhelder.online\/","logo":{"@type":"ImageObject","inLanguage":"de","@id":"https:\/\/denhelder.online\/#\/schema\/logo\/image\/","url":"https:\/\/denhelder.online\/wp-content\/uploads\/2021\/12\/DitIsDH-Logo-26-tagline.svg","contentUrl":"https:\/\/denhelder.online\/wp-content\/uploads\/2021\/12\/DitIsDH-Logo-26-tagline.svg","width":1717.0999999999999,"height":934.89999999999998,"caption":"Den Helder Online"},"image":{"@id":"https:\/\/denhelder.online\/#\/schema\/logo\/image\/"}}]}},"_links":{"self":[{"href":"https:\/\/denhelder.online\/de\/wp-json\/wp\/v2\/pages\/20788","targetHints":{"allow":["GET"]}}],"collection":[{"href":"https:\/\/denhelder.online\/de\/wp-json\/wp\/v2\/pages"}],"about":[{"href":"https:\/\/denhelder.online\/de\/wp-json\/wp\/v2\/types\/page"}],"author":[{"embeddable":true,"href":"https:\/\/denhelder.online\/de\/wp-json\/wp\/v2\/users\/12"}],"replies":[{"embeddable":true,"href":"https:\/\/denhelder.online\/de\/wp-json\/wp\/v2\/comments?post=20788"}],"version-history":[{"count":0,"href":"https:\/\/denhelder.online\/de\/wp-json\/wp\/v2\/pages\/20788\/revisions"}],"wp:featuredmedia":[{"embeddable":true,"href":"https:\/\/denhelder.online\/de\/wp-json\/wp\/v2\/media\/11777"}],"wp:attachment":[{"href":"https:\/\/denhelder.online\/de\/wp-json\/wp\/v2\/media?parent=20788"}],"wp:term":[{"taxonomy":"post_tag","embeddable":true,"href":"https:\/\/denhelder.online\/de\/wp-json\/wp\/v2\/tags?post=20788"},{"taxonomy":"doelgroep","embeddable":true,"href":"https:\/\/denhelder.online\/de\/wp-json\/wp\/v2\/doelgroep?post=20788"},{"taxonomy":"categorie","embeddable":true,"href":"https:\/\/denhelder.online\/de\/wp-json\/wp\/v2\/categorie?post=20788"}],"curies":[{"name":"wp","href":"https:\/\/api.w.org\/{rel}","templated":true}]}}