{"id":22357,"date":"2026-03-31T13:45:10","date_gmt":"2026-03-31T11:45:10","guid":{"rendered":"https:\/\/denhelder.online\/?page_id=22357"},"modified":"2026-04-12T14:06:09","modified_gmt":"2026-04-12T12:06:09","slug":"smartphone-fotografie-workshop-das-schonste-foto-einfangen","status":"publish","type":"page","link":"https:\/\/denhelder.online\/de\/helderseplaatjes\/workshop-smartphone-fotografie-vang-het-mooiste-plaatje\/","title":{"rendered":"Smartphone-Fotografie-Workshop: Das beste Foto einfangen!"},"content":{"rendered":"<div data-elementor-type=\"wp-page\" data-elementor-id=\"22357\" class=\"elementor elementor-22357\" data-elementor-post-type=\"page\">\n\t\t\t\t<div class=\"elementor-element elementor-element-3ded873f e-flex e-con-boxed e-con e-parent\" data-id=\"3ded873f\" data-element_type=\"container\" data-e-type=\"container\" data-settings=\"{&quot;jet_parallax_layout_list&quot;:[]}\">\n\t\t\t\t\t<div class=\"e-con-inner\">\n\t\t<div class=\"elementor-element elementor-element-3df5f436 e-con-full e-flex e-con e-child\" data-id=\"3df5f436\" data-element_type=\"container\" data-e-type=\"container\" data-settings=\"{&quot;jet_parallax_layout_list&quot;:[]}\">\n\t\t\t\t<div class=\"elementor-element elementor-element-42eda4d elementor-widget elementor-widget-breadcrumbs\" data-id=\"42eda4d\" data-element_type=\"widget\" data-e-type=\"widget\" data-widget_type=\"breadcrumbs.default\">\n\t\t\t\t<div class=\"elementor-widget-container\">\n\t\t\t\t\t<p id=\"breadcrumbs\"><span><span><a href=\"https:\/\/denhelder.online\/de\/\">Heim<\/a><\/span><\/span><\/p>\t\t\t\t<\/div>\n\t\t\t\t<\/div>\n\t\t<div class=\"elementor-element elementor-element-788d9bd2 e-con-full e-flex e-con e-child\" data-id=\"788d9bd2\" data-element_type=\"container\" data-e-type=\"container\" data-settings=\"{&quot;jet_parallax_layout_list&quot;:[]}\">\n\t\t\t\t<div class=\"elementor-element elementor-element-24042a1e elementor-widget elementor-widget-heading\" data-id=\"24042a1e\" data-element_type=\"widget\" data-e-type=\"widget\" data-widget_type=\"heading.default\">\n\t\t\t\t<div class=\"elementor-widget-container\">\n\t\t\t\t\t<p class=\"elementor-heading-title elementor-size-default\">Folgen Sie uns in den sozialen Netzwerken:<\/p>\t\t\t\t<\/div>\n\t\t\t\t<\/div>\n\t\t\t\t<div class=\"elementor-element elementor-element-288ecec3 elementor-icon-list--layout-inline elementor-align-end elementor-list-item-link-full_width elementor-widget elementor-widget-global elementor-global-1176 elementor-widget-icon-list\" data-id=\"288ecec3\" data-element_type=\"widget\" data-e-type=\"widget\" data-widget_type=\"icon-list.default\">\n\t\t\t\t<div class=\"elementor-widget-container\">\n\t\t\t\t\t\t\t<ul class=\"elementor-icon-list-items elementor-inline-items\">\n\t\t\t\t\t\t\t<li class=\"elementor-icon-list-item elementor-inline-item\">\n\t\t\t\t\t\t\t\t\t\t\t<a href=\"https:\/\/www.facebook.com\/ditisdenhelder\" target=\"_blank\">\n\n\t\t\t\t\t\t\t\t\t\t\t\t<span class=\"elementor-icon-list-icon\">\n\t\t\t\t\t\t\t<i aria-hidden=\"true\" class=\"fab fa-facebook\"><\/i>\t\t\t\t\t\t<\/span>\n\t\t\t\t\t\t\t\t\t\t<span class=\"elementor-icon-list-text\"><\/span>\n\t\t\t\t\t\t\t\t\t\t\t<\/a>\n\t\t\t\t\t\t\t\t\t<\/li>\n\t\t\t\t\t\t\t\t<li class=\"elementor-icon-list-item elementor-inline-item\">\n\t\t\t\t\t\t\t\t\t\t\t<a href=\"https:\/\/www.instagram.com\/ditisdenhelder\/\" target=\"_blank\">\n\n\t\t\t\t\t\t\t\t\t\t\t\t<span class=\"elementor-icon-list-icon\">\n\t\t\t\t\t\t\t<i aria-hidden=\"true\" class=\"fab fa-instagram\"><\/i>\t\t\t\t\t\t<\/span>\n\t\t\t\t\t\t\t\t\t\t<span class=\"elementor-icon-list-text\"><\/span>\n\t\t\t\t\t\t\t\t\t\t\t<\/a>\n\t\t\t\t\t\t\t\t\t<\/li>\n\t\t\t\t\t\t\t\t<li class=\"elementor-icon-list-item elementor-inline-item\">\n\t\t\t\t\t\t\t\t\t\t\t<a href=\"https:\/\/www.youtube.com\/channel\/UCxXdcocRQwb3lDwiYBp3llg\" target=\"_blank\">\n\n\t\t\t\t\t\t\t\t\t\t\t\t<span class=\"elementor-icon-list-icon\">\n\t\t\t\t\t\t\t<i aria-hidden=\"true\" class=\"fab fa-youtube\"><\/i>\t\t\t\t\t\t<\/span>\n\t\t\t\t\t\t\t\t\t\t<span class=\"elementor-icon-list-text\"><\/span>\n\t\t\t\t\t\t\t\t\t\t\t<\/a>\n\t\t\t\t\t\t\t\t\t<\/li>\n\t\t\t\t\t\t\t\t<li class=\"elementor-icon-list-item elementor-inline-item\">\n\t\t\t\t\t\t\t\t\t\t\t<a href=\"https:\/\/www.linkedin.com\/company\/citymarketing-den-helder\" target=\"_blank\">\n\n\t\t\t\t\t\t\t\t\t\t\t\t<span class=\"elementor-icon-list-icon\">\n\t\t\t\t\t\t\t<i aria-hidden=\"true\" class=\"fab fa-linkedin-in\"><\/i>\t\t\t\t\t\t<\/span>\n\t\t\t\t\t\t\t\t\t\t<span class=\"elementor-icon-list-text\"><\/span>\n\t\t\t\t\t\t\t\t\t\t\t<\/a>\n\t\t\t\t\t\t\t\t\t<\/li>\n\t\t\t\t\t\t<\/ul>\n\t\t\t\t\t\t<\/div>\n\t\t\t\t<\/div>\n\t\t\t\t<\/div>\n\t\t\t\t<\/div>\n\t\t\t\t\t<\/div>\n\t\t\t\t<\/div>\n\t\t<div class=\"elementor-element elementor-element-74aea7d4 e-flex e-con-boxed e-con e-parent\" data-id=\"74aea7d4\" data-element_type=\"container\" data-e-type=\"container\" data-settings=\"{&quot;jet_parallax_layout_list&quot;:[]}\">\n\t\t\t\t\t<div class=\"e-con-inner\">\n\t\t<div class=\"elementor-element elementor-element-7f51ee1b e-con-full e-flex e-con e-child\" data-id=\"7f51ee1b\" data-element_type=\"container\" data-e-type=\"container\" data-settings=\"{&quot;jet_parallax_layout_list&quot;:[]}\">\n\t\t\t\t<div class=\"elementor-element elementor-element-5f51b690 elementor-widget__width-inherit elementor-widget elementor-widget-heading\" data-id=\"5f51b690\" data-element_type=\"widget\" data-e-type=\"widget\" data-widget_type=\"heading.default\">\n\t\t\t\t<div class=\"elementor-widget-container\">\n\t\t\t\t\t<h2 class=\"elementor-heading-title elementor-size-default\">Smartphone-Fotografie-Workshop: Das beste Foto einfangen! <\/h2>\t\t\t\t<\/div>\n\t\t\t\t<\/div>\n\t\t\t\t<div class=\"elementor-element elementor-element-7125929a elementor-widget elementor-widget-text-editor\" data-id=\"7125929a\" data-element_type=\"widget\" data-e-type=\"widget\" data-widget_type=\"text-editor.default\">\n\t\t\t\t<div class=\"elementor-widget-container\">\n\t\t\t\t\t\t\t\t\t<p>Im April stehen die Tulpenfelder in voller Bl\u00fcte \u2013 der perfekte Zeitpunkt f\u00fcr Ihr sch\u00f6nstes Foto. Am 25. April veranstalten wir einen speziellen Smartphone-Fotografie-Workshop, der ganz dem Fotowettbewerb gewidmet ist. <em>Das sch\u00f6nste Helderse-Bild<\/em>.<\/p><p>Mit dem Smartphone in der Hand triffst du dich mit einer kleinen Gruppe von Teilnehmern im Duinzoomhoeve in Julianadorp. Alle haben dasselbe Ziel: das eine Foto zu schie\u00dfen, das heraussticht. Vielleicht ist es ja dein Beitrag f\u00fcr den Wettbewerb, bei dem du tolle Preise gewinnen kannst.<\/p><p>Wir beginnen entspannt bei einer Tasse Kaffee oder Tee. Sie erhalten hilfreiche Tipps und lernen, wie Sie Ihr Smartphone optimal nutzen \u2013 von Fokussierung und Bildkomposition bis hin zum Spiel mit Licht und Farbe. Denn inmitten der Tulpen geht es vor allem ums Sehen: den richtigen Moment, die sch\u00f6nste Perspektive, jenes Detail, das anderen entgeht.<\/p><p>Anschlie\u00dfend gehst du hinaus aufs Feld. Zwischen den farbenpr\u00e4chtigen Blumen kannst du selbst kreativ werden. Du entdeckst, wie anders sich deine Wahrnehmung ver\u00e4ndert, wenn du bewusst fotografierst. Eine Tulpenreihe wird zum Spiel der Linien, Tautropfen zu kleinen Kunstwerken, und das Licht verleiht jedem Foto eine einzigartige Atmosph\u00e4re.<\/p><p>Unter Anleitung \u00fcben, experimentieren und beobachten Sie, wie Ihre Fotos immer besser werden. Die Atmosph\u00e4re ist entspannt und inspirierend; es wird gelacht und sich ausgetauscht, und manchmal ert\u00f6nt ein \u00fcberraschtes \u201cWow\u201d, wenn jemand gerade das perfekte Foto geschossen hat.<\/p><p>Und wer wei\u00df\u2026 vielleicht gelingt dir ja *das* Foto f\u00fcr den Fotowettbewerb. <em>Das sch\u00f6nste Helderse-Bild<\/em>.<\/p><p>Sie brauchen keine teure Kamera. Nur Ihr Smartphone, eine neue Perspektive und die Lust, rauszugehen.<\/p><p><strong>Daten:<\/strong> 25. April von 15:00 bis 17:00 Uhr<br \/><strong>Standort:<\/strong> Camping Duinzoomhoeve, Middenvliet 7, Julianadorp<\/p><p><strong>Kosten: <\/strong>30 \u20ac pro Person<\/p><p>Lass dich von den Farben des Fr\u00fchlings inspirieren und entdecke, wie du einen Augenblick in eine bleibende Erinnerung verwandeln kannst.<\/p>\t\t\t\t\t\t\t\t<\/div>\n\t\t\t\t<\/div>\n\t\t<div class=\"elementor-element elementor-element-8714b92 e-con-full e-flex e-con e-child\" data-id=\"8714b92\" data-element_type=\"container\" data-e-type=\"container\" data-settings=\"{&quot;jet_parallax_layout_list&quot;:[]}\">\n\t\t\t\t<div class=\"elementor-element elementor-element-3c9abac6 elementor-mobile-align-justify elementor-widget-mobile__width-inherit elementor-tablet-align-justify elementor-widget elementor-widget-button\" data-id=\"3c9abac6\" data-element_type=\"widget\" data-e-type=\"widget\" data-widget_type=\"button.default\">\n\t\t\t\t<div class=\"elementor-widget-container\">\n\t\t\t\t\t\t\t\t\t<div class=\"elementor-button-wrapper\">\n\t\t\t\t\t<a class=\"elementor-button elementor-button-link elementor-size-sm\" href=\"https:\/\/eckkies.nl\/vang-het-mooiste-plaatje\/\" target=\"_blank\">\n\t\t\t\t\t\t<span class=\"elementor-button-content-wrapper\">\n\t\t\t\t\t\t<span class=\"elementor-button-icon\">\n\t\t\t\t<i aria-hidden=\"true\" class=\"fas fa-chevron-right\"><\/i>\t\t\t<\/span>\n\t\t\t\t\t\t\t\t\t<span class=\"elementor-button-text\">Weitere Informationen und Anmeldung<\/span>\n\t\t\t\t\t<\/span>\n\t\t\t\t\t<\/a>\n\t\t\t\t<\/div>\n\t\t\t\t\t\t\t\t<\/div>\n\t\t\t\t<\/div>\n\t\t\t\t<\/div>\n\t\t\t\t<\/div>\n\t\t\t\t\t<\/div>\n\t\t\t\t<\/div>\n\t\t<div class=\"elementor-element elementor-element-f2f940c e-flex e-con-boxed e-con e-parent\" data-id=\"f2f940c\" data-element_type=\"container\" data-e-type=\"container\" data-settings=\"{&quot;background_background&quot;:&quot;classic&quot;,&quot;jet_parallax_layout_list&quot;:[]}\">\n\t\t\t\t\t<div class=\"e-con-inner\">\n\t\t<div class=\"elementor-element elementor-element-1b2e630a e-con-full e-flex e-con e-child\" data-id=\"1b2e630a\" data-element_type=\"container\" data-e-type=\"container\" data-settings=\"{&quot;jet_parallax_layout_list&quot;:[]}\">\n\t\t\t\t<div class=\"elementor-element elementor-element-2b6af6ce elementor-widget__width-inherit elementor-widget elementor-widget-image\" data-id=\"2b6af6ce\" data-element_type=\"widget\" data-e-type=\"widget\" data-widget_type=\"image.default\">\n\t\t\t\t<div class=\"elementor-widget-container\">\n\t\t\t\t\t\t\t\t\t\t\t\t\t\t\t<img fetchpriority=\"high\" decoding=\"async\" width=\"800\" height=\"534\" src=\"https:\/\/denhelder.online\/wp-content\/uploads\/2026\/01\/mensen-wandelen-duinen-huisduinen-1024x683.jpg\" class=\"attachment-large size-large wp-image-17911\" alt=\"Menschen, die durch die D\u00fcnen von Huisduinen spazieren\" srcset=\"https:\/\/denhelder.online\/wp-content\/uploads\/2026\/01\/mensen-wandelen-duinen-huisduinen-1024x683.jpg 1024w, https:\/\/denhelder.online\/wp-content\/uploads\/2026\/01\/mensen-wandelen-duinen-huisduinen-300x200.jpg 300w, https:\/\/denhelder.online\/wp-content\/uploads\/2026\/01\/mensen-wandelen-duinen-huisduinen-768x512.jpg 768w, https:\/\/denhelder.online\/wp-content\/uploads\/2026\/01\/mensen-wandelen-duinen-huisduinen-1536x1024.jpg 1536w, https:\/\/denhelder.online\/wp-content\/uploads\/2026\/01\/mensen-wandelen-duinen-huisduinen-2048x1365.jpg 2048w, https:\/\/denhelder.online\/wp-content\/uploads\/2026\/01\/mensen-wandelen-duinen-huisduinen-18x12.jpg 18w, https:\/\/denhelder.online\/wp-content\/uploads\/2026\/01\/mensen-wandelen-duinen-huisduinen-600x400.jpg 600w\" sizes=\"(max-width: 800px) 100vw, 800px\" \/>\t\t\t\t\t\t\t\t\t\t\t\t\t\t\t<\/div>\n\t\t\t\t<\/div>\n\t\t\t\t<div class=\"elementor-element elementor-element-73d4ba2c elementor-widget__width-inherit elementor-widget elementor-widget-image\" data-id=\"73d4ba2c\" data-element_type=\"widget\" data-e-type=\"widget\" data-widget_type=\"image.default\">\n\t\t\t\t<div class=\"elementor-widget-container\">\n\t\t\t\t\t\t\t\t\t\t\t\t\t\t\t<img decoding=\"async\" width=\"800\" height=\"566\" src=\"https:\/\/denhelder.online\/wp-content\/uploads\/2026\/03\/Mooiste-Plaatjes-5-1024x724.jpg\" class=\"attachment-large size-large wp-image-21711\" alt=\"Die sch\u00f6nsten Helderse-Bilder mit dem Nollen bei Sonnenuntergang und Kunstwerken von Rudi van de Wind\" srcset=\"https:\/\/denhelder.online\/wp-content\/uploads\/2026\/03\/Mooiste-Plaatjes-5-1024x724.jpg 1024w, https:\/\/denhelder.online\/wp-content\/uploads\/2026\/03\/Mooiste-Plaatjes-5-300x212.jpg 300w, https:\/\/denhelder.online\/wp-content\/uploads\/2026\/03\/Mooiste-Plaatjes-5-768x543.jpg 768w, https:\/\/denhelder.online\/wp-content\/uploads\/2026\/03\/Mooiste-Plaatjes-5-1536x1085.jpg 1536w, https:\/\/denhelder.online\/wp-content\/uploads\/2026\/03\/Mooiste-Plaatjes-5-18x12.jpg 18w, https:\/\/denhelder.online\/wp-content\/uploads\/2026\/03\/Mooiste-Plaatjes-5-600x424.jpg 600w, https:\/\/denhelder.online\/wp-content\/uploads\/2026\/03\/Mooiste-Plaatjes-5.jpg 2048w\" sizes=\"(max-width: 800px) 100vw, 800px\" \/>\t\t\t\t\t\t\t\t\t\t\t\t\t\t\t<\/div>\n\t\t\t\t<\/div>\n\t\t\t\t<div class=\"elementor-element elementor-element-1b563e32 elementor-widget__width-inherit elementor-widget elementor-widget-image\" data-id=\"1b563e32\" data-element_type=\"widget\" data-e-type=\"widget\" data-widget_type=\"image.default\">\n\t\t\t\t<div class=\"elementor-widget-container\">\n\t\t\t\t\t\t\t\t\t\t\t\t\t\t\t<img decoding=\"async\" width=\"800\" height=\"582\" src=\"https:\/\/denhelder.online\/wp-content\/uploads\/2026\/01\/Exmoor-pony-vuurtoren-grafelijkheidsduinen-Walter-Das-1024x745.jpg\" class=\"attachment-large size-large wp-image-18312\" alt=\"Konik-Pferde Grafelijkheidsduinen\" srcset=\"https:\/\/denhelder.online\/wp-content\/uploads\/2026\/01\/Exmoor-pony-vuurtoren-grafelijkheidsduinen-Walter-Das-1024x745.jpg 1024w, https:\/\/denhelder.online\/wp-content\/uploads\/2026\/01\/Exmoor-pony-vuurtoren-grafelijkheidsduinen-Walter-Das-300x218.jpg 300w, https:\/\/denhelder.online\/wp-content\/uploads\/2026\/01\/Exmoor-pony-vuurtoren-grafelijkheidsduinen-Walter-Das-768x559.jpg 768w, https:\/\/denhelder.online\/wp-content\/uploads\/2026\/01\/Exmoor-pony-vuurtoren-grafelijkheidsduinen-Walter-Das-1536x1118.jpg 1536w, https:\/\/denhelder.online\/wp-content\/uploads\/2026\/01\/Exmoor-pony-vuurtoren-grafelijkheidsduinen-Walter-Das-2048x1490.jpg 2048w, https:\/\/denhelder.online\/wp-content\/uploads\/2026\/01\/Exmoor-pony-vuurtoren-grafelijkheidsduinen-Walter-Das-16x12.jpg 16w, https:\/\/denhelder.online\/wp-content\/uploads\/2026\/01\/Exmoor-pony-vuurtoren-grafelijkheidsduinen-Walter-Das-600x437.jpg 600w\" sizes=\"(max-width: 800px) 100vw, 800px\" \/>\t\t\t\t\t\t\t\t\t\t\t\t\t\t\t<\/div>\n\t\t\t\t<\/div>\n\t\t\t\t<\/div>\n\t\t\t\t\t<\/div>\n\t\t\t\t<\/div>\n\t\t\t\t<\/div>","protected":false},"excerpt":{"rendered":"<p>Volg ons op social: Workshop Smartphone Fotografie: vang het Mooiste Plaatje! In april staan de tulpenvelden in volle bloei, h\u00e9t perfecte moment om jouw mooiste foto te maken. Op 25 april organiseren we een speciale smartphone fotografie workshop, helemaal in het teken van de fotowedstrijd Mooiste Helderse Plaatje. Met je smartphone in je hand verzamel [&hellip;]<\/p>\n","protected":false},"author":11,"featured_media":22048,"parent":21668,"menu_order":0,"comment_status":"closed","ping_status":"closed","template":"elementor_header_footer","meta":{"footnotes":""},"tags":[],"doelgroep":[],"categorie":[],"class_list":["post-22357","page","type-page","status-publish","has-post-thumbnail","hentry"],"yoast_head":"<!-- This site is optimized with the Yoast SEO Premium plugin v24.7 (Yoast SEO v27.4) - https:\/\/yoast.com\/product\/yoast-seo-premium-wordpress\/ -->\n<title>Workshop smartphone fotografie<\/title>\n<meta name=\"description\" content=\"Workshop smartphone fotografie voor het Mooiste Helderse plaatje. Leer alle tips en tricks en win de hoofdprijs\" \/>\n<meta name=\"robots\" content=\"index, follow, max-snippet:-1, max-image-preview:large, max-video-preview:-1\" \/>\n<link rel=\"canonical\" href=\"https:\/\/denhelder.online\/de\/klare-bilder\/smartphone-fotografie-workshop-das-schonste-foto-einfangen\/\" \/>\n<meta property=\"og:locale\" content=\"de_DE\" \/>\n<meta property=\"og:type\" content=\"article\" \/>\n<meta property=\"og:title\" content=\"Workshop Smartphone Fotografie: vang het Mooiste Plaatje!\" \/>\n<meta property=\"og:description\" content=\"Workshop smartphone fotografie voor het Mooiste Helderse plaatje. Leer alle tips en tricks en win de hoofdprijs\" \/>\n<meta property=\"og:url\" content=\"https:\/\/denhelder.online\/de\/klare-bilder\/smartphone-fotografie-workshop-das-schonste-foto-einfangen\/\" \/>\n<meta property=\"og:site_name\" content=\"Den Helder Online\" \/>\n<meta property=\"article:modified_time\" content=\"2026-04-12T12:06:09+00:00\" \/>\n<meta property=\"og:image\" content=\"https:\/\/denhelder.online\/wp-content\/uploads\/2026\/03\/Tulpen-1023-scaled.jpg\" \/>\n\t<meta property=\"og:image:width\" content=\"2560\" \/>\n\t<meta property=\"og:image:height\" content=\"1707\" \/>\n\t<meta property=\"og:image:type\" content=\"image\/jpeg\" \/>\n<meta name=\"twitter:card\" content=\"summary_large_image\" \/>\n<meta name=\"twitter:label1\" content=\"Gesch\u00e4tzte Lesezeit\" \/>\n\t<meta name=\"twitter:data1\" content=\"3\u00a0Minuten\" \/>\n<script type=\"application\/ld+json\" class=\"yoast-schema-graph\">{\"@context\":\"https:\\\/\\\/schema.org\",\"@graph\":[{\"@type\":\"WebPage\",\"@id\":\"https:\\\/\\\/denhelder.online\\\/helderseplaatjes\\\/workshop-smartphone-fotografie-vang-het-mooiste-plaatje\\\/\",\"url\":\"https:\\\/\\\/denhelder.online\\\/helderseplaatjes\\\/workshop-smartphone-fotografie-vang-het-mooiste-plaatje\\\/\",\"name\":\"Workshop smartphone fotografie\",\"isPartOf\":{\"@id\":\"https:\\\/\\\/denhelder.online\\\/#website\"},\"primaryImageOfPage\":{\"@id\":\"https:\\\/\\\/denhelder.online\\\/helderseplaatjes\\\/workshop-smartphone-fotografie-vang-het-mooiste-plaatje\\\/#primaryimage\"},\"image\":{\"@id\":\"https:\\\/\\\/denhelder.online\\\/helderseplaatjes\\\/workshop-smartphone-fotografie-vang-het-mooiste-plaatje\\\/#primaryimage\"},\"thumbnailUrl\":\"https:\\\/\\\/denhelder.online\\\/wp-content\\\/uploads\\\/2026\\\/03\\\/Tulpen-1023-scaled.jpg\",\"datePublished\":\"2026-03-31T11:45:10+00:00\",\"dateModified\":\"2026-04-12T12:06:09+00:00\",\"description\":\"Workshop smartphone fotografie voor het Mooiste Helderse plaatje. Leer alle tips en tricks en win de hoofdprijs\",\"breadcrumb\":{\"@id\":\"https:\\\/\\\/denhelder.online\\\/helderseplaatjes\\\/workshop-smartphone-fotografie-vang-het-mooiste-plaatje\\\/#breadcrumb\"},\"inLanguage\":\"de\",\"potentialAction\":[{\"@type\":\"ReadAction\",\"target\":[\"https:\\\/\\\/denhelder.online\\\/helderseplaatjes\\\/workshop-smartphone-fotografie-vang-het-mooiste-plaatje\\\/\"]}]},{\"@type\":\"ImageObject\",\"inLanguage\":\"de\",\"@id\":\"https:\\\/\\\/denhelder.online\\\/helderseplaatjes\\\/workshop-smartphone-fotografie-vang-het-mooiste-plaatje\\\/#primaryimage\",\"url\":\"https:\\\/\\\/denhelder.online\\\/wp-content\\\/uploads\\\/2026\\\/03\\\/Tulpen-1023-scaled.jpg\",\"contentUrl\":\"https:\\\/\\\/denhelder.online\\\/wp-content\\\/uploads\\\/2026\\\/03\\\/Tulpen-1023-scaled.jpg\",\"width\":2560,\"height\":1707,\"caption\":\"Fietsen langs de tulpen\"},{\"@type\":\"BreadcrumbList\",\"@id\":\"https:\\\/\\\/denhelder.online\\\/helderseplaatjes\\\/workshop-smartphone-fotografie-vang-het-mooiste-plaatje\\\/#breadcrumb\",\"itemListElement\":[{\"@type\":\"ListItem\",\"position\":1,\"name\":\"Home\",\"item\":\"https:\\\/\\\/denhelder.online\\\/\"},{\"@type\":\"ListItem\",\"position\":2,\"name\":\"Mooiste Helderse Plaatjes\",\"item\":\"https:\\\/\\\/denhelder.online\\\/helderseplaatjes\\\/\"},{\"@type\":\"ListItem\",\"position\":3,\"name\":\"Workshop Smartphone Fotografie: vang het Mooiste Plaatje!\"}]},{\"@type\":\"WebSite\",\"@id\":\"https:\\\/\\\/denhelder.online\\\/#website\",\"url\":\"https:\\\/\\\/denhelder.online\\\/\",\"name\":\"Den Helder Online\",\"description\":\"Beleef Den Helder\",\"publisher\":{\"@id\":\"https:\\\/\\\/denhelder.online\\\/#organization\"},\"potentialAction\":[{\"@type\":\"SearchAction\",\"target\":{\"@type\":\"EntryPoint\",\"urlTemplate\":\"https:\\\/\\\/denhelder.online\\\/?s={search_term_string}\"},\"query-input\":{\"@type\":\"PropertyValueSpecification\",\"valueRequired\":true,\"valueName\":\"search_term_string\"}}],\"inLanguage\":\"de\"},{\"@type\":\"Organization\",\"@id\":\"https:\\\/\\\/denhelder.online\\\/#organization\",\"name\":\"Den Helder Online\",\"url\":\"https:\\\/\\\/denhelder.online\\\/\",\"logo\":{\"@type\":\"ImageObject\",\"inLanguage\":\"de\",\"@id\":\"https:\\\/\\\/denhelder.online\\\/#\\\/schema\\\/logo\\\/image\\\/\",\"url\":\"https:\\\/\\\/denhelder.online\\\/wp-content\\\/uploads\\\/2021\\\/12\\\/DitIsDH-Logo-26-tagline.svg\",\"contentUrl\":\"https:\\\/\\\/denhelder.online\\\/wp-content\\\/uploads\\\/2021\\\/12\\\/DitIsDH-Logo-26-tagline.svg\",\"width\":1717.0999999999999,\"height\":934.89999999999998,\"caption\":\"Den Helder Online\"},\"image\":{\"@id\":\"https:\\\/\\\/denhelder.online\\\/#\\\/schema\\\/logo\\\/image\\\/\"}}]}<\/script>\n<!-- \/ Yoast SEO Premium plugin. -->","yoast_head_json":{"title":"Smartphone-Fotografie-Workshop","description":"Smartphone-Fotografie-Workshop: F\u00fcr das sch\u00f6nste Helderse-Foto. Lerne alle Tipps und Tricks und gewinne den Hauptpreis.","robots":{"index":"index","follow":"follow","max-snippet":"max-snippet:-1","max-image-preview":"max-image-preview:large","max-video-preview":"max-video-preview:-1"},"canonical":"https:\/\/denhelder.online\/de\/klare-bilder\/smartphone-fotografie-workshop-das-schonste-foto-einfangen\/","og_locale":"de_DE","og_type":"article","og_title":"Workshop Smartphone Fotografie: vang het Mooiste Plaatje!","og_description":"Workshop smartphone fotografie voor het Mooiste Helderse plaatje. Leer alle tips en tricks en win de hoofdprijs","og_url":"https:\/\/denhelder.online\/de\/klare-bilder\/smartphone-fotografie-workshop-das-schonste-foto-einfangen\/","og_site_name":"Den Helder Online","article_modified_time":"2026-04-12T12:06:09+00:00","og_image":[{"width":2560,"height":1707,"url":"https:\/\/denhelder.online\/wp-content\/uploads\/2026\/03\/Tulpen-1023-scaled.jpg","type":"image\/jpeg"}],"twitter_card":"summary_large_image","twitter_misc":{"Gesch\u00e4tzte Lesezeit":"3\u00a0Minuten"},"schema":{"@context":"https:\/\/schema.org","@graph":[{"@type":"WebPage","@id":"https:\/\/denhelder.online\/helderseplaatjes\/workshop-smartphone-fotografie-vang-het-mooiste-plaatje\/","url":"https:\/\/denhelder.online\/helderseplaatjes\/workshop-smartphone-fotografie-vang-het-mooiste-plaatje\/","name":"Smartphone-Fotografie-Workshop","isPartOf":{"@id":"https:\/\/denhelder.online\/#website"},"primaryImageOfPage":{"@id":"https:\/\/denhelder.online\/helderseplaatjes\/workshop-smartphone-fotografie-vang-het-mooiste-plaatje\/#primaryimage"},"image":{"@id":"https:\/\/denhelder.online\/helderseplaatjes\/workshop-smartphone-fotografie-vang-het-mooiste-plaatje\/#primaryimage"},"thumbnailUrl":"https:\/\/denhelder.online\/wp-content\/uploads\/2026\/03\/Tulpen-1023-scaled.jpg","datePublished":"2026-03-31T11:45:10+00:00","dateModified":"2026-04-12T12:06:09+00:00","description":"Smartphone-Fotografie-Workshop: F\u00fcr das sch\u00f6nste Helderse-Foto. Lerne alle Tipps und Tricks und gewinne den Hauptpreis.","breadcrumb":{"@id":"https:\/\/denhelder.online\/helderseplaatjes\/workshop-smartphone-fotografie-vang-het-mooiste-plaatje\/#breadcrumb"},"inLanguage":"de","potentialAction":[{"@type":"ReadAction","target":["https:\/\/denhelder.online\/helderseplaatjes\/workshop-smartphone-fotografie-vang-het-mooiste-plaatje\/"]}]},{"@type":"ImageObject","inLanguage":"de","@id":"https:\/\/denhelder.online\/helderseplaatjes\/workshop-smartphone-fotografie-vang-het-mooiste-plaatje\/#primaryimage","url":"https:\/\/denhelder.online\/wp-content\/uploads\/2026\/03\/Tulpen-1023-scaled.jpg","contentUrl":"https:\/\/denhelder.online\/wp-content\/uploads\/2026\/03\/Tulpen-1023-scaled.jpg","width":2560,"height":1707,"caption":"Fietsen langs de tulpen"},{"@type":"BreadcrumbList","@id":"https:\/\/denhelder.online\/helderseplaatjes\/workshop-smartphone-fotografie-vang-het-mooiste-plaatje\/#breadcrumb","itemListElement":[{"@type":"ListItem","position":1,"name":"Home","item":"https:\/\/denhelder.online\/"},{"@type":"ListItem","position":2,"name":"Mooiste Helderse Plaatjes","item":"https:\/\/denhelder.online\/helderseplaatjes\/"},{"@type":"ListItem","position":3,"name":"Workshop Smartphone Fotografie: vang het Mooiste Plaatje!"}]},{"@type":"WebSite","@id":"https:\/\/denhelder.online\/#website","url":"https:\/\/denhelder.online\/","name":"Den Helder Online","description":"Erleben Sie Den Helder","publisher":{"@id":"https:\/\/denhelder.online\/#organization"},"potentialAction":[{"@type":"SearchAction","target":{"@type":"EntryPoint","urlTemplate":"https:\/\/denhelder.online\/?s={search_term_string}"},"query-input":{"@type":"PropertyValueSpecification","valueRequired":true,"valueName":"search_term_string"}}],"inLanguage":"de"},{"@type":"Organization","@id":"https:\/\/denhelder.online\/#organization","name":"Den Helder Online","url":"https:\/\/denhelder.online\/","logo":{"@type":"ImageObject","inLanguage":"de","@id":"https:\/\/denhelder.online\/#\/schema\/logo\/image\/","url":"https:\/\/denhelder.online\/wp-content\/uploads\/2021\/12\/DitIsDH-Logo-26-tagline.svg","contentUrl":"https:\/\/denhelder.online\/wp-content\/uploads\/2021\/12\/DitIsDH-Logo-26-tagline.svg","width":1717.0999999999999,"height":934.89999999999998,"caption":"Den Helder Online"},"image":{"@id":"https:\/\/denhelder.online\/#\/schema\/logo\/image\/"}}]}},"_links":{"self":[{"href":"https:\/\/denhelder.online\/de\/wp-json\/wp\/v2\/pages\/22357","targetHints":{"allow":["GET"]}}],"collection":[{"href":"https:\/\/denhelder.online\/de\/wp-json\/wp\/v2\/pages"}],"about":[{"href":"https:\/\/denhelder.online\/de\/wp-json\/wp\/v2\/types\/page"}],"author":[{"embeddable":true,"href":"https:\/\/denhelder.online\/de\/wp-json\/wp\/v2\/users\/11"}],"replies":[{"embeddable":true,"href":"https:\/\/denhelder.online\/de\/wp-json\/wp\/v2\/comments?post=22357"}],"version-history":[{"count":3,"href":"https:\/\/denhelder.online\/de\/wp-json\/wp\/v2\/pages\/22357\/revisions"}],"predecessor-version":[{"id":22573,"href":"https:\/\/denhelder.online\/de\/wp-json\/wp\/v2\/pages\/22357\/revisions\/22573"}],"up":[{"embeddable":true,"href":"https:\/\/denhelder.online\/de\/wp-json\/wp\/v2\/pages\/21668"}],"wp:featuredmedia":[{"embeddable":true,"href":"https:\/\/denhelder.online\/de\/wp-json\/wp\/v2\/media\/22048"}],"wp:attachment":[{"href":"https:\/\/denhelder.online\/de\/wp-json\/wp\/v2\/media?parent=22357"}],"wp:term":[{"taxonomy":"post_tag","embeddable":true,"href":"https:\/\/denhelder.online\/de\/wp-json\/wp\/v2\/tags?post=22357"},{"taxonomy":"doelgroep","embeddable":true,"href":"https:\/\/denhelder.online\/de\/wp-json\/wp\/v2\/doelgroep?post=22357"},{"taxonomy":"categorie","embeddable":true,"href":"https:\/\/denhelder.online\/de\/wp-json\/wp\/v2\/categorie?post=22357"}],"curies":[{"name":"wp","href":"https:\/\/api.w.org\/{rel}","templated":true}]}}