{"id":22460,"date":"2026-04-08T16:26:36","date_gmt":"2026-04-08T14:26:36","guid":{"rendered":"https:\/\/denhelder.online\/?page_id=22460"},"modified":"2026-04-13T15:17:34","modified_gmt":"2026-04-13T13:17:34","slug":"feierlichkeiten-zur-befreiung","status":"publish","type":"page","link":"https:\/\/denhelder.online\/de\/herdenkenenvieren\/bevreidingsfeesten\/","title":{"rendered":"Feierlichkeiten zur Befreiung"},"content":{"rendered":"<div data-elementor-type=\"wp-page\" data-elementor-id=\"22460\" class=\"elementor elementor-22460\" data-elementor-post-type=\"page\">\n\t\t\t\t<div class=\"elementor-element elementor-element-607c3d96 e-flex e-con-boxed e-con e-parent\" data-id=\"607c3d96\" data-element_type=\"container\" data-e-type=\"container\" data-settings=\"{&quot;jet_parallax_layout_list&quot;:[]}\">\n\t\t\t\t\t<div class=\"e-con-inner\">\n\t\t<div class=\"elementor-element elementor-element-65d74f e-con-full e-flex e-con e-child\" data-id=\"65d74f\" data-element_type=\"container\" data-e-type=\"container\" data-settings=\"{&quot;jet_parallax_layout_list&quot;:[]}\">\n\t\t<div class=\"elementor-element elementor-element-117a360e e-con-full e-flex e-con e-child\" data-id=\"117a360e\" data-element_type=\"container\" data-e-type=\"container\" data-settings=\"{&quot;jet_parallax_layout_list&quot;:[]}\">\n\t\t\t\t<div class=\"elementor-element elementor-element-3a46cb2 elementor-widget elementor-widget-image\" data-id=\"3a46cb2\" data-element_type=\"widget\" data-e-type=\"widget\" data-widget_type=\"image.default\">\n\t\t\t\t<div class=\"elementor-widget-container\">\n\t\t\t\t\t\t\t\t\t\t\t\t\t\t\t<img fetchpriority=\"high\" decoding=\"async\" width=\"800\" height=\"533\" src=\"https:\/\/denhelder.online\/wp-content\/uploads\/2026\/04\/versierd-raadshuis-helder.jpg\" class=\"attachment-large size-large wp-image-22456\" alt=\"Das Rathaus in Den Helder ist f\u00fcr den 5. Mai geschm\u00fcckt.\" srcset=\"https:\/\/denhelder.online\/wp-content\/uploads\/2026\/04\/versierd-raadshuis-helder.jpg 960w, https:\/\/denhelder.online\/wp-content\/uploads\/2026\/04\/versierd-raadshuis-helder-300x200.jpg 300w, https:\/\/denhelder.online\/wp-content\/uploads\/2026\/04\/versierd-raadshuis-helder-768x512.jpg 768w, https:\/\/denhelder.online\/wp-content\/uploads\/2026\/04\/versierd-raadshuis-helder-18x12.jpg 18w, https:\/\/denhelder.online\/wp-content\/uploads\/2026\/04\/versierd-raadshuis-helder-600x400.jpg 600w\" sizes=\"(max-width: 800px) 100vw, 800px\" \/>\t\t\t\t\t\t\t\t\t\t\t\t\t\t\t<\/div>\n\t\t\t\t<\/div>\n\t\t\t\t<div class=\"elementor-element elementor-element-674e313d elementor-widget__width-inherit elementor-absolute elementor-widget elementor-widget-heading\" data-id=\"674e313d\" data-element_type=\"widget\" data-e-type=\"widget\" data-settings=\"{&quot;_position&quot;:&quot;absolute&quot;}\" data-widget_type=\"heading.default\">\n\t\t\t\t<div class=\"elementor-widget-container\">\n\t\t\t\t\t<h1 class=\"elementor-heading-title elementor-size-default\">Feierlichkeiten zur Befreiung<\/h1>\t\t\t\t<\/div>\n\t\t\t\t<\/div>\n\t\t\t\t<\/div>\n\t\t<div class=\"elementor-element elementor-element-4f40bb4d e-con-full e-flex e-con e-child\" data-id=\"4f40bb4d\" data-element_type=\"container\" data-e-type=\"container\" data-settings=\"{&quot;jet_parallax_layout_list&quot;:[]}\">\n\t\t\t\t<div class=\"elementor-element elementor-element-4255033f elementor-widget elementor-widget-breadcrumbs\" data-id=\"4255033f\" data-element_type=\"widget\" data-e-type=\"widget\" data-widget_type=\"breadcrumbs.default\">\n\t\t\t\t<div class=\"elementor-widget-container\">\n\t\t\t\t\t<p id=\"breadcrumbs\"><span><span><a href=\"https:\/\/denhelder.online\/de\/\">Heim<\/a><\/span><\/span><\/p>\t\t\t\t<\/div>\n\t\t\t\t<\/div>\n\t\t<div class=\"elementor-element elementor-element-6ba762d9 e-con-full e-flex e-con e-child\" data-id=\"6ba762d9\" data-element_type=\"container\" data-e-type=\"container\" data-settings=\"{&quot;jet_parallax_layout_list&quot;:[]}\">\n\t\t\t\t<div class=\"elementor-element elementor-element-2c341b9d elementor-widget elementor-widget-heading\" data-id=\"2c341b9d\" data-element_type=\"widget\" data-e-type=\"widget\" data-widget_type=\"heading.default\">\n\t\t\t\t<div class=\"elementor-widget-container\">\n\t\t\t\t\t<p class=\"elementor-heading-title elementor-size-default\">Folgen Sie uns in den sozialen Netzwerken:<\/p>\t\t\t\t<\/div>\n\t\t\t\t<\/div>\n\t\t\t\t<div class=\"elementor-element elementor-element-d55ad7f elementor-icon-list--layout-inline elementor-align-end elementor-list-item-link-full_width elementor-widget elementor-widget-global elementor-global-1176 elementor-widget-icon-list\" data-id=\"d55ad7f\" data-element_type=\"widget\" data-e-type=\"widget\" data-widget_type=\"icon-list.default\">\n\t\t\t\t<div class=\"elementor-widget-container\">\n\t\t\t\t\t\t\t<ul class=\"elementor-icon-list-items elementor-inline-items\">\n\t\t\t\t\t\t\t<li class=\"elementor-icon-list-item elementor-inline-item\">\n\t\t\t\t\t\t\t\t\t\t\t<a href=\"https:\/\/www.facebook.com\/ditisdenhelder\" target=\"_blank\">\n\n\t\t\t\t\t\t\t\t\t\t\t\t<span class=\"elementor-icon-list-icon\">\n\t\t\t\t\t\t\t<i aria-hidden=\"true\" class=\"fab fa-facebook\"><\/i>\t\t\t\t\t\t<\/span>\n\t\t\t\t\t\t\t\t\t\t<span class=\"elementor-icon-list-text\"><\/span>\n\t\t\t\t\t\t\t\t\t\t\t<\/a>\n\t\t\t\t\t\t\t\t\t<\/li>\n\t\t\t\t\t\t\t\t<li class=\"elementor-icon-list-item elementor-inline-item\">\n\t\t\t\t\t\t\t\t\t\t\t<a href=\"https:\/\/www.instagram.com\/ditisdenhelder\/\" target=\"_blank\">\n\n\t\t\t\t\t\t\t\t\t\t\t\t<span class=\"elementor-icon-list-icon\">\n\t\t\t\t\t\t\t<i aria-hidden=\"true\" class=\"fab fa-instagram\"><\/i>\t\t\t\t\t\t<\/span>\n\t\t\t\t\t\t\t\t\t\t<span class=\"elementor-icon-list-text\"><\/span>\n\t\t\t\t\t\t\t\t\t\t\t<\/a>\n\t\t\t\t\t\t\t\t\t<\/li>\n\t\t\t\t\t\t\t\t<li class=\"elementor-icon-list-item elementor-inline-item\">\n\t\t\t\t\t\t\t\t\t\t\t<a href=\"https:\/\/www.youtube.com\/channel\/UCxXdcocRQwb3lDwiYBp3llg\" target=\"_blank\">\n\n\t\t\t\t\t\t\t\t\t\t\t\t<span class=\"elementor-icon-list-icon\">\n\t\t\t\t\t\t\t<i aria-hidden=\"true\" class=\"fab fa-youtube\"><\/i>\t\t\t\t\t\t<\/span>\n\t\t\t\t\t\t\t\t\t\t<span class=\"elementor-icon-list-text\"><\/span>\n\t\t\t\t\t\t\t\t\t\t\t<\/a>\n\t\t\t\t\t\t\t\t\t<\/li>\n\t\t\t\t\t\t\t\t<li class=\"elementor-icon-list-item elementor-inline-item\">\n\t\t\t\t\t\t\t\t\t\t\t<a href=\"https:\/\/www.linkedin.com\/company\/citymarketing-den-helder\" target=\"_blank\">\n\n\t\t\t\t\t\t\t\t\t\t\t\t<span class=\"elementor-icon-list-icon\">\n\t\t\t\t\t\t\t<i aria-hidden=\"true\" class=\"fab fa-linkedin-in\"><\/i>\t\t\t\t\t\t<\/span>\n\t\t\t\t\t\t\t\t\t\t<span class=\"elementor-icon-list-text\"><\/span>\n\t\t\t\t\t\t\t\t\t\t\t<\/a>\n\t\t\t\t\t\t\t\t\t<\/li>\n\t\t\t\t\t\t<\/ul>\n\t\t\t\t\t\t<\/div>\n\t\t\t\t<\/div>\n\t\t\t\t<\/div>\n\t\t\t\t<\/div>\n\t\t\t\t<\/div>\n\t\t\t\t\t<\/div>\n\t\t\t\t<\/div>\n\t\t<div class=\"elementor-element elementor-element-1db45ea2 e-flex e-con-boxed e-con e-parent\" data-id=\"1db45ea2\" data-element_type=\"container\" data-e-type=\"container\" data-settings=\"{&quot;jet_parallax_layout_list&quot;:[]}\">\n\t\t\t\t\t<div class=\"e-con-inner\">\n\t\t<div class=\"elementor-element elementor-element-74b2199d e-con-full e-flex e-con e-child\" data-id=\"74b2199d\" data-element_type=\"container\" data-e-type=\"container\" data-settings=\"{&quot;jet_parallax_layout_list&quot;:[]}\">\n\t\t\t\t<div class=\"elementor-element elementor-element-10669f7a elementor-widget__width-inherit elementor-widget elementor-widget-heading\" data-id=\"10669f7a\" data-element_type=\"widget\" data-e-type=\"widget\" data-widget_type=\"heading.default\">\n\t\t\t\t<div class=\"elementor-widget-container\">\n\t\t\t\t\t<span class=\"elementor-heading-title elementor-size-default\">Im August 1945 feierte die Stadt die Freiheit mit Gedenkveranstaltungen, Paraden und Festen in allen Stadtvierteln.<\/span>\t\t\t\t<\/div>\n\t\t\t\t<\/div>\n\t\t\t\t<div class=\"elementor-element elementor-element-3c728fe6 elementor-widget__width-inherit elementor-widget elementor-widget-heading\" data-id=\"3c728fe6\" data-element_type=\"widget\" data-e-type=\"widget\" data-widget_type=\"heading.default\">\n\t\t\t\t<div class=\"elementor-widget-container\">\n\t\t\t\t\t<h2 class=\"elementor-heading-title elementor-size-default\">Befreiungsfeier in Den Helder<\/h2>\t\t\t\t<\/div>\n\t\t\t\t<\/div>\n\t\t\t\t<div class=\"elementor-element elementor-element-270b8094 elementor-widget elementor-widget-text-editor\" data-id=\"270b8094\" data-element_type=\"widget\" data-e-type=\"widget\" data-widget_type=\"text-editor.default\">\n\t\t\t\t<div class=\"elementor-widget-container\">\n\t\t\t\t\t\t\t\t\t<p>Am 5. Mai feiern wir die Freiheit. F\u00fcr viele Bewohner von Den Helder, die die Befreiung 1945 hautnah miterlebten, ist dieser Tag f\u00fcr immer mit unvergesslichen Erinnerungen verbunden. Doch die Befreiung war in der Stadt nicht sofort sp\u00fcrbar. Nachdem am Abend des 4. Mai die deutsche Kapitulation verk\u00fcndet worden war, hoffte man, dass die Alliierten bereits am n\u00e4chsten Morgen in Den Helder eintreffen w\u00fcrden. Doch das geschah nicht. Den Helder lag im \u00e4u\u00dfersten Norden Nordhollands, und die Befreier konnten unm\u00f6glich \u00fcberall gleichzeitig sein.<\/p><p>Am Samstag, dem 5. Mai, war von der Befreiung noch wenig zu sp\u00fcren. Einen Tag sp\u00e4ter \u00e4nderte sich dies langsam. Rot-wei\u00df-blaue Fahnen wurden an verschiedenen Orten gehisst, und die Bewohner versammelten sich am Eingang von Den Helder, an der Klappbr\u00fccke am Ende des Binnenhafens. Dort warteten sie gespannt auf die Ankunft der Alliierten. Am 7. und 8. Mai wuchs diese Gruppe rasch an. Hoffnungsvoll und voller Erwartung kamen die Menschen aus allen Ecken und Winkeln.<\/p><p>Am 8. Mai wurde die Befreiung endlich greifbar. An diesem Nachmittag, um 16:30 Uhr, fuhr eine Kolonne von f\u00fcnf Kampffahrzeugen der britischen T-Force Den Helder ein. Die Freude war riesig. Ein Foto aus der Sammlung von W. Kalkman zeigt eines dieser Fahrzeuge vor dem Rathaus auf der Kerkgracht, wo der amtierende B\u00fcrgermeister J. Wessel den Kommandanten begr\u00fc\u00dft. Im Hintergrund ist der Deich mit den Bunkern des Atlantikwalls zu sehen. Der davorliegende Kanaalweg liegt in Tr\u00fcmmern. Sp\u00e4ter am Abend traf auch ein kanadisches Regiment ein. Erst damit war die Befreiung der Den Helder endg\u00fcltig vollzogen.<\/p>\t\t\t\t\t\t\t\t<\/div>\n\t\t\t\t<\/div>\n\t\t\t\t<\/div>\n\t\t\t\t\t<\/div>\n\t\t\t\t<\/div>\n\t\t<div class=\"elementor-element elementor-element-7745d67e e-flex e-con-boxed e-con e-parent\" data-id=\"7745d67e\" data-element_type=\"container\" data-e-type=\"container\" data-settings=\"{&quot;background_background&quot;:&quot;classic&quot;,&quot;jet_parallax_layout_list&quot;:[]}\">\n\t\t\t\t\t<div class=\"e-con-inner\">\n\t\t<div class=\"elementor-element elementor-element-104c29f1 e-con-full e-flex e-con e-child\" data-id=\"104c29f1\" data-element_type=\"container\" data-e-type=\"container\" data-settings=\"{&quot;jet_parallax_layout_list&quot;:[]}\">\n\t\t\t\t<div class=\"elementor-element elementor-element-2118ed85 elementor-widget__width-inherit elementor-widget elementor-widget-image\" data-id=\"2118ed85\" data-element_type=\"widget\" data-e-type=\"widget\" data-widget_type=\"image.default\">\n\t\t\t\t<div class=\"elementor-widget-container\">\n\t\t\t\t\t\t\t\t\t\t\t\t\t\t\t<img decoding=\"async\" width=\"800\" height=\"533\" src=\"https:\/\/denhelder.online\/wp-content\/uploads\/2026\/04\/bevrijdingsfeest-bij-drukkerij-De-Boer-in-de-Koningstraat_960x640.jpg\" class=\"attachment-large size-large wp-image-22463\" alt=\"Foto von einer der Befreiungsfeierlichkeiten Den Helder\" srcset=\"https:\/\/denhelder.online\/wp-content\/uploads\/2026\/04\/bevrijdingsfeest-bij-drukkerij-De-Boer-in-de-Koningstraat_960x640.jpg 960w, https:\/\/denhelder.online\/wp-content\/uploads\/2026\/04\/bevrijdingsfeest-bij-drukkerij-De-Boer-in-de-Koningstraat_960x640-300x200.jpg 300w, https:\/\/denhelder.online\/wp-content\/uploads\/2026\/04\/bevrijdingsfeest-bij-drukkerij-De-Boer-in-de-Koningstraat_960x640-768x512.jpg 768w, https:\/\/denhelder.online\/wp-content\/uploads\/2026\/04\/bevrijdingsfeest-bij-drukkerij-De-Boer-in-de-Koningstraat_960x640-18x12.jpg 18w, https:\/\/denhelder.online\/wp-content\/uploads\/2026\/04\/bevrijdingsfeest-bij-drukkerij-De-Boer-in-de-Koningstraat_960x640-600x400.jpg 600w\" sizes=\"(max-width: 800px) 100vw, 800px\" \/>\t\t\t\t\t\t\t\t\t\t\t\t\t\t\t<\/div>\n\t\t\t\t<\/div>\n\t\t\t\t<div class=\"elementor-element elementor-element-498f233f elementor-widget__width-inherit elementor-widget elementor-widget-image\" data-id=\"498f233f\" data-element_type=\"widget\" data-e-type=\"widget\" data-widget_type=\"image.default\">\n\t\t\t\t<div class=\"elementor-widget-container\">\n\t\t\t\t\t\t\t\t\t\t\t\t\t\t\t<img decoding=\"async\" width=\"800\" height=\"533\" src=\"https:\/\/denhelder.online\/wp-content\/uploads\/2026\/04\/bevrijdingsfeest-Meeuwenstraat-op-het-Meeuwenveldje_960x640.jpg\" class=\"attachment-large size-large wp-image-22464\" alt=\"Befreiungsfeier 1945 Meeuwenstraat\" srcset=\"https:\/\/denhelder.online\/wp-content\/uploads\/2026\/04\/bevrijdingsfeest-Meeuwenstraat-op-het-Meeuwenveldje_960x640.jpg 960w, https:\/\/denhelder.online\/wp-content\/uploads\/2026\/04\/bevrijdingsfeest-Meeuwenstraat-op-het-Meeuwenveldje_960x640-300x200.jpg 300w, https:\/\/denhelder.online\/wp-content\/uploads\/2026\/04\/bevrijdingsfeest-Meeuwenstraat-op-het-Meeuwenveldje_960x640-768x512.jpg 768w, https:\/\/denhelder.online\/wp-content\/uploads\/2026\/04\/bevrijdingsfeest-Meeuwenstraat-op-het-Meeuwenveldje_960x640-18x12.jpg 18w, https:\/\/denhelder.online\/wp-content\/uploads\/2026\/04\/bevrijdingsfeest-Meeuwenstraat-op-het-Meeuwenveldje_960x640-600x400.jpg 600w\" sizes=\"(max-width: 800px) 100vw, 800px\" \/>\t\t\t\t\t\t\t\t\t\t\t\t\t\t\t<\/div>\n\t\t\t\t<\/div>\n\t\t\t\t<div class=\"elementor-element elementor-element-1378819 elementor-widget__width-inherit elementor-widget elementor-widget-image\" data-id=\"1378819\" data-element_type=\"widget\" data-e-type=\"widget\" data-widget_type=\"image.default\">\n\t\t\t\t<div class=\"elementor-widget-container\">\n\t\t\t\t\t\t\t\t\t\t\t\t\t\t\t<img fetchpriority=\"high\" decoding=\"async\" width=\"800\" height=\"533\" src=\"https:\/\/denhelder.online\/wp-content\/uploads\/2026\/04\/versierd-raadshuis-helder.jpg\" class=\"attachment-large size-large wp-image-22456\" alt=\"Das Rathaus in Den Helder ist f\u00fcr den 5. Mai geschm\u00fcckt.\" srcset=\"https:\/\/denhelder.online\/wp-content\/uploads\/2026\/04\/versierd-raadshuis-helder.jpg 960w, https:\/\/denhelder.online\/wp-content\/uploads\/2026\/04\/versierd-raadshuis-helder-300x200.jpg 300w, https:\/\/denhelder.online\/wp-content\/uploads\/2026\/04\/versierd-raadshuis-helder-768x512.jpg 768w, https:\/\/denhelder.online\/wp-content\/uploads\/2026\/04\/versierd-raadshuis-helder-18x12.jpg 18w, https:\/\/denhelder.online\/wp-content\/uploads\/2026\/04\/versierd-raadshuis-helder-600x400.jpg 600w\" sizes=\"(max-width: 800px) 100vw, 800px\" \/>\t\t\t\t\t\t\t\t\t\t\t\t\t\t\t<\/div>\n\t\t\t\t<\/div>\n\t\t\t\t<\/div>\n\t\t\t\t\t<\/div>\n\t\t\t\t<\/div>\n\t\t\t\t<\/div>","protected":false},"excerpt":{"rendered":"<p>Bevrijdingsfeesten Volg ons op social: Augustus 1945 vierde de stad de vrijheid met herdenkingen, optochten en feest in elke wijk. Bevrijdingsfeest in Den Helder Op 5 mei vieren we de vrijheid. Voor veel inwoners van Den Helder die de bevrijding in 1945 zelf meemaakten, bleef die dag voor altijd verbonden met onvergetelijke herinneringen. Toch was [&hellip;]<\/p>\n","protected":false},"author":9,"featured_media":0,"parent":22421,"menu_order":0,"comment_status":"closed","ping_status":"closed","template":"","meta":{"footnotes":""},"tags":[],"doelgroep":[6027],"categorie":[5677],"class_list":["post-22460","page","type-page","status-publish","hentry","doelgroep-inwoner","categorie-kunst-cultuur"],"yoast_head":"<!-- This site is optimized with the Yoast SEO Premium plugin v24.7 (Yoast SEO v27.5) - https:\/\/yoast.com\/product\/yoast-seo-premium-wordpress\/ -->\n<title>Bevrijdingsfeesten - Den Helder Online - Beleef Den Helder<\/title>\n<meta name=\"robots\" content=\"index, follow, max-snippet:-1, max-image-preview:large, max-video-preview:-1\" \/>\n<link rel=\"canonical\" href=\"https:\/\/denhelder.online\/de\/gedenken-und-feiern\/feierlichkeiten-zur-befreiung\/\" \/>\n<meta property=\"og:locale\" content=\"de_DE\" \/>\n<meta property=\"og:type\" content=\"article\" \/>\n<meta property=\"og:title\" content=\"Bevrijdingsfeesten\" \/>\n<meta property=\"og:description\" content=\"Bevrijdingsfeesten Volg ons op social: Augustus 1945 vierde de stad de vrijheid met herdenkingen, optochten en feest in elke wijk. Bevrijdingsfeest in Den Helder Op 5 mei vieren we de vrijheid. Voor veel inwoners van Den Helder die de bevrijding in 1945 zelf meemaakten, bleef die dag voor altijd verbonden met onvergetelijke herinneringen. Toch was [&hellip;]\" \/>\n<meta property=\"og:url\" content=\"https:\/\/denhelder.online\/de\/gedenken-und-feiern\/feierlichkeiten-zur-befreiung\/\" \/>\n<meta property=\"og:site_name\" content=\"Den Helder Online\" \/>\n<meta property=\"article:modified_time\" content=\"2026-04-13T13:17:34+00:00\" \/>\n<meta property=\"og:image\" content=\"https:\/\/denhelder.online\/wp-content\/uploads\/2026\/04\/bevrijdingsfeest-bij-drukkerij-De-Boer-in-de-Koningstraat_960x640.jpg\" \/>\n<meta name=\"twitter:card\" content=\"summary_large_image\" \/>\n<meta name=\"twitter:label1\" content=\"Gesch\u00e4tzte Lesezeit\" \/>\n\t<meta name=\"twitter:data1\" content=\"3\u00a0Minuten\" \/>\n<script type=\"application\/ld+json\" class=\"yoast-schema-graph\">{\"@context\":\"https:\\\/\\\/schema.org\",\"@graph\":[{\"@type\":\"WebPage\",\"@id\":\"https:\\\/\\\/denhelder.online\\\/herdenkenenvieren\\\/bevreidingsfeesten\\\/\",\"url\":\"https:\\\/\\\/denhelder.online\\\/herdenkenenvieren\\\/bevreidingsfeesten\\\/\",\"name\":\"Bevrijdingsfeesten - Den Helder Online - Beleef Den Helder\",\"isPartOf\":{\"@id\":\"https:\\\/\\\/denhelder.online\\\/#website\"},\"primaryImageOfPage\":{\"@id\":\"https:\\\/\\\/denhelder.online\\\/herdenkenenvieren\\\/bevreidingsfeesten\\\/#primaryimage\"},\"image\":{\"@id\":\"https:\\\/\\\/denhelder.online\\\/herdenkenenvieren\\\/bevreidingsfeesten\\\/#primaryimage\"},\"thumbnailUrl\":\"https:\\\/\\\/denhelder.online\\\/wp-content\\\/uploads\\\/2026\\\/04\\\/bevrijdingsfeest-bij-drukkerij-De-Boer-in-de-Koningstraat_960x640.jpg\",\"datePublished\":\"2026-04-08T14:26:36+00:00\",\"dateModified\":\"2026-04-13T13:17:34+00:00\",\"breadcrumb\":{\"@id\":\"https:\\\/\\\/denhelder.online\\\/herdenkenenvieren\\\/bevreidingsfeesten\\\/#breadcrumb\"},\"inLanguage\":\"de\",\"potentialAction\":[{\"@type\":\"ReadAction\",\"target\":[\"https:\\\/\\\/denhelder.online\\\/herdenkenenvieren\\\/bevreidingsfeesten\\\/\"]}]},{\"@type\":\"ImageObject\",\"inLanguage\":\"de\",\"@id\":\"https:\\\/\\\/denhelder.online\\\/herdenkenenvieren\\\/bevreidingsfeesten\\\/#primaryimage\",\"url\":\"https:\\\/\\\/denhelder.online\\\/wp-content\\\/uploads\\\/2026\\\/04\\\/bevrijdingsfeest-bij-drukkerij-De-Boer-in-de-Koningstraat_960x640.jpg\",\"contentUrl\":\"https:\\\/\\\/denhelder.online\\\/wp-content\\\/uploads\\\/2026\\\/04\\\/bevrijdingsfeest-bij-drukkerij-De-Boer-in-de-Koningstraat_960x640.jpg\"},{\"@type\":\"BreadcrumbList\",\"@id\":\"https:\\\/\\\/denhelder.online\\\/herdenkenenvieren\\\/bevreidingsfeesten\\\/#breadcrumb\",\"itemListElement\":[{\"@type\":\"ListItem\",\"position\":1,\"name\":\"Home\",\"item\":\"https:\\\/\\\/denhelder.online\\\/\"},{\"@type\":\"ListItem\",\"position\":2,\"name\":\"Herdenken en Vieren\",\"item\":\"https:\\\/\\\/denhelder.online\\\/herdenkenenvieren\\\/\"},{\"@type\":\"ListItem\",\"position\":3,\"name\":\"Bevrijdingsfeesten\"}]},{\"@type\":\"WebSite\",\"@id\":\"https:\\\/\\\/denhelder.online\\\/#website\",\"url\":\"https:\\\/\\\/denhelder.online\\\/\",\"name\":\"Den Helder Online\",\"description\":\"Beleef Den Helder\",\"publisher\":{\"@id\":\"https:\\\/\\\/denhelder.online\\\/#organization\"},\"potentialAction\":[{\"@type\":\"SearchAction\",\"target\":{\"@type\":\"EntryPoint\",\"urlTemplate\":\"https:\\\/\\\/denhelder.online\\\/?s={search_term_string}\"},\"query-input\":{\"@type\":\"PropertyValueSpecification\",\"valueRequired\":true,\"valueName\":\"search_term_string\"}}],\"inLanguage\":\"de\"},{\"@type\":\"Organization\",\"@id\":\"https:\\\/\\\/denhelder.online\\\/#organization\",\"name\":\"Den Helder Online\",\"url\":\"https:\\\/\\\/denhelder.online\\\/\",\"logo\":{\"@type\":\"ImageObject\",\"inLanguage\":\"de\",\"@id\":\"https:\\\/\\\/denhelder.online\\\/#\\\/schema\\\/logo\\\/image\\\/\",\"url\":\"https:\\\/\\\/denhelder.online\\\/wp-content\\\/uploads\\\/2021\\\/12\\\/DitIsDH-Logo-26-tagline.svg\",\"contentUrl\":\"https:\\\/\\\/denhelder.online\\\/wp-content\\\/uploads\\\/2021\\\/12\\\/DitIsDH-Logo-26-tagline.svg\",\"width\":1717.0999999999999,\"height\":934.89999999999998,\"caption\":\"Den Helder Online\"},\"image\":{\"@id\":\"https:\\\/\\\/denhelder.online\\\/#\\\/schema\\\/logo\\\/image\\\/\"}}]}<\/script>\n<!-- \/ Yoast SEO Premium plugin. -->","yoast_head_json":{"title":"Befreiungsfeierlichkeiten \u2013 Den Helder Online \u2013 Erleben Sie Den Helder","robots":{"index":"index","follow":"follow","max-snippet":"max-snippet:-1","max-image-preview":"max-image-preview:large","max-video-preview":"max-video-preview:-1"},"canonical":"https:\/\/denhelder.online\/de\/gedenken-und-feiern\/feierlichkeiten-zur-befreiung\/","og_locale":"de_DE","og_type":"article","og_title":"Bevrijdingsfeesten","og_description":"Bevrijdingsfeesten Volg ons op social: Augustus 1945 vierde de stad de vrijheid met herdenkingen, optochten en feest in elke wijk. Bevrijdingsfeest in Den Helder Op 5 mei vieren we de vrijheid. Voor veel inwoners van Den Helder die de bevrijding in 1945 zelf meemaakten, bleef die dag voor altijd verbonden met onvergetelijke herinneringen. Toch was [&hellip;]","og_url":"https:\/\/denhelder.online\/de\/gedenken-und-feiern\/feierlichkeiten-zur-befreiung\/","og_site_name":"Den Helder Online","article_modified_time":"2026-04-13T13:17:34+00:00","og_image":[{"url":"https:\/\/denhelder.online\/wp-content\/uploads\/2026\/04\/bevrijdingsfeest-bij-drukkerij-De-Boer-in-de-Koningstraat_960x640.jpg","type":"","width":"","height":""}],"twitter_card":"summary_large_image","twitter_misc":{"Gesch\u00e4tzte Lesezeit":"3\u00a0Minuten"},"schema":{"@context":"https:\/\/schema.org","@graph":[{"@type":"WebPage","@id":"https:\/\/denhelder.online\/herdenkenenvieren\/bevreidingsfeesten\/","url":"https:\/\/denhelder.online\/herdenkenenvieren\/bevreidingsfeesten\/","name":"Befreiungsfeierlichkeiten \u2013 Den Helder Online \u2013 Erleben Sie Den Helder","isPartOf":{"@id":"https:\/\/denhelder.online\/#website"},"primaryImageOfPage":{"@id":"https:\/\/denhelder.online\/herdenkenenvieren\/bevreidingsfeesten\/#primaryimage"},"image":{"@id":"https:\/\/denhelder.online\/herdenkenenvieren\/bevreidingsfeesten\/#primaryimage"},"thumbnailUrl":"https:\/\/denhelder.online\/wp-content\/uploads\/2026\/04\/bevrijdingsfeest-bij-drukkerij-De-Boer-in-de-Koningstraat_960x640.jpg","datePublished":"2026-04-08T14:26:36+00:00","dateModified":"2026-04-13T13:17:34+00:00","breadcrumb":{"@id":"https:\/\/denhelder.online\/herdenkenenvieren\/bevreidingsfeesten\/#breadcrumb"},"inLanguage":"de","potentialAction":[{"@type":"ReadAction","target":["https:\/\/denhelder.online\/herdenkenenvieren\/bevreidingsfeesten\/"]}]},{"@type":"ImageObject","inLanguage":"de","@id":"https:\/\/denhelder.online\/herdenkenenvieren\/bevreidingsfeesten\/#primaryimage","url":"https:\/\/denhelder.online\/wp-content\/uploads\/2026\/04\/bevrijdingsfeest-bij-drukkerij-De-Boer-in-de-Koningstraat_960x640.jpg","contentUrl":"https:\/\/denhelder.online\/wp-content\/uploads\/2026\/04\/bevrijdingsfeest-bij-drukkerij-De-Boer-in-de-Koningstraat_960x640.jpg"},{"@type":"BreadcrumbList","@id":"https:\/\/denhelder.online\/herdenkenenvieren\/bevreidingsfeesten\/#breadcrumb","itemListElement":[{"@type":"ListItem","position":1,"name":"Home","item":"https:\/\/denhelder.online\/"},{"@type":"ListItem","position":2,"name":"Herdenken en Vieren","item":"https:\/\/denhelder.online\/herdenkenenvieren\/"},{"@type":"ListItem","position":3,"name":"Bevrijdingsfeesten"}]},{"@type":"WebSite","@id":"https:\/\/denhelder.online\/#website","url":"https:\/\/denhelder.online\/","name":"Den Helder Online","description":"Erleben Sie Den Helder","publisher":{"@id":"https:\/\/denhelder.online\/#organization"},"potentialAction":[{"@type":"SearchAction","target":{"@type":"EntryPoint","urlTemplate":"https:\/\/denhelder.online\/?s={search_term_string}"},"query-input":{"@type":"PropertyValueSpecification","valueRequired":true,"valueName":"search_term_string"}}],"inLanguage":"de"},{"@type":"Organization","@id":"https:\/\/denhelder.online\/#organization","name":"Den Helder Online","url":"https:\/\/denhelder.online\/","logo":{"@type":"ImageObject","inLanguage":"de","@id":"https:\/\/denhelder.online\/#\/schema\/logo\/image\/","url":"https:\/\/denhelder.online\/wp-content\/uploads\/2021\/12\/DitIsDH-Logo-26-tagline.svg","contentUrl":"https:\/\/denhelder.online\/wp-content\/uploads\/2021\/12\/DitIsDH-Logo-26-tagline.svg","width":1717.0999999999999,"height":934.89999999999998,"caption":"Den Helder Online"},"image":{"@id":"https:\/\/denhelder.online\/#\/schema\/logo\/image\/"}}]}},"_links":{"self":[{"href":"https:\/\/denhelder.online\/de\/wp-json\/wp\/v2\/pages\/22460","targetHints":{"allow":["GET"]}}],"collection":[{"href":"https:\/\/denhelder.online\/de\/wp-json\/wp\/v2\/pages"}],"about":[{"href":"https:\/\/denhelder.online\/de\/wp-json\/wp\/v2\/types\/page"}],"author":[{"embeddable":true,"href":"https:\/\/denhelder.online\/de\/wp-json\/wp\/v2\/users\/9"}],"replies":[{"embeddable":true,"href":"https:\/\/denhelder.online\/de\/wp-json\/wp\/v2\/comments?post=22460"}],"version-history":[{"count":7,"href":"https:\/\/denhelder.online\/de\/wp-json\/wp\/v2\/pages\/22460\/revisions"}],"predecessor-version":[{"id":23063,"href":"https:\/\/denhelder.online\/de\/wp-json\/wp\/v2\/pages\/22460\/revisions\/23063"}],"up":[{"embeddable":true,"href":"https:\/\/denhelder.online\/de\/wp-json\/wp\/v2\/pages\/22421"}],"wp:attachment":[{"href":"https:\/\/denhelder.online\/de\/wp-json\/wp\/v2\/media?parent=22460"}],"wp:term":[{"taxonomy":"post_tag","embeddable":true,"href":"https:\/\/denhelder.online\/de\/wp-json\/wp\/v2\/tags?post=22460"},{"taxonomy":"doelgroep","embeddable":true,"href":"https:\/\/denhelder.online\/de\/wp-json\/wp\/v2\/doelgroep?post=22460"},{"taxonomy":"categorie","embeddable":true,"href":"https:\/\/denhelder.online\/de\/wp-json\/wp\/v2\/categorie?post=22460"}],"curies":[{"name":"wp","href":"https:\/\/api.w.org\/{rel}","templated":true}]}}