{"id":22489,"date":"2026-04-09T08:35:43","date_gmt":"2026-04-09T06:35:43","guid":{"rendered":"https:\/\/denhelder.online\/?page_id=22489"},"modified":"2026-04-09T08:45:20","modified_gmt":"2026-04-09T06:45:20","slug":"am-starksten-bombardierte-stadt-der-niederlande","status":"publish","type":"page","link":"https:\/\/denhelder.online\/de\/herdenkenenvieren\/meest-gebombardeerde-stad-van-nederland\/","title":{"rendered":"Die am st\u00e4rksten bombardierte Stadt der Niederlande"},"content":{"rendered":"<div data-elementor-type=\"wp-page\" data-elementor-id=\"22489\" class=\"elementor elementor-22489\" data-elementor-post-type=\"page\">\n\t\t\t\t<div class=\"elementor-element elementor-element-5c962436 e-flex e-con-boxed e-con e-parent\" data-id=\"5c962436\" data-element_type=\"container\" data-e-type=\"container\" data-settings=\"{&quot;jet_parallax_layout_list&quot;:[]}\">\n\t\t\t\t\t<div class=\"e-con-inner\">\n\t\t<div class=\"elementor-element elementor-element-b7eabf5 e-con-full e-flex e-con e-child\" data-id=\"b7eabf5\" data-element_type=\"container\" data-e-type=\"container\" data-settings=\"{&quot;jet_parallax_layout_list&quot;:[]}\">\n\t\t<div class=\"elementor-element elementor-element-208e6b24 e-con-full e-flex e-con e-child\" data-id=\"208e6b24\" data-element_type=\"container\" data-e-type=\"container\" data-settings=\"{&quot;jet_parallax_layout_list&quot;:[]}\">\n\t\t\t\t<div class=\"elementor-element elementor-element-5fb3a363 elementor-widget elementor-widget-image\" data-id=\"5fb3a363\" data-element_type=\"widget\" data-e-type=\"widget\" data-widget_type=\"image.default\">\n\t\t\t\t<div class=\"elementor-widget-container\">\n\t\t\t\t\t\t\t\t\t\t\t\t\t\t\t<img fetchpriority=\"high\" decoding=\"async\" width=\"800\" height=\"474\" src=\"https:\/\/denhelder.online\/wp-content\/uploads\/2026\/04\/bommenkaart-den-helder-4-en-5-mei-1024x607.jpg\" class=\"attachment-large size-large wp-image-22488\" alt=\"Den Helder die am meisten bombardierte Stadt\" srcset=\"https:\/\/denhelder.online\/wp-content\/uploads\/2026\/04\/bommenkaart-den-helder-4-en-5-mei-1024x607.jpg 1024w, https:\/\/denhelder.online\/wp-content\/uploads\/2026\/04\/bommenkaart-den-helder-4-en-5-mei-300x178.jpg 300w, https:\/\/denhelder.online\/wp-content\/uploads\/2026\/04\/bommenkaart-den-helder-4-en-5-mei-768x455.jpg 768w, https:\/\/denhelder.online\/wp-content\/uploads\/2026\/04\/bommenkaart-den-helder-4-en-5-mei-1536x910.jpg 1536w, https:\/\/denhelder.online\/wp-content\/uploads\/2026\/04\/bommenkaart-den-helder-4-en-5-mei-18x12.jpg 18w, https:\/\/denhelder.online\/wp-content\/uploads\/2026\/04\/bommenkaart-den-helder-4-en-5-mei-600x356.jpg 600w, https:\/\/denhelder.online\/wp-content\/uploads\/2026\/04\/bommenkaart-den-helder-4-en-5-mei.jpg 2000w\" sizes=\"(max-width: 800px) 100vw, 800px\" \/>\t\t\t\t\t\t\t\t\t\t\t\t\t\t\t<\/div>\n\t\t\t\t<\/div>\n\t\t\t\t<div class=\"elementor-element elementor-element-2bbcdd5a elementor-widget__width-inherit elementor-absolute elementor-widget elementor-widget-heading\" data-id=\"2bbcdd5a\" data-element_type=\"widget\" data-e-type=\"widget\" data-settings=\"{&quot;_position&quot;:&quot;absolute&quot;}\" data-widget_type=\"heading.default\">\n\t\t\t\t<div class=\"elementor-widget-container\">\n\t\t\t\t\t<h1 class=\"elementor-heading-title elementor-size-default\">Den Helder die am st\u00e4rksten bombardierte Stadt der Niederlande<\/h1>\t\t\t\t<\/div>\n\t\t\t\t<\/div>\n\t\t\t\t<\/div>\n\t\t<div class=\"elementor-element elementor-element-7a223b8d e-con-full e-flex e-con e-child\" data-id=\"7a223b8d\" data-element_type=\"container\" data-e-type=\"container\" data-settings=\"{&quot;jet_parallax_layout_list&quot;:[]}\">\n\t\t\t\t<div class=\"elementor-element elementor-element-26600a9c elementor-widget elementor-widget-breadcrumbs\" data-id=\"26600a9c\" data-element_type=\"widget\" data-e-type=\"widget\" data-widget_type=\"breadcrumbs.default\">\n\t\t\t\t<div class=\"elementor-widget-container\">\n\t\t\t\t\t<p id=\"breadcrumbs\"><span><span><a href=\"https:\/\/denhelder.online\/de\/\">Heim<\/a><\/span><\/span><\/p>\t\t\t\t<\/div>\n\t\t\t\t<\/div>\n\t\t<div class=\"elementor-element elementor-element-251b5eb e-con-full e-flex e-con e-child\" data-id=\"251b5eb\" data-element_type=\"container\" data-e-type=\"container\" data-settings=\"{&quot;jet_parallax_layout_list&quot;:[]}\">\n\t\t\t\t<div class=\"elementor-element elementor-element-539ac46a elementor-widget elementor-widget-heading\" data-id=\"539ac46a\" data-element_type=\"widget\" data-e-type=\"widget\" data-widget_type=\"heading.default\">\n\t\t\t\t<div class=\"elementor-widget-container\">\n\t\t\t\t\t<p class=\"elementor-heading-title elementor-size-default\">Folgen Sie uns in den sozialen Netzwerken:<\/p>\t\t\t\t<\/div>\n\t\t\t\t<\/div>\n\t\t\t\t<div class=\"elementor-element elementor-element-60b8cb31 elementor-icon-list--layout-inline elementor-align-end elementor-list-item-link-full_width elementor-widget elementor-widget-global elementor-global-1176 elementor-widget-icon-list\" data-id=\"60b8cb31\" data-element_type=\"widget\" data-e-type=\"widget\" data-widget_type=\"icon-list.default\">\n\t\t\t\t<div class=\"elementor-widget-container\">\n\t\t\t\t\t\t\t<ul class=\"elementor-icon-list-items elementor-inline-items\">\n\t\t\t\t\t\t\t<li class=\"elementor-icon-list-item elementor-inline-item\">\n\t\t\t\t\t\t\t\t\t\t\t<a href=\"https:\/\/www.facebook.com\/ditisdenhelder\" target=\"_blank\">\n\n\t\t\t\t\t\t\t\t\t\t\t\t<span class=\"elementor-icon-list-icon\">\n\t\t\t\t\t\t\t<i aria-hidden=\"true\" class=\"fab fa-facebook\"><\/i>\t\t\t\t\t\t<\/span>\n\t\t\t\t\t\t\t\t\t\t<span class=\"elementor-icon-list-text\"><\/span>\n\t\t\t\t\t\t\t\t\t\t\t<\/a>\n\t\t\t\t\t\t\t\t\t<\/li>\n\t\t\t\t\t\t\t\t<li class=\"elementor-icon-list-item elementor-inline-item\">\n\t\t\t\t\t\t\t\t\t\t\t<a href=\"https:\/\/www.instagram.com\/ditisdenhelder\/\" target=\"_blank\">\n\n\t\t\t\t\t\t\t\t\t\t\t\t<span class=\"elementor-icon-list-icon\">\n\t\t\t\t\t\t\t<i aria-hidden=\"true\" class=\"fab fa-instagram\"><\/i>\t\t\t\t\t\t<\/span>\n\t\t\t\t\t\t\t\t\t\t<span class=\"elementor-icon-list-text\"><\/span>\n\t\t\t\t\t\t\t\t\t\t\t<\/a>\n\t\t\t\t\t\t\t\t\t<\/li>\n\t\t\t\t\t\t\t\t<li class=\"elementor-icon-list-item elementor-inline-item\">\n\t\t\t\t\t\t\t\t\t\t\t<a href=\"https:\/\/www.youtube.com\/channel\/UCxXdcocRQwb3lDwiYBp3llg\" target=\"_blank\">\n\n\t\t\t\t\t\t\t\t\t\t\t\t<span class=\"elementor-icon-list-icon\">\n\t\t\t\t\t\t\t<i aria-hidden=\"true\" class=\"fab fa-youtube\"><\/i>\t\t\t\t\t\t<\/span>\n\t\t\t\t\t\t\t\t\t\t<span class=\"elementor-icon-list-text\"><\/span>\n\t\t\t\t\t\t\t\t\t\t\t<\/a>\n\t\t\t\t\t\t\t\t\t<\/li>\n\t\t\t\t\t\t\t\t<li class=\"elementor-icon-list-item elementor-inline-item\">\n\t\t\t\t\t\t\t\t\t\t\t<a href=\"https:\/\/www.linkedin.com\/company\/citymarketing-den-helder\" target=\"_blank\">\n\n\t\t\t\t\t\t\t\t\t\t\t\t<span class=\"elementor-icon-list-icon\">\n\t\t\t\t\t\t\t<i aria-hidden=\"true\" class=\"fab fa-linkedin-in\"><\/i>\t\t\t\t\t\t<\/span>\n\t\t\t\t\t\t\t\t\t\t<span class=\"elementor-icon-list-text\"><\/span>\n\t\t\t\t\t\t\t\t\t\t\t<\/a>\n\t\t\t\t\t\t\t\t\t<\/li>\n\t\t\t\t\t\t<\/ul>\n\t\t\t\t\t\t<\/div>\n\t\t\t\t<\/div>\n\t\t\t\t<\/div>\n\t\t\t\t<\/div>\n\t\t\t\t<\/div>\n\t\t\t\t\t<\/div>\n\t\t\t\t<\/div>\n\t\t<div class=\"elementor-element elementor-element-1cd5918c e-flex e-con-boxed e-con e-parent\" data-id=\"1cd5918c\" data-element_type=\"container\" data-e-type=\"container\" data-settings=\"{&quot;jet_parallax_layout_list&quot;:[]}\">\n\t\t\t\t\t<div class=\"e-con-inner\">\n\t\t<div class=\"elementor-element elementor-element-11b9426 e-con-full e-flex e-con e-child\" data-id=\"11b9426\" data-element_type=\"container\" data-e-type=\"container\" data-settings=\"{&quot;jet_parallax_layout_list&quot;:[]}\">\n\t\t\t\t<div class=\"elementor-element elementor-element-1b20be97 elementor-widget__width-inherit elementor-widget elementor-widget-heading\" data-id=\"1b20be97\" data-element_type=\"widget\" data-e-type=\"widget\" data-widget_type=\"heading.default\">\n\t\t\t\t<div class=\"elementor-widget-container\">\n\t\t\t\t\t<span class=\"elementor-heading-title elementor-size-default\">Als Seefahrts- und Schifffahrtsstadt war Den Helder ein wichtiges Ziel.<\/span>\t\t\t\t<\/div>\n\t\t\t\t<\/div>\n\t\t\t\t<div class=\"elementor-element elementor-element-2b4ed3c6 elementor-widget__width-inherit elementor-widget elementor-widget-heading\" data-id=\"2b4ed3c6\" data-element_type=\"widget\" data-e-type=\"widget\" data-widget_type=\"heading.default\">\n\t\t\t\t<div class=\"elementor-widget-container\">\n\t\t\t\t\t<h2 class=\"elementor-heading-title elementor-size-default\">Bombardierungen auf Den Helder<\/h2>\t\t\t\t<\/div>\n\t\t\t\t<\/div>\n\t\t\t\t<div class=\"elementor-element elementor-element-ecc4bb2 elementor-widget elementor-widget-text-editor\" data-id=\"ecc4bb2\" data-element_type=\"widget\" data-e-type=\"widget\" data-widget_type=\"text-editor.default\">\n\t\t\t\t<div class=\"elementor-widget-container\">\n\t\t\t\t\t\t\t\t\t<p>W\u00e4hrend des Zweiten Weltkriegs wurde Den Helder mehr Luftangriffen ausgesetzt als jeder andere Ort in den Niederlanden. Dies l\u00e4sst sich leicht erkl\u00e4ren, da Den Helder ein strategisch wichtiger Marinehafen mit wichtigen Einrichtungen wie einem Flugfeld, Lagerh\u00e4usern und einer Werft war und ist.<\/p><p>Gerade diese maritime und milit\u00e4rische Funktion machte die Stadt zu einem Hauptziel. Dabei wurden nicht nur milit\u00e4rische Objekte besch\u00e4digt oder zerst\u00f6rt, sondern auch zahlreiche zivile Ziele. Dies lag ma\u00dfgeblich an der damaligen Technologie. Tags\u00fcber lag die Wahrscheinlichkeit eines Volltreffers bei lediglich 8 Prozent, nachts sank sie sogar auf bis zu 4 Prozent. Daher schlugen Bomben oft an anderen Orten als geplant ein.<\/p><p>Die Verteidigung versch\u00e4rfte die Lage zus\u00e4tzlich. Um den St\u00fctzpunkt Den Helder war eine gro\u00dfe Menge an Flugabwehrartillerie positioniert. Au\u00dferdem wurde von Schiffen der Kriegsmarine, die den Hafen von Helderse anliefen, aus geschossen.<\/p><p>Zudem erschwerten deutsche Jagdflugzeuge die Lage f\u00fcr die alliierten Besatzungen zus\u00e4tzlich. Die Karte veranschaulicht diesen Bombenhagel und macht auf einen Blick deutlich, wie verheerend die Auswirkungen auf Den Helder waren. Sie bietet einen klaren Einblick in die Zerst\u00f6rung, die diese See- und Hafenstadt w\u00e4hrend des Krieges erlitt.<\/p>\t\t\t\t\t\t\t\t<\/div>\n\t\t\t\t<\/div>\n\t\t\t\t<\/div>\n\t\t\t\t\t<\/div>\n\t\t\t\t<\/div>\n\t\t\t\t<\/div>","protected":false},"excerpt":{"rendered":"<p>Den Helder de meest gebombardeerde stad van Nederland Volg ons op social: \u00a0 \u00a0 \u00a0 \u00a0 Als nautische en maritieme stad was Den Helder een belangrijk doelwit.. Bombardementen op Den Helder Den Helder kreeg tijdens de Tweede Wereldoorlog meer luchtaanvallen te verduren dan welke andere plaats in Nederland ook. Dat is goed te verklaren, want [&hellip;]<\/p>\n","protected":false},"author":9,"featured_media":0,"parent":22421,"menu_order":0,"comment_status":"closed","ping_status":"closed","template":"elementor_header_footer","meta":{"footnotes":""},"tags":[],"doelgroep":[6027],"categorie":[],"class_list":["post-22489","page","type-page","status-publish","hentry","doelgroep-inwoner"],"yoast_head":"<!-- This site is optimized with the Yoast SEO Premium plugin v24.7 (Yoast SEO v27.4) - https:\/\/yoast.com\/product\/yoast-seo-premium-wordpress\/ -->\n<title>Meest gebombardeerde stad van Nederland - Den Helder Online - Beleef Den Helder<\/title>\n<meta name=\"description\" content=\"Als maritieme stad was Den Helder een belangrijk doelwit, met grote gevolgen voor haven, stad en inwoners.\" \/>\n<meta name=\"robots\" content=\"index, follow, max-snippet:-1, max-image-preview:large, max-video-preview:-1\" \/>\n<link rel=\"canonical\" href=\"https:\/\/denhelder.online\/de\/gedenken-und-feiern\/am-starksten-bombardierte-stadt-der-niederlande\/\" \/>\n<meta property=\"og:locale\" content=\"de_DE\" \/>\n<meta property=\"og:type\" content=\"article\" \/>\n<meta property=\"og:title\" content=\"Meest gebombardeerde stad van Nederland\" \/>\n<meta property=\"og:description\" content=\"Als maritieme stad was Den Helder een belangrijk doelwit, met grote gevolgen voor haven, stad en inwoners.\" \/>\n<meta property=\"og:url\" content=\"https:\/\/denhelder.online\/de\/gedenken-und-feiern\/am-starksten-bombardierte-stadt-der-niederlande\/\" \/>\n<meta property=\"og:site_name\" content=\"Den Helder Online\" \/>\n<meta property=\"article:modified_time\" content=\"2026-04-09T06:45:20+00:00\" \/>\n<meta name=\"twitter:card\" content=\"summary_large_image\" \/>\n<meta name=\"twitter:label1\" content=\"Gesch\u00e4tzte Lesezeit\" \/>\n\t<meta name=\"twitter:data1\" content=\"2\u00a0Minuten\" \/>\n<script type=\"application\/ld+json\" class=\"yoast-schema-graph\">{\"@context\":\"https:\\\/\\\/schema.org\",\"@graph\":[{\"@type\":\"WebPage\",\"@id\":\"https:\\\/\\\/denhelder.online\\\/herdenkenenvieren\\\/meest-gebombardeerde-stad-van-nederland\\\/\",\"url\":\"https:\\\/\\\/denhelder.online\\\/herdenkenenvieren\\\/meest-gebombardeerde-stad-van-nederland\\\/\",\"name\":\"Meest gebombardeerde stad van Nederland - Den Helder Online - Beleef Den Helder\",\"isPartOf\":{\"@id\":\"https:\\\/\\\/denhelder.online\\\/#website\"},\"datePublished\":\"2026-04-09T06:35:43+00:00\",\"dateModified\":\"2026-04-09T06:45:20+00:00\",\"description\":\"Als maritieme stad was Den Helder een belangrijk doelwit, met grote gevolgen voor haven, stad en inwoners.\",\"breadcrumb\":{\"@id\":\"https:\\\/\\\/denhelder.online\\\/herdenkenenvieren\\\/meest-gebombardeerde-stad-van-nederland\\\/#breadcrumb\"},\"inLanguage\":\"de\",\"potentialAction\":[{\"@type\":\"ReadAction\",\"target\":[\"https:\\\/\\\/denhelder.online\\\/herdenkenenvieren\\\/meest-gebombardeerde-stad-van-nederland\\\/\"]}]},{\"@type\":\"BreadcrumbList\",\"@id\":\"https:\\\/\\\/denhelder.online\\\/herdenkenenvieren\\\/meest-gebombardeerde-stad-van-nederland\\\/#breadcrumb\",\"itemListElement\":[{\"@type\":\"ListItem\",\"position\":1,\"name\":\"Home\",\"item\":\"https:\\\/\\\/denhelder.online\\\/\"},{\"@type\":\"ListItem\",\"position\":2,\"name\":\"Herdenken en Vieren\",\"item\":\"https:\\\/\\\/denhelder.online\\\/herdenkenenvieren\\\/\"},{\"@type\":\"ListItem\",\"position\":3,\"name\":\"Meest gebombardeerde stad van Nederland\"}]},{\"@type\":\"WebSite\",\"@id\":\"https:\\\/\\\/denhelder.online\\\/#website\",\"url\":\"https:\\\/\\\/denhelder.online\\\/\",\"name\":\"Den Helder Online\",\"description\":\"Beleef Den Helder\",\"publisher\":{\"@id\":\"https:\\\/\\\/denhelder.online\\\/#organization\"},\"potentialAction\":[{\"@type\":\"SearchAction\",\"target\":{\"@type\":\"EntryPoint\",\"urlTemplate\":\"https:\\\/\\\/denhelder.online\\\/?s={search_term_string}\"},\"query-input\":{\"@type\":\"PropertyValueSpecification\",\"valueRequired\":true,\"valueName\":\"search_term_string\"}}],\"inLanguage\":\"de\"},{\"@type\":\"Organization\",\"@id\":\"https:\\\/\\\/denhelder.online\\\/#organization\",\"name\":\"Den Helder Online\",\"url\":\"https:\\\/\\\/denhelder.online\\\/\",\"logo\":{\"@type\":\"ImageObject\",\"inLanguage\":\"de\",\"@id\":\"https:\\\/\\\/denhelder.online\\\/#\\\/schema\\\/logo\\\/image\\\/\",\"url\":\"https:\\\/\\\/denhelder.online\\\/wp-content\\\/uploads\\\/2021\\\/12\\\/DitIsDH-Logo-26-tagline.svg\",\"contentUrl\":\"https:\\\/\\\/denhelder.online\\\/wp-content\\\/uploads\\\/2021\\\/12\\\/DitIsDH-Logo-26-tagline.svg\",\"width\":1717.0999999999999,\"height\":934.89999999999998,\"caption\":\"Den Helder Online\"},\"image\":{\"@id\":\"https:\\\/\\\/denhelder.online\\\/#\\\/schema\\\/logo\\\/image\\\/\"}}]}<\/script>\n<!-- \/ Yoast SEO Premium plugin. -->","yoast_head_json":{"title":"Die am st\u00e4rksten bombardierte Stadt der Niederlande \u2013 Den Helder Online \u2013 Erleben Sie Den Helder","description":"Als Hafenstadt war Den Helder ein Hauptziel, was erhebliche Folgen f\u00fcr den Hafen, die Stadt und ihre Einwohner hatte.","robots":{"index":"index","follow":"follow","max-snippet":"max-snippet:-1","max-image-preview":"max-image-preview:large","max-video-preview":"max-video-preview:-1"},"canonical":"https:\/\/denhelder.online\/de\/gedenken-und-feiern\/am-starksten-bombardierte-stadt-der-niederlande\/","og_locale":"de_DE","og_type":"article","og_title":"Meest gebombardeerde stad van Nederland","og_description":"Als maritieme stad was Den Helder een belangrijk doelwit, met grote gevolgen voor haven, stad en inwoners.","og_url":"https:\/\/denhelder.online\/de\/gedenken-und-feiern\/am-starksten-bombardierte-stadt-der-niederlande\/","og_site_name":"Den Helder Online","article_modified_time":"2026-04-09T06:45:20+00:00","twitter_card":"summary_large_image","twitter_misc":{"Gesch\u00e4tzte Lesezeit":"2\u00a0Minuten"},"schema":{"@context":"https:\/\/schema.org","@graph":[{"@type":"WebPage","@id":"https:\/\/denhelder.online\/herdenkenenvieren\/meest-gebombardeerde-stad-van-nederland\/","url":"https:\/\/denhelder.online\/herdenkenenvieren\/meest-gebombardeerde-stad-van-nederland\/","name":"Die am st\u00e4rksten bombardierte Stadt der Niederlande \u2013 Den Helder Online \u2013 Erleben Sie Den Helder","isPartOf":{"@id":"https:\/\/denhelder.online\/#website"},"datePublished":"2026-04-09T06:35:43+00:00","dateModified":"2026-04-09T06:45:20+00:00","description":"Als Hafenstadt war Den Helder ein Hauptziel, was erhebliche Folgen f\u00fcr den Hafen, die Stadt und ihre Einwohner hatte.","breadcrumb":{"@id":"https:\/\/denhelder.online\/herdenkenenvieren\/meest-gebombardeerde-stad-van-nederland\/#breadcrumb"},"inLanguage":"de","potentialAction":[{"@type":"ReadAction","target":["https:\/\/denhelder.online\/herdenkenenvieren\/meest-gebombardeerde-stad-van-nederland\/"]}]},{"@type":"BreadcrumbList","@id":"https:\/\/denhelder.online\/herdenkenenvieren\/meest-gebombardeerde-stad-van-nederland\/#breadcrumb","itemListElement":[{"@type":"ListItem","position":1,"name":"Home","item":"https:\/\/denhelder.online\/"},{"@type":"ListItem","position":2,"name":"Herdenken en Vieren","item":"https:\/\/denhelder.online\/herdenkenenvieren\/"},{"@type":"ListItem","position":3,"name":"Meest gebombardeerde stad van Nederland"}]},{"@type":"WebSite","@id":"https:\/\/denhelder.online\/#website","url":"https:\/\/denhelder.online\/","name":"Den Helder Online","description":"Erleben Sie Den Helder","publisher":{"@id":"https:\/\/denhelder.online\/#organization"},"potentialAction":[{"@type":"SearchAction","target":{"@type":"EntryPoint","urlTemplate":"https:\/\/denhelder.online\/?s={search_term_string}"},"query-input":{"@type":"PropertyValueSpecification","valueRequired":true,"valueName":"search_term_string"}}],"inLanguage":"de"},{"@type":"Organization","@id":"https:\/\/denhelder.online\/#organization","name":"Den Helder Online","url":"https:\/\/denhelder.online\/","logo":{"@type":"ImageObject","inLanguage":"de","@id":"https:\/\/denhelder.online\/#\/schema\/logo\/image\/","url":"https:\/\/denhelder.online\/wp-content\/uploads\/2021\/12\/DitIsDH-Logo-26-tagline.svg","contentUrl":"https:\/\/denhelder.online\/wp-content\/uploads\/2021\/12\/DitIsDH-Logo-26-tagline.svg","width":1717.0999999999999,"height":934.89999999999998,"caption":"Den Helder Online"},"image":{"@id":"https:\/\/denhelder.online\/#\/schema\/logo\/image\/"}}]}},"_links":{"self":[{"href":"https:\/\/denhelder.online\/de\/wp-json\/wp\/v2\/pages\/22489","targetHints":{"allow":["GET"]}}],"collection":[{"href":"https:\/\/denhelder.online\/de\/wp-json\/wp\/v2\/pages"}],"about":[{"href":"https:\/\/denhelder.online\/de\/wp-json\/wp\/v2\/types\/page"}],"author":[{"embeddable":true,"href":"https:\/\/denhelder.online\/de\/wp-json\/wp\/v2\/users\/9"}],"replies":[{"embeddable":true,"href":"https:\/\/denhelder.online\/de\/wp-json\/wp\/v2\/comments?post=22489"}],"version-history":[{"count":5,"href":"https:\/\/denhelder.online\/de\/wp-json\/wp\/v2\/pages\/22489\/revisions"}],"predecessor-version":[{"id":22496,"href":"https:\/\/denhelder.online\/de\/wp-json\/wp\/v2\/pages\/22489\/revisions\/22496"}],"up":[{"embeddable":true,"href":"https:\/\/denhelder.online\/de\/wp-json\/wp\/v2\/pages\/22421"}],"wp:attachment":[{"href":"https:\/\/denhelder.online\/de\/wp-json\/wp\/v2\/media?parent=22489"}],"wp:term":[{"taxonomy":"post_tag","embeddable":true,"href":"https:\/\/denhelder.online\/de\/wp-json\/wp\/v2\/tags?post=22489"},{"taxonomy":"doelgroep","embeddable":true,"href":"https:\/\/denhelder.online\/de\/wp-json\/wp\/v2\/doelgroep?post=22489"},{"taxonomy":"categorie","embeddable":true,"href":"https:\/\/denhelder.online\/de\/wp-json\/wp\/v2\/categorie?post=22489"}],"curies":[{"name":"wp","href":"https:\/\/api.w.org\/{rel}","templated":true}]}}