{"id":3529,"date":"2026-01-15T10:59:11","date_gmt":"2026-01-15T09:59:11","guid":{"rendered":"https:\/\/denhelder.online\/?page_id=3529"},"modified":"2026-01-15T10:59:11","modified_gmt":"2026-01-15T09:59:11","slug":"strandzugang-duooord","status":"publish","type":"page","link":"https:\/\/denhelder.online\/de\/wat-te-doen\/bezienswaardigheden\/strand\/strandslag-duinoord\/","title":{"rendered":"Strandschlacht Duinoord"},"content":{"rendered":"","protected":false},"excerpt":{"rendered":"","protected":false},"author":15,"featured_media":1646,"parent":12831,"menu_order":0,"comment_status":"closed","ping_status":"closed","template":"elementor_header_footer","meta":{"footnotes":""},"tags":[],"doelgroep":[6027,6028,6029],"categorie":[],"class_list":["post-3529","page","type-page","status-publish","has-post-thumbnail","hentry","doelgroep-inwoner","doelgroep-inwoner-regio","doelgroep-toerist"],"yoast_head":"<!-- This site is optimized with the Yoast SEO Premium plugin v24.7 (Yoast SEO v27.5) - https:\/\/yoast.com\/product\/yoast-seo-premium-wordpress\/ -->\n<title>Strandslag Duinoord | Strandplezier &amp; natuur in Den Helder<\/title>\n<meta name=\"description\" content=\"Bezoek Strandslag Duinoord in Den Helder: geniet van het strand, de duinen en de frisse zeelucht. Perfect voor een dagje uit of een wandeling in de natuur.\" \/>\n<meta name=\"robots\" content=\"index, follow, max-snippet:-1, max-image-preview:large, max-video-preview:-1\" \/>\n<link rel=\"canonical\" href=\"https:\/\/denhelder.online\/de\/was-zu-tun\/sehenswurdigkeiten\/strand\/strandzugang-duooord\/\" \/>\n<meta property=\"og:locale\" content=\"de_DE\" \/>\n<meta property=\"og:type\" content=\"article\" \/>\n<meta property=\"og:title\" content=\"Strandslag Duinoord\" \/>\n<meta property=\"og:description\" content=\"Bezoek Strandslag Duinoord in Den Helder: geniet van het strand, de duinen en de frisse zeelucht. Perfect voor een dagje uit of een wandeling in de natuur.\" \/>\n<meta property=\"og:url\" content=\"https:\/\/denhelder.online\/de\/was-zu-tun\/sehenswurdigkeiten\/strand\/strandzugang-duooord\/\" \/>\n<meta property=\"og:site_name\" content=\"Den Helder Online\" \/>\n<meta property=\"og:image\" content=\"https:\/\/denhelder.online\/wp-content\/uploads\/2025\/01\/Strandslag-strandopgang-duinoord-met-beachclub-Citadel-scaled.jpg\" \/>\n\t<meta property=\"og:image:width\" content=\"2560\" \/>\n\t<meta property=\"og:image:height\" content=\"1920\" \/>\n\t<meta property=\"og:image:type\" content=\"image\/jpeg\" \/>\n<meta name=\"twitter:card\" content=\"summary_large_image\" \/>\n<meta name=\"twitter:label1\" content=\"Gesch\u00e4tzte Lesezeit\" \/>\n\t<meta name=\"twitter:data1\" content=\"1\u00a0Minute\" \/>\n<script type=\"application\/ld+json\" class=\"yoast-schema-graph\">{\"@context\":\"https:\\\/\\\/schema.org\",\"@graph\":[{\"@type\":\"WebPage\",\"@id\":\"https:\\\/\\\/denhelder.online\\\/en\\\/what-to-do\\\/sights\\\/beach\\\/beach-access-duooord\\\/\",\"url\":\"https:\\\/\\\/denhelder.online\\\/en\\\/what-to-do\\\/sights\\\/beach\\\/beach-access-duooord\\\/\",\"name\":\"Strandslag Duinoord | Strandplezier & natuur in Den Helder\",\"isPartOf\":{\"@id\":\"https:\\\/\\\/denhelder.online\\\/#website\"},\"primaryImageOfPage\":{\"@id\":\"https:\\\/\\\/denhelder.online\\\/en\\\/what-to-do\\\/sights\\\/beach\\\/beach-access-duooord\\\/#primaryimage\"},\"image\":{\"@id\":\"https:\\\/\\\/denhelder.online\\\/en\\\/what-to-do\\\/sights\\\/beach\\\/beach-access-duooord\\\/#primaryimage\"},\"thumbnailUrl\":\"https:\\\/\\\/denhelder.online\\\/wp-content\\\/uploads\\\/2025\\\/01\\\/Strandslag-strandopgang-duinoord-met-beachclub-Citadel-scaled.jpg\",\"datePublished\":\"2026-01-15T09:59:11+00:00\",\"description\":\"Bezoek Strandslag Duinoord in Den Helder: geniet van het strand, de duinen en de frisse zeelucht. Perfect voor een dagje uit of een wandeling in de natuur.\",\"breadcrumb\":{\"@id\":\"https:\\\/\\\/denhelder.online\\\/en\\\/what-to-do\\\/sights\\\/beach\\\/beach-access-duooord\\\/#breadcrumb\"},\"inLanguage\":\"de\",\"potentialAction\":[{\"@type\":\"ReadAction\",\"target\":[\"https:\\\/\\\/denhelder.online\\\/en\\\/what-to-do\\\/sights\\\/beach\\\/beach-access-duooord\\\/\"]}]},{\"@type\":\"ImageObject\",\"inLanguage\":\"de\",\"@id\":\"https:\\\/\\\/denhelder.online\\\/en\\\/what-to-do\\\/sights\\\/beach\\\/beach-access-duooord\\\/#primaryimage\",\"url\":\"https:\\\/\\\/denhelder.online\\\/wp-content\\\/uploads\\\/2025\\\/01\\\/Strandslag-strandopgang-duinoord-met-beachclub-Citadel-scaled.jpg\",\"contentUrl\":\"https:\\\/\\\/denhelder.online\\\/wp-content\\\/uploads\\\/2025\\\/01\\\/Strandslag-strandopgang-duinoord-met-beachclub-Citadel-scaled.jpg\",\"width\":2560,\"height\":1920,\"caption\":\"Strandopgang bij Beachclub Citadel\"},{\"@type\":\"BreadcrumbList\",\"@id\":\"https:\\\/\\\/denhelder.online\\\/en\\\/what-to-do\\\/sights\\\/beach\\\/beach-access-duooord\\\/#breadcrumb\",\"itemListElement\":[{\"@type\":\"ListItem\",\"position\":1,\"name\":\"Home\",\"item\":\"https:\\\/\\\/denhelder.online\\\/\"},{\"@type\":\"ListItem\",\"position\":2,\"name\":\"Wat te doen\",\"item\":\"https:\\\/\\\/denhelder.online\\\/wat-te-doen\\\/\"},{\"@type\":\"ListItem\",\"position\":3,\"name\":\"Musea en Bezienswaardigheden\",\"item\":\"https:\\\/\\\/denhelder.online\\\/wat-te-doen\\\/bezienswaardigheden\\\/\"},{\"@type\":\"ListItem\",\"position\":4,\"name\":\"Stranden\",\"item\":\"https:\\\/\\\/denhelder.online\\\/wat-te-doen\\\/bezienswaardigheden\\\/strand\\\/\"},{\"@type\":\"ListItem\",\"position\":5,\"name\":\"Strandslag Duinoord\"}]},{\"@type\":\"WebSite\",\"@id\":\"https:\\\/\\\/denhelder.online\\\/#website\",\"url\":\"https:\\\/\\\/denhelder.online\\\/\",\"name\":\"Den Helder Online\",\"description\":\"Beleef Den Helder\",\"publisher\":{\"@id\":\"https:\\\/\\\/denhelder.online\\\/#organization\"},\"potentialAction\":[{\"@type\":\"SearchAction\",\"target\":{\"@type\":\"EntryPoint\",\"urlTemplate\":\"https:\\\/\\\/denhelder.online\\\/?s={search_term_string}\"},\"query-input\":{\"@type\":\"PropertyValueSpecification\",\"valueRequired\":true,\"valueName\":\"search_term_string\"}}],\"inLanguage\":\"de\"},{\"@type\":\"Organization\",\"@id\":\"https:\\\/\\\/denhelder.online\\\/#organization\",\"name\":\"Den Helder Online\",\"url\":\"https:\\\/\\\/denhelder.online\\\/\",\"logo\":{\"@type\":\"ImageObject\",\"inLanguage\":\"de\",\"@id\":\"https:\\\/\\\/denhelder.online\\\/#\\\/schema\\\/logo\\\/image\\\/\",\"url\":\"https:\\\/\\\/denhelder.online\\\/wp-content\\\/uploads\\\/2021\\\/12\\\/DitIsDH-Logo-26-tagline.svg\",\"contentUrl\":\"https:\\\/\\\/denhelder.online\\\/wp-content\\\/uploads\\\/2021\\\/12\\\/DitIsDH-Logo-26-tagline.svg\",\"width\":1717.0999999999999,\"height\":934.89999999999998,\"caption\":\"Den Helder Online\"},\"image\":{\"@id\":\"https:\\\/\\\/denhelder.online\\\/#\\\/schema\\\/logo\\\/image\\\/\"}}]}<\/script>\n<!-- \/ Yoast SEO Premium plugin. -->","yoast_head_json":{"title":"Strandslag Duinoord | Strandspa\u00df und Natur in Den Helder","description":"Besuchen Sie Strandslag Duinoord in Den Helder: Genie\u00dfen Sie den Strand, die D\u00fcnen und die frische Seeluft. Ideal f\u00fcr einen Tagesausflug oder einen Spaziergang in der Natur.","robots":{"index":"index","follow":"follow","max-snippet":"max-snippet:-1","max-image-preview":"max-image-preview:large","max-video-preview":"max-video-preview:-1"},"canonical":"https:\/\/denhelder.online\/de\/was-zu-tun\/sehenswurdigkeiten\/strand\/strandzugang-duooord\/","og_locale":"de_DE","og_type":"article","og_title":"Strandslag Duinoord","og_description":"Bezoek Strandslag Duinoord in Den Helder: geniet van het strand, de duinen en de frisse zeelucht. Perfect voor een dagje uit of een wandeling in de natuur.","og_url":"https:\/\/denhelder.online\/de\/was-zu-tun\/sehenswurdigkeiten\/strand\/strandzugang-duooord\/","og_site_name":"Den Helder Online","og_image":[{"width":2560,"height":1920,"url":"https:\/\/denhelder.online\/wp-content\/uploads\/2025\/01\/Strandslag-strandopgang-duinoord-met-beachclub-Citadel-scaled.jpg","type":"image\/jpeg"}],"twitter_card":"summary_large_image","twitter_misc":{"Gesch\u00e4tzte Lesezeit":"1\u00a0Minute"},"schema":{"@context":"https:\/\/schema.org","@graph":[{"@type":"WebPage","@id":"https:\/\/denhelder.online\/en\/what-to-do\/sights\/beach\/beach-access-duooord\/","url":"https:\/\/denhelder.online\/en\/what-to-do\/sights\/beach\/beach-access-duooord\/","name":"Strandslag Duinoord | Strandspa\u00df und Natur in Den Helder","isPartOf":{"@id":"https:\/\/denhelder.online\/#website"},"primaryImageOfPage":{"@id":"https:\/\/denhelder.online\/en\/what-to-do\/sights\/beach\/beach-access-duooord\/#primaryimage"},"image":{"@id":"https:\/\/denhelder.online\/en\/what-to-do\/sights\/beach\/beach-access-duooord\/#primaryimage"},"thumbnailUrl":"https:\/\/denhelder.online\/wp-content\/uploads\/2025\/01\/Strandslag-strandopgang-duinoord-met-beachclub-Citadel-scaled.jpg","datePublished":"2026-01-15T09:59:11+00:00","description":"Besuchen Sie Strandslag Duinoord in Den Helder: Genie\u00dfen Sie den Strand, die D\u00fcnen und die frische Seeluft. Ideal f\u00fcr einen Tagesausflug oder einen Spaziergang in der Natur.","breadcrumb":{"@id":"https:\/\/denhelder.online\/en\/what-to-do\/sights\/beach\/beach-access-duooord\/#breadcrumb"},"inLanguage":"de","potentialAction":[{"@type":"ReadAction","target":["https:\/\/denhelder.online\/en\/what-to-do\/sights\/beach\/beach-access-duooord\/"]}]},{"@type":"ImageObject","inLanguage":"de","@id":"https:\/\/denhelder.online\/en\/what-to-do\/sights\/beach\/beach-access-duooord\/#primaryimage","url":"https:\/\/denhelder.online\/wp-content\/uploads\/2025\/01\/Strandslag-strandopgang-duinoord-met-beachclub-Citadel-scaled.jpg","contentUrl":"https:\/\/denhelder.online\/wp-content\/uploads\/2025\/01\/Strandslag-strandopgang-duinoord-met-beachclub-Citadel-scaled.jpg","width":2560,"height":1920,"caption":"Strandopgang bij Beachclub Citadel"},{"@type":"BreadcrumbList","@id":"https:\/\/denhelder.online\/en\/what-to-do\/sights\/beach\/beach-access-duooord\/#breadcrumb","itemListElement":[{"@type":"ListItem","position":1,"name":"Home","item":"https:\/\/denhelder.online\/"},{"@type":"ListItem","position":2,"name":"Wat te doen","item":"https:\/\/denhelder.online\/wat-te-doen\/"},{"@type":"ListItem","position":3,"name":"Musea en Bezienswaardigheden","item":"https:\/\/denhelder.online\/wat-te-doen\/bezienswaardigheden\/"},{"@type":"ListItem","position":4,"name":"Stranden","item":"https:\/\/denhelder.online\/wat-te-doen\/bezienswaardigheden\/strand\/"},{"@type":"ListItem","position":5,"name":"Strandslag Duinoord"}]},{"@type":"WebSite","@id":"https:\/\/denhelder.online\/#website","url":"https:\/\/denhelder.online\/","name":"Den Helder Online","description":"Erleben Sie Den Helder","publisher":{"@id":"https:\/\/denhelder.online\/#organization"},"potentialAction":[{"@type":"SearchAction","target":{"@type":"EntryPoint","urlTemplate":"https:\/\/denhelder.online\/?s={search_term_string}"},"query-input":{"@type":"PropertyValueSpecification","valueRequired":true,"valueName":"search_term_string"}}],"inLanguage":"de"},{"@type":"Organization","@id":"https:\/\/denhelder.online\/#organization","name":"Den Helder Online","url":"https:\/\/denhelder.online\/","logo":{"@type":"ImageObject","inLanguage":"de","@id":"https:\/\/denhelder.online\/#\/schema\/logo\/image\/","url":"https:\/\/denhelder.online\/wp-content\/uploads\/2021\/12\/DitIsDH-Logo-26-tagline.svg","contentUrl":"https:\/\/denhelder.online\/wp-content\/uploads\/2021\/12\/DitIsDH-Logo-26-tagline.svg","width":1717.0999999999999,"height":934.89999999999998,"caption":"Den Helder Online"},"image":{"@id":"https:\/\/denhelder.online\/#\/schema\/logo\/image\/"}}]}},"_links":{"self":[{"href":"https:\/\/denhelder.online\/de\/wp-json\/wp\/v2\/pages\/3529","targetHints":{"allow":["GET"]}}],"collection":[{"href":"https:\/\/denhelder.online\/de\/wp-json\/wp\/v2\/pages"}],"about":[{"href":"https:\/\/denhelder.online\/de\/wp-json\/wp\/v2\/types\/page"}],"author":[{"embeddable":true,"href":"https:\/\/denhelder.online\/de\/wp-json\/wp\/v2\/users\/15"}],"replies":[{"embeddable":true,"href":"https:\/\/denhelder.online\/de\/wp-json\/wp\/v2\/comments?post=3529"}],"version-history":[{"count":0,"href":"https:\/\/denhelder.online\/de\/wp-json\/wp\/v2\/pages\/3529\/revisions"}],"up":[{"embeddable":true,"href":"https:\/\/denhelder.online\/de\/wp-json\/wp\/v2\/pages\/12831"}],"wp:featuredmedia":[{"embeddable":true,"href":"https:\/\/denhelder.online\/de\/wp-json\/wp\/v2\/media\/1646"}],"wp:attachment":[{"href":"https:\/\/denhelder.online\/de\/wp-json\/wp\/v2\/media?parent=3529"}],"wp:term":[{"taxonomy":"post_tag","embeddable":true,"href":"https:\/\/denhelder.online\/de\/wp-json\/wp\/v2\/tags?post=3529"},{"taxonomy":"doelgroep","embeddable":true,"href":"https:\/\/denhelder.online\/de\/wp-json\/wp\/v2\/doelgroep?post=3529"},{"taxonomy":"categorie","embeddable":true,"href":"https:\/\/denhelder.online\/de\/wp-json\/wp\/v2\/categorie?post=3529"}],"curies":[{"name":"wp","href":"https:\/\/api.w.org\/{rel}","templated":true}]}}