{"id":3545,"date":"2025-01-25T14:27:59","date_gmt":"2025-01-25T13:27:59","guid":{"rendered":"https:\/\/denhelder.online\/?page_id=3545"},"modified":"2026-01-15T09:38:36","modified_gmt":"2026-01-15T08:38:36","slug":"meerblick","status":"publish","type":"page","link":"https:\/\/denhelder.online\/de\/wat-te-doen\/zeezicht\/","title":{"rendered":"Der beste Meerblick"},"content":{"rendered":"<div data-elementor-type=\"wp-page\" data-elementor-id=\"3545\" class=\"elementor elementor-3545\" data-elementor-post-type=\"page\">\n\t\t\t\t<div class=\"elementor-element elementor-element-17f637c3 e-flex e-con-boxed e-con e-parent\" data-id=\"17f637c3\" data-element_type=\"container\" data-e-type=\"container\" data-settings=\"{&quot;jet_parallax_layout_list&quot;:[]}\">\n\t\t\t\t\t<div class=\"e-con-inner\">\n\t\t<div class=\"elementor-element elementor-element-45c0bb96 e-con-full e-flex e-con e-child\" data-id=\"45c0bb96\" data-element_type=\"container\" data-e-type=\"container\" data-settings=\"{&quot;jet_parallax_layout_list&quot;:[]}\">\n\t\t<div class=\"elementor-element elementor-element-363922af e-con-full e-flex e-con e-child\" data-id=\"363922af\" data-element_type=\"container\" data-e-type=\"container\" data-settings=\"{&quot;jet_parallax_layout_list&quot;:[]}\">\n\t\t\t\t<div class=\"elementor-element elementor-element-3973b808 elementor-widget elementor-widget-image\" data-id=\"3973b808\" data-element_type=\"widget\" data-e-type=\"widget\" data-widget_type=\"image.default\">\n\t\t\t\t<div class=\"elementor-widget-container\">\n\t\t\t\t\t\t\t\t\t\t\t\t\t\t\t<img fetchpriority=\"high\" decoding=\"async\" width=\"800\" height=\"600\" src=\"https:\/\/denhelder.online\/wp-content\/uploads\/2025\/01\/Strandslag-strandopgang-duinoord-met-beachclub-Citadel-1024x768.jpg\" class=\"attachment-large size-large wp-image-1646\" alt=\"Strandzugang am Beachclub Citadel\" srcset=\"https:\/\/denhelder.online\/wp-content\/uploads\/2025\/01\/Strandslag-strandopgang-duinoord-met-beachclub-Citadel-1024x768.jpg 1024w, https:\/\/denhelder.online\/wp-content\/uploads\/2025\/01\/Strandslag-strandopgang-duinoord-met-beachclub-Citadel-300x225.jpg 300w, https:\/\/denhelder.online\/wp-content\/uploads\/2025\/01\/Strandslag-strandopgang-duinoord-met-beachclub-Citadel-768x576.jpg 768w, https:\/\/denhelder.online\/wp-content\/uploads\/2025\/01\/Strandslag-strandopgang-duinoord-met-beachclub-Citadel-1536x1152.jpg 1536w, https:\/\/denhelder.online\/wp-content\/uploads\/2025\/01\/Strandslag-strandopgang-duinoord-met-beachclub-Citadel-2048x1536.jpg 2048w, https:\/\/denhelder.online\/wp-content\/uploads\/2025\/01\/Strandslag-strandopgang-duinoord-met-beachclub-Citadel-600x450.jpg 600w\" sizes=\"(max-width: 800px) 100vw, 800px\" \/>\t\t\t\t\t\t\t\t\t\t\t\t\t\t\t<\/div>\n\t\t\t\t<\/div>\n\t\t\t\t<div class=\"elementor-element elementor-element-3f1ee936 elementor-widget__width-inherit elementor-absolute elementor-widget elementor-widget-heading\" data-id=\"3f1ee936\" data-element_type=\"widget\" data-e-type=\"widget\" data-settings=\"{&quot;_position&quot;:&quot;absolute&quot;}\" data-widget_type=\"heading.default\">\n\t\t\t\t<div class=\"elementor-widget-container\">\n\t\t\t\t\t<h1 class=\"elementor-heading-title elementor-size-default\">Genie\u00dfen Sie das Meer rund um Den Helder<\/h1>\t\t\t\t<\/div>\n\t\t\t\t<\/div>\n\t\t\t\t<\/div>\n\t\t<div class=\"elementor-element elementor-element-1343796d e-con-full e-flex e-con e-child\" data-id=\"1343796d\" data-element_type=\"container\" data-e-type=\"container\" data-settings=\"{&quot;jet_parallax_layout_list&quot;:[]}\">\n\t\t\t\t<div class=\"elementor-element elementor-element-71fd517f elementor-widget elementor-widget-breadcrumbs\" data-id=\"71fd517f\" data-element_type=\"widget\" data-e-type=\"widget\" data-widget_type=\"breadcrumbs.default\">\n\t\t\t\t<div class=\"elementor-widget-container\">\n\t\t\t\t\t<p id=\"breadcrumbs\"><span><span><a href=\"https:\/\/denhelder.online\/de\/\">Heim<\/a><\/span><\/span><\/p>\t\t\t\t<\/div>\n\t\t\t\t<\/div>\n\t\t<div class=\"elementor-element elementor-element-27b29544 e-con-full e-flex e-con e-child\" data-id=\"27b29544\" data-element_type=\"container\" data-e-type=\"container\" data-settings=\"{&quot;jet_parallax_layout_list&quot;:[]}\">\n\t\t\t\t<div class=\"elementor-element elementor-element-2cb3d0f9 elementor-widget elementor-widget-heading\" data-id=\"2cb3d0f9\" data-element_type=\"widget\" data-e-type=\"widget\" data-widget_type=\"heading.default\">\n\t\t\t\t<div class=\"elementor-widget-container\">\n\t\t\t\t\t<p class=\"elementor-heading-title elementor-size-default\">Folgen Sie uns in den sozialen Netzwerken:<\/p>\t\t\t\t<\/div>\n\t\t\t\t<\/div>\n\t\t\t\t<div class=\"elementor-element elementor-element-3596eaec elementor-icon-list--layout-inline elementor-align-end elementor-list-item-link-full_width elementor-widget elementor-widget-global elementor-global-1176 elementor-widget-icon-list\" data-id=\"3596eaec\" data-element_type=\"widget\" data-e-type=\"widget\" data-widget_type=\"icon-list.default\">\n\t\t\t\t<div class=\"elementor-widget-container\">\n\t\t\t\t\t\t\t<ul class=\"elementor-icon-list-items elementor-inline-items\">\n\t\t\t\t\t\t\t<li class=\"elementor-icon-list-item elementor-inline-item\">\n\t\t\t\t\t\t\t\t\t\t\t<a href=\"https:\/\/www.facebook.com\/ditisdenhelder\" target=\"_blank\">\n\n\t\t\t\t\t\t\t\t\t\t\t\t<span class=\"elementor-icon-list-icon\">\n\t\t\t\t\t\t\t<i aria-hidden=\"true\" class=\"fab fa-facebook\"><\/i>\t\t\t\t\t\t<\/span>\n\t\t\t\t\t\t\t\t\t\t<span class=\"elementor-icon-list-text\"><\/span>\n\t\t\t\t\t\t\t\t\t\t\t<\/a>\n\t\t\t\t\t\t\t\t\t<\/li>\n\t\t\t\t\t\t\t\t<li class=\"elementor-icon-list-item elementor-inline-item\">\n\t\t\t\t\t\t\t\t\t\t\t<a href=\"https:\/\/www.instagram.com\/ditisdenhelder\/\" target=\"_blank\">\n\n\t\t\t\t\t\t\t\t\t\t\t\t<span class=\"elementor-icon-list-icon\">\n\t\t\t\t\t\t\t<i aria-hidden=\"true\" class=\"fab fa-instagram\"><\/i>\t\t\t\t\t\t<\/span>\n\t\t\t\t\t\t\t\t\t\t<span class=\"elementor-icon-list-text\"><\/span>\n\t\t\t\t\t\t\t\t\t\t\t<\/a>\n\t\t\t\t\t\t\t\t\t<\/li>\n\t\t\t\t\t\t\t\t<li class=\"elementor-icon-list-item elementor-inline-item\">\n\t\t\t\t\t\t\t\t\t\t\t<a href=\"https:\/\/www.youtube.com\/channel\/UCxXdcocRQwb3lDwiYBp3llg\" target=\"_blank\">\n\n\t\t\t\t\t\t\t\t\t\t\t\t<span class=\"elementor-icon-list-icon\">\n\t\t\t\t\t\t\t<i aria-hidden=\"true\" class=\"fab fa-youtube\"><\/i>\t\t\t\t\t\t<\/span>\n\t\t\t\t\t\t\t\t\t\t<span class=\"elementor-icon-list-text\"><\/span>\n\t\t\t\t\t\t\t\t\t\t\t<\/a>\n\t\t\t\t\t\t\t\t\t<\/li>\n\t\t\t\t\t\t\t\t<li class=\"elementor-icon-list-item elementor-inline-item\">\n\t\t\t\t\t\t\t\t\t\t\t<a href=\"https:\/\/www.linkedin.com\/company\/citymarketing-den-helder\" target=\"_blank\">\n\n\t\t\t\t\t\t\t\t\t\t\t\t<span class=\"elementor-icon-list-icon\">\n\t\t\t\t\t\t\t<i aria-hidden=\"true\" class=\"fab fa-linkedin-in\"><\/i>\t\t\t\t\t\t<\/span>\n\t\t\t\t\t\t\t\t\t\t<span class=\"elementor-icon-list-text\"><\/span>\n\t\t\t\t\t\t\t\t\t\t\t<\/a>\n\t\t\t\t\t\t\t\t\t<\/li>\n\t\t\t\t\t\t<\/ul>\n\t\t\t\t\t\t<\/div>\n\t\t\t\t<\/div>\n\t\t\t\t<\/div>\n\t\t\t\t<\/div>\n\t\t\t\t<\/div>\n\t\t\t\t\t<\/div>\n\t\t\t\t<\/div>\n\t\t<div class=\"elementor-element elementor-element-1e827946 e-flex e-con-boxed e-con e-parent\" data-id=\"1e827946\" data-element_type=\"container\" data-e-type=\"container\" data-settings=\"{&quot;jet_parallax_layout_list&quot;:[]}\">\n\t\t\t\t\t<div class=\"e-con-inner\">\n\t\t<div class=\"elementor-element elementor-element-15246503 e-con-full e-flex e-con e-child\" data-id=\"15246503\" data-element_type=\"container\" data-e-type=\"container\" data-settings=\"{&quot;jet_parallax_layout_list&quot;:[]}\">\n\t\t\t\t<div class=\"elementor-element elementor-element-1f264415 elementor-widget__width-inherit elementor-widget elementor-widget-heading\" data-id=\"1f264415\" data-element_type=\"widget\" data-e-type=\"widget\" data-widget_type=\"heading.default\">\n\t\t\t\t<div class=\"elementor-widget-container\">\n\t\t\t\t\t<h2 class=\"elementor-heading-title elementor-size-default\">Genie\u00dfen Sie das Meer rund um Den Helder<\/h2>\t\t\t\t<\/div>\n\t\t\t\t<\/div>\n\t\t\t\t<div class=\"elementor-element elementor-element-1783186f elementor-widget elementor-widget-text-editor\" data-id=\"1783186f\" data-element_type=\"widget\" data-e-type=\"widget\" data-widget_type=\"text-editor.default\">\n\t\t\t\t<div class=\"elementor-widget-container\">\n\t\t\t\t\t\t\t\t\t<p>Den Helder bietet Ihnen die einzigartige Gelegenheit, das Meer von drei Seiten zu erleben. Nehmen Sie auf einer Terrasse einer der Strandbars Platz und genie\u00dfen Sie den Blick auf die sanften Wellen \u2013 das ganze Jahr \u00fcber. Oder suchen Sie etwas anderes? Dann machen Sie es sich am Deich gem\u00fctlich, bestellen Sie sich einen Drink und beobachten Sie die Menschen und Radfahrer. Vielleicht entdecken Sie sogar eine Robbe! Oder besuchen Sie den Hafen, wo Sie fangfrischen Fisch genie\u00dfen k\u00f6nnen, w\u00e4hrend im Hintergrund das sanfte Pl\u00e4tschern des Wassers erklingt.<\/p><p>Wo auch immer Sie sich entspannen m\u00f6chten, Den Helder bietet immer einen Platz mit Aussicht. Entdecken Sie Ihren Lieblingsplatz am Meer und lassen Sie sich verzaubern!<\/p>\t\t\t\t\t\t\t\t<\/div>\n\t\t\t\t<\/div>\n\t\t\t\t<\/div>\n\t\t<div class=\"elementor-element elementor-element-5ce42ea4 e-con-full e-flex e-con e-child\" data-id=\"5ce42ea4\" data-element_type=\"container\" data-e-type=\"container\" data-settings=\"{&quot;jet_parallax_layout_list&quot;:[]}\">\n\t\t\t\t<div class=\"elementor-element elementor-element-2f4228f0 elementor-widget elementor-widget-image\" data-id=\"2f4228f0\" data-element_type=\"widget\" data-e-type=\"widget\" data-widget_type=\"image.default\">\n\t\t\t\t<div class=\"elementor-widget-container\">\n\t\t\t\t\t\t\t\t\t\t\t\t\t\t\t<img decoding=\"async\" width=\"800\" height=\"600\" src=\"https:\/\/denhelder.online\/wp-content\/uploads\/2025\/01\/Strandslag-strandopgang-de-zandloper-1024x768.jpg\" class=\"attachment-large size-large wp-image-3527\" alt=\"\" srcset=\"https:\/\/denhelder.online\/wp-content\/uploads\/2025\/01\/Strandslag-strandopgang-de-zandloper-1024x768.jpg 1024w, https:\/\/denhelder.online\/wp-content\/uploads\/2025\/01\/Strandslag-strandopgang-de-zandloper-300x225.jpg 300w, https:\/\/denhelder.online\/wp-content\/uploads\/2025\/01\/Strandslag-strandopgang-de-zandloper-768x576.jpg 768w, https:\/\/denhelder.online\/wp-content\/uploads\/2025\/01\/Strandslag-strandopgang-de-zandloper-1536x1152.jpg 1536w, https:\/\/denhelder.online\/wp-content\/uploads\/2025\/01\/Strandslag-strandopgang-de-zandloper-2048x1536.jpg 2048w, https:\/\/denhelder.online\/wp-content\/uploads\/2025\/01\/Strandslag-strandopgang-de-zandloper-600x450.jpg 600w\" sizes=\"(max-width: 800px) 100vw, 800px\" \/>\t\t\t\t\t\t\t\t\t\t\t\t\t\t\t<\/div>\n\t\t\t\t<\/div>\n\t\t\t\t<\/div>\n\t\t\t\t\t<\/div>\n\t\t\t\t<\/div>\n\t\t\t\t<\/div>","protected":false},"excerpt":{"rendered":"<p>Geniet van de zee rondom Den Helder Volg ons op social: \u00a0 \u00a0 \u00a0 \u00a0 Geniet van de zee rondom Den Helder Den Helder biedt je de unieke kans om de zee van drie kanten te beleven. Neem plaats op een terras bij een van de strandtenten en geniet het hele jaar door van het [&hellip;]<\/p>\n","protected":false},"author":11,"featured_media":1646,"parent":1514,"menu_order":0,"comment_status":"closed","ping_status":"closed","template":"elementor_header_footer","meta":{"footnotes":""},"tags":[],"doelgroep":[6027,6028,6029],"categorie":[],"class_list":["post-3545","page","type-page","status-publish","has-post-thumbnail","hentry","doelgroep-inwoner","doelgroep-inwoner-regio","doelgroep-toerist"],"yoast_head":"<!-- This site is optimized with the Yoast SEO Premium plugin v24.7 (Yoast SEO v27.5) - https:\/\/yoast.com\/product\/yoast-seo-premium-wordpress\/ -->\n<title>De mooiste zeeplekken in Den Helder<\/title>\n<meta name=\"description\" content=\"Ontspan met uitzicht op zee in Den Helder. Van golven tot verse vis aan de haven, ontdek het zelf!\" \/>\n<meta name=\"robots\" content=\"index, follow, max-snippet:-1, max-image-preview:large, max-video-preview:-1\" \/>\n<link rel=\"canonical\" href=\"https:\/\/denhelder.online\/de\/was-zu-tun\/meerblick\/\" \/>\n<meta property=\"og:locale\" content=\"de_DE\" \/>\n<meta property=\"og:type\" content=\"article\" \/>\n<meta property=\"og:title\" content=\"Het beste uitzicht op zee\" \/>\n<meta property=\"og:description\" content=\"Ontspan met uitzicht op zee in Den Helder. Van golven tot verse vis aan de haven, ontdek het zelf!\" \/>\n<meta property=\"og:url\" content=\"https:\/\/denhelder.online\/de\/was-zu-tun\/meerblick\/\" \/>\n<meta property=\"og:site_name\" content=\"Den Helder Online\" \/>\n<meta property=\"article:modified_time\" content=\"2026-01-15T08:38:36+00:00\" \/>\n<meta property=\"og:image\" content=\"https:\/\/denhelder.online\/wp-content\/uploads\/2025\/01\/Strandslag-strandopgang-duinoord-met-beachclub-Citadel-scaled.jpg\" \/>\n\t<meta property=\"og:image:width\" content=\"2560\" \/>\n\t<meta property=\"og:image:height\" content=\"1920\" \/>\n\t<meta property=\"og:image:type\" content=\"image\/jpeg\" \/>\n<meta name=\"twitter:card\" content=\"summary_large_image\" \/>\n<meta name=\"twitter:label1\" content=\"Gesch\u00e4tzte Lesezeit\" \/>\n\t<meta name=\"twitter:data1\" content=\"2\u00a0Minuten\" \/>\n<script type=\"application\/ld+json\" class=\"yoast-schema-graph\">{\"@context\":\"https:\\\/\\\/schema.org\",\"@graph\":[{\"@type\":\"WebPage\",\"@id\":\"https:\\\/\\\/denhelder.online\\\/de\\\/was-zu-tun\\\/meerblick\\\/\",\"url\":\"https:\\\/\\\/denhelder.online\\\/de\\\/was-zu-tun\\\/meerblick\\\/\",\"name\":\"De mooiste zeeplekken in Den Helder\",\"isPartOf\":{\"@id\":\"https:\\\/\\\/denhelder.online\\\/#website\"},\"primaryImageOfPage\":{\"@id\":\"https:\\\/\\\/denhelder.online\\\/de\\\/was-zu-tun\\\/meerblick\\\/#primaryimage\"},\"image\":{\"@id\":\"https:\\\/\\\/denhelder.online\\\/de\\\/was-zu-tun\\\/meerblick\\\/#primaryimage\"},\"thumbnailUrl\":\"https:\\\/\\\/denhelder.online\\\/wp-content\\\/uploads\\\/2025\\\/01\\\/Strandslag-strandopgang-duinoord-met-beachclub-Citadel-scaled.jpg\",\"datePublished\":\"2025-01-25T13:27:59+00:00\",\"dateModified\":\"2026-01-15T08:38:36+00:00\",\"description\":\"Ontspan met uitzicht op zee in Den Helder. Van golven tot verse vis aan de haven, ontdek het zelf!\",\"breadcrumb\":{\"@id\":\"https:\\\/\\\/denhelder.online\\\/de\\\/was-zu-tun\\\/meerblick\\\/#breadcrumb\"},\"inLanguage\":\"de\",\"potentialAction\":[{\"@type\":\"ReadAction\",\"target\":[\"https:\\\/\\\/denhelder.online\\\/de\\\/was-zu-tun\\\/meerblick\\\/\"]}]},{\"@type\":\"ImageObject\",\"inLanguage\":\"de\",\"@id\":\"https:\\\/\\\/denhelder.online\\\/de\\\/was-zu-tun\\\/meerblick\\\/#primaryimage\",\"url\":\"https:\\\/\\\/denhelder.online\\\/wp-content\\\/uploads\\\/2025\\\/01\\\/Strandslag-strandopgang-duinoord-met-beachclub-Citadel-scaled.jpg\",\"contentUrl\":\"https:\\\/\\\/denhelder.online\\\/wp-content\\\/uploads\\\/2025\\\/01\\\/Strandslag-strandopgang-duinoord-met-beachclub-Citadel-scaled.jpg\",\"width\":2560,\"height\":1920,\"caption\":\"Strandopgang bij Beachclub Citadel\"},{\"@type\":\"BreadcrumbList\",\"@id\":\"https:\\\/\\\/denhelder.online\\\/de\\\/was-zu-tun\\\/meerblick\\\/#breadcrumb\",\"itemListElement\":[{\"@type\":\"ListItem\",\"position\":1,\"name\":\"Home\",\"item\":\"https:\\\/\\\/denhelder.online\\\/\"},{\"@type\":\"ListItem\",\"position\":2,\"name\":\"Wat te doen\",\"item\":\"https:\\\/\\\/denhelder.online\\\/wat-te-doen\\\/\"},{\"@type\":\"ListItem\",\"position\":3,\"name\":\"Het beste uitzicht op zee\"}]},{\"@type\":\"WebSite\",\"@id\":\"https:\\\/\\\/denhelder.online\\\/#website\",\"url\":\"https:\\\/\\\/denhelder.online\\\/\",\"name\":\"Den Helder Online\",\"description\":\"Beleef Den Helder\",\"publisher\":{\"@id\":\"https:\\\/\\\/denhelder.online\\\/#organization\"},\"potentialAction\":[{\"@type\":\"SearchAction\",\"target\":{\"@type\":\"EntryPoint\",\"urlTemplate\":\"https:\\\/\\\/denhelder.online\\\/?s={search_term_string}\"},\"query-input\":{\"@type\":\"PropertyValueSpecification\",\"valueRequired\":true,\"valueName\":\"search_term_string\"}}],\"inLanguage\":\"de\"},{\"@type\":\"Organization\",\"@id\":\"https:\\\/\\\/denhelder.online\\\/#organization\",\"name\":\"Den Helder Online\",\"url\":\"https:\\\/\\\/denhelder.online\\\/\",\"logo\":{\"@type\":\"ImageObject\",\"inLanguage\":\"de\",\"@id\":\"https:\\\/\\\/denhelder.online\\\/#\\\/schema\\\/logo\\\/image\\\/\",\"url\":\"https:\\\/\\\/denhelder.online\\\/wp-content\\\/uploads\\\/2021\\\/12\\\/DitIsDH-Logo-26-tagline.svg\",\"contentUrl\":\"https:\\\/\\\/denhelder.online\\\/wp-content\\\/uploads\\\/2021\\\/12\\\/DitIsDH-Logo-26-tagline.svg\",\"width\":1717.0999999999999,\"height\":934.89999999999998,\"caption\":\"Den Helder Online\"},\"image\":{\"@id\":\"https:\\\/\\\/denhelder.online\\\/#\\\/schema\\\/logo\\\/image\\\/\"}}]}<\/script>\n<!-- \/ Yoast SEO Premium plugin. -->","yoast_head_json":{"title":"Die sch\u00f6nsten Meerespl\u00e4tze in Den Helder","description":"Entspannen Sie sich mit Meerblick im Den Helder. Von den Wellen bis zum fangfrischen Fisch im Hafen \u2013 entdecken Sie es selbst!","robots":{"index":"index","follow":"follow","max-snippet":"max-snippet:-1","max-image-preview":"max-image-preview:large","max-video-preview":"max-video-preview:-1"},"canonical":"https:\/\/denhelder.online\/de\/was-zu-tun\/meerblick\/","og_locale":"de_DE","og_type":"article","og_title":"Het beste uitzicht op zee","og_description":"Ontspan met uitzicht op zee in Den Helder. Van golven tot verse vis aan de haven, ontdek het zelf!","og_url":"https:\/\/denhelder.online\/de\/was-zu-tun\/meerblick\/","og_site_name":"Den Helder Online","article_modified_time":"2026-01-15T08:38:36+00:00","og_image":[{"width":2560,"height":1920,"url":"https:\/\/denhelder.online\/wp-content\/uploads\/2025\/01\/Strandslag-strandopgang-duinoord-met-beachclub-Citadel-scaled.jpg","type":"image\/jpeg"}],"twitter_card":"summary_large_image","twitter_misc":{"Gesch\u00e4tzte Lesezeit":"2\u00a0Minuten"},"schema":{"@context":"https:\/\/schema.org","@graph":[{"@type":"WebPage","@id":"https:\/\/denhelder.online\/de\/was-zu-tun\/meerblick\/","url":"https:\/\/denhelder.online\/de\/was-zu-tun\/meerblick\/","name":"Die sch\u00f6nsten Meerespl\u00e4tze in Den Helder","isPartOf":{"@id":"https:\/\/denhelder.online\/#website"},"primaryImageOfPage":{"@id":"https:\/\/denhelder.online\/de\/was-zu-tun\/meerblick\/#primaryimage"},"image":{"@id":"https:\/\/denhelder.online\/de\/was-zu-tun\/meerblick\/#primaryimage"},"thumbnailUrl":"https:\/\/denhelder.online\/wp-content\/uploads\/2025\/01\/Strandslag-strandopgang-duinoord-met-beachclub-Citadel-scaled.jpg","datePublished":"2025-01-25T13:27:59+00:00","dateModified":"2026-01-15T08:38:36+00:00","description":"Entspannen Sie sich mit Meerblick im Den Helder. Von den Wellen bis zum fangfrischen Fisch im Hafen \u2013 entdecken Sie es selbst!","breadcrumb":{"@id":"https:\/\/denhelder.online\/de\/was-zu-tun\/meerblick\/#breadcrumb"},"inLanguage":"de","potentialAction":[{"@type":"ReadAction","target":["https:\/\/denhelder.online\/de\/was-zu-tun\/meerblick\/"]}]},{"@type":"ImageObject","inLanguage":"de","@id":"https:\/\/denhelder.online\/de\/was-zu-tun\/meerblick\/#primaryimage","url":"https:\/\/denhelder.online\/wp-content\/uploads\/2025\/01\/Strandslag-strandopgang-duinoord-met-beachclub-Citadel-scaled.jpg","contentUrl":"https:\/\/denhelder.online\/wp-content\/uploads\/2025\/01\/Strandslag-strandopgang-duinoord-met-beachclub-Citadel-scaled.jpg","width":2560,"height":1920,"caption":"Strandopgang bij Beachclub Citadel"},{"@type":"BreadcrumbList","@id":"https:\/\/denhelder.online\/de\/was-zu-tun\/meerblick\/#breadcrumb","itemListElement":[{"@type":"ListItem","position":1,"name":"Home","item":"https:\/\/denhelder.online\/"},{"@type":"ListItem","position":2,"name":"Wat te doen","item":"https:\/\/denhelder.online\/wat-te-doen\/"},{"@type":"ListItem","position":3,"name":"Het beste uitzicht op zee"}]},{"@type":"WebSite","@id":"https:\/\/denhelder.online\/#website","url":"https:\/\/denhelder.online\/","name":"Den Helder Online","description":"Erleben Sie Den Helder","publisher":{"@id":"https:\/\/denhelder.online\/#organization"},"potentialAction":[{"@type":"SearchAction","target":{"@type":"EntryPoint","urlTemplate":"https:\/\/denhelder.online\/?s={search_term_string}"},"query-input":{"@type":"PropertyValueSpecification","valueRequired":true,"valueName":"search_term_string"}}],"inLanguage":"de"},{"@type":"Organization","@id":"https:\/\/denhelder.online\/#organization","name":"Den Helder Online","url":"https:\/\/denhelder.online\/","logo":{"@type":"ImageObject","inLanguage":"de","@id":"https:\/\/denhelder.online\/#\/schema\/logo\/image\/","url":"https:\/\/denhelder.online\/wp-content\/uploads\/2021\/12\/DitIsDH-Logo-26-tagline.svg","contentUrl":"https:\/\/denhelder.online\/wp-content\/uploads\/2021\/12\/DitIsDH-Logo-26-tagline.svg","width":1717.0999999999999,"height":934.89999999999998,"caption":"Den Helder Online"},"image":{"@id":"https:\/\/denhelder.online\/#\/schema\/logo\/image\/"}}]}},"_links":{"self":[{"href":"https:\/\/denhelder.online\/de\/wp-json\/wp\/v2\/pages\/3545","targetHints":{"allow":["GET"]}}],"collection":[{"href":"https:\/\/denhelder.online\/de\/wp-json\/wp\/v2\/pages"}],"about":[{"href":"https:\/\/denhelder.online\/de\/wp-json\/wp\/v2\/types\/page"}],"author":[{"embeddable":true,"href":"https:\/\/denhelder.online\/de\/wp-json\/wp\/v2\/users\/11"}],"replies":[{"embeddable":true,"href":"https:\/\/denhelder.online\/de\/wp-json\/wp\/v2\/comments?post=3545"}],"version-history":[{"count":0,"href":"https:\/\/denhelder.online\/de\/wp-json\/wp\/v2\/pages\/3545\/revisions"}],"up":[{"embeddable":true,"href":"https:\/\/denhelder.online\/de\/wp-json\/wp\/v2\/pages\/1514"}],"wp:featuredmedia":[{"embeddable":true,"href":"https:\/\/denhelder.online\/de\/wp-json\/wp\/v2\/media\/1646"}],"wp:attachment":[{"href":"https:\/\/denhelder.online\/de\/wp-json\/wp\/v2\/media?parent=3545"}],"wp:term":[{"taxonomy":"post_tag","embeddable":true,"href":"https:\/\/denhelder.online\/de\/wp-json\/wp\/v2\/tags?post=3545"},{"taxonomy":"doelgroep","embeddable":true,"href":"https:\/\/denhelder.online\/de\/wp-json\/wp\/v2\/doelgroep?post=3545"},{"taxonomy":"categorie","embeddable":true,"href":"https:\/\/denhelder.online\/de\/wp-json\/wp\/v2\/categorie?post=3545"}],"curies":[{"name":"wp","href":"https:\/\/api.w.org\/{rel}","templated":true}]}}