{"id":3620,"date":"2025-01-28T11:46:13","date_gmt":"2025-01-28T10:46:13","guid":{"rendered":"https:\/\/denhelder.online\/?page_id=3620"},"modified":"2026-01-15T09:30:06","modified_gmt":"2026-01-15T08:30:06","slug":"radfahren-im-norden-von-nordholland","status":"publish","type":"page","link":"https:\/\/denhelder.online\/de\/fietsen\/fietsen-in-de-kop-van-noord-holland\/","title":{"rendered":"Radfahren im Kop van Noord Holland"},"content":{"rendered":"<div data-elementor-type=\"wp-page\" data-elementor-id=\"3620\" class=\"elementor elementor-3620\" data-elementor-post-type=\"page\">\n\t\t\t\t<div class=\"elementor-element elementor-element-7ffd3a8c e-flex e-con-boxed e-con e-parent\" data-id=\"7ffd3a8c\" data-element_type=\"container\" data-e-type=\"container\" data-settings=\"{&quot;jet_parallax_layout_list&quot;:[]}\">\n\t\t\t\t\t<div class=\"e-con-inner\">\n\t\t<div class=\"elementor-element elementor-element-517821de e-con-full e-flex e-con e-child\" data-id=\"517821de\" data-element_type=\"container\" data-e-type=\"container\" data-settings=\"{&quot;jet_parallax_layout_list&quot;:[]}\">\n\t\t\t\t<div class=\"elementor-element elementor-element-47c51a7d elementor-widget__width-inherit elementor-widget elementor-widget-heading\" data-id=\"47c51a7d\" data-element_type=\"widget\" data-e-type=\"widget\" data-widget_type=\"heading.default\">\n\t\t\t\t<div class=\"elementor-widget-container\">\n\t\t\t\t\t<h1 class=\"elementor-heading-title elementor-size-default\">Radfahren im Kop van Noord-Holland<\/h1>\t\t\t\t<\/div>\n\t\t\t\t<\/div>\n\t\t\t\t<div class=\"elementor-element elementor-element-38e72d17 elementor-widget elementor-widget-text-editor\" data-id=\"38e72d17\" data-element_type=\"widget\" data-e-type=\"widget\" data-widget_type=\"text-editor.default\">\n\t\t\t\t<div class=\"elementor-widget-container\">\n\t\t\t\t\t\t\t\t\t<h3>Radtour entlang der K\u00fcste und Geschichte des Kop van Noord-Holland<\/h3><p>Starten Sie Ihre Radtour am Campingplatz &#039;t Noorder Sandt und entdecken Sie die Highlights der Region Kop van Noord-Holland. Die Route f\u00fchrt Sie entlang der K\u00fcste in Richtung Den Helder und bietet eine abwechslungsreiche Mischung aus Natur, maritimer Geschichte und bekannten Sehensw\u00fcrdigkeiten.<\/p><p>Leuchtturm Groote Kaap: ein markantes Leuchtfeuer<br \/>Sie passieren bald den Leuchtturm von Groote Kaap. Dieser fast 17 Meter hohe Stahlturm weist noch immer Schiffen mit Lichtsignalen den Weg. Tags\u00fcber bildet der feuerrote Turm einen atemberaubenden Kontrast zum blauen Himmel und dem Horizont. Ein idealer Ort, um innezuhalten und die Aussicht zu genie\u00dfen.<\/p><p>Geschichte in den D\u00fcnen: Fort Kijkduin und Lange Jaap<br \/>Durch die D\u00fcnenlandschaft erreichen Sie das Museum Fort Kijkduin, ein beeindruckendes Nationaldenkmal, das 1811 im Auftrag Napoleons erbaut wurde. Hier erfahren Sie mehr \u00fcber die Seefahrtsgeschichte der Region. Wenig sp\u00e4ter sehen Sie den Leuchtturm Lange Jaap, der seit 1878 brennt. Mit fast 64 Metern H\u00f6he ist er der h\u00f6chste gusseiserne Leuchtturm Europas und ein unverwechselbares Wahrzeichen von Den Helder.<\/p><p>Ruhe und Raum im Polder Het Koegras<br \/>Die Route endet im beschaulichen Polder Het Koegras, wo Sie weite Ausblicke und die typisch niederl\u00e4ndische Landschaft erwarten. Diese entspannte R\u00fcckfahrt bietet den perfekten Abschluss eines Tages voller Natur und Geschichte.<\/p>\t\t\t\t\t\t\t\t<\/div>\n\t\t\t\t<\/div>\n\t\t<div class=\"elementor-element elementor-element-58174d6e e-con-full e-flex e-con e-child\" data-id=\"58174d6e\" data-element_type=\"container\" data-e-type=\"container\" data-settings=\"{&quot;jet_parallax_layout_list&quot;:[]}\">\n\t\t\t\t<div class=\"elementor-element elementor-element-55cbfe18 elementor-mobile-align-justify elementor-widget-mobile__width-inherit elementor-tablet-align-justify elementor-widget elementor-widget-button\" data-id=\"55cbfe18\" data-element_type=\"widget\" data-e-type=\"widget\" data-widget_type=\"button.default\">\n\t\t\t\t<div class=\"elementor-widget-container\">\n\t\t\t\t\t\t\t\t\t<div class=\"elementor-button-wrapper\">\n\t\t\t\t\t<a class=\"elementor-button elementor-button-link elementor-size-sm\" href=\"#\">\n\t\t\t\t\t\t<span class=\"elementor-button-content-wrapper\">\n\t\t\t\t\t\t<span class=\"elementor-button-icon\">\n\t\t\t\t<i aria-hidden=\"true\" class=\"fas fa-chevron-right\"><\/i>\t\t\t<\/span>\n\t\t\t\t\t\t\t\t\t<span class=\"elementor-button-text\">Route<\/span>\n\t\t\t\t\t<\/span>\n\t\t\t\t\t<\/a>\n\t\t\t\t<\/div>\n\t\t\t\t\t\t\t\t<\/div>\n\t\t\t\t<\/div>\n\t\t\t\t<div class=\"elementor-element elementor-element-57941b7f elementor-mobile-align-justify elementor-widget-mobile__width-inherit elementor-tablet-align-justify elementor-widget elementor-widget-button\" data-id=\"57941b7f\" data-element_type=\"widget\" data-e-type=\"widget\" data-widget_type=\"button.default\">\n\t\t\t\t<div class=\"elementor-widget-container\">\n\t\t\t\t\t\t\t\t\t<div class=\"elementor-button-wrapper\">\n\t\t\t\t\t<a class=\"elementor-button elementor-button-link elementor-size-sm\" href=\"#\">\n\t\t\t\t\t\t<span class=\"elementor-button-content-wrapper\">\n\t\t\t\t\t\t<span class=\"elementor-button-icon\">\n\t\t\t\t<i aria-hidden=\"true\" class=\"fas fa-chevron-right\"><\/i>\t\t\t<\/span>\n\t\t\t\t\t\t\t\t\t<span class=\"elementor-button-text\">GPX herunterladen<\/span>\n\t\t\t\t\t<\/span>\n\t\t\t\t\t<\/a>\n\t\t\t\t<\/div>\n\t\t\t\t\t\t\t\t<\/div>\n\t\t\t\t<\/div>\n\t\t\t\t<\/div>\n\t\t\t\t<\/div>\n\t\t<div class=\"elementor-element elementor-element-48770d1 e-con-full e-flex e-con e-child\" data-id=\"48770d1\" data-element_type=\"container\" data-e-type=\"container\" data-settings=\"{&quot;jet_parallax_layout_list&quot;:[]}\">\n\t\t\t\t<div class=\"elementor-element elementor-element-2468d7b5 elementor-widget elementor-widget-image\" data-id=\"2468d7b5\" data-element_type=\"widget\" data-e-type=\"widget\" data-widget_type=\"image.default\">\n\t\t\t\t<div class=\"elementor-widget-container\">\n\t\t\t\t\t\t\t\t\t\t\t\t\t\t\t<img fetchpriority=\"high\" decoding=\"async\" width=\"800\" height=\"534\" src=\"https:\/\/denhelder.online\/wp-content\/uploads\/2025\/01\/luchtfoto-bollenvelden-Den-Helder-Cris-Toales-Olivares-1024x683.jpg\" class=\"attachment-large size-large wp-image-3623\" alt=\"Radfahren in den Blumenzwiebelfeldern Nordhollands\" srcset=\"https:\/\/denhelder.online\/wp-content\/uploads\/2025\/01\/luchtfoto-bollenvelden-Den-Helder-Cris-Toales-Olivares-1024x683.jpg 1024w, https:\/\/denhelder.online\/wp-content\/uploads\/2025\/01\/luchtfoto-bollenvelden-Den-Helder-Cris-Toales-Olivares-300x200.jpg 300w, https:\/\/denhelder.online\/wp-content\/uploads\/2025\/01\/luchtfoto-bollenvelden-Den-Helder-Cris-Toales-Olivares-768x512.jpg 768w, https:\/\/denhelder.online\/wp-content\/uploads\/2025\/01\/luchtfoto-bollenvelden-Den-Helder-Cris-Toales-Olivares-1536x1024.jpg 1536w, https:\/\/denhelder.online\/wp-content\/uploads\/2025\/01\/luchtfoto-bollenvelden-Den-Helder-Cris-Toales-Olivares-2048x1365.jpg 2048w, https:\/\/denhelder.online\/wp-content\/uploads\/2025\/01\/luchtfoto-bollenvelden-Den-Helder-Cris-Toales-Olivares-600x400.jpg 600w\" sizes=\"(max-width: 800px) 100vw, 800px\" \/>\t\t\t\t\t\t\t\t\t\t\t\t\t\t\t<\/div>\n\t\t\t\t<\/div>\n\t\t\t\t<\/div>\n\t\t\t\t\t<\/div>\n\t\t\t\t<\/div>\n\t\t\t\t<\/div>","protected":false},"excerpt":{"rendered":"<p>Fietsen in de Kop van Noord-Holland Fiets langs de kust en historie van de Kop van Noord-Holland Begin je fietsroute vanaf Camping &#8217;t Noorder Sandt en ontdek het beste van de Kop van Noord-Holland. Deze route voert je langs de kustlijn richting Den Helder en biedt een mix van natuur, maritieme historie en iconische bezienswaardigheden. [&hellip;]<\/p>\n","protected":false},"author":17,"featured_media":11479,"parent":1683,"menu_order":0,"comment_status":"closed","ping_status":"closed","template":"elementor_header_footer","meta":{"footnotes":""},"tags":[],"doelgroep":[6027,6029],"categorie":[],"class_list":["post-3620","page","type-page","status-publish","has-post-thumbnail","hentry","doelgroep-inwoner","doelgroep-toerist"],"yoast_head":"<!-- This site is optimized with the Yoast SEO Premium plugin v24.7 (Yoast SEO v27.5) - https:\/\/yoast.com\/product\/yoast-seo-premium-wordpress\/ -->\n<title>Ontdek de historie en natuur van Den Helder<\/title>\n<meta name=\"description\" content=\"Beleef een veelzijdige fietsroute langs vuurtorens, duinen en Fort Kijkduin. Geniet van rust, historie en het weidse uitzicht in polder Het Koegras\" \/>\n<meta name=\"robots\" content=\"index, follow, max-snippet:-1, max-image-preview:large, max-video-preview:-1\" \/>\n<link rel=\"canonical\" href=\"https:\/\/denhelder.online\/de\/radfahren-in-den-helder\/radfahren-im-norden-von-nordholland\/\" \/>\n<meta property=\"og:locale\" content=\"de_DE\" \/>\n<meta property=\"og:type\" content=\"article\" \/>\n<meta property=\"og:title\" content=\"Fietsen in de Kop van Noord Holland\" \/>\n<meta property=\"og:description\" content=\"Beleef een veelzijdige fietsroute langs vuurtorens, duinen en Fort Kijkduin. Geniet van rust, historie en het weidse uitzicht in polder Het Koegras\" \/>\n<meta property=\"og:url\" content=\"https:\/\/denhelder.online\/de\/radfahren-in-den-helder\/radfahren-im-norden-von-nordholland\/\" \/>\n<meta property=\"og:site_name\" content=\"Den Helder Online\" \/>\n<meta property=\"article:modified_time\" content=\"2026-01-15T08:30:06+00:00\" \/>\n<meta property=\"og:image\" content=\"https:\/\/denhelder.online\/wp-content\/uploads\/2025\/06\/luchtfoto-bollenvelden-Den-Helder-Cris-Toales-Olivares-klein.jpg\" \/>\n\t<meta property=\"og:image:width\" content=\"1800\" \/>\n\t<meta property=\"og:image:height\" content=\"1200\" \/>\n\t<meta property=\"og:image:type\" content=\"image\/jpeg\" \/>\n<meta name=\"twitter:card\" content=\"summary_large_image\" \/>\n<meta name=\"twitter:label1\" content=\"Gesch\u00e4tzte Lesezeit\" \/>\n\t<meta name=\"twitter:data1\" content=\"2\u00a0Minuten\" \/>\n<script type=\"application\/ld+json\" class=\"yoast-schema-graph\">{\"@context\":\"https:\\\/\\\/schema.org\",\"@graph\":[{\"@type\":\"WebPage\",\"@id\":\"https:\\\/\\\/denhelder.online\\\/en\\\/cycling-in-den-helder\\\/cycling-in-the-north-of-north-holland\\\/\",\"url\":\"https:\\\/\\\/denhelder.online\\\/en\\\/cycling-in-den-helder\\\/cycling-in-the-north-of-north-holland\\\/\",\"name\":\"Ontdek de historie en natuur van Den Helder\",\"isPartOf\":{\"@id\":\"https:\\\/\\\/denhelder.online\\\/#website\"},\"primaryImageOfPage\":{\"@id\":\"https:\\\/\\\/denhelder.online\\\/en\\\/cycling-in-den-helder\\\/cycling-in-the-north-of-north-holland\\\/#primaryimage\"},\"image\":{\"@id\":\"https:\\\/\\\/denhelder.online\\\/en\\\/cycling-in-den-helder\\\/cycling-in-the-north-of-north-holland\\\/#primaryimage\"},\"thumbnailUrl\":\"https:\\\/\\\/denhelder.online\\\/wp-content\\\/uploads\\\/2025\\\/06\\\/luchtfoto-bollenvelden-Den-Helder-Cris-Toales-Olivares-klein.jpg\",\"datePublished\":\"2025-01-28T10:46:13+00:00\",\"dateModified\":\"2026-01-15T08:30:06+00:00\",\"description\":\"Beleef een veelzijdige fietsroute langs vuurtorens, duinen en Fort Kijkduin. Geniet van rust, historie en het weidse uitzicht in polder Het Koegras\",\"breadcrumb\":{\"@id\":\"https:\\\/\\\/denhelder.online\\\/en\\\/cycling-in-den-helder\\\/cycling-in-the-north-of-north-holland\\\/#breadcrumb\"},\"inLanguage\":\"de\",\"potentialAction\":[{\"@type\":\"ReadAction\",\"target\":[\"https:\\\/\\\/denhelder.online\\\/en\\\/cycling-in-den-helder\\\/cycling-in-the-north-of-north-holland\\\/\"]}]},{\"@type\":\"ImageObject\",\"inLanguage\":\"de\",\"@id\":\"https:\\\/\\\/denhelder.online\\\/en\\\/cycling-in-den-helder\\\/cycling-in-the-north-of-north-holland\\\/#primaryimage\",\"url\":\"https:\\\/\\\/denhelder.online\\\/wp-content\\\/uploads\\\/2025\\\/06\\\/luchtfoto-bollenvelden-Den-Helder-Cris-Toales-Olivares-klein.jpg\",\"contentUrl\":\"https:\\\/\\\/denhelder.online\\\/wp-content\\\/uploads\\\/2025\\\/06\\\/luchtfoto-bollenvelden-Den-Helder-Cris-Toales-Olivares-klein.jpg\",\"width\":1800,\"height\":1200,\"caption\":\"Luchtfoto bollenvelden bij Julianadorp\"},{\"@type\":\"BreadcrumbList\",\"@id\":\"https:\\\/\\\/denhelder.online\\\/en\\\/cycling-in-den-helder\\\/cycling-in-the-north-of-north-holland\\\/#breadcrumb\",\"itemListElement\":[{\"@type\":\"ListItem\",\"position\":1,\"name\":\"Home\",\"item\":\"https:\\\/\\\/denhelder.online\\\/\"},{\"@type\":\"ListItem\",\"position\":2,\"name\":\"Fietsen\",\"item\":\"https:\\\/\\\/denhelder.online\\\/en\\\/cycling-in-den-helder\\\/\"},{\"@type\":\"ListItem\",\"position\":3,\"name\":\"Fietsen in de Kop van Noord Holland\"}]},{\"@type\":\"WebSite\",\"@id\":\"https:\\\/\\\/denhelder.online\\\/#website\",\"url\":\"https:\\\/\\\/denhelder.online\\\/\",\"name\":\"Den Helder Online\",\"description\":\"Beleef Den Helder\",\"publisher\":{\"@id\":\"https:\\\/\\\/denhelder.online\\\/#organization\"},\"potentialAction\":[{\"@type\":\"SearchAction\",\"target\":{\"@type\":\"EntryPoint\",\"urlTemplate\":\"https:\\\/\\\/denhelder.online\\\/?s={search_term_string}\"},\"query-input\":{\"@type\":\"PropertyValueSpecification\",\"valueRequired\":true,\"valueName\":\"search_term_string\"}}],\"inLanguage\":\"de\"},{\"@type\":\"Organization\",\"@id\":\"https:\\\/\\\/denhelder.online\\\/#organization\",\"name\":\"Den Helder Online\",\"url\":\"https:\\\/\\\/denhelder.online\\\/\",\"logo\":{\"@type\":\"ImageObject\",\"inLanguage\":\"de\",\"@id\":\"https:\\\/\\\/denhelder.online\\\/#\\\/schema\\\/logo\\\/image\\\/\",\"url\":\"https:\\\/\\\/denhelder.online\\\/wp-content\\\/uploads\\\/2021\\\/12\\\/DitIsDH-Logo-26-tagline.svg\",\"contentUrl\":\"https:\\\/\\\/denhelder.online\\\/wp-content\\\/uploads\\\/2021\\\/12\\\/DitIsDH-Logo-26-tagline.svg\",\"width\":1717.0999999999999,\"height\":934.89999999999998,\"caption\":\"Den Helder Online\"},\"image\":{\"@id\":\"https:\\\/\\\/denhelder.online\\\/#\\\/schema\\\/logo\\\/image\\\/\"}}]}<\/script>\n<!-- \/ Yoast SEO Premium plugin. -->","yoast_head_json":{"title":"Entdecken Sie die Geschichte und das Wesen von Den Helder","description":"Erleben Sie eine abwechslungsreiche Radroute vorbei an Leuchtt\u00fcrmen, D\u00fcnen und Fort Kijkduin. Genie\u00dfen Sie Ruhe, Geschichte und Panoramablicke im Polder Het Koegras.","robots":{"index":"index","follow":"follow","max-snippet":"max-snippet:-1","max-image-preview":"max-image-preview:large","max-video-preview":"max-video-preview:-1"},"canonical":"https:\/\/denhelder.online\/de\/radfahren-in-den-helder\/radfahren-im-norden-von-nordholland\/","og_locale":"de_DE","og_type":"article","og_title":"Fietsen in de Kop van Noord Holland","og_description":"Beleef een veelzijdige fietsroute langs vuurtorens, duinen en Fort Kijkduin. Geniet van rust, historie en het weidse uitzicht in polder Het Koegras","og_url":"https:\/\/denhelder.online\/de\/radfahren-in-den-helder\/radfahren-im-norden-von-nordholland\/","og_site_name":"Den Helder Online","article_modified_time":"2026-01-15T08:30:06+00:00","og_image":[{"width":1800,"height":1200,"url":"https:\/\/denhelder.online\/wp-content\/uploads\/2025\/06\/luchtfoto-bollenvelden-Den-Helder-Cris-Toales-Olivares-klein.jpg","type":"image\/jpeg"}],"twitter_card":"summary_large_image","twitter_misc":{"Gesch\u00e4tzte Lesezeit":"2\u00a0Minuten"},"schema":{"@context":"https:\/\/schema.org","@graph":[{"@type":"WebPage","@id":"https:\/\/denhelder.online\/en\/cycling-in-den-helder\/cycling-in-the-north-of-north-holland\/","url":"https:\/\/denhelder.online\/en\/cycling-in-den-helder\/cycling-in-the-north-of-north-holland\/","name":"Entdecken Sie die Geschichte und das Wesen von Den Helder","isPartOf":{"@id":"https:\/\/denhelder.online\/#website"},"primaryImageOfPage":{"@id":"https:\/\/denhelder.online\/en\/cycling-in-den-helder\/cycling-in-the-north-of-north-holland\/#primaryimage"},"image":{"@id":"https:\/\/denhelder.online\/en\/cycling-in-den-helder\/cycling-in-the-north-of-north-holland\/#primaryimage"},"thumbnailUrl":"https:\/\/denhelder.online\/wp-content\/uploads\/2025\/06\/luchtfoto-bollenvelden-Den-Helder-Cris-Toales-Olivares-klein.jpg","datePublished":"2025-01-28T10:46:13+00:00","dateModified":"2026-01-15T08:30:06+00:00","description":"Erleben Sie eine abwechslungsreiche Radroute vorbei an Leuchtt\u00fcrmen, D\u00fcnen und Fort Kijkduin. Genie\u00dfen Sie Ruhe, Geschichte und Panoramablicke im Polder Het Koegras.","breadcrumb":{"@id":"https:\/\/denhelder.online\/en\/cycling-in-den-helder\/cycling-in-the-north-of-north-holland\/#breadcrumb"},"inLanguage":"de","potentialAction":[{"@type":"ReadAction","target":["https:\/\/denhelder.online\/en\/cycling-in-den-helder\/cycling-in-the-north-of-north-holland\/"]}]},{"@type":"ImageObject","inLanguage":"de","@id":"https:\/\/denhelder.online\/en\/cycling-in-den-helder\/cycling-in-the-north-of-north-holland\/#primaryimage","url":"https:\/\/denhelder.online\/wp-content\/uploads\/2025\/06\/luchtfoto-bollenvelden-Den-Helder-Cris-Toales-Olivares-klein.jpg","contentUrl":"https:\/\/denhelder.online\/wp-content\/uploads\/2025\/06\/luchtfoto-bollenvelden-Den-Helder-Cris-Toales-Olivares-klein.jpg","width":1800,"height":1200,"caption":"Luchtfoto bollenvelden bij Julianadorp"},{"@type":"BreadcrumbList","@id":"https:\/\/denhelder.online\/en\/cycling-in-den-helder\/cycling-in-the-north-of-north-holland\/#breadcrumb","itemListElement":[{"@type":"ListItem","position":1,"name":"Home","item":"https:\/\/denhelder.online\/"},{"@type":"ListItem","position":2,"name":"Fietsen","item":"https:\/\/denhelder.online\/en\/cycling-in-den-helder\/"},{"@type":"ListItem","position":3,"name":"Fietsen in de Kop van Noord Holland"}]},{"@type":"WebSite","@id":"https:\/\/denhelder.online\/#website","url":"https:\/\/denhelder.online\/","name":"Den Helder Online","description":"Erleben Sie Den Helder","publisher":{"@id":"https:\/\/denhelder.online\/#organization"},"potentialAction":[{"@type":"SearchAction","target":{"@type":"EntryPoint","urlTemplate":"https:\/\/denhelder.online\/?s={search_term_string}"},"query-input":{"@type":"PropertyValueSpecification","valueRequired":true,"valueName":"search_term_string"}}],"inLanguage":"de"},{"@type":"Organization","@id":"https:\/\/denhelder.online\/#organization","name":"Den Helder Online","url":"https:\/\/denhelder.online\/","logo":{"@type":"ImageObject","inLanguage":"de","@id":"https:\/\/denhelder.online\/#\/schema\/logo\/image\/","url":"https:\/\/denhelder.online\/wp-content\/uploads\/2021\/12\/DitIsDH-Logo-26-tagline.svg","contentUrl":"https:\/\/denhelder.online\/wp-content\/uploads\/2021\/12\/DitIsDH-Logo-26-tagline.svg","width":1717.0999999999999,"height":934.89999999999998,"caption":"Den Helder Online"},"image":{"@id":"https:\/\/denhelder.online\/#\/schema\/logo\/image\/"}}]}},"_links":{"self":[{"href":"https:\/\/denhelder.online\/de\/wp-json\/wp\/v2\/pages\/3620","targetHints":{"allow":["GET"]}}],"collection":[{"href":"https:\/\/denhelder.online\/de\/wp-json\/wp\/v2\/pages"}],"about":[{"href":"https:\/\/denhelder.online\/de\/wp-json\/wp\/v2\/types\/page"}],"author":[{"embeddable":true,"href":"https:\/\/denhelder.online\/de\/wp-json\/wp\/v2\/users\/17"}],"replies":[{"embeddable":true,"href":"https:\/\/denhelder.online\/de\/wp-json\/wp\/v2\/comments?post=3620"}],"version-history":[{"count":0,"href":"https:\/\/denhelder.online\/de\/wp-json\/wp\/v2\/pages\/3620\/revisions"}],"up":[{"embeddable":true,"href":"https:\/\/denhelder.online\/de\/wp-json\/wp\/v2\/pages\/1683"}],"wp:featuredmedia":[{"embeddable":true,"href":"https:\/\/denhelder.online\/de\/wp-json\/wp\/v2\/media\/11479"}],"wp:attachment":[{"href":"https:\/\/denhelder.online\/de\/wp-json\/wp\/v2\/media?parent=3620"}],"wp:term":[{"taxonomy":"post_tag","embeddable":true,"href":"https:\/\/denhelder.online\/de\/wp-json\/wp\/v2\/tags?post=3620"},{"taxonomy":"doelgroep","embeddable":true,"href":"https:\/\/denhelder.online\/de\/wp-json\/wp\/v2\/doelgroep?post=3620"},{"taxonomy":"categorie","embeddable":true,"href":"https:\/\/denhelder.online\/de\/wp-json\/wp\/v2\/categorie?post=3620"}],"curies":[{"name":"wp","href":"https:\/\/api.w.org\/{rel}","templated":true}]}}