{"id":3642,"date":"2025-01-28T13:10:05","date_gmt":"2025-01-28T12:10:05","guid":{"rendered":"https:\/\/denhelder.online\/?page_id=3642"},"modified":"2026-01-15T10:19:44","modified_gmt":"2026-01-15T09:19:44","slug":"entdecken-sie-das-klare-in-seiner-schonsten-form","status":"publish","type":"page","link":"https:\/\/denhelder.online\/de\/fietsen\/ontdek-den-helder-op-haar-mooist\/","title":{"rendered":"Entdecken Sie Den Helder von seiner besten Seite"},"content":{"rendered":"<div data-elementor-type=\"wp-page\" data-elementor-id=\"3642\" class=\"elementor elementor-3642\" data-elementor-post-type=\"page\">\n\t\t\t\t<div class=\"elementor-element elementor-element-720c7404 e-flex e-con-boxed e-con e-parent\" data-id=\"720c7404\" data-element_type=\"container\" data-e-type=\"container\" data-settings=\"{&quot;jet_parallax_layout_list&quot;:[]}\">\n\t\t\t\t\t<div class=\"e-con-inner\">\n\t\t<div class=\"elementor-element elementor-element-23e827ec e-con-full e-flex e-con e-child\" data-id=\"23e827ec\" data-element_type=\"container\" data-e-type=\"container\" data-settings=\"{&quot;jet_parallax_layout_list&quot;:[]}\">\n\t\t\t\t<div class=\"elementor-element elementor-element-70a3689e elementor-widget__width-inherit elementor-widget elementor-widget-heading\" data-id=\"70a3689e\" data-element_type=\"widget\" data-e-type=\"widget\" data-widget_type=\"heading.default\">\n\t\t\t\t<div class=\"elementor-widget-container\">\n\t\t\t\t\t<h1 class=\"elementor-heading-title elementor-size-default\">Entdecken Sie Den Helder von seiner besten Seite<\/h1>\t\t\t\t<\/div>\n\t\t\t\t<\/div>\n\t\t\t\t<div class=\"elementor-element elementor-element-33bae879 elementor-widget elementor-widget-text-editor\" data-id=\"33bae879\" data-element_type=\"widget\" data-e-type=\"widget\" data-widget_type=\"text-editor.default\">\n\t\t\t\t<div class=\"elementor-widget-container\">\n\t\t\t\t\t\t\t\t\t<p><strong>Erleben Sie Natur und Geschichte rund um Den Helder<\/strong><br \/>Den Helder ist bekannt f\u00fcr seine Wasser- und Seefahrtsgeschichte, bietet aber auch \u00fcberraschend viel Natur. Diese Route erm\u00f6glicht es Ihnen, den Gr\u00fcng\u00fcrtel rund um Den Helder zu erkunden und dabei beeindruckende historische St\u00e4tten zu entdecken.<\/p><p><strong>Entdecken Sie den Timor Park und Fort Dirksz. Admiral<\/strong><br \/>Die Route beginnt im Timorpark, einem wundersch\u00f6nen Park im englischen Landschaftsstil, wo Ruhe und Gr\u00fcn harmonisch zusammentreffen. Entlang des historischen Deichs radeln Sie zum Fort Dirksz. Admiraal, einem der vier Forts der Stelling van Den Helder (ITP2T-Verteidigungslinie). Diese Verteidigungsanlage wurde von Napoleon zum Schutz des strategisch wichtigen Marinehafens der Stadt in Auftrag gegeben.<\/p><p><strong>Die Nollen-Landschaft und die D\u00fcnen<\/strong><br \/>Sie radeln durch die von K\u00fcnstler Ruud van de Wint gestaltete Landschaft von Nollen nach Mari\u00ebndal. Hier wachsen auf ehemaligen Blumenzwiebelfeldern niedrige D\u00fcnen und D\u00fcnenwiesen. Anschlie\u00dfend erreichen Sie die Nadelw\u00e4lder der Donkere Duinen und der Grafelijkheidsduinen. Diese Naturschutzgebiete sind einzigartig: Sie entstanden durch Treibsand und bestehen aus den \u00dcberresten zweier alter Watteninseln.<\/p><p><strong>Maritime Ikonen: Lange Jaap und Fort Kijkduin<\/strong><br \/>In der Ferne erhebt sich Lange Jaap, der mit fast 64 Metern h\u00f6chste gusseiserne Leuchtturm Europas. Bevor Sie diesen ikonischen Leuchtturm erreichen, k\u00f6nnen Sie einen Ausflug zum Fort Kijkduin unternehmen, einer weiteren Festung der Verteidigungslinie Den Helder und einem nationalen Denkmal mit reicher Seefahrtsgeschichte.<\/p><p><strong>Die Route f\u00fchrt entlang des Hafens und der neuen Stadtparks.<\/strong><br \/>Die Route f\u00fchrt weiter entlang der K\u00fcste zum Hafen von Den Helder. Dort besuchen Sie das Marinemuseum und gehen an Bord von Museumsschiffen, wo ehemalige Besatzungsmitglieder ihre Geschichten zum Leben erwecken. Vielleicht entdecken Sie sogar ein niederl\u00e4ndisches Marineschiff. Auf Ihrer Radtour entlang der Ostseite der Stadt passieren Sie den Schooterduinpark und den Rehorstpark, zwei junge und gr\u00fcne Stadtparks, die einen ruhigen Ausklang Ihrer Reise bieten.<\/p>\t\t\t\t\t\t\t\t<\/div>\n\t\t\t\t<\/div>\n\t\t<div class=\"elementor-element elementor-element-64d11a7 e-con-full e-flex e-con e-child\" data-id=\"64d11a7\" data-element_type=\"container\" data-e-type=\"container\" data-settings=\"{&quot;jet_parallax_layout_list&quot;:[]}\">\n\t\t\t\t<div class=\"elementor-element elementor-element-793a74e9 elementor-mobile-align-justify elementor-widget-mobile__width-inherit elementor-tablet-align-justify elementor-widget elementor-widget-button\" data-id=\"793a74e9\" data-element_type=\"widget\" data-e-type=\"widget\" data-widget_type=\"button.default\">\n\t\t\t\t<div class=\"elementor-widget-container\">\n\t\t\t\t\t\t\t\t\t<div class=\"elementor-button-wrapper\">\n\t\t\t\t\t<a class=\"elementor-button elementor-button-link elementor-size-sm\" href=\"#\">\n\t\t\t\t\t\t<span class=\"elementor-button-content-wrapper\">\n\t\t\t\t\t\t<span class=\"elementor-button-icon\">\n\t\t\t\t<i aria-hidden=\"true\" class=\"fas fa-chevron-right\"><\/i>\t\t\t<\/span>\n\t\t\t\t\t\t\t\t\t<span class=\"elementor-button-text\">Route<\/span>\n\t\t\t\t\t<\/span>\n\t\t\t\t\t<\/a>\n\t\t\t\t<\/div>\n\t\t\t\t\t\t\t\t<\/div>\n\t\t\t\t<\/div>\n\t\t\t\t<div class=\"elementor-element elementor-element-1c53c8be elementor-mobile-align-justify elementor-widget-mobile__width-inherit elementor-tablet-align-justify elementor-widget elementor-widget-button\" data-id=\"1c53c8be\" data-element_type=\"widget\" data-e-type=\"widget\" data-widget_type=\"button.default\">\n\t\t\t\t<div class=\"elementor-widget-container\">\n\t\t\t\t\t\t\t\t\t<div class=\"elementor-button-wrapper\">\n\t\t\t\t\t<a class=\"elementor-button elementor-button-link elementor-size-sm\" href=\"#\">\n\t\t\t\t\t\t<span class=\"elementor-button-content-wrapper\">\n\t\t\t\t\t\t<span class=\"elementor-button-icon\">\n\t\t\t\t<i aria-hidden=\"true\" class=\"fas fa-chevron-right\"><\/i>\t\t\t<\/span>\n\t\t\t\t\t\t\t\t\t<span class=\"elementor-button-text\">Laden Sie die GPX-Datei herunter.<\/span>\n\t\t\t\t\t<\/span>\n\t\t\t\t\t<\/a>\n\t\t\t\t<\/div>\n\t\t\t\t\t\t\t\t<\/div>\n\t\t\t\t<\/div>\n\t\t\t\t<\/div>\n\t\t\t\t<\/div>\n\t\t<div class=\"elementor-element elementor-element-7efaae79 e-con-full e-flex e-con e-child\" data-id=\"7efaae79\" data-element_type=\"container\" data-e-type=\"container\" data-settings=\"{&quot;jet_parallax_layout_list&quot;:[]}\">\n\t\t\t\t<div class=\"elementor-element elementor-element-6ebe486 elementor-widget elementor-widget-image\" data-id=\"6ebe486\" data-element_type=\"widget\" data-e-type=\"widget\" data-widget_type=\"image.default\">\n\t\t\t\t<div class=\"elementor-widget-container\">\n\t\t\t\t\t\t\t\t\t\t\t\t\t\t\t<img fetchpriority=\"high\" decoding=\"async\" width=\"800\" height=\"534\" src=\"https:\/\/denhelder.online\/wp-content\/uploads\/2025\/01\/Ondek-Den-Helder-op-haar-mooist-1024x683.jpg\" class=\"attachment-large size-large wp-image-3637\" alt=\"Radweg maritime Geschichte Natur\" srcset=\"https:\/\/denhelder.online\/wp-content\/uploads\/2025\/01\/Ondek-Den-Helder-op-haar-mooist-1024x683.jpg 1024w, https:\/\/denhelder.online\/wp-content\/uploads\/2025\/01\/Ondek-Den-Helder-op-haar-mooist-300x200.jpg 300w, https:\/\/denhelder.online\/wp-content\/uploads\/2025\/01\/Ondek-Den-Helder-op-haar-mooist-768x512.jpg 768w, https:\/\/denhelder.online\/wp-content\/uploads\/2025\/01\/Ondek-Den-Helder-op-haar-mooist-1536x1024.jpg 1536w, https:\/\/denhelder.online\/wp-content\/uploads\/2025\/01\/Ondek-Den-Helder-op-haar-mooist-2048x1365.jpg 2048w, https:\/\/denhelder.online\/wp-content\/uploads\/2025\/01\/Ondek-Den-Helder-op-haar-mooist-600x400.jpg 600w\" sizes=\"(max-width: 800px) 100vw, 800px\" \/>\t\t\t\t\t\t\t\t\t\t\t\t\t\t\t<\/div>\n\t\t\t\t<\/div>\n\t\t\t\t<\/div>\n\t\t\t\t\t<\/div>\n\t\t\t\t<\/div>\n\t\t\t\t<\/div>","protected":false},"excerpt":{"rendered":"<p>Ontdek Den Helder op haar mooist Fiets door natuur en historie rondom Den Helder Den Helder staat bekend om water en maritieme historie, maar deze stad biedt ook verrassend veel natuur. Deze route laat je de groene gordel rondom Den Helder ontdekken, gecombineerd met indrukwekkende historische locaties. Ontdek het Timorpark en Fort Dirksz. Admiraal Je [&hellip;]<\/p>\n","protected":false},"author":17,"featured_media":16710,"parent":1683,"menu_order":0,"comment_status":"closed","ping_status":"closed","template":"elementor_header_footer","meta":{"footnotes":""},"tags":[],"doelgroep":[6027,6029],"categorie":[],"class_list":["post-3642","page","type-page","status-publish","has-post-thumbnail","hentry","doelgroep-inwoner","doelgroep-toerist"],"yoast_head":"<!-- This site is optimized with the Yoast SEO Premium plugin v24.7 (Yoast SEO v27.5) - https:\/\/yoast.com\/product\/yoast-seo-premium-wordpress\/ -->\n<title>Fiets langs natuur en maritieme historie in Den Helder<\/title>\n<meta name=\"description\" content=\"Ontdek de groene gordel rondom Den Helder. Bezoek Fort Dirksz. Admiraal, Lange Jaap en het Marinemuseum. Een unieke mix van natuur en maritieme historie.\" \/>\n<meta name=\"robots\" content=\"index, follow, max-snippet:-1, max-image-preview:large, max-video-preview:-1\" \/>\n<link rel=\"canonical\" href=\"https:\/\/denhelder.online\/de\/radfahren-in-den-helder\/entdecken-sie-das-klare-in-seiner-schonsten-form\/\" \/>\n<meta property=\"og:locale\" content=\"de_DE\" \/>\n<meta property=\"og:type\" content=\"article\" \/>\n<meta property=\"og:title\" content=\"Ontdek Den Helder op haar mooist\" \/>\n<meta property=\"og:description\" content=\"Ontdek de groene gordel rondom Den Helder. Bezoek Fort Dirksz. Admiraal, Lange Jaap en het Marinemuseum. Een unieke mix van natuur en maritieme historie.\" \/>\n<meta property=\"og:url\" content=\"https:\/\/denhelder.online\/de\/radfahren-in-den-helder\/entdecken-sie-das-klare-in-seiner-schonsten-form\/\" \/>\n<meta property=\"og:site_name\" content=\"Den Helder Online\" \/>\n<meta property=\"article:modified_time\" content=\"2026-01-15T09:19:44+00:00\" \/>\n<meta property=\"og:image\" content=\"https:\/\/denhelder.online\/wp-content\/uploads\/2025\/12\/Paal-0-Huisduinen-Stephan-Wegman-3-scaled.jpg\" \/>\n\t<meta property=\"og:image:width\" content=\"2560\" \/>\n\t<meta property=\"og:image:height\" content=\"1707\" \/>\n\t<meta property=\"og:image:type\" content=\"image\/jpeg\" \/>\n<meta name=\"twitter:card\" content=\"summary_large_image\" \/>\n<meta name=\"twitter:label1\" content=\"Gesch\u00e4tzte Lesezeit\" \/>\n\t<meta name=\"twitter:data1\" content=\"2\u00a0Minuten\" \/>\n<script type=\"application\/ld+json\" class=\"yoast-schema-graph\">{\"@context\":\"https:\\\/\\\/schema.org\",\"@graph\":[{\"@type\":\"WebPage\",\"@id\":\"https:\\\/\\\/denhelder.online\\\/fietsen\\\/ontdek-den-helder-op-haar-mooist\\\/\",\"url\":\"https:\\\/\\\/denhelder.online\\\/fietsen\\\/ontdek-den-helder-op-haar-mooist\\\/\",\"name\":\"Fiets langs natuur en maritieme historie in Den Helder\",\"isPartOf\":{\"@id\":\"https:\\\/\\\/denhelder.online\\\/#website\"},\"primaryImageOfPage\":{\"@id\":\"https:\\\/\\\/denhelder.online\\\/fietsen\\\/ontdek-den-helder-op-haar-mooist\\\/#primaryimage\"},\"image\":{\"@id\":\"https:\\\/\\\/denhelder.online\\\/fietsen\\\/ontdek-den-helder-op-haar-mooist\\\/#primaryimage\"},\"thumbnailUrl\":\"https:\\\/\\\/denhelder.online\\\/wp-content\\\/uploads\\\/2025\\\/12\\\/Paal-0-Huisduinen-Stephan-Wegman-3-scaled.jpg\",\"datePublished\":\"2025-01-28T12:10:05+00:00\",\"dateModified\":\"2026-01-15T09:19:44+00:00\",\"description\":\"Ontdek de groene gordel rondom Den Helder. Bezoek Fort Dirksz. Admiraal, Lange Jaap en het Marinemuseum. Een unieke mix van natuur en maritieme historie.\",\"breadcrumb\":{\"@id\":\"https:\\\/\\\/denhelder.online\\\/fietsen\\\/ontdek-den-helder-op-haar-mooist\\\/#breadcrumb\"},\"inLanguage\":\"de\",\"potentialAction\":[{\"@type\":\"ReadAction\",\"target\":[\"https:\\\/\\\/denhelder.online\\\/fietsen\\\/ontdek-den-helder-op-haar-mooist\\\/\"]}]},{\"@type\":\"ImageObject\",\"inLanguage\":\"de\",\"@id\":\"https:\\\/\\\/denhelder.online\\\/fietsen\\\/ontdek-den-helder-op-haar-mooist\\\/#primaryimage\",\"url\":\"https:\\\/\\\/denhelder.online\\\/wp-content\\\/uploads\\\/2025\\\/12\\\/Paal-0-Huisduinen-Stephan-Wegman-3-scaled.jpg\",\"contentUrl\":\"https:\\\/\\\/denhelder.online\\\/wp-content\\\/uploads\\\/2025\\\/12\\\/Paal-0-Huisduinen-Stephan-Wegman-3-scaled.jpg\",\"width\":2560,\"height\":1707,\"caption\":\"Paal 0 markeert het begin van de Waddenzee\"},{\"@type\":\"BreadcrumbList\",\"@id\":\"https:\\\/\\\/denhelder.online\\\/fietsen\\\/ontdek-den-helder-op-haar-mooist\\\/#breadcrumb\",\"itemListElement\":[{\"@type\":\"ListItem\",\"position\":1,\"name\":\"Home\",\"item\":\"https:\\\/\\\/denhelder.online\\\/\"},{\"@type\":\"ListItem\",\"position\":2,\"name\":\"Fietsen\",\"item\":\"https:\\\/\\\/denhelder.online\\\/en\\\/cycling-in-den-helder\\\/\"},{\"@type\":\"ListItem\",\"position\":3,\"name\":\"Ontdek Den Helder op haar mooist\"}]},{\"@type\":\"WebSite\",\"@id\":\"https:\\\/\\\/denhelder.online\\\/#website\",\"url\":\"https:\\\/\\\/denhelder.online\\\/\",\"name\":\"Den Helder Online\",\"description\":\"Beleef Den Helder\",\"publisher\":{\"@id\":\"https:\\\/\\\/denhelder.online\\\/#organization\"},\"potentialAction\":[{\"@type\":\"SearchAction\",\"target\":{\"@type\":\"EntryPoint\",\"urlTemplate\":\"https:\\\/\\\/denhelder.online\\\/?s={search_term_string}\"},\"query-input\":{\"@type\":\"PropertyValueSpecification\",\"valueRequired\":true,\"valueName\":\"search_term_string\"}}],\"inLanguage\":\"de\"},{\"@type\":\"Organization\",\"@id\":\"https:\\\/\\\/denhelder.online\\\/#organization\",\"name\":\"Den Helder Online\",\"url\":\"https:\\\/\\\/denhelder.online\\\/\",\"logo\":{\"@type\":\"ImageObject\",\"inLanguage\":\"de\",\"@id\":\"https:\\\/\\\/denhelder.online\\\/#\\\/schema\\\/logo\\\/image\\\/\",\"url\":\"https:\\\/\\\/denhelder.online\\\/wp-content\\\/uploads\\\/2021\\\/12\\\/DitIsDH-Logo-26-tagline.svg\",\"contentUrl\":\"https:\\\/\\\/denhelder.online\\\/wp-content\\\/uploads\\\/2021\\\/12\\\/DitIsDH-Logo-26-tagline.svg\",\"width\":1717.0999999999999,\"height\":934.89999999999998,\"caption\":\"Den Helder Online\"},\"image\":{\"@id\":\"https:\\\/\\\/denhelder.online\\\/#\\\/schema\\\/logo\\\/image\\\/\"}}]}<\/script>\n<!-- \/ Yoast SEO Premium plugin. -->","yoast_head_json":{"title":"Erleben Sie Natur und Seefahrtsgeschichte auf dem Fahrrad in Den Helder","description":"Erkunden Sie den Gr\u00fcng\u00fcrtel rund um Den Helder. Besuchen Sie Fort Dirksz. Admiraal, Lange Jaap und das Marinemuseum. Eine einzigartige Verbindung von Natur und Seefahrtsgeschichte.","robots":{"index":"index","follow":"follow","max-snippet":"max-snippet:-1","max-image-preview":"max-image-preview:large","max-video-preview":"max-video-preview:-1"},"canonical":"https:\/\/denhelder.online\/de\/radfahren-in-den-helder\/entdecken-sie-das-klare-in-seiner-schonsten-form\/","og_locale":"de_DE","og_type":"article","og_title":"Ontdek Den Helder op haar mooist","og_description":"Ontdek de groene gordel rondom Den Helder. Bezoek Fort Dirksz. Admiraal, Lange Jaap en het Marinemuseum. Een unieke mix van natuur en maritieme historie.","og_url":"https:\/\/denhelder.online\/de\/radfahren-in-den-helder\/entdecken-sie-das-klare-in-seiner-schonsten-form\/","og_site_name":"Den Helder Online","article_modified_time":"2026-01-15T09:19:44+00:00","og_image":[{"width":2560,"height":1707,"url":"https:\/\/denhelder.online\/wp-content\/uploads\/2025\/12\/Paal-0-Huisduinen-Stephan-Wegman-3-scaled.jpg","type":"image\/jpeg"}],"twitter_card":"summary_large_image","twitter_misc":{"Gesch\u00e4tzte Lesezeit":"2\u00a0Minuten"},"schema":{"@context":"https:\/\/schema.org","@graph":[{"@type":"WebPage","@id":"https:\/\/denhelder.online\/fietsen\/ontdek-den-helder-op-haar-mooist\/","url":"https:\/\/denhelder.online\/fietsen\/ontdek-den-helder-op-haar-mooist\/","name":"Erleben Sie Natur und Seefahrtsgeschichte auf dem Fahrrad in Den Helder","isPartOf":{"@id":"https:\/\/denhelder.online\/#website"},"primaryImageOfPage":{"@id":"https:\/\/denhelder.online\/fietsen\/ontdek-den-helder-op-haar-mooist\/#primaryimage"},"image":{"@id":"https:\/\/denhelder.online\/fietsen\/ontdek-den-helder-op-haar-mooist\/#primaryimage"},"thumbnailUrl":"https:\/\/denhelder.online\/wp-content\/uploads\/2025\/12\/Paal-0-Huisduinen-Stephan-Wegman-3-scaled.jpg","datePublished":"2025-01-28T12:10:05+00:00","dateModified":"2026-01-15T09:19:44+00:00","description":"Erkunden Sie den Gr\u00fcng\u00fcrtel rund um Den Helder. Besuchen Sie Fort Dirksz. Admiraal, Lange Jaap und das Marinemuseum. Eine einzigartige Verbindung von Natur und Seefahrtsgeschichte.","breadcrumb":{"@id":"https:\/\/denhelder.online\/fietsen\/ontdek-den-helder-op-haar-mooist\/#breadcrumb"},"inLanguage":"de","potentialAction":[{"@type":"ReadAction","target":["https:\/\/denhelder.online\/fietsen\/ontdek-den-helder-op-haar-mooist\/"]}]},{"@type":"ImageObject","inLanguage":"de","@id":"https:\/\/denhelder.online\/fietsen\/ontdek-den-helder-op-haar-mooist\/#primaryimage","url":"https:\/\/denhelder.online\/wp-content\/uploads\/2025\/12\/Paal-0-Huisduinen-Stephan-Wegman-3-scaled.jpg","contentUrl":"https:\/\/denhelder.online\/wp-content\/uploads\/2025\/12\/Paal-0-Huisduinen-Stephan-Wegman-3-scaled.jpg","width":2560,"height":1707,"caption":"Paal 0 markeert het begin van de Waddenzee"},{"@type":"BreadcrumbList","@id":"https:\/\/denhelder.online\/fietsen\/ontdek-den-helder-op-haar-mooist\/#breadcrumb","itemListElement":[{"@type":"ListItem","position":1,"name":"Home","item":"https:\/\/denhelder.online\/"},{"@type":"ListItem","position":2,"name":"Fietsen","item":"https:\/\/denhelder.online\/en\/cycling-in-den-helder\/"},{"@type":"ListItem","position":3,"name":"Ontdek Den Helder op haar mooist"}]},{"@type":"WebSite","@id":"https:\/\/denhelder.online\/#website","url":"https:\/\/denhelder.online\/","name":"Den Helder Online","description":"Erleben Sie Den Helder","publisher":{"@id":"https:\/\/denhelder.online\/#organization"},"potentialAction":[{"@type":"SearchAction","target":{"@type":"EntryPoint","urlTemplate":"https:\/\/denhelder.online\/?s={search_term_string}"},"query-input":{"@type":"PropertyValueSpecification","valueRequired":true,"valueName":"search_term_string"}}],"inLanguage":"de"},{"@type":"Organization","@id":"https:\/\/denhelder.online\/#organization","name":"Den Helder Online","url":"https:\/\/denhelder.online\/","logo":{"@type":"ImageObject","inLanguage":"de","@id":"https:\/\/denhelder.online\/#\/schema\/logo\/image\/","url":"https:\/\/denhelder.online\/wp-content\/uploads\/2021\/12\/DitIsDH-Logo-26-tagline.svg","contentUrl":"https:\/\/denhelder.online\/wp-content\/uploads\/2021\/12\/DitIsDH-Logo-26-tagline.svg","width":1717.0999999999999,"height":934.89999999999998,"caption":"Den Helder Online"},"image":{"@id":"https:\/\/denhelder.online\/#\/schema\/logo\/image\/"}}]}},"_links":{"self":[{"href":"https:\/\/denhelder.online\/de\/wp-json\/wp\/v2\/pages\/3642","targetHints":{"allow":["GET"]}}],"collection":[{"href":"https:\/\/denhelder.online\/de\/wp-json\/wp\/v2\/pages"}],"about":[{"href":"https:\/\/denhelder.online\/de\/wp-json\/wp\/v2\/types\/page"}],"author":[{"embeddable":true,"href":"https:\/\/denhelder.online\/de\/wp-json\/wp\/v2\/users\/17"}],"replies":[{"embeddable":true,"href":"https:\/\/denhelder.online\/de\/wp-json\/wp\/v2\/comments?post=3642"}],"version-history":[{"count":0,"href":"https:\/\/denhelder.online\/de\/wp-json\/wp\/v2\/pages\/3642\/revisions"}],"up":[{"embeddable":true,"href":"https:\/\/denhelder.online\/de\/wp-json\/wp\/v2\/pages\/1683"}],"wp:featuredmedia":[{"embeddable":true,"href":"https:\/\/denhelder.online\/de\/wp-json\/wp\/v2\/media\/16710"}],"wp:attachment":[{"href":"https:\/\/denhelder.online\/de\/wp-json\/wp\/v2\/media?parent=3642"}],"wp:term":[{"taxonomy":"post_tag","embeddable":true,"href":"https:\/\/denhelder.online\/de\/wp-json\/wp\/v2\/tags?post=3642"},{"taxonomy":"doelgroep","embeddable":true,"href":"https:\/\/denhelder.online\/de\/wp-json\/wp\/v2\/doelgroep?post=3642"},{"taxonomy":"categorie","embeddable":true,"href":"https:\/\/denhelder.online\/de\/wp-json\/wp\/v2\/categorie?post=3642"}],"curies":[{"name":"wp","href":"https:\/\/api.w.org\/{rel}","templated":true}]}}