{"id":365,"date":"2024-11-25T15:26:19","date_gmt":"2024-11-25T14:26:19","guid":{"rendered":"https:\/\/denhelder.online\/?page_id=365"},"modified":"2026-01-19T15:52:50","modified_gmt":"2026-01-19T14:52:50","slug":"essen-und-trinken-2","status":"publish","type":"page","link":"https:\/\/denhelder.online\/de\/eten-en-drinken\/","title":{"rendered":"Essen und Trinken"},"content":{"rendered":"","protected":false},"excerpt":{"rendered":"","protected":false},"author":4,"featured_media":17952,"parent":0,"menu_order":3,"comment_status":"closed","ping_status":"closed","template":"","meta":{"footnotes":""},"tags":[],"doelgroep":[6027,6029],"categorie":[],"class_list":["post-365","page","type-page","status-publish","has-post-thumbnail","hentry","doelgroep-inwoner","doelgroep-toerist"],"yoast_head":"<!-- This site is optimized with the Yoast SEO Premium plugin v24.7 (Yoast SEO v27.3) - https:\/\/yoast.com\/product\/yoast-seo-premium-wordpress\/ -->\n<title>Eten &amp; drinken in Den Helder | Van strandpaviljoen tot restaurant<\/title>\n<meta name=\"description\" content=\"Ontdek eten en drinken in Den Helder: gezellige caf\u00e9s, goede restaurants, strandpaviljoens en lokale hotspots.\" \/>\n<meta name=\"robots\" content=\"index, follow, max-snippet:-1, max-image-preview:large, max-video-preview:-1\" \/>\n<link rel=\"canonical\" href=\"https:\/\/denhelder.online\/de\/essen-und-trinken-2\/\" \/>\n<meta property=\"og:locale\" content=\"de_DE\" \/>\n<meta property=\"og:type\" content=\"article\" \/>\n<meta property=\"og:title\" content=\"Eten en drinken\" \/>\n<meta property=\"og:description\" content=\"Ontdek eten en drinken in Den Helder: gezellige caf\u00e9s, goede restaurants, strandpaviljoens en lokale hotspots.\" \/>\n<meta property=\"og:url\" content=\"https:\/\/denhelder.online\/de\/essen-und-trinken-2\/\" \/>\n<meta property=\"og:site_name\" content=\"Den Helder Online\" \/>\n<meta property=\"article:modified_time\" content=\"2026-01-19T14:52:50+00:00\" \/>\n<meta property=\"og:image\" content=\"https:\/\/denhelder.online\/wp-content\/uploads\/2026\/01\/blauwe-hap.jpg\" \/>\n\t<meta property=\"og:image:width\" content=\"960\" \/>\n\t<meta property=\"og:image:height\" content=\"640\" \/>\n\t<meta property=\"og:image:type\" content=\"image\/jpeg\" \/>\n<meta name=\"twitter:card\" content=\"summary_large_image\" \/>\n<meta name=\"twitter:label1\" content=\"Gesch\u00e4tzte Lesezeit\" \/>\n\t<meta name=\"twitter:data1\" content=\"1\u00a0Minute\" \/>\n<script type=\"application\/ld+json\" class=\"yoast-schema-graph\">{\"@context\":\"https:\\\/\\\/schema.org\",\"@graph\":[{\"@type\":\"WebPage\",\"@id\":\"https:\\\/\\\/denhelder.online\\\/eten-en-drinken\\\/\",\"url\":\"https:\\\/\\\/denhelder.online\\\/eten-en-drinken\\\/\",\"name\":\"Eten & drinken in Den Helder | Van strandpaviljoen tot restaurant\",\"isPartOf\":{\"@id\":\"https:\\\/\\\/denhelder.online\\\/#website\"},\"primaryImageOfPage\":{\"@id\":\"https:\\\/\\\/denhelder.online\\\/eten-en-drinken\\\/#primaryimage\"},\"image\":{\"@id\":\"https:\\\/\\\/denhelder.online\\\/eten-en-drinken\\\/#primaryimage\"},\"thumbnailUrl\":\"https:\\\/\\\/denhelder.online\\\/wp-content\\\/uploads\\\/2026\\\/01\\\/blauwe-hap.jpg\",\"datePublished\":\"2024-11-25T14:26:19+00:00\",\"dateModified\":\"2026-01-19T14:52:50+00:00\",\"description\":\"Ontdek eten en drinken in Den Helder: gezellige caf\u00e9s, goede restaurants, strandpaviljoens en lokale hotspots.\",\"breadcrumb\":{\"@id\":\"https:\\\/\\\/denhelder.online\\\/eten-en-drinken\\\/#breadcrumb\"},\"inLanguage\":\"de\",\"potentialAction\":[{\"@type\":\"ReadAction\",\"target\":[\"https:\\\/\\\/denhelder.online\\\/eten-en-drinken\\\/\"]}]},{\"@type\":\"ImageObject\",\"inLanguage\":\"de\",\"@id\":\"https:\\\/\\\/denhelder.online\\\/eten-en-drinken\\\/#primaryimage\",\"url\":\"https:\\\/\\\/denhelder.online\\\/wp-content\\\/uploads\\\/2026\\\/01\\\/blauwe-hap.jpg\",\"contentUrl\":\"https:\\\/\\\/denhelder.online\\\/wp-content\\\/uploads\\\/2026\\\/01\\\/blauwe-hap.jpg\",\"width\":960,\"height\":640,\"caption\":\"Blauwe hap een echte marine traditie\"},{\"@type\":\"BreadcrumbList\",\"@id\":\"https:\\\/\\\/denhelder.online\\\/eten-en-drinken\\\/#breadcrumb\",\"itemListElement\":[{\"@type\":\"ListItem\",\"position\":1,\"name\":\"Home\",\"item\":\"https:\\\/\\\/denhelder.online\\\/\"},{\"@type\":\"ListItem\",\"position\":2,\"name\":\"Eten en drinken\"}]},{\"@type\":\"WebSite\",\"@id\":\"https:\\\/\\\/denhelder.online\\\/#website\",\"url\":\"https:\\\/\\\/denhelder.online\\\/\",\"name\":\"Den Helder Online\",\"description\":\"Beleef Den Helder\",\"publisher\":{\"@id\":\"https:\\\/\\\/denhelder.online\\\/#organization\"},\"potentialAction\":[{\"@type\":\"SearchAction\",\"target\":{\"@type\":\"EntryPoint\",\"urlTemplate\":\"https:\\\/\\\/denhelder.online\\\/?s={search_term_string}\"},\"query-input\":{\"@type\":\"PropertyValueSpecification\",\"valueRequired\":true,\"valueName\":\"search_term_string\"}}],\"inLanguage\":\"de\"},{\"@type\":\"Organization\",\"@id\":\"https:\\\/\\\/denhelder.online\\\/#organization\",\"name\":\"Den Helder Online\",\"url\":\"https:\\\/\\\/denhelder.online\\\/\",\"logo\":{\"@type\":\"ImageObject\",\"inLanguage\":\"de\",\"@id\":\"https:\\\/\\\/denhelder.online\\\/#\\\/schema\\\/logo\\\/image\\\/\",\"url\":\"https:\\\/\\\/denhelder.online\\\/wp-content\\\/uploads\\\/2021\\\/12\\\/DitIsDH-Logo-26-tagline.svg\",\"contentUrl\":\"https:\\\/\\\/denhelder.online\\\/wp-content\\\/uploads\\\/2021\\\/12\\\/DitIsDH-Logo-26-tagline.svg\",\"width\":1717.0999999999999,\"height\":934.89999999999998,\"caption\":\"Den Helder Online\"},\"image\":{\"@id\":\"https:\\\/\\\/denhelder.online\\\/#\\\/schema\\\/logo\\\/image\\\/\"}}]}<\/script>\n<!-- \/ Yoast SEO Premium plugin. -->","yoast_head_json":{"title":"Essen &amp; Trinken in Den Helder | Vom Strandpavillon bis zum Restaurant","description":"Entdecken Sie Speisen und Getr\u00e4nke in Den Helder: gem\u00fctliche Caf\u00e9s, gute Restaurants, Strandpavillons und lokale Hotspots.","robots":{"index":"index","follow":"follow","max-snippet":"max-snippet:-1","max-image-preview":"max-image-preview:large","max-video-preview":"max-video-preview:-1"},"canonical":"https:\/\/denhelder.online\/de\/essen-und-trinken-2\/","og_locale":"de_DE","og_type":"article","og_title":"Eten en drinken","og_description":"Ontdek eten en drinken in Den Helder: gezellige caf\u00e9s, goede restaurants, strandpaviljoens en lokale hotspots.","og_url":"https:\/\/denhelder.online\/de\/essen-und-trinken-2\/","og_site_name":"Den Helder Online","article_modified_time":"2026-01-19T14:52:50+00:00","og_image":[{"width":960,"height":640,"url":"https:\/\/denhelder.online\/wp-content\/uploads\/2026\/01\/blauwe-hap.jpg","type":"image\/jpeg"}],"twitter_card":"summary_large_image","twitter_misc":{"Gesch\u00e4tzte Lesezeit":"1\u00a0Minute"},"schema":{"@context":"https:\/\/schema.org","@graph":[{"@type":"WebPage","@id":"https:\/\/denhelder.online\/eten-en-drinken\/","url":"https:\/\/denhelder.online\/eten-en-drinken\/","name":"Essen &amp; Trinken in Den Helder | Vom Strandpavillon bis zum Restaurant","isPartOf":{"@id":"https:\/\/denhelder.online\/#website"},"primaryImageOfPage":{"@id":"https:\/\/denhelder.online\/eten-en-drinken\/#primaryimage"},"image":{"@id":"https:\/\/denhelder.online\/eten-en-drinken\/#primaryimage"},"thumbnailUrl":"https:\/\/denhelder.online\/wp-content\/uploads\/2026\/01\/blauwe-hap.jpg","datePublished":"2024-11-25T14:26:19+00:00","dateModified":"2026-01-19T14:52:50+00:00","description":"Entdecken Sie Speisen und Getr\u00e4nke in Den Helder: gem\u00fctliche Caf\u00e9s, gute Restaurants, Strandpavillons und lokale Hotspots.","breadcrumb":{"@id":"https:\/\/denhelder.online\/eten-en-drinken\/#breadcrumb"},"inLanguage":"de","potentialAction":[{"@type":"ReadAction","target":["https:\/\/denhelder.online\/eten-en-drinken\/"]}]},{"@type":"ImageObject","inLanguage":"de","@id":"https:\/\/denhelder.online\/eten-en-drinken\/#primaryimage","url":"https:\/\/denhelder.online\/wp-content\/uploads\/2026\/01\/blauwe-hap.jpg","contentUrl":"https:\/\/denhelder.online\/wp-content\/uploads\/2026\/01\/blauwe-hap.jpg","width":960,"height":640,"caption":"Blauwe hap een echte marine traditie"},{"@type":"BreadcrumbList","@id":"https:\/\/denhelder.online\/eten-en-drinken\/#breadcrumb","itemListElement":[{"@type":"ListItem","position":1,"name":"Home","item":"https:\/\/denhelder.online\/"},{"@type":"ListItem","position":2,"name":"Eten en drinken"}]},{"@type":"WebSite","@id":"https:\/\/denhelder.online\/#website","url":"https:\/\/denhelder.online\/","name":"Den Helder Online","description":"Erleben Sie Den Helder","publisher":{"@id":"https:\/\/denhelder.online\/#organization"},"potentialAction":[{"@type":"SearchAction","target":{"@type":"EntryPoint","urlTemplate":"https:\/\/denhelder.online\/?s={search_term_string}"},"query-input":{"@type":"PropertyValueSpecification","valueRequired":true,"valueName":"search_term_string"}}],"inLanguage":"de"},{"@type":"Organization","@id":"https:\/\/denhelder.online\/#organization","name":"Den Helder Online","url":"https:\/\/denhelder.online\/","logo":{"@type":"ImageObject","inLanguage":"de","@id":"https:\/\/denhelder.online\/#\/schema\/logo\/image\/","url":"https:\/\/denhelder.online\/wp-content\/uploads\/2021\/12\/DitIsDH-Logo-26-tagline.svg","contentUrl":"https:\/\/denhelder.online\/wp-content\/uploads\/2021\/12\/DitIsDH-Logo-26-tagline.svg","width":1717.0999999999999,"height":934.89999999999998,"caption":"Den Helder Online"},"image":{"@id":"https:\/\/denhelder.online\/#\/schema\/logo\/image\/"}}]}},"_links":{"self":[{"href":"https:\/\/denhelder.online\/de\/wp-json\/wp\/v2\/pages\/365","targetHints":{"allow":["GET"]}}],"collection":[{"href":"https:\/\/denhelder.online\/de\/wp-json\/wp\/v2\/pages"}],"about":[{"href":"https:\/\/denhelder.online\/de\/wp-json\/wp\/v2\/types\/page"}],"author":[{"embeddable":true,"href":"https:\/\/denhelder.online\/de\/wp-json\/wp\/v2\/users\/4"}],"replies":[{"embeddable":true,"href":"https:\/\/denhelder.online\/de\/wp-json\/wp\/v2\/comments?post=365"}],"version-history":[{"count":0,"href":"https:\/\/denhelder.online\/de\/wp-json\/wp\/v2\/pages\/365\/revisions"}],"wp:featuredmedia":[{"embeddable":true,"href":"https:\/\/denhelder.online\/de\/wp-json\/wp\/v2\/media\/17952"}],"wp:attachment":[{"href":"https:\/\/denhelder.online\/de\/wp-json\/wp\/v2\/media?parent=365"}],"wp:term":[{"taxonomy":"post_tag","embeddable":true,"href":"https:\/\/denhelder.online\/de\/wp-json\/wp\/v2\/tags?post=365"},{"taxonomy":"doelgroep","embeddable":true,"href":"https:\/\/denhelder.online\/de\/wp-json\/wp\/v2\/doelgroep?post=365"},{"taxonomy":"categorie","embeddable":true,"href":"https:\/\/denhelder.online\/de\/wp-json\/wp\/v2\/categorie?post=365"}],"curies":[{"name":"wp","href":"https:\/\/api.w.org\/{rel}","templated":true}]}}