{"id":3650,"date":"2025-01-28T13:17:31","date_gmt":"2025-01-28T12:17:31","guid":{"rendered":"https:\/\/denhelder.online\/?page_id=3650"},"modified":"2026-01-15T09:24:15","modified_gmt":"2026-01-15T08:24:15","slug":"die-dunen-in-der-nahe-von-den-helder","status":"publish","type":"page","link":"https:\/\/denhelder.online\/de\/fietsen\/de-duinen-bij-den-helder\/","title":{"rendered":"Radfahren am Wasser"},"content":{"rendered":"<div data-elementor-type=\"wp-page\" data-elementor-id=\"3650\" class=\"elementor elementor-3650\" data-elementor-post-type=\"page\">\n\t\t\t\t<div class=\"elementor-element elementor-element-5ce67c4d e-flex e-con-boxed e-con e-parent\" data-id=\"5ce67c4d\" data-element_type=\"container\" data-e-type=\"container\" data-settings=\"{&quot;jet_parallax_layout_list&quot;:[]}\">\n\t\t\t\t\t<div class=\"e-con-inner\">\n\t\t<div class=\"elementor-element elementor-element-4c6148b7 e-con-full e-flex e-con e-child\" data-id=\"4c6148b7\" data-element_type=\"container\" data-e-type=\"container\" data-settings=\"{&quot;jet_parallax_layout_list&quot;:[]}\">\n\t\t\t\t<div class=\"elementor-element elementor-element-15d32fbe elementor-widget__width-inherit elementor-widget elementor-widget-heading\" data-id=\"15d32fbe\" data-element_type=\"widget\" data-e-type=\"widget\" data-widget_type=\"heading.default\">\n\t\t\t\t<div class=\"elementor-widget-container\">\n\t\t\t\t\t<h1 class=\"elementor-heading-title elementor-size-default\">Radfahren am Wasser<\/h1>\t\t\t\t<\/div>\n\t\t\t\t<\/div>\n\t\t\t\t<div class=\"elementor-element elementor-element-6b3d30a4 elementor-widget elementor-widget-text-editor\" data-id=\"6b3d30a4\" data-element_type=\"widget\" data-e-type=\"widget\" data-widget_type=\"text-editor.default\">\n\t\t\t\t<div class=\"elementor-widget-container\">\n\t\t\t\t\t\t\t\t\t<p><strong>Liebst du es, am Wasser entlang zu radeln? Dann ist diese Route perfekt f\u00fcr dich.<\/strong><br \/>Der Kop van Noord-Holland ist an drei Seiten vom Meer umgeben. Hier radeln Sie mit einer frischen Meeresbrise im Gesicht und genie\u00dfen den endlosen Horizont. Die Route verbindet die salzige Seeluft mit historischen Sehensw\u00fcrdigkeiten rund um Den Helder.<\/p><p><strong>Ausgangspunkt: der Port von Den Helder<\/strong><br \/>Die Route beginnt im Hafen von Den Helder, einem lebendigen Viertel mit reicher Seefahrtsgeschichte. Hier k\u00f6nnen Sie vor Ihrer Tour das Marinemuseum besuchen. Erfahren Sie mehr \u00fcber die Vergangenheit und Gegenwart der niederl\u00e4ndischen Marine und bewundern Sie die beeindruckenden Museumsschiffe. Vom Hafen aus radeln Sie in Richtung der D\u00fcnen, wo die Natur zum Entspannen und Genie\u00dfen einl\u00e4dt.<\/p><p><strong>Leuchtturm Lange Jaap: ein ikonisches Leuchtfeuer<\/strong><br \/>In den D\u00fcnen passieren Sie den Leuchtturm Lange Jaap, ein fast 64 Meter hohes historisches Denkmal. Errichtet im Jahr 1877, diente er einst der Schifffahrt als Orientierungspunkt, befeuert mit Holz und Kohle. Er ist ein beeindruckendes Beispiel maritimer Ingenieurskunst und ein wundersch\u00f6ner Anblick inmitten der D\u00fcnenlandschaft.<\/p><p><strong>Endloses Radfahren entlang der K\u00fcste<\/strong><br \/>Nach Ihrem Besuch in Lange Jaap radeln Sie durch die D\u00fcnen und entlang der K\u00fcste. Genie\u00dfen Sie den herrlichen Meerblick und das beruhigende Rauschen der Wellen. Diese Route bietet eine einzigartige Kombination aus maritimer Geschichte und Natur \u2013 ideal f\u00fcr alle, die gerne in einer entspannten und inspirierenden Umgebung Rad fahren.<\/p>\t\t\t\t\t\t\t\t<\/div>\n\t\t\t\t<\/div>\n\t\t<div class=\"elementor-element elementor-element-9b21cce e-con-full e-flex e-con e-child\" data-id=\"9b21cce\" data-element_type=\"container\" data-e-type=\"container\" data-settings=\"{&quot;jet_parallax_layout_list&quot;:[]}\">\n\t\t\t\t<div class=\"elementor-element elementor-element-2e0c898f elementor-mobile-align-justify elementor-widget-mobile__width-inherit elementor-tablet-align-justify elementor-widget elementor-widget-button\" data-id=\"2e0c898f\" data-element_type=\"widget\" data-e-type=\"widget\" data-widget_type=\"button.default\">\n\t\t\t\t<div class=\"elementor-widget-container\">\n\t\t\t\t\t\t\t\t\t<div class=\"elementor-button-wrapper\">\n\t\t\t\t\t<a class=\"elementor-button elementor-button-link elementor-size-sm\" href=\"#\">\n\t\t\t\t\t\t<span class=\"elementor-button-content-wrapper\">\n\t\t\t\t\t\t<span class=\"elementor-button-icon\">\n\t\t\t\t<i aria-hidden=\"true\" class=\"fas fa-chevron-right\"><\/i>\t\t\t<\/span>\n\t\t\t\t\t\t\t\t\t<span class=\"elementor-button-text\">Prim\u00e4re Schaltfl\u00e4che<\/span>\n\t\t\t\t\t<\/span>\n\t\t\t\t\t<\/a>\n\t\t\t\t<\/div>\n\t\t\t\t\t\t\t\t<\/div>\n\t\t\t\t<\/div>\n\t\t\t\t<div class=\"elementor-element elementor-element-b38a046 elementor-mobile-align-justify elementor-widget-mobile__width-inherit elementor-tablet-align-justify elementor-widget elementor-widget-button\" data-id=\"b38a046\" data-element_type=\"widget\" data-e-type=\"widget\" data-widget_type=\"button.default\">\n\t\t\t\t<div class=\"elementor-widget-container\">\n\t\t\t\t\t\t\t\t\t<div class=\"elementor-button-wrapper\">\n\t\t\t\t\t<a class=\"elementor-button elementor-button-link elementor-size-sm\" href=\"#\">\n\t\t\t\t\t\t<span class=\"elementor-button-content-wrapper\">\n\t\t\t\t\t\t<span class=\"elementor-button-icon\">\n\t\t\t\t<i aria-hidden=\"true\" class=\"fas fa-chevron-right\"><\/i>\t\t\t<\/span>\n\t\t\t\t\t\t\t\t\t<span class=\"elementor-button-text\">Sekund\u00e4rtaste<\/span>\n\t\t\t\t\t<\/span>\n\t\t\t\t\t<\/a>\n\t\t\t\t<\/div>\n\t\t\t\t\t\t\t\t<\/div>\n\t\t\t\t<\/div>\n\t\t\t\t<\/div>\n\t\t\t\t<\/div>\n\t\t<div class=\"elementor-element elementor-element-6788193e e-con-full e-flex e-con e-child\" data-id=\"6788193e\" data-element_type=\"container\" data-e-type=\"container\" data-settings=\"{&quot;jet_parallax_layout_list&quot;:[]}\">\n\t\t\t\t<div class=\"elementor-element elementor-element-1216e4e1 elementor-widget elementor-widget-image\" data-id=\"1216e4e1\" data-element_type=\"widget\" data-e-type=\"widget\" data-widget_type=\"image.default\">\n\t\t\t\t<div class=\"elementor-widget-container\">\n\t\t\t\t\t\t\t\t\t\t\t\t\t\t\t<img fetchpriority=\"high\" decoding=\"async\" width=\"800\" height=\"534\" src=\"https:\/\/denhelder.online\/wp-content\/uploads\/2025\/01\/Den-Helder-haven-FJ0T6820-1024x683.jpg\" class=\"attachment-large size-large wp-image-3653\" alt=\"Hafenwasserradweg Den Helder\" srcset=\"https:\/\/denhelder.online\/wp-content\/uploads\/2025\/01\/Den-Helder-haven-FJ0T6820-1024x683.jpg 1024w, https:\/\/denhelder.online\/wp-content\/uploads\/2025\/01\/Den-Helder-haven-FJ0T6820-300x200.jpg 300w, https:\/\/denhelder.online\/wp-content\/uploads\/2025\/01\/Den-Helder-haven-FJ0T6820-768x512.jpg 768w, https:\/\/denhelder.online\/wp-content\/uploads\/2025\/01\/Den-Helder-haven-FJ0T6820-1536x1024.jpg 1536w, https:\/\/denhelder.online\/wp-content\/uploads\/2025\/01\/Den-Helder-haven-FJ0T6820-2048x1365.jpg 2048w, https:\/\/denhelder.online\/wp-content\/uploads\/2025\/01\/Den-Helder-haven-FJ0T6820-600x400.jpg 600w\" sizes=\"(max-width: 800px) 100vw, 800px\" \/>\t\t\t\t\t\t\t\t\t\t\t\t\t\t\t<\/div>\n\t\t\t\t<\/div>\n\t\t\t\t<\/div>\n\t\t\t\t\t<\/div>\n\t\t\t\t<\/div>\n\t\t\t\t<\/div>","protected":false},"excerpt":{"rendered":"<p>Fietsen langs het water Houd je van fietsen langs het water? Dan is deze route perfect voor jou. De Kop van Noord-Holland wordt aan drie kanten omringd door de zee. Je fietst hier met een frisse zeebries in je gezicht en uitzicht op de eindeloze horizon. De route combineert de zilte zeelucht met historische hoogtepunten [&hellip;]<\/p>\n","protected":false},"author":17,"featured_media":10931,"parent":1683,"menu_order":0,"comment_status":"closed","ping_status":"closed","template":"elementor_header_footer","meta":{"footnotes":""},"tags":[],"doelgroep":[],"categorie":[],"class_list":["post-3650","page","type-page","status-publish","has-post-thumbnail","hentry"],"yoast_head":"<!-- This site is optimized with the Yoast SEO Premium plugin v24.7 (Yoast SEO v27.5) - https:\/\/yoast.com\/product\/yoast-seo-premium-wordpress\/ -->\n<title>Fietsen in de Kop van Noord-Holland: zee &amp; historie<\/title>\n<meta name=\"description\" content=\"Fiets door de haven van Den Helder, langs vuurtoren Lange Jaap en geniet van de zilte zeelucht en prachtige kustlandschappen.\" \/>\n<meta name=\"robots\" content=\"index, follow, max-snippet:-1, max-image-preview:large, max-video-preview:-1\" \/>\n<link rel=\"canonical\" href=\"https:\/\/denhelder.online\/de\/radfahren-in-den-helder\/die-dunen-in-der-nahe-von-den-helder\/\" \/>\n<meta property=\"og:locale\" content=\"de_DE\" \/>\n<meta property=\"og:type\" content=\"article\" \/>\n<meta property=\"og:title\" content=\"Fiets langs het water\" \/>\n<meta property=\"og:description\" content=\"Fiets door de haven van Den Helder, langs vuurtoren Lange Jaap en geniet van de zilte zeelucht en prachtige kustlandschappen.\" \/>\n<meta property=\"og:url\" content=\"https:\/\/denhelder.online\/de\/radfahren-in-den-helder\/die-dunen-in-der-nahe-von-den-helder\/\" \/>\n<meta property=\"og:site_name\" content=\"Den Helder Online\" \/>\n<meta property=\"article:modified_time\" content=\"2026-01-15T08:24:15+00:00\" \/>\n<meta property=\"og:image\" content=\"https:\/\/denhelder.online\/wp-content\/uploads\/2025\/04\/Luchtfoto-Den-Helder.jpg\" \/>\n\t<meta property=\"og:image:width\" content=\"1502\" \/>\n\t<meta property=\"og:image:height\" content=\"543\" \/>\n\t<meta property=\"og:image:type\" content=\"image\/jpeg\" \/>\n<meta name=\"twitter:card\" content=\"summary_large_image\" \/>\n<meta name=\"twitter:label1\" content=\"Gesch\u00e4tzte Lesezeit\" \/>\n\t<meta name=\"twitter:data1\" content=\"2\u00a0Minuten\" \/>\n<script type=\"application\/ld+json\" class=\"yoast-schema-graph\">{\"@context\":\"https:\\\/\\\/schema.org\",\"@graph\":[{\"@type\":\"WebPage\",\"@id\":\"https:\\\/\\\/denhelder.online\\\/en\\\/cycling-in-den-helder\\\/the-dunes-near-den-helder\\\/\",\"url\":\"https:\\\/\\\/denhelder.online\\\/en\\\/cycling-in-den-helder\\\/the-dunes-near-den-helder\\\/\",\"name\":\"Fietsen in de Kop van Noord-Holland: zee & historie\",\"isPartOf\":{\"@id\":\"https:\\\/\\\/denhelder.online\\\/#website\"},\"primaryImageOfPage\":{\"@id\":\"https:\\\/\\\/denhelder.online\\\/en\\\/cycling-in-den-helder\\\/the-dunes-near-den-helder\\\/#primaryimage\"},\"image\":{\"@id\":\"https:\\\/\\\/denhelder.online\\\/en\\\/cycling-in-den-helder\\\/the-dunes-near-den-helder\\\/#primaryimage\"},\"thumbnailUrl\":\"https:\\\/\\\/denhelder.online\\\/wp-content\\\/uploads\\\/2025\\\/04\\\/Luchtfoto-Den-Helder.jpg\",\"datePublished\":\"2025-01-28T12:17:31+00:00\",\"dateModified\":\"2026-01-15T08:24:15+00:00\",\"description\":\"Fiets door de haven van Den Helder, langs vuurtoren Lange Jaap en geniet van de zilte zeelucht en prachtige kustlandschappen.\",\"breadcrumb\":{\"@id\":\"https:\\\/\\\/denhelder.online\\\/en\\\/cycling-in-den-helder\\\/the-dunes-near-den-helder\\\/#breadcrumb\"},\"inLanguage\":\"de\",\"potentialAction\":[{\"@type\":\"ReadAction\",\"target\":[\"https:\\\/\\\/denhelder.online\\\/en\\\/cycling-in-den-helder\\\/the-dunes-near-den-helder\\\/\"]}]},{\"@type\":\"ImageObject\",\"inLanguage\":\"de\",\"@id\":\"https:\\\/\\\/denhelder.online\\\/en\\\/cycling-in-den-helder\\\/the-dunes-near-den-helder\\\/#primaryimage\",\"url\":\"https:\\\/\\\/denhelder.online\\\/wp-content\\\/uploads\\\/2025\\\/04\\\/Luchtfoto-Den-Helder.jpg\",\"contentUrl\":\"https:\\\/\\\/denhelder.online\\\/wp-content\\\/uploads\\\/2025\\\/04\\\/Luchtfoto-Den-Helder.jpg\",\"width\":1502,\"height\":543,\"caption\":\"Luchtfoto Den Helder vanaf Kaaphoofd\"},{\"@type\":\"BreadcrumbList\",\"@id\":\"https:\\\/\\\/denhelder.online\\\/en\\\/cycling-in-den-helder\\\/the-dunes-near-den-helder\\\/#breadcrumb\",\"itemListElement\":[{\"@type\":\"ListItem\",\"position\":1,\"name\":\"Home\",\"item\":\"https:\\\/\\\/denhelder.online\\\/\"},{\"@type\":\"ListItem\",\"position\":2,\"name\":\"Fietsen\",\"item\":\"https:\\\/\\\/denhelder.online\\\/en\\\/cycling-in-den-helder\\\/\"},{\"@type\":\"ListItem\",\"position\":3,\"name\":\"Fiets langs het water\"}]},{\"@type\":\"WebSite\",\"@id\":\"https:\\\/\\\/denhelder.online\\\/#website\",\"url\":\"https:\\\/\\\/denhelder.online\\\/\",\"name\":\"Den Helder Online\",\"description\":\"Beleef Den Helder\",\"publisher\":{\"@id\":\"https:\\\/\\\/denhelder.online\\\/#organization\"},\"potentialAction\":[{\"@type\":\"SearchAction\",\"target\":{\"@type\":\"EntryPoint\",\"urlTemplate\":\"https:\\\/\\\/denhelder.online\\\/?s={search_term_string}\"},\"query-input\":{\"@type\":\"PropertyValueSpecification\",\"valueRequired\":true,\"valueName\":\"search_term_string\"}}],\"inLanguage\":\"de\"},{\"@type\":\"Organization\",\"@id\":\"https:\\\/\\\/denhelder.online\\\/#organization\",\"name\":\"Den Helder Online\",\"url\":\"https:\\\/\\\/denhelder.online\\\/\",\"logo\":{\"@type\":\"ImageObject\",\"inLanguage\":\"de\",\"@id\":\"https:\\\/\\\/denhelder.online\\\/#\\\/schema\\\/logo\\\/image\\\/\",\"url\":\"https:\\\/\\\/denhelder.online\\\/wp-content\\\/uploads\\\/2021\\\/12\\\/DitIsDH-Logo-26-tagline.svg\",\"contentUrl\":\"https:\\\/\\\/denhelder.online\\\/wp-content\\\/uploads\\\/2021\\\/12\\\/DitIsDH-Logo-26-tagline.svg\",\"width\":1717.0999999999999,\"height\":934.89999999999998,\"caption\":\"Den Helder Online\"},\"image\":{\"@id\":\"https:\\\/\\\/denhelder.online\\\/#\\\/schema\\\/logo\\\/image\\\/\"}}]}<\/script>\n<!-- \/ Yoast SEO Premium plugin. -->","yoast_head_json":{"title":"Radfahren im Kop van Noord-Holland: Meer und Geschichte","description":"Radeln Sie durch den Hafen von Den Helder, vorbei am Leuchtturm Lange Jaap, und genie\u00dfen Sie die salzige Seeluft und die wundersch\u00f6ne K\u00fcstenlandschaft.","robots":{"index":"index","follow":"follow","max-snippet":"max-snippet:-1","max-image-preview":"max-image-preview:large","max-video-preview":"max-video-preview:-1"},"canonical":"https:\/\/denhelder.online\/de\/radfahren-in-den-helder\/die-dunen-in-der-nahe-von-den-helder\/","og_locale":"de_DE","og_type":"article","og_title":"Fiets langs het water","og_description":"Fiets door de haven van Den Helder, langs vuurtoren Lange Jaap en geniet van de zilte zeelucht en prachtige kustlandschappen.","og_url":"https:\/\/denhelder.online\/de\/radfahren-in-den-helder\/die-dunen-in-der-nahe-von-den-helder\/","og_site_name":"Den Helder Online","article_modified_time":"2026-01-15T08:24:15+00:00","og_image":[{"width":1502,"height":543,"url":"https:\/\/denhelder.online\/wp-content\/uploads\/2025\/04\/Luchtfoto-Den-Helder.jpg","type":"image\/jpeg"}],"twitter_card":"summary_large_image","twitter_misc":{"Gesch\u00e4tzte Lesezeit":"2\u00a0Minuten"},"schema":{"@context":"https:\/\/schema.org","@graph":[{"@type":"WebPage","@id":"https:\/\/denhelder.online\/en\/cycling-in-den-helder\/the-dunes-near-den-helder\/","url":"https:\/\/denhelder.online\/en\/cycling-in-den-helder\/the-dunes-near-den-helder\/","name":"Radfahren im Kop van Noord-Holland: Meer und Geschichte","isPartOf":{"@id":"https:\/\/denhelder.online\/#website"},"primaryImageOfPage":{"@id":"https:\/\/denhelder.online\/en\/cycling-in-den-helder\/the-dunes-near-den-helder\/#primaryimage"},"image":{"@id":"https:\/\/denhelder.online\/en\/cycling-in-den-helder\/the-dunes-near-den-helder\/#primaryimage"},"thumbnailUrl":"https:\/\/denhelder.online\/wp-content\/uploads\/2025\/04\/Luchtfoto-Den-Helder.jpg","datePublished":"2025-01-28T12:17:31+00:00","dateModified":"2026-01-15T08:24:15+00:00","description":"Radeln Sie durch den Hafen von Den Helder, vorbei am Leuchtturm Lange Jaap, und genie\u00dfen Sie die salzige Seeluft und die wundersch\u00f6ne K\u00fcstenlandschaft.","breadcrumb":{"@id":"https:\/\/denhelder.online\/en\/cycling-in-den-helder\/the-dunes-near-den-helder\/#breadcrumb"},"inLanguage":"de","potentialAction":[{"@type":"ReadAction","target":["https:\/\/denhelder.online\/en\/cycling-in-den-helder\/the-dunes-near-den-helder\/"]}]},{"@type":"ImageObject","inLanguage":"de","@id":"https:\/\/denhelder.online\/en\/cycling-in-den-helder\/the-dunes-near-den-helder\/#primaryimage","url":"https:\/\/denhelder.online\/wp-content\/uploads\/2025\/04\/Luchtfoto-Den-Helder.jpg","contentUrl":"https:\/\/denhelder.online\/wp-content\/uploads\/2025\/04\/Luchtfoto-Den-Helder.jpg","width":1502,"height":543,"caption":"Luchtfoto Den Helder vanaf Kaaphoofd"},{"@type":"BreadcrumbList","@id":"https:\/\/denhelder.online\/en\/cycling-in-den-helder\/the-dunes-near-den-helder\/#breadcrumb","itemListElement":[{"@type":"ListItem","position":1,"name":"Home","item":"https:\/\/denhelder.online\/"},{"@type":"ListItem","position":2,"name":"Fietsen","item":"https:\/\/denhelder.online\/en\/cycling-in-den-helder\/"},{"@type":"ListItem","position":3,"name":"Fiets langs het water"}]},{"@type":"WebSite","@id":"https:\/\/denhelder.online\/#website","url":"https:\/\/denhelder.online\/","name":"Den Helder Online","description":"Erleben Sie Den Helder","publisher":{"@id":"https:\/\/denhelder.online\/#organization"},"potentialAction":[{"@type":"SearchAction","target":{"@type":"EntryPoint","urlTemplate":"https:\/\/denhelder.online\/?s={search_term_string}"},"query-input":{"@type":"PropertyValueSpecification","valueRequired":true,"valueName":"search_term_string"}}],"inLanguage":"de"},{"@type":"Organization","@id":"https:\/\/denhelder.online\/#organization","name":"Den Helder Online","url":"https:\/\/denhelder.online\/","logo":{"@type":"ImageObject","inLanguage":"de","@id":"https:\/\/denhelder.online\/#\/schema\/logo\/image\/","url":"https:\/\/denhelder.online\/wp-content\/uploads\/2021\/12\/DitIsDH-Logo-26-tagline.svg","contentUrl":"https:\/\/denhelder.online\/wp-content\/uploads\/2021\/12\/DitIsDH-Logo-26-tagline.svg","width":1717.0999999999999,"height":934.89999999999998,"caption":"Den Helder Online"},"image":{"@id":"https:\/\/denhelder.online\/#\/schema\/logo\/image\/"}}]}},"_links":{"self":[{"href":"https:\/\/denhelder.online\/de\/wp-json\/wp\/v2\/pages\/3650","targetHints":{"allow":["GET"]}}],"collection":[{"href":"https:\/\/denhelder.online\/de\/wp-json\/wp\/v2\/pages"}],"about":[{"href":"https:\/\/denhelder.online\/de\/wp-json\/wp\/v2\/types\/page"}],"author":[{"embeddable":true,"href":"https:\/\/denhelder.online\/de\/wp-json\/wp\/v2\/users\/17"}],"replies":[{"embeddable":true,"href":"https:\/\/denhelder.online\/de\/wp-json\/wp\/v2\/comments?post=3650"}],"version-history":[{"count":0,"href":"https:\/\/denhelder.online\/de\/wp-json\/wp\/v2\/pages\/3650\/revisions"}],"up":[{"embeddable":true,"href":"https:\/\/denhelder.online\/de\/wp-json\/wp\/v2\/pages\/1683"}],"wp:featuredmedia":[{"embeddable":true,"href":"https:\/\/denhelder.online\/de\/wp-json\/wp\/v2\/media\/10931"}],"wp:attachment":[{"href":"https:\/\/denhelder.online\/de\/wp-json\/wp\/v2\/media?parent=3650"}],"wp:term":[{"taxonomy":"post_tag","embeddable":true,"href":"https:\/\/denhelder.online\/de\/wp-json\/wp\/v2\/tags?post=3650"},{"taxonomy":"doelgroep","embeddable":true,"href":"https:\/\/denhelder.online\/de\/wp-json\/wp\/v2\/doelgroep?post=3650"},{"taxonomy":"categorie","embeddable":true,"href":"https:\/\/denhelder.online\/de\/wp-json\/wp\/v2\/categorie?post=3650"}],"curies":[{"name":"wp","href":"https:\/\/api.w.org\/{rel}","templated":true}]}}