{"id":3663,"date":"2025-01-28T13:39:47","date_gmt":"2025-01-28T12:39:47","guid":{"rendered":"https:\/\/denhelder.online\/?page_id=3663"},"modified":"2026-01-19T15:32:09","modified_gmt":"2026-01-19T14:32:09","slug":"radfahren-durch-dunen-und-natur-von-julianadorp","status":"publish","type":"page","link":"https:\/\/denhelder.online\/de\/fietsen\/fietsen-door-duinen-en-natuur-vanuit-julianadorp\/","title":{"rendered":"Radfahren durch D\u00fcnen und Natur ab Julianadorp"},"content":{"rendered":"<div data-elementor-type=\"wp-page\" data-elementor-id=\"3663\" class=\"elementor elementor-3663\" data-elementor-post-type=\"page\">\n\t\t\t\t<div class=\"elementor-element elementor-element-4514b484 e-flex e-con-boxed e-con e-parent\" data-id=\"4514b484\" data-element_type=\"container\" data-e-type=\"container\" data-settings=\"{&quot;jet_parallax_layout_list&quot;:[]}\">\n\t\t\t\t\t<div class=\"e-con-inner\">\n\t\t<div class=\"elementor-element elementor-element-6e7c69a0 e-con-full e-flex e-con e-child\" data-id=\"6e7c69a0\" data-element_type=\"container\" data-e-type=\"container\" data-settings=\"{&quot;jet_parallax_layout_list&quot;:[]}\">\n\t\t\t\t<div class=\"elementor-element elementor-element-11006e50 elementor-widget__width-inherit elementor-widget elementor-widget-heading\" data-id=\"11006e50\" data-element_type=\"widget\" data-e-type=\"widget\" data-widget_type=\"heading.default\">\n\t\t\t\t<div class=\"elementor-widget-container\">\n\t\t\t\t\t<h1 class=\"elementor-heading-title elementor-size-default\">Radfahren durch D\u00fcnen und Natur ab Julianadorp<\/h1>\t\t\t\t<\/div>\n\t\t\t\t<\/div>\n\t\t\t\t<div class=\"elementor-element elementor-element-776a7618 elementor-widget elementor-widget-text-editor\" data-id=\"776a7618\" data-element_type=\"widget\" data-e-type=\"widget\" data-widget_type=\"text-editor.default\">\n\t\t\t\t<div class=\"elementor-widget-container\">\n\t\t\t\t\t\t\t\t\t<p>S\u00fcdlich des Highways Den Helder liegt Julianadorp, ein idealer Ausgangspunkt f\u00fcr eine entspannte Radtour durch die D\u00fcnen. Dank der nahegelegenen Campingpl\u00e4tze und Bungalowanlagen werden Sie sich wie im Urlaub f\u00fchlen. Diese Route ist perfekt f\u00fcr einen Tag an der frischen Luft mit den Kindern oder einfach zum Genie\u00dfen der Ruhe und Stille der Natur.<\/p><p><strong>Starten Sie in Julianadorp und radeln Sie zu den D\u00fcnen.<\/strong><br \/>Sie starten an der Ausfahrt 18 in Julianadorp. Nach nur drei Kilometern erreichen Sie \u00fcber die Ausfahrten 22 und 08 die D\u00fcnen. Hier k\u00f6nnen Sie die Ruhe und den weiten Ausblick genie\u00dfen. Parken Sie Ihr Fahrrad und entspannen Sie sich am Strand. Die frische Seeluft und der Meerblick laden zum Abschalten ein.<\/p><p><strong>Durch die D\u00fcnen nach Mari\u00ebndal<\/strong><br \/>Nach Ihrem Strandbesuch radeln Sie weiter durch die h\u00fcgelige D\u00fcnenlandschaft in Richtung Kreuzung 05, wo das Naherholungsgebiet Mari\u00ebndal beginnt. Dieses vielf\u00e4ltige Naturschutzgebiet erreichen Sie \u00fcber das Besucherzentrum De Helderse Vallei. Obwohl einige Bereiche, wie die Vogelwiese, gesperrt sind, bietet der Aussichtspunkt, der sich noch im Ausbau f\u00fcr Natur und Erholung befindet, einen guten \u00dcberblick \u00fcber die Gegend.<\/p><p><strong>Zur\u00fcck nach Julianadorp und zu weiteren Aktivit\u00e4ten<\/strong><br \/>Die R\u00fcckfahrt f\u00fchrt \u00fcber die Kreuzungen 02, 99 und 22 zur\u00fcck zur Kreuzung 18 in Julianadorp. Haben Sie noch Energie \u00fcbrig? Julianadorp bietet zahlreiche weitere Aktivit\u00e4ten. Wie w\u00e4re es mit Bowling, Schwimmen oder Minigolf zum Ausklang des Tages? Diese abwechslungsreiche Route verbindet Natur, Strand und Freizeit und ist ideal f\u00fcr einen entspannten Tag im Freien.<\/p>\t\t\t\t\t\t\t\t<\/div>\n\t\t\t\t<\/div>\n\t\t<div class=\"elementor-element elementor-element-18708875 e-con-full e-flex e-con e-child\" data-id=\"18708875\" data-element_type=\"container\" data-e-type=\"container\" data-settings=\"{&quot;jet_parallax_layout_list&quot;:[]}\">\n\t\t\t\t<div class=\"elementor-element elementor-element-3afbda2e elementor-mobile-align-justify elementor-widget-mobile__width-inherit elementor-tablet-align-justify elementor-widget elementor-widget-button\" data-id=\"3afbda2e\" data-element_type=\"widget\" data-e-type=\"widget\" data-widget_type=\"button.default\">\n\t\t\t\t<div class=\"elementor-widget-container\">\n\t\t\t\t\t\t\t\t\t<div class=\"elementor-button-wrapper\">\n\t\t\t\t\t<a class=\"elementor-button elementor-button-link elementor-size-sm\" href=\"#\">\n\t\t\t\t\t\t<span class=\"elementor-button-content-wrapper\">\n\t\t\t\t\t\t<span class=\"elementor-button-icon\">\n\t\t\t\t<i aria-hidden=\"true\" class=\"fas fa-chevron-right\"><\/i>\t\t\t<\/span>\n\t\t\t\t\t\t\t\t\t<span class=\"elementor-button-text\">Prim\u00e4re Schaltfl\u00e4che<\/span>\n\t\t\t\t\t<\/span>\n\t\t\t\t\t<\/a>\n\t\t\t\t<\/div>\n\t\t\t\t\t\t\t\t<\/div>\n\t\t\t\t<\/div>\n\t\t\t\t<div class=\"elementor-element elementor-element-67607b91 elementor-mobile-align-justify elementor-widget-mobile__width-inherit elementor-tablet-align-justify elementor-widget elementor-widget-button\" data-id=\"67607b91\" data-element_type=\"widget\" data-e-type=\"widget\" data-widget_type=\"button.default\">\n\t\t\t\t<div class=\"elementor-widget-container\">\n\t\t\t\t\t\t\t\t\t<div class=\"elementor-button-wrapper\">\n\t\t\t\t\t<a class=\"elementor-button elementor-button-link elementor-size-sm\" href=\"#\">\n\t\t\t\t\t\t<span class=\"elementor-button-content-wrapper\">\n\t\t\t\t\t\t<span class=\"elementor-button-icon\">\n\t\t\t\t<i aria-hidden=\"true\" class=\"fas fa-chevron-right\"><\/i>\t\t\t<\/span>\n\t\t\t\t\t\t\t\t\t<span class=\"elementor-button-text\">Sekund\u00e4rtaste<\/span>\n\t\t\t\t\t<\/span>\n\t\t\t\t\t<\/a>\n\t\t\t\t<\/div>\n\t\t\t\t\t\t\t\t<\/div>\n\t\t\t\t<\/div>\n\t\t\t\t<\/div>\n\t\t\t\t<\/div>\n\t\t<div class=\"elementor-element elementor-element-3797ea22 e-con-full e-flex e-con e-child\" data-id=\"3797ea22\" data-element_type=\"container\" data-e-type=\"container\" data-settings=\"{&quot;jet_parallax_layout_list&quot;:[]}\">\n\t\t\t\t<div class=\"elementor-element elementor-element-2a34f017 elementor-widget elementor-widget-image\" data-id=\"2a34f017\" data-element_type=\"widget\" data-e-type=\"widget\" data-widget_type=\"image.default\">\n\t\t\t\t<div class=\"elementor-widget-container\">\n\t\t\t\t\t\t\t\t\t\t\t\t\t\t\t<img fetchpriority=\"high\" decoding=\"async\" width=\"800\" height=\"534\" src=\"https:\/\/denhelder.online\/wp-content\/uploads\/2025\/01\/fietsen-julianadorp-kinderen-1024x683.jpg\" class=\"attachment-large size-large wp-image-3666\" alt=\"Julianadorp Kinderradfahren\" srcset=\"https:\/\/denhelder.online\/wp-content\/uploads\/2025\/01\/fietsen-julianadorp-kinderen-1024x683.jpg 1024w, https:\/\/denhelder.online\/wp-content\/uploads\/2025\/01\/fietsen-julianadorp-kinderen-300x200.jpg 300w, https:\/\/denhelder.online\/wp-content\/uploads\/2025\/01\/fietsen-julianadorp-kinderen-768x512.jpg 768w, https:\/\/denhelder.online\/wp-content\/uploads\/2025\/01\/fietsen-julianadorp-kinderen-1536x1024.jpg 1536w, https:\/\/denhelder.online\/wp-content\/uploads\/2025\/01\/fietsen-julianadorp-kinderen-2048x1365.jpg 2048w, https:\/\/denhelder.online\/wp-content\/uploads\/2025\/01\/fietsen-julianadorp-kinderen-600x400.jpg 600w\" sizes=\"(max-width: 800px) 100vw, 800px\" \/>\t\t\t\t\t\t\t\t\t\t\t\t\t\t\t<\/div>\n\t\t\t\t<\/div>\n\t\t\t\t<\/div>\n\t\t\t\t\t<\/div>\n\t\t\t\t<\/div>\n\t\t\t\t<\/div>","protected":false},"excerpt":{"rendered":"<p>Fietsen door duinen en natuur vanuit Julianadorp Ten zuiden van Den Helder ligt Julianadorp, een ideale uitvalsbasis voor een ontspannen fietstocht door de duinen. Met campings en bungalowparken in de omgeving komt het vakantiegevoel vanzelf. Deze route is perfect voor een dagje uitwaaien met de kinderen of gewoon even genieten van rust en natuur. Start [&hellip;]<\/p>\n","protected":false},"author":17,"featured_media":1528,"parent":1683,"menu_order":0,"comment_status":"closed","ping_status":"closed","template":"elementor_header_footer","meta":{"footnotes":""},"tags":[],"doelgroep":[6027,6029],"categorie":[],"class_list":["post-3663","page","type-page","status-publish","has-post-thumbnail","hentry","doelgroep-inwoner","doelgroep-toerist"],"yoast_head":"<!-- This site is optimized with the Yoast SEO Premium plugin v24.7 (Yoast SEO v27.5) - https:\/\/yoast.com\/product\/yoast-seo-premium-wordpress\/ -->\n<title>Fietsen door de Duinen | Ontdek Julianadorp en de duinen<\/title>\n<meta name=\"description\" content=\"Fietsen door de duinen van Julianadorp waar je de mooiste gezichten van de duinen en bollenvelden kan beleven\" \/>\n<meta name=\"robots\" content=\"index, follow, max-snippet:-1, max-image-preview:large, max-video-preview:-1\" \/>\n<link rel=\"canonical\" href=\"https:\/\/denhelder.online\/de\/radfahren-in-den-helder\/radfahren-durch-dunen-und-natur-von-julianadorp\/\" \/>\n<meta property=\"og:locale\" content=\"de_DE\" \/>\n<meta property=\"og:type\" content=\"article\" \/>\n<meta property=\"og:title\" content=\"Fietsen door duinen en natuur vanuit Julianadorp\" \/>\n<meta property=\"og:description\" content=\"Fietsen door de duinen van Julianadorp waar je de mooiste gezichten van de duinen en bollenvelden kan beleven\" \/>\n<meta property=\"og:url\" content=\"https:\/\/denhelder.online\/de\/radfahren-in-den-helder\/radfahren-durch-dunen-und-natur-von-julianadorp\/\" \/>\n<meta property=\"og:site_name\" content=\"Den Helder Online\" \/>\n<meta property=\"article:modified_time\" content=\"2026-01-19T14:32:09+00:00\" \/>\n<meta property=\"og:image\" content=\"https:\/\/denhelder.online\/wp-content\/uploads\/2025\/01\/Fietsen-duinen-scaled.jpg\" \/>\n\t<meta property=\"og:image:width\" content=\"2560\" \/>\n\t<meta property=\"og:image:height\" content=\"1707\" \/>\n\t<meta property=\"og:image:type\" content=\"image\/jpeg\" \/>\n<meta name=\"twitter:card\" content=\"summary_large_image\" \/>\n<meta name=\"twitter:label1\" content=\"Gesch\u00e4tzte Lesezeit\" \/>\n\t<meta name=\"twitter:data1\" content=\"2\u00a0Minuten\" \/>\n<script type=\"application\/ld+json\" class=\"yoast-schema-graph\">{\"@context\":\"https:\\\/\\\/schema.org\",\"@graph\":[{\"@type\":\"WebPage\",\"@id\":\"https:\\\/\\\/denhelder.online\\\/de\\\/radfahren-in-den-helder\\\/radfahren-durch-dunen-und-natur-von-julianadorp\\\/\",\"url\":\"https:\\\/\\\/denhelder.online\\\/de\\\/radfahren-in-den-helder\\\/radfahren-durch-dunen-und-natur-von-julianadorp\\\/\",\"name\":\"Fietsen door de Duinen | Ontdek Julianadorp en de duinen\",\"isPartOf\":{\"@id\":\"https:\\\/\\\/denhelder.online\\\/#website\"},\"primaryImageOfPage\":{\"@id\":\"https:\\\/\\\/denhelder.online\\\/de\\\/radfahren-in-den-helder\\\/radfahren-durch-dunen-und-natur-von-julianadorp\\\/#primaryimage\"},\"image\":{\"@id\":\"https:\\\/\\\/denhelder.online\\\/de\\\/radfahren-in-den-helder\\\/radfahren-durch-dunen-und-natur-von-julianadorp\\\/#primaryimage\"},\"thumbnailUrl\":\"https:\\\/\\\/denhelder.online\\\/wp-content\\\/uploads\\\/2025\\\/01\\\/Fietsen-duinen-scaled.jpg\",\"datePublished\":\"2025-01-28T12:39:47+00:00\",\"dateModified\":\"2026-01-19T14:32:09+00:00\",\"description\":\"Fietsen door de duinen van Julianadorp waar je de mooiste gezichten van de duinen en bollenvelden kan beleven\",\"breadcrumb\":{\"@id\":\"https:\\\/\\\/denhelder.online\\\/de\\\/radfahren-in-den-helder\\\/radfahren-durch-dunen-und-natur-von-julianadorp\\\/#breadcrumb\"},\"inLanguage\":\"de\",\"potentialAction\":[{\"@type\":\"ReadAction\",\"target\":[\"https:\\\/\\\/denhelder.online\\\/de\\\/radfahren-in-den-helder\\\/radfahren-durch-dunen-und-natur-von-julianadorp\\\/\"]}]},{\"@type\":\"ImageObject\",\"inLanguage\":\"de\",\"@id\":\"https:\\\/\\\/denhelder.online\\\/de\\\/radfahren-in-den-helder\\\/radfahren-durch-dunen-und-natur-von-julianadorp\\\/#primaryimage\",\"url\":\"https:\\\/\\\/denhelder.online\\\/wp-content\\\/uploads\\\/2025\\\/01\\\/Fietsen-duinen-scaled.jpg\",\"contentUrl\":\"https:\\\/\\\/denhelder.online\\\/wp-content\\\/uploads\\\/2025\\\/01\\\/Fietsen-duinen-scaled.jpg\",\"width\":2560,\"height\":1707,\"caption\":\"Fietsen en duinen\"},{\"@type\":\"BreadcrumbList\",\"@id\":\"https:\\\/\\\/denhelder.online\\\/de\\\/radfahren-in-den-helder\\\/radfahren-durch-dunen-und-natur-von-julianadorp\\\/#breadcrumb\",\"itemListElement\":[{\"@type\":\"ListItem\",\"position\":1,\"name\":\"Home\",\"item\":\"https:\\\/\\\/denhelder.online\\\/\"},{\"@type\":\"ListItem\",\"position\":2,\"name\":\"Fietsen\",\"item\":\"https:\\\/\\\/denhelder.online\\\/en\\\/cycling-in-den-helder\\\/\"},{\"@type\":\"ListItem\",\"position\":3,\"name\":\"Fietsen door duinen en natuur vanuit Julianadorp\"}]},{\"@type\":\"WebSite\",\"@id\":\"https:\\\/\\\/denhelder.online\\\/#website\",\"url\":\"https:\\\/\\\/denhelder.online\\\/\",\"name\":\"Den Helder Online\",\"description\":\"Beleef Den Helder\",\"publisher\":{\"@id\":\"https:\\\/\\\/denhelder.online\\\/#organization\"},\"potentialAction\":[{\"@type\":\"SearchAction\",\"target\":{\"@type\":\"EntryPoint\",\"urlTemplate\":\"https:\\\/\\\/denhelder.online\\\/?s={search_term_string}\"},\"query-input\":{\"@type\":\"PropertyValueSpecification\",\"valueRequired\":true,\"valueName\":\"search_term_string\"}}],\"inLanguage\":\"de\"},{\"@type\":\"Organization\",\"@id\":\"https:\\\/\\\/denhelder.online\\\/#organization\",\"name\":\"Den Helder Online\",\"url\":\"https:\\\/\\\/denhelder.online\\\/\",\"logo\":{\"@type\":\"ImageObject\",\"inLanguage\":\"de\",\"@id\":\"https:\\\/\\\/denhelder.online\\\/#\\\/schema\\\/logo\\\/image\\\/\",\"url\":\"https:\\\/\\\/denhelder.online\\\/wp-content\\\/uploads\\\/2021\\\/12\\\/DitIsDH-Logo-26-tagline.svg\",\"contentUrl\":\"https:\\\/\\\/denhelder.online\\\/wp-content\\\/uploads\\\/2021\\\/12\\\/DitIsDH-Logo-26-tagline.svg\",\"width\":1717.0999999999999,\"height\":934.89999999999998,\"caption\":\"Den Helder Online\"},\"image\":{\"@id\":\"https:\\\/\\\/denhelder.online\\\/#\\\/schema\\\/logo\\\/image\\\/\"}}]}<\/script>\n<!-- \/ Yoast SEO Premium plugin. -->","yoast_head_json":{"title":"Radfahren durch die D\u00fcnen | Julianadorp und die D\u00fcnen entdecken","description":"Eine Radtour durch die D\u00fcnen von Julianadorp bietet atemberaubende Ausblicke auf die D\u00fcnen und Blumenzwiebelfelder.","robots":{"index":"index","follow":"follow","max-snippet":"max-snippet:-1","max-image-preview":"max-image-preview:large","max-video-preview":"max-video-preview:-1"},"canonical":"https:\/\/denhelder.online\/de\/radfahren-in-den-helder\/radfahren-durch-dunen-und-natur-von-julianadorp\/","og_locale":"de_DE","og_type":"article","og_title":"Fietsen door duinen en natuur vanuit Julianadorp","og_description":"Fietsen door de duinen van Julianadorp waar je de mooiste gezichten van de duinen en bollenvelden kan beleven","og_url":"https:\/\/denhelder.online\/de\/radfahren-in-den-helder\/radfahren-durch-dunen-und-natur-von-julianadorp\/","og_site_name":"Den Helder Online","article_modified_time":"2026-01-19T14:32:09+00:00","og_image":[{"width":2560,"height":1707,"url":"https:\/\/denhelder.online\/wp-content\/uploads\/2025\/01\/Fietsen-duinen-scaled.jpg","type":"image\/jpeg"}],"twitter_card":"summary_large_image","twitter_misc":{"Gesch\u00e4tzte Lesezeit":"2\u00a0Minuten"},"schema":{"@context":"https:\/\/schema.org","@graph":[{"@type":"WebPage","@id":"https:\/\/denhelder.online\/de\/radfahren-in-den-helder\/radfahren-durch-dunen-und-natur-von-julianadorp\/","url":"https:\/\/denhelder.online\/de\/radfahren-in-den-helder\/radfahren-durch-dunen-und-natur-von-julianadorp\/","name":"Radfahren durch die D\u00fcnen | Julianadorp und die D\u00fcnen entdecken","isPartOf":{"@id":"https:\/\/denhelder.online\/#website"},"primaryImageOfPage":{"@id":"https:\/\/denhelder.online\/de\/radfahren-in-den-helder\/radfahren-durch-dunen-und-natur-von-julianadorp\/#primaryimage"},"image":{"@id":"https:\/\/denhelder.online\/de\/radfahren-in-den-helder\/radfahren-durch-dunen-und-natur-von-julianadorp\/#primaryimage"},"thumbnailUrl":"https:\/\/denhelder.online\/wp-content\/uploads\/2025\/01\/Fietsen-duinen-scaled.jpg","datePublished":"2025-01-28T12:39:47+00:00","dateModified":"2026-01-19T14:32:09+00:00","description":"Eine Radtour durch die D\u00fcnen von Julianadorp bietet atemberaubende Ausblicke auf die D\u00fcnen und Blumenzwiebelfelder.","breadcrumb":{"@id":"https:\/\/denhelder.online\/de\/radfahren-in-den-helder\/radfahren-durch-dunen-und-natur-von-julianadorp\/#breadcrumb"},"inLanguage":"de","potentialAction":[{"@type":"ReadAction","target":["https:\/\/denhelder.online\/de\/radfahren-in-den-helder\/radfahren-durch-dunen-und-natur-von-julianadorp\/"]}]},{"@type":"ImageObject","inLanguage":"de","@id":"https:\/\/denhelder.online\/de\/radfahren-in-den-helder\/radfahren-durch-dunen-und-natur-von-julianadorp\/#primaryimage","url":"https:\/\/denhelder.online\/wp-content\/uploads\/2025\/01\/Fietsen-duinen-scaled.jpg","contentUrl":"https:\/\/denhelder.online\/wp-content\/uploads\/2025\/01\/Fietsen-duinen-scaled.jpg","width":2560,"height":1707,"caption":"Fietsen en duinen"},{"@type":"BreadcrumbList","@id":"https:\/\/denhelder.online\/de\/radfahren-in-den-helder\/radfahren-durch-dunen-und-natur-von-julianadorp\/#breadcrumb","itemListElement":[{"@type":"ListItem","position":1,"name":"Home","item":"https:\/\/denhelder.online\/"},{"@type":"ListItem","position":2,"name":"Fietsen","item":"https:\/\/denhelder.online\/en\/cycling-in-den-helder\/"},{"@type":"ListItem","position":3,"name":"Fietsen door duinen en natuur vanuit Julianadorp"}]},{"@type":"WebSite","@id":"https:\/\/denhelder.online\/#website","url":"https:\/\/denhelder.online\/","name":"Den Helder Online","description":"Erleben Sie Den Helder","publisher":{"@id":"https:\/\/denhelder.online\/#organization"},"potentialAction":[{"@type":"SearchAction","target":{"@type":"EntryPoint","urlTemplate":"https:\/\/denhelder.online\/?s={search_term_string}"},"query-input":{"@type":"PropertyValueSpecification","valueRequired":true,"valueName":"search_term_string"}}],"inLanguage":"de"},{"@type":"Organization","@id":"https:\/\/denhelder.online\/#organization","name":"Den Helder Online","url":"https:\/\/denhelder.online\/","logo":{"@type":"ImageObject","inLanguage":"de","@id":"https:\/\/denhelder.online\/#\/schema\/logo\/image\/","url":"https:\/\/denhelder.online\/wp-content\/uploads\/2021\/12\/DitIsDH-Logo-26-tagline.svg","contentUrl":"https:\/\/denhelder.online\/wp-content\/uploads\/2021\/12\/DitIsDH-Logo-26-tagline.svg","width":1717.0999999999999,"height":934.89999999999998,"caption":"Den Helder Online"},"image":{"@id":"https:\/\/denhelder.online\/#\/schema\/logo\/image\/"}}]}},"_links":{"self":[{"href":"https:\/\/denhelder.online\/de\/wp-json\/wp\/v2\/pages\/3663","targetHints":{"allow":["GET"]}}],"collection":[{"href":"https:\/\/denhelder.online\/de\/wp-json\/wp\/v2\/pages"}],"about":[{"href":"https:\/\/denhelder.online\/de\/wp-json\/wp\/v2\/types\/page"}],"author":[{"embeddable":true,"href":"https:\/\/denhelder.online\/de\/wp-json\/wp\/v2\/users\/17"}],"replies":[{"embeddable":true,"href":"https:\/\/denhelder.online\/de\/wp-json\/wp\/v2\/comments?post=3663"}],"version-history":[{"count":0,"href":"https:\/\/denhelder.online\/de\/wp-json\/wp\/v2\/pages\/3663\/revisions"}],"up":[{"embeddable":true,"href":"https:\/\/denhelder.online\/de\/wp-json\/wp\/v2\/pages\/1683"}],"wp:featuredmedia":[{"embeddable":true,"href":"https:\/\/denhelder.online\/de\/wp-json\/wp\/v2\/media\/1528"}],"wp:attachment":[{"href":"https:\/\/denhelder.online\/de\/wp-json\/wp\/v2\/media?parent=3663"}],"wp:term":[{"taxonomy":"post_tag","embeddable":true,"href":"https:\/\/denhelder.online\/de\/wp-json\/wp\/v2\/tags?post=3663"},{"taxonomy":"doelgroep","embeddable":true,"href":"https:\/\/denhelder.online\/de\/wp-json\/wp\/v2\/doelgroep?post=3663"},{"taxonomy":"categorie","embeddable":true,"href":"https:\/\/denhelder.online\/de\/wp-json\/wp\/v2\/categorie?post=3663"}],"curies":[{"name":"wp","href":"https:\/\/api.w.org\/{rel}","templated":true}]}}