{"id":3706,"date":"2025-01-28T16:11:37","date_gmt":"2025-01-28T15:11:37","guid":{"rendered":"https:\/\/denhelder.online\/?page_id=3706"},"modified":"2026-03-13T12:07:40","modified_gmt":"2026-03-13T11:07:40","slug":"stadtspaziergang-liebeshohlenhalter","status":"publish","type":"page","link":"https:\/\/denhelder.online\/de\/wat-te-doen\/wandelroutes\/wandelen-door-den-helder\/stadwandeling-houden-van-den-helder\/","title":{"rendered":"Stadtspaziergang. Ich liebe Den Helder."},"content":{"rendered":"<div data-elementor-type=\"wp-page\" data-elementor-id=\"3706\" class=\"elementor elementor-3706\" data-elementor-post-type=\"page\">\n\t\t\t\t<div class=\"elementor-element elementor-element-476ce8fc e-flex e-con-boxed e-con e-parent\" data-id=\"476ce8fc\" data-element_type=\"container\" data-e-type=\"container\" data-settings=\"{&quot;jet_parallax_layout_list&quot;:[]}\">\n\t\t\t\t\t<div class=\"e-con-inner\">\n\t\t<div class=\"elementor-element elementor-element-a4739ce e-con-full e-flex e-con e-child\" data-id=\"a4739ce\" data-element_type=\"container\" data-e-type=\"container\" data-settings=\"{&quot;jet_parallax_layout_list&quot;:[]}\">\n\t\t\t\t<div class=\"elementor-element elementor-element-6ede7e72 elementor-widget__width-inherit elementor-widget elementor-widget-heading\" data-id=\"6ede7e72\" data-element_type=\"widget\" data-e-type=\"widget\" data-widget_type=\"heading.default\">\n\t\t\t\t<div class=\"elementor-widget-container\">\n\t\t\t\t\t<h1 class=\"elementor-heading-title elementor-size-default\">Stadtspaziergang. Ich liebe Den Helder.<\/h1>\t\t\t\t<\/div>\n\t\t\t\t<\/div>\n\t\t\t\t<div class=\"elementor-element elementor-element-ed3548 elementor-widget elementor-widget-text-editor\" data-id=\"ed3548\" data-element_type=\"widget\" data-e-type=\"widget\" data-widget_type=\"text-editor.default\">\n\t\t\t\t<div class=\"elementor-widget-container\">\n\t\t\t\t\t\t\t\t\t<h3><strong>Entdecken Sie den Charme von Den Helder bei einem Stadtrundgang<\/strong><\/h3><p>Der Stadtrundgang \u201eLiving Den Helder\u201c von Walk the City er\u00f6ffnet Ihnen eine \u00fcberraschende Seite dieser Hafenstadt. Den Helder ist geschichtstr\u00e4chtig, vielf\u00e4ltig und voller Charme. Auf dieser 7,2 Kilometer langen Route entdecken Sie, wie der Rhythmus der Stadt mit dem Meer verbunden ist, und h\u00f6ren die Geschichten mutiger Rettungsschwimmer, Fischer, Inselbewohner und Marinesoldaten, die die Vergangenheit lebendig werden lassen.<\/p><p><strong>Eine Mischung aus Architektur und Geschichte<\/strong><br \/>Den Helder besticht durch sein reiches architektonisches Erbe, das sich w\u00e4hrend des Spaziergangs deutlich zeigt. Sie entdecken eine Vielfalt an Stilen: von der dekorativen Amsterdamer Schule und dem typischen Helders-Klassizismus \u00fcber Arbeiterh\u00e4user aus dem 19. Jahrhundert bis hin zu den charmanten Stufengiebeln entlang der Grachten. Auch die Rekonstruktionsarchitektur, ein so wichtiger Bestandteil der Stadt, wird vorgestellt. Dieser Spaziergang vermittelt ein umfassendes Bild der bemerkenswerten Geschichte und des einzigartigen Charakters von Den Helder.<\/p><p><strong>Das Meer und die Seele von Den Helder<\/strong><br \/>Als echte Hafenstadt spielt das Meer eine zentrale Rolle im Leben und Image von Den Helder. Auf diesem Spaziergang entdecken Sie, wie diese Verbindung die Stadt \u00fcber die Jahrhunderte gepr\u00e4gt hat. Von historischen Geb\u00e4uden bis hin zu Geschichten rund ums Meer: Diese Route verbindet all dies.<\/p><p><strong>Ideal f\u00fcr einen entspannten Tag im Freien<\/strong><br \/>Dieser 7,2 Kilometer lange Stadtspaziergang ist f\u00fcr alle Altersgruppen geeignet. Genie\u00dfen Sie unterwegs in aller Ruhe die Aussicht, die charmante Architektur und das maritime Flair. Entdecken Sie, warum Den Helder eine Stadt zum Verlieben ist!<\/p>\t\t\t\t\t\t\t\t<\/div>\n\t\t\t\t<\/div>\n\t\t<div class=\"elementor-element elementor-element-2ba3195f e-con-full e-flex e-con e-child\" data-id=\"2ba3195f\" data-element_type=\"container\" data-e-type=\"container\" data-settings=\"{&quot;jet_parallax_layout_list&quot;:[]}\">\n\t\t\t\t<div class=\"elementor-element elementor-element-6875f1d8 elementor-mobile-align-justify elementor-widget-mobile__width-inherit elementor-tablet-align-justify elementor-widget elementor-widget-button\" data-id=\"6875f1d8\" data-element_type=\"widget\" data-e-type=\"widget\" data-widget_type=\"button.default\">\n\t\t\t\t<div class=\"elementor-widget-container\">\n\t\t\t\t\t\t\t\t\t<div class=\"elementor-button-wrapper\">\n\t\t\t\t\t<a class=\"elementor-button elementor-button-link elementor-size-sm\" href=\"https:\/\/denhelder.online\/de\/wandelroutes_stadswandeling-houden-van-den-helder\/\" target=\"_blank\">\n\t\t\t\t\t\t<span class=\"elementor-button-content-wrapper\">\n\t\t\t\t\t\t<span class=\"elementor-button-icon\">\n\t\t\t\t<i aria-hidden=\"true\" class=\"fas fa-chevron-right\"><\/i>\t\t\t<\/span>\n\t\t\t\t\t\t\t\t\t<span class=\"elementor-button-text\">Route<\/span>\n\t\t\t\t\t<\/span>\n\t\t\t\t\t<\/a>\n\t\t\t\t<\/div>\n\t\t\t\t\t\t\t\t<\/div>\n\t\t\t\t<\/div>\n\t\t\t\t<\/div>\n\t\t\t\t<\/div>\n\t\t<div class=\"elementor-element elementor-element-71eae695 e-con-full e-flex e-con e-child\" data-id=\"71eae695\" data-element_type=\"container\" data-e-type=\"container\" data-settings=\"{&quot;jet_parallax_layout_list&quot;:[]}\">\n\t\t\t\t<div class=\"elementor-element elementor-element-695ef46 elementor-widget elementor-widget-image\" data-id=\"695ef46\" data-element_type=\"widget\" data-e-type=\"widget\" data-widget_type=\"image.default\">\n\t\t\t\t<div class=\"elementor-widget-container\">\n\t\t\t\t\t\t\t\t\t\t\t\t<figure class=\"wp-caption\">\n\t\t\t\t\t\t\t\t\t\t<img fetchpriority=\"high\" decoding=\"async\" width=\"800\" height=\"440\" src=\"https:\/\/denhelder.online\/wp-content\/uploads\/2025\/01\/Hortus-Overzee-1024x563.jpeg\" class=\"attachment-large size-large wp-image-3702\" alt=\"Stadtspaziergang durch die historische Hafenstadt\" srcset=\"https:\/\/denhelder.online\/wp-content\/uploads\/2025\/01\/Hortus-Overzee-1024x563.jpeg 1024w, https:\/\/denhelder.online\/wp-content\/uploads\/2025\/01\/Hortus-Overzee-300x165.jpeg 300w, https:\/\/denhelder.online\/wp-content\/uploads\/2025\/01\/Hortus-Overzee-768x422.jpeg 768w, https:\/\/denhelder.online\/wp-content\/uploads\/2025\/01\/Hortus-Overzee-600x330.jpeg 600w, https:\/\/denhelder.online\/wp-content\/uploads\/2025\/01\/Hortus-Overzee.jpeg 1280w\" sizes=\"(max-width: 800px) 100vw, 800px\" \/>\t\t\t\t\t\t\t\t\t\t\t<figcaption class=\"widget-image-caption wp-caption-text\">Hortus Overseas<\/figcaption>\n\t\t\t\t\t\t\t\t\t\t<\/figure>\n\t\t\t\t\t\t\t\t\t<\/div>\n\t\t\t\t<\/div>\n\t\t\t\t<\/div>\n\t\t\t\t\t<\/div>\n\t\t\t\t<\/div>\n\t\t\t\t<\/div>","protected":false},"excerpt":{"rendered":"<p>Stadswandeling Houden van Den Helder Ontdek de charme van Den Helder met een stadswandeling De stadswandeling Houden van Den Helder van Walk the City laat je kennismaken met een verrassende kant van deze havenstad. Den Helder is historisch, veelzijdig en vol karakter. Tijdens deze route van 7,2 kilometer ontdek je hoe het ritme van de [&hellip;]<\/p>\n","protected":false},"author":17,"featured_media":3702,"parent":4877,"menu_order":0,"comment_status":"closed","ping_status":"closed","template":"elementor_header_footer","meta":{"footnotes":""},"tags":[],"doelgroep":[6027,6029],"categorie":[],"class_list":["post-3706","page","type-page","status-publish","has-post-thumbnail","hentry","doelgroep-inwoner","doelgroep-toerist"],"yoast_head":"<!-- This site is optimized with the Yoast SEO Premium plugin v24.7 (Yoast SEO v27.3) - https:\/\/yoast.com\/product\/yoast-seo-premium-wordpress\/ -->\n<title>Den Helder: historie en architectuur ontdekken<\/title>\n<meta name=\"description\" content=\"Maak een wandeling van 7,2 km door Den Helder. Ontdek rijke architectuur, maritieme verhalen en de invloed van de zee in deze veelzijdige havenstad.\" \/>\n<meta name=\"robots\" content=\"index, follow, max-snippet:-1, max-image-preview:large, max-video-preview:-1\" \/>\n<link rel=\"canonical\" href=\"https:\/\/denhelder.online\/de\/was-zu-tun\/wanderwege\/durch-die-klare\/stadtspaziergang-liebeshohlenhalter\/\" \/>\n<meta property=\"og:locale\" content=\"de_DE\" \/>\n<meta property=\"og:type\" content=\"article\" \/>\n<meta property=\"og:title\" content=\"Stadswandeling Houden van Den Helder\" \/>\n<meta property=\"og:description\" content=\"Maak een wandeling van 7,2 km door Den Helder. Ontdek rijke architectuur, maritieme verhalen en de invloed van de zee in deze veelzijdige havenstad.\" \/>\n<meta property=\"og:url\" content=\"https:\/\/denhelder.online\/de\/was-zu-tun\/wanderwege\/durch-die-klare\/stadtspaziergang-liebeshohlenhalter\/\" \/>\n<meta property=\"og:site_name\" content=\"Den Helder Online\" \/>\n<meta property=\"article:modified_time\" content=\"2026-03-13T11:07:40+00:00\" \/>\n<meta property=\"og:image\" content=\"https:\/\/denhelder.online\/wp-content\/uploads\/2025\/01\/Hortus-Overzee.jpeg\" \/>\n\t<meta property=\"og:image:width\" content=\"1280\" \/>\n\t<meta property=\"og:image:height\" content=\"704\" \/>\n\t<meta property=\"og:image:type\" content=\"image\/jpeg\" \/>\n<meta name=\"twitter:card\" content=\"summary_large_image\" \/>\n<meta name=\"twitter:label1\" content=\"Gesch\u00e4tzte Lesezeit\" \/>\n\t<meta name=\"twitter:data1\" content=\"2\u00a0Minuten\" \/>\n<script type=\"application\/ld+json\" class=\"yoast-schema-graph\">{\"@context\":\"https:\\\/\\\/schema.org\",\"@graph\":[{\"@type\":\"WebPage\",\"@id\":\"https:\\\/\\\/denhelder.online\\\/wat-te-doen\\\/wandelroutes\\\/wandelen-door-den-helder\\\/stadwandeling-houden-van-den-helder\\\/\",\"url\":\"https:\\\/\\\/denhelder.online\\\/wat-te-doen\\\/wandelroutes\\\/wandelen-door-den-helder\\\/stadwandeling-houden-van-den-helder\\\/\",\"name\":\"Den Helder: historie en architectuur ontdekken\",\"isPartOf\":{\"@id\":\"https:\\\/\\\/denhelder.online\\\/#website\"},\"primaryImageOfPage\":{\"@id\":\"https:\\\/\\\/denhelder.online\\\/wat-te-doen\\\/wandelroutes\\\/wandelen-door-den-helder\\\/stadwandeling-houden-van-den-helder\\\/#primaryimage\"},\"image\":{\"@id\":\"https:\\\/\\\/denhelder.online\\\/wat-te-doen\\\/wandelroutes\\\/wandelen-door-den-helder\\\/stadwandeling-houden-van-den-helder\\\/#primaryimage\"},\"thumbnailUrl\":\"https:\\\/\\\/denhelder.online\\\/wp-content\\\/uploads\\\/2025\\\/01\\\/Hortus-Overzee.jpeg\",\"datePublished\":\"2025-01-28T15:11:37+00:00\",\"dateModified\":\"2026-03-13T11:07:40+00:00\",\"description\":\"Maak een wandeling van 7,2 km door Den Helder. Ontdek rijke architectuur, maritieme verhalen en de invloed van de zee in deze veelzijdige havenstad.\",\"breadcrumb\":{\"@id\":\"https:\\\/\\\/denhelder.online\\\/wat-te-doen\\\/wandelroutes\\\/wandelen-door-den-helder\\\/stadwandeling-houden-van-den-helder\\\/#breadcrumb\"},\"inLanguage\":\"de\",\"potentialAction\":[{\"@type\":\"ReadAction\",\"target\":[\"https:\\\/\\\/denhelder.online\\\/wat-te-doen\\\/wandelroutes\\\/wandelen-door-den-helder\\\/stadwandeling-houden-van-den-helder\\\/\"]}]},{\"@type\":\"ImageObject\",\"inLanguage\":\"de\",\"@id\":\"https:\\\/\\\/denhelder.online\\\/wat-te-doen\\\/wandelroutes\\\/wandelen-door-den-helder\\\/stadwandeling-houden-van-den-helder\\\/#primaryimage\",\"url\":\"https:\\\/\\\/denhelder.online\\\/wp-content\\\/uploads\\\/2025\\\/01\\\/Hortus-Overzee.jpeg\",\"contentUrl\":\"https:\\\/\\\/denhelder.online\\\/wp-content\\\/uploads\\\/2025\\\/01\\\/Hortus-Overzee.jpeg\",\"width\":1280,\"height\":704,\"caption\":\"stadswandel historisch havenstad\"},{\"@type\":\"BreadcrumbList\",\"@id\":\"https:\\\/\\\/denhelder.online\\\/wat-te-doen\\\/wandelroutes\\\/wandelen-door-den-helder\\\/stadwandeling-houden-van-den-helder\\\/#breadcrumb\",\"itemListElement\":[{\"@type\":\"ListItem\",\"position\":1,\"name\":\"Home\",\"item\":\"https:\\\/\\\/denhelder.online\\\/\"},{\"@type\":\"ListItem\",\"position\":2,\"name\":\"Wat te doen\",\"item\":\"https:\\\/\\\/denhelder.online\\\/wat-te-doen\\\/\"},{\"@type\":\"ListItem\",\"position\":3,\"name\":\"Wandelroutes\",\"item\":\"https:\\\/\\\/denhelder.online\\\/wat-te-doen\\\/wandelroutes\\\/\"},{\"@type\":\"ListItem\",\"position\":4,\"name\":\"Wandelen door Den Helder\",\"item\":\"https:\\\/\\\/denhelder.online\\\/wat-te-doen\\\/wandelroutes\\\/wandelen-door-den-helder\\\/\"},{\"@type\":\"ListItem\",\"position\":5,\"name\":\"Stadswandeling Houden van Den Helder\"}]},{\"@type\":\"WebSite\",\"@id\":\"https:\\\/\\\/denhelder.online\\\/#website\",\"url\":\"https:\\\/\\\/denhelder.online\\\/\",\"name\":\"Den Helder Online\",\"description\":\"Beleef Den Helder\",\"publisher\":{\"@id\":\"https:\\\/\\\/denhelder.online\\\/#organization\"},\"potentialAction\":[{\"@type\":\"SearchAction\",\"target\":{\"@type\":\"EntryPoint\",\"urlTemplate\":\"https:\\\/\\\/denhelder.online\\\/?s={search_term_string}\"},\"query-input\":{\"@type\":\"PropertyValueSpecification\",\"valueRequired\":true,\"valueName\":\"search_term_string\"}}],\"inLanguage\":\"de\"},{\"@type\":\"Organization\",\"@id\":\"https:\\\/\\\/denhelder.online\\\/#organization\",\"name\":\"Den Helder Online\",\"url\":\"https:\\\/\\\/denhelder.online\\\/\",\"logo\":{\"@type\":\"ImageObject\",\"inLanguage\":\"de\",\"@id\":\"https:\\\/\\\/denhelder.online\\\/#\\\/schema\\\/logo\\\/image\\\/\",\"url\":\"https:\\\/\\\/denhelder.online\\\/wp-content\\\/uploads\\\/2021\\\/12\\\/DitIsDH-Logo-26-tagline.svg\",\"contentUrl\":\"https:\\\/\\\/denhelder.online\\\/wp-content\\\/uploads\\\/2021\\\/12\\\/DitIsDH-Logo-26-tagline.svg\",\"width\":1717.0999999999999,\"height\":934.89999999999998,\"caption\":\"Den Helder Online\"},\"image\":{\"@id\":\"https:\\\/\\\/denhelder.online\\\/#\\\/schema\\\/logo\\\/image\\\/\"}}]}<\/script>\n<!-- \/ Yoast SEO Premium plugin. -->","yoast_head_json":{"title":"Den Helder: Geschichte und Architektur entdecken","description":"Unternehmen Sie einen 7,2 km langen Spaziergang durch Den Helder. Entdecken Sie die reiche Architektur, die maritime Geschichte und den Einfluss des Meeres in dieser vielf\u00e4ltigen Hafenstadt.","robots":{"index":"index","follow":"follow","max-snippet":"max-snippet:-1","max-image-preview":"max-image-preview:large","max-video-preview":"max-video-preview:-1"},"canonical":"https:\/\/denhelder.online\/de\/was-zu-tun\/wanderwege\/durch-die-klare\/stadtspaziergang-liebeshohlenhalter\/","og_locale":"de_DE","og_type":"article","og_title":"Stadswandeling Houden van Den Helder","og_description":"Maak een wandeling van 7,2 km door Den Helder. Ontdek rijke architectuur, maritieme verhalen en de invloed van de zee in deze veelzijdige havenstad.","og_url":"https:\/\/denhelder.online\/de\/was-zu-tun\/wanderwege\/durch-die-klare\/stadtspaziergang-liebeshohlenhalter\/","og_site_name":"Den Helder Online","article_modified_time":"2026-03-13T11:07:40+00:00","og_image":[{"width":1280,"height":704,"url":"https:\/\/denhelder.online\/wp-content\/uploads\/2025\/01\/Hortus-Overzee.jpeg","type":"image\/jpeg"}],"twitter_card":"summary_large_image","twitter_misc":{"Gesch\u00e4tzte Lesezeit":"2\u00a0Minuten"},"schema":{"@context":"https:\/\/schema.org","@graph":[{"@type":"WebPage","@id":"https:\/\/denhelder.online\/wat-te-doen\/wandelroutes\/wandelen-door-den-helder\/stadwandeling-houden-van-den-helder\/","url":"https:\/\/denhelder.online\/wat-te-doen\/wandelroutes\/wandelen-door-den-helder\/stadwandeling-houden-van-den-helder\/","name":"Den Helder: Geschichte und Architektur entdecken","isPartOf":{"@id":"https:\/\/denhelder.online\/#website"},"primaryImageOfPage":{"@id":"https:\/\/denhelder.online\/wat-te-doen\/wandelroutes\/wandelen-door-den-helder\/stadwandeling-houden-van-den-helder\/#primaryimage"},"image":{"@id":"https:\/\/denhelder.online\/wat-te-doen\/wandelroutes\/wandelen-door-den-helder\/stadwandeling-houden-van-den-helder\/#primaryimage"},"thumbnailUrl":"https:\/\/denhelder.online\/wp-content\/uploads\/2025\/01\/Hortus-Overzee.jpeg","datePublished":"2025-01-28T15:11:37+00:00","dateModified":"2026-03-13T11:07:40+00:00","description":"Unternehmen Sie einen 7,2 km langen Spaziergang durch Den Helder. Entdecken Sie die reiche Architektur, die maritime Geschichte und den Einfluss des Meeres in dieser vielf\u00e4ltigen Hafenstadt.","breadcrumb":{"@id":"https:\/\/denhelder.online\/wat-te-doen\/wandelroutes\/wandelen-door-den-helder\/stadwandeling-houden-van-den-helder\/#breadcrumb"},"inLanguage":"de","potentialAction":[{"@type":"ReadAction","target":["https:\/\/denhelder.online\/wat-te-doen\/wandelroutes\/wandelen-door-den-helder\/stadwandeling-houden-van-den-helder\/"]}]},{"@type":"ImageObject","inLanguage":"de","@id":"https:\/\/denhelder.online\/wat-te-doen\/wandelroutes\/wandelen-door-den-helder\/stadwandeling-houden-van-den-helder\/#primaryimage","url":"https:\/\/denhelder.online\/wp-content\/uploads\/2025\/01\/Hortus-Overzee.jpeg","contentUrl":"https:\/\/denhelder.online\/wp-content\/uploads\/2025\/01\/Hortus-Overzee.jpeg","width":1280,"height":704,"caption":"stadswandel historisch havenstad"},{"@type":"BreadcrumbList","@id":"https:\/\/denhelder.online\/wat-te-doen\/wandelroutes\/wandelen-door-den-helder\/stadwandeling-houden-van-den-helder\/#breadcrumb","itemListElement":[{"@type":"ListItem","position":1,"name":"Home","item":"https:\/\/denhelder.online\/"},{"@type":"ListItem","position":2,"name":"Wat te doen","item":"https:\/\/denhelder.online\/wat-te-doen\/"},{"@type":"ListItem","position":3,"name":"Wandelroutes","item":"https:\/\/denhelder.online\/wat-te-doen\/wandelroutes\/"},{"@type":"ListItem","position":4,"name":"Wandelen door Den Helder","item":"https:\/\/denhelder.online\/wat-te-doen\/wandelroutes\/wandelen-door-den-helder\/"},{"@type":"ListItem","position":5,"name":"Stadswandeling Houden van Den Helder"}]},{"@type":"WebSite","@id":"https:\/\/denhelder.online\/#website","url":"https:\/\/denhelder.online\/","name":"Den Helder Online","description":"Erleben Sie Den Helder","publisher":{"@id":"https:\/\/denhelder.online\/#organization"},"potentialAction":[{"@type":"SearchAction","target":{"@type":"EntryPoint","urlTemplate":"https:\/\/denhelder.online\/?s={search_term_string}"},"query-input":{"@type":"PropertyValueSpecification","valueRequired":true,"valueName":"search_term_string"}}],"inLanguage":"de"},{"@type":"Organization","@id":"https:\/\/denhelder.online\/#organization","name":"Den Helder Online","url":"https:\/\/denhelder.online\/","logo":{"@type":"ImageObject","inLanguage":"de","@id":"https:\/\/denhelder.online\/#\/schema\/logo\/image\/","url":"https:\/\/denhelder.online\/wp-content\/uploads\/2021\/12\/DitIsDH-Logo-26-tagline.svg","contentUrl":"https:\/\/denhelder.online\/wp-content\/uploads\/2021\/12\/DitIsDH-Logo-26-tagline.svg","width":1717.0999999999999,"height":934.89999999999998,"caption":"Den Helder Online"},"image":{"@id":"https:\/\/denhelder.online\/#\/schema\/logo\/image\/"}}]}},"_links":{"self":[{"href":"https:\/\/denhelder.online\/de\/wp-json\/wp\/v2\/pages\/3706","targetHints":{"allow":["GET"]}}],"collection":[{"href":"https:\/\/denhelder.online\/de\/wp-json\/wp\/v2\/pages"}],"about":[{"href":"https:\/\/denhelder.online\/de\/wp-json\/wp\/v2\/types\/page"}],"author":[{"embeddable":true,"href":"https:\/\/denhelder.online\/de\/wp-json\/wp\/v2\/users\/17"}],"replies":[{"embeddable":true,"href":"https:\/\/denhelder.online\/de\/wp-json\/wp\/v2\/comments?post=3706"}],"version-history":[{"count":0,"href":"https:\/\/denhelder.online\/de\/wp-json\/wp\/v2\/pages\/3706\/revisions"}],"up":[{"embeddable":true,"href":"https:\/\/denhelder.online\/de\/wp-json\/wp\/v2\/pages\/4877"}],"wp:featuredmedia":[{"embeddable":true,"href":"https:\/\/denhelder.online\/de\/wp-json\/wp\/v2\/media\/3702"}],"wp:attachment":[{"href":"https:\/\/denhelder.online\/de\/wp-json\/wp\/v2\/media?parent=3706"}],"wp:term":[{"taxonomy":"post_tag","embeddable":true,"href":"https:\/\/denhelder.online\/de\/wp-json\/wp\/v2\/tags?post=3706"},{"taxonomy":"doelgroep","embeddable":true,"href":"https:\/\/denhelder.online\/de\/wp-json\/wp\/v2\/doelgroep?post=3706"},{"taxonomy":"categorie","embeddable":true,"href":"https:\/\/denhelder.online\/de\/wp-json\/wp\/v2\/categorie?post=3706"}],"curies":[{"name":"wp","href":"https:\/\/api.w.org\/{rel}","templated":true}]}}