{"id":390,"date":"2024-11-25T15:31:49","date_gmt":"2024-11-25T14:31:49","guid":{"rendered":"https:\/\/denhelder.online\/?page_id=390"},"modified":"2025-02-24T10:08:20","modified_gmt":"2025-02-24T09:08:20","slug":"haftungsausschluss","status":"publish","type":"page","link":"https:\/\/denhelder.online\/de\/disclaimer\/","title":{"rendered":"Haftungsausschluss"},"content":{"rendered":"<p>Citymarketing Den Helder (eingetragen im Handelsregister der Handelskammer unter der Nummer 52346285) gew\u00e4hrt Ihnen hiermit Zugang zu denhelder.online, im Folgenden \u201cWebsite\u201d genannt, auf der Texte, Bilder und andere Materialien ver\u00f6ffentlicht werden, die von Citymarketing Den Helder und Dritten bereitgestellt werden.<\/p>\n<p>City Marketing Den Helder beh\u00e4lt sich das Recht vor, den Inhalt jederzeit und ohne vorherige Ank\u00fcndigung zu \u00e4ndern oder Teile davon zu entfernen. City Marketing Den Helder beh\u00e4lt sich das Recht vor, die gesamte Website zu bearbeiten.<\/p>\n<p>Mehrere Hyperlinks auf dieser Website f\u00fchren zu Websites Dritter, auf die Citymarketing Den Helder keinen Einfluss hat. Citymarketing Den Helder \u00fcbernimmt keine Gew\u00e4hr f\u00fcr die Richtigkeit oder Vollst\u00e4ndigkeit der Informationen auf diesen Websites. Die Verlinkung zu Websites Dritter bedeutet nicht, dass Citymarketing Den Helder deren Inhalte bef\u00fcrwortet.<\/p>\n<p>Alle Rechte an geistigem Eigentum dieser Website liegen bei Citymarketing Den Helder und seinen Lizenzgebern.<\/p>","protected":false},"excerpt":{"rendered":"<p>Citymarketing Den Helder (ingeschreven in het Handelsregister van de Kamer van Koophandel onder nummer 52346285), verleent u hierbij toegang tot denhelder.online, hierna te noemen: \u201cWebsite\u201d en publiceert hier teksten, afbeeldingen en andere materialen die door Citymarketing Den Helder en derden zijn aangeleverd. Citymarketing Den Helder behoudt zich het recht voor op elk moment de inhoud [&hellip;]<\/p>\n","protected":false},"author":4,"featured_media":0,"parent":0,"menu_order":92,"comment_status":"closed","ping_status":"closed","template":"","meta":{"footnotes":""},"tags":[],"doelgroep":[],"categorie":[],"class_list":["post-390","page","type-page","status-publish","hentry"],"yoast_head":"<!-- This site is optimized with the Yoast SEO Premium plugin v24.7 (Yoast SEO v27.5) - https:\/\/yoast.com\/product\/yoast-seo-premium-wordpress\/ -->\n<title>Disclaimer - Den Helder Online - Beleef Den Helder<\/title>\n<meta name=\"robots\" content=\"index, follow, max-snippet:-1, max-image-preview:large, max-video-preview:-1\" \/>\n<link rel=\"canonical\" href=\"https:\/\/denhelder.online\/de\/haftungsausschluss\/\" \/>\n<meta property=\"og:locale\" content=\"de_DE\" \/>\n<meta property=\"og:type\" content=\"article\" \/>\n<meta property=\"og:title\" content=\"Disclaimer\" \/>\n<meta property=\"og:description\" content=\"Citymarketing Den Helder (ingeschreven in het Handelsregister van de Kamer van Koophandel onder nummer 52346285), verleent u hierbij toegang tot denhelder.online, hierna te noemen: \u201cWebsite\u201d en publiceert hier teksten, afbeeldingen en andere materialen die door Citymarketing Den Helder en derden zijn aangeleverd. Citymarketing Den Helder behoudt zich het recht voor op elk moment de inhoud [&hellip;]\" \/>\n<meta property=\"og:url\" content=\"https:\/\/denhelder.online\/de\/haftungsausschluss\/\" \/>\n<meta property=\"og:site_name\" content=\"Den Helder Online\" \/>\n<meta property=\"article:modified_time\" content=\"2025-02-24T09:08:20+00:00\" \/>\n<meta name=\"twitter:card\" content=\"summary_large_image\" \/>\n<meta name=\"twitter:label1\" content=\"Gesch\u00e4tzte Lesezeit\" \/>\n\t<meta name=\"twitter:data1\" content=\"1\u00a0Minute\" \/>\n<script type=\"application\/ld+json\" class=\"yoast-schema-graph\">{\"@context\":\"https:\\\/\\\/schema.org\",\"@graph\":[{\"@type\":\"WebPage\",\"@id\":\"https:\\\/\\\/denhelder.online\\\/de\\\/haftungsausschluss\\\/\",\"url\":\"https:\\\/\\\/denhelder.online\\\/de\\\/haftungsausschluss\\\/\",\"name\":\"Disclaimer - Den Helder Online - Beleef Den Helder\",\"isPartOf\":{\"@id\":\"https:\\\/\\\/denhelder.online\\\/#website\"},\"datePublished\":\"2024-11-25T14:31:49+00:00\",\"dateModified\":\"2025-02-24T09:08:20+00:00\",\"breadcrumb\":{\"@id\":\"https:\\\/\\\/denhelder.online\\\/de\\\/haftungsausschluss\\\/#breadcrumb\"},\"inLanguage\":\"de\",\"potentialAction\":[{\"@type\":\"ReadAction\",\"target\":[\"https:\\\/\\\/denhelder.online\\\/de\\\/haftungsausschluss\\\/\"]}]},{\"@type\":\"BreadcrumbList\",\"@id\":\"https:\\\/\\\/denhelder.online\\\/de\\\/haftungsausschluss\\\/#breadcrumb\",\"itemListElement\":[{\"@type\":\"ListItem\",\"position\":1,\"name\":\"Home\",\"item\":\"https:\\\/\\\/denhelder.online\\\/\"},{\"@type\":\"ListItem\",\"position\":2,\"name\":\"Disclaimer\"}]},{\"@type\":\"WebSite\",\"@id\":\"https:\\\/\\\/denhelder.online\\\/#website\",\"url\":\"https:\\\/\\\/denhelder.online\\\/\",\"name\":\"Den Helder Online\",\"description\":\"Beleef Den Helder\",\"publisher\":{\"@id\":\"https:\\\/\\\/denhelder.online\\\/#organization\"},\"potentialAction\":[{\"@type\":\"SearchAction\",\"target\":{\"@type\":\"EntryPoint\",\"urlTemplate\":\"https:\\\/\\\/denhelder.online\\\/?s={search_term_string}\"},\"query-input\":{\"@type\":\"PropertyValueSpecification\",\"valueRequired\":true,\"valueName\":\"search_term_string\"}}],\"inLanguage\":\"de\"},{\"@type\":\"Organization\",\"@id\":\"https:\\\/\\\/denhelder.online\\\/#organization\",\"name\":\"Den Helder Online\",\"url\":\"https:\\\/\\\/denhelder.online\\\/\",\"logo\":{\"@type\":\"ImageObject\",\"inLanguage\":\"de\",\"@id\":\"https:\\\/\\\/denhelder.online\\\/#\\\/schema\\\/logo\\\/image\\\/\",\"url\":\"https:\\\/\\\/denhelder.online\\\/wp-content\\\/uploads\\\/2021\\\/12\\\/DitIsDH-Logo-26-tagline.svg\",\"contentUrl\":\"https:\\\/\\\/denhelder.online\\\/wp-content\\\/uploads\\\/2021\\\/12\\\/DitIsDH-Logo-26-tagline.svg\",\"width\":1717.0999999999999,\"height\":934.89999999999998,\"caption\":\"Den Helder Online\"},\"image\":{\"@id\":\"https:\\\/\\\/denhelder.online\\\/#\\\/schema\\\/logo\\\/image\\\/\"}}]}<\/script>\n<!-- \/ Yoast SEO Premium plugin. -->","yoast_head_json":{"title":"Haftungsausschluss \u2013 Den Helder Online \u2013 Den Helder-Erfahrung","robots":{"index":"index","follow":"follow","max-snippet":"max-snippet:-1","max-image-preview":"max-image-preview:large","max-video-preview":"max-video-preview:-1"},"canonical":"https:\/\/denhelder.online\/de\/haftungsausschluss\/","og_locale":"de_DE","og_type":"article","og_title":"Disclaimer","og_description":"Citymarketing Den Helder (ingeschreven in het Handelsregister van de Kamer van Koophandel onder nummer 52346285), verleent u hierbij toegang tot denhelder.online, hierna te noemen: \u201cWebsite\u201d en publiceert hier teksten, afbeeldingen en andere materialen die door Citymarketing Den Helder en derden zijn aangeleverd. Citymarketing Den Helder behoudt zich het recht voor op elk moment de inhoud [&hellip;]","og_url":"https:\/\/denhelder.online\/de\/haftungsausschluss\/","og_site_name":"Den Helder Online","article_modified_time":"2025-02-24T09:08:20+00:00","twitter_card":"summary_large_image","twitter_misc":{"Gesch\u00e4tzte Lesezeit":"1\u00a0Minute"},"schema":{"@context":"https:\/\/schema.org","@graph":[{"@type":"WebPage","@id":"https:\/\/denhelder.online\/de\/haftungsausschluss\/","url":"https:\/\/denhelder.online\/de\/haftungsausschluss\/","name":"Haftungsausschluss \u2013 Den Helder Online \u2013 Den Helder-Erfahrung","isPartOf":{"@id":"https:\/\/denhelder.online\/#website"},"datePublished":"2024-11-25T14:31:49+00:00","dateModified":"2025-02-24T09:08:20+00:00","breadcrumb":{"@id":"https:\/\/denhelder.online\/de\/haftungsausschluss\/#breadcrumb"},"inLanguage":"de","potentialAction":[{"@type":"ReadAction","target":["https:\/\/denhelder.online\/de\/haftungsausschluss\/"]}]},{"@type":"BreadcrumbList","@id":"https:\/\/denhelder.online\/de\/haftungsausschluss\/#breadcrumb","itemListElement":[{"@type":"ListItem","position":1,"name":"Home","item":"https:\/\/denhelder.online\/"},{"@type":"ListItem","position":2,"name":"Disclaimer"}]},{"@type":"WebSite","@id":"https:\/\/denhelder.online\/#website","url":"https:\/\/denhelder.online\/","name":"Den Helder Online","description":"Erleben Sie Den Helder","publisher":{"@id":"https:\/\/denhelder.online\/#organization"},"potentialAction":[{"@type":"SearchAction","target":{"@type":"EntryPoint","urlTemplate":"https:\/\/denhelder.online\/?s={search_term_string}"},"query-input":{"@type":"PropertyValueSpecification","valueRequired":true,"valueName":"search_term_string"}}],"inLanguage":"de"},{"@type":"Organization","@id":"https:\/\/denhelder.online\/#organization","name":"Den Helder Online","url":"https:\/\/denhelder.online\/","logo":{"@type":"ImageObject","inLanguage":"de","@id":"https:\/\/denhelder.online\/#\/schema\/logo\/image\/","url":"https:\/\/denhelder.online\/wp-content\/uploads\/2021\/12\/DitIsDH-Logo-26-tagline.svg","contentUrl":"https:\/\/denhelder.online\/wp-content\/uploads\/2021\/12\/DitIsDH-Logo-26-tagline.svg","width":1717.0999999999999,"height":934.89999999999998,"caption":"Den Helder Online"},"image":{"@id":"https:\/\/denhelder.online\/#\/schema\/logo\/image\/"}}]}},"_links":{"self":[{"href":"https:\/\/denhelder.online\/de\/wp-json\/wp\/v2\/pages\/390","targetHints":{"allow":["GET"]}}],"collection":[{"href":"https:\/\/denhelder.online\/de\/wp-json\/wp\/v2\/pages"}],"about":[{"href":"https:\/\/denhelder.online\/de\/wp-json\/wp\/v2\/types\/page"}],"author":[{"embeddable":true,"href":"https:\/\/denhelder.online\/de\/wp-json\/wp\/v2\/users\/4"}],"replies":[{"embeddable":true,"href":"https:\/\/denhelder.online\/de\/wp-json\/wp\/v2\/comments?post=390"}],"version-history":[{"count":0,"href":"https:\/\/denhelder.online\/de\/wp-json\/wp\/v2\/pages\/390\/revisions"}],"wp:attachment":[{"href":"https:\/\/denhelder.online\/de\/wp-json\/wp\/v2\/media?parent=390"}],"wp:term":[{"taxonomy":"post_tag","embeddable":true,"href":"https:\/\/denhelder.online\/de\/wp-json\/wp\/v2\/tags?post=390"},{"taxonomy":"doelgroep","embeddable":true,"href":"https:\/\/denhelder.online\/de\/wp-json\/wp\/v2\/doelgroep?post=390"},{"taxonomy":"categorie","embeddable":true,"href":"https:\/\/denhelder.online\/de\/wp-json\/wp\/v2\/categorie?post=390"}],"curies":[{"name":"wp","href":"https:\/\/api.w.org\/{rel}","templated":true}]}}