{"id":3903,"date":"2025-01-30T13:17:41","date_gmt":"2025-01-30T12:17:41","guid":{"rendered":"https:\/\/denhelder.online\/?page_id=3903"},"modified":"2026-03-13T12:00:06","modified_gmt":"2026-03-13T11:00:06","slug":"maritime-marsdiep-route","status":"publish","type":"page","link":"https:\/\/denhelder.online\/de\/wat-te-doen\/wandelroutes\/wandelen-door-den-helder\/martieme-marsdiep-route\/","title":{"rendered":"Maritime Marsdiep-Route"},"content":{"rendered":"<div data-elementor-type=\"wp-page\" data-elementor-id=\"3903\" class=\"elementor elementor-3903\" data-elementor-post-type=\"page\">\n\t\t\t\t<div class=\"elementor-element elementor-element-313627c0 e-flex e-con-boxed e-con e-parent\" data-id=\"313627c0\" data-element_type=\"container\" data-e-type=\"container\" data-settings=\"{&quot;jet_parallax_layout_list&quot;:[]}\">\n\t\t\t\t\t<div class=\"e-con-inner\">\n\t\t<div class=\"elementor-element elementor-element-281e129a e-con-full e-flex e-con e-child\" data-id=\"281e129a\" data-element_type=\"container\" data-e-type=\"container\" data-settings=\"{&quot;jet_parallax_layout_list&quot;:[]}\">\n\t\t\t\t<div class=\"elementor-element elementor-element-5f1e466b elementor-widget__width-inherit elementor-widget elementor-widget-heading\" data-id=\"5f1e466b\" data-element_type=\"widget\" data-e-type=\"widget\" data-widget_type=\"heading.default\">\n\t\t\t\t<div class=\"elementor-widget-container\">\n\t\t\t\t\t<h1 class=\"elementor-heading-title elementor-size-default\">Maritime Marsdiep-Route<\/h1>\t\t\t\t<\/div>\n\t\t\t\t<\/div>\n\t\t\t\t<div class=\"elementor-element elementor-element-7e58c96e elementor-widget elementor-widget-text-editor\" data-id=\"7e58c96e\" data-element_type=\"widget\" data-e-type=\"widget\" data-widget_type=\"text-editor.default\">\n\t\t\t\t<div class=\"elementor-widget-container\">\n\t\t\t\t\t\t\t\t\t<h3><strong>Entdecken Sie Den Helder an 10 besonderen Orten<\/strong><\/h3><p>Den Helder atmet maritime Geschichte. In den vergangenen 200 Jahren haben Fischer, Schiffbauer, Rettungsschwimmer und die Marine ein kleines Dorf in eine Stadt mit starker Verbindung zum Wasser verwandelt. Vor dem Zweiten Weltkrieg erlebte Den Helder eine Bl\u00fctezeit. Nach den schweren Bombenangriffen musste die Stadt wiederaufgebaut werden. Dabei entstanden neue Viertel und eine modernisierte Marinewerft, doch die maritime Atmosph\u00e4re blieb erhalten.<\/p><p><strong>Historische Route: Erleben Sie Vergangenheit und Innovation<\/strong><br \/>Folgen Sie ab dem Bahnhof Den Helder den blauen Pfeilen der Historischen Route (Marsdiep-Route). Unterwegs h\u00f6ren Sie kurze Dokumentarfilme \u00fcber das Leben im Stadtteil Visbuurt, die Arbeit auf der Rijkswerf (Nationalen Werft) und einzigartige Geschichten aus der Vergangenheit. Erfahren Sie mehr \u00fcber eine junge Frau, die mit dem \u2018Feenzug\u2019 zum Bahnhof Den Helder fuhr, um an einer Gala im K\u00f6niglich Niederl\u00e4ndischen Marineinstitut teilzunehmen. Begeben Sie sich auf eine Zeitreise und erleben Sie die Erneuerung der Stadt hautnah.<\/p><p>Die Route f\u00fchrt Sie an der beeindruckenden ehemaligen Schiffswerft Rijkswerf Willemsoord vorbei und bietet wundersch\u00f6ne Ausblicke vom Deich. Unterwegs k\u00f6nnen Sie auf einer der einladenden Terrassen entspannen.<\/p><p><strong>Ein gut zug\u00e4nglicher 4 km langer Spaziergang<\/strong><br \/>Die Route ist leicht zu finden und beginnt am Bahnhof Den Helder. Sie spazieren die Beatrixstraat entlang nach Willemsoord, vorbei an der alten Rijkswerf (Nationalen Schiffswerft), und weiter zum Deich. Anschlie\u00dfend passieren Sie das ehemalige &#039;t Huys Tijdverdrijf (Zeitsparhaus) und gelangen \u00fcber den Stadspark zur\u00fcck zum Bahnhof. Die Strecke ist \u00fcber 4 km lang und ideal f\u00fcr einen entspannten Stadtbummel.<\/p><p><strong>M\u00f6chten Sie die Routenkarte ansehen?<\/strong> Diese Karte ist im Experience Store in der Spoorstraat 2 und in den meisten Gesch\u00e4ften in Den Helder erh\u00e4ltlich. Sie wurde au\u00dferdem in verschiedene Stadtpl\u00e4ne sowie Rad-, Wander- und Bootskarten aufgenommen.<\/p>\t\t\t\t\t\t\t\t<\/div>\n\t\t\t\t<\/div>\n\t\t<div class=\"elementor-element elementor-element-1ca2aac9 e-con-full e-flex e-con e-child\" data-id=\"1ca2aac9\" data-element_type=\"container\" data-e-type=\"container\" data-settings=\"{&quot;jet_parallax_layout_list&quot;:[]}\">\n\t\t\t\t<div class=\"elementor-element elementor-element-4b73e26d elementor-mobile-align-justify elementor-widget-mobile__width-inherit elementor-tablet-align-justify elementor-widget elementor-widget-button\" data-id=\"4b73e26d\" data-element_type=\"widget\" data-e-type=\"widget\" data-widget_type=\"button.default\">\n\t\t\t\t<div class=\"elementor-widget-container\">\n\t\t\t\t\t\t\t\t\t<div class=\"elementor-button-wrapper\">\n\t\t\t\t\t<a class=\"elementor-button elementor-button-link elementor-size-sm\" href=\"https:\/\/denhelder.online\/de\/wandelroutes_maritieme-marsdieproute\/\" target=\"_blank\">\n\t\t\t\t\t\t<span class=\"elementor-button-content-wrapper\">\n\t\t\t\t\t\t<span class=\"elementor-button-icon\">\n\t\t\t\t<i aria-hidden=\"true\" class=\"fas fa-chevron-right\"><\/i>\t\t\t<\/span>\n\t\t\t\t\t\t\t\t\t<span class=\"elementor-button-text\">Route herunterladen<\/span>\n\t\t\t\t\t<\/span>\n\t\t\t\t\t<\/a>\n\t\t\t\t<\/div>\n\t\t\t\t\t\t\t\t<\/div>\n\t\t\t\t<\/div>\n\t\t\t\t<\/div>\n\t\t\t\t<\/div>\n\t\t<div class=\"elementor-element elementor-element-940fb4c e-con-full e-flex e-con e-child\" data-id=\"940fb4c\" data-element_type=\"container\" data-e-type=\"container\" data-settings=\"{&quot;jet_parallax_layout_list&quot;:[]}\">\n\t\t\t\t<div class=\"elementor-element elementor-element-41f8c664 elementor-widget elementor-widget-image\" data-id=\"41f8c664\" data-element_type=\"widget\" data-e-type=\"widget\" data-widget_type=\"image.default\">\n\t\t\t\t<div class=\"elementor-widget-container\">\n\t\t\t\t\t\t\t\t\t\t\t\t\t\t\t<img decoding=\"async\" width=\"210\" height=\"160\" src=\"https:\/\/denhelder.online\/wp-content\/uploads\/2025\/01\/Vertelpalen-op-dijk.jpg\" class=\"attachment-large size-large wp-image-3896\" alt=\"Wanderweg maritim Marsdiep\" \/>\t\t\t\t\t\t\t\t\t\t\t\t\t\t\t<\/div>\n\t\t\t\t<\/div>\n\t\t\t\t<\/div>\n\t\t\t\t\t<\/div>\n\t\t\t\t<\/div>\n\t\t\t\t<\/div>","protected":false},"excerpt":{"rendered":"<p>Maritieme Marsdiep route Ontdek Den Helder op 10 bijzondere plekken Den Helder ademt maritieme geschiedenis. Vissers, scheepstimmerlui, redders en de marine hebben in de afgelopen 200 jaar een klein dorp laten uitgroeien tot een stad met een sterke band met het water. Voor de Tweede Wereldoorlog kende Den Helder een bloeiende periode. Na de zware [&hellip;]<\/p>\n","protected":false},"author":17,"featured_media":3896,"parent":4877,"menu_order":0,"comment_status":"closed","ping_status":"closed","template":"elementor_header_footer","meta":{"footnotes":""},"tags":[],"doelgroep":[],"categorie":[],"class_list":["post-3903","page","type-page","status-publish","has-post-thumbnail","hentry"],"yoast_head":"<!-- This site is optimized with the Yoast SEO Premium plugin v24.7 (Yoast SEO v27.3) - https:\/\/yoast.com\/product\/yoast-seo-premium-wordpress\/ -->\n<title>Ontdek maritiem Den Helder: Historische wandeling langs 10 bijzondere plekken<\/title>\n<meta name=\"description\" content=\"Ontdek Den Helder met een historische stadswandeling van 4 km. Luister naar verhalen, bewonder de oude Rijkswerf en geniet van gezellige terrassen.\" \/>\n<meta name=\"robots\" content=\"index, follow, max-snippet:-1, max-image-preview:large, max-video-preview:-1\" \/>\n<link rel=\"canonical\" href=\"https:\/\/denhelder.online\/de\/was-zu-tun\/wanderwege\/durch-die-klare\/maritime-marsdiep-route\/\" \/>\n<meta property=\"og:locale\" content=\"de_DE\" \/>\n<meta property=\"og:type\" content=\"article\" \/>\n<meta property=\"og:title\" content=\"Martieme Marsdiep route\" \/>\n<meta property=\"og:description\" content=\"Ontdek Den Helder met een historische stadswandeling van 4 km. Luister naar verhalen, bewonder de oude Rijkswerf en geniet van gezellige terrassen.\" \/>\n<meta property=\"og:url\" content=\"https:\/\/denhelder.online\/de\/was-zu-tun\/wanderwege\/durch-die-klare\/maritime-marsdiep-route\/\" \/>\n<meta property=\"og:site_name\" content=\"Den Helder Online\" \/>\n<meta property=\"article:modified_time\" content=\"2026-03-13T11:00:06+00:00\" \/>\n<meta property=\"og:image\" content=\"https:\/\/denhelder.online\/wp-content\/uploads\/2025\/01\/Vertelpalen-op-dijk.jpg\" \/>\n\t<meta property=\"og:image:width\" content=\"210\" \/>\n\t<meta property=\"og:image:height\" content=\"160\" \/>\n\t<meta property=\"og:image:type\" content=\"image\/jpeg\" \/>\n<meta name=\"twitter:card\" content=\"summary_large_image\" \/>\n<meta name=\"twitter:label1\" content=\"Gesch\u00e4tzte Lesezeit\" \/>\n\t<meta name=\"twitter:data1\" content=\"2\u00a0Minuten\" \/>\n<script type=\"application\/ld+json\" class=\"yoast-schema-graph\">{\"@context\":\"https:\\\/\\\/schema.org\",\"@graph\":[{\"@type\":\"WebPage\",\"@id\":\"https:\\\/\\\/denhelder.online\\\/de\\\/was-zu-tun\\\/wanderwege\\\/durch-die-klare\\\/maritime-marsdiep-route\\\/\",\"url\":\"https:\\\/\\\/denhelder.online\\\/de\\\/was-zu-tun\\\/wanderwege\\\/durch-die-klare\\\/maritime-marsdiep-route\\\/\",\"name\":\"Ontdek maritiem Den Helder: Historische wandeling langs 10 bijzondere plekken\",\"isPartOf\":{\"@id\":\"https:\\\/\\\/denhelder.online\\\/#website\"},\"primaryImageOfPage\":{\"@id\":\"https:\\\/\\\/denhelder.online\\\/de\\\/was-zu-tun\\\/wanderwege\\\/durch-die-klare\\\/maritime-marsdiep-route\\\/#primaryimage\"},\"image\":{\"@id\":\"https:\\\/\\\/denhelder.online\\\/de\\\/was-zu-tun\\\/wanderwege\\\/durch-die-klare\\\/maritime-marsdiep-route\\\/#primaryimage\"},\"thumbnailUrl\":\"https:\\\/\\\/denhelder.online\\\/wp-content\\\/uploads\\\/2025\\\/01\\\/Vertelpalen-op-dijk.jpg\",\"datePublished\":\"2025-01-30T12:17:41+00:00\",\"dateModified\":\"2026-03-13T11:00:06+00:00\",\"description\":\"Ontdek Den Helder met een historische stadswandeling van 4 km. Luister naar verhalen, bewonder de oude Rijkswerf en geniet van gezellige terrassen.\",\"breadcrumb\":{\"@id\":\"https:\\\/\\\/denhelder.online\\\/de\\\/was-zu-tun\\\/wanderwege\\\/durch-die-klare\\\/maritime-marsdiep-route\\\/#breadcrumb\"},\"inLanguage\":\"de\",\"potentialAction\":[{\"@type\":\"ReadAction\",\"target\":[\"https:\\\/\\\/denhelder.online\\\/de\\\/was-zu-tun\\\/wanderwege\\\/durch-die-klare\\\/maritime-marsdiep-route\\\/\"]}]},{\"@type\":\"ImageObject\",\"inLanguage\":\"de\",\"@id\":\"https:\\\/\\\/denhelder.online\\\/de\\\/was-zu-tun\\\/wanderwege\\\/durch-die-klare\\\/maritime-marsdiep-route\\\/#primaryimage\",\"url\":\"https:\\\/\\\/denhelder.online\\\/wp-content\\\/uploads\\\/2025\\\/01\\\/Vertelpalen-op-dijk.jpg\",\"contentUrl\":\"https:\\\/\\\/denhelder.online\\\/wp-content\\\/uploads\\\/2025\\\/01\\\/Vertelpalen-op-dijk.jpg\",\"width\":210,\"height\":160,\"caption\":\"wandel route maritieme marsdiep\"},{\"@type\":\"BreadcrumbList\",\"@id\":\"https:\\\/\\\/denhelder.online\\\/de\\\/was-zu-tun\\\/wanderwege\\\/durch-die-klare\\\/maritime-marsdiep-route\\\/#breadcrumb\",\"itemListElement\":[{\"@type\":\"ListItem\",\"position\":1,\"name\":\"Home\",\"item\":\"https:\\\/\\\/denhelder.online\\\/\"},{\"@type\":\"ListItem\",\"position\":2,\"name\":\"Wat te doen\",\"item\":\"https:\\\/\\\/denhelder.online\\\/wat-te-doen\\\/\"},{\"@type\":\"ListItem\",\"position\":3,\"name\":\"Wandelroutes\",\"item\":\"https:\\\/\\\/denhelder.online\\\/en\\\/what-to-do\\\/walking-routes\\\/\"},{\"@type\":\"ListItem\",\"position\":4,\"name\":\"Wandelen door Den Helder\",\"item\":\"https:\\\/\\\/denhelder.online\\\/en\\\/what-to-do\\\/walking-routes\\\/walking-through-the-clear\\\/\"},{\"@type\":\"ListItem\",\"position\":5,\"name\":\"Martieme Marsdiep route\"}]},{\"@type\":\"WebSite\",\"@id\":\"https:\\\/\\\/denhelder.online\\\/#website\",\"url\":\"https:\\\/\\\/denhelder.online\\\/\",\"name\":\"Den Helder Online\",\"description\":\"Beleef Den Helder\",\"publisher\":{\"@id\":\"https:\\\/\\\/denhelder.online\\\/#organization\"},\"potentialAction\":[{\"@type\":\"SearchAction\",\"target\":{\"@type\":\"EntryPoint\",\"urlTemplate\":\"https:\\\/\\\/denhelder.online\\\/?s={search_term_string}\"},\"query-input\":{\"@type\":\"PropertyValueSpecification\",\"valueRequired\":true,\"valueName\":\"search_term_string\"}}],\"inLanguage\":\"de\"},{\"@type\":\"Organization\",\"@id\":\"https:\\\/\\\/denhelder.online\\\/#organization\",\"name\":\"Den Helder Online\",\"url\":\"https:\\\/\\\/denhelder.online\\\/\",\"logo\":{\"@type\":\"ImageObject\",\"inLanguage\":\"de\",\"@id\":\"https:\\\/\\\/denhelder.online\\\/#\\\/schema\\\/logo\\\/image\\\/\",\"url\":\"https:\\\/\\\/denhelder.online\\\/wp-content\\\/uploads\\\/2021\\\/12\\\/DitIsDH-Logo-26-tagline.svg\",\"contentUrl\":\"https:\\\/\\\/denhelder.online\\\/wp-content\\\/uploads\\\/2021\\\/12\\\/DitIsDH-Logo-26-tagline.svg\",\"width\":1717.0999999999999,\"height\":934.89999999999998,\"caption\":\"Den Helder Online\"},\"image\":{\"@id\":\"https:\\\/\\\/denhelder.online\\\/#\\\/schema\\\/logo\\\/image\\\/\"}}]}<\/script>\n<!-- \/ Yoast SEO Premium plugin. -->","yoast_head_json":{"title":"Entdecken Sie die maritime Route Den Helder: Ein historischer Spaziergang entlang 10 besonderer Orte","description":"Entdecken Sie Den Helder bei einem 4 km langen historischen Stadtrundgang. Lauschen Sie den Geschichten, bewundern Sie die alte Rijkswerf (Nationale Werft) und genie\u00dfen Sie gem\u00fctliche Terrassen.","robots":{"index":"index","follow":"follow","max-snippet":"max-snippet:-1","max-image-preview":"max-image-preview:large","max-video-preview":"max-video-preview:-1"},"canonical":"https:\/\/denhelder.online\/de\/was-zu-tun\/wanderwege\/durch-die-klare\/maritime-marsdiep-route\/","og_locale":"de_DE","og_type":"article","og_title":"Martieme Marsdiep route","og_description":"Ontdek Den Helder met een historische stadswandeling van 4 km. Luister naar verhalen, bewonder de oude Rijkswerf en geniet van gezellige terrassen.","og_url":"https:\/\/denhelder.online\/de\/was-zu-tun\/wanderwege\/durch-die-klare\/maritime-marsdiep-route\/","og_site_name":"Den Helder Online","article_modified_time":"2026-03-13T11:00:06+00:00","og_image":[{"width":210,"height":160,"url":"https:\/\/denhelder.online\/wp-content\/uploads\/2025\/01\/Vertelpalen-op-dijk.jpg","type":"image\/jpeg"}],"twitter_card":"summary_large_image","twitter_misc":{"Gesch\u00e4tzte Lesezeit":"2\u00a0Minuten"},"schema":{"@context":"https:\/\/schema.org","@graph":[{"@type":"WebPage","@id":"https:\/\/denhelder.online\/de\/was-zu-tun\/wanderwege\/durch-die-klare\/maritime-marsdiep-route\/","url":"https:\/\/denhelder.online\/de\/was-zu-tun\/wanderwege\/durch-die-klare\/maritime-marsdiep-route\/","name":"Entdecken Sie die maritime Route Den Helder: Ein historischer Spaziergang entlang 10 besonderer Orte","isPartOf":{"@id":"https:\/\/denhelder.online\/#website"},"primaryImageOfPage":{"@id":"https:\/\/denhelder.online\/de\/was-zu-tun\/wanderwege\/durch-die-klare\/maritime-marsdiep-route\/#primaryimage"},"image":{"@id":"https:\/\/denhelder.online\/de\/was-zu-tun\/wanderwege\/durch-die-klare\/maritime-marsdiep-route\/#primaryimage"},"thumbnailUrl":"https:\/\/denhelder.online\/wp-content\/uploads\/2025\/01\/Vertelpalen-op-dijk.jpg","datePublished":"2025-01-30T12:17:41+00:00","dateModified":"2026-03-13T11:00:06+00:00","description":"Entdecken Sie Den Helder bei einem 4 km langen historischen Stadtrundgang. Lauschen Sie den Geschichten, bewundern Sie die alte Rijkswerf (Nationale Werft) und genie\u00dfen Sie gem\u00fctliche Terrassen.","breadcrumb":{"@id":"https:\/\/denhelder.online\/de\/was-zu-tun\/wanderwege\/durch-die-klare\/maritime-marsdiep-route\/#breadcrumb"},"inLanguage":"de","potentialAction":[{"@type":"ReadAction","target":["https:\/\/denhelder.online\/de\/was-zu-tun\/wanderwege\/durch-die-klare\/maritime-marsdiep-route\/"]}]},{"@type":"ImageObject","inLanguage":"de","@id":"https:\/\/denhelder.online\/de\/was-zu-tun\/wanderwege\/durch-die-klare\/maritime-marsdiep-route\/#primaryimage","url":"https:\/\/denhelder.online\/wp-content\/uploads\/2025\/01\/Vertelpalen-op-dijk.jpg","contentUrl":"https:\/\/denhelder.online\/wp-content\/uploads\/2025\/01\/Vertelpalen-op-dijk.jpg","width":210,"height":160,"caption":"wandel route maritieme marsdiep"},{"@type":"BreadcrumbList","@id":"https:\/\/denhelder.online\/de\/was-zu-tun\/wanderwege\/durch-die-klare\/maritime-marsdiep-route\/#breadcrumb","itemListElement":[{"@type":"ListItem","position":1,"name":"Home","item":"https:\/\/denhelder.online\/"},{"@type":"ListItem","position":2,"name":"Wat te doen","item":"https:\/\/denhelder.online\/wat-te-doen\/"},{"@type":"ListItem","position":3,"name":"Wandelroutes","item":"https:\/\/denhelder.online\/en\/what-to-do\/walking-routes\/"},{"@type":"ListItem","position":4,"name":"Wandelen door Den Helder","item":"https:\/\/denhelder.online\/en\/what-to-do\/walking-routes\/walking-through-the-clear\/"},{"@type":"ListItem","position":5,"name":"Martieme Marsdiep route"}]},{"@type":"WebSite","@id":"https:\/\/denhelder.online\/#website","url":"https:\/\/denhelder.online\/","name":"Den Helder Online","description":"Erleben Sie Den Helder","publisher":{"@id":"https:\/\/denhelder.online\/#organization"},"potentialAction":[{"@type":"SearchAction","target":{"@type":"EntryPoint","urlTemplate":"https:\/\/denhelder.online\/?s={search_term_string}"},"query-input":{"@type":"PropertyValueSpecification","valueRequired":true,"valueName":"search_term_string"}}],"inLanguage":"de"},{"@type":"Organization","@id":"https:\/\/denhelder.online\/#organization","name":"Den Helder Online","url":"https:\/\/denhelder.online\/","logo":{"@type":"ImageObject","inLanguage":"de","@id":"https:\/\/denhelder.online\/#\/schema\/logo\/image\/","url":"https:\/\/denhelder.online\/wp-content\/uploads\/2021\/12\/DitIsDH-Logo-26-tagline.svg","contentUrl":"https:\/\/denhelder.online\/wp-content\/uploads\/2021\/12\/DitIsDH-Logo-26-tagline.svg","width":1717.0999999999999,"height":934.89999999999998,"caption":"Den Helder Online"},"image":{"@id":"https:\/\/denhelder.online\/#\/schema\/logo\/image\/"}}]}},"_links":{"self":[{"href":"https:\/\/denhelder.online\/de\/wp-json\/wp\/v2\/pages\/3903","targetHints":{"allow":["GET"]}}],"collection":[{"href":"https:\/\/denhelder.online\/de\/wp-json\/wp\/v2\/pages"}],"about":[{"href":"https:\/\/denhelder.online\/de\/wp-json\/wp\/v2\/types\/page"}],"author":[{"embeddable":true,"href":"https:\/\/denhelder.online\/de\/wp-json\/wp\/v2\/users\/17"}],"replies":[{"embeddable":true,"href":"https:\/\/denhelder.online\/de\/wp-json\/wp\/v2\/comments?post=3903"}],"version-history":[{"count":0,"href":"https:\/\/denhelder.online\/de\/wp-json\/wp\/v2\/pages\/3903\/revisions"}],"up":[{"embeddable":true,"href":"https:\/\/denhelder.online\/de\/wp-json\/wp\/v2\/pages\/4877"}],"wp:featuredmedia":[{"embeddable":true,"href":"https:\/\/denhelder.online\/de\/wp-json\/wp\/v2\/media\/3896"}],"wp:attachment":[{"href":"https:\/\/denhelder.online\/de\/wp-json\/wp\/v2\/media?parent=3903"}],"wp:term":[{"taxonomy":"post_tag","embeddable":true,"href":"https:\/\/denhelder.online\/de\/wp-json\/wp\/v2\/tags?post=3903"},{"taxonomy":"doelgroep","embeddable":true,"href":"https:\/\/denhelder.online\/de\/wp-json\/wp\/v2\/doelgroep?post=3903"},{"taxonomy":"categorie","embeddable":true,"href":"https:\/\/denhelder.online\/de\/wp-json\/wp\/v2\/categorie?post=3903"}],"curies":[{"name":"wp","href":"https:\/\/api.w.org\/{rel}","templated":true}]}}