{"id":3911,"date":"2025-01-30T13:50:33","date_gmt":"2025-01-30T12:50:33","guid":{"rendered":"https:\/\/denhelder.online\/?page_id=3911"},"modified":"2026-03-13T12:11:33","modified_gmt":"2026-03-13T11:11:33","slug":"entdecken-sie-die-natur-in-den-helderse-dunen","status":"publish","type":"page","link":"https:\/\/denhelder.online\/de\/wat-te-doen\/wandelroutes\/ontdek-de-natuur-in-de-helderse-duinen\/","title":{"rendered":"Entdecken Sie die Natur in den Helderse-D\u00fcnen"},"content":{"rendered":"<div data-elementor-type=\"wp-page\" data-elementor-id=\"3911\" class=\"elementor elementor-3911\" data-elementor-post-type=\"page\">\n\t\t\t\t<div class=\"elementor-element elementor-element-106d503b e-flex e-con-boxed e-con e-parent\" data-id=\"106d503b\" data-element_type=\"container\" data-e-type=\"container\" data-settings=\"{&quot;jet_parallax_layout_list&quot;:[]}\">\n\t\t\t\t\t<div class=\"e-con-inner\">\n\t\t<div class=\"elementor-element elementor-element-76d47616 e-con-full e-flex e-con e-child\" data-id=\"76d47616\" data-element_type=\"container\" data-e-type=\"container\" data-settings=\"{&quot;jet_parallax_layout_list&quot;:[]}\">\n\t\t\t\t<div class=\"elementor-element elementor-element-65e4735d elementor-widget__width-inherit elementor-widget elementor-widget-heading\" data-id=\"65e4735d\" data-element_type=\"widget\" data-e-type=\"widget\" data-widget_type=\"heading.default\">\n\t\t\t\t<div class=\"elementor-widget-container\">\n\t\t\t\t\t<span class=\"elementor-heading-title elementor-size-default\">Untertitel<\/span>\t\t\t\t<\/div>\n\t\t\t\t<\/div>\n\t\t\t\t<div class=\"elementor-element elementor-element-42abd08f elementor-widget__width-inherit elementor-widget elementor-widget-heading\" data-id=\"42abd08f\" data-element_type=\"widget\" data-e-type=\"widget\" data-widget_type=\"heading.default\">\n\t\t\t\t<div class=\"elementor-widget-container\">\n\t\t\t\t\t<h1 class=\"elementor-heading-title elementor-size-default\">Entdecken Sie die Natur in den Helderse-D\u00fcnen<\/h1>\t\t\t\t<\/div>\n\t\t\t\t<\/div>\n\t\t\t\t<div class=\"elementor-element elementor-element-5856cec9 elementor-widget elementor-widget-text-editor\" data-id=\"5856cec9\" data-element_type=\"widget\" data-e-type=\"widget\" data-widget_type=\"text-editor.default\">\n\t\t\t\t<div class=\"elementor-widget-container\">\n\t\t\t\t\t\t\t\t\t<h3><strong>Ein \u00fcberraschendes St\u00fcck Wildnis in der N\u00e4he der Stadt<\/strong><\/h3><p>Den Helder ist bekannt f\u00fcr seinen Marinehafen, aber wussten Sie, dass Sie hier auch wundersch\u00f6ne Natur finden? Die D\u00fcnen von Helderse bilden ein weitl\u00e4ufiges Naturschutzgebiet in der Region Kop van Noord-Holland. Hier erleben Sie Wildnis pur und sind dennoch stadtnah.<\/p><p>F\u00fcr jeden Wanderer die passende Route<br \/>In den Helderse-D\u00fcnen gibt es viele M\u00f6glichkeiten f\u00fcr einen sch\u00f6nen Spaziergang.<\/p><p><strong>Vom Besucherzentrum aus starten mehrere Routen:<\/strong><\/p><p>Blaue Route: 6,1 km<\/p><p>Gr\u00fcne Route: 2,1 km<\/p><p>Pinkfarbene Route: 8,7 km (Hunde nicht erlaubt)<\/p><p>Orange Route: 9,4 km<\/p><p>Gelbe Route: 12,1 km<\/p><p>Schwarze Route: 2,8 km<\/p><p>Unterwegs k\u00f6nnen Sie einen Blick auf den ber\u00fchmten Leuchtturm De Lange Jaap in Huisduinen erhaschen. M\u00f6chten Sie Ihre Wanderung noch unvergesslicher gestalten? Dann besuchen Sie Fort Kijkduin und entdecken Sie seine reiche Geschichte.<\/p><p><strong>G\u00fcnstige Ausgangspunkte und Parkm\u00f6glichkeiten<\/strong><br \/>Am Besucherzentrum Helderse Vallei stehen kostenlose Parkpl\u00e4tze zur Verf\u00fcgung. Von dort aus k\u00f6nnen Sie auch den Aussichtsturm besteigen und die atemberaubende Aussicht auf die Umgebung genie\u00dfen. Der Ausgangspunkt des Wanderwegs und der Parkplatz befinden sich in De Helderse Vallei 9-11 in Den Helder.<\/p><p>Genie\u00dfen Sie es nach Ihrem Spaziergang<br \/>Nach einem sch\u00f6nen Spaziergang Lust auf einen kleinen Imbiss? Ganz in der N\u00e4he finden Sie gem\u00fctliche Restaurants wie Nogal Wiedus, Duinoord&#039;s Steakhouse, Bospaviljoen De Vallei und Pannenkoekenvallei. Hier k\u00f6nnen Sie sich bei einem Snack und einem Getr\u00e4nk entspannen.<\/p>\t\t\t\t\t\t\t\t<\/div>\n\t\t\t\t<\/div>\n\t\t<div class=\"elementor-element elementor-element-14243de e-con-full e-flex e-con e-child\" data-id=\"14243de\" data-element_type=\"container\" data-e-type=\"container\" data-settings=\"{&quot;jet_parallax_layout_list&quot;:[]}\">\n\t\t\t\t<div class=\"elementor-element elementor-element-4a4842b0 elementor-mobile-align-justify elementor-widget-mobile__width-inherit elementor-tablet-align-justify elementor-widget elementor-widget-button\" data-id=\"4a4842b0\" data-element_type=\"widget\" data-e-type=\"widget\" data-widget_type=\"button.default\">\n\t\t\t\t<div class=\"elementor-widget-container\">\n\t\t\t\t\t\t\t\t\t<div class=\"elementor-button-wrapper\">\n\t\t\t\t\t<a class=\"elementor-button elementor-button-link elementor-size-sm\" href=\"https:\/\/denhelder.online\/de\/wandelroutes_-wandelen-door-de-helderse-duinen\/\" target=\"_blank\">\n\t\t\t\t\t\t<span class=\"elementor-button-content-wrapper\">\n\t\t\t\t\t\t<span class=\"elementor-button-icon\">\n\t\t\t\t<i aria-hidden=\"true\" class=\"fas fa-chevron-right\"><\/i>\t\t\t<\/span>\n\t\t\t\t\t\t\t\t\t<span class=\"elementor-button-text\">Route<\/span>\n\t\t\t\t\t<\/span>\n\t\t\t\t\t<\/a>\n\t\t\t\t<\/div>\n\t\t\t\t\t\t\t\t<\/div>\n\t\t\t\t<\/div>\n\t\t\t\t<\/div>\n\t\t\t\t<\/div>\n\t\t<div class=\"elementor-element elementor-element-d6c2369 e-con-full e-flex e-con e-child\" data-id=\"d6c2369\" data-element_type=\"container\" data-e-type=\"container\" data-settings=\"{&quot;jet_parallax_layout_list&quot;:[]}\">\n\t\t\t\t<div class=\"elementor-element elementor-element-4c9a6a07 elementor-widget elementor-widget-image\" data-id=\"4c9a6a07\" data-element_type=\"widget\" data-e-type=\"widget\" data-widget_type=\"image.default\">\n\t\t\t\t<div class=\"elementor-widget-container\">\n\t\t\t\t\t\t\t\t\t\t\t\t\t\t\t<img fetchpriority=\"high\" decoding=\"async\" width=\"336\" height=\"446\" src=\"https:\/\/denhelder.online\/wp-content\/uploads\/2025\/01\/Uitkijktoren.jpg\" class=\"attachment-large size-large wp-image-3916\" alt=\"Helderse D\u00fcnen Den Helder Helderse Tal\" srcset=\"https:\/\/denhelder.online\/wp-content\/uploads\/2025\/01\/Uitkijktoren.jpg 336w, https:\/\/denhelder.online\/wp-content\/uploads\/2025\/01\/Uitkijktoren-226x300.jpg 226w\" sizes=\"(max-width: 336px) 100vw, 336px\" \/>\t\t\t\t\t\t\t\t\t\t\t\t\t\t\t<\/div>\n\t\t\t\t<\/div>\n\t\t\t\t<\/div>\n\t\t\t\t\t<\/div>\n\t\t\t\t<\/div>\n\t\t\t\t<\/div>","protected":false},"excerpt":{"rendered":"<p>Subtitel Ontdek de natuur in de Helderse Duinen Een verrassend stukje wildernis dicht bij de stad Den Helder staat bekend om haar marinehaven, maar wist je dat je hier ook prachtige natuur vindt? De Helderse Duinen vormen een uitgestrekt natuurgebied in de Kop van Noord-Holland. Hier ervaar je het gevoel van wildernis, terwijl je toch [&hellip;]<\/p>\n","protected":false},"author":17,"featured_media":3916,"parent":3678,"menu_order":0,"comment_status":"closed","ping_status":"closed","template":"elementor_header_footer","meta":{"footnotes":""},"tags":[],"doelgroep":[6027,6029],"categorie":[],"class_list":["post-3911","page","type-page","status-publish","has-post-thumbnail","hentry","doelgroep-inwoner","doelgroep-toerist"],"yoast_head":"<!-- This site is optimized with the Yoast SEO Premium plugin v24.7 (Yoast SEO v27.3) - https:\/\/yoast.com\/product\/yoast-seo-premium-wordpress\/ -->\n<title>Wandel door maritiem Den Helder en verken de Helderse Duinen<\/title>\n<meta name=\"description\" content=\"Wandel door Den Helder: ontdek de rijke geschiedenis en geniet van de uitgestrekte Helderse Duinen. Routes voor iedere wandelaar!\" \/>\n<meta name=\"robots\" content=\"index, follow, max-snippet:-1, max-image-preview:large, max-video-preview:-1\" \/>\n<link rel=\"canonical\" href=\"https:\/\/denhelder.online\/de\/was-zu-tun\/wanderwege\/entdecken-sie-die-natur-in-den-helderse-dunen\/\" \/>\n<meta property=\"og:locale\" content=\"de_DE\" \/>\n<meta property=\"og:type\" content=\"article\" \/>\n<meta property=\"og:title\" content=\"Ontdek de natuur in de Helderse Duinen\" \/>\n<meta property=\"og:description\" content=\"Wandel door Den Helder: ontdek de rijke geschiedenis en geniet van de uitgestrekte Helderse Duinen. Routes voor iedere wandelaar!\" \/>\n<meta property=\"og:url\" content=\"https:\/\/denhelder.online\/de\/was-zu-tun\/wanderwege\/entdecken-sie-die-natur-in-den-helderse-dunen\/\" \/>\n<meta property=\"og:site_name\" content=\"Den Helder Online\" \/>\n<meta property=\"article:modified_time\" content=\"2026-03-13T11:11:33+00:00\" \/>\n<meta property=\"og:image\" content=\"https:\/\/denhelder.online\/wp-content\/uploads\/2025\/01\/Uitkijktoren.jpg\" \/>\n\t<meta property=\"og:image:width\" content=\"336\" \/>\n\t<meta property=\"og:image:height\" content=\"446\" \/>\n\t<meta property=\"og:image:type\" content=\"image\/jpeg\" \/>\n<meta name=\"twitter:card\" content=\"summary_large_image\" \/>\n<meta name=\"twitter:label1\" content=\"Gesch\u00e4tzte Lesezeit\" \/>\n\t<meta name=\"twitter:data1\" content=\"2\u00a0Minuten\" \/>\n<script type=\"application\/ld+json\" class=\"yoast-schema-graph\">{\"@context\":\"https:\\\/\\\/schema.org\",\"@graph\":[{\"@type\":\"WebPage\",\"@id\":\"https:\\\/\\\/denhelder.online\\\/wat-te-doen\\\/wandelroutes\\\/ontdek-de-natuur-in-de-helderse-duinen\\\/\",\"url\":\"https:\\\/\\\/denhelder.online\\\/wat-te-doen\\\/wandelroutes\\\/ontdek-de-natuur-in-de-helderse-duinen\\\/\",\"name\":\"Wandel door maritiem Den Helder en verken de Helderse Duinen\",\"isPartOf\":{\"@id\":\"https:\\\/\\\/denhelder.online\\\/#website\"},\"primaryImageOfPage\":{\"@id\":\"https:\\\/\\\/denhelder.online\\\/wat-te-doen\\\/wandelroutes\\\/ontdek-de-natuur-in-de-helderse-duinen\\\/#primaryimage\"},\"image\":{\"@id\":\"https:\\\/\\\/denhelder.online\\\/wat-te-doen\\\/wandelroutes\\\/ontdek-de-natuur-in-de-helderse-duinen\\\/#primaryimage\"},\"thumbnailUrl\":\"https:\\\/\\\/denhelder.online\\\/wp-content\\\/uploads\\\/2025\\\/01\\\/Uitkijktoren.jpg\",\"datePublished\":\"2025-01-30T12:50:33+00:00\",\"dateModified\":\"2026-03-13T11:11:33+00:00\",\"description\":\"Wandel door Den Helder: ontdek de rijke geschiedenis en geniet van de uitgestrekte Helderse Duinen. Routes voor iedere wandelaar!\",\"breadcrumb\":{\"@id\":\"https:\\\/\\\/denhelder.online\\\/wat-te-doen\\\/wandelroutes\\\/ontdek-de-natuur-in-de-helderse-duinen\\\/#breadcrumb\"},\"inLanguage\":\"de\",\"potentialAction\":[{\"@type\":\"ReadAction\",\"target\":[\"https:\\\/\\\/denhelder.online\\\/wat-te-doen\\\/wandelroutes\\\/ontdek-de-natuur-in-de-helderse-duinen\\\/\"]}]},{\"@type\":\"ImageObject\",\"inLanguage\":\"de\",\"@id\":\"https:\\\/\\\/denhelder.online\\\/wat-te-doen\\\/wandelroutes\\\/ontdek-de-natuur-in-de-helderse-duinen\\\/#primaryimage\",\"url\":\"https:\\\/\\\/denhelder.online\\\/wp-content\\\/uploads\\\/2025\\\/01\\\/Uitkijktoren.jpg\",\"contentUrl\":\"https:\\\/\\\/denhelder.online\\\/wp-content\\\/uploads\\\/2025\\\/01\\\/Uitkijktoren.jpg\",\"width\":336,\"height\":446,\"caption\":\"Helderse duinen Den Helder Helderse vallei\"},{\"@type\":\"BreadcrumbList\",\"@id\":\"https:\\\/\\\/denhelder.online\\\/wat-te-doen\\\/wandelroutes\\\/ontdek-de-natuur-in-de-helderse-duinen\\\/#breadcrumb\",\"itemListElement\":[{\"@type\":\"ListItem\",\"position\":1,\"name\":\"Home\",\"item\":\"https:\\\/\\\/denhelder.online\\\/\"},{\"@type\":\"ListItem\",\"position\":2,\"name\":\"Wat te doen\",\"item\":\"https:\\\/\\\/denhelder.online\\\/wat-te-doen\\\/\"},{\"@type\":\"ListItem\",\"position\":3,\"name\":\"Wandelroutes\",\"item\":\"https:\\\/\\\/denhelder.online\\\/wat-te-doen\\\/wandelroutes\\\/\"},{\"@type\":\"ListItem\",\"position\":4,\"name\":\"Ontdek de natuur in de Helderse Duinen\"}]},{\"@type\":\"WebSite\",\"@id\":\"https:\\\/\\\/denhelder.online\\\/#website\",\"url\":\"https:\\\/\\\/denhelder.online\\\/\",\"name\":\"Den Helder Online\",\"description\":\"Beleef Den Helder\",\"publisher\":{\"@id\":\"https:\\\/\\\/denhelder.online\\\/#organization\"},\"potentialAction\":[{\"@type\":\"SearchAction\",\"target\":{\"@type\":\"EntryPoint\",\"urlTemplate\":\"https:\\\/\\\/denhelder.online\\\/?s={search_term_string}\"},\"query-input\":{\"@type\":\"PropertyValueSpecification\",\"valueRequired\":true,\"valueName\":\"search_term_string\"}}],\"inLanguage\":\"de\"},{\"@type\":\"Organization\",\"@id\":\"https:\\\/\\\/denhelder.online\\\/#organization\",\"name\":\"Den Helder Online\",\"url\":\"https:\\\/\\\/denhelder.online\\\/\",\"logo\":{\"@type\":\"ImageObject\",\"inLanguage\":\"de\",\"@id\":\"https:\\\/\\\/denhelder.online\\\/#\\\/schema\\\/logo\\\/image\\\/\",\"url\":\"https:\\\/\\\/denhelder.online\\\/wp-content\\\/uploads\\\/2021\\\/12\\\/DitIsDH-Logo-26-tagline.svg\",\"contentUrl\":\"https:\\\/\\\/denhelder.online\\\/wp-content\\\/uploads\\\/2021\\\/12\\\/DitIsDH-Logo-26-tagline.svg\",\"width\":1717.0999999999999,\"height\":934.89999999999998,\"caption\":\"Den Helder Online\"},\"image\":{\"@id\":\"https:\\\/\\\/denhelder.online\\\/#\\\/schema\\\/logo\\\/image\\\/\"}}]}<\/script>\n<!-- \/ Yoast SEO Premium plugin. -->","yoast_head_json":{"title":"Schlendern Sie durch das maritime Gebiet Den Helder und erkunden Sie die D\u00fcnen von Helderse","description":"Spazieren Sie durch Den Helder: Entdecken Sie seine reiche Geschichte und genie\u00dfen Sie die weitl\u00e4ufigen D\u00fcnen von Helderse. Routen f\u00fcr jeden Wanderer!","robots":{"index":"index","follow":"follow","max-snippet":"max-snippet:-1","max-image-preview":"max-image-preview:large","max-video-preview":"max-video-preview:-1"},"canonical":"https:\/\/denhelder.online\/de\/was-zu-tun\/wanderwege\/entdecken-sie-die-natur-in-den-helderse-dunen\/","og_locale":"de_DE","og_type":"article","og_title":"Ontdek de natuur in de Helderse Duinen","og_description":"Wandel door Den Helder: ontdek de rijke geschiedenis en geniet van de uitgestrekte Helderse Duinen. Routes voor iedere wandelaar!","og_url":"https:\/\/denhelder.online\/de\/was-zu-tun\/wanderwege\/entdecken-sie-die-natur-in-den-helderse-dunen\/","og_site_name":"Den Helder Online","article_modified_time":"2026-03-13T11:11:33+00:00","og_image":[{"width":336,"height":446,"url":"https:\/\/denhelder.online\/wp-content\/uploads\/2025\/01\/Uitkijktoren.jpg","type":"image\/jpeg"}],"twitter_card":"summary_large_image","twitter_misc":{"Gesch\u00e4tzte Lesezeit":"2\u00a0Minuten"},"schema":{"@context":"https:\/\/schema.org","@graph":[{"@type":"WebPage","@id":"https:\/\/denhelder.online\/wat-te-doen\/wandelroutes\/ontdek-de-natuur-in-de-helderse-duinen\/","url":"https:\/\/denhelder.online\/wat-te-doen\/wandelroutes\/ontdek-de-natuur-in-de-helderse-duinen\/","name":"Schlendern Sie durch das maritime Gebiet Den Helder und erkunden Sie die D\u00fcnen von Helderse","isPartOf":{"@id":"https:\/\/denhelder.online\/#website"},"primaryImageOfPage":{"@id":"https:\/\/denhelder.online\/wat-te-doen\/wandelroutes\/ontdek-de-natuur-in-de-helderse-duinen\/#primaryimage"},"image":{"@id":"https:\/\/denhelder.online\/wat-te-doen\/wandelroutes\/ontdek-de-natuur-in-de-helderse-duinen\/#primaryimage"},"thumbnailUrl":"https:\/\/denhelder.online\/wp-content\/uploads\/2025\/01\/Uitkijktoren.jpg","datePublished":"2025-01-30T12:50:33+00:00","dateModified":"2026-03-13T11:11:33+00:00","description":"Spazieren Sie durch Den Helder: Entdecken Sie seine reiche Geschichte und genie\u00dfen Sie die weitl\u00e4ufigen D\u00fcnen von Helderse. Routen f\u00fcr jeden Wanderer!","breadcrumb":{"@id":"https:\/\/denhelder.online\/wat-te-doen\/wandelroutes\/ontdek-de-natuur-in-de-helderse-duinen\/#breadcrumb"},"inLanguage":"de","potentialAction":[{"@type":"ReadAction","target":["https:\/\/denhelder.online\/wat-te-doen\/wandelroutes\/ontdek-de-natuur-in-de-helderse-duinen\/"]}]},{"@type":"ImageObject","inLanguage":"de","@id":"https:\/\/denhelder.online\/wat-te-doen\/wandelroutes\/ontdek-de-natuur-in-de-helderse-duinen\/#primaryimage","url":"https:\/\/denhelder.online\/wp-content\/uploads\/2025\/01\/Uitkijktoren.jpg","contentUrl":"https:\/\/denhelder.online\/wp-content\/uploads\/2025\/01\/Uitkijktoren.jpg","width":336,"height":446,"caption":"Helderse duinen Den Helder Helderse vallei"},{"@type":"BreadcrumbList","@id":"https:\/\/denhelder.online\/wat-te-doen\/wandelroutes\/ontdek-de-natuur-in-de-helderse-duinen\/#breadcrumb","itemListElement":[{"@type":"ListItem","position":1,"name":"Home","item":"https:\/\/denhelder.online\/"},{"@type":"ListItem","position":2,"name":"Wat te doen","item":"https:\/\/denhelder.online\/wat-te-doen\/"},{"@type":"ListItem","position":3,"name":"Wandelroutes","item":"https:\/\/denhelder.online\/wat-te-doen\/wandelroutes\/"},{"@type":"ListItem","position":4,"name":"Ontdek de natuur in de Helderse Duinen"}]},{"@type":"WebSite","@id":"https:\/\/denhelder.online\/#website","url":"https:\/\/denhelder.online\/","name":"Den Helder Online","description":"Erleben Sie Den Helder","publisher":{"@id":"https:\/\/denhelder.online\/#organization"},"potentialAction":[{"@type":"SearchAction","target":{"@type":"EntryPoint","urlTemplate":"https:\/\/denhelder.online\/?s={search_term_string}"},"query-input":{"@type":"PropertyValueSpecification","valueRequired":true,"valueName":"search_term_string"}}],"inLanguage":"de"},{"@type":"Organization","@id":"https:\/\/denhelder.online\/#organization","name":"Den Helder Online","url":"https:\/\/denhelder.online\/","logo":{"@type":"ImageObject","inLanguage":"de","@id":"https:\/\/denhelder.online\/#\/schema\/logo\/image\/","url":"https:\/\/denhelder.online\/wp-content\/uploads\/2021\/12\/DitIsDH-Logo-26-tagline.svg","contentUrl":"https:\/\/denhelder.online\/wp-content\/uploads\/2021\/12\/DitIsDH-Logo-26-tagline.svg","width":1717.0999999999999,"height":934.89999999999998,"caption":"Den Helder Online"},"image":{"@id":"https:\/\/denhelder.online\/#\/schema\/logo\/image\/"}}]}},"_links":{"self":[{"href":"https:\/\/denhelder.online\/de\/wp-json\/wp\/v2\/pages\/3911","targetHints":{"allow":["GET"]}}],"collection":[{"href":"https:\/\/denhelder.online\/de\/wp-json\/wp\/v2\/pages"}],"about":[{"href":"https:\/\/denhelder.online\/de\/wp-json\/wp\/v2\/types\/page"}],"author":[{"embeddable":true,"href":"https:\/\/denhelder.online\/de\/wp-json\/wp\/v2\/users\/17"}],"replies":[{"embeddable":true,"href":"https:\/\/denhelder.online\/de\/wp-json\/wp\/v2\/comments?post=3911"}],"version-history":[{"count":0,"href":"https:\/\/denhelder.online\/de\/wp-json\/wp\/v2\/pages\/3911\/revisions"}],"up":[{"embeddable":true,"href":"https:\/\/denhelder.online\/de\/wp-json\/wp\/v2\/pages\/3678"}],"wp:featuredmedia":[{"embeddable":true,"href":"https:\/\/denhelder.online\/de\/wp-json\/wp\/v2\/media\/3916"}],"wp:attachment":[{"href":"https:\/\/denhelder.online\/de\/wp-json\/wp\/v2\/media?parent=3911"}],"wp:term":[{"taxonomy":"post_tag","embeddable":true,"href":"https:\/\/denhelder.online\/de\/wp-json\/wp\/v2\/tags?post=3911"},{"taxonomy":"doelgroep","embeddable":true,"href":"https:\/\/denhelder.online\/de\/wp-json\/wp\/v2\/doelgroep?post=3911"},{"taxonomy":"categorie","embeddable":true,"href":"https:\/\/denhelder.online\/de\/wp-json\/wp\/v2\/categorie?post=3911"}],"curies":[{"name":"wp","href":"https:\/\/api.w.org\/{rel}","templated":true}]}}