{"id":3926,"date":"2025-01-30T14:26:30","date_gmt":"2025-01-30T13:26:30","guid":{"rendered":"https:\/\/denhelder.online\/?page_id=3926"},"modified":"2026-03-13T12:08:26","modified_gmt":"2026-03-13T11:08:26","slug":"ns-spaziergang-helderse-dunes-entdecken-sie-den-maritimen-hohlenhelder","status":"publish","type":"page","link":"https:\/\/denhelder.online\/de\/wat-te-doen\/wandelroutes\/wandelen-door-den-helder\/ns-wandeling-helderse-duinen-ontdek-het-maritieme-den-helder\/","title":{"rendered":"NS-Wanderung Helderse D\u00fcnen: Entdecken Sie die maritime Landschaft Den Helder"},"content":{"rendered":"<div data-elementor-type=\"wp-page\" data-elementor-id=\"3926\" class=\"elementor elementor-3926\" data-elementor-post-type=\"page\">\n\t\t\t\t<div class=\"elementor-element elementor-element-5f4c5816 e-flex e-con-boxed e-con e-parent\" data-id=\"5f4c5816\" data-element_type=\"container\" data-e-type=\"container\" data-settings=\"{&quot;jet_parallax_layout_list&quot;:[]}\">\n\t\t\t\t\t<div class=\"e-con-inner\">\n\t\t<div class=\"elementor-element elementor-element-40f129b e-con-full e-flex e-con e-child\" data-id=\"40f129b\" data-element_type=\"container\" data-e-type=\"container\" data-settings=\"{&quot;jet_parallax_layout_list&quot;:[]}\">\n\t\t\t\t<div class=\"elementor-element elementor-element-33bd5f0a elementor-widget__width-inherit elementor-widget elementor-widget-heading\" data-id=\"33bd5f0a\" data-element_type=\"widget\" data-e-type=\"widget\" data-widget_type=\"heading.default\">\n\t\t\t\t<div class=\"elementor-widget-container\">\n\t\t\t\t\t<h2 class=\"elementor-heading-title elementor-size-default\">NS-Wanderung Helderse D\u00fcnen<\/h2>\t\t\t\t<\/div>\n\t\t\t\t<\/div>\n\t\t\t\t<div class=\"elementor-element elementor-element-2b390b3e elementor-widget elementor-widget-text-editor\" data-id=\"2b390b3e\" data-element_type=\"widget\" data-e-type=\"widget\" data-widget_type=\"text-editor.default\">\n\t\t\t\t<div class=\"elementor-widget-container\">\n\t\t\t\t\t\t\t\t\t<h3><strong>Eine \u00fcberraschende Wanderroute in Den Helder<\/strong><\/h3><p>Ja, ein Spaziergang in und um Den Helder lohnt sich absolut! Diese abwechslungsreiche Route beginnt am Bahnhof Den Helder Zuid, der dank der Intercity-Haltestelle bequem zu erreichen ist. Vom Bahnhof aus gelangen Sie in das Naturschutzgebiet De Nollen, direkt daneben befindet sich Rudi de Wints beeindruckendes Kunstprojekt De Nollen. Sie wandern auf gewundenen D\u00fcnenpfaden, am Meer entlang und \u00fcber historische Deiche. Unterwegs passieren Sie imposante Festungen, Museen und den ikonischen Leuchtturm Lange Jaap. Die Route endet im charmanten Stadtzentrum, wo Sie auf einer Terrasse entspannen oder einen der H\u00e4fen erkunden k\u00f6nnen.<\/p><p><strong>W\u00e4hlen Sie Ihre Entfernung<\/strong><br \/>Die Strecke kann in unterschiedlichen L\u00e4ngen begangen werden:<\/p><p>9,5 km \u2013 eine k\u00fcrzere Version mit allen Highlights<\/p><p>14 km \u2013 einschlie\u00dflich zus\u00e4tzlicher Natur und Geschichte<\/p><p>15,5 km \u2013 die gesamte Strecke von Bahnhof Den Helder S\u00fcd nach Bahnhof Den Helder<\/p><p><strong>Praktische Informationen<\/strong><br \/>Ausgangspunkt: Bahnhof Den Helder Zuid (Fernbahnhof)<\/p><p><strong>Warum diese Wanderung?<\/strong><br \/>* Mehr als 5 km durch unber\u00fchrte D\u00fcnen<br \/>* Genie\u00dfen Sie eine frische Brise am Meer<br \/>* Besuchen Sie Fort Kijkduin, das Marinemuseum, De Nollen und das Rettungsmuseum<br \/>* Zum Abschluss erwartet Sie das renovierte Stadtzentrum mit seinen gem\u00fctlichen Restaurants und H\u00e4fen.<\/p>\t\t\t\t\t\t\t\t<\/div>\n\t\t\t\t<\/div>\n\t\t<div class=\"elementor-element elementor-element-39ffefae e-con-full e-flex e-con e-child\" data-id=\"39ffefae\" data-element_type=\"container\" data-e-type=\"container\" data-settings=\"{&quot;jet_parallax_layout_list&quot;:[]}\">\n\t\t\t\t<div class=\"elementor-element elementor-element-37aed91c elementor-mobile-align-justify elementor-widget-mobile__width-inherit elementor-tablet-align-justify elementor-widget elementor-widget-button\" data-id=\"37aed91c\" data-element_type=\"widget\" data-e-type=\"widget\" data-widget_type=\"button.default\">\n\t\t\t\t<div class=\"elementor-widget-container\">\n\t\t\t\t\t\t\t\t\t<div class=\"elementor-button-wrapper\">\n\t\t\t\t\t<a class=\"elementor-button elementor-button-link elementor-size-sm\" href=\"\">\n\t\t\t\t\t\t<span class=\"elementor-button-content-wrapper\">\n\t\t\t\t\t\t<span class=\"elementor-button-icon\">\n\t\t\t\t<i aria-hidden=\"true\" class=\"fas fa-chevron-right\"><\/i>\t\t\t<\/span>\n\t\t\t\t\t\t\t\t\t<span class=\"elementor-button-text\">Erweiterte Beschreibung<\/span>\n\t\t\t\t\t<\/span>\n\t\t\t\t\t<\/a>\n\t\t\t\t<\/div>\n\t\t\t\t\t\t\t\t<\/div>\n\t\t\t\t<\/div>\n\t\t\t\t<div class=\"elementor-element elementor-element-5c0a458e elementor-mobile-align-justify elementor-widget-mobile__width-inherit elementor-tablet-align-justify elementor-widget elementor-widget-button\" data-id=\"5c0a458e\" data-element_type=\"widget\" data-e-type=\"widget\" data-widget_type=\"button.default\">\n\t\t\t\t<div class=\"elementor-widget-container\">\n\t\t\t\t\t\t\t\t\t<div class=\"elementor-button-wrapper\">\n\t\t\t\t\t<a class=\"elementor-button elementor-button-link elementor-size-sm\" href=\"https:\/\/denhelder.online\/de\/wandelroutes_ns-wandeling\/\" target=\"_blank\">\n\t\t\t\t\t\t<span class=\"elementor-button-content-wrapper\">\n\t\t\t\t\t\t<span class=\"elementor-button-icon\">\n\t\t\t\t<i aria-hidden=\"true\" class=\"fas fa-chevron-right\"><\/i>\t\t\t<\/span>\n\t\t\t\t\t\t\t\t\t<span class=\"elementor-button-text\">Route<\/span>\n\t\t\t\t\t<\/span>\n\t\t\t\t\t<\/a>\n\t\t\t\t<\/div>\n\t\t\t\t\t\t\t\t<\/div>\n\t\t\t\t<\/div>\n\t\t\t\t<\/div>\n\t\t\t\t<\/div>\n\t\t<div class=\"elementor-element elementor-element-7b866c4f e-con-full e-flex e-con e-child\" data-id=\"7b866c4f\" data-element_type=\"container\" data-e-type=\"container\" data-settings=\"{&quot;jet_parallax_layout_list&quot;:[]}\">\n\t\t\t\t<div class=\"elementor-element elementor-element-22a8b379 elementor-widget elementor-widget-image\" data-id=\"22a8b379\" data-element_type=\"widget\" data-e-type=\"widget\" data-widget_type=\"image.default\">\n\t\t\t\t<div class=\"elementor-widget-container\">\n\t\t\t\t\t\t\t\t\t\t\t\t<figure class=\"wp-caption\">\n\t\t\t\t\t\t\t\t\t\t<img fetchpriority=\"high\" decoding=\"async\" width=\"1844\" height=\"1230\" src=\"https:\/\/denhelder.online\/wp-content\/uploads\/2025\/01\/De-Nollen-den-helder.jpg\" class=\"attachment-full size-full wp-image-3927\" alt=\"Die Nollen NS-Wanderroute Helderse D\u00fcnen Maritime\" srcset=\"https:\/\/denhelder.online\/wp-content\/uploads\/2025\/01\/De-Nollen-den-helder.jpg 1844w, https:\/\/denhelder.online\/wp-content\/uploads\/2025\/01\/De-Nollen-den-helder-300x200.jpg 300w, https:\/\/denhelder.online\/wp-content\/uploads\/2025\/01\/De-Nollen-den-helder-1024x683.jpg 1024w, https:\/\/denhelder.online\/wp-content\/uploads\/2025\/01\/De-Nollen-den-helder-768x512.jpg 768w, https:\/\/denhelder.online\/wp-content\/uploads\/2025\/01\/De-Nollen-den-helder-1536x1025.jpg 1536w, https:\/\/denhelder.online\/wp-content\/uploads\/2025\/01\/De-Nollen-den-helder-600x400.jpg 600w\" sizes=\"(max-width: 1844px) 100vw, 1844px\" \/>\t\t\t\t\t\t\t\t\t\t\t<figcaption class=\"widget-image-caption wp-caption-text\">Die Nollen<\/figcaption>\n\t\t\t\t\t\t\t\t\t\t<\/figure>\n\t\t\t\t\t\t\t\t\t<\/div>\n\t\t\t\t<\/div>\n\t\t\t\t<\/div>\n\t\t\t\t\t<\/div>\n\t\t\t\t<\/div>\n\t\t\t\t<\/div>","protected":false},"excerpt":{"rendered":"<p>NS wandeling Helderse duinen Een verrassende wandelroute in Den Helder Ja, wandelen in en rond Den Helder is absoluut de moeite waard! Deze afwisselende route start bij station Den Helder Zuid; eenvoudig te bereiken omdat de intercity er stopt. Vanaf het station duik je natuurgebied De Nollen in; ernaast ligt het spraakmakende kunstproject De Nollen [&hellip;]<\/p>\n","protected":false},"author":17,"featured_media":3927,"parent":4877,"menu_order":0,"comment_status":"closed","ping_status":"closed","template":"elementor_header_footer","meta":{"footnotes":""},"tags":[],"doelgroep":[6027,6029],"categorie":[],"class_list":["post-3926","page","type-page","status-publish","has-post-thumbnail","hentry","doelgroep-inwoner","doelgroep-toerist"],"yoast_head":"<!-- This site is optimized with the Yoast SEO Premium plugin v24.7 (Yoast SEO v27.3) - https:\/\/yoast.com\/product\/yoast-seo-premium-wordpress\/ -->\n<title>NS-wandeling Helderse Duinen: ontdek de Helderse duinen<\/title>\n<meta name=\"description\" content=\"Wandel van station Den Helder Zuid naar de binnenstad. Geniet van duinen, zee en maritieme historie. Kies uit 9,5 km, 14 km of 15,5 km.\" \/>\n<meta name=\"robots\" content=\"index, follow, max-snippet:-1, max-image-preview:large, max-video-preview:-1\" \/>\n<link rel=\"canonical\" href=\"https:\/\/denhelder.online\/de\/was-zu-tun\/wanderwege\/durch-die-klare\/ns-spaziergang-helderse-dunes-entdecken-sie-den-maritimen-hohlenhelder\/\" \/>\n<meta property=\"og:locale\" content=\"de_DE\" \/>\n<meta property=\"og:type\" content=\"article\" \/>\n<meta property=\"og:title\" content=\"NS-wandeling Helderse Duinen: Ontdek het maritieme Den Helder\" \/>\n<meta property=\"og:description\" content=\"Wandel van station Den Helder Zuid naar de binnenstad. Geniet van duinen, zee en maritieme historie. Kies uit 9,5 km, 14 km of 15,5 km.\" \/>\n<meta property=\"og:url\" content=\"https:\/\/denhelder.online\/de\/was-zu-tun\/wanderwege\/durch-die-klare\/ns-spaziergang-helderse-dunes-entdecken-sie-den-maritimen-hohlenhelder\/\" \/>\n<meta property=\"og:site_name\" content=\"Den Helder Online\" \/>\n<meta property=\"article:modified_time\" content=\"2026-03-13T11:08:26+00:00\" \/>\n<meta property=\"og:image\" content=\"https:\/\/denhelder.online\/wp-content\/uploads\/2025\/01\/De-Nollen-den-helder.jpg\" \/>\n\t<meta property=\"og:image:width\" content=\"1844\" \/>\n\t<meta property=\"og:image:height\" content=\"1230\" \/>\n\t<meta property=\"og:image:type\" content=\"image\/jpeg\" \/>\n<meta name=\"twitter:card\" content=\"summary_large_image\" \/>\n<meta name=\"twitter:label1\" content=\"Gesch\u00e4tzte Lesezeit\" \/>\n\t<meta name=\"twitter:data1\" content=\"2\u00a0Minuten\" \/>\n<script type=\"application\/ld+json\" class=\"yoast-schema-graph\">{\"@context\":\"https:\\\/\\\/schema.org\",\"@graph\":[{\"@type\":\"WebPage\",\"@id\":\"https:\\\/\\\/denhelder.online\\\/wat-te-doen\\\/wandelroutes\\\/wandelen-door-den-helder\\\/ns-wandeling-helderse-duinen-ontdek-het-maritieme-den-helder\\\/\",\"url\":\"https:\\\/\\\/denhelder.online\\\/wat-te-doen\\\/wandelroutes\\\/wandelen-door-den-helder\\\/ns-wandeling-helderse-duinen-ontdek-het-maritieme-den-helder\\\/\",\"name\":\"NS-wandeling Helderse Duinen: ontdek de Helderse duinen\",\"isPartOf\":{\"@id\":\"https:\\\/\\\/denhelder.online\\\/#website\"},\"primaryImageOfPage\":{\"@id\":\"https:\\\/\\\/denhelder.online\\\/wat-te-doen\\\/wandelroutes\\\/wandelen-door-den-helder\\\/ns-wandeling-helderse-duinen-ontdek-het-maritieme-den-helder\\\/#primaryimage\"},\"image\":{\"@id\":\"https:\\\/\\\/denhelder.online\\\/wat-te-doen\\\/wandelroutes\\\/wandelen-door-den-helder\\\/ns-wandeling-helderse-duinen-ontdek-het-maritieme-den-helder\\\/#primaryimage\"},\"thumbnailUrl\":\"https:\\\/\\\/denhelder.online\\\/wp-content\\\/uploads\\\/2025\\\/01\\\/De-Nollen-den-helder.jpg\",\"datePublished\":\"2025-01-30T13:26:30+00:00\",\"dateModified\":\"2026-03-13T11:08:26+00:00\",\"description\":\"Wandel van station Den Helder Zuid naar de binnenstad. Geniet van duinen, zee en maritieme historie. Kies uit 9,5 km, 14 km of 15,5 km.\",\"breadcrumb\":{\"@id\":\"https:\\\/\\\/denhelder.online\\\/wat-te-doen\\\/wandelroutes\\\/wandelen-door-den-helder\\\/ns-wandeling-helderse-duinen-ontdek-het-maritieme-den-helder\\\/#breadcrumb\"},\"inLanguage\":\"de\",\"potentialAction\":[{\"@type\":\"ReadAction\",\"target\":[\"https:\\\/\\\/denhelder.online\\\/wat-te-doen\\\/wandelroutes\\\/wandelen-door-den-helder\\\/ns-wandeling-helderse-duinen-ontdek-het-maritieme-den-helder\\\/\"]}]},{\"@type\":\"ImageObject\",\"inLanguage\":\"de\",\"@id\":\"https:\\\/\\\/denhelder.online\\\/wat-te-doen\\\/wandelroutes\\\/wandelen-door-den-helder\\\/ns-wandeling-helderse-duinen-ontdek-het-maritieme-den-helder\\\/#primaryimage\",\"url\":\"https:\\\/\\\/denhelder.online\\\/wp-content\\\/uploads\\\/2025\\\/01\\\/De-Nollen-den-helder.jpg\",\"contentUrl\":\"https:\\\/\\\/denhelder.online\\\/wp-content\\\/uploads\\\/2025\\\/01\\\/De-Nollen-den-helder.jpg\",\"width\":1844,\"height\":1230,\"caption\":\"De Nollen NS wandelroute Helderse duinen Maritiem\"},{\"@type\":\"BreadcrumbList\",\"@id\":\"https:\\\/\\\/denhelder.online\\\/wat-te-doen\\\/wandelroutes\\\/wandelen-door-den-helder\\\/ns-wandeling-helderse-duinen-ontdek-het-maritieme-den-helder\\\/#breadcrumb\",\"itemListElement\":[{\"@type\":\"ListItem\",\"position\":1,\"name\":\"Home\",\"item\":\"https:\\\/\\\/denhelder.online\\\/\"},{\"@type\":\"ListItem\",\"position\":2,\"name\":\"Wat te doen\",\"item\":\"https:\\\/\\\/denhelder.online\\\/wat-te-doen\\\/\"},{\"@type\":\"ListItem\",\"position\":3,\"name\":\"Wandelroutes\",\"item\":\"https:\\\/\\\/denhelder.online\\\/wat-te-doen\\\/wandelroutes\\\/\"},{\"@type\":\"ListItem\",\"position\":4,\"name\":\"Wandelen door Den Helder\",\"item\":\"https:\\\/\\\/denhelder.online\\\/wat-te-doen\\\/wandelroutes\\\/wandelen-door-den-helder\\\/\"},{\"@type\":\"ListItem\",\"position\":5,\"name\":\"NS-wandeling Helderse Duinen: Ontdek het maritieme Den Helder\"}]},{\"@type\":\"WebSite\",\"@id\":\"https:\\\/\\\/denhelder.online\\\/#website\",\"url\":\"https:\\\/\\\/denhelder.online\\\/\",\"name\":\"Den Helder Online\",\"description\":\"Beleef Den Helder\",\"publisher\":{\"@id\":\"https:\\\/\\\/denhelder.online\\\/#organization\"},\"potentialAction\":[{\"@type\":\"SearchAction\",\"target\":{\"@type\":\"EntryPoint\",\"urlTemplate\":\"https:\\\/\\\/denhelder.online\\\/?s={search_term_string}\"},\"query-input\":{\"@type\":\"PropertyValueSpecification\",\"valueRequired\":true,\"valueName\":\"search_term_string\"}}],\"inLanguage\":\"de\"},{\"@type\":\"Organization\",\"@id\":\"https:\\\/\\\/denhelder.online\\\/#organization\",\"name\":\"Den Helder Online\",\"url\":\"https:\\\/\\\/denhelder.online\\\/\",\"logo\":{\"@type\":\"ImageObject\",\"inLanguage\":\"de\",\"@id\":\"https:\\\/\\\/denhelder.online\\\/#\\\/schema\\\/logo\\\/image\\\/\",\"url\":\"https:\\\/\\\/denhelder.online\\\/wp-content\\\/uploads\\\/2021\\\/12\\\/DitIsDH-Logo-26-tagline.svg\",\"contentUrl\":\"https:\\\/\\\/denhelder.online\\\/wp-content\\\/uploads\\\/2021\\\/12\\\/DitIsDH-Logo-26-tagline.svg\",\"width\":1717.0999999999999,\"height\":934.89999999999998,\"caption\":\"Den Helder Online\"},\"image\":{\"@id\":\"https:\\\/\\\/denhelder.online\\\/#\\\/schema\\\/logo\\\/image\\\/\"}}]}<\/script>\n<!-- \/ Yoast SEO Premium plugin. -->","yoast_head_json":{"title":"NS-Wanderung Helderse-D\u00fcnen: Entdecken Sie die Helderse-D\u00fcnen","description":"Spazieren Sie von der Station Den Helder Zuid ins Stadtzentrum. Genie\u00dfen Sie die D\u00fcnen, das Meer und die maritime Geschichte. W\u00e4hlen Sie zwischen 9,5 km, 14 km oder 15,5 km.","robots":{"index":"index","follow":"follow","max-snippet":"max-snippet:-1","max-image-preview":"max-image-preview:large","max-video-preview":"max-video-preview:-1"},"canonical":"https:\/\/denhelder.online\/de\/was-zu-tun\/wanderwege\/durch-die-klare\/ns-spaziergang-helderse-dunes-entdecken-sie-den-maritimen-hohlenhelder\/","og_locale":"de_DE","og_type":"article","og_title":"NS-wandeling Helderse Duinen: Ontdek het maritieme Den Helder","og_description":"Wandel van station Den Helder Zuid naar de binnenstad. Geniet van duinen, zee en maritieme historie. Kies uit 9,5 km, 14 km of 15,5 km.","og_url":"https:\/\/denhelder.online\/de\/was-zu-tun\/wanderwege\/durch-die-klare\/ns-spaziergang-helderse-dunes-entdecken-sie-den-maritimen-hohlenhelder\/","og_site_name":"Den Helder Online","article_modified_time":"2026-03-13T11:08:26+00:00","og_image":[{"width":1844,"height":1230,"url":"https:\/\/denhelder.online\/wp-content\/uploads\/2025\/01\/De-Nollen-den-helder.jpg","type":"image\/jpeg"}],"twitter_card":"summary_large_image","twitter_misc":{"Gesch\u00e4tzte Lesezeit":"2\u00a0Minuten"},"schema":{"@context":"https:\/\/schema.org","@graph":[{"@type":"WebPage","@id":"https:\/\/denhelder.online\/wat-te-doen\/wandelroutes\/wandelen-door-den-helder\/ns-wandeling-helderse-duinen-ontdek-het-maritieme-den-helder\/","url":"https:\/\/denhelder.online\/wat-te-doen\/wandelroutes\/wandelen-door-den-helder\/ns-wandeling-helderse-duinen-ontdek-het-maritieme-den-helder\/","name":"NS-Wanderung Helderse-D\u00fcnen: Entdecken Sie die Helderse-D\u00fcnen","isPartOf":{"@id":"https:\/\/denhelder.online\/#website"},"primaryImageOfPage":{"@id":"https:\/\/denhelder.online\/wat-te-doen\/wandelroutes\/wandelen-door-den-helder\/ns-wandeling-helderse-duinen-ontdek-het-maritieme-den-helder\/#primaryimage"},"image":{"@id":"https:\/\/denhelder.online\/wat-te-doen\/wandelroutes\/wandelen-door-den-helder\/ns-wandeling-helderse-duinen-ontdek-het-maritieme-den-helder\/#primaryimage"},"thumbnailUrl":"https:\/\/denhelder.online\/wp-content\/uploads\/2025\/01\/De-Nollen-den-helder.jpg","datePublished":"2025-01-30T13:26:30+00:00","dateModified":"2026-03-13T11:08:26+00:00","description":"Spazieren Sie von der Station Den Helder Zuid ins Stadtzentrum. Genie\u00dfen Sie die D\u00fcnen, das Meer und die maritime Geschichte. W\u00e4hlen Sie zwischen 9,5 km, 14 km oder 15,5 km.","breadcrumb":{"@id":"https:\/\/denhelder.online\/wat-te-doen\/wandelroutes\/wandelen-door-den-helder\/ns-wandeling-helderse-duinen-ontdek-het-maritieme-den-helder\/#breadcrumb"},"inLanguage":"de","potentialAction":[{"@type":"ReadAction","target":["https:\/\/denhelder.online\/wat-te-doen\/wandelroutes\/wandelen-door-den-helder\/ns-wandeling-helderse-duinen-ontdek-het-maritieme-den-helder\/"]}]},{"@type":"ImageObject","inLanguage":"de","@id":"https:\/\/denhelder.online\/wat-te-doen\/wandelroutes\/wandelen-door-den-helder\/ns-wandeling-helderse-duinen-ontdek-het-maritieme-den-helder\/#primaryimage","url":"https:\/\/denhelder.online\/wp-content\/uploads\/2025\/01\/De-Nollen-den-helder.jpg","contentUrl":"https:\/\/denhelder.online\/wp-content\/uploads\/2025\/01\/De-Nollen-den-helder.jpg","width":1844,"height":1230,"caption":"De Nollen NS wandelroute Helderse duinen Maritiem"},{"@type":"BreadcrumbList","@id":"https:\/\/denhelder.online\/wat-te-doen\/wandelroutes\/wandelen-door-den-helder\/ns-wandeling-helderse-duinen-ontdek-het-maritieme-den-helder\/#breadcrumb","itemListElement":[{"@type":"ListItem","position":1,"name":"Home","item":"https:\/\/denhelder.online\/"},{"@type":"ListItem","position":2,"name":"Wat te doen","item":"https:\/\/denhelder.online\/wat-te-doen\/"},{"@type":"ListItem","position":3,"name":"Wandelroutes","item":"https:\/\/denhelder.online\/wat-te-doen\/wandelroutes\/"},{"@type":"ListItem","position":4,"name":"Wandelen door Den Helder","item":"https:\/\/denhelder.online\/wat-te-doen\/wandelroutes\/wandelen-door-den-helder\/"},{"@type":"ListItem","position":5,"name":"NS-wandeling Helderse Duinen: Ontdek het maritieme Den Helder"}]},{"@type":"WebSite","@id":"https:\/\/denhelder.online\/#website","url":"https:\/\/denhelder.online\/","name":"Den Helder Online","description":"Erleben Sie Den Helder","publisher":{"@id":"https:\/\/denhelder.online\/#organization"},"potentialAction":[{"@type":"SearchAction","target":{"@type":"EntryPoint","urlTemplate":"https:\/\/denhelder.online\/?s={search_term_string}"},"query-input":{"@type":"PropertyValueSpecification","valueRequired":true,"valueName":"search_term_string"}}],"inLanguage":"de"},{"@type":"Organization","@id":"https:\/\/denhelder.online\/#organization","name":"Den Helder Online","url":"https:\/\/denhelder.online\/","logo":{"@type":"ImageObject","inLanguage":"de","@id":"https:\/\/denhelder.online\/#\/schema\/logo\/image\/","url":"https:\/\/denhelder.online\/wp-content\/uploads\/2021\/12\/DitIsDH-Logo-26-tagline.svg","contentUrl":"https:\/\/denhelder.online\/wp-content\/uploads\/2021\/12\/DitIsDH-Logo-26-tagline.svg","width":1717.0999999999999,"height":934.89999999999998,"caption":"Den Helder Online"},"image":{"@id":"https:\/\/denhelder.online\/#\/schema\/logo\/image\/"}}]}},"_links":{"self":[{"href":"https:\/\/denhelder.online\/de\/wp-json\/wp\/v2\/pages\/3926","targetHints":{"allow":["GET"]}}],"collection":[{"href":"https:\/\/denhelder.online\/de\/wp-json\/wp\/v2\/pages"}],"about":[{"href":"https:\/\/denhelder.online\/de\/wp-json\/wp\/v2\/types\/page"}],"author":[{"embeddable":true,"href":"https:\/\/denhelder.online\/de\/wp-json\/wp\/v2\/users\/17"}],"replies":[{"embeddable":true,"href":"https:\/\/denhelder.online\/de\/wp-json\/wp\/v2\/comments?post=3926"}],"version-history":[{"count":0,"href":"https:\/\/denhelder.online\/de\/wp-json\/wp\/v2\/pages\/3926\/revisions"}],"up":[{"embeddable":true,"href":"https:\/\/denhelder.online\/de\/wp-json\/wp\/v2\/pages\/4877"}],"wp:featuredmedia":[{"embeddable":true,"href":"https:\/\/denhelder.online\/de\/wp-json\/wp\/v2\/media\/3927"}],"wp:attachment":[{"href":"https:\/\/denhelder.online\/de\/wp-json\/wp\/v2\/media?parent=3926"}],"wp:term":[{"taxonomy":"post_tag","embeddable":true,"href":"https:\/\/denhelder.online\/de\/wp-json\/wp\/v2\/tags?post=3926"},{"taxonomy":"doelgroep","embeddable":true,"href":"https:\/\/denhelder.online\/de\/wp-json\/wp\/v2\/doelgroep?post=3926"},{"taxonomy":"categorie","embeddable":true,"href":"https:\/\/denhelder.online\/de\/wp-json\/wp\/v2\/categorie?post=3926"}],"curies":[{"name":"wp","href":"https:\/\/api.w.org\/{rel}","templated":true}]}}