{"id":393,"date":"2024-11-25T15:32:21","date_gmt":"2024-11-25T14:32:21","guid":{"rendered":"https:\/\/denhelder.online\/?page_id=393"},"modified":"2025-02-24T10:08:20","modified_gmt":"2025-02-24T09:08:20","slug":"cookies","status":"publish","type":"page","link":"https:\/\/denhelder.online\/de\/cookies\/","title":{"rendered":"Cookies"},"content":{"rendered":"<p>Diese Cookie-Richtlinie beschreibt die Cookies, die Citymarketing Den Helder (nachfolgend auch: \u201cCitymarketing\u201d oder \u201cwir\u201d und \u201cuns\u201d) \u00fcber die Website www.denhelder.online (nachfolgend: die \u201cWebsite\u201d) verwendet, und zu welchem Zweck diese Cookies verwendet werden.<\/p>\n<h4>Was sind Cookies?<\/h4>\n<p>Cookies sind kleine Textdateien, die beim Besuch einer Website an Ihren Browser gesendet und anschlie\u00dfend auf der Festplatte oder im Speicher Ihres Computers, Tablets oder Mobiltelefons (im Folgenden: \u201cGer\u00e4t\u201d) gespeichert werden. Von dieser Website gesetzte Cookies k\u00f6nnen Ihr Ger\u00e4t oder die darauf gespeicherten Dateien nicht besch\u00e4digen.<\/p>\n<h4>Welche Cookies verwendet Citymarketing?<\/h4>\n<h5>Funktionale Cookies<\/h5>\n<p>Citymarketing verwendet haupts\u00e4chlich funktionale Cookies. Diese Cookies sind notwendig, um Ihnen die von Ihnen angeforderten Dienste und Funktionen bereitzustellen. Funktionale Cookies speichern beispielsweise Ihre Anmeldedaten, sodass Sie sich auf nachfolgenden Webseiten nicht erneut anmelden m\u00fcssen.<\/p>\n<h5>Analyse-Cookies<\/h5>\n<p>Citymarketing nutzt Analysedienste, um Statistiken \u00fcber die Nutzung und Besuche der Website zu erfassen. Diese Daten werden vom Anbieter der Analysedienste analysiert und die Ergebnisse an Citymarketing \u00fcbermittelt. Dadurch erh\u00e4lt Citymarketing Einblicke in die Nutzung der Website und kann diese und\/oder ihre Dienste entsprechend anpassen. Sofern gesetzlich vorgeschrieben, kann der Analysedienst diese Informationen an Dritte weitergeben. Citymarketing nutzt Google Analytics.<\/p>\n<p>Wir haben unsere Analysedienste so datenschutzfreundlich wie m\u00f6glich konfiguriert. Das bedeutet, dass wir folgende Ma\u00dfnahmen zum Schutz Ihrer Privatsph\u00e4re ergriffen haben:<\/p>\n<ol>\n<li>Wir haben mit dem Anbieter des Analysedienstes eine Verarbeitungsvereinbarung abgeschlossen.<\/li>\n<li>Wir haben mit dem Anbieter der Analysedienste vereinbart, dass die Daten nicht f\u00fcr andere Zwecke verwendet werden d\u00fcrfen.<\/li>\n<li>Ihre IP-Adresse ist teilweise verschl\u00fcsselt.<\/li>\n<\/ol>\n<h5>Tracking-Cookies<\/h5>\n<p>Citymarketing verwendet auf der Website Cookies von Drittanbietern, die Ihnen auf Grundlage Ihres Surfverhaltens personalisierte Angebote unterbreiten k\u00f6nnen.<\/p>\n<p>Die Website speichert einen Cookie mit einer eindeutigen Nummer auf Ihrem Ger\u00e4t. Dieser Cookie erm\u00f6glicht es uns, Ihr Ger\u00e4t wiederzuerkennen, wenn Sie nach dem Besuch unserer Website eine andere Website desselben Werbenetzwerks besuchen. Dadurch kann Citymarketing Ihnen auf dieser anderen Website Anzeigen pr\u00e4sentieren.<\/p>\n<p>Die so erhobenen Daten werden von Citymarketing ausschlie\u00dflich dazu verwendet, Ihnen unsere Anzeigen auf anderen Webseiten anzuzeigen und werden nicht mit anderen Dateien verkn\u00fcpft.<\/p>\n<h4>Cookies l\u00f6schen<\/h4>\n<p>Sie k\u00f6nnen Ihre Einwilligung zur Speicherung und zum Auslesen von Cookies durch Citymarketing jederzeit widerrufen, indem Sie Ihren Browser so konfigurieren, dass er Cookies ablehnt, oder indem Sie alle bereits gespeicherten Cookies l\u00f6schen. Informationen zum L\u00f6schen von Cookies finden Sie in der Hilfefunktion Ihres Browsers.<\/p>\n<p>Bitte beachten Sie, dass das L\u00f6schen von Cookies dazu f\u00fchren kann, dass bestimmte Teile der Website nicht mehr oder nicht mehr ordnungsgem\u00e4\u00df funktionieren.<\/p>\n<p>Das Ablehnen und L\u00f6schen von Cookies betrifft nur den Computer und Browser, auf dem Sie diese Aktion durchf\u00fchren. Wenn Sie mehrere Computer und\/oder Browser verwenden, m\u00fcssen Sie die oben genannten Schritte f\u00fcr jeden Computer und\/oder Browser wiederholen.<\/p>\n<p>&nbsp;<\/p>\n<h4>\u00c4nderungen<\/h4>\n<p>Diese Cookie-Richtlinie kann sich \u00e4ndern. \u00c4nderungen an dieser Cookie-Richtlinie werden auf der Website bekannt gegeben.<\/p>\n<h4>Um zu fragen<\/h4>\n<p>Wenn Sie Fragen zu dieser Cookie-Richtlinie haben, senden Sie bitte eine Nachricht an\u00a0<a href=\"mailto:info@citymarketingdenhelder.nl\">info@citymarketingdenhelder.nl<\/a>.<\/p>","protected":false},"excerpt":{"rendered":"<p>Dit Cookie Statement beschrijft de cookies waarvan Citymarketing Den Helder (hierna ook: \u201cCitymarketing\u201d of \u201cwe\u201d en \u201cons\u201d) gebruik maakt via de website www.denhelder.online (hierna: de \u201cWebsite\u201d) en voor welk doel deze cookies worden gebruikt. Wat zijn cookies? Cookies zijn kleine stukjes (tekst)informatie die bij je bezoek aan een website worden meegestuurd aan jouw browser en [&hellip;]<\/p>\n","protected":false},"author":4,"featured_media":0,"parent":0,"menu_order":93,"comment_status":"closed","ping_status":"closed","template":"","meta":{"footnotes":""},"tags":[],"doelgroep":[],"categorie":[],"class_list":["post-393","page","type-page","status-publish","hentry"],"yoast_head":"<!-- This site is optimized with the Yoast SEO Premium plugin v24.7 (Yoast SEO v27.3) - https:\/\/yoast.com\/product\/yoast-seo-premium-wordpress\/ -->\n<title>Cookies - Den Helder Online - Beleef Den Helder<\/title>\n<meta name=\"robots\" content=\"index, follow, max-snippet:-1, max-image-preview:large, max-video-preview:-1\" \/>\n<link rel=\"canonical\" href=\"https:\/\/denhelder.online\/de\/cookies\/\" \/>\n<meta property=\"og:locale\" content=\"de_DE\" \/>\n<meta property=\"og:type\" content=\"article\" \/>\n<meta property=\"og:title\" content=\"Cookies\" \/>\n<meta property=\"og:description\" content=\"Dit Cookie Statement beschrijft de cookies waarvan Citymarketing Den Helder (hierna ook: \u201cCitymarketing\u201d of \u201cwe\u201d en \u201cons\u201d) gebruik maakt via de website www.denhelder.online (hierna: de \u201cWebsite\u201d) en voor welk doel deze cookies worden gebruikt. Wat zijn cookies? Cookies zijn kleine stukjes (tekst)informatie die bij je bezoek aan een website worden meegestuurd aan jouw browser en [&hellip;]\" \/>\n<meta property=\"og:url\" content=\"https:\/\/denhelder.online\/de\/cookies\/\" \/>\n<meta property=\"og:site_name\" content=\"Den Helder Online\" \/>\n<meta property=\"article:modified_time\" content=\"2025-02-24T09:08:20+00:00\" \/>\n<meta name=\"twitter:card\" content=\"summary_large_image\" \/>\n<meta name=\"twitter:label1\" content=\"Gesch\u00e4tzte Lesezeit\" \/>\n\t<meta name=\"twitter:data1\" content=\"3\u00a0Minuten\" \/>\n<script type=\"application\/ld+json\" class=\"yoast-schema-graph\">{\"@context\":\"https:\\\/\\\/schema.org\",\"@graph\":[{\"@type\":\"WebPage\",\"@id\":\"https:\\\/\\\/denhelder.online\\\/cookies\\\/\",\"url\":\"https:\\\/\\\/denhelder.online\\\/cookies\\\/\",\"name\":\"Cookies - Den Helder Online - Beleef Den Helder\",\"isPartOf\":{\"@id\":\"https:\\\/\\\/denhelder.online\\\/#website\"},\"datePublished\":\"2024-11-25T14:32:21+00:00\",\"dateModified\":\"2025-02-24T09:08:20+00:00\",\"breadcrumb\":{\"@id\":\"https:\\\/\\\/denhelder.online\\\/cookies\\\/#breadcrumb\"},\"inLanguage\":\"de\",\"potentialAction\":[{\"@type\":\"ReadAction\",\"target\":[\"https:\\\/\\\/denhelder.online\\\/cookies\\\/\"]}]},{\"@type\":\"BreadcrumbList\",\"@id\":\"https:\\\/\\\/denhelder.online\\\/cookies\\\/#breadcrumb\",\"itemListElement\":[{\"@type\":\"ListItem\",\"position\":1,\"name\":\"Home\",\"item\":\"https:\\\/\\\/denhelder.online\\\/\"},{\"@type\":\"ListItem\",\"position\":2,\"name\":\"Cookies\"}]},{\"@type\":\"WebSite\",\"@id\":\"https:\\\/\\\/denhelder.online\\\/#website\",\"url\":\"https:\\\/\\\/denhelder.online\\\/\",\"name\":\"Den Helder Online\",\"description\":\"Beleef Den Helder\",\"publisher\":{\"@id\":\"https:\\\/\\\/denhelder.online\\\/#organization\"},\"potentialAction\":[{\"@type\":\"SearchAction\",\"target\":{\"@type\":\"EntryPoint\",\"urlTemplate\":\"https:\\\/\\\/denhelder.online\\\/?s={search_term_string}\"},\"query-input\":{\"@type\":\"PropertyValueSpecification\",\"valueRequired\":true,\"valueName\":\"search_term_string\"}}],\"inLanguage\":\"de\"},{\"@type\":\"Organization\",\"@id\":\"https:\\\/\\\/denhelder.online\\\/#organization\",\"name\":\"Den Helder Online\",\"url\":\"https:\\\/\\\/denhelder.online\\\/\",\"logo\":{\"@type\":\"ImageObject\",\"inLanguage\":\"de\",\"@id\":\"https:\\\/\\\/denhelder.online\\\/#\\\/schema\\\/logo\\\/image\\\/\",\"url\":\"https:\\\/\\\/denhelder.online\\\/wp-content\\\/uploads\\\/2021\\\/12\\\/DitIsDH-Logo-26-tagline.svg\",\"contentUrl\":\"https:\\\/\\\/denhelder.online\\\/wp-content\\\/uploads\\\/2021\\\/12\\\/DitIsDH-Logo-26-tagline.svg\",\"width\":1717.0999999999999,\"height\":934.89999999999998,\"caption\":\"Den Helder Online\"},\"image\":{\"@id\":\"https:\\\/\\\/denhelder.online\\\/#\\\/schema\\\/logo\\\/image\\\/\"}}]}<\/script>\n<!-- \/ Yoast SEO Premium plugin. -->","yoast_head_json":{"title":"Cookies \u2013 Den Helder Online \u2013 Den Helder-Erlebnis","robots":{"index":"index","follow":"follow","max-snippet":"max-snippet:-1","max-image-preview":"max-image-preview:large","max-video-preview":"max-video-preview:-1"},"canonical":"https:\/\/denhelder.online\/de\/cookies\/","og_locale":"de_DE","og_type":"article","og_title":"Cookies","og_description":"Dit Cookie Statement beschrijft de cookies waarvan Citymarketing Den Helder (hierna ook: \u201cCitymarketing\u201d of \u201cwe\u201d en \u201cons\u201d) gebruik maakt via de website www.denhelder.online (hierna: de \u201cWebsite\u201d) en voor welk doel deze cookies worden gebruikt. Wat zijn cookies? Cookies zijn kleine stukjes (tekst)informatie die bij je bezoek aan een website worden meegestuurd aan jouw browser en [&hellip;]","og_url":"https:\/\/denhelder.online\/de\/cookies\/","og_site_name":"Den Helder Online","article_modified_time":"2025-02-24T09:08:20+00:00","twitter_card":"summary_large_image","twitter_misc":{"Gesch\u00e4tzte Lesezeit":"3\u00a0Minuten"},"schema":{"@context":"https:\/\/schema.org","@graph":[{"@type":"WebPage","@id":"https:\/\/denhelder.online\/cookies\/","url":"https:\/\/denhelder.online\/cookies\/","name":"Cookies \u2013 Den Helder Online \u2013 Den Helder-Erlebnis","isPartOf":{"@id":"https:\/\/denhelder.online\/#website"},"datePublished":"2024-11-25T14:32:21+00:00","dateModified":"2025-02-24T09:08:20+00:00","breadcrumb":{"@id":"https:\/\/denhelder.online\/cookies\/#breadcrumb"},"inLanguage":"de","potentialAction":[{"@type":"ReadAction","target":["https:\/\/denhelder.online\/cookies\/"]}]},{"@type":"BreadcrumbList","@id":"https:\/\/denhelder.online\/cookies\/#breadcrumb","itemListElement":[{"@type":"ListItem","position":1,"name":"Home","item":"https:\/\/denhelder.online\/"},{"@type":"ListItem","position":2,"name":"Cookies"}]},{"@type":"WebSite","@id":"https:\/\/denhelder.online\/#website","url":"https:\/\/denhelder.online\/","name":"Den Helder Online","description":"Erleben Sie Den Helder","publisher":{"@id":"https:\/\/denhelder.online\/#organization"},"potentialAction":[{"@type":"SearchAction","target":{"@type":"EntryPoint","urlTemplate":"https:\/\/denhelder.online\/?s={search_term_string}"},"query-input":{"@type":"PropertyValueSpecification","valueRequired":true,"valueName":"search_term_string"}}],"inLanguage":"de"},{"@type":"Organization","@id":"https:\/\/denhelder.online\/#organization","name":"Den Helder Online","url":"https:\/\/denhelder.online\/","logo":{"@type":"ImageObject","inLanguage":"de","@id":"https:\/\/denhelder.online\/#\/schema\/logo\/image\/","url":"https:\/\/denhelder.online\/wp-content\/uploads\/2021\/12\/DitIsDH-Logo-26-tagline.svg","contentUrl":"https:\/\/denhelder.online\/wp-content\/uploads\/2021\/12\/DitIsDH-Logo-26-tagline.svg","width":1717.0999999999999,"height":934.89999999999998,"caption":"Den Helder Online"},"image":{"@id":"https:\/\/denhelder.online\/#\/schema\/logo\/image\/"}}]}},"_links":{"self":[{"href":"https:\/\/denhelder.online\/de\/wp-json\/wp\/v2\/pages\/393","targetHints":{"allow":["GET"]}}],"collection":[{"href":"https:\/\/denhelder.online\/de\/wp-json\/wp\/v2\/pages"}],"about":[{"href":"https:\/\/denhelder.online\/de\/wp-json\/wp\/v2\/types\/page"}],"author":[{"embeddable":true,"href":"https:\/\/denhelder.online\/de\/wp-json\/wp\/v2\/users\/4"}],"replies":[{"embeddable":true,"href":"https:\/\/denhelder.online\/de\/wp-json\/wp\/v2\/comments?post=393"}],"version-history":[{"count":0,"href":"https:\/\/denhelder.online\/de\/wp-json\/wp\/v2\/pages\/393\/revisions"}],"wp:attachment":[{"href":"https:\/\/denhelder.online\/de\/wp-json\/wp\/v2\/media?parent=393"}],"wp:term":[{"taxonomy":"post_tag","embeddable":true,"href":"https:\/\/denhelder.online\/de\/wp-json\/wp\/v2\/tags?post=393"},{"taxonomy":"doelgroep","embeddable":true,"href":"https:\/\/denhelder.online\/de\/wp-json\/wp\/v2\/doelgroep?post=393"},{"taxonomy":"categorie","embeddable":true,"href":"https:\/\/denhelder.online\/de\/wp-json\/wp\/v2\/categorie?post=393"}],"curies":[{"name":"wp","href":"https:\/\/api.w.org\/{rel}","templated":true}]}}