{"id":3943,"date":"2025-01-30T14:51:26","date_gmt":"2025-01-30T13:51:26","guid":{"rendered":"https:\/\/denhelder.online\/?page_id=3943"},"modified":"2026-01-13T14:00:41","modified_gmt":"2026-01-13T13:00:41","slug":"den-helder-erlebnisspiel","status":"publish","type":"page","link":"https:\/\/denhelder.online\/de\/den-helder-experience-game\/","title":{"rendered":"Den Helder Experience Game: Entdecken Sie die Stadt auf einzigartige Weise"},"content":{"rendered":"<div data-elementor-type=\"wp-page\" data-elementor-id=\"3943\" class=\"elementor elementor-3943\" data-elementor-post-type=\"page\">\n\t\t\t\t<div class=\"elementor-element elementor-element-47c3bd55 e-flex e-con-boxed e-con e-parent\" data-id=\"47c3bd55\" data-element_type=\"container\" data-e-type=\"container\" data-settings=\"{&quot;jet_parallax_layout_list&quot;:[]}\">\n\t\t\t\t\t<div class=\"e-con-inner\">\n\t\t<div class=\"elementor-element elementor-element-281d9fa9 e-con-full e-flex e-con e-child\" data-id=\"281d9fa9\" data-element_type=\"container\" data-e-type=\"container\" data-settings=\"{&quot;jet_parallax_layout_list&quot;:[]}\">\n\t\t\t\t<div class=\"elementor-element elementor-element-557a6658 elementor-widget elementor-widget-breadcrumbs\" data-id=\"557a6658\" data-element_type=\"widget\" data-e-type=\"widget\" data-widget_type=\"breadcrumbs.default\">\n\t\t\t\t<div class=\"elementor-widget-container\">\n\t\t\t\t\t<p id=\"breadcrumbs\"><span><span><a href=\"https:\/\/denhelder.online\/de\/\">Heim<\/a><\/span><\/span><\/p>\t\t\t\t<\/div>\n\t\t\t\t<\/div>\n\t\t<div class=\"elementor-element elementor-element-7e7a259d e-con-full e-flex e-con e-child\" data-id=\"7e7a259d\" data-element_type=\"container\" data-e-type=\"container\" data-settings=\"{&quot;jet_parallax_layout_list&quot;:[]}\">\n\t\t\t\t<div class=\"elementor-element elementor-element-50e430cc elementor-widget elementor-widget-heading\" data-id=\"50e430cc\" data-element_type=\"widget\" data-e-type=\"widget\" data-widget_type=\"heading.default\">\n\t\t\t\t<div class=\"elementor-widget-container\">\n\t\t\t\t\t<p class=\"elementor-heading-title elementor-size-default\">Folgen Sie uns in den sozialen Netzwerken:<\/p>\t\t\t\t<\/div>\n\t\t\t\t<\/div>\n\t\t\t\t<div class=\"elementor-element elementor-element-149d4bf7 elementor-icon-list--layout-inline elementor-align-end elementor-list-item-link-full_width elementor-widget elementor-widget-global elementor-global-1176 elementor-widget-icon-list\" data-id=\"149d4bf7\" data-element_type=\"widget\" data-e-type=\"widget\" data-widget_type=\"icon-list.default\">\n\t\t\t\t<div class=\"elementor-widget-container\">\n\t\t\t\t\t\t\t<ul class=\"elementor-icon-list-items elementor-inline-items\">\n\t\t\t\t\t\t\t<li class=\"elementor-icon-list-item elementor-inline-item\">\n\t\t\t\t\t\t\t\t\t\t\t<a href=\"https:\/\/www.facebook.com\/ditisdenhelder\" target=\"_blank\">\n\n\t\t\t\t\t\t\t\t\t\t\t\t<span class=\"elementor-icon-list-icon\">\n\t\t\t\t\t\t\t<i aria-hidden=\"true\" class=\"fab fa-facebook\"><\/i>\t\t\t\t\t\t<\/span>\n\t\t\t\t\t\t\t\t\t\t<span class=\"elementor-icon-list-text\"><\/span>\n\t\t\t\t\t\t\t\t\t\t\t<\/a>\n\t\t\t\t\t\t\t\t\t<\/li>\n\t\t\t\t\t\t\t\t<li class=\"elementor-icon-list-item elementor-inline-item\">\n\t\t\t\t\t\t\t\t\t\t\t<a href=\"https:\/\/www.instagram.com\/ditisdenhelder\/\" target=\"_blank\">\n\n\t\t\t\t\t\t\t\t\t\t\t\t<span class=\"elementor-icon-list-icon\">\n\t\t\t\t\t\t\t<i aria-hidden=\"true\" class=\"fab fa-instagram\"><\/i>\t\t\t\t\t\t<\/span>\n\t\t\t\t\t\t\t\t\t\t<span class=\"elementor-icon-list-text\"><\/span>\n\t\t\t\t\t\t\t\t\t\t\t<\/a>\n\t\t\t\t\t\t\t\t\t<\/li>\n\t\t\t\t\t\t\t\t<li class=\"elementor-icon-list-item elementor-inline-item\">\n\t\t\t\t\t\t\t\t\t\t\t<a href=\"https:\/\/www.youtube.com\/channel\/UCxXdcocRQwb3lDwiYBp3llg\" target=\"_blank\">\n\n\t\t\t\t\t\t\t\t\t\t\t\t<span class=\"elementor-icon-list-icon\">\n\t\t\t\t\t\t\t<i aria-hidden=\"true\" class=\"fab fa-youtube\"><\/i>\t\t\t\t\t\t<\/span>\n\t\t\t\t\t\t\t\t\t\t<span class=\"elementor-icon-list-text\"><\/span>\n\t\t\t\t\t\t\t\t\t\t\t<\/a>\n\t\t\t\t\t\t\t\t\t<\/li>\n\t\t\t\t\t\t\t\t<li class=\"elementor-icon-list-item elementor-inline-item\">\n\t\t\t\t\t\t\t\t\t\t\t<a href=\"https:\/\/www.linkedin.com\/company\/citymarketing-den-helder\" target=\"_blank\">\n\n\t\t\t\t\t\t\t\t\t\t\t\t<span class=\"elementor-icon-list-icon\">\n\t\t\t\t\t\t\t<i aria-hidden=\"true\" class=\"fab fa-linkedin-in\"><\/i>\t\t\t\t\t\t<\/span>\n\t\t\t\t\t\t\t\t\t\t<span class=\"elementor-icon-list-text\"><\/span>\n\t\t\t\t\t\t\t\t\t\t\t<\/a>\n\t\t\t\t\t\t\t\t\t<\/li>\n\t\t\t\t\t\t<\/ul>\n\t\t\t\t\t\t<\/div>\n\t\t\t\t<\/div>\n\t\t\t\t<\/div>\n\t\t\t\t<\/div>\n\t\t\t\t\t<\/div>\n\t\t\t\t<\/div>\n\t\t<div class=\"elementor-element elementor-element-31fa07f6 e-flex e-con-boxed e-con e-parent\" data-id=\"31fa07f6\" data-element_type=\"container\" data-e-type=\"container\" data-settings=\"{&quot;jet_parallax_layout_list&quot;:[]}\">\n\t\t\t\t\t<div class=\"e-con-inner\">\n\t\t<div class=\"elementor-element elementor-element-5812bd57 e-con-full e-flex e-con e-child\" data-id=\"5812bd57\" data-element_type=\"container\" data-e-type=\"container\" data-settings=\"{&quot;jet_parallax_layout_list&quot;:[]}\">\n\t\t\t\t<div class=\"elementor-element elementor-element-7d7b3638 elementor-widget__width-inherit elementor-widget elementor-widget-heading\" data-id=\"7d7b3638\" data-element_type=\"widget\" data-e-type=\"widget\" data-widget_type=\"heading.default\">\n\t\t\t\t<div class=\"elementor-widget-container\">\n\t\t\t\t\t<h1 class=\"elementor-heading-title elementor-size-default\">Den Helder Experience Game: Entdecken Sie die Stadt auf einzigartige Weise<\/h1>\t\t\t\t<\/div>\n\t\t\t\t<\/div>\n\t\t\t\t<div class=\"elementor-element elementor-element-77a93bb1 elementor-widget elementor-widget-text-editor\" data-id=\"77a93bb1\" data-element_type=\"widget\" data-e-type=\"widget\" data-widget_type=\"text-editor.default\">\n\t\t\t\t<div class=\"elementor-widget-container\">\n\t\t\t\t\t\t\t\t\t<p><strong>Kombinieren Sie Wandern mit Mysterium<\/strong><br \/>Du gehst gerne spazieren und l\u00f6st gerne R\u00e4tsel? Dann ist das Den Helder Experience Game genau das Richtige f\u00fcr Sie! Bei dieser interaktiven Wandertour trainieren Sie nicht nur Ihre Beine, sondern auch Ihr Gehirn.<\/p><p><strong>L\u00f6se das Geheimnis um Napoleon<\/strong><br \/>Vor \u00fcber 200 Jahren versteckte Napoleon eine geheimnisvolle Zeitkapsel in Den Helder. Jetzt haben Sie die Chance, den Code zu knacken und den verborgenen Schatz zu finden! In etwa anderthalb Stunden k\u00f6nnen Sie durch die Innenstadt laufen, vorbei an der ehemaligen Rijkswerf Willemsoord und \u00fcber den Deich. Unterwegs entdecken Sie die verborgenen Sch\u00e4tze von Den Helder und lernen die Stadt auf \u00fcberraschende Weise kennen.<\/p><p><strong>Wie funktioniert es?<\/strong><br \/>Alles was Sie brauchen, ist ein Mobiltelefon und die MooveGo-App. Holen Sie sich einen Flyer mit QR-Code im Experience Store in der Spoorstraat 2 im Zentrum von Den Helder. W\u00e4hrend der Reise erscheinen Videobotschaften von Napoleon und Sil, dem Strandgutsammler, die Ihnen bei der L\u00f6sung des R\u00e4tsels helfen. Durch das Erf\u00fcllen von Aufgaben sammelt man Buchstaben, die zusammen das Codewort ergeben. Haben Sie das Zeug dazu, Napoleons Schatz zu finden?<\/p><p><strong>So spielen Sie das Den Helder-Erlebnisspiel<\/strong><br \/>* Laden Sie die MooveGo-App aus dem Apple Store oder Play Store herunter.<br \/>Scannen Sie den QR-Code auf dem Flyer (erh\u00e4ltlich im Experience Store).<br \/>* Sehen Sie sich das erste Anleitungsvideo an.<br \/>* \u00d6ffnen Sie die Karte in der App.<br \/>* Folgen Sie der Route anhand der nummerierten Standorte.<br \/>* Gehen Sie zum richtigen Punkt und entdecken Sie versteckte Objekte.<br \/>* Beantworten Sie Fragen und sammeln Sie Punkte.<br \/>* Sammle Buchstaben bei versteckten Edelsteinen.<br \/>* Benutze die gesammelten Buchstaben, um die Zeitkapsel zu \u00f6ffnen!<br \/>* Praktische Informationen<br \/>* Ausgangspunkt: Experience Store, Spoorstraat 2, Den Helder<br \/>* \u00d6ffnungszeiten des Experience Stores: <a href=\"https:\/\/denhelder.online\/de\/location\/experience-store-toeristische-informatie\/fc489e33-837c-454d-a311-e40fc8297b63\/\">Besuchen Sie unsere Website<\/a><br \/>* Dauer: ca. 1,5 Stunden<\/p>\t\t\t\t\t\t\t\t<\/div>\n\t\t\t\t<\/div>\n\t\t<div class=\"elementor-element elementor-element-96dd3af e-con-full e-flex e-con e-child\" data-id=\"96dd3af\" data-element_type=\"container\" data-e-type=\"container\" data-settings=\"{&quot;jet_parallax_layout_list&quot;:[]}\">\n\t\t\t\t<\/div>\n\t\t\t\t<\/div>\n\t\t<div class=\"elementor-element elementor-element-3cad1ac4 e-con-full e-flex e-con e-child\" data-id=\"3cad1ac4\" data-element_type=\"container\" data-e-type=\"container\" data-settings=\"{&quot;jet_parallax_layout_list&quot;:[]}\">\n\t\t\t\t<div class=\"elementor-element elementor-element-e4bacd3 elementor-widget elementor-widget-image\" data-id=\"e4bacd3\" data-element_type=\"widget\" data-e-type=\"widget\" data-widget_type=\"image.default\">\n\t\t\t\t<div class=\"elementor-widget-container\">\n\t\t\t\t\t\t\t\t\t\t\t\t\t\t\t<img fetchpriority=\"high\" decoding=\"async\" width=\"800\" height=\"849\" src=\"https:\/\/denhelder.online\/wp-content\/uploads\/2025\/01\/Telefoons-965x1024.jpg\" class=\"attachment-large size-large wp-image-3938\" alt=\"Kombinieren Sie Spazierg\u00e4nge mit dem Mysterium Napoleons\" srcset=\"https:\/\/denhelder.online\/wp-content\/uploads\/2025\/01\/Telefoons-965x1024.jpg 965w, https:\/\/denhelder.online\/wp-content\/uploads\/2025\/01\/Telefoons-283x300.jpg 283w, https:\/\/denhelder.online\/wp-content\/uploads\/2025\/01\/Telefoons-768x815.jpg 768w, https:\/\/denhelder.online\/wp-content\/uploads\/2025\/01\/Telefoons-1447x1536.jpg 1447w, https:\/\/denhelder.online\/wp-content\/uploads\/2025\/01\/Telefoons-565x600.jpg 565w, https:\/\/denhelder.online\/wp-content\/uploads\/2025\/01\/Telefoons.jpg 1494w\" sizes=\"(max-width: 800px) 100vw, 800px\" \/>\t\t\t\t\t\t\t\t\t\t\t\t\t\t\t<\/div>\n\t\t\t\t<\/div>\n\t\t\t\t<\/div>\n\t\t\t\t\t<\/div>\n\t\t\t\t<\/div>\n\t\t\t\t<\/div>","protected":false},"excerpt":{"rendered":"<p>Volg ons op social: \u00a0 \u00a0 \u00a0 \u00a0 Den Helder Experience Game: Ontdek de stad op een unieke manier Combineer wandelen met mysterie Hou je van wandelen en het oplossen van raadsels? Dan is de Den Helder Experience Game perfect voor jou! Tijdens deze interactieve wandeltocht train je niet alleen je benen, maar ook je [&hellip;]<\/p>\n","protected":false},"author":17,"featured_media":3938,"parent":0,"menu_order":0,"comment_status":"closed","ping_status":"closed","template":"elementor_header_footer","meta":{"footnotes":""},"tags":[],"doelgroep":[],"categorie":[5683],"class_list":["post-3943","page","type-page","status-publish","has-post-thumbnail","hentry","categorie-met-kinderen"],"yoast_head":"<!-- This site is optimized with the Yoast SEO Premium plugin v24.7 (Yoast SEO v27.5) - https:\/\/yoast.com\/product\/yoast-seo-premium-wordpress\/ -->\n<title>Wandel, puzzel en ontdek Den Helder met deze interactieve game<\/title>\n<meta name=\"description\" content=\"Speel de Den Helder Experience Game: een interactieve wandeling vol puzzels en geheimen. Vind jij Napoleons schat?\" \/>\n<meta name=\"robots\" content=\"index, follow, max-snippet:-1, max-image-preview:large, max-video-preview:-1\" \/>\n<link rel=\"canonical\" href=\"https:\/\/denhelder.online\/de\/den-helder-erlebnisspiel\/\" \/>\n<meta property=\"og:locale\" content=\"de_DE\" \/>\n<meta property=\"og:type\" content=\"article\" \/>\n<meta property=\"og:title\" content=\"Den Helder Experience Game: Ontdek de stad op een unieke manier\" \/>\n<meta property=\"og:description\" content=\"Speel de Den Helder Experience Game: een interactieve wandeling vol puzzels en geheimen. Vind jij Napoleons schat?\" \/>\n<meta property=\"og:url\" content=\"https:\/\/denhelder.online\/de\/den-helder-erlebnisspiel\/\" \/>\n<meta property=\"og:site_name\" content=\"Den Helder Online\" \/>\n<meta property=\"article:modified_time\" content=\"2026-01-13T13:00:41+00:00\" \/>\n<meta property=\"og:image\" content=\"https:\/\/denhelder.online\/wp-content\/uploads\/2025\/01\/Telefoons.jpg\" \/>\n\t<meta property=\"og:image:width\" content=\"1494\" \/>\n\t<meta property=\"og:image:height\" content=\"1586\" \/>\n\t<meta property=\"og:image:type\" content=\"image\/jpeg\" \/>\n<meta name=\"twitter:card\" content=\"summary_large_image\" \/>\n<meta name=\"twitter:label1\" content=\"Gesch\u00e4tzte Lesezeit\" \/>\n\t<meta name=\"twitter:data1\" content=\"2\u00a0Minuten\" \/>\n<script type=\"application\/ld+json\" class=\"yoast-schema-graph\">{\"@context\":\"https:\\\/\\\/schema.org\",\"@graph\":[{\"@type\":\"WebPage\",\"@id\":\"https:\\\/\\\/denhelder.online\\\/en\\\/den-helder-experience-game\\\/\",\"url\":\"https:\\\/\\\/denhelder.online\\\/en\\\/den-helder-experience-game\\\/\",\"name\":\"Wandel, puzzel en ontdek Den Helder met deze interactieve game\",\"isPartOf\":{\"@id\":\"https:\\\/\\\/denhelder.online\\\/#website\"},\"primaryImageOfPage\":{\"@id\":\"https:\\\/\\\/denhelder.online\\\/en\\\/den-helder-experience-game\\\/#primaryimage\"},\"image\":{\"@id\":\"https:\\\/\\\/denhelder.online\\\/en\\\/den-helder-experience-game\\\/#primaryimage\"},\"thumbnailUrl\":\"https:\\\/\\\/denhelder.online\\\/wp-content\\\/uploads\\\/2025\\\/01\\\/Telefoons.jpg\",\"datePublished\":\"2025-01-30T13:51:26+00:00\",\"dateModified\":\"2026-01-13T13:00:41+00:00\",\"description\":\"Speel de Den Helder Experience Game: een interactieve wandeling vol puzzels en geheimen. Vind jij Napoleons schat?\",\"breadcrumb\":{\"@id\":\"https:\\\/\\\/denhelder.online\\\/en\\\/den-helder-experience-game\\\/#breadcrumb\"},\"inLanguage\":\"de\",\"potentialAction\":[{\"@type\":\"ReadAction\",\"target\":[\"https:\\\/\\\/denhelder.online\\\/en\\\/den-helder-experience-game\\\/\"]}]},{\"@type\":\"ImageObject\",\"inLanguage\":\"de\",\"@id\":\"https:\\\/\\\/denhelder.online\\\/en\\\/den-helder-experience-game\\\/#primaryimage\",\"url\":\"https:\\\/\\\/denhelder.online\\\/wp-content\\\/uploads\\\/2025\\\/01\\\/Telefoons.jpg\",\"contentUrl\":\"https:\\\/\\\/denhelder.online\\\/wp-content\\\/uploads\\\/2025\\\/01\\\/Telefoons.jpg\",\"width\":1494,\"height\":1586,\"caption\":\"Combineer wandelen met mysterie Napoleon\"},{\"@type\":\"BreadcrumbList\",\"@id\":\"https:\\\/\\\/denhelder.online\\\/en\\\/den-helder-experience-game\\\/#breadcrumb\",\"itemListElement\":[{\"@type\":\"ListItem\",\"position\":1,\"name\":\"Home\",\"item\":\"https:\\\/\\\/denhelder.online\\\/\"},{\"@type\":\"ListItem\",\"position\":2,\"name\":\"Den Helder Experience Game: Ontdek de stad op een unieke manier\"}]},{\"@type\":\"WebSite\",\"@id\":\"https:\\\/\\\/denhelder.online\\\/#website\",\"url\":\"https:\\\/\\\/denhelder.online\\\/\",\"name\":\"Den Helder Online\",\"description\":\"Beleef Den Helder\",\"publisher\":{\"@id\":\"https:\\\/\\\/denhelder.online\\\/#organization\"},\"potentialAction\":[{\"@type\":\"SearchAction\",\"target\":{\"@type\":\"EntryPoint\",\"urlTemplate\":\"https:\\\/\\\/denhelder.online\\\/?s={search_term_string}\"},\"query-input\":{\"@type\":\"PropertyValueSpecification\",\"valueRequired\":true,\"valueName\":\"search_term_string\"}}],\"inLanguage\":\"de\"},{\"@type\":\"Organization\",\"@id\":\"https:\\\/\\\/denhelder.online\\\/#organization\",\"name\":\"Den Helder Online\",\"url\":\"https:\\\/\\\/denhelder.online\\\/\",\"logo\":{\"@type\":\"ImageObject\",\"inLanguage\":\"de\",\"@id\":\"https:\\\/\\\/denhelder.online\\\/#\\\/schema\\\/logo\\\/image\\\/\",\"url\":\"https:\\\/\\\/denhelder.online\\\/wp-content\\\/uploads\\\/2021\\\/12\\\/DitIsDH-Logo-26-tagline.svg\",\"contentUrl\":\"https:\\\/\\\/denhelder.online\\\/wp-content\\\/uploads\\\/2021\\\/12\\\/DitIsDH-Logo-26-tagline.svg\",\"width\":1717.0999999999999,\"height\":934.89999999999998,\"caption\":\"Den Helder Online\"},\"image\":{\"@id\":\"https:\\\/\\\/denhelder.online\\\/#\\\/schema\\\/logo\\\/image\\\/\"}}]}<\/script>\n<!-- \/ Yoast SEO Premium plugin. -->","yoast_head_json":{"title":"Gehen Sie, r\u00e4tseln Sie und entdecken Sie Den Helder mit diesem interaktiven Spiel","description":"Spielen Sie das Den Helder Experience Game: ein interaktiver Spaziergang voller R\u00e4tsel und Geheimnisse. K\u00f6nnen Sie Napoleons Schatz finden?","robots":{"index":"index","follow":"follow","max-snippet":"max-snippet:-1","max-image-preview":"max-image-preview:large","max-video-preview":"max-video-preview:-1"},"canonical":"https:\/\/denhelder.online\/de\/den-helder-erlebnisspiel\/","og_locale":"de_DE","og_type":"article","og_title":"Den Helder Experience Game: Ontdek de stad op een unieke manier","og_description":"Speel de Den Helder Experience Game: een interactieve wandeling vol puzzels en geheimen. Vind jij Napoleons schat?","og_url":"https:\/\/denhelder.online\/de\/den-helder-erlebnisspiel\/","og_site_name":"Den Helder Online","article_modified_time":"2026-01-13T13:00:41+00:00","og_image":[{"width":1494,"height":1586,"url":"https:\/\/denhelder.online\/wp-content\/uploads\/2025\/01\/Telefoons.jpg","type":"image\/jpeg"}],"twitter_card":"summary_large_image","twitter_misc":{"Gesch\u00e4tzte Lesezeit":"2\u00a0Minuten"},"schema":{"@context":"https:\/\/schema.org","@graph":[{"@type":"WebPage","@id":"https:\/\/denhelder.online\/en\/den-helder-experience-game\/","url":"https:\/\/denhelder.online\/en\/den-helder-experience-game\/","name":"Gehen Sie, r\u00e4tseln Sie und entdecken Sie Den Helder mit diesem interaktiven Spiel","isPartOf":{"@id":"https:\/\/denhelder.online\/#website"},"primaryImageOfPage":{"@id":"https:\/\/denhelder.online\/en\/den-helder-experience-game\/#primaryimage"},"image":{"@id":"https:\/\/denhelder.online\/en\/den-helder-experience-game\/#primaryimage"},"thumbnailUrl":"https:\/\/denhelder.online\/wp-content\/uploads\/2025\/01\/Telefoons.jpg","datePublished":"2025-01-30T13:51:26+00:00","dateModified":"2026-01-13T13:00:41+00:00","description":"Spielen Sie das Den Helder Experience Game: ein interaktiver Spaziergang voller R\u00e4tsel und Geheimnisse. K\u00f6nnen Sie Napoleons Schatz finden?","breadcrumb":{"@id":"https:\/\/denhelder.online\/en\/den-helder-experience-game\/#breadcrumb"},"inLanguage":"de","potentialAction":[{"@type":"ReadAction","target":["https:\/\/denhelder.online\/en\/den-helder-experience-game\/"]}]},{"@type":"ImageObject","inLanguage":"de","@id":"https:\/\/denhelder.online\/en\/den-helder-experience-game\/#primaryimage","url":"https:\/\/denhelder.online\/wp-content\/uploads\/2025\/01\/Telefoons.jpg","contentUrl":"https:\/\/denhelder.online\/wp-content\/uploads\/2025\/01\/Telefoons.jpg","width":1494,"height":1586,"caption":"Combineer wandelen met mysterie Napoleon"},{"@type":"BreadcrumbList","@id":"https:\/\/denhelder.online\/en\/den-helder-experience-game\/#breadcrumb","itemListElement":[{"@type":"ListItem","position":1,"name":"Home","item":"https:\/\/denhelder.online\/"},{"@type":"ListItem","position":2,"name":"Den Helder Experience Game: Ontdek de stad op een unieke manier"}]},{"@type":"WebSite","@id":"https:\/\/denhelder.online\/#website","url":"https:\/\/denhelder.online\/","name":"Den Helder Online","description":"Erleben Sie Den Helder","publisher":{"@id":"https:\/\/denhelder.online\/#organization"},"potentialAction":[{"@type":"SearchAction","target":{"@type":"EntryPoint","urlTemplate":"https:\/\/denhelder.online\/?s={search_term_string}"},"query-input":{"@type":"PropertyValueSpecification","valueRequired":true,"valueName":"search_term_string"}}],"inLanguage":"de"},{"@type":"Organization","@id":"https:\/\/denhelder.online\/#organization","name":"Den Helder Online","url":"https:\/\/denhelder.online\/","logo":{"@type":"ImageObject","inLanguage":"de","@id":"https:\/\/denhelder.online\/#\/schema\/logo\/image\/","url":"https:\/\/denhelder.online\/wp-content\/uploads\/2021\/12\/DitIsDH-Logo-26-tagline.svg","contentUrl":"https:\/\/denhelder.online\/wp-content\/uploads\/2021\/12\/DitIsDH-Logo-26-tagline.svg","width":1717.0999999999999,"height":934.89999999999998,"caption":"Den Helder Online"},"image":{"@id":"https:\/\/denhelder.online\/#\/schema\/logo\/image\/"}}]}},"_links":{"self":[{"href":"https:\/\/denhelder.online\/de\/wp-json\/wp\/v2\/pages\/3943","targetHints":{"allow":["GET"]}}],"collection":[{"href":"https:\/\/denhelder.online\/de\/wp-json\/wp\/v2\/pages"}],"about":[{"href":"https:\/\/denhelder.online\/de\/wp-json\/wp\/v2\/types\/page"}],"author":[{"embeddable":true,"href":"https:\/\/denhelder.online\/de\/wp-json\/wp\/v2\/users\/17"}],"replies":[{"embeddable":true,"href":"https:\/\/denhelder.online\/de\/wp-json\/wp\/v2\/comments?post=3943"}],"version-history":[{"count":0,"href":"https:\/\/denhelder.online\/de\/wp-json\/wp\/v2\/pages\/3943\/revisions"}],"wp:featuredmedia":[{"embeddable":true,"href":"https:\/\/denhelder.online\/de\/wp-json\/wp\/v2\/media\/3938"}],"wp:attachment":[{"href":"https:\/\/denhelder.online\/de\/wp-json\/wp\/v2\/media?parent=3943"}],"wp:term":[{"taxonomy":"post_tag","embeddable":true,"href":"https:\/\/denhelder.online\/de\/wp-json\/wp\/v2\/tags?post=3943"},{"taxonomy":"doelgroep","embeddable":true,"href":"https:\/\/denhelder.online\/de\/wp-json\/wp\/v2\/doelgroep?post=3943"},{"taxonomy":"categorie","embeddable":true,"href":"https:\/\/denhelder.online\/de\/wp-json\/wp\/v2\/categorie?post=3943"}],"curies":[{"name":"wp","href":"https:\/\/api.w.org\/{rel}","templated":true}]}}