{"id":3950,"date":"2025-01-30T15:09:18","date_gmt":"2025-01-30T14:09:18","guid":{"rendered":"https:\/\/denhelder.online\/?page_id=3950"},"modified":"2026-03-13T12:14:38","modified_gmt":"2026-03-13T11:14:38","slug":"napoleon-route-ein-spaziergang-durch-die-militarische-vergangenheit-von-den-helder","status":"publish","type":"page","link":"https:\/\/denhelder.online\/de\/wat-te-doen\/wandelroutes\/wandelen-door-den-helder\/napoleonroute-wandel-door-het-militaire-verleden-van-den-helder\/","title":{"rendered":"Napoleon-Route: Begeben Sie sich auf eine Reise durch die milit\u00e4rische Vergangenheit von Den Helder"},"content":{"rendered":"<div data-elementor-type=\"wp-page\" data-elementor-id=\"3950\" class=\"elementor elementor-3950\" data-elementor-post-type=\"page\">\n\t\t\t\t<div class=\"elementor-element elementor-element-191a8031 e-flex e-con-boxed e-con e-parent\" data-id=\"191a8031\" data-element_type=\"container\" data-e-type=\"container\" data-settings=\"{&quot;jet_parallax_layout_list&quot;:[]}\">\n\t\t\t\t\t<div class=\"e-con-inner\">\n\t\t<div class=\"elementor-element elementor-element-1fc6dc94 e-con-full e-flex e-con e-child\" data-id=\"1fc6dc94\" data-element_type=\"container\" data-e-type=\"container\" data-settings=\"{&quot;jet_parallax_layout_list&quot;:[]}\">\n\t\t\t\t<div class=\"elementor-element elementor-element-d55fb2c elementor-widget__width-inherit elementor-widget elementor-widget-heading\" data-id=\"d55fb2c\" data-element_type=\"widget\" data-e-type=\"widget\" data-widget_type=\"heading.default\">\n\t\t\t\t<div class=\"elementor-widget-container\">\n\t\t\t\t\t<h1 class=\"elementor-heading-title elementor-size-default\">Napoleon-Route: Begeben Sie sich auf eine Reise durch die milit\u00e4rische Vergangenheit von Den Helder\n<\/h1>\t\t\t\t<\/div>\n\t\t\t\t<\/div>\n\t\t\t\t<div class=\"elementor-element elementor-element-42f1061a elementor-widget elementor-widget-text-editor\" data-id=\"42f1061a\" data-element_type=\"widget\" data-e-type=\"widget\" data-widget_type=\"text-editor.default\">\n\t\t\t\t<div class=\"elementor-widget-container\">\n\t\t\t\t\t\t\t\t\t<h3>Entdecken Sie das \u2018Gibraltar des Nordens\u2019<\/h3><p>Den Helder zeichnet sich durch seine einzigartige Lage aus, da es an drei Seiten vom Meer umgeben ist. 1811 ernannte Napoleon diesen strategisch wichtigen Ort zum \u201cGibraltar des Nordens\u201d und stationierte dort eine Flotte. Zum Schutz des Marinehafens gab er den Bau mehrerer Festungen in Auftrag: Fort Kijkduin, Fort Erfprins, Fort Dirksz Admiraal und Fort Oostoever. Diese Festungen wurden sp\u00e4ter durch einen Verteidigungsdeich verbunden und bilden zusammen die Verteidigungslinie Den Helder.<\/p><p><strong>Folge Napoleons Spuren<\/strong><br \/>Auf diesem rund 11 km langen Wanderweg entdecken Sie, wie Napoleon seine Milit\u00e4rstrategie umsetzte. Sie passieren verschiedene Geb\u00e4ude aus der napoleonischen \u00c4ra, niederl\u00e4ndische Verteidigungsanlagen und beeindruckende deutsche Bunker aus dem Zweiten Weltkrieg. Der Weg ist mit Holzpfosten markiert, die jeweils Napoleons Arm zeigen und die Richtung angeben.<\/p><p><strong>Was macht diese Strecke so besonders?<\/strong><br \/>* Einzigartiges milit\u00e4risches Erbe aus verschiedenen Epochen<br \/>* Wundersch\u00f6ne Natur entlang eines historischen Verteidigungssystems<br \/>* Deutliche Beschilderung mit Napoleons Arm<br \/>* Eine perfekte Mischung aus Geschichte und Landschaft<\/p><p><strong>Praktische Informationen<\/strong><br \/>L\u00e4nge: ca. 11 km<br \/>Startpunkt: Frei w\u00e4hlbar, die Route kann in beide Richtungen befahren werden<br \/>Kennzeichnung: Holzpfosten mit Napoleons Arm<\/p><p>Begeben Sie sich auf eine Zeitreise und erleben Sie das milit\u00e4rische K\u00f6nnen eines der gr\u00f6\u00dften Strategen Europas. Viel Vergn\u00fcgen!<\/p>\t\t\t\t\t\t\t\t<\/div>\n\t\t\t\t<\/div>\n\t\t<div class=\"elementor-element elementor-element-7d66de36 e-con-full e-flex e-con e-child\" data-id=\"7d66de36\" data-element_type=\"container\" data-e-type=\"container\" data-settings=\"{&quot;jet_parallax_layout_list&quot;:[]}\">\n\t\t\t\t<div class=\"elementor-element elementor-element-17f0d32c elementor-mobile-align-justify elementor-widget-mobile__width-inherit elementor-tablet-align-justify elementor-widget elementor-widget-button\" data-id=\"17f0d32c\" data-element_type=\"widget\" data-e-type=\"widget\" data-widget_type=\"button.default\">\n\t\t\t\t<div class=\"elementor-widget-container\">\n\t\t\t\t\t\t\t\t\t<div class=\"elementor-button-wrapper\">\n\t\t\t\t\t<a class=\"elementor-button elementor-button-link elementor-size-sm\" href=\"https:\/\/denhelder.online\/de\/wandelroutes_militaire-verleden\/\" target=\"_blank\">\n\t\t\t\t\t\t<span class=\"elementor-button-content-wrapper\">\n\t\t\t\t\t\t<span class=\"elementor-button-icon\">\n\t\t\t\t<i aria-hidden=\"true\" class=\"fas fa-chevron-right\"><\/i>\t\t\t<\/span>\n\t\t\t\t\t\t\t\t\t<span class=\"elementor-button-text\">Route<\/span>\n\t\t\t\t\t<\/span>\n\t\t\t\t\t<\/a>\n\t\t\t\t<\/div>\n\t\t\t\t\t\t\t\t<\/div>\n\t\t\t\t<\/div>\n\t\t\t\t<div class=\"elementor-element elementor-element-2eb9fb42 elementor-mobile-align-justify elementor-widget-mobile__width-inherit elementor-tablet-align-justify elementor-widget elementor-widget-button\" data-id=\"2eb9fb42\" data-element_type=\"widget\" data-e-type=\"widget\" data-widget_type=\"button.default\">\n\t\t\t\t<div class=\"elementor-widget-container\">\n\t\t\t\t\t\t\t\t\t<div class=\"elementor-button-wrapper\">\n\t\t\t\t\t<a class=\"elementor-button elementor-button-link elementor-size-sm\" href=\"#\">\n\t\t\t\t\t\t<span class=\"elementor-button-content-wrapper\">\n\t\t\t\t\t\t<span class=\"elementor-button-icon\">\n\t\t\t\t<i aria-hidden=\"true\" class=\"fas fa-chevron-right\"><\/i>\t\t\t<\/span>\n\t\t\t\t\t\t\t\t\t<span class=\"elementor-button-text\">Laden Sie die GPX-Datei herunter.<\/span>\n\t\t\t\t\t<\/span>\n\t\t\t\t\t<\/a>\n\t\t\t\t<\/div>\n\t\t\t\t\t\t\t\t<\/div>\n\t\t\t\t<\/div>\n\t\t\t\t<\/div>\n\t\t\t\t<\/div>\n\t\t<div class=\"elementor-element elementor-element-68b8b814 e-con-full e-flex e-con e-child\" data-id=\"68b8b814\" data-element_type=\"container\" data-e-type=\"container\" data-settings=\"{&quot;jet_parallax_layout_list&quot;:[]}\">\n\t\t\t\t<div class=\"elementor-element elementor-element-74c793fc elementor-widget elementor-widget-image\" data-id=\"74c793fc\" data-element_type=\"widget\" data-e-type=\"widget\" data-widget_type=\"image.default\">\n\t\t\t\t<div class=\"elementor-widget-container\">\n\t\t\t\t\t\t\t\t\t\t\t\t<figure class=\"wp-caption\">\n\t\t\t\t\t\t\t\t\t\t<img fetchpriority=\"high\" decoding=\"async\" width=\"800\" height=\"476\" src=\"https:\/\/denhelder.online\/wp-content\/uploads\/2025\/01\/Fort-Kijkduin-luchtfoto2-2-1024x609.jpg\" class=\"attachment-large size-large wp-image-3956\" alt=\"Napoleon-Wanderweg\" srcset=\"https:\/\/denhelder.online\/wp-content\/uploads\/2025\/01\/Fort-Kijkduin-luchtfoto2-2-1024x609.jpg 1024w, https:\/\/denhelder.online\/wp-content\/uploads\/2025\/01\/Fort-Kijkduin-luchtfoto2-2-300x179.jpg 300w, https:\/\/denhelder.online\/wp-content\/uploads\/2025\/01\/Fort-Kijkduin-luchtfoto2-2-768x457.jpg 768w, https:\/\/denhelder.online\/wp-content\/uploads\/2025\/01\/Fort-Kijkduin-luchtfoto2-2-600x357.jpg 600w, https:\/\/denhelder.online\/wp-content\/uploads\/2025\/01\/Fort-Kijkduin-luchtfoto2-2.jpg 1435w\" sizes=\"(max-width: 800px) 100vw, 800px\" \/>\t\t\t\t\t\t\t\t\t\t\t<figcaption class=\"widget-image-caption wp-caption-text\">Fort Kijkduin<\/figcaption>\n\t\t\t\t\t\t\t\t\t\t<\/figure>\n\t\t\t\t\t\t\t\t\t<\/div>\n\t\t\t\t<\/div>\n\t\t\t\t<\/div>\n\t\t\t\t\t<\/div>\n\t\t\t\t<\/div>\n\t\t\t\t<\/div>","protected":false},"excerpt":{"rendered":"<p>Napoleonroute: Wandel door het militaire verleden van Den Helder Ontdek het &#8216;Gibraltar van het Noorden&#8217; Den Helder heeft een unieke ligging, omringd door zee aan drie kanten. In 1811 benoemde Napoleon deze strategische plek tot het \u201cGibraltar van het Noorden\u201d en stationeerde hier een marinevloot. Om de oorlogshaven te verdedigen, liet hij een reeks forten [&hellip;]<\/p>\n","protected":false},"author":17,"featured_media":3956,"parent":4877,"menu_order":0,"comment_status":"closed","ping_status":"closed","template":"elementor_header_footer","meta":{"footnotes":""},"tags":[],"doelgroep":[],"categorie":[],"class_list":["post-3950","page","type-page","status-publish","has-post-thumbnail","hentry"],"yoast_head":"<!-- This site is optimized with the Yoast SEO Premium plugin v24.7 (Yoast SEO v27.3) - https:\/\/yoast.com\/product\/yoast-seo-premium-wordpress\/ -->\n<title>Ontdek de Napoleonroute in Den Helder: 11 km historie<\/title>\n<meta name=\"description\" content=\"Ervaar het \u2018Gibraltar van het Noorden\u2019 tijdens de Napoleonroute. Ontdek forten, bunkers en een fascinerende geschiedenis.\" \/>\n<meta name=\"robots\" content=\"index, follow, max-snippet:-1, max-image-preview:large, max-video-preview:-1\" \/>\n<link rel=\"canonical\" href=\"https:\/\/denhelder.online\/de\/was-zu-tun\/wanderwege\/durch-die-klare\/napoleon-route-ein-spaziergang-durch-die-militarische-vergangenheit-von-den-helder\/\" \/>\n<meta property=\"og:locale\" content=\"de_DE\" \/>\n<meta property=\"og:type\" content=\"article\" \/>\n<meta property=\"og:title\" content=\"Napoleonroute: Wandel door het militaire verleden van Den Helder\" \/>\n<meta property=\"og:description\" content=\"Ervaar het \u2018Gibraltar van het Noorden\u2019 tijdens de Napoleonroute. Ontdek forten, bunkers en een fascinerende geschiedenis.\" \/>\n<meta property=\"og:url\" content=\"https:\/\/denhelder.online\/de\/was-zu-tun\/wanderwege\/durch-die-klare\/napoleon-route-ein-spaziergang-durch-die-militarische-vergangenheit-von-den-helder\/\" \/>\n<meta property=\"og:site_name\" content=\"Den Helder Online\" \/>\n<meta property=\"article:modified_time\" content=\"2026-03-13T11:14:38+00:00\" \/>\n<meta property=\"og:image\" content=\"https:\/\/denhelder.online\/wp-content\/uploads\/2025\/01\/Fort-Kijkduin-luchtfoto2-2.jpg\" \/>\n\t<meta property=\"og:image:width\" content=\"1435\" \/>\n\t<meta property=\"og:image:height\" content=\"854\" \/>\n\t<meta property=\"og:image:type\" content=\"image\/jpeg\" \/>\n<meta name=\"twitter:card\" content=\"summary_large_image\" \/>\n<meta name=\"twitter:label1\" content=\"Gesch\u00e4tzte Lesezeit\" \/>\n\t<meta name=\"twitter:data1\" content=\"2\u00a0Minuten\" \/>\n<script type=\"application\/ld+json\" class=\"yoast-schema-graph\">{\"@context\":\"https:\\\/\\\/schema.org\",\"@graph\":[{\"@type\":\"WebPage\",\"@id\":\"https:\\\/\\\/denhelder.online\\\/de\\\/was-zu-tun\\\/wanderwege\\\/durch-die-klare\\\/napoleon-route-ein-spaziergang-durch-die-militarische-vergangenheit-von-den-helder\\\/\",\"url\":\"https:\\\/\\\/denhelder.online\\\/de\\\/was-zu-tun\\\/wanderwege\\\/durch-die-klare\\\/napoleon-route-ein-spaziergang-durch-die-militarische-vergangenheit-von-den-helder\\\/\",\"name\":\"Ontdek de Napoleonroute in Den Helder: 11 km historie\",\"isPartOf\":{\"@id\":\"https:\\\/\\\/denhelder.online\\\/#website\"},\"primaryImageOfPage\":{\"@id\":\"https:\\\/\\\/denhelder.online\\\/de\\\/was-zu-tun\\\/wanderwege\\\/durch-die-klare\\\/napoleon-route-ein-spaziergang-durch-die-militarische-vergangenheit-von-den-helder\\\/#primaryimage\"},\"image\":{\"@id\":\"https:\\\/\\\/denhelder.online\\\/de\\\/was-zu-tun\\\/wanderwege\\\/durch-die-klare\\\/napoleon-route-ein-spaziergang-durch-die-militarische-vergangenheit-von-den-helder\\\/#primaryimage\"},\"thumbnailUrl\":\"https:\\\/\\\/denhelder.online\\\/wp-content\\\/uploads\\\/2025\\\/01\\\/Fort-Kijkduin-luchtfoto2-2.jpg\",\"datePublished\":\"2025-01-30T14:09:18+00:00\",\"dateModified\":\"2026-03-13T11:14:38+00:00\",\"description\":\"Ervaar het \u2018Gibraltar van het Noorden\u2019 tijdens de Napoleonroute. Ontdek forten, bunkers en een fascinerende geschiedenis.\",\"breadcrumb\":{\"@id\":\"https:\\\/\\\/denhelder.online\\\/de\\\/was-zu-tun\\\/wanderwege\\\/durch-die-klare\\\/napoleon-route-ein-spaziergang-durch-die-militarische-vergangenheit-von-den-helder\\\/#breadcrumb\"},\"inLanguage\":\"de\",\"potentialAction\":[{\"@type\":\"ReadAction\",\"target\":[\"https:\\\/\\\/denhelder.online\\\/de\\\/was-zu-tun\\\/wanderwege\\\/durch-die-klare\\\/napoleon-route-ein-spaziergang-durch-die-militarische-vergangenheit-von-den-helder\\\/\"]}]},{\"@type\":\"ImageObject\",\"inLanguage\":\"de\",\"@id\":\"https:\\\/\\\/denhelder.online\\\/de\\\/was-zu-tun\\\/wanderwege\\\/durch-die-klare\\\/napoleon-route-ein-spaziergang-durch-die-militarische-vergangenheit-von-den-helder\\\/#primaryimage\",\"url\":\"https:\\\/\\\/denhelder.online\\\/wp-content\\\/uploads\\\/2025\\\/01\\\/Fort-Kijkduin-luchtfoto2-2.jpg\",\"contentUrl\":\"https:\\\/\\\/denhelder.online\\\/wp-content\\\/uploads\\\/2025\\\/01\\\/Fort-Kijkduin-luchtfoto2-2.jpg\",\"width\":1435,\"height\":854,\"caption\":\"Napoleon wandel route\"},{\"@type\":\"BreadcrumbList\",\"@id\":\"https:\\\/\\\/denhelder.online\\\/de\\\/was-zu-tun\\\/wanderwege\\\/durch-die-klare\\\/napoleon-route-ein-spaziergang-durch-die-militarische-vergangenheit-von-den-helder\\\/#breadcrumb\",\"itemListElement\":[{\"@type\":\"ListItem\",\"position\":1,\"name\":\"Home\",\"item\":\"https:\\\/\\\/denhelder.online\\\/\"},{\"@type\":\"ListItem\",\"position\":2,\"name\":\"Wat te doen\",\"item\":\"https:\\\/\\\/denhelder.online\\\/wat-te-doen\\\/\"},{\"@type\":\"ListItem\",\"position\":3,\"name\":\"Wandelroutes\",\"item\":\"https:\\\/\\\/denhelder.online\\\/en\\\/what-to-do\\\/walking-routes\\\/\"},{\"@type\":\"ListItem\",\"position\":4,\"name\":\"Wandelen door Den Helder\",\"item\":\"https:\\\/\\\/denhelder.online\\\/en\\\/what-to-do\\\/walking-routes\\\/walking-through-the-clear\\\/\"},{\"@type\":\"ListItem\",\"position\":5,\"name\":\"Napoleonroute: Wandel door het militaire verleden van Den Helder\"}]},{\"@type\":\"WebSite\",\"@id\":\"https:\\\/\\\/denhelder.online\\\/#website\",\"url\":\"https:\\\/\\\/denhelder.online\\\/\",\"name\":\"Den Helder Online\",\"description\":\"Beleef Den Helder\",\"publisher\":{\"@id\":\"https:\\\/\\\/denhelder.online\\\/#organization\"},\"potentialAction\":[{\"@type\":\"SearchAction\",\"target\":{\"@type\":\"EntryPoint\",\"urlTemplate\":\"https:\\\/\\\/denhelder.online\\\/?s={search_term_string}\"},\"query-input\":{\"@type\":\"PropertyValueSpecification\",\"valueRequired\":true,\"valueName\":\"search_term_string\"}}],\"inLanguage\":\"de\"},{\"@type\":\"Organization\",\"@id\":\"https:\\\/\\\/denhelder.online\\\/#organization\",\"name\":\"Den Helder Online\",\"url\":\"https:\\\/\\\/denhelder.online\\\/\",\"logo\":{\"@type\":\"ImageObject\",\"inLanguage\":\"de\",\"@id\":\"https:\\\/\\\/denhelder.online\\\/#\\\/schema\\\/logo\\\/image\\\/\",\"url\":\"https:\\\/\\\/denhelder.online\\\/wp-content\\\/uploads\\\/2021\\\/12\\\/DitIsDH-Logo-26-tagline.svg\",\"contentUrl\":\"https:\\\/\\\/denhelder.online\\\/wp-content\\\/uploads\\\/2021\\\/12\\\/DitIsDH-Logo-26-tagline.svg\",\"width\":1717.0999999999999,\"height\":934.89999999999998,\"caption\":\"Den Helder Online\"},\"image\":{\"@id\":\"https:\\\/\\\/denhelder.online\\\/#\\\/schema\\\/logo\\\/image\\\/\"}}]}<\/script>\n<!-- \/ Yoast SEO Premium plugin. -->","yoast_head_json":{"title":"Entdecken Sie die Napoleon-Route in Den Helder: 11 km Geschichte","description":"Erleben Sie das \u2018Gibraltar des Nordens\u2019 auf der Napoleon-Route. Entdecken Sie Festungen, Bunker und eine faszinierende Geschichte.","robots":{"index":"index","follow":"follow","max-snippet":"max-snippet:-1","max-image-preview":"max-image-preview:large","max-video-preview":"max-video-preview:-1"},"canonical":"https:\/\/denhelder.online\/de\/was-zu-tun\/wanderwege\/durch-die-klare\/napoleon-route-ein-spaziergang-durch-die-militarische-vergangenheit-von-den-helder\/","og_locale":"de_DE","og_type":"article","og_title":"Napoleonroute: Wandel door het militaire verleden van Den Helder","og_description":"Ervaar het \u2018Gibraltar van het Noorden\u2019 tijdens de Napoleonroute. Ontdek forten, bunkers en een fascinerende geschiedenis.","og_url":"https:\/\/denhelder.online\/de\/was-zu-tun\/wanderwege\/durch-die-klare\/napoleon-route-ein-spaziergang-durch-die-militarische-vergangenheit-von-den-helder\/","og_site_name":"Den Helder Online","article_modified_time":"2026-03-13T11:14:38+00:00","og_image":[{"width":1435,"height":854,"url":"https:\/\/denhelder.online\/wp-content\/uploads\/2025\/01\/Fort-Kijkduin-luchtfoto2-2.jpg","type":"image\/jpeg"}],"twitter_card":"summary_large_image","twitter_misc":{"Gesch\u00e4tzte Lesezeit":"2\u00a0Minuten"},"schema":{"@context":"https:\/\/schema.org","@graph":[{"@type":"WebPage","@id":"https:\/\/denhelder.online\/de\/was-zu-tun\/wanderwege\/durch-die-klare\/napoleon-route-ein-spaziergang-durch-die-militarische-vergangenheit-von-den-helder\/","url":"https:\/\/denhelder.online\/de\/was-zu-tun\/wanderwege\/durch-die-klare\/napoleon-route-ein-spaziergang-durch-die-militarische-vergangenheit-von-den-helder\/","name":"Entdecken Sie die Napoleon-Route in Den Helder: 11 km Geschichte","isPartOf":{"@id":"https:\/\/denhelder.online\/#website"},"primaryImageOfPage":{"@id":"https:\/\/denhelder.online\/de\/was-zu-tun\/wanderwege\/durch-die-klare\/napoleon-route-ein-spaziergang-durch-die-militarische-vergangenheit-von-den-helder\/#primaryimage"},"image":{"@id":"https:\/\/denhelder.online\/de\/was-zu-tun\/wanderwege\/durch-die-klare\/napoleon-route-ein-spaziergang-durch-die-militarische-vergangenheit-von-den-helder\/#primaryimage"},"thumbnailUrl":"https:\/\/denhelder.online\/wp-content\/uploads\/2025\/01\/Fort-Kijkduin-luchtfoto2-2.jpg","datePublished":"2025-01-30T14:09:18+00:00","dateModified":"2026-03-13T11:14:38+00:00","description":"Erleben Sie das \u2018Gibraltar des Nordens\u2019 auf der Napoleon-Route. Entdecken Sie Festungen, Bunker und eine faszinierende Geschichte.","breadcrumb":{"@id":"https:\/\/denhelder.online\/de\/was-zu-tun\/wanderwege\/durch-die-klare\/napoleon-route-ein-spaziergang-durch-die-militarische-vergangenheit-von-den-helder\/#breadcrumb"},"inLanguage":"de","potentialAction":[{"@type":"ReadAction","target":["https:\/\/denhelder.online\/de\/was-zu-tun\/wanderwege\/durch-die-klare\/napoleon-route-ein-spaziergang-durch-die-militarische-vergangenheit-von-den-helder\/"]}]},{"@type":"ImageObject","inLanguage":"de","@id":"https:\/\/denhelder.online\/de\/was-zu-tun\/wanderwege\/durch-die-klare\/napoleon-route-ein-spaziergang-durch-die-militarische-vergangenheit-von-den-helder\/#primaryimage","url":"https:\/\/denhelder.online\/wp-content\/uploads\/2025\/01\/Fort-Kijkduin-luchtfoto2-2.jpg","contentUrl":"https:\/\/denhelder.online\/wp-content\/uploads\/2025\/01\/Fort-Kijkduin-luchtfoto2-2.jpg","width":1435,"height":854,"caption":"Napoleon wandel route"},{"@type":"BreadcrumbList","@id":"https:\/\/denhelder.online\/de\/was-zu-tun\/wanderwege\/durch-die-klare\/napoleon-route-ein-spaziergang-durch-die-militarische-vergangenheit-von-den-helder\/#breadcrumb","itemListElement":[{"@type":"ListItem","position":1,"name":"Home","item":"https:\/\/denhelder.online\/"},{"@type":"ListItem","position":2,"name":"Wat te doen","item":"https:\/\/denhelder.online\/wat-te-doen\/"},{"@type":"ListItem","position":3,"name":"Wandelroutes","item":"https:\/\/denhelder.online\/en\/what-to-do\/walking-routes\/"},{"@type":"ListItem","position":4,"name":"Wandelen door Den Helder","item":"https:\/\/denhelder.online\/en\/what-to-do\/walking-routes\/walking-through-the-clear\/"},{"@type":"ListItem","position":5,"name":"Napoleonroute: Wandel door het militaire verleden van Den Helder"}]},{"@type":"WebSite","@id":"https:\/\/denhelder.online\/#website","url":"https:\/\/denhelder.online\/","name":"Den Helder Online","description":"Erleben Sie Den Helder","publisher":{"@id":"https:\/\/denhelder.online\/#organization"},"potentialAction":[{"@type":"SearchAction","target":{"@type":"EntryPoint","urlTemplate":"https:\/\/denhelder.online\/?s={search_term_string}"},"query-input":{"@type":"PropertyValueSpecification","valueRequired":true,"valueName":"search_term_string"}}],"inLanguage":"de"},{"@type":"Organization","@id":"https:\/\/denhelder.online\/#organization","name":"Den Helder Online","url":"https:\/\/denhelder.online\/","logo":{"@type":"ImageObject","inLanguage":"de","@id":"https:\/\/denhelder.online\/#\/schema\/logo\/image\/","url":"https:\/\/denhelder.online\/wp-content\/uploads\/2021\/12\/DitIsDH-Logo-26-tagline.svg","contentUrl":"https:\/\/denhelder.online\/wp-content\/uploads\/2021\/12\/DitIsDH-Logo-26-tagline.svg","width":1717.0999999999999,"height":934.89999999999998,"caption":"Den Helder Online"},"image":{"@id":"https:\/\/denhelder.online\/#\/schema\/logo\/image\/"}}]}},"_links":{"self":[{"href":"https:\/\/denhelder.online\/de\/wp-json\/wp\/v2\/pages\/3950","targetHints":{"allow":["GET"]}}],"collection":[{"href":"https:\/\/denhelder.online\/de\/wp-json\/wp\/v2\/pages"}],"about":[{"href":"https:\/\/denhelder.online\/de\/wp-json\/wp\/v2\/types\/page"}],"author":[{"embeddable":true,"href":"https:\/\/denhelder.online\/de\/wp-json\/wp\/v2\/users\/17"}],"replies":[{"embeddable":true,"href":"https:\/\/denhelder.online\/de\/wp-json\/wp\/v2\/comments?post=3950"}],"version-history":[{"count":0,"href":"https:\/\/denhelder.online\/de\/wp-json\/wp\/v2\/pages\/3950\/revisions"}],"up":[{"embeddable":true,"href":"https:\/\/denhelder.online\/de\/wp-json\/wp\/v2\/pages\/4877"}],"wp:featuredmedia":[{"embeddable":true,"href":"https:\/\/denhelder.online\/de\/wp-json\/wp\/v2\/media\/3956"}],"wp:attachment":[{"href":"https:\/\/denhelder.online\/de\/wp-json\/wp\/v2\/media?parent=3950"}],"wp:term":[{"taxonomy":"post_tag","embeddable":true,"href":"https:\/\/denhelder.online\/de\/wp-json\/wp\/v2\/tags?post=3950"},{"taxonomy":"doelgroep","embeddable":true,"href":"https:\/\/denhelder.online\/de\/wp-json\/wp\/v2\/doelgroep?post=3950"},{"taxonomy":"categorie","embeddable":true,"href":"https:\/\/denhelder.online\/de\/wp-json\/wp\/v2\/categorie?post=3950"}],"curies":[{"name":"wp","href":"https:\/\/api.w.org\/{rel}","templated":true}]}}