{"id":4058,"date":"2025-01-31T12:49:01","date_gmt":"2025-01-31T11:49:01","guid":{"rendered":"https:\/\/denhelder.online\/?page_id=4058"},"modified":"2026-03-13T12:21:24","modified_gmt":"2026-03-13T11:21:24","slug":"poesieroute","status":"publish","type":"page","link":"https:\/\/denhelder.online\/de\/wat-te-doen\/wandelroutes\/wandelen-door-den-helder\/poezieroute\/","title":{"rendered":"Poesieroute"},"content":{"rendered":"<div data-elementor-type=\"wp-page\" data-elementor-id=\"4058\" class=\"elementor elementor-4058\" data-elementor-post-type=\"page\">\n\t\t\t\t<div class=\"elementor-element elementor-element-72a0faed e-flex e-con-boxed e-con e-parent\" data-id=\"72a0faed\" data-element_type=\"container\" data-e-type=\"container\" data-settings=\"{&quot;jet_parallax_layout_list&quot;:[]}\">\n\t\t\t\t\t<div class=\"e-con-inner\">\n\t\t<div class=\"elementor-element elementor-element-3c7dc64a e-con-full e-flex e-con e-child\" data-id=\"3c7dc64a\" data-element_type=\"container\" data-e-type=\"container\" data-settings=\"{&quot;jet_parallax_layout_list&quot;:[]}\">\n\t\t\t\t<div class=\"elementor-element elementor-element-6ebe142c elementor-widget__width-inherit elementor-widget elementor-widget-heading\" data-id=\"6ebe142c\" data-element_type=\"widget\" data-e-type=\"widget\" data-widget_type=\"heading.default\">\n\t\t\t\t<div class=\"elementor-widget-container\">\n\t\t\t\t\t<h1 class=\"elementor-heading-title elementor-size-default\">Poesieroute<\/h1>\t\t\t\t<\/div>\n\t\t\t\t<\/div>\n\t\t\t\t<div class=\"elementor-element elementor-element-2b872819 elementor-widget elementor-widget-text-editor\" data-id=\"2b872819\" data-element_type=\"widget\" data-e-type=\"widget\" data-widget_type=\"text-editor.default\">\n\t\t\t\t<div class=\"elementor-widget-container\">\n\t\t\t\t\t\t\t\t\t<h3>Kunst in der Landschaft: eine neue Perspektive auf die Umwelt<\/h3><p>Bildende Kunst kann eine Landschaft bereichern. Sie f\u00fcgt etwas hinzu, ohne ihre Essenz zu verlieren. Als Besucher sieht man die Umgebung mit neuen Augen und erh\u00e4lt die M\u00f6glichkeit, dar\u00fcber nachzudenken. Kunst ver\u00e4ndert die Landschaft aber auch, wenn auch nur subtil. Selbst ein einfacher, leerer Bilderrahmen \u2013 ein bekanntes Beispiel \u2013 beeinflusst die Wahrnehmung der Umgebung.<\/p>\t\t\t\t\t\t\t\t<\/div>\n\t\t\t\t<\/div>\n\t\t<div class=\"elementor-element elementor-element-296a41e8 e-con-full e-flex e-con e-child\" data-id=\"296a41e8\" data-element_type=\"container\" data-e-type=\"container\" data-settings=\"{&quot;jet_parallax_layout_list&quot;:[]}\">\n\t\t\t\t<div class=\"elementor-element elementor-element-77fb6756 elementor-mobile-align-justify elementor-widget-mobile__width-inherit elementor-tablet-align-justify elementor-widget elementor-widget-button\" data-id=\"77fb6756\" data-element_type=\"widget\" data-e-type=\"widget\" data-widget_type=\"button.default\">\n\t\t\t\t<div class=\"elementor-widget-container\">\n\t\t\t\t\t\t\t\t\t<div class=\"elementor-button-wrapper\">\n\t\t\t\t\t<a class=\"elementor-button elementor-button-link elementor-size-sm\" href=\"https:\/\/denhelder.online\/de\/wandelroutes_-poezie\/\" target=\"_blank\">\n\t\t\t\t\t\t<span class=\"elementor-button-content-wrapper\">\n\t\t\t\t\t\t<span class=\"elementor-button-icon\">\n\t\t\t\t<i aria-hidden=\"true\" class=\"fas fa-chevron-right\"><\/i>\t\t\t<\/span>\n\t\t\t\t\t\t\t\t\t<span class=\"elementor-button-text\">Route<\/span>\n\t\t\t\t\t<\/span>\n\t\t\t\t\t<\/a>\n\t\t\t\t<\/div>\n\t\t\t\t\t\t\t\t<\/div>\n\t\t\t\t<\/div>\n\t\t\t\t<div class=\"elementor-element elementor-element-6f9fa1a6 elementor-mobile-align-justify elementor-widget-mobile__width-inherit elementor-tablet-align-justify elementor-widget elementor-widget-button\" data-id=\"6f9fa1a6\" data-element_type=\"widget\" data-e-type=\"widget\" data-widget_type=\"button.default\">\n\t\t\t\t<div class=\"elementor-widget-container\">\n\t\t\t\t\t\t\t\t\t<div class=\"elementor-button-wrapper\">\n\t\t\t\t\t<a class=\"elementor-button elementor-button-link elementor-size-sm\" href=\"#\">\n\t\t\t\t\t\t<span class=\"elementor-button-content-wrapper\">\n\t\t\t\t\t\t<span class=\"elementor-button-icon\">\n\t\t\t\t<i aria-hidden=\"true\" class=\"fas fa-chevron-right\"><\/i>\t\t\t<\/span>\n\t\t\t\t\t\t\t\t\t<span class=\"elementor-button-text\">Laden Sie die GPX-Datei herunter.<\/span>\n\t\t\t\t\t<\/span>\n\t\t\t\t\t<\/a>\n\t\t\t\t<\/div>\n\t\t\t\t\t\t\t\t<\/div>\n\t\t\t\t<\/div>\n\t\t\t\t<\/div>\n\t\t\t\t<\/div>\n\t\t<div class=\"elementor-element elementor-element-1a40548d e-con-full e-flex e-con e-child\" data-id=\"1a40548d\" data-element_type=\"container\" data-e-type=\"container\" data-settings=\"{&quot;jet_parallax_layout_list&quot;:[]}\">\n\t\t\t\t<div class=\"elementor-element elementor-element-738e1335 elementor-widget elementor-widget-image\" data-id=\"738e1335\" data-element_type=\"widget\" data-e-type=\"widget\" data-widget_type=\"image.default\">\n\t\t\t\t<div class=\"elementor-widget-container\">\n\t\t\t\t\t\t\t\t\t\t\t\t\t\t\t<img fetchpriority=\"high\" decoding=\"async\" width=\"800\" height=\"534\" src=\"https:\/\/denhelder.online\/wp-content\/uploads\/2025\/01\/gedicht-huisduinerweg-ida-gerhardt-1024x683.jpg\" class=\"attachment-large size-large wp-image-4054\" alt=\"Poesie Gedicht Den Helder Wanderroute\" srcset=\"https:\/\/denhelder.online\/wp-content\/uploads\/2025\/01\/gedicht-huisduinerweg-ida-gerhardt-1024x683.jpg 1024w, https:\/\/denhelder.online\/wp-content\/uploads\/2025\/01\/gedicht-huisduinerweg-ida-gerhardt-300x200.jpg 300w, https:\/\/denhelder.online\/wp-content\/uploads\/2025\/01\/gedicht-huisduinerweg-ida-gerhardt-768x512.jpg 768w, https:\/\/denhelder.online\/wp-content\/uploads\/2025\/01\/gedicht-huisduinerweg-ida-gerhardt-600x400.jpg 600w, https:\/\/denhelder.online\/wp-content\/uploads\/2025\/01\/gedicht-huisduinerweg-ida-gerhardt.jpg 1200w\" sizes=\"(max-width: 800px) 100vw, 800px\" \/>\t\t\t\t\t\t\t\t\t\t\t\t\t\t\t<\/div>\n\t\t\t\t<\/div>\n\t\t\t\t<\/div>\n\t\t\t\t\t<\/div>\n\t\t\t\t<\/div>\n\t\t\t\t<\/div>","protected":false},"excerpt":{"rendered":"<p>Po\u00ebzieroute Kunst in het landschap: een nieuwe blik op de omgeving Beeldende kunst kan een landschap verrijken. Het voegt iets toe zonder de essentie te verliezen. Als bezoeker kijk je met andere ogen naar de omgeving en krijg je de ruimte om erover na te denken. Maar kunst verandert ook het landschap, hoe subtiel ook. [&hellip;]<\/p>\n","protected":false},"author":17,"featured_media":4054,"parent":4877,"menu_order":0,"comment_status":"closed","ping_status":"closed","template":"elementor_header_footer","meta":{"footnotes":""},"tags":[],"doelgroep":[6027,6029],"categorie":[],"class_list":["post-4058","page","type-page","status-publish","has-post-thumbnail","hentry","doelgroep-inwoner","doelgroep-toerist"],"yoast_head":"<!-- This site is optimized with the Yoast SEO Premium plugin v24.7 (Yoast SEO v27.3) - https:\/\/yoast.com\/product\/yoast-seo-premium-wordpress\/ -->\n<title>Kunst in het landschap: een nieuwe kijk op de natuur<\/title>\n<meta name=\"description\" content=\"Kunst in het landschap laat je anders kijken naar de omgeving. Ontdek hoe kunst en natuur samenkomen.\" \/>\n<meta name=\"robots\" content=\"index, follow, max-snippet:-1, max-image-preview:large, max-video-preview:-1\" \/>\n<link rel=\"canonical\" href=\"https:\/\/denhelder.online\/de\/was-zu-tun\/wanderwege\/durch-die-klare\/poesieroute\/\" \/>\n<meta property=\"og:locale\" content=\"de_DE\" \/>\n<meta property=\"og:type\" content=\"article\" \/>\n<meta property=\"og:title\" content=\"Poezieroute\" \/>\n<meta property=\"og:description\" content=\"Kunst in het landschap laat je anders kijken naar de omgeving. Ontdek hoe kunst en natuur samenkomen.\" \/>\n<meta property=\"og:url\" content=\"https:\/\/denhelder.online\/de\/was-zu-tun\/wanderwege\/durch-die-klare\/poesieroute\/\" \/>\n<meta property=\"og:site_name\" content=\"Den Helder Online\" \/>\n<meta property=\"article:modified_time\" content=\"2026-03-13T11:21:24+00:00\" \/>\n<meta property=\"og:image\" content=\"https:\/\/denhelder.online\/wp-content\/uploads\/2025\/01\/gedicht-huisduinerweg-ida-gerhardt.jpg\" \/>\n\t<meta property=\"og:image:width\" content=\"1200\" \/>\n\t<meta property=\"og:image:height\" content=\"800\" \/>\n\t<meta property=\"og:image:type\" content=\"image\/jpeg\" \/>\n<meta name=\"twitter:card\" content=\"summary_large_image\" \/>\n<meta name=\"twitter:label1\" content=\"Gesch\u00e4tzte Lesezeit\" \/>\n\t<meta name=\"twitter:data1\" content=\"1\u00a0Minute\" \/>\n<script type=\"application\/ld+json\" class=\"yoast-schema-graph\">{\"@context\":\"https:\\\/\\\/schema.org\",\"@graph\":[{\"@type\":\"WebPage\",\"@id\":\"https:\\\/\\\/denhelder.online\\\/de\\\/was-zu-tun\\\/wanderwege\\\/durch-die-klare\\\/poesieroute\\\/\",\"url\":\"https:\\\/\\\/denhelder.online\\\/de\\\/was-zu-tun\\\/wanderwege\\\/durch-die-klare\\\/poesieroute\\\/\",\"name\":\"Kunst in het landschap: een nieuwe kijk op de natuur\",\"isPartOf\":{\"@id\":\"https:\\\/\\\/denhelder.online\\\/#website\"},\"primaryImageOfPage\":{\"@id\":\"https:\\\/\\\/denhelder.online\\\/de\\\/was-zu-tun\\\/wanderwege\\\/durch-die-klare\\\/poesieroute\\\/#primaryimage\"},\"image\":{\"@id\":\"https:\\\/\\\/denhelder.online\\\/de\\\/was-zu-tun\\\/wanderwege\\\/durch-die-klare\\\/poesieroute\\\/#primaryimage\"},\"thumbnailUrl\":\"https:\\\/\\\/denhelder.online\\\/wp-content\\\/uploads\\\/2025\\\/01\\\/gedicht-huisduinerweg-ida-gerhardt.jpg\",\"datePublished\":\"2025-01-31T11:49:01+00:00\",\"dateModified\":\"2026-03-13T11:21:24+00:00\",\"description\":\"Kunst in het landschap laat je anders kijken naar de omgeving. Ontdek hoe kunst en natuur samenkomen.\",\"breadcrumb\":{\"@id\":\"https:\\\/\\\/denhelder.online\\\/de\\\/was-zu-tun\\\/wanderwege\\\/durch-die-klare\\\/poesieroute\\\/#breadcrumb\"},\"inLanguage\":\"de\",\"potentialAction\":[{\"@type\":\"ReadAction\",\"target\":[\"https:\\\/\\\/denhelder.online\\\/de\\\/was-zu-tun\\\/wanderwege\\\/durch-die-klare\\\/poesieroute\\\/\"]}]},{\"@type\":\"ImageObject\",\"inLanguage\":\"de\",\"@id\":\"https:\\\/\\\/denhelder.online\\\/de\\\/was-zu-tun\\\/wanderwege\\\/durch-die-klare\\\/poesieroute\\\/#primaryimage\",\"url\":\"https:\\\/\\\/denhelder.online\\\/wp-content\\\/uploads\\\/2025\\\/01\\\/gedicht-huisduinerweg-ida-gerhardt.jpg\",\"contentUrl\":\"https:\\\/\\\/denhelder.online\\\/wp-content\\\/uploads\\\/2025\\\/01\\\/gedicht-huisduinerweg-ida-gerhardt.jpg\",\"width\":1200,\"height\":800,\"caption\":\"poezie gedicht den helder wandelroute\"},{\"@type\":\"BreadcrumbList\",\"@id\":\"https:\\\/\\\/denhelder.online\\\/de\\\/was-zu-tun\\\/wanderwege\\\/durch-die-klare\\\/poesieroute\\\/#breadcrumb\",\"itemListElement\":[{\"@type\":\"ListItem\",\"position\":1,\"name\":\"Home\",\"item\":\"https:\\\/\\\/denhelder.online\\\/\"},{\"@type\":\"ListItem\",\"position\":2,\"name\":\"Wat te doen\",\"item\":\"https:\\\/\\\/denhelder.online\\\/wat-te-doen\\\/\"},{\"@type\":\"ListItem\",\"position\":3,\"name\":\"Wandelroutes\",\"item\":\"https:\\\/\\\/denhelder.online\\\/en\\\/what-to-do\\\/walking-routes\\\/\"},{\"@type\":\"ListItem\",\"position\":4,\"name\":\"Wandelen door Den Helder\",\"item\":\"https:\\\/\\\/denhelder.online\\\/en\\\/what-to-do\\\/walking-routes\\\/walking-through-the-clear\\\/\"},{\"@type\":\"ListItem\",\"position\":5,\"name\":\"Poezieroute\"}]},{\"@type\":\"WebSite\",\"@id\":\"https:\\\/\\\/denhelder.online\\\/#website\",\"url\":\"https:\\\/\\\/denhelder.online\\\/\",\"name\":\"Den Helder Online\",\"description\":\"Beleef Den Helder\",\"publisher\":{\"@id\":\"https:\\\/\\\/denhelder.online\\\/#organization\"},\"potentialAction\":[{\"@type\":\"SearchAction\",\"target\":{\"@type\":\"EntryPoint\",\"urlTemplate\":\"https:\\\/\\\/denhelder.online\\\/?s={search_term_string}\"},\"query-input\":{\"@type\":\"PropertyValueSpecification\",\"valueRequired\":true,\"valueName\":\"search_term_string\"}}],\"inLanguage\":\"de\"},{\"@type\":\"Organization\",\"@id\":\"https:\\\/\\\/denhelder.online\\\/#organization\",\"name\":\"Den Helder Online\",\"url\":\"https:\\\/\\\/denhelder.online\\\/\",\"logo\":{\"@type\":\"ImageObject\",\"inLanguage\":\"de\",\"@id\":\"https:\\\/\\\/denhelder.online\\\/#\\\/schema\\\/logo\\\/image\\\/\",\"url\":\"https:\\\/\\\/denhelder.online\\\/wp-content\\\/uploads\\\/2021\\\/12\\\/DitIsDH-Logo-26-tagline.svg\",\"contentUrl\":\"https:\\\/\\\/denhelder.online\\\/wp-content\\\/uploads\\\/2021\\\/12\\\/DitIsDH-Logo-26-tagline.svg\",\"width\":1717.0999999999999,\"height\":934.89999999999998,\"caption\":\"Den Helder Online\"},\"image\":{\"@id\":\"https:\\\/\\\/denhelder.online\\\/#\\\/schema\\\/logo\\\/image\\\/\"}}]}<\/script>\n<!-- \/ Yoast SEO Premium plugin. -->","yoast_head_json":{"title":"Kunst in der Landschaft: eine neue Sicht auf die Natur","description":"Kunst in der Landschaft l\u00e4sst Sie Ihre Umgebung anders wahrnehmen. Entdecken Sie, wie Kunst und Natur ineinandergreifen.","robots":{"index":"index","follow":"follow","max-snippet":"max-snippet:-1","max-image-preview":"max-image-preview:large","max-video-preview":"max-video-preview:-1"},"canonical":"https:\/\/denhelder.online\/de\/was-zu-tun\/wanderwege\/durch-die-klare\/poesieroute\/","og_locale":"de_DE","og_type":"article","og_title":"Poezieroute","og_description":"Kunst in het landschap laat je anders kijken naar de omgeving. Ontdek hoe kunst en natuur samenkomen.","og_url":"https:\/\/denhelder.online\/de\/was-zu-tun\/wanderwege\/durch-die-klare\/poesieroute\/","og_site_name":"Den Helder Online","article_modified_time":"2026-03-13T11:21:24+00:00","og_image":[{"width":1200,"height":800,"url":"https:\/\/denhelder.online\/wp-content\/uploads\/2025\/01\/gedicht-huisduinerweg-ida-gerhardt.jpg","type":"image\/jpeg"}],"twitter_card":"summary_large_image","twitter_misc":{"Gesch\u00e4tzte Lesezeit":"1\u00a0Minute"},"schema":{"@context":"https:\/\/schema.org","@graph":[{"@type":"WebPage","@id":"https:\/\/denhelder.online\/de\/was-zu-tun\/wanderwege\/durch-die-klare\/poesieroute\/","url":"https:\/\/denhelder.online\/de\/was-zu-tun\/wanderwege\/durch-die-klare\/poesieroute\/","name":"Kunst in der Landschaft: eine neue Sicht auf die Natur","isPartOf":{"@id":"https:\/\/denhelder.online\/#website"},"primaryImageOfPage":{"@id":"https:\/\/denhelder.online\/de\/was-zu-tun\/wanderwege\/durch-die-klare\/poesieroute\/#primaryimage"},"image":{"@id":"https:\/\/denhelder.online\/de\/was-zu-tun\/wanderwege\/durch-die-klare\/poesieroute\/#primaryimage"},"thumbnailUrl":"https:\/\/denhelder.online\/wp-content\/uploads\/2025\/01\/gedicht-huisduinerweg-ida-gerhardt.jpg","datePublished":"2025-01-31T11:49:01+00:00","dateModified":"2026-03-13T11:21:24+00:00","description":"Kunst in der Landschaft l\u00e4sst Sie Ihre Umgebung anders wahrnehmen. Entdecken Sie, wie Kunst und Natur ineinandergreifen.","breadcrumb":{"@id":"https:\/\/denhelder.online\/de\/was-zu-tun\/wanderwege\/durch-die-klare\/poesieroute\/#breadcrumb"},"inLanguage":"de","potentialAction":[{"@type":"ReadAction","target":["https:\/\/denhelder.online\/de\/was-zu-tun\/wanderwege\/durch-die-klare\/poesieroute\/"]}]},{"@type":"ImageObject","inLanguage":"de","@id":"https:\/\/denhelder.online\/de\/was-zu-tun\/wanderwege\/durch-die-klare\/poesieroute\/#primaryimage","url":"https:\/\/denhelder.online\/wp-content\/uploads\/2025\/01\/gedicht-huisduinerweg-ida-gerhardt.jpg","contentUrl":"https:\/\/denhelder.online\/wp-content\/uploads\/2025\/01\/gedicht-huisduinerweg-ida-gerhardt.jpg","width":1200,"height":800,"caption":"poezie gedicht den helder wandelroute"},{"@type":"BreadcrumbList","@id":"https:\/\/denhelder.online\/de\/was-zu-tun\/wanderwege\/durch-die-klare\/poesieroute\/#breadcrumb","itemListElement":[{"@type":"ListItem","position":1,"name":"Home","item":"https:\/\/denhelder.online\/"},{"@type":"ListItem","position":2,"name":"Wat te doen","item":"https:\/\/denhelder.online\/wat-te-doen\/"},{"@type":"ListItem","position":3,"name":"Wandelroutes","item":"https:\/\/denhelder.online\/en\/what-to-do\/walking-routes\/"},{"@type":"ListItem","position":4,"name":"Wandelen door Den Helder","item":"https:\/\/denhelder.online\/en\/what-to-do\/walking-routes\/walking-through-the-clear\/"},{"@type":"ListItem","position":5,"name":"Poezieroute"}]},{"@type":"WebSite","@id":"https:\/\/denhelder.online\/#website","url":"https:\/\/denhelder.online\/","name":"Den Helder Online","description":"Erleben Sie Den Helder","publisher":{"@id":"https:\/\/denhelder.online\/#organization"},"potentialAction":[{"@type":"SearchAction","target":{"@type":"EntryPoint","urlTemplate":"https:\/\/denhelder.online\/?s={search_term_string}"},"query-input":{"@type":"PropertyValueSpecification","valueRequired":true,"valueName":"search_term_string"}}],"inLanguage":"de"},{"@type":"Organization","@id":"https:\/\/denhelder.online\/#organization","name":"Den Helder Online","url":"https:\/\/denhelder.online\/","logo":{"@type":"ImageObject","inLanguage":"de","@id":"https:\/\/denhelder.online\/#\/schema\/logo\/image\/","url":"https:\/\/denhelder.online\/wp-content\/uploads\/2021\/12\/DitIsDH-Logo-26-tagline.svg","contentUrl":"https:\/\/denhelder.online\/wp-content\/uploads\/2021\/12\/DitIsDH-Logo-26-tagline.svg","width":1717.0999999999999,"height":934.89999999999998,"caption":"Den Helder Online"},"image":{"@id":"https:\/\/denhelder.online\/#\/schema\/logo\/image\/"}}]}},"_links":{"self":[{"href":"https:\/\/denhelder.online\/de\/wp-json\/wp\/v2\/pages\/4058","targetHints":{"allow":["GET"]}}],"collection":[{"href":"https:\/\/denhelder.online\/de\/wp-json\/wp\/v2\/pages"}],"about":[{"href":"https:\/\/denhelder.online\/de\/wp-json\/wp\/v2\/types\/page"}],"author":[{"embeddable":true,"href":"https:\/\/denhelder.online\/de\/wp-json\/wp\/v2\/users\/17"}],"replies":[{"embeddable":true,"href":"https:\/\/denhelder.online\/de\/wp-json\/wp\/v2\/comments?post=4058"}],"version-history":[{"count":0,"href":"https:\/\/denhelder.online\/de\/wp-json\/wp\/v2\/pages\/4058\/revisions"}],"up":[{"embeddable":true,"href":"https:\/\/denhelder.online\/de\/wp-json\/wp\/v2\/pages\/4877"}],"wp:featuredmedia":[{"embeddable":true,"href":"https:\/\/denhelder.online\/de\/wp-json\/wp\/v2\/media\/4054"}],"wp:attachment":[{"href":"https:\/\/denhelder.online\/de\/wp-json\/wp\/v2\/media?parent=4058"}],"wp:term":[{"taxonomy":"post_tag","embeddable":true,"href":"https:\/\/denhelder.online\/de\/wp-json\/wp\/v2\/tags?post=4058"},{"taxonomy":"doelgroep","embeddable":true,"href":"https:\/\/denhelder.online\/de\/wp-json\/wp\/v2\/doelgroep?post=4058"},{"taxonomy":"categorie","embeddable":true,"href":"https:\/\/denhelder.online\/de\/wp-json\/wp\/v2\/categorie?post=4058"}],"curies":[{"name":"wp","href":"https:\/\/api.w.org\/{rel}","templated":true}]}}