{"id":4083,"date":"2025-01-31T13:15:47","date_gmt":"2025-01-31T12:15:47","guid":{"rendered":"https:\/\/denhelder.online\/?page_id=4083"},"modified":"2026-03-13T12:27:14","modified_gmt":"2026-03-13T11:27:14","slug":"die-strahlende-hafenstadt","status":"publish","type":"page","link":"https:\/\/denhelder.online\/de\/den-helder-maritieme-stad\/","title":{"rendered":"Den Helder Maritime Stadt"},"content":{"rendered":"<div data-elementor-type=\"wp-page\" data-elementor-id=\"4083\" class=\"elementor elementor-4083\" data-elementor-post-type=\"page\">\n\t\t\t\t<div class=\"elementor-element elementor-element-6ae42832 e-flex e-con-boxed e-con e-parent\" data-id=\"6ae42832\" data-element_type=\"container\" data-e-type=\"container\" data-settings=\"{&quot;jet_parallax_layout_list&quot;:[]}\">\n\t\t\t\t\t<div class=\"e-con-inner\">\n\t\t<div class=\"elementor-element elementor-element-2711c31 e-con-full e-flex e-con e-child\" data-id=\"2711c31\" data-element_type=\"container\" data-e-type=\"container\" data-settings=\"{&quot;jet_parallax_layout_list&quot;:[]}\">\n\t\t\t\t<div class=\"elementor-element elementor-element-6410024f elementor-widget elementor-widget-breadcrumbs\" data-id=\"6410024f\" data-element_type=\"widget\" data-e-type=\"widget\" data-widget_type=\"breadcrumbs.default\">\n\t\t\t\t<div class=\"elementor-widget-container\">\n\t\t\t\t\t<p id=\"breadcrumbs\"><span><span><a href=\"https:\/\/denhelder.online\/de\/\">Heim<\/a><\/span><\/span><\/p>\t\t\t\t<\/div>\n\t\t\t\t<\/div>\n\t\t<div class=\"elementor-element elementor-element-43c93d52 e-con-full e-flex e-con e-child\" data-id=\"43c93d52\" data-element_type=\"container\" data-e-type=\"container\" data-settings=\"{&quot;jet_parallax_layout_list&quot;:[]}\">\n\t\t\t\t<div class=\"elementor-element elementor-element-2518c3de elementor-widget elementor-widget-heading\" data-id=\"2518c3de\" data-element_type=\"widget\" data-e-type=\"widget\" data-widget_type=\"heading.default\">\n\t\t\t\t<div class=\"elementor-widget-container\">\n\t\t\t\t\t<p class=\"elementor-heading-title elementor-size-default\">Folgen Sie uns in den sozialen Netzwerken:<\/p>\t\t\t\t<\/div>\n\t\t\t\t<\/div>\n\t\t\t\t<div class=\"elementor-element elementor-element-4f55911a elementor-icon-list--layout-inline elementor-align-end elementor-list-item-link-full_width elementor-widget elementor-widget-global elementor-global-1176 elementor-widget-icon-list\" data-id=\"4f55911a\" data-element_type=\"widget\" data-e-type=\"widget\" data-widget_type=\"icon-list.default\">\n\t\t\t\t<div class=\"elementor-widget-container\">\n\t\t\t\t\t\t\t<ul class=\"elementor-icon-list-items elementor-inline-items\">\n\t\t\t\t\t\t\t<li class=\"elementor-icon-list-item elementor-inline-item\">\n\t\t\t\t\t\t\t\t\t\t\t<a href=\"https:\/\/www.facebook.com\/ditisdenhelder\" target=\"_blank\">\n\n\t\t\t\t\t\t\t\t\t\t\t\t<span class=\"elementor-icon-list-icon\">\n\t\t\t\t\t\t\t<i aria-hidden=\"true\" class=\"fab fa-facebook\"><\/i>\t\t\t\t\t\t<\/span>\n\t\t\t\t\t\t\t\t\t\t<span class=\"elementor-icon-list-text\"><\/span>\n\t\t\t\t\t\t\t\t\t\t\t<\/a>\n\t\t\t\t\t\t\t\t\t<\/li>\n\t\t\t\t\t\t\t\t<li class=\"elementor-icon-list-item elementor-inline-item\">\n\t\t\t\t\t\t\t\t\t\t\t<a href=\"https:\/\/www.instagram.com\/ditisdenhelder\/\" target=\"_blank\">\n\n\t\t\t\t\t\t\t\t\t\t\t\t<span class=\"elementor-icon-list-icon\">\n\t\t\t\t\t\t\t<i aria-hidden=\"true\" class=\"fab fa-instagram\"><\/i>\t\t\t\t\t\t<\/span>\n\t\t\t\t\t\t\t\t\t\t<span class=\"elementor-icon-list-text\"><\/span>\n\t\t\t\t\t\t\t\t\t\t\t<\/a>\n\t\t\t\t\t\t\t\t\t<\/li>\n\t\t\t\t\t\t\t\t<li class=\"elementor-icon-list-item elementor-inline-item\">\n\t\t\t\t\t\t\t\t\t\t\t<a href=\"https:\/\/www.youtube.com\/channel\/UCxXdcocRQwb3lDwiYBp3llg\" target=\"_blank\">\n\n\t\t\t\t\t\t\t\t\t\t\t\t<span class=\"elementor-icon-list-icon\">\n\t\t\t\t\t\t\t<i aria-hidden=\"true\" class=\"fab fa-youtube\"><\/i>\t\t\t\t\t\t<\/span>\n\t\t\t\t\t\t\t\t\t\t<span class=\"elementor-icon-list-text\"><\/span>\n\t\t\t\t\t\t\t\t\t\t\t<\/a>\n\t\t\t\t\t\t\t\t\t<\/li>\n\t\t\t\t\t\t\t\t<li class=\"elementor-icon-list-item elementor-inline-item\">\n\t\t\t\t\t\t\t\t\t\t\t<a href=\"https:\/\/www.linkedin.com\/company\/citymarketing-den-helder\" target=\"_blank\">\n\n\t\t\t\t\t\t\t\t\t\t\t\t<span class=\"elementor-icon-list-icon\">\n\t\t\t\t\t\t\t<i aria-hidden=\"true\" class=\"fab fa-linkedin-in\"><\/i>\t\t\t\t\t\t<\/span>\n\t\t\t\t\t\t\t\t\t\t<span class=\"elementor-icon-list-text\"><\/span>\n\t\t\t\t\t\t\t\t\t\t\t<\/a>\n\t\t\t\t\t\t\t\t\t<\/li>\n\t\t\t\t\t\t<\/ul>\n\t\t\t\t\t\t<\/div>\n\t\t\t\t<\/div>\n\t\t\t\t<\/div>\n\t\t\t\t<\/div>\n\t\t\t\t\t<\/div>\n\t\t\t\t<\/div>\n\t\t<div class=\"elementor-element elementor-element-387b331a e-flex e-con-boxed e-con e-parent\" data-id=\"387b331a\" data-element_type=\"container\" data-e-type=\"container\" data-settings=\"{&quot;jet_parallax_layout_list&quot;:[]}\">\n\t\t\t\t\t<div class=\"e-con-inner\">\n\t\t<div class=\"elementor-element elementor-element-1bfb91d6 e-con-full e-flex e-con e-child\" data-id=\"1bfb91d6\" data-element_type=\"container\" data-e-type=\"container\" data-settings=\"{&quot;jet_parallax_layout_list&quot;:[]}\">\n\t\t\t\t<div class=\"elementor-element elementor-element-1e8fb948 elementor-widget__width-inherit elementor-widget elementor-widget-heading\" data-id=\"1e8fb948\" data-element_type=\"widget\" data-e-type=\"widget\" data-widget_type=\"heading.default\">\n\t\t\t\t<div class=\"elementor-widget-container\">\n\t\t\t\t\t<h1 class=\"elementor-heading-title elementor-size-default\">Den Helder Maritime Stadt<\/h1>\t\t\t\t<\/div>\n\t\t\t\t<\/div>\n\t\t\t\t<div class=\"elementor-element elementor-element-42a119d7 elementor-widget elementor-widget-text-editor\" data-id=\"42a119d7\" data-element_type=\"widget\" data-e-type=\"widget\" data-widget_type=\"text-editor.default\">\n\t\t\t\t<div class=\"elementor-widget-container\">\n\t\t\t\t\t\t\t\t\t<h3>Entdecken Sie Den Helder mit dem Reisef\u00fchrer f\u00fcr die Maritime Stadt.<\/h3><p>Neugierig, wie sich Den Helder dank seiner strategischen Lage entwickelt hat? Der Reisef\u00fchrer \u201eDen Helder \u2013 Maritime Stadt\u201c gibt Ihnen die Antwort. Lesen Sie mehr \u00fcber die Verteidigungslinie Den Helder und entdecken Sie die maritime Geschichte der Stadt. Der Reisef\u00fchrer bietet au\u00dferdem f\u00fcnf Wander- und Radrouten zu einzigartigen Orten, damit Sie die Stadt selbst erkunden k\u00f6nnen.<\/p>\t\t\t\t\t\t\t\t<\/div>\n\t\t\t\t<\/div>\n\t\t<div class=\"elementor-element elementor-element-74bb1547 e-con-full e-flex e-con e-child\" data-id=\"74bb1547\" data-element_type=\"container\" data-e-type=\"container\" data-settings=\"{&quot;jet_parallax_layout_list&quot;:[]}\">\n\t\t\t\t<div class=\"elementor-element elementor-element-1783608d elementor-mobile-align-justify elementor-widget-mobile__width-inherit elementor-tablet-align-justify elementor-widget elementor-widget-button\" data-id=\"1783608d\" data-element_type=\"widget\" data-e-type=\"widget\" data-widget_type=\"button.default\">\n\t\t\t\t<div class=\"elementor-widget-container\">\n\t\t\t\t\t\t\t\t\t<div class=\"elementor-button-wrapper\">\n\t\t\t\t\t<a class=\"elementor-button elementor-button-link elementor-size-sm\" href=\"https:\/\/denhelder.online\/de\/wandelroutes_-maritieme-stad\/\" target=\"_blank\">\n\t\t\t\t\t\t<span class=\"elementor-button-content-wrapper\">\n\t\t\t\t\t\t<span class=\"elementor-button-icon\">\n\t\t\t\t<i aria-hidden=\"true\" class=\"fas fa-chevron-right\"><\/i>\t\t\t<\/span>\n\t\t\t\t\t\t\t\t\t<span class=\"elementor-button-text\">Route<\/span>\n\t\t\t\t\t<\/span>\n\t\t\t\t\t<\/a>\n\t\t\t\t<\/div>\n\t\t\t\t\t\t\t\t<\/div>\n\t\t\t\t<\/div>\n\t\t\t\t<div class=\"elementor-element elementor-element-2b1f3a57 elementor-mobile-align-justify elementor-widget-mobile__width-inherit elementor-tablet-align-justify elementor-widget elementor-widget-button\" data-id=\"2b1f3a57\" data-element_type=\"widget\" data-e-type=\"widget\" data-widget_type=\"button.default\">\n\t\t\t\t<div class=\"elementor-widget-container\">\n\t\t\t\t\t\t\t\t\t<div class=\"elementor-button-wrapper\">\n\t\t\t\t\t<a class=\"elementor-button elementor-button-link elementor-size-sm\" href=\"#\">\n\t\t\t\t\t\t<span class=\"elementor-button-content-wrapper\">\n\t\t\t\t\t\t<span class=\"elementor-button-icon\">\n\t\t\t\t<i aria-hidden=\"true\" class=\"fas fa-chevron-right\"><\/i>\t\t\t<\/span>\n\t\t\t\t\t\t\t\t\t<span class=\"elementor-button-text\">Laden Sie die GPX-Datei herunter.<\/span>\n\t\t\t\t\t<\/span>\n\t\t\t\t\t<\/a>\n\t\t\t\t<\/div>\n\t\t\t\t\t\t\t\t<\/div>\n\t\t\t\t<\/div>\n\t\t\t\t<\/div>\n\t\t\t\t<\/div>\n\t\t<div class=\"elementor-element elementor-element-458b8796 e-con-full e-flex e-con e-child\" data-id=\"458b8796\" data-element_type=\"container\" data-e-type=\"container\" data-settings=\"{&quot;jet_parallax_layout_list&quot;:[]}\">\n\t\t\t\t<div class=\"elementor-element elementor-element-71bd4ce3 elementor-widget elementor-widget-image\" data-id=\"71bd4ce3\" data-element_type=\"widget\" data-e-type=\"widget\" data-widget_type=\"image.default\">\n\t\t\t\t<div class=\"elementor-widget-container\">\n\t\t\t\t\t\t\t\t\t\t\t\t\t\t\t<img fetchpriority=\"high\" decoding=\"async\" width=\"800\" height=\"506\" src=\"https:\/\/denhelder.online\/wp-content\/uploads\/2025\/01\/Den-Helder-Maritieme-stad-1024x648.jpg\" class=\"attachment-large size-large wp-image-4079\" alt=\"Den Helder-Wanderweg durch die maritime Stadt\" srcset=\"https:\/\/denhelder.online\/wp-content\/uploads\/2025\/01\/Den-Helder-Maritieme-stad-1024x648.jpg 1024w, https:\/\/denhelder.online\/wp-content\/uploads\/2025\/01\/Den-Helder-Maritieme-stad-300x190.jpg 300w, https:\/\/denhelder.online\/wp-content\/uploads\/2025\/01\/Den-Helder-Maritieme-stad-768x486.jpg 768w, https:\/\/denhelder.online\/wp-content\/uploads\/2025\/01\/Den-Helder-Maritieme-stad-1536x972.jpg 1536w, https:\/\/denhelder.online\/wp-content\/uploads\/2025\/01\/Den-Helder-Maritieme-stad-2048x1296.jpg 2048w, https:\/\/denhelder.online\/wp-content\/uploads\/2025\/01\/Den-Helder-Maritieme-stad-600x380.jpg 600w\" sizes=\"(max-width: 800px) 100vw, 800px\" \/>\t\t\t\t\t\t\t\t\t\t\t\t\t\t\t<\/div>\n\t\t\t\t<\/div>\n\t\t\t\t<\/div>\n\t\t\t\t\t<\/div>\n\t\t\t\t<\/div>\n\t\t\t\t<\/div>","protected":false},"excerpt":{"rendered":"<p>Volg ons op social: Den Helder Maritieme stad Ontdek Den Helder met de gids Maritieme Stad Benieuwd hoe Den Helder zich ontwikkelde dankzij zijn strategische ligging? De gids Den Helder \u2013 Maritieme Stad laat het je zien. Lees over de Stelling van Den Helder en ontdek de maritieme geschiedenis van de stad. Daarnaast biedt de [&hellip;]<\/p>\n","protected":false},"author":17,"featured_media":4079,"parent":0,"menu_order":0,"comment_status":"closed","ping_status":"closed","template":"elementor_header_footer","meta":{"footnotes":""},"tags":[],"doelgroep":[],"categorie":[5683],"class_list":["post-4083","page","type-page","status-publish","has-post-thumbnail","hentry","categorie-met-kinderen"],"yoast_head":"<!-- This site is optimized with the Yoast SEO Premium plugin v24.7 (Yoast SEO v27.5) - https:\/\/yoast.com\/product\/yoast-seo-premium-wordpress\/ -->\n<title>Wandel en Fiets door Den Helder met de Gids Maritieme Stad<\/title>\n<meta name=\"description\" content=\"Ontdek Den Helder met de gids Maritieme Stad. Lees over de geschiedenis en volg unieke wandel- en fietsroutes.\" \/>\n<meta name=\"robots\" content=\"index, follow, max-snippet:-1, max-image-preview:large, max-video-preview:-1\" \/>\n<link rel=\"canonical\" href=\"https:\/\/denhelder.online\/de\/die-strahlende-hafenstadt\/\" \/>\n<meta property=\"og:locale\" content=\"de_DE\" \/>\n<meta property=\"og:type\" content=\"article\" \/>\n<meta property=\"og:title\" content=\"Den Helder Maritieme stad\" \/>\n<meta property=\"og:description\" content=\"Ontdek Den Helder met de gids Maritieme Stad. Lees over de geschiedenis en volg unieke wandel- en fietsroutes.\" \/>\n<meta property=\"og:url\" content=\"https:\/\/denhelder.online\/de\/die-strahlende-hafenstadt\/\" \/>\n<meta property=\"og:site_name\" content=\"Den Helder Online\" \/>\n<meta property=\"article:modified_time\" content=\"2026-03-13T11:27:14+00:00\" \/>\n<meta property=\"og:image\" content=\"https:\/\/denhelder.online\/wp-content\/uploads\/2025\/01\/Den-Helder-Maritieme-stad-scaled.jpg\" \/>\n\t<meta property=\"og:image:width\" content=\"2560\" \/>\n\t<meta property=\"og:image:height\" content=\"1620\" \/>\n\t<meta property=\"og:image:type\" content=\"image\/jpeg\" \/>\n<meta name=\"twitter:card\" content=\"summary_large_image\" \/>\n<meta name=\"twitter:label1\" content=\"Gesch\u00e4tzte Lesezeit\" \/>\n\t<meta name=\"twitter:data1\" content=\"1\u00a0Minute\" \/>\n<script type=\"application\/ld+json\" class=\"yoast-schema-graph\">{\"@context\":\"https:\\\/\\\/schema.org\",\"@graph\":[{\"@type\":\"WebPage\",\"@id\":\"https:\\\/\\\/denhelder.online\\\/den-helder-maritieme-stad\\\/\",\"url\":\"https:\\\/\\\/denhelder.online\\\/den-helder-maritieme-stad\\\/\",\"name\":\"Wandel en Fiets door Den Helder met de Gids Maritieme Stad\",\"isPartOf\":{\"@id\":\"https:\\\/\\\/denhelder.online\\\/#website\"},\"primaryImageOfPage\":{\"@id\":\"https:\\\/\\\/denhelder.online\\\/den-helder-maritieme-stad\\\/#primaryimage\"},\"image\":{\"@id\":\"https:\\\/\\\/denhelder.online\\\/den-helder-maritieme-stad\\\/#primaryimage\"},\"thumbnailUrl\":\"https:\\\/\\\/denhelder.online\\\/wp-content\\\/uploads\\\/2025\\\/01\\\/Den-Helder-Maritieme-stad-scaled.jpg\",\"datePublished\":\"2025-01-31T12:15:47+00:00\",\"dateModified\":\"2026-03-13T11:27:14+00:00\",\"description\":\"Ontdek Den Helder met de gids Maritieme Stad. Lees over de geschiedenis en volg unieke wandel- en fietsroutes.\",\"breadcrumb\":{\"@id\":\"https:\\\/\\\/denhelder.online\\\/den-helder-maritieme-stad\\\/#breadcrumb\"},\"inLanguage\":\"de\",\"potentialAction\":[{\"@type\":\"ReadAction\",\"target\":[\"https:\\\/\\\/denhelder.online\\\/den-helder-maritieme-stad\\\/\"]}]},{\"@type\":\"ImageObject\",\"inLanguage\":\"de\",\"@id\":\"https:\\\/\\\/denhelder.online\\\/den-helder-maritieme-stad\\\/#primaryimage\",\"url\":\"https:\\\/\\\/denhelder.online\\\/wp-content\\\/uploads\\\/2025\\\/01\\\/Den-Helder-Maritieme-stad-scaled.jpg\",\"contentUrl\":\"https:\\\/\\\/denhelder.online\\\/wp-content\\\/uploads\\\/2025\\\/01\\\/Den-Helder-Maritieme-stad-scaled.jpg\",\"width\":2560,\"height\":1620,\"caption\":\"Den Helder maritieme stad wandelroute\"},{\"@type\":\"BreadcrumbList\",\"@id\":\"https:\\\/\\\/denhelder.online\\\/den-helder-maritieme-stad\\\/#breadcrumb\",\"itemListElement\":[{\"@type\":\"ListItem\",\"position\":1,\"name\":\"Home\",\"item\":\"https:\\\/\\\/denhelder.online\\\/\"},{\"@type\":\"ListItem\",\"position\":2,\"name\":\"Den Helder Maritieme stad\"}]},{\"@type\":\"WebSite\",\"@id\":\"https:\\\/\\\/denhelder.online\\\/#website\",\"url\":\"https:\\\/\\\/denhelder.online\\\/\",\"name\":\"Den Helder Online\",\"description\":\"Beleef Den Helder\",\"publisher\":{\"@id\":\"https:\\\/\\\/denhelder.online\\\/#organization\"},\"potentialAction\":[{\"@type\":\"SearchAction\",\"target\":{\"@type\":\"EntryPoint\",\"urlTemplate\":\"https:\\\/\\\/denhelder.online\\\/?s={search_term_string}\"},\"query-input\":{\"@type\":\"PropertyValueSpecification\",\"valueRequired\":true,\"valueName\":\"search_term_string\"}}],\"inLanguage\":\"de\"},{\"@type\":\"Organization\",\"@id\":\"https:\\\/\\\/denhelder.online\\\/#organization\",\"name\":\"Den Helder Online\",\"url\":\"https:\\\/\\\/denhelder.online\\\/\",\"logo\":{\"@type\":\"ImageObject\",\"inLanguage\":\"de\",\"@id\":\"https:\\\/\\\/denhelder.online\\\/#\\\/schema\\\/logo\\\/image\\\/\",\"url\":\"https:\\\/\\\/denhelder.online\\\/wp-content\\\/uploads\\\/2021\\\/12\\\/DitIsDH-Logo-26-tagline.svg\",\"contentUrl\":\"https:\\\/\\\/denhelder.online\\\/wp-content\\\/uploads\\\/2021\\\/12\\\/DitIsDH-Logo-26-tagline.svg\",\"width\":1717.0999999999999,\"height\":934.89999999999998,\"caption\":\"Den Helder Online\"},\"image\":{\"@id\":\"https:\\\/\\\/denhelder.online\\\/#\\\/schema\\\/logo\\\/image\\\/\"}}]}<\/script>\n<!-- \/ Yoast SEO Premium plugin. -->","yoast_head_json":{"title":"Erkunden Sie Den Helder zu Fu\u00df oder mit dem Fahrrad mit dem Maritime City Guide","description":"Erkunden Sie Den Helder mit dem Reisef\u00fchrer f\u00fcr die Maritime Stadt. Lesen Sie mehr \u00fcber die Geschichte und folgen Sie einzigartigen Wander- und Radwegen.","robots":{"index":"index","follow":"follow","max-snippet":"max-snippet:-1","max-image-preview":"max-image-preview:large","max-video-preview":"max-video-preview:-1"},"canonical":"https:\/\/denhelder.online\/de\/die-strahlende-hafenstadt\/","og_locale":"de_DE","og_type":"article","og_title":"Den Helder Maritieme stad","og_description":"Ontdek Den Helder met de gids Maritieme Stad. Lees over de geschiedenis en volg unieke wandel- en fietsroutes.","og_url":"https:\/\/denhelder.online\/de\/die-strahlende-hafenstadt\/","og_site_name":"Den Helder Online","article_modified_time":"2026-03-13T11:27:14+00:00","og_image":[{"width":2560,"height":1620,"url":"https:\/\/denhelder.online\/wp-content\/uploads\/2025\/01\/Den-Helder-Maritieme-stad-scaled.jpg","type":"image\/jpeg"}],"twitter_card":"summary_large_image","twitter_misc":{"Gesch\u00e4tzte Lesezeit":"1\u00a0Minute"},"schema":{"@context":"https:\/\/schema.org","@graph":[{"@type":"WebPage","@id":"https:\/\/denhelder.online\/den-helder-maritieme-stad\/","url":"https:\/\/denhelder.online\/den-helder-maritieme-stad\/","name":"Erkunden Sie Den Helder zu Fu\u00df oder mit dem Fahrrad mit dem Maritime City Guide","isPartOf":{"@id":"https:\/\/denhelder.online\/#website"},"primaryImageOfPage":{"@id":"https:\/\/denhelder.online\/den-helder-maritieme-stad\/#primaryimage"},"image":{"@id":"https:\/\/denhelder.online\/den-helder-maritieme-stad\/#primaryimage"},"thumbnailUrl":"https:\/\/denhelder.online\/wp-content\/uploads\/2025\/01\/Den-Helder-Maritieme-stad-scaled.jpg","datePublished":"2025-01-31T12:15:47+00:00","dateModified":"2026-03-13T11:27:14+00:00","description":"Erkunden Sie Den Helder mit dem Reisef\u00fchrer f\u00fcr die Maritime Stadt. Lesen Sie mehr \u00fcber die Geschichte und folgen Sie einzigartigen Wander- und Radwegen.","breadcrumb":{"@id":"https:\/\/denhelder.online\/den-helder-maritieme-stad\/#breadcrumb"},"inLanguage":"de","potentialAction":[{"@type":"ReadAction","target":["https:\/\/denhelder.online\/den-helder-maritieme-stad\/"]}]},{"@type":"ImageObject","inLanguage":"de","@id":"https:\/\/denhelder.online\/den-helder-maritieme-stad\/#primaryimage","url":"https:\/\/denhelder.online\/wp-content\/uploads\/2025\/01\/Den-Helder-Maritieme-stad-scaled.jpg","contentUrl":"https:\/\/denhelder.online\/wp-content\/uploads\/2025\/01\/Den-Helder-Maritieme-stad-scaled.jpg","width":2560,"height":1620,"caption":"Den Helder maritieme stad wandelroute"},{"@type":"BreadcrumbList","@id":"https:\/\/denhelder.online\/den-helder-maritieme-stad\/#breadcrumb","itemListElement":[{"@type":"ListItem","position":1,"name":"Home","item":"https:\/\/denhelder.online\/"},{"@type":"ListItem","position":2,"name":"Den Helder Maritieme stad"}]},{"@type":"WebSite","@id":"https:\/\/denhelder.online\/#website","url":"https:\/\/denhelder.online\/","name":"Den Helder Online","description":"Erleben Sie Den Helder","publisher":{"@id":"https:\/\/denhelder.online\/#organization"},"potentialAction":[{"@type":"SearchAction","target":{"@type":"EntryPoint","urlTemplate":"https:\/\/denhelder.online\/?s={search_term_string}"},"query-input":{"@type":"PropertyValueSpecification","valueRequired":true,"valueName":"search_term_string"}}],"inLanguage":"de"},{"@type":"Organization","@id":"https:\/\/denhelder.online\/#organization","name":"Den Helder Online","url":"https:\/\/denhelder.online\/","logo":{"@type":"ImageObject","inLanguage":"de","@id":"https:\/\/denhelder.online\/#\/schema\/logo\/image\/","url":"https:\/\/denhelder.online\/wp-content\/uploads\/2021\/12\/DitIsDH-Logo-26-tagline.svg","contentUrl":"https:\/\/denhelder.online\/wp-content\/uploads\/2021\/12\/DitIsDH-Logo-26-tagline.svg","width":1717.0999999999999,"height":934.89999999999998,"caption":"Den Helder Online"},"image":{"@id":"https:\/\/denhelder.online\/#\/schema\/logo\/image\/"}}]}},"_links":{"self":[{"href":"https:\/\/denhelder.online\/de\/wp-json\/wp\/v2\/pages\/4083","targetHints":{"allow":["GET"]}}],"collection":[{"href":"https:\/\/denhelder.online\/de\/wp-json\/wp\/v2\/pages"}],"about":[{"href":"https:\/\/denhelder.online\/de\/wp-json\/wp\/v2\/types\/page"}],"author":[{"embeddable":true,"href":"https:\/\/denhelder.online\/de\/wp-json\/wp\/v2\/users\/17"}],"replies":[{"embeddable":true,"href":"https:\/\/denhelder.online\/de\/wp-json\/wp\/v2\/comments?post=4083"}],"version-history":[{"count":0,"href":"https:\/\/denhelder.online\/de\/wp-json\/wp\/v2\/pages\/4083\/revisions"}],"wp:featuredmedia":[{"embeddable":true,"href":"https:\/\/denhelder.online\/de\/wp-json\/wp\/v2\/media\/4079"}],"wp:attachment":[{"href":"https:\/\/denhelder.online\/de\/wp-json\/wp\/v2\/media?parent=4083"}],"wp:term":[{"taxonomy":"post_tag","embeddable":true,"href":"https:\/\/denhelder.online\/de\/wp-json\/wp\/v2\/tags?post=4083"},{"taxonomy":"doelgroep","embeddable":true,"href":"https:\/\/denhelder.online\/de\/wp-json\/wp\/v2\/doelgroep?post=4083"},{"taxonomy":"categorie","embeddable":true,"href":"https:\/\/denhelder.online\/de\/wp-json\/wp\/v2\/categorie?post=4083"}],"curies":[{"name":"wp","href":"https:\/\/api.w.org\/{rel}","templated":true}]}}