{"id":4813,"date":"2025-01-31T13:56:57","date_gmt":"2025-01-31T12:56:57","guid":{"rendered":"https:\/\/denhelder.online\/?page_id=4813"},"modified":"2026-03-13T12:38:29","modified_gmt":"2026-03-13T11:38:29","slug":"entdecke-das-grune-band-zu-fus","status":"publish","type":"page","link":"https:\/\/denhelder.online\/de\/wat-te-doen\/wandelroutes\/wandelen-door-den-helder\/het-groene-lint-ontdek-den-helder-te-voet\/","title":{"rendered":"Das Gr\u00fcne Band: Entdecken Sie Den Helder zu Fu\u00df"},"content":{"rendered":"<div data-elementor-type=\"wp-page\" data-elementor-id=\"4813\" class=\"elementor elementor-4813\" data-elementor-post-type=\"page\">\n\t\t\t\t<div class=\"elementor-element elementor-element-75dd0d9d e-flex e-con-boxed e-con e-parent\" data-id=\"75dd0d9d\" data-element_type=\"container\" data-e-type=\"container\" data-settings=\"{&quot;jet_parallax_layout_list&quot;:[]}\">\n\t\t\t\t\t<div class=\"e-con-inner\">\n\t\t<div class=\"elementor-element elementor-element-43b173a8 e-con-full e-flex e-con e-child\" data-id=\"43b173a8\" data-element_type=\"container\" data-e-type=\"container\" data-settings=\"{&quot;jet_parallax_layout_list&quot;:[]}\">\n\t\t\t\t<div class=\"elementor-element elementor-element-5ca1b87c elementor-widget__width-inherit elementor-widget elementor-widget-heading\" data-id=\"5ca1b87c\" data-element_type=\"widget\" data-e-type=\"widget\" data-widget_type=\"heading.default\">\n\t\t\t\t<div class=\"elementor-widget-container\">\n\t\t\t\t\t<h1 class=\"elementor-heading-title elementor-size-default\">Das Gr\u00fcne Band: Entdecken Sie Den Helder zu Fu\u00df\n<\/h1>\t\t\t\t<\/div>\n\t\t\t\t<\/div>\n\t\t\t\t<div class=\"elementor-element elementor-element-43e7102c elementor-widget elementor-widget-text-editor\" data-id=\"43e7102c\" data-element_type=\"widget\" data-e-type=\"widget\" data-widget_type=\"text-editor.default\">\n\t\t\t\t<div class=\"elementor-widget-container\">\n\t\t\t\t\t\t\t\t\t<p>Sie m\u00f6chten die Natur und die frische Luft genie\u00dfen? Het Groene Lint bietet f\u00fcnf wundersch\u00f6ne Spazierwege durch Den Helder, die speziell daf\u00fcr angelegt wurden, alle an die frische Luft zu bringen. Die Wege f\u00fchren an Wohngebieten, Schulen und Kindertagesst\u00e4tten vorbei und erm\u00f6glichen Ihnen so ein entspanntes Stadterlebnis.<\/p><p>Jede Route ist ein Rundweg: Folgen Sie den Symbolen, und Sie gelangen automatisch zur\u00fcck zum Ausgangspunkt. Die Routen sind durch ihre jeweilige Farbe und Natursymbole wie B\u00e4ume, Blumen oder Schmetterlinge gekennzeichnet. Sie wandern durch den Duinpark, vorbei am Helderse-Tal, den Falga-G\u00e4rten und dem Park hinter dem Schwimmbad &#039;t Heersdiep. Eine tolle M\u00f6glichkeit, Den Helder auf umweltfreundliche und aktive Weise zu erkunden!<\/p>\t\t\t\t\t\t\t\t<\/div>\n\t\t\t\t<\/div>\n\t\t<div class=\"elementor-element elementor-element-63e9fc35 e-con-full e-flex e-con e-child\" data-id=\"63e9fc35\" data-element_type=\"container\" data-e-type=\"container\" data-settings=\"{&quot;jet_parallax_layout_list&quot;:[]}\">\n\t\t\t\t<div class=\"elementor-element elementor-element-1145d158 elementor-mobile-align-justify elementor-widget-mobile__width-inherit elementor-tablet-align-justify elementor-widget elementor-widget-button\" data-id=\"1145d158\" data-element_type=\"widget\" data-e-type=\"widget\" data-widget_type=\"button.default\">\n\t\t\t\t<div class=\"elementor-widget-container\">\n\t\t\t\t\t\t\t\t\t<div class=\"elementor-button-wrapper\">\n\t\t\t\t\t<a class=\"elementor-button elementor-button-link elementor-size-sm\" href=\"https:\/\/denhelder.online\/de\/wandelroutes_gorene-lint\/\" target=\"_blank\">\n\t\t\t\t\t\t<span class=\"elementor-button-content-wrapper\">\n\t\t\t\t\t\t<span class=\"elementor-button-icon\">\n\t\t\t\t<i aria-hidden=\"true\" class=\"fas fa-chevron-right\"><\/i>\t\t\t<\/span>\n\t\t\t\t\t\t\t\t\t<span class=\"elementor-button-text\">Route<\/span>\n\t\t\t\t\t<\/span>\n\t\t\t\t\t<\/a>\n\t\t\t\t<\/div>\n\t\t\t\t\t\t\t\t<\/div>\n\t\t\t\t<\/div>\n\t\t\t\t<div class=\"elementor-element elementor-element-4a285abe elementor-mobile-align-justify elementor-widget-mobile__width-inherit elementor-tablet-align-justify elementor-widget elementor-widget-button\" data-id=\"4a285abe\" data-element_type=\"widget\" data-e-type=\"widget\" data-widget_type=\"button.default\">\n\t\t\t\t<div class=\"elementor-widget-container\">\n\t\t\t\t\t\t\t\t\t<div class=\"elementor-button-wrapper\">\n\t\t\t\t\t<a class=\"elementor-button elementor-button-link elementor-size-sm\" href=\"#\">\n\t\t\t\t\t\t<span class=\"elementor-button-content-wrapper\">\n\t\t\t\t\t\t<span class=\"elementor-button-icon\">\n\t\t\t\t<i aria-hidden=\"true\" class=\"fas fa-chevron-right\"><\/i>\t\t\t<\/span>\n\t\t\t\t\t\t\t\t\t<span class=\"elementor-button-text\">Laden Sie die GPX-Datei herunter.<\/span>\n\t\t\t\t\t<\/span>\n\t\t\t\t\t<\/a>\n\t\t\t\t<\/div>\n\t\t\t\t\t\t\t\t<\/div>\n\t\t\t\t<\/div>\n\t\t\t\t<\/div>\n\t\t\t\t<\/div>\n\t\t<div class=\"elementor-element elementor-element-63e95b5b e-con-full e-flex e-con e-child\" data-id=\"63e95b5b\" data-element_type=\"container\" data-e-type=\"container\" data-settings=\"{&quot;jet_parallax_layout_list&quot;:[]}\">\n\t\t\t\t<div class=\"elementor-element elementor-element-1eeda938 elementor-widget elementor-widget-image\" data-id=\"1eeda938\" data-element_type=\"widget\" data-e-type=\"widget\" data-widget_type=\"image.default\">\n\t\t\t\t<div class=\"elementor-widget-container\">\n\t\t\t\t\t\t\t\t\t\t\t\t\t\t\t<img fetchpriority=\"high\" decoding=\"async\" width=\"800\" height=\"534\" src=\"https:\/\/denhelder.online\/wp-content\/uploads\/2025\/01\/Duinpark-1024x683.jpg\" class=\"attachment-large size-large wp-image-4802\" alt=\"Wanderweg im D\u00fcnenpark Gr\u00fcnes Band\" srcset=\"https:\/\/denhelder.online\/wp-content\/uploads\/2025\/01\/Duinpark-1024x683.jpg 1024w, https:\/\/denhelder.online\/wp-content\/uploads\/2025\/01\/Duinpark-300x200.jpg 300w, https:\/\/denhelder.online\/wp-content\/uploads\/2025\/01\/Duinpark-768x512.jpg 768w, https:\/\/denhelder.online\/wp-content\/uploads\/2025\/01\/Duinpark-1536x1024.jpg 1536w, https:\/\/denhelder.online\/wp-content\/uploads\/2025\/01\/Duinpark-2048x1365.jpg 2048w, https:\/\/denhelder.online\/wp-content\/uploads\/2025\/01\/Duinpark-600x400.jpg 600w\" sizes=\"(max-width: 800px) 100vw, 800px\" \/>\t\t\t\t\t\t\t\t\t\t\t\t\t\t\t<\/div>\n\t\t\t\t<\/div>\n\t\t\t\t<\/div>\n\t\t\t\t\t<\/div>\n\t\t\t\t<\/div>\n\t\t\t\t<\/div>","protected":false},"excerpt":{"rendered":"<p>Het Groene Lint: Ontdek Den Helder te voet Wil je laagdrempelig genieten van groen en frisse lucht? Het Groene Lint biedt vijf 5 mooie wandelroutes door Den Helder, speciaal ontworpen om iedereen naar buiten te krijgen. De routes voeren je langs woonwijken, scholen en kinderopvanglocaties en laten je de stad op een ontspannen manier beleven. [&hellip;]<\/p>\n","protected":false},"author":17,"featured_media":3689,"parent":4877,"menu_order":0,"comment_status":"closed","ping_status":"closed","template":"elementor_header_footer","meta":{"footnotes":""},"tags":[],"doelgroep":[6027,6029],"categorie":[],"class_list":["post-4813","page","type-page","status-publish","has-post-thumbnail","hentry","doelgroep-inwoner","doelgroep-toerist"],"yoast_head":"<!-- This site is optimized with the Yoast SEO Premium plugin v24.7 (Yoast SEO v27.3) - https:\/\/yoast.com\/product\/yoast-seo-premium-wordpress\/ -->\n<title>Het Groene Lint: Vijf Mooie Wandelroutes in Den Helder<\/title>\n<meta name=\"description\" content=\"Wandel door Den Helder met Het Groene Lint. Vijf routes langs groen, scholen en ontspannende plekken.\" \/>\n<meta name=\"robots\" content=\"index, follow, max-snippet:-1, max-image-preview:large, max-video-preview:-1\" \/>\n<link rel=\"canonical\" href=\"https:\/\/denhelder.online\/de\/was-zu-tun\/wanderwege\/durch-die-klare\/entdecke-das-grune-band-zu-fus\/\" \/>\n<meta property=\"og:locale\" content=\"de_DE\" \/>\n<meta property=\"og:type\" content=\"article\" \/>\n<meta property=\"og:title\" content=\"Het Groene Lint: Ontdek Den Helder te voet\" \/>\n<meta property=\"og:description\" content=\"Wandel door Den Helder met Het Groene Lint. Vijf routes langs groen, scholen en ontspannende plekken.\" \/>\n<meta property=\"og:url\" content=\"https:\/\/denhelder.online\/de\/was-zu-tun\/wanderwege\/durch-die-klare\/entdecke-das-grune-band-zu-fus\/\" \/>\n<meta property=\"og:site_name\" content=\"Den Helder Online\" \/>\n<meta property=\"article:modified_time\" content=\"2026-03-13T11:38:29+00:00\" \/>\n<meta property=\"og:image\" content=\"https:\/\/denhelder.online\/wp-content\/uploads\/2025\/01\/Bij-Fort-Erfprins-wandel-staande-foto-scaled.jpg\" \/>\n\t<meta property=\"og:image:width\" content=\"1707\" \/>\n\t<meta property=\"og:image:height\" content=\"2560\" \/>\n\t<meta property=\"og:image:type\" content=\"image\/jpeg\" \/>\n<meta name=\"twitter:card\" content=\"summary_large_image\" \/>\n<meta name=\"twitter:label1\" content=\"Gesch\u00e4tzte Lesezeit\" \/>\n\t<meta name=\"twitter:data1\" content=\"1\u00a0Minute\" \/>\n<script type=\"application\/ld+json\" class=\"yoast-schema-graph\">{\"@context\":\"https:\\\/\\\/schema.org\",\"@graph\":[{\"@type\":\"WebPage\",\"@id\":\"https:\\\/\\\/denhelder.online\\\/wat-te-doen\\\/wandelroutes\\\/wandelen-door-den-helder\\\/het-groene-lint-ontdek-den-helder-te-voet\\\/\",\"url\":\"https:\\\/\\\/denhelder.online\\\/wat-te-doen\\\/wandelroutes\\\/wandelen-door-den-helder\\\/het-groene-lint-ontdek-den-helder-te-voet\\\/\",\"name\":\"Het Groene Lint: Vijf Mooie Wandelroutes in Den Helder\",\"isPartOf\":{\"@id\":\"https:\\\/\\\/denhelder.online\\\/#website\"},\"primaryImageOfPage\":{\"@id\":\"https:\\\/\\\/denhelder.online\\\/wat-te-doen\\\/wandelroutes\\\/wandelen-door-den-helder\\\/het-groene-lint-ontdek-den-helder-te-voet\\\/#primaryimage\"},\"image\":{\"@id\":\"https:\\\/\\\/denhelder.online\\\/wat-te-doen\\\/wandelroutes\\\/wandelen-door-den-helder\\\/het-groene-lint-ontdek-den-helder-te-voet\\\/#primaryimage\"},\"thumbnailUrl\":\"https:\\\/\\\/denhelder.online\\\/wp-content\\\/uploads\\\/2025\\\/01\\\/Bij-Fort-Erfprins-wandel-staande-foto-scaled.jpg\",\"datePublished\":\"2025-01-31T12:56:57+00:00\",\"dateModified\":\"2026-03-13T11:38:29+00:00\",\"description\":\"Wandel door Den Helder met Het Groene Lint. Vijf routes langs groen, scholen en ontspannende plekken.\",\"breadcrumb\":{\"@id\":\"https:\\\/\\\/denhelder.online\\\/wat-te-doen\\\/wandelroutes\\\/wandelen-door-den-helder\\\/het-groene-lint-ontdek-den-helder-te-voet\\\/#breadcrumb\"},\"inLanguage\":\"de\",\"potentialAction\":[{\"@type\":\"ReadAction\",\"target\":[\"https:\\\/\\\/denhelder.online\\\/wat-te-doen\\\/wandelroutes\\\/wandelen-door-den-helder\\\/het-groene-lint-ontdek-den-helder-te-voet\\\/\"]}]},{\"@type\":\"ImageObject\",\"inLanguage\":\"de\",\"@id\":\"https:\\\/\\\/denhelder.online\\\/wat-te-doen\\\/wandelroutes\\\/wandelen-door-den-helder\\\/het-groene-lint-ontdek-den-helder-te-voet\\\/#primaryimage\",\"url\":\"https:\\\/\\\/denhelder.online\\\/wp-content\\\/uploads\\\/2025\\\/01\\\/Bij-Fort-Erfprins-wandel-staande-foto-scaled.jpg\",\"contentUrl\":\"https:\\\/\\\/denhelder.online\\\/wp-content\\\/uploads\\\/2025\\\/01\\\/Bij-Fort-Erfprins-wandel-staande-foto-scaled.jpg\",\"width\":1707,\"height\":2560,\"caption\":\"Landschapsbeheer Friesland. Wandelen in de kop van Noord-Holland\"},{\"@type\":\"BreadcrumbList\",\"@id\":\"https:\\\/\\\/denhelder.online\\\/wat-te-doen\\\/wandelroutes\\\/wandelen-door-den-helder\\\/het-groene-lint-ontdek-den-helder-te-voet\\\/#breadcrumb\",\"itemListElement\":[{\"@type\":\"ListItem\",\"position\":1,\"name\":\"Home\",\"item\":\"https:\\\/\\\/denhelder.online\\\/\"},{\"@type\":\"ListItem\",\"position\":2,\"name\":\"Wat te doen\",\"item\":\"https:\\\/\\\/denhelder.online\\\/wat-te-doen\\\/\"},{\"@type\":\"ListItem\",\"position\":3,\"name\":\"Wandelroutes\",\"item\":\"https:\\\/\\\/denhelder.online\\\/wat-te-doen\\\/wandelroutes\\\/\"},{\"@type\":\"ListItem\",\"position\":4,\"name\":\"Wandelen door Den Helder\",\"item\":\"https:\\\/\\\/denhelder.online\\\/wat-te-doen\\\/wandelroutes\\\/wandelen-door-den-helder\\\/\"},{\"@type\":\"ListItem\",\"position\":5,\"name\":\"Het Groene Lint: Ontdek Den Helder te voet\"}]},{\"@type\":\"WebSite\",\"@id\":\"https:\\\/\\\/denhelder.online\\\/#website\",\"url\":\"https:\\\/\\\/denhelder.online\\\/\",\"name\":\"Den Helder Online\",\"description\":\"Beleef Den Helder\",\"publisher\":{\"@id\":\"https:\\\/\\\/denhelder.online\\\/#organization\"},\"potentialAction\":[{\"@type\":\"SearchAction\",\"target\":{\"@type\":\"EntryPoint\",\"urlTemplate\":\"https:\\\/\\\/denhelder.online\\\/?s={search_term_string}\"},\"query-input\":{\"@type\":\"PropertyValueSpecification\",\"valueRequired\":true,\"valueName\":\"search_term_string\"}}],\"inLanguage\":\"de\"},{\"@type\":\"Organization\",\"@id\":\"https:\\\/\\\/denhelder.online\\\/#organization\",\"name\":\"Den Helder Online\",\"url\":\"https:\\\/\\\/denhelder.online\\\/\",\"logo\":{\"@type\":\"ImageObject\",\"inLanguage\":\"de\",\"@id\":\"https:\\\/\\\/denhelder.online\\\/#\\\/schema\\\/logo\\\/image\\\/\",\"url\":\"https:\\\/\\\/denhelder.online\\\/wp-content\\\/uploads\\\/2021\\\/12\\\/DitIsDH-Logo-26-tagline.svg\",\"contentUrl\":\"https:\\\/\\\/denhelder.online\\\/wp-content\\\/uploads\\\/2021\\\/12\\\/DitIsDH-Logo-26-tagline.svg\",\"width\":1717.0999999999999,\"height\":934.89999999999998,\"caption\":\"Den Helder Online\"},\"image\":{\"@id\":\"https:\\\/\\\/denhelder.online\\\/#\\\/schema\\\/logo\\\/image\\\/\"}}]}<\/script>\n<!-- \/ Yoast SEO Premium plugin. -->","yoast_head_json":{"title":"Das Gr\u00fcne Band: F\u00fcnf wundersch\u00f6ne Wanderrouten in Den Helder","description":"Schlendern Sie mit Het Groene Lint durch Den Helder. F\u00fcnf Routen vorbei an Gr\u00fcnfl\u00e4chen, Schulen und Ruhezonen.","robots":{"index":"index","follow":"follow","max-snippet":"max-snippet:-1","max-image-preview":"max-image-preview:large","max-video-preview":"max-video-preview:-1"},"canonical":"https:\/\/denhelder.online\/de\/was-zu-tun\/wanderwege\/durch-die-klare\/entdecke-das-grune-band-zu-fus\/","og_locale":"de_DE","og_type":"article","og_title":"Het Groene Lint: Ontdek Den Helder te voet","og_description":"Wandel door Den Helder met Het Groene Lint. Vijf routes langs groen, scholen en ontspannende plekken.","og_url":"https:\/\/denhelder.online\/de\/was-zu-tun\/wanderwege\/durch-die-klare\/entdecke-das-grune-band-zu-fus\/","og_site_name":"Den Helder Online","article_modified_time":"2026-03-13T11:38:29+00:00","og_image":[{"width":1707,"height":2560,"url":"https:\/\/denhelder.online\/wp-content\/uploads\/2025\/01\/Bij-Fort-Erfprins-wandel-staande-foto-scaled.jpg","type":"image\/jpeg"}],"twitter_card":"summary_large_image","twitter_misc":{"Gesch\u00e4tzte Lesezeit":"1\u00a0Minute"},"schema":{"@context":"https:\/\/schema.org","@graph":[{"@type":"WebPage","@id":"https:\/\/denhelder.online\/wat-te-doen\/wandelroutes\/wandelen-door-den-helder\/het-groene-lint-ontdek-den-helder-te-voet\/","url":"https:\/\/denhelder.online\/wat-te-doen\/wandelroutes\/wandelen-door-den-helder\/het-groene-lint-ontdek-den-helder-te-voet\/","name":"Das Gr\u00fcne Band: F\u00fcnf wundersch\u00f6ne Wanderrouten in Den Helder","isPartOf":{"@id":"https:\/\/denhelder.online\/#website"},"primaryImageOfPage":{"@id":"https:\/\/denhelder.online\/wat-te-doen\/wandelroutes\/wandelen-door-den-helder\/het-groene-lint-ontdek-den-helder-te-voet\/#primaryimage"},"image":{"@id":"https:\/\/denhelder.online\/wat-te-doen\/wandelroutes\/wandelen-door-den-helder\/het-groene-lint-ontdek-den-helder-te-voet\/#primaryimage"},"thumbnailUrl":"https:\/\/denhelder.online\/wp-content\/uploads\/2025\/01\/Bij-Fort-Erfprins-wandel-staande-foto-scaled.jpg","datePublished":"2025-01-31T12:56:57+00:00","dateModified":"2026-03-13T11:38:29+00:00","description":"Schlendern Sie mit Het Groene Lint durch Den Helder. F\u00fcnf Routen vorbei an Gr\u00fcnfl\u00e4chen, Schulen und Ruhezonen.","breadcrumb":{"@id":"https:\/\/denhelder.online\/wat-te-doen\/wandelroutes\/wandelen-door-den-helder\/het-groene-lint-ontdek-den-helder-te-voet\/#breadcrumb"},"inLanguage":"de","potentialAction":[{"@type":"ReadAction","target":["https:\/\/denhelder.online\/wat-te-doen\/wandelroutes\/wandelen-door-den-helder\/het-groene-lint-ontdek-den-helder-te-voet\/"]}]},{"@type":"ImageObject","inLanguage":"de","@id":"https:\/\/denhelder.online\/wat-te-doen\/wandelroutes\/wandelen-door-den-helder\/het-groene-lint-ontdek-den-helder-te-voet\/#primaryimage","url":"https:\/\/denhelder.online\/wp-content\/uploads\/2025\/01\/Bij-Fort-Erfprins-wandel-staande-foto-scaled.jpg","contentUrl":"https:\/\/denhelder.online\/wp-content\/uploads\/2025\/01\/Bij-Fort-Erfprins-wandel-staande-foto-scaled.jpg","width":1707,"height":2560,"caption":"Landschapsbeheer Friesland. Wandelen in de kop van Noord-Holland"},{"@type":"BreadcrumbList","@id":"https:\/\/denhelder.online\/wat-te-doen\/wandelroutes\/wandelen-door-den-helder\/het-groene-lint-ontdek-den-helder-te-voet\/#breadcrumb","itemListElement":[{"@type":"ListItem","position":1,"name":"Home","item":"https:\/\/denhelder.online\/"},{"@type":"ListItem","position":2,"name":"Wat te doen","item":"https:\/\/denhelder.online\/wat-te-doen\/"},{"@type":"ListItem","position":3,"name":"Wandelroutes","item":"https:\/\/denhelder.online\/wat-te-doen\/wandelroutes\/"},{"@type":"ListItem","position":4,"name":"Wandelen door Den Helder","item":"https:\/\/denhelder.online\/wat-te-doen\/wandelroutes\/wandelen-door-den-helder\/"},{"@type":"ListItem","position":5,"name":"Het Groene Lint: Ontdek Den Helder te voet"}]},{"@type":"WebSite","@id":"https:\/\/denhelder.online\/#website","url":"https:\/\/denhelder.online\/","name":"Den Helder Online","description":"Erleben Sie Den Helder","publisher":{"@id":"https:\/\/denhelder.online\/#organization"},"potentialAction":[{"@type":"SearchAction","target":{"@type":"EntryPoint","urlTemplate":"https:\/\/denhelder.online\/?s={search_term_string}"},"query-input":{"@type":"PropertyValueSpecification","valueRequired":true,"valueName":"search_term_string"}}],"inLanguage":"de"},{"@type":"Organization","@id":"https:\/\/denhelder.online\/#organization","name":"Den Helder Online","url":"https:\/\/denhelder.online\/","logo":{"@type":"ImageObject","inLanguage":"de","@id":"https:\/\/denhelder.online\/#\/schema\/logo\/image\/","url":"https:\/\/denhelder.online\/wp-content\/uploads\/2021\/12\/DitIsDH-Logo-26-tagline.svg","contentUrl":"https:\/\/denhelder.online\/wp-content\/uploads\/2021\/12\/DitIsDH-Logo-26-tagline.svg","width":1717.0999999999999,"height":934.89999999999998,"caption":"Den Helder Online"},"image":{"@id":"https:\/\/denhelder.online\/#\/schema\/logo\/image\/"}}]}},"_links":{"self":[{"href":"https:\/\/denhelder.online\/de\/wp-json\/wp\/v2\/pages\/4813","targetHints":{"allow":["GET"]}}],"collection":[{"href":"https:\/\/denhelder.online\/de\/wp-json\/wp\/v2\/pages"}],"about":[{"href":"https:\/\/denhelder.online\/de\/wp-json\/wp\/v2\/types\/page"}],"author":[{"embeddable":true,"href":"https:\/\/denhelder.online\/de\/wp-json\/wp\/v2\/users\/17"}],"replies":[{"embeddable":true,"href":"https:\/\/denhelder.online\/de\/wp-json\/wp\/v2\/comments?post=4813"}],"version-history":[{"count":0,"href":"https:\/\/denhelder.online\/de\/wp-json\/wp\/v2\/pages\/4813\/revisions"}],"up":[{"embeddable":true,"href":"https:\/\/denhelder.online\/de\/wp-json\/wp\/v2\/pages\/4877"}],"wp:featuredmedia":[{"embeddable":true,"href":"https:\/\/denhelder.online\/de\/wp-json\/wp\/v2\/media\/3689"}],"wp:attachment":[{"href":"https:\/\/denhelder.online\/de\/wp-json\/wp\/v2\/media?parent=4813"}],"wp:term":[{"taxonomy":"post_tag","embeddable":true,"href":"https:\/\/denhelder.online\/de\/wp-json\/wp\/v2\/tags?post=4813"},{"taxonomy":"doelgroep","embeddable":true,"href":"https:\/\/denhelder.online\/de\/wp-json\/wp\/v2\/doelgroep?post=4813"},{"taxonomy":"categorie","embeddable":true,"href":"https:\/\/denhelder.online\/de\/wp-json\/wp\/v2\/categorie?post=4813"}],"curies":[{"name":"wp","href":"https:\/\/api.w.org\/{rel}","templated":true}]}}