{"id":4848,"date":"2025-01-31T14:15:01","date_gmt":"2025-01-31T13:15:01","guid":{"rendered":"https:\/\/denhelder.online\/?page_id=4848"},"modified":"2026-03-13T12:41:47","modified_gmt":"2026-03-13T11:41:47","slug":"das-wasser-um-das-klare","status":"publish","type":"page","link":"https:\/\/denhelder.online\/de\/wat-te-doen\/wandelroutes\/het-water-om-den-helder\/","title":{"rendered":"Das Wasser um Den Helder"},"content":{"rendered":"<div data-elementor-type=\"wp-page\" data-elementor-id=\"4848\" class=\"elementor elementor-4848\" data-elementor-post-type=\"page\">\n\t\t\t\t<div class=\"elementor-element elementor-element-4230ab20 e-flex e-con-boxed e-con e-parent\" data-id=\"4230ab20\" data-element_type=\"container\" data-e-type=\"container\" data-settings=\"{&quot;jet_parallax_layout_list&quot;:[]}\">\n\t\t\t\t\t<div class=\"e-con-inner\">\n\t\t<div class=\"elementor-element elementor-element-11a8ce35 e-con-full e-flex e-con e-child\" data-id=\"11a8ce35\" data-element_type=\"container\" data-e-type=\"container\" data-settings=\"{&quot;jet_parallax_layout_list&quot;:[]}\">\n\t\t\t\t<div class=\"elementor-element elementor-element-4902b905 elementor-widget__width-inherit elementor-widget elementor-widget-heading\" data-id=\"4902b905\" data-element_type=\"widget\" data-e-type=\"widget\" data-widget_type=\"heading.default\">\n\t\t\t\t<div class=\"elementor-widget-container\">\n\t\t\t\t\t<h1 class=\"elementor-heading-title elementor-size-default\">Das Wasser um Den Helder\n<\/h1>\t\t\t\t<\/div>\n\t\t\t\t<\/div>\n\t\t\t\t<div class=\"elementor-element elementor-element-3e24a4ce elementor-widget elementor-widget-text-editor\" data-id=\"3e24a4ce\" data-element_type=\"widget\" data-e-type=\"widget\" data-widget_type=\"text-editor.default\">\n\t\t\t\t<div class=\"elementor-widget-container\">\n\t\t\t\t\t\t\t\t\t<h3>Spazieren Sie entlang von Festungen und H\u00e4fen: Entdecken Sie die Den Helder-Verteidigungslinie<\/h3><p>Auf diesem beeindruckenden Rundgang entdecken Sie die Verteidigungslinie von ITP2T und die H\u00e4fen dieser Hafenstadt. Sie passieren mehrere Festungen, die 1810 im Auftrag Napoleons erbaut wurden. Aufgrund ihrer strategischen Lage nannte er ITP2T das Gibraltar des Nordens.<\/p><p>Ein Teil der Route f\u00fchrt entlang des Deichs an der Nordsee. Genie\u00dfen Sie den weiten Blick auf die Wellen und entdecken Sie an klaren Tagen Texel. Auf der anderen Seite des Deichs befinden sich die Festung Den Helder und Fort Erfprins, die gr\u00f6\u00dfte Festung der Verteidigungslinie. Hier finden Sie auch die \u00dcberreste der Batterie Kaaphoofd, dem \u00e4ltesten Verteidigungsbauwerk der Region.<\/p><p>Nach wenigen Kilometern erreichen Sie Fort Kijkduin und wandern durch das charmante Dorf Huisduinen zur\u00fcck in Richtung Den Helder. Der Weg folgt dem Burggraben und endet an den H\u00e4fen, dem St\u00fctzpunkt der niederl\u00e4ndischen Marine. Mit etwas Gl\u00fcck entdecken Sie beeindruckende Marineschiffe und andere einzigartige Wasserfahrzeuge. Eine Wanderung voller Geschichte, Natur und maritimer Erlebnisse!<\/p>\t\t\t\t\t\t\t\t<\/div>\n\t\t\t\t<\/div>\n\t\t<div class=\"elementor-element elementor-element-6a0a06f5 e-con-full e-flex e-con e-child\" data-id=\"6a0a06f5\" data-element_type=\"container\" data-e-type=\"container\" data-settings=\"{&quot;jet_parallax_layout_list&quot;:[]}\">\n\t\t\t\t<div class=\"elementor-element elementor-element-2b7429fa elementor-mobile-align-justify elementor-widget-mobile__width-inherit elementor-tablet-align-justify elementor-widget elementor-widget-button\" data-id=\"2b7429fa\" data-element_type=\"widget\" data-e-type=\"widget\" data-widget_type=\"button.default\">\n\t\t\t\t<div class=\"elementor-widget-container\">\n\t\t\t\t\t\t\t\t\t<div class=\"elementor-button-wrapper\">\n\t\t\t\t\t<a class=\"elementor-button elementor-button-link elementor-size-sm\" href=\"https:\/\/denhelder.online\/de\/wandelroutes_-water-om-den-helder\/\" target=\"_blank\">\n\t\t\t\t\t\t<span class=\"elementor-button-content-wrapper\">\n\t\t\t\t\t\t<span class=\"elementor-button-icon\">\n\t\t\t\t<i aria-hidden=\"true\" class=\"fas fa-chevron-right\"><\/i>\t\t\t<\/span>\n\t\t\t\t\t\t\t\t\t<span class=\"elementor-button-text\">Route<\/span>\n\t\t\t\t\t<\/span>\n\t\t\t\t\t<\/a>\n\t\t\t\t<\/div>\n\t\t\t\t\t\t\t\t<\/div>\n\t\t\t\t<\/div>\n\t\t\t\t<div class=\"elementor-element elementor-element-39d1edd3 elementor-mobile-align-justify elementor-widget-mobile__width-inherit elementor-tablet-align-justify elementor-widget elementor-widget-button\" data-id=\"39d1edd3\" data-element_type=\"widget\" data-e-type=\"widget\" data-widget_type=\"button.default\">\n\t\t\t\t<div class=\"elementor-widget-container\">\n\t\t\t\t\t\t\t\t\t<div class=\"elementor-button-wrapper\">\n\t\t\t\t\t<a class=\"elementor-button elementor-button-link elementor-size-sm\" href=\"#\">\n\t\t\t\t\t\t<span class=\"elementor-button-content-wrapper\">\n\t\t\t\t\t\t<span class=\"elementor-button-icon\">\n\t\t\t\t<i aria-hidden=\"true\" class=\"fas fa-chevron-right\"><\/i>\t\t\t<\/span>\n\t\t\t\t\t\t\t\t\t<span class=\"elementor-button-text\">Laden Sie die GPX-Datei herunter.<\/span>\n\t\t\t\t\t<\/span>\n\t\t\t\t\t<\/a>\n\t\t\t\t<\/div>\n\t\t\t\t\t\t\t\t<\/div>\n\t\t\t\t<\/div>\n\t\t\t\t<\/div>\n\t\t\t\t<\/div>\n\t\t<div class=\"elementor-element elementor-element-b0ad724 e-con-full e-flex e-con e-child\" data-id=\"b0ad724\" data-element_type=\"container\" data-e-type=\"container\" data-settings=\"{&quot;jet_parallax_layout_list&quot;:[]}\">\n\t\t\t\t<div class=\"elementor-element elementor-element-65b90cfc elementor-widget elementor-widget-image\" data-id=\"65b90cfc\" data-element_type=\"widget\" data-e-type=\"widget\" data-widget_type=\"image.default\">\n\t\t\t\t<div class=\"elementor-widget-container\">\n\t\t\t\t\t\t\t\t\t\t\t\t\t\t\t<img fetchpriority=\"high\" decoding=\"async\" width=\"800\" height=\"571\" src=\"https:\/\/denhelder.online\/wp-content\/uploads\/2025\/01\/Den-Helder-haven-1024x731.jpg\" class=\"attachment-large size-large wp-image-4838\" alt=\"Water Den Helder Hafen-Fu\u00dfweg\" srcset=\"https:\/\/denhelder.online\/wp-content\/uploads\/2025\/01\/Den-Helder-haven-1024x731.jpg 1024w, https:\/\/denhelder.online\/wp-content\/uploads\/2025\/01\/Den-Helder-haven-300x214.jpg 300w, https:\/\/denhelder.online\/wp-content\/uploads\/2025\/01\/Den-Helder-haven-768x549.jpg 768w, https:\/\/denhelder.online\/wp-content\/uploads\/2025\/01\/Den-Helder-haven-1536x1097.jpg 1536w, https:\/\/denhelder.online\/wp-content\/uploads\/2025\/01\/Den-Helder-haven-2048x1463.jpg 2048w, https:\/\/denhelder.online\/wp-content\/uploads\/2025\/01\/Den-Helder-haven-600x429.jpg 600w\" sizes=\"(max-width: 800px) 100vw, 800px\" \/>\t\t\t\t\t\t\t\t\t\t\t\t\t\t\t<\/div>\n\t\t\t\t<\/div>\n\t\t\t\t<\/div>\n\t\t\t\t\t<\/div>\n\t\t\t\t<\/div>\n\t\t\t\t<\/div>","protected":false},"excerpt":{"rendered":"<p>Het water om Den Helder Wandel langs forten en havens: ontdek de Stelling van Den Helder Tijdens deze indrukwekkende wandeltocht ontdek je de Stelling van Den Helder en de havens van deze maritieme stad. Je passeert meerdere forten die in 1810 in opdracht van Napoleon Bonaparte werden gebouwd. Hij noemde Den Helder destijds het Gibraltar [&hellip;]<\/p>\n","protected":false},"author":17,"featured_media":4838,"parent":3678,"menu_order":0,"comment_status":"closed","ping_status":"closed","template":"elementor_header_footer","meta":{"footnotes":""},"tags":[],"doelgroep":[],"categorie":[],"class_list":["post-4848","page","type-page","status-publish","has-post-thumbnail","hentry"],"yoast_head":"<!-- This site is optimized with the Yoast SEO Premium plugin v24.7 (Yoast SEO v27.3) - https:\/\/yoast.com\/product\/yoast-seo-premium-wordpress\/ -->\n<title>Stelling van Den Helder: Wandeltocht langs Forten &amp; Havens<\/title>\n<meta name=\"description\" content=\"Ontdek de Stelling van Den Helder! Wandel langs forten, over de dijk met uitzicht op zee en spot indrukwekkende marineschepen.\" \/>\n<meta name=\"robots\" content=\"index, follow, max-snippet:-1, max-image-preview:large, max-video-preview:-1\" \/>\n<link rel=\"canonical\" href=\"https:\/\/denhelder.online\/de\/was-zu-tun\/wanderwege\/das-wasser-um-das-klare\/\" \/>\n<meta property=\"og:locale\" content=\"de_DE\" \/>\n<meta property=\"og:type\" content=\"article\" \/>\n<meta property=\"og:title\" content=\"Het water om Den Helder\" \/>\n<meta property=\"og:description\" content=\"Ontdek de Stelling van Den Helder! Wandel langs forten, over de dijk met uitzicht op zee en spot indrukwekkende marineschepen.\" \/>\n<meta property=\"og:url\" content=\"https:\/\/denhelder.online\/de\/was-zu-tun\/wanderwege\/das-wasser-um-das-klare\/\" \/>\n<meta property=\"og:site_name\" content=\"Den Helder Online\" \/>\n<meta property=\"article:modified_time\" content=\"2026-03-13T11:41:47+00:00\" \/>\n<meta property=\"og:image\" content=\"https:\/\/denhelder.online\/wp-content\/uploads\/2025\/01\/Den-Helder-haven.jpg\" \/>\n\t<meta property=\"og:image:width\" content=\"2481\" \/>\n\t<meta property=\"og:image:height\" content=\"1772\" \/>\n\t<meta property=\"og:image:type\" content=\"image\/jpeg\" \/>\n<meta name=\"twitter:card\" content=\"summary_large_image\" \/>\n<meta name=\"twitter:label1\" content=\"Gesch\u00e4tzte Lesezeit\" \/>\n\t<meta name=\"twitter:data1\" content=\"2\u00a0Minuten\" \/>\n<script type=\"application\/ld+json\" class=\"yoast-schema-graph\">{\"@context\":\"https:\\\/\\\/schema.org\",\"@graph\":[{\"@type\":\"WebPage\",\"@id\":\"https:\\\/\\\/denhelder.online\\\/en\\\/what-to-do\\\/walking-routes\\\/the-water-around-the-clear\\\/\",\"url\":\"https:\\\/\\\/denhelder.online\\\/en\\\/what-to-do\\\/walking-routes\\\/the-water-around-the-clear\\\/\",\"name\":\"Stelling van Den Helder: Wandeltocht langs Forten & Havens\",\"isPartOf\":{\"@id\":\"https:\\\/\\\/denhelder.online\\\/#website\"},\"primaryImageOfPage\":{\"@id\":\"https:\\\/\\\/denhelder.online\\\/en\\\/what-to-do\\\/walking-routes\\\/the-water-around-the-clear\\\/#primaryimage\"},\"image\":{\"@id\":\"https:\\\/\\\/denhelder.online\\\/en\\\/what-to-do\\\/walking-routes\\\/the-water-around-the-clear\\\/#primaryimage\"},\"thumbnailUrl\":\"https:\\\/\\\/denhelder.online\\\/wp-content\\\/uploads\\\/2025\\\/01\\\/Den-Helder-haven.jpg\",\"datePublished\":\"2025-01-31T13:15:01+00:00\",\"dateModified\":\"2026-03-13T11:41:47+00:00\",\"description\":\"Ontdek de Stelling van Den Helder! Wandel langs forten, over de dijk met uitzicht op zee en spot indrukwekkende marineschepen.\",\"breadcrumb\":{\"@id\":\"https:\\\/\\\/denhelder.online\\\/en\\\/what-to-do\\\/walking-routes\\\/the-water-around-the-clear\\\/#breadcrumb\"},\"inLanguage\":\"de\",\"potentialAction\":[{\"@type\":\"ReadAction\",\"target\":[\"https:\\\/\\\/denhelder.online\\\/en\\\/what-to-do\\\/walking-routes\\\/the-water-around-the-clear\\\/\"]}]},{\"@type\":\"ImageObject\",\"inLanguage\":\"de\",\"@id\":\"https:\\\/\\\/denhelder.online\\\/en\\\/what-to-do\\\/walking-routes\\\/the-water-around-the-clear\\\/#primaryimage\",\"url\":\"https:\\\/\\\/denhelder.online\\\/wp-content\\\/uploads\\\/2025\\\/01\\\/Den-Helder-haven.jpg\",\"contentUrl\":\"https:\\\/\\\/denhelder.online\\\/wp-content\\\/uploads\\\/2025\\\/01\\\/Den-Helder-haven.jpg\",\"width\":2481,\"height\":1772,\"caption\":\"Water Den Helder haven wandelroute\"},{\"@type\":\"BreadcrumbList\",\"@id\":\"https:\\\/\\\/denhelder.online\\\/en\\\/what-to-do\\\/walking-routes\\\/the-water-around-the-clear\\\/#breadcrumb\",\"itemListElement\":[{\"@type\":\"ListItem\",\"position\":1,\"name\":\"Home\",\"item\":\"https:\\\/\\\/denhelder.online\\\/\"},{\"@type\":\"ListItem\",\"position\":2,\"name\":\"Wat te doen\",\"item\":\"https:\\\/\\\/denhelder.online\\\/wat-te-doen\\\/\"},{\"@type\":\"ListItem\",\"position\":3,\"name\":\"Wandelroutes\",\"item\":\"https:\\\/\\\/denhelder.online\\\/en\\\/what-to-do\\\/walking-routes\\\/\"},{\"@type\":\"ListItem\",\"position\":4,\"name\":\"Het water om Den Helder\"}]},{\"@type\":\"WebSite\",\"@id\":\"https:\\\/\\\/denhelder.online\\\/#website\",\"url\":\"https:\\\/\\\/denhelder.online\\\/\",\"name\":\"Den Helder Online\",\"description\":\"Beleef Den Helder\",\"publisher\":{\"@id\":\"https:\\\/\\\/denhelder.online\\\/#organization\"},\"potentialAction\":[{\"@type\":\"SearchAction\",\"target\":{\"@type\":\"EntryPoint\",\"urlTemplate\":\"https:\\\/\\\/denhelder.online\\\/?s={search_term_string}\"},\"query-input\":{\"@type\":\"PropertyValueSpecification\",\"valueRequired\":true,\"valueName\":\"search_term_string\"}}],\"inLanguage\":\"de\"},{\"@type\":\"Organization\",\"@id\":\"https:\\\/\\\/denhelder.online\\\/#organization\",\"name\":\"Den Helder Online\",\"url\":\"https:\\\/\\\/denhelder.online\\\/\",\"logo\":{\"@type\":\"ImageObject\",\"inLanguage\":\"de\",\"@id\":\"https:\\\/\\\/denhelder.online\\\/#\\\/schema\\\/logo\\\/image\\\/\",\"url\":\"https:\\\/\\\/denhelder.online\\\/wp-content\\\/uploads\\\/2021\\\/12\\\/DitIsDH-Logo-26-tagline.svg\",\"contentUrl\":\"https:\\\/\\\/denhelder.online\\\/wp-content\\\/uploads\\\/2021\\\/12\\\/DitIsDH-Logo-26-tagline.svg\",\"width\":1717.0999999999999,\"height\":934.89999999999998,\"caption\":\"Den Helder Online\"},\"image\":{\"@id\":\"https:\\\/\\\/denhelder.online\\\/#\\\/schema\\\/logo\\\/image\\\/\"}}]}<\/script>\n<!-- \/ Yoast SEO Premium plugin. -->","yoast_head_json":{"title":"Den Helder-Vorschlag: Spaziergang entlang von Festungen und H\u00e4fen","description":"Entdecken Sie die Den Helder-Verteidigungslinie! Schlendern Sie vorbei an Festungen, entlang des Deichs mit Meerblick und entdecken Sie beeindruckende Marineschiffe.","robots":{"index":"index","follow":"follow","max-snippet":"max-snippet:-1","max-image-preview":"max-image-preview:large","max-video-preview":"max-video-preview:-1"},"canonical":"https:\/\/denhelder.online\/de\/was-zu-tun\/wanderwege\/das-wasser-um-das-klare\/","og_locale":"de_DE","og_type":"article","og_title":"Het water om Den Helder","og_description":"Ontdek de Stelling van Den Helder! Wandel langs forten, over de dijk met uitzicht op zee en spot indrukwekkende marineschepen.","og_url":"https:\/\/denhelder.online\/de\/was-zu-tun\/wanderwege\/das-wasser-um-das-klare\/","og_site_name":"Den Helder Online","article_modified_time":"2026-03-13T11:41:47+00:00","og_image":[{"width":2481,"height":1772,"url":"https:\/\/denhelder.online\/wp-content\/uploads\/2025\/01\/Den-Helder-haven.jpg","type":"image\/jpeg"}],"twitter_card":"summary_large_image","twitter_misc":{"Gesch\u00e4tzte Lesezeit":"2\u00a0Minuten"},"schema":{"@context":"https:\/\/schema.org","@graph":[{"@type":"WebPage","@id":"https:\/\/denhelder.online\/en\/what-to-do\/walking-routes\/the-water-around-the-clear\/","url":"https:\/\/denhelder.online\/en\/what-to-do\/walking-routes\/the-water-around-the-clear\/","name":"Den Helder-Vorschlag: Spaziergang entlang von Festungen und H\u00e4fen","isPartOf":{"@id":"https:\/\/denhelder.online\/#website"},"primaryImageOfPage":{"@id":"https:\/\/denhelder.online\/en\/what-to-do\/walking-routes\/the-water-around-the-clear\/#primaryimage"},"image":{"@id":"https:\/\/denhelder.online\/en\/what-to-do\/walking-routes\/the-water-around-the-clear\/#primaryimage"},"thumbnailUrl":"https:\/\/denhelder.online\/wp-content\/uploads\/2025\/01\/Den-Helder-haven.jpg","datePublished":"2025-01-31T13:15:01+00:00","dateModified":"2026-03-13T11:41:47+00:00","description":"Entdecken Sie die Den Helder-Verteidigungslinie! Schlendern Sie vorbei an Festungen, entlang des Deichs mit Meerblick und entdecken Sie beeindruckende Marineschiffe.","breadcrumb":{"@id":"https:\/\/denhelder.online\/en\/what-to-do\/walking-routes\/the-water-around-the-clear\/#breadcrumb"},"inLanguage":"de","potentialAction":[{"@type":"ReadAction","target":["https:\/\/denhelder.online\/en\/what-to-do\/walking-routes\/the-water-around-the-clear\/"]}]},{"@type":"ImageObject","inLanguage":"de","@id":"https:\/\/denhelder.online\/en\/what-to-do\/walking-routes\/the-water-around-the-clear\/#primaryimage","url":"https:\/\/denhelder.online\/wp-content\/uploads\/2025\/01\/Den-Helder-haven.jpg","contentUrl":"https:\/\/denhelder.online\/wp-content\/uploads\/2025\/01\/Den-Helder-haven.jpg","width":2481,"height":1772,"caption":"Water Den Helder haven wandelroute"},{"@type":"BreadcrumbList","@id":"https:\/\/denhelder.online\/en\/what-to-do\/walking-routes\/the-water-around-the-clear\/#breadcrumb","itemListElement":[{"@type":"ListItem","position":1,"name":"Home","item":"https:\/\/denhelder.online\/"},{"@type":"ListItem","position":2,"name":"Wat te doen","item":"https:\/\/denhelder.online\/wat-te-doen\/"},{"@type":"ListItem","position":3,"name":"Wandelroutes","item":"https:\/\/denhelder.online\/en\/what-to-do\/walking-routes\/"},{"@type":"ListItem","position":4,"name":"Het water om Den Helder"}]},{"@type":"WebSite","@id":"https:\/\/denhelder.online\/#website","url":"https:\/\/denhelder.online\/","name":"Den Helder Online","description":"Erleben Sie Den Helder","publisher":{"@id":"https:\/\/denhelder.online\/#organization"},"potentialAction":[{"@type":"SearchAction","target":{"@type":"EntryPoint","urlTemplate":"https:\/\/denhelder.online\/?s={search_term_string}"},"query-input":{"@type":"PropertyValueSpecification","valueRequired":true,"valueName":"search_term_string"}}],"inLanguage":"de"},{"@type":"Organization","@id":"https:\/\/denhelder.online\/#organization","name":"Den Helder Online","url":"https:\/\/denhelder.online\/","logo":{"@type":"ImageObject","inLanguage":"de","@id":"https:\/\/denhelder.online\/#\/schema\/logo\/image\/","url":"https:\/\/denhelder.online\/wp-content\/uploads\/2021\/12\/DitIsDH-Logo-26-tagline.svg","contentUrl":"https:\/\/denhelder.online\/wp-content\/uploads\/2021\/12\/DitIsDH-Logo-26-tagline.svg","width":1717.0999999999999,"height":934.89999999999998,"caption":"Den Helder Online"},"image":{"@id":"https:\/\/denhelder.online\/#\/schema\/logo\/image\/"}}]}},"_links":{"self":[{"href":"https:\/\/denhelder.online\/de\/wp-json\/wp\/v2\/pages\/4848","targetHints":{"allow":["GET"]}}],"collection":[{"href":"https:\/\/denhelder.online\/de\/wp-json\/wp\/v2\/pages"}],"about":[{"href":"https:\/\/denhelder.online\/de\/wp-json\/wp\/v2\/types\/page"}],"author":[{"embeddable":true,"href":"https:\/\/denhelder.online\/de\/wp-json\/wp\/v2\/users\/17"}],"replies":[{"embeddable":true,"href":"https:\/\/denhelder.online\/de\/wp-json\/wp\/v2\/comments?post=4848"}],"version-history":[{"count":0,"href":"https:\/\/denhelder.online\/de\/wp-json\/wp\/v2\/pages\/4848\/revisions"}],"up":[{"embeddable":true,"href":"https:\/\/denhelder.online\/de\/wp-json\/wp\/v2\/pages\/3678"}],"wp:featuredmedia":[{"embeddable":true,"href":"https:\/\/denhelder.online\/de\/wp-json\/wp\/v2\/media\/4838"}],"wp:attachment":[{"href":"https:\/\/denhelder.online\/de\/wp-json\/wp\/v2\/media?parent=4848"}],"wp:term":[{"taxonomy":"post_tag","embeddable":true,"href":"https:\/\/denhelder.online\/de\/wp-json\/wp\/v2\/tags?post=4848"},{"taxonomy":"doelgroep","embeddable":true,"href":"https:\/\/denhelder.online\/de\/wp-json\/wp\/v2\/doelgroep?post=4848"},{"taxonomy":"categorie","embeddable":true,"href":"https:\/\/denhelder.online\/de\/wp-json\/wp\/v2\/categorie?post=4848"}],"curies":[{"name":"wp","href":"https:\/\/api.w.org\/{rel}","templated":true}]}}