{"id":4938,"date":"2025-01-31T15:05:58","date_gmt":"2025-01-31T14:05:58","guid":{"rendered":"https:\/\/denhelder.online\/?page_id=4938"},"modified":"2026-03-13T12:48:34","modified_gmt":"2026-03-13T11:48:34","slug":"erkunde-das-klare","status":"publish","type":"page","link":"https:\/\/denhelder.online\/de\/wat-te-doen\/wandelroutes\/wandelen-door-den-helder\/verken-den-helder\/","title":{"rendered":"Erkunden Sie Den Helder"},"content":{"rendered":"<div data-elementor-type=\"wp-page\" data-elementor-id=\"4938\" class=\"elementor elementor-4938\" data-elementor-post-type=\"page\">\n\t\t\t\t<div class=\"elementor-element elementor-element-289053fc e-flex e-con-boxed e-con e-parent\" data-id=\"289053fc\" data-element_type=\"container\" data-e-type=\"container\" data-settings=\"{&quot;jet_parallax_layout_list&quot;:[]}\">\n\t\t\t\t\t<div class=\"e-con-inner\">\n\t\t<div class=\"elementor-element elementor-element-40e09955 e-con-full e-flex e-con e-child\" data-id=\"40e09955\" data-element_type=\"container\" data-e-type=\"container\" data-settings=\"{&quot;jet_parallax_layout_list&quot;:[]}\">\n\t\t\t\t<div class=\"elementor-element elementor-element-66d26092 elementor-widget__width-inherit elementor-widget elementor-widget-heading\" data-id=\"66d26092\" data-element_type=\"widget\" data-e-type=\"widget\" data-widget_type=\"heading.default\">\n\t\t\t\t<div class=\"elementor-widget-container\">\n\t\t\t\t\t<h1 class=\"elementor-heading-title elementor-size-default\">Erkunden Sie Den Helder<\/h1>\t\t\t\t<\/div>\n\t\t\t\t<\/div>\n\t\t\t\t<div class=\"elementor-element elementor-element-72fd4402 elementor-widget elementor-widget-text-editor\" data-id=\"72fd4402\" data-element_type=\"widget\" data-e-type=\"widget\" data-widget_type=\"text-editor.default\">\n\t\t\t\t<div class=\"elementor-widget-container\">\n\t\t\t\t\t\t\t\t\t<h3>Entdecken Sie die maritime Geschichte von Den Helder zu Fu\u00df<\/h3><p>Da die Stadt von drei Seiten von Wasser umgeben ist, genie\u00dft sie eine einzigartige Lage. Auch Napoleon Bonaparte erkannte dies und nannte sie 1811 das Gibraltar des Nordens. Sie war der ideale Standort f\u00fcr einen Marinehafen, und so begann die Milit\u00e4rgeschichte der Stadt. Heute ist sie untrennbar mit der Marine und der Verteidigungslinie der 1. US-Marine verbunden.<\/p><p>Diese Wanderroute f\u00fchrt Sie an einer der alten Festungen vorbei: Fort Dirksz. Admiraal. Sie entdecken au\u00dferdem den Charme der Altstadt (Helderse) und begegnen historischen Spuren der Vergangenheit.<\/p><p>Fort Dirksz. Admiraal: eine geschichtstr\u00e4chtige Verteidigungsfestung<br \/>Zum Schutz des Marinehafens ordnete Napoleon den Bau von vier Festungen an: Kijkduin, Erfprins, Dirksz. Admiraal und Oostoever. Diese wurden sp\u00e4ter durch einen Deich verbunden und bilden zusammen die Stelling van Den Helder (Festung von Den Helder).<\/p><p>Das 1813 von den Franzosen erbaute Fort Dirksz. Admiraal atmet noch heute Geschichte. Ende des 19. Jahrhunderts wurde es mit bombensicheren Quartieren, Mannschaftsunterk\u00fcnften und Pulvermagazinen ausgestattet. W\u00e4hrend des Zweiten Weltkriegs errichteten die Deutschen dort eine Flugabwehrbatterie. Obwohl das Fort nicht mehr vollst\u00e4ndig erhalten ist, sind noch viele Strukturen sichtbar, und man kann die milit\u00e4rische Vergangenheit sp\u00fcren.<\/p><p>Entlang von Stadtparks und vergessenen Eisenbahnlinien<br \/>Die Route f\u00fchrt weiter durch den Stadtpark Quelderduyn, eine gr\u00fcne Oase mitten in der Stadt. Am Schootenweg \u00fcberquert man eine kleine Br\u00fccke. Was viele nicht wissen: Unter dieser Br\u00fccke verlief einst eine Zweigstrecke der Bahnlinie zwischen Den Helder und Alkmaar. Diese Bahnstrecke wurde 1865 als zweiter Abschnitt der Niederl\u00e4ndischen Eisernen Eisenbahngesellschaft erbaut.<\/p><p>Damals dauerte eine Fahrt nach Alkmaar 70 Minuten. Die Nebenstrecke f\u00fchrte zum Industriehafen und erm\u00f6glichte es Seeschiffen, ihre Ladung direkt in G\u00fcterwagen umzuladen. Dieser Gleisabschnitt ist heute zugewachsen und gr\u00f6\u00dftenteils verschwunden, doch die kleine Br\u00fccke erinnert noch immer an diese industrielle Vergangenheit.<\/p>\t\t\t\t\t\t\t\t<\/div>\n\t\t\t\t<\/div>\n\t\t<div class=\"elementor-element elementor-element-16b8a583 e-con-full e-flex e-con e-child\" data-id=\"16b8a583\" data-element_type=\"container\" data-e-type=\"container\" data-settings=\"{&quot;jet_parallax_layout_list&quot;:[]}\">\n\t\t\t\t<div class=\"elementor-element elementor-element-67b1580a elementor-mobile-align-justify elementor-widget-mobile__width-inherit elementor-tablet-align-justify elementor-widget elementor-widget-button\" data-id=\"67b1580a\" data-element_type=\"widget\" data-e-type=\"widget\" data-widget_type=\"button.default\">\n\t\t\t\t<div class=\"elementor-widget-container\">\n\t\t\t\t\t\t\t\t\t<div class=\"elementor-button-wrapper\">\n\t\t\t\t\t<a class=\"elementor-button elementor-button-link elementor-size-sm\" href=\"https:\/\/denhelder.online\/de\/wandelroutes_-verken-den-helder-per-voet\/\" target=\"_blank\">\n\t\t\t\t\t\t<span class=\"elementor-button-content-wrapper\">\n\t\t\t\t\t\t<span class=\"elementor-button-icon\">\n\t\t\t\t<i aria-hidden=\"true\" class=\"fas fa-chevron-right\"><\/i>\t\t\t<\/span>\n\t\t\t\t\t\t\t\t\t<span class=\"elementor-button-text\">Route<\/span>\n\t\t\t\t\t<\/span>\n\t\t\t\t\t<\/a>\n\t\t\t\t<\/div>\n\t\t\t\t\t\t\t\t<\/div>\n\t\t\t\t<\/div>\n\t\t\t\t<div class=\"elementor-element elementor-element-39742cd0 elementor-mobile-align-justify elementor-widget-mobile__width-inherit elementor-tablet-align-justify elementor-widget elementor-widget-button\" data-id=\"39742cd0\" data-element_type=\"widget\" data-e-type=\"widget\" data-widget_type=\"button.default\">\n\t\t\t\t<div class=\"elementor-widget-container\">\n\t\t\t\t\t\t\t\t\t<div class=\"elementor-button-wrapper\">\n\t\t\t\t\t<a class=\"elementor-button elementor-button-link elementor-size-sm\" href=\"#\">\n\t\t\t\t\t\t<span class=\"elementor-button-content-wrapper\">\n\t\t\t\t\t\t<span class=\"elementor-button-icon\">\n\t\t\t\t<i aria-hidden=\"true\" class=\"fas fa-chevron-right\"><\/i>\t\t\t<\/span>\n\t\t\t\t\t\t\t\t\t<span class=\"elementor-button-text\">Laden Sie die GPX-Datei herunter.<\/span>\n\t\t\t\t\t<\/span>\n\t\t\t\t\t<\/a>\n\t\t\t\t<\/div>\n\t\t\t\t\t\t\t\t<\/div>\n\t\t\t\t<\/div>\n\t\t\t\t<\/div>\n\t\t\t\t<\/div>\n\t\t<div class=\"elementor-element elementor-element-6fc062a1 e-con-full e-flex e-con e-child\" data-id=\"6fc062a1\" data-element_type=\"container\" data-e-type=\"container\" data-settings=\"{&quot;jet_parallax_layout_list&quot;:[]}\">\n\t\t\t\t<div class=\"elementor-element elementor-element-12df9ed2 elementor-widget elementor-widget-image\" data-id=\"12df9ed2\" data-element_type=\"widget\" data-e-type=\"widget\" data-widget_type=\"image.default\">\n\t\t\t\t<div class=\"elementor-widget-container\">\n\t\t\t\t\t\t\t\t\t\t\t\t<figure class=\"wp-caption\">\n\t\t\t\t\t\t\t\t\t\t<img fetchpriority=\"high\" decoding=\"async\" width=\"800\" height=\"452\" src=\"https:\/\/denhelder.online\/wp-content\/uploads\/2025\/01\/Fort-Dirksz-Admiraal.jpg\" class=\"attachment-large size-large wp-image-4934\" alt=\"Wanderweg Den Helder Fort Dirskz Admiral\" srcset=\"https:\/\/denhelder.online\/wp-content\/uploads\/2025\/01\/Fort-Dirksz-Admiraal.jpg 950w, https:\/\/denhelder.online\/wp-content\/uploads\/2025\/01\/Fort-Dirksz-Admiraal-300x170.jpg 300w, https:\/\/denhelder.online\/wp-content\/uploads\/2025\/01\/Fort-Dirksz-Admiraal-768x434.jpg 768w, https:\/\/denhelder.online\/wp-content\/uploads\/2025\/01\/Fort-Dirksz-Admiraal-600x339.jpg 600w\" sizes=\"(max-width: 800px) 100vw, 800px\" \/>\t\t\t\t\t\t\t\t\t\t\t<figcaption class=\"widget-image-caption wp-caption-text\">Fort Dirksz Admiral<\/figcaption>\n\t\t\t\t\t\t\t\t\t\t<\/figure>\n\t\t\t\t\t\t\t\t\t<\/div>\n\t\t\t\t<\/div>\n\t\t\t\t<\/div>\n\t\t\t\t\t<\/div>\n\t\t\t\t<\/div>\n\t\t\t\t<\/div>","protected":false},"excerpt":{"rendered":"<p>Verken Den Helder Ontdek de maritieme geschiedenis van Den Helder te voet Met water aan drie kanten heeft Den Helder een unieke ligging. Dat zag ook Napoleon Bonaparte, die de stad in 1811 het Gibraltar van het Noorden noemde. De ideale plek voor een marinehaven, en daarmee begon de militaire geschiedenis van Den Helder. Vandaag [&hellip;]<\/p>\n","protected":false},"author":17,"featured_media":12667,"parent":4877,"menu_order":0,"comment_status":"closed","ping_status":"closed","template":"elementor_header_footer","meta":{"footnotes":""},"tags":[],"doelgroep":[6027,6029],"categorie":[],"class_list":["post-4938","page","type-page","status-publish","has-post-thumbnail","hentry","doelgroep-inwoner","doelgroep-toerist"],"yoast_head":"<!-- This site is optimized with the Yoast SEO Premium plugin v24.7 (Yoast SEO v27.5) - https:\/\/yoast.com\/product\/yoast-seo-premium-wordpress\/ -->\n<title>Fort Dirksz. Admiraal: Historische Wandelroute in Den Helder<\/title>\n<meta name=\"description\" content=\"Ontdek Fort Dirksz. Admiraal tijdens een wandeling door Den Helder. Ervaar historie, stadsparken en verborgen spoorlijnen.\" \/>\n<meta name=\"robots\" content=\"index, follow, max-snippet:-1, max-image-preview:large, max-video-preview:-1\" \/>\n<link rel=\"canonical\" href=\"https:\/\/denhelder.online\/de\/was-zu-tun\/wanderwege\/durch-die-klare\/erkunde-das-klare\/\" \/>\n<meta property=\"og:locale\" content=\"de_DE\" \/>\n<meta property=\"og:type\" content=\"article\" \/>\n<meta property=\"og:title\" content=\"Verken Den Helder\" \/>\n<meta property=\"og:description\" content=\"Ontdek Fort Dirksz. Admiraal tijdens een wandeling door Den Helder. Ervaar historie, stadsparken en verborgen spoorlijnen.\" \/>\n<meta property=\"og:url\" content=\"https:\/\/denhelder.online\/de\/was-zu-tun\/wanderwege\/durch-die-klare\/erkunde-das-klare\/\" \/>\n<meta property=\"og:site_name\" content=\"Den Helder Online\" \/>\n<meta property=\"article:modified_time\" content=\"2026-03-13T11:48:34+00:00\" \/>\n<meta property=\"og:image\" content=\"https:\/\/denhelder.online\/wp-content\/uploads\/2025\/07\/Stelling-Den-Helder-2.jpg\" \/>\n\t<meta property=\"og:image:width\" content=\"720\" \/>\n\t<meta property=\"og:image:height\" content=\"660\" \/>\n\t<meta property=\"og:image:type\" content=\"image\/jpeg\" \/>\n<meta name=\"twitter:card\" content=\"summary_large_image\" \/>\n<meta name=\"twitter:label1\" content=\"Gesch\u00e4tzte Lesezeit\" \/>\n\t<meta name=\"twitter:data1\" content=\"2\u00a0Minuten\" \/>\n<script type=\"application\/ld+json\" class=\"yoast-schema-graph\">{\"@context\":\"https:\\\/\\\/schema.org\",\"@graph\":[{\"@type\":\"WebPage\",\"@id\":\"https:\\\/\\\/denhelder.online\\\/wat-te-doen\\\/wandelroutes\\\/wandelen-door-den-helder\\\/verken-den-helder\\\/\",\"url\":\"https:\\\/\\\/denhelder.online\\\/wat-te-doen\\\/wandelroutes\\\/wandelen-door-den-helder\\\/verken-den-helder\\\/\",\"name\":\"Fort Dirksz. Admiraal: Historische Wandelroute in Den Helder\",\"isPartOf\":{\"@id\":\"https:\\\/\\\/denhelder.online\\\/#website\"},\"primaryImageOfPage\":{\"@id\":\"https:\\\/\\\/denhelder.online\\\/wat-te-doen\\\/wandelroutes\\\/wandelen-door-den-helder\\\/verken-den-helder\\\/#primaryimage\"},\"image\":{\"@id\":\"https:\\\/\\\/denhelder.online\\\/wat-te-doen\\\/wandelroutes\\\/wandelen-door-den-helder\\\/verken-den-helder\\\/#primaryimage\"},\"thumbnailUrl\":\"https:\\\/\\\/denhelder.online\\\/wp-content\\\/uploads\\\/2025\\\/07\\\/Stelling-Den-Helder-2.jpg\",\"datePublished\":\"2025-01-31T14:05:58+00:00\",\"dateModified\":\"2026-03-13T11:48:34+00:00\",\"description\":\"Ontdek Fort Dirksz. Admiraal tijdens een wandeling door Den Helder. Ervaar historie, stadsparken en verborgen spoorlijnen.\",\"breadcrumb\":{\"@id\":\"https:\\\/\\\/denhelder.online\\\/wat-te-doen\\\/wandelroutes\\\/wandelen-door-den-helder\\\/verken-den-helder\\\/#breadcrumb\"},\"inLanguage\":\"de\",\"potentialAction\":[{\"@type\":\"ReadAction\",\"target\":[\"https:\\\/\\\/denhelder.online\\\/wat-te-doen\\\/wandelroutes\\\/wandelen-door-den-helder\\\/verken-den-helder\\\/\"]}]},{\"@type\":\"ImageObject\",\"inLanguage\":\"de\",\"@id\":\"https:\\\/\\\/denhelder.online\\\/wat-te-doen\\\/wandelroutes\\\/wandelen-door-den-helder\\\/verken-den-helder\\\/#primaryimage\",\"url\":\"https:\\\/\\\/denhelder.online\\\/wp-content\\\/uploads\\\/2025\\\/07\\\/Stelling-Den-Helder-2.jpg\",\"contentUrl\":\"https:\\\/\\\/denhelder.online\\\/wp-content\\\/uploads\\\/2025\\\/07\\\/Stelling-Den-Helder-2.jpg\",\"width\":720,\"height\":660,\"caption\":\"Stelling Den Helder\"},{\"@type\":\"BreadcrumbList\",\"@id\":\"https:\\\/\\\/denhelder.online\\\/wat-te-doen\\\/wandelroutes\\\/wandelen-door-den-helder\\\/verken-den-helder\\\/#breadcrumb\",\"itemListElement\":[{\"@type\":\"ListItem\",\"position\":1,\"name\":\"Home\",\"item\":\"https:\\\/\\\/denhelder.online\\\/\"},{\"@type\":\"ListItem\",\"position\":2,\"name\":\"Wat te doen\",\"item\":\"https:\\\/\\\/denhelder.online\\\/wat-te-doen\\\/\"},{\"@type\":\"ListItem\",\"position\":3,\"name\":\"Wandelroutes\",\"item\":\"https:\\\/\\\/denhelder.online\\\/wat-te-doen\\\/wandelroutes\\\/\"},{\"@type\":\"ListItem\",\"position\":4,\"name\":\"Wandelen door Den Helder\",\"item\":\"https:\\\/\\\/denhelder.online\\\/wat-te-doen\\\/wandelroutes\\\/wandelen-door-den-helder\\\/\"},{\"@type\":\"ListItem\",\"position\":5,\"name\":\"Verken Den Helder\"}]},{\"@type\":\"WebSite\",\"@id\":\"https:\\\/\\\/denhelder.online\\\/#website\",\"url\":\"https:\\\/\\\/denhelder.online\\\/\",\"name\":\"Den Helder Online\",\"description\":\"Beleef Den Helder\",\"publisher\":{\"@id\":\"https:\\\/\\\/denhelder.online\\\/#organization\"},\"potentialAction\":[{\"@type\":\"SearchAction\",\"target\":{\"@type\":\"EntryPoint\",\"urlTemplate\":\"https:\\\/\\\/denhelder.online\\\/?s={search_term_string}\"},\"query-input\":{\"@type\":\"PropertyValueSpecification\",\"valueRequired\":true,\"valueName\":\"search_term_string\"}}],\"inLanguage\":\"de\"},{\"@type\":\"Organization\",\"@id\":\"https:\\\/\\\/denhelder.online\\\/#organization\",\"name\":\"Den Helder Online\",\"url\":\"https:\\\/\\\/denhelder.online\\\/\",\"logo\":{\"@type\":\"ImageObject\",\"inLanguage\":\"de\",\"@id\":\"https:\\\/\\\/denhelder.online\\\/#\\\/schema\\\/logo\\\/image\\\/\",\"url\":\"https:\\\/\\\/denhelder.online\\\/wp-content\\\/uploads\\\/2021\\\/12\\\/DitIsDH-Logo-26-tagline.svg\",\"contentUrl\":\"https:\\\/\\\/denhelder.online\\\/wp-content\\\/uploads\\\/2021\\\/12\\\/DitIsDH-Logo-26-tagline.svg\",\"width\":1717.0999999999999,\"height\":934.89999999999998,\"caption\":\"Den Helder Online\"},\"image\":{\"@id\":\"https:\\\/\\\/denhelder.online\\\/#\\\/schema\\\/logo\\\/image\\\/\"}}]}<\/script>\n<!-- \/ Yoast SEO Premium plugin. -->","yoast_head_json":{"title":"Fort Dirksz. Admiraal: Historische Wanderroute in Den Helder","description":"Entdecken Sie Fort Dirksz. Admiraal bei einem Spaziergang durch Den Helder. Erleben Sie Geschichte, Stadtparks und verborgene Eisenbahnlinien.","robots":{"index":"index","follow":"follow","max-snippet":"max-snippet:-1","max-image-preview":"max-image-preview:large","max-video-preview":"max-video-preview:-1"},"canonical":"https:\/\/denhelder.online\/de\/was-zu-tun\/wanderwege\/durch-die-klare\/erkunde-das-klare\/","og_locale":"de_DE","og_type":"article","og_title":"Verken Den Helder","og_description":"Ontdek Fort Dirksz. Admiraal tijdens een wandeling door Den Helder. Ervaar historie, stadsparken en verborgen spoorlijnen.","og_url":"https:\/\/denhelder.online\/de\/was-zu-tun\/wanderwege\/durch-die-klare\/erkunde-das-klare\/","og_site_name":"Den Helder Online","article_modified_time":"2026-03-13T11:48:34+00:00","og_image":[{"width":720,"height":660,"url":"https:\/\/denhelder.online\/wp-content\/uploads\/2025\/07\/Stelling-Den-Helder-2.jpg","type":"image\/jpeg"}],"twitter_card":"summary_large_image","twitter_misc":{"Gesch\u00e4tzte Lesezeit":"2\u00a0Minuten"},"schema":{"@context":"https:\/\/schema.org","@graph":[{"@type":"WebPage","@id":"https:\/\/denhelder.online\/wat-te-doen\/wandelroutes\/wandelen-door-den-helder\/verken-den-helder\/","url":"https:\/\/denhelder.online\/wat-te-doen\/wandelroutes\/wandelen-door-den-helder\/verken-den-helder\/","name":"Fort Dirksz. Admiraal: Historische Wanderroute in Den Helder","isPartOf":{"@id":"https:\/\/denhelder.online\/#website"},"primaryImageOfPage":{"@id":"https:\/\/denhelder.online\/wat-te-doen\/wandelroutes\/wandelen-door-den-helder\/verken-den-helder\/#primaryimage"},"image":{"@id":"https:\/\/denhelder.online\/wat-te-doen\/wandelroutes\/wandelen-door-den-helder\/verken-den-helder\/#primaryimage"},"thumbnailUrl":"https:\/\/denhelder.online\/wp-content\/uploads\/2025\/07\/Stelling-Den-Helder-2.jpg","datePublished":"2025-01-31T14:05:58+00:00","dateModified":"2026-03-13T11:48:34+00:00","description":"Entdecken Sie Fort Dirksz. Admiraal bei einem Spaziergang durch Den Helder. Erleben Sie Geschichte, Stadtparks und verborgene Eisenbahnlinien.","breadcrumb":{"@id":"https:\/\/denhelder.online\/wat-te-doen\/wandelroutes\/wandelen-door-den-helder\/verken-den-helder\/#breadcrumb"},"inLanguage":"de","potentialAction":[{"@type":"ReadAction","target":["https:\/\/denhelder.online\/wat-te-doen\/wandelroutes\/wandelen-door-den-helder\/verken-den-helder\/"]}]},{"@type":"ImageObject","inLanguage":"de","@id":"https:\/\/denhelder.online\/wat-te-doen\/wandelroutes\/wandelen-door-den-helder\/verken-den-helder\/#primaryimage","url":"https:\/\/denhelder.online\/wp-content\/uploads\/2025\/07\/Stelling-Den-Helder-2.jpg","contentUrl":"https:\/\/denhelder.online\/wp-content\/uploads\/2025\/07\/Stelling-Den-Helder-2.jpg","width":720,"height":660,"caption":"Stelling Den Helder"},{"@type":"BreadcrumbList","@id":"https:\/\/denhelder.online\/wat-te-doen\/wandelroutes\/wandelen-door-den-helder\/verken-den-helder\/#breadcrumb","itemListElement":[{"@type":"ListItem","position":1,"name":"Home","item":"https:\/\/denhelder.online\/"},{"@type":"ListItem","position":2,"name":"Wat te doen","item":"https:\/\/denhelder.online\/wat-te-doen\/"},{"@type":"ListItem","position":3,"name":"Wandelroutes","item":"https:\/\/denhelder.online\/wat-te-doen\/wandelroutes\/"},{"@type":"ListItem","position":4,"name":"Wandelen door Den Helder","item":"https:\/\/denhelder.online\/wat-te-doen\/wandelroutes\/wandelen-door-den-helder\/"},{"@type":"ListItem","position":5,"name":"Verken Den Helder"}]},{"@type":"WebSite","@id":"https:\/\/denhelder.online\/#website","url":"https:\/\/denhelder.online\/","name":"Den Helder Online","description":"Erleben Sie Den Helder","publisher":{"@id":"https:\/\/denhelder.online\/#organization"},"potentialAction":[{"@type":"SearchAction","target":{"@type":"EntryPoint","urlTemplate":"https:\/\/denhelder.online\/?s={search_term_string}"},"query-input":{"@type":"PropertyValueSpecification","valueRequired":true,"valueName":"search_term_string"}}],"inLanguage":"de"},{"@type":"Organization","@id":"https:\/\/denhelder.online\/#organization","name":"Den Helder Online","url":"https:\/\/denhelder.online\/","logo":{"@type":"ImageObject","inLanguage":"de","@id":"https:\/\/denhelder.online\/#\/schema\/logo\/image\/","url":"https:\/\/denhelder.online\/wp-content\/uploads\/2021\/12\/DitIsDH-Logo-26-tagline.svg","contentUrl":"https:\/\/denhelder.online\/wp-content\/uploads\/2021\/12\/DitIsDH-Logo-26-tagline.svg","width":1717.0999999999999,"height":934.89999999999998,"caption":"Den Helder Online"},"image":{"@id":"https:\/\/denhelder.online\/#\/schema\/logo\/image\/"}}]}},"_links":{"self":[{"href":"https:\/\/denhelder.online\/de\/wp-json\/wp\/v2\/pages\/4938","targetHints":{"allow":["GET"]}}],"collection":[{"href":"https:\/\/denhelder.online\/de\/wp-json\/wp\/v2\/pages"}],"about":[{"href":"https:\/\/denhelder.online\/de\/wp-json\/wp\/v2\/types\/page"}],"author":[{"embeddable":true,"href":"https:\/\/denhelder.online\/de\/wp-json\/wp\/v2\/users\/17"}],"replies":[{"embeddable":true,"href":"https:\/\/denhelder.online\/de\/wp-json\/wp\/v2\/comments?post=4938"}],"version-history":[{"count":0,"href":"https:\/\/denhelder.online\/de\/wp-json\/wp\/v2\/pages\/4938\/revisions"}],"up":[{"embeddable":true,"href":"https:\/\/denhelder.online\/de\/wp-json\/wp\/v2\/pages\/4877"}],"wp:featuredmedia":[{"embeddable":true,"href":"https:\/\/denhelder.online\/de\/wp-json\/wp\/v2\/media\/12667"}],"wp:attachment":[{"href":"https:\/\/denhelder.online\/de\/wp-json\/wp\/v2\/media?parent=4938"}],"wp:term":[{"taxonomy":"post_tag","embeddable":true,"href":"https:\/\/denhelder.online\/de\/wp-json\/wp\/v2\/tags?post=4938"},{"taxonomy":"doelgroep","embeddable":true,"href":"https:\/\/denhelder.online\/de\/wp-json\/wp\/v2\/doelgroep?post=4938"},{"taxonomy":"categorie","embeddable":true,"href":"https:\/\/denhelder.online\/de\/wp-json\/wp\/v2\/categorie?post=4938"}],"curies":[{"name":"wp","href":"https:\/\/api.w.org\/{rel}","templated":true}]}}