{"id":4975,"date":"2025-01-31T15:40:38","date_gmt":"2025-01-31T14:40:38","guid":{"rendered":"https:\/\/denhelder.online\/?page_id=4975"},"modified":"2026-01-15T09:06:08","modified_gmt":"2026-01-15T08:06:08","slug":"durch-den-kopf-von-nordholland","status":"publish","type":"page","link":"https:\/\/denhelder.online\/de\/door-de-kop-van-noord-holland\/","title":{"rendered":"Durch den Kopf von Nordholland"},"content":{"rendered":"<div data-elementor-type=\"wp-page\" data-elementor-id=\"4975\" class=\"elementor elementor-4975\" data-elementor-post-type=\"page\">\n\t\t\t\t<div class=\"elementor-element elementor-element-3fa2f89b e-flex e-con-boxed e-con e-parent\" data-id=\"3fa2f89b\" data-element_type=\"container\" data-e-type=\"container\" data-settings=\"{&quot;jet_parallax_layout_list&quot;:[]}\">\n\t\t\t\t\t<div class=\"e-con-inner\">\n\t\t<div class=\"elementor-element elementor-element-1bcf61f7 e-con-full e-flex e-con e-child\" data-id=\"1bcf61f7\" data-element_type=\"container\" data-e-type=\"container\" data-settings=\"{&quot;jet_parallax_layout_list&quot;:[]}\">\n\t\t\t\t<div class=\"elementor-element elementor-element-328bece1 elementor-widget elementor-widget-breadcrumbs\" data-id=\"328bece1\" data-element_type=\"widget\" data-e-type=\"widget\" data-widget_type=\"breadcrumbs.default\">\n\t\t\t\t<div class=\"elementor-widget-container\">\n\t\t\t\t\t<p id=\"breadcrumbs\"><span><span><a href=\"https:\/\/denhelder.online\/de\/\">Heim<\/a><\/span><\/span><\/p>\t\t\t\t<\/div>\n\t\t\t\t<\/div>\n\t\t<div class=\"elementor-element elementor-element-4bd24d13 e-con-full e-flex e-con e-child\" data-id=\"4bd24d13\" data-element_type=\"container\" data-e-type=\"container\" data-settings=\"{&quot;jet_parallax_layout_list&quot;:[]}\">\n\t\t\t\t<div class=\"elementor-element elementor-element-65984483 elementor-widget elementor-widget-heading\" data-id=\"65984483\" data-element_type=\"widget\" data-e-type=\"widget\" data-widget_type=\"heading.default\">\n\t\t\t\t<div class=\"elementor-widget-container\">\n\t\t\t\t\t<p class=\"elementor-heading-title elementor-size-default\">Folgen Sie uns in den sozialen Netzwerken:<\/p>\t\t\t\t<\/div>\n\t\t\t\t<\/div>\n\t\t\t\t<div class=\"elementor-element elementor-element-14ae086b elementor-icon-list--layout-inline elementor-align-end elementor-list-item-link-full_width elementor-widget elementor-widget-global elementor-global-1176 elementor-widget-icon-list\" data-id=\"14ae086b\" data-element_type=\"widget\" data-e-type=\"widget\" data-widget_type=\"icon-list.default\">\n\t\t\t\t<div class=\"elementor-widget-container\">\n\t\t\t\t\t\t\t<ul class=\"elementor-icon-list-items elementor-inline-items\">\n\t\t\t\t\t\t\t<li class=\"elementor-icon-list-item elementor-inline-item\">\n\t\t\t\t\t\t\t\t\t\t\t<a href=\"https:\/\/www.facebook.com\/ditisdenhelder\" target=\"_blank\">\n\n\t\t\t\t\t\t\t\t\t\t\t\t<span class=\"elementor-icon-list-icon\">\n\t\t\t\t\t\t\t<i aria-hidden=\"true\" class=\"fab fa-facebook\"><\/i>\t\t\t\t\t\t<\/span>\n\t\t\t\t\t\t\t\t\t\t<span class=\"elementor-icon-list-text\"><\/span>\n\t\t\t\t\t\t\t\t\t\t\t<\/a>\n\t\t\t\t\t\t\t\t\t<\/li>\n\t\t\t\t\t\t\t\t<li class=\"elementor-icon-list-item elementor-inline-item\">\n\t\t\t\t\t\t\t\t\t\t\t<a href=\"https:\/\/www.instagram.com\/ditisdenhelder\/\" target=\"_blank\">\n\n\t\t\t\t\t\t\t\t\t\t\t\t<span class=\"elementor-icon-list-icon\">\n\t\t\t\t\t\t\t<i aria-hidden=\"true\" class=\"fab fa-instagram\"><\/i>\t\t\t\t\t\t<\/span>\n\t\t\t\t\t\t\t\t\t\t<span class=\"elementor-icon-list-text\"><\/span>\n\t\t\t\t\t\t\t\t\t\t\t<\/a>\n\t\t\t\t\t\t\t\t\t<\/li>\n\t\t\t\t\t\t\t\t<li class=\"elementor-icon-list-item elementor-inline-item\">\n\t\t\t\t\t\t\t\t\t\t\t<a href=\"https:\/\/www.youtube.com\/channel\/UCxXdcocRQwb3lDwiYBp3llg\" target=\"_blank\">\n\n\t\t\t\t\t\t\t\t\t\t\t\t<span class=\"elementor-icon-list-icon\">\n\t\t\t\t\t\t\t<i aria-hidden=\"true\" class=\"fab fa-youtube\"><\/i>\t\t\t\t\t\t<\/span>\n\t\t\t\t\t\t\t\t\t\t<span class=\"elementor-icon-list-text\"><\/span>\n\t\t\t\t\t\t\t\t\t\t\t<\/a>\n\t\t\t\t\t\t\t\t\t<\/li>\n\t\t\t\t\t\t\t\t<li class=\"elementor-icon-list-item elementor-inline-item\">\n\t\t\t\t\t\t\t\t\t\t\t<a href=\"https:\/\/www.linkedin.com\/company\/citymarketing-den-helder\" target=\"_blank\">\n\n\t\t\t\t\t\t\t\t\t\t\t\t<span class=\"elementor-icon-list-icon\">\n\t\t\t\t\t\t\t<i aria-hidden=\"true\" class=\"fab fa-linkedin-in\"><\/i>\t\t\t\t\t\t<\/span>\n\t\t\t\t\t\t\t\t\t\t<span class=\"elementor-icon-list-text\"><\/span>\n\t\t\t\t\t\t\t\t\t\t\t<\/a>\n\t\t\t\t\t\t\t\t\t<\/li>\n\t\t\t\t\t\t<\/ul>\n\t\t\t\t\t\t<\/div>\n\t\t\t\t<\/div>\n\t\t\t\t<\/div>\n\t\t\t\t<\/div>\n\t\t\t\t\t<\/div>\n\t\t\t\t<\/div>\n\t\t<div class=\"elementor-element elementor-element-37e2ccf7 e-flex e-con-boxed e-con e-parent\" data-id=\"37e2ccf7\" data-element_type=\"container\" data-e-type=\"container\" data-settings=\"{&quot;jet_parallax_layout_list&quot;:[]}\">\n\t\t\t\t\t<div class=\"e-con-inner\">\n\t\t<div class=\"elementor-element elementor-element-56b49d92 e-con-full e-flex e-con e-child\" data-id=\"56b49d92\" data-element_type=\"container\" data-e-type=\"container\" data-settings=\"{&quot;jet_parallax_layout_list&quot;:[]}\">\n\t\t\t\t<div class=\"elementor-element elementor-element-5cfba96d elementor-widget__width-inherit elementor-widget elementor-widget-heading\" data-id=\"5cfba96d\" data-element_type=\"widget\" data-e-type=\"widget\" data-widget_type=\"heading.default\">\n\t\t\t\t<div class=\"elementor-widget-container\">\n\t\t\t\t\t<h1 class=\"elementor-heading-title elementor-size-default\">Durch den Kop van Noord-Holland<\/h1>\t\t\t\t<\/div>\n\t\t\t\t<\/div>\n\t\t\t\t<div class=\"elementor-element elementor-element-26a05e8d elementor-widget elementor-widget-text-editor\" data-id=\"26a05e8d\" data-element_type=\"widget\" data-e-type=\"widget\" data-widget_type=\"text-editor.default\">\n\t\t\t\t<div class=\"elementor-widget-container\">\n\t\t\t\t\t\t\t\t\t<h3>Spazieren Sie entlang von D\u00fcnen, Poldern und Festungen im Kop van Noord-Holland<\/h3><p>Diese Route erm\u00f6glicht es Ihnen, die vielf\u00e4ltige Natur und Geschichte der Region Kop van Noord-Holland zu entdecken. Ein Gro\u00dfteil der Strecke verl\u00e4uft entlang der Nordsee durch die D\u00fcnenlandschaft Helderse. Dieses Gebiet mit seinen niedrigen D\u00fcnenkuppen, T\u00e4lern und Nadelw\u00e4ldern beherbergt einzigartige Pflanzenarten wie Strand-Tausendkraut und Heidekraut. Von den D\u00fcnenkuppen und dem Strand aus genie\u00dfen Sie Panoramablicke auf das Meer \u2013 ideal zum Entspannen und Abschalten.<\/p><p><strong>Beobachten Sie Wildtiere im Naturschutzgebiet Mari\u00ebndal<\/strong><br \/>Nach dem D\u00fcnengebiet wandern Sie durch das Naturschutzgebiet Mari\u00ebndal, wo ehemalige Blumenzwiebelfelder in sanfte D\u00fcnen, Wiesen und Teiche verwandelt wurden. Mit etwas Gl\u00fcck k\u00f6nnen Sie hier in den fr\u00fchen Morgen- oder sp\u00e4ten Abendstunden einen Fuchs beobachten. G\u00e4nse, Schnepfen und Austernfischer sind leichter zu entdecken und pr\u00e4gen die lebendige Naturlandschaft.<\/p><p><strong>Entlang historischer Festungen und des Hafens von Den Helder<\/strong><br \/>Die Route f\u00fchrt Sie auch an den unteren Poldern vorbei mit Blick auf die 1. Verteidigungslinie des Zweiten Weltkriegs (Den Helder). Hier passieren Sie historische Festungen, die Teil dieser Verteidigungslinie waren, wie Fort Dirksz. Admiraal und Fort Kijkduin. Schlie\u00dflich erreichen Sie den Hafen, wo Sie beeindruckende Kriegsschiffe und andere einzigartige Wasserfahrzeuge bewundern k\u00f6nnen.<\/p><p>Dieser 23 Kilometer lange Wanderweg beginnt und endet am Besucherzentrum De Helderse Vallei, einem idealen Ausgangspunkt f\u00fcr einen Tag voller Natur und Geschichte.<\/p>\t\t\t\t\t\t\t\t<\/div>\n\t\t\t\t<\/div>\n\t\t<div class=\"elementor-element elementor-element-4f3cef30 e-con-full e-flex e-con e-child\" data-id=\"4f3cef30\" data-element_type=\"container\" data-e-type=\"container\" data-settings=\"{&quot;jet_parallax_layout_list&quot;:[]}\">\n\t\t\t\t<div class=\"elementor-element elementor-element-30517593 elementor-mobile-align-justify elementor-widget-mobile__width-inherit elementor-tablet-align-justify elementor-widget elementor-widget-button\" data-id=\"30517593\" data-element_type=\"widget\" data-e-type=\"widget\" data-widget_type=\"button.default\">\n\t\t\t\t<div class=\"elementor-widget-container\">\n\t\t\t\t\t\t\t\t\t<div class=\"elementor-button-wrapper\">\n\t\t\t\t\t<a class=\"elementor-button elementor-button-link elementor-size-sm\" href=\"#\">\n\t\t\t\t\t\t<span class=\"elementor-button-content-wrapper\">\n\t\t\t\t\t\t<span class=\"elementor-button-icon\">\n\t\t\t\t<i aria-hidden=\"true\" class=\"fas fa-chevron-right\"><\/i>\t\t\t<\/span>\n\t\t\t\t\t\t\t\t\t<span class=\"elementor-button-text\">Route<\/span>\n\t\t\t\t\t<\/span>\n\t\t\t\t\t<\/a>\n\t\t\t\t<\/div>\n\t\t\t\t\t\t\t\t<\/div>\n\t\t\t\t<\/div>\n\t\t\t\t<div class=\"elementor-element elementor-element-556fd568 elementor-mobile-align-justify elementor-widget-mobile__width-inherit elementor-tablet-align-justify elementor-widget elementor-widget-button\" data-id=\"556fd568\" data-element_type=\"widget\" data-e-type=\"widget\" data-widget_type=\"button.default\">\n\t\t\t\t<div class=\"elementor-widget-container\">\n\t\t\t\t\t\t\t\t\t<div class=\"elementor-button-wrapper\">\n\t\t\t\t\t<a class=\"elementor-button elementor-button-link elementor-size-sm\" href=\"#\">\n\t\t\t\t\t\t<span class=\"elementor-button-content-wrapper\">\n\t\t\t\t\t\t<span class=\"elementor-button-icon\">\n\t\t\t\t<i aria-hidden=\"true\" class=\"fas fa-chevron-right\"><\/i>\t\t\t<\/span>\n\t\t\t\t\t\t\t\t\t<span class=\"elementor-button-text\">Laden Sie die GPX-Datei herunter.<\/span>\n\t\t\t\t\t<\/span>\n\t\t\t\t\t<\/a>\n\t\t\t\t<\/div>\n\t\t\t\t\t\t\t\t<\/div>\n\t\t\t\t<\/div>\n\t\t\t\t<\/div>\n\t\t\t\t<\/div>\n\t\t<div class=\"elementor-element elementor-element-4e8c9b36 e-con-full e-flex e-con e-child\" data-id=\"4e8c9b36\" data-element_type=\"container\" data-e-type=\"container\" data-settings=\"{&quot;jet_parallax_layout_list&quot;:[]}\">\n\t\t\t\t<div class=\"elementor-element elementor-element-169a9e01 elementor-widget elementor-widget-image\" data-id=\"169a9e01\" data-element_type=\"widget\" data-e-type=\"widget\" data-widget_type=\"image.default\">\n\t\t\t\t<div class=\"elementor-widget-container\">\n\t\t\t\t\t\t\t\t\t\t\t\t<figure class=\"wp-caption\">\n\t\t\t\t\t\t\t\t\t\t<img fetchpriority=\"high\" decoding=\"async\" width=\"800\" height=\"534\" src=\"https:\/\/denhelder.online\/wp-content\/uploads\/2025\/01\/Mariendal-foto-Johan-Stuart-1500-1024x683.jpg\" class=\"attachment-large size-large wp-image-4968\" alt=\"Wandern Mariendal Leiter von Nordholland Den Helder\" srcset=\"https:\/\/denhelder.online\/wp-content\/uploads\/2025\/01\/Mariendal-foto-Johan-Stuart-1500-1024x683.jpg 1024w, https:\/\/denhelder.online\/wp-content\/uploads\/2025\/01\/Mariendal-foto-Johan-Stuart-1500-300x200.jpg 300w, https:\/\/denhelder.online\/wp-content\/uploads\/2025\/01\/Mariendal-foto-Johan-Stuart-1500-768x512.jpg 768w, https:\/\/denhelder.online\/wp-content\/uploads\/2025\/01\/Mariendal-foto-Johan-Stuart-1500-600x400.jpg 600w, https:\/\/denhelder.online\/wp-content\/uploads\/2025\/01\/Mariendal-foto-Johan-Stuart-1500.jpg 1500w\" sizes=\"(max-width: 800px) 100vw, 800px\" \/>\t\t\t\t\t\t\t\t\t\t\t<figcaption class=\"widget-image-caption wp-caption-text\">Mariendal<\/figcaption>\n\t\t\t\t\t\t\t\t\t\t<\/figure>\n\t\t\t\t\t\t\t\t\t<\/div>\n\t\t\t\t<\/div>\n\t\t\t\t<\/div>\n\t\t\t\t\t<\/div>\n\t\t\t\t<\/div>\n\t\t\t\t<\/div>","protected":false},"excerpt":{"rendered":"<p>Volg ons op social: \u00a0 \u00a0 \u00a0 \u00a0 Door de Kop van Noord-Holland Wandel langs duinen, polders en forten in de Kop van Noord-Holland Deze route laat je de veelzijdige natuur en historie van de Kop van Noord-Holland ontdekken. Je wandelt een groot deel van de route langs de Noordzee, door de Helderse Duinen. Dit [&hellip;]<\/p>\n","protected":false},"author":17,"featured_media":17092,"parent":0,"menu_order":0,"comment_status":"closed","ping_status":"closed","template":"elementor_canvas","meta":{"footnotes":""},"tags":[],"doelgroep":[],"categorie":[],"class_list":["post-4975","page","type-page","status-publish","has-post-thumbnail","hentry"],"yoast_head":"<!-- This site is optimized with the Yoast SEO Premium plugin v24.7 (Yoast SEO v27.5) - https:\/\/yoast.com\/product\/yoast-seo-premium-wordpress\/ -->\n<title>Wandelen in Noord-Holland: Van Duinen naar de Marinehaven<\/title>\n<meta name=\"description\" content=\"Geniet van een 23 km lange wandelroute langs de Noordzee, Fort Kijkduin en de haven van Den Helder. Spot marineschepen en wilde dieren!\" \/>\n<meta name=\"robots\" content=\"index, follow, max-snippet:-1, max-image-preview:large, max-video-preview:-1\" \/>\n<link rel=\"canonical\" href=\"https:\/\/denhelder.online\/de\/durch-den-kopf-von-nordholland\/\" \/>\n<meta property=\"og:locale\" content=\"de_DE\" \/>\n<meta property=\"og:type\" content=\"article\" \/>\n<meta property=\"og:title\" content=\"Door de kop van Noord-Holland\" \/>\n<meta property=\"og:description\" content=\"Geniet van een 23 km lange wandelroute langs de Noordzee, Fort Kijkduin en de haven van Den Helder. Spot marineschepen en wilde dieren!\" \/>\n<meta property=\"og:url\" content=\"https:\/\/denhelder.online\/de\/durch-den-kopf-von-nordholland\/\" \/>\n<meta property=\"og:site_name\" content=\"Den Helder Online\" \/>\n<meta property=\"article:modified_time\" content=\"2026-01-15T08:06:08+00:00\" \/>\n<meta property=\"og:image\" content=\"https:\/\/denhelder.online\/wp-content\/uploads\/2025\/12\/Schotse-Hooglanders-Vuurtoren-Grafelijkheidsduinen-Water-Walter-Das-scaled.jpg\" \/>\n\t<meta property=\"og:image:width\" content=\"2560\" \/>\n\t<meta property=\"og:image:height\" content=\"1706\" \/>\n\t<meta property=\"og:image:type\" content=\"image\/jpeg\" \/>\n<meta name=\"twitter:card\" content=\"summary_large_image\" \/>\n<meta name=\"twitter:label1\" content=\"Gesch\u00e4tzte Lesezeit\" \/>\n\t<meta name=\"twitter:data1\" content=\"2\u00a0Minuten\" \/>\n<script type=\"application\/ld+json\" class=\"yoast-schema-graph\">{\"@context\":\"https:\\\/\\\/schema.org\",\"@graph\":[{\"@type\":\"WebPage\",\"@id\":\"https:\\\/\\\/denhelder.online\\\/de\\\/durch-den-kopf-von-nordholland\\\/\",\"url\":\"https:\\\/\\\/denhelder.online\\\/de\\\/durch-den-kopf-von-nordholland\\\/\",\"name\":\"Wandelen in Noord-Holland: Van Duinen naar de Marinehaven\",\"isPartOf\":{\"@id\":\"https:\\\/\\\/denhelder.online\\\/#website\"},\"primaryImageOfPage\":{\"@id\":\"https:\\\/\\\/denhelder.online\\\/de\\\/durch-den-kopf-von-nordholland\\\/#primaryimage\"},\"image\":{\"@id\":\"https:\\\/\\\/denhelder.online\\\/de\\\/durch-den-kopf-von-nordholland\\\/#primaryimage\"},\"thumbnailUrl\":\"https:\\\/\\\/denhelder.online\\\/wp-content\\\/uploads\\\/2025\\\/12\\\/Schotse-Hooglanders-Vuurtoren-Grafelijkheidsduinen-Water-Walter-Das-scaled.jpg\",\"datePublished\":\"2025-01-31T14:40:38+00:00\",\"dateModified\":\"2026-01-15T08:06:08+00:00\",\"description\":\"Geniet van een 23 km lange wandelroute langs de Noordzee, Fort Kijkduin en de haven van Den Helder. Spot marineschepen en wilde dieren!\",\"breadcrumb\":{\"@id\":\"https:\\\/\\\/denhelder.online\\\/de\\\/durch-den-kopf-von-nordholland\\\/#breadcrumb\"},\"inLanguage\":\"de\",\"potentialAction\":[{\"@type\":\"ReadAction\",\"target\":[\"https:\\\/\\\/denhelder.online\\\/de\\\/durch-den-kopf-von-nordholland\\\/\"]}]},{\"@type\":\"ImageObject\",\"inLanguage\":\"de\",\"@id\":\"https:\\\/\\\/denhelder.online\\\/de\\\/durch-den-kopf-von-nordholland\\\/#primaryimage\",\"url\":\"https:\\\/\\\/denhelder.online\\\/wp-content\\\/uploads\\\/2025\\\/12\\\/Schotse-Hooglanders-Vuurtoren-Grafelijkheidsduinen-Water-Walter-Das-scaled.jpg\",\"contentUrl\":\"https:\\\/\\\/denhelder.online\\\/wp-content\\\/uploads\\\/2025\\\/12\\\/Schotse-Hooglanders-Vuurtoren-Grafelijkheidsduinen-Water-Walter-Das-scaled.jpg\",\"width\":2560,\"height\":1706,\"caption\":\"Schotse Hooglanders in de grafelijkheidsduinen bij Huisduinen\"},{\"@type\":\"BreadcrumbList\",\"@id\":\"https:\\\/\\\/denhelder.online\\\/de\\\/durch-den-kopf-von-nordholland\\\/#breadcrumb\",\"itemListElement\":[{\"@type\":\"ListItem\",\"position\":1,\"name\":\"Home\",\"item\":\"https:\\\/\\\/denhelder.online\\\/\"},{\"@type\":\"ListItem\",\"position\":2,\"name\":\"Door de kop van Noord-Holland\"}]},{\"@type\":\"WebSite\",\"@id\":\"https:\\\/\\\/denhelder.online\\\/#website\",\"url\":\"https:\\\/\\\/denhelder.online\\\/\",\"name\":\"Den Helder Online\",\"description\":\"Beleef Den Helder\",\"publisher\":{\"@id\":\"https:\\\/\\\/denhelder.online\\\/#organization\"},\"potentialAction\":[{\"@type\":\"SearchAction\",\"target\":{\"@type\":\"EntryPoint\",\"urlTemplate\":\"https:\\\/\\\/denhelder.online\\\/?s={search_term_string}\"},\"query-input\":{\"@type\":\"PropertyValueSpecification\",\"valueRequired\":true,\"valueName\":\"search_term_string\"}}],\"inLanguage\":\"de\"},{\"@type\":\"Organization\",\"@id\":\"https:\\\/\\\/denhelder.online\\\/#organization\",\"name\":\"Den Helder Online\",\"url\":\"https:\\\/\\\/denhelder.online\\\/\",\"logo\":{\"@type\":\"ImageObject\",\"inLanguage\":\"de\",\"@id\":\"https:\\\/\\\/denhelder.online\\\/#\\\/schema\\\/logo\\\/image\\\/\",\"url\":\"https:\\\/\\\/denhelder.online\\\/wp-content\\\/uploads\\\/2021\\\/12\\\/DitIsDH-Logo-26-tagline.svg\",\"contentUrl\":\"https:\\\/\\\/denhelder.online\\\/wp-content\\\/uploads\\\/2021\\\/12\\\/DitIsDH-Logo-26-tagline.svg\",\"width\":1717.0999999999999,\"height\":934.89999999999998,\"caption\":\"Den Helder Online\"},\"image\":{\"@id\":\"https:\\\/\\\/denhelder.online\\\/#\\\/schema\\\/logo\\\/image\\\/\"}}]}<\/script>\n<!-- \/ Yoast SEO Premium plugin. -->","yoast_head_json":{"title":"Wandern in Nordholland: Von den D\u00fcnen zum Marinehafen","description":"Genie\u00dfen Sie einen 23 km langen Wanderweg entlang der Nordsee, vorbei an Fort Kijkduin und dem Hafen Den Helder. Beobachten Sie Marineschiffe und Wildtiere!","robots":{"index":"index","follow":"follow","max-snippet":"max-snippet:-1","max-image-preview":"max-image-preview:large","max-video-preview":"max-video-preview:-1"},"canonical":"https:\/\/denhelder.online\/de\/durch-den-kopf-von-nordholland\/","og_locale":"de_DE","og_type":"article","og_title":"Door de kop van Noord-Holland","og_description":"Geniet van een 23 km lange wandelroute langs de Noordzee, Fort Kijkduin en de haven van Den Helder. Spot marineschepen en wilde dieren!","og_url":"https:\/\/denhelder.online\/de\/durch-den-kopf-von-nordholland\/","og_site_name":"Den Helder Online","article_modified_time":"2026-01-15T08:06:08+00:00","og_image":[{"width":2560,"height":1706,"url":"https:\/\/denhelder.online\/wp-content\/uploads\/2025\/12\/Schotse-Hooglanders-Vuurtoren-Grafelijkheidsduinen-Water-Walter-Das-scaled.jpg","type":"image\/jpeg"}],"twitter_card":"summary_large_image","twitter_misc":{"Gesch\u00e4tzte Lesezeit":"2\u00a0Minuten"},"schema":{"@context":"https:\/\/schema.org","@graph":[{"@type":"WebPage","@id":"https:\/\/denhelder.online\/de\/durch-den-kopf-von-nordholland\/","url":"https:\/\/denhelder.online\/de\/durch-den-kopf-von-nordholland\/","name":"Wandern in Nordholland: Von den D\u00fcnen zum Marinehafen","isPartOf":{"@id":"https:\/\/denhelder.online\/#website"},"primaryImageOfPage":{"@id":"https:\/\/denhelder.online\/de\/durch-den-kopf-von-nordholland\/#primaryimage"},"image":{"@id":"https:\/\/denhelder.online\/de\/durch-den-kopf-von-nordholland\/#primaryimage"},"thumbnailUrl":"https:\/\/denhelder.online\/wp-content\/uploads\/2025\/12\/Schotse-Hooglanders-Vuurtoren-Grafelijkheidsduinen-Water-Walter-Das-scaled.jpg","datePublished":"2025-01-31T14:40:38+00:00","dateModified":"2026-01-15T08:06:08+00:00","description":"Genie\u00dfen Sie einen 23 km langen Wanderweg entlang der Nordsee, vorbei an Fort Kijkduin und dem Hafen Den Helder. Beobachten Sie Marineschiffe und Wildtiere!","breadcrumb":{"@id":"https:\/\/denhelder.online\/de\/durch-den-kopf-von-nordholland\/#breadcrumb"},"inLanguage":"de","potentialAction":[{"@type":"ReadAction","target":["https:\/\/denhelder.online\/de\/durch-den-kopf-von-nordholland\/"]}]},{"@type":"ImageObject","inLanguage":"de","@id":"https:\/\/denhelder.online\/de\/durch-den-kopf-von-nordholland\/#primaryimage","url":"https:\/\/denhelder.online\/wp-content\/uploads\/2025\/12\/Schotse-Hooglanders-Vuurtoren-Grafelijkheidsduinen-Water-Walter-Das-scaled.jpg","contentUrl":"https:\/\/denhelder.online\/wp-content\/uploads\/2025\/12\/Schotse-Hooglanders-Vuurtoren-Grafelijkheidsduinen-Water-Walter-Das-scaled.jpg","width":2560,"height":1706,"caption":"Schotse Hooglanders in de grafelijkheidsduinen bij Huisduinen"},{"@type":"BreadcrumbList","@id":"https:\/\/denhelder.online\/de\/durch-den-kopf-von-nordholland\/#breadcrumb","itemListElement":[{"@type":"ListItem","position":1,"name":"Home","item":"https:\/\/denhelder.online\/"},{"@type":"ListItem","position":2,"name":"Door de kop van Noord-Holland"}]},{"@type":"WebSite","@id":"https:\/\/denhelder.online\/#website","url":"https:\/\/denhelder.online\/","name":"Den Helder Online","description":"Erleben Sie Den Helder","publisher":{"@id":"https:\/\/denhelder.online\/#organization"},"potentialAction":[{"@type":"SearchAction","target":{"@type":"EntryPoint","urlTemplate":"https:\/\/denhelder.online\/?s={search_term_string}"},"query-input":{"@type":"PropertyValueSpecification","valueRequired":true,"valueName":"search_term_string"}}],"inLanguage":"de"},{"@type":"Organization","@id":"https:\/\/denhelder.online\/#organization","name":"Den Helder Online","url":"https:\/\/denhelder.online\/","logo":{"@type":"ImageObject","inLanguage":"de","@id":"https:\/\/denhelder.online\/#\/schema\/logo\/image\/","url":"https:\/\/denhelder.online\/wp-content\/uploads\/2021\/12\/DitIsDH-Logo-26-tagline.svg","contentUrl":"https:\/\/denhelder.online\/wp-content\/uploads\/2021\/12\/DitIsDH-Logo-26-tagline.svg","width":1717.0999999999999,"height":934.89999999999998,"caption":"Den Helder Online"},"image":{"@id":"https:\/\/denhelder.online\/#\/schema\/logo\/image\/"}}]}},"_links":{"self":[{"href":"https:\/\/denhelder.online\/de\/wp-json\/wp\/v2\/pages\/4975","targetHints":{"allow":["GET"]}}],"collection":[{"href":"https:\/\/denhelder.online\/de\/wp-json\/wp\/v2\/pages"}],"about":[{"href":"https:\/\/denhelder.online\/de\/wp-json\/wp\/v2\/types\/page"}],"author":[{"embeddable":true,"href":"https:\/\/denhelder.online\/de\/wp-json\/wp\/v2\/users\/17"}],"replies":[{"embeddable":true,"href":"https:\/\/denhelder.online\/de\/wp-json\/wp\/v2\/comments?post=4975"}],"version-history":[{"count":0,"href":"https:\/\/denhelder.online\/de\/wp-json\/wp\/v2\/pages\/4975\/revisions"}],"wp:featuredmedia":[{"embeddable":true,"href":"https:\/\/denhelder.online\/de\/wp-json\/wp\/v2\/media\/17092"}],"wp:attachment":[{"href":"https:\/\/denhelder.online\/de\/wp-json\/wp\/v2\/media?parent=4975"}],"wp:term":[{"taxonomy":"post_tag","embeddable":true,"href":"https:\/\/denhelder.online\/de\/wp-json\/wp\/v2\/tags?post=4975"},{"taxonomy":"doelgroep","embeddable":true,"href":"https:\/\/denhelder.online\/de\/wp-json\/wp\/v2\/doelgroep?post=4975"},{"taxonomy":"categorie","embeddable":true,"href":"https:\/\/denhelder.online\/de\/wp-json\/wp\/v2\/categorie?post=4975"}],"curies":[{"name":"wp","href":"https:\/\/api.w.org\/{rel}","templated":true}]}}