{"id":5597,"date":"2025-02-05T12:25:39","date_gmt":"2025-02-05T11:25:39","guid":{"rendered":"https:\/\/denhelder.online\/?page_id=5597"},"modified":"2026-01-19T15:02:25","modified_gmt":"2026-01-19T14:02:25","slug":"uberseehortus","status":"publish","type":"page","link":"https:\/\/denhelder.online\/de\/wat-te-doen\/bezienswaardigheden\/natuur\/hortus-overzee\/","title":{"rendered":"Hortus Overzee | Eine versteckte Oase in Den Helder"},"content":{"rendered":"<div data-elementor-type=\"wp-page\" data-elementor-id=\"5597\" class=\"elementor elementor-5597\" data-elementor-post-type=\"page\">\n\t\t\t\t<div class=\"elementor-element elementor-element-423e21cd e-flex e-con-boxed e-con e-parent\" data-id=\"423e21cd\" data-element_type=\"container\" data-e-type=\"container\" data-settings=\"{&quot;jet_parallax_layout_list&quot;:[]}\">\n\t\t\t\t\t<div class=\"e-con-inner\">\n\t\t<div class=\"elementor-element elementor-element-34132eed e-con-full e-flex e-con e-child\" data-id=\"34132eed\" data-element_type=\"container\" data-e-type=\"container\" data-settings=\"{&quot;jet_parallax_layout_list&quot;:[]}\">\n\t\t\t\t<div class=\"elementor-element elementor-element-4f4ddcef elementor-widget__width-inherit elementor-widget elementor-widget-heading\" data-id=\"4f4ddcef\" data-element_type=\"widget\" data-e-type=\"widget\" data-widget_type=\"heading.default\">\n\t\t\t\t<div class=\"elementor-widget-container\">\n\t\t\t\t\t<span class=\"elementor-heading-title elementor-size-default\">Japanischer Garten<\/span>\t\t\t\t<\/div>\n\t\t\t\t<\/div>\n\t\t\t\t<div class=\"elementor-element elementor-element-678dbb6d elementor-widget__width-inherit elementor-widget elementor-widget-heading\" data-id=\"678dbb6d\" data-element_type=\"widget\" data-e-type=\"widget\" data-widget_type=\"heading.default\">\n\t\t\t\t<div class=\"elementor-widget-container\">\n\t\t\t\t\t<h2 class=\"elementor-heading-title elementor-size-default\">Eine versteckte Oase in Den Helder<\/h2>\t\t\t\t<\/div>\n\t\t\t\t<\/div>\n\t\t\t\t<div class=\"elementor-element elementor-element-5c67a433 elementor-widget elementor-widget-text-editor\" data-id=\"5c67a433\" data-element_type=\"widget\" data-e-type=\"widget\" data-widget_type=\"text-editor.default\">\n\t\t\t\t<div class=\"elementor-widget-container\">\n\t\t\t\t\t\t\t\t\t<p>Mitten im Den Helder, eingebettet in ein Wohngebiet, liegt Hortus Overzee. Dieser einzigartige Ort l\u00e4dt zum Entspannen ein. Hier befindet sich der gr\u00f6\u00dfte japanische Garten der Niederlande mit sanft pl\u00e4tscherndem Wasser, nat\u00fcrlichen Steinbr\u00fccken und farbenpr\u00e4chtigen Koi-Karpfen. Schlendern Sie durch eine von japanischen Gartenexperten aus Kyoto gestaltete Landschaft. Im tropischen Gew\u00e4chshaus erwarten Sie exotische Pflanzen und B\u00e4ume aus aller Welt. Von Orangenb\u00e4umen \u00fcber Orchideen bis hin zu Bananenstauden: Hier gibt es immer etwas Besonderes zu entdecken.<\/p><p><strong>Ein tropisches Abenteuer in der N\u00e4he<\/strong><br \/>Treten Sie ein in das tropische Gew\u00e4chshaus und erleben Sie die W\u00e4rme und die D\u00fcfte einer fernen Reise, ohne die Niederlande zu verlassen. Neben beeindruckenden Pflanzen leben hier auch tropische V\u00f6gel, die die Atmosph\u00e4re perfekt abrunden. Im Schmetterlingshaus k\u00f6nnen Sie mit eigenen Augen beobachten, wie sich eine Raupe in einen Schmetterling verwandelt. Die umfangreiche Kakteensammlung und eine wundersch\u00f6ne Auswahl an Topfpflanzen runden das Bild ab. Ideal f\u00fcr einen entspannenden Besuch voller einzigartiger Eindr\u00fccke.<\/p>\t\t\t\t\t\t\t\t<\/div>\n\t\t\t\t<\/div>\n\t\t<div class=\"elementor-element elementor-element-75a6df62 e-con-full e-flex e-con e-child\" data-id=\"75a6df62\" data-element_type=\"container\" data-e-type=\"container\" data-settings=\"{&quot;jet_parallax_layout_list&quot;:[]}\">\n\t\t\t\t<div class=\"elementor-element elementor-element-19d9f3e8 elementor-mobile-align-justify elementor-widget-mobile__width-inherit elementor-tablet-align-justify elementor-widget elementor-widget-button\" data-id=\"19d9f3e8\" data-element_type=\"widget\" data-e-type=\"widget\" data-widget_type=\"button.default\">\n\t\t\t\t<div class=\"elementor-widget-container\">\n\t\t\t\t\t\t\t\t\t<div class=\"elementor-button-wrapper\">\n\t\t\t\t\t<a class=\"elementor-button elementor-button-link elementor-size-sm\" href=\"#\">\n\t\t\t\t\t\t<span class=\"elementor-button-content-wrapper\">\n\t\t\t\t\t\t<span class=\"elementor-button-icon\">\n\t\t\t\t<i aria-hidden=\"true\" class=\"fas fa-chevron-right\"><\/i>\t\t\t<\/span>\n\t\t\t\t\t\t\t\t\t<span class=\"elementor-button-text\">Prim\u00e4re Schaltfl\u00e4che<\/span>\n\t\t\t\t\t<\/span>\n\t\t\t\t\t<\/a>\n\t\t\t\t<\/div>\n\t\t\t\t\t\t\t\t<\/div>\n\t\t\t\t<\/div>\n\t\t\t\t<\/div>\n\t\t\t\t<\/div>\n\t\t<div class=\"elementor-element elementor-element-54370020 e-con-full e-flex e-con e-child\" data-id=\"54370020\" data-element_type=\"container\" data-e-type=\"container\" data-settings=\"{&quot;jet_parallax_layout_list&quot;:[]}\">\n\t\t\t\t<div class=\"elementor-element elementor-element-6680c1d2 elementor-widget elementor-widget-image\" data-id=\"6680c1d2\" data-element_type=\"widget\" data-e-type=\"widget\" data-widget_type=\"image.default\">\n\t\t\t\t<div class=\"elementor-widget-container\">\n\t\t\t\t\t\t\t\t\t\t\t\t\t\t\t<img fetchpriority=\"high\" decoding=\"async\" width=\"800\" height=\"534\" src=\"https:\/\/denhelder.online\/wp-content\/uploads\/2025\/02\/Hortus-Overzee-Speurtocht-klein-1024x683.jpg\" class=\"attachment-large size-large wp-image-6745\" alt=\"Schnitzeljagd im Hortus Overzee\" srcset=\"https:\/\/denhelder.online\/wp-content\/uploads\/2025\/02\/Hortus-Overzee-Speurtocht-klein-1024x683.jpg 1024w, https:\/\/denhelder.online\/wp-content\/uploads\/2025\/02\/Hortus-Overzee-Speurtocht-klein-300x200.jpg 300w, https:\/\/denhelder.online\/wp-content\/uploads\/2025\/02\/Hortus-Overzee-Speurtocht-klein-768x512.jpg 768w, https:\/\/denhelder.online\/wp-content\/uploads\/2025\/02\/Hortus-Overzee-Speurtocht-klein-1536x1024.jpg 1536w, https:\/\/denhelder.online\/wp-content\/uploads\/2025\/02\/Hortus-Overzee-Speurtocht-klein-600x400.jpg 600w, https:\/\/denhelder.online\/wp-content\/uploads\/2025\/02\/Hortus-Overzee-Speurtocht-klein.jpg 1861w\" sizes=\"(max-width: 800px) 100vw, 800px\" \/>\t\t\t\t\t\t\t\t\t\t\t\t\t\t\t<\/div>\n\t\t\t\t<\/div>\n\t\t\t\t<\/div>\n\t\t\t\t\t<\/div>\n\t\t\t\t<\/div>\n\t\t<div class=\"elementor-element elementor-element-1e5db058 e-flex e-con-boxed e-con e-parent\" data-id=\"1e5db058\" data-element_type=\"container\" data-e-type=\"container\" data-settings=\"{&quot;jet_parallax_layout_list&quot;:[]}\">\n\t\t\t\t\t<div class=\"e-con-inner\">\n\t\t<div class=\"elementor-element elementor-element-3518fd8d e-con-full e-flex e-con e-child\" data-id=\"3518fd8d\" data-element_type=\"container\" data-e-type=\"container\" data-settings=\"{&quot;jet_parallax_layout_list&quot;:[]}\">\n\t\t\t\t<div class=\"elementor-element elementor-element-28031e7f elementor-widget__width-inherit elementor-widget elementor-widget-heading\" data-id=\"28031e7f\" data-element_type=\"widget\" data-e-type=\"widget\" data-widget_type=\"heading.default\">\n\t\t\t\t<div class=\"elementor-widget-container\">\n\t\t\t\t\t<h2 class=\"elementor-heading-title elementor-size-default\">Mehr als nur ein Garten<\/h2>\t\t\t\t<\/div>\n\t\t\t\t<\/div>\n\t\t\t\t<div class=\"elementor-element elementor-element-2b977c16 elementor-widget elementor-widget-text-editor\" data-id=\"2b977c16\" data-element_type=\"widget\" data-e-type=\"widget\" data-widget_type=\"text-editor.default\">\n\t\t\t\t<div class=\"elementor-widget-container\">\n\t\t\t\t\t\t\t\t\t<p>Hortus Overzee ist nicht nur ein Ort, um die Natur zu genie\u00dfen, sondern auch eine stimmungsvolle Kulisse f\u00fcr besondere Momente. Ob romantische Hochzeit, Fotoshooting, gem\u00fctliches Mittagessen oder Nachmittagstee \u2013 diese gr\u00fcne Oase bietet eine einzigartige Kulisse. Dank der zentralen Lage in Den Helder ist sie zudem leicht zu erreichen. Ein Besuch im Hortus Overzee ist die perfekte Gelegenheit, dem Alltag zu entfliehen und eine einzigartige, friedliche Atmosph\u00e4re zu genie\u00dfen.<\/p>\t\t\t\t\t\t\t\t<\/div>\n\t\t\t\t<\/div>\n\t\t<div class=\"elementor-element elementor-element-79a356d0 e-con-full e-flex e-con e-child\" data-id=\"79a356d0\" data-element_type=\"container\" data-e-type=\"container\" data-settings=\"{&quot;jet_parallax_layout_list&quot;:[]}\">\n\t\t\t\t<div class=\"elementor-element elementor-element-4aeb8ce elementor-mobile-align-justify elementor-widget-mobile__width-inherit elementor-tablet-align-justify elementor-widget elementor-widget-button\" data-id=\"4aeb8ce\" data-element_type=\"widget\" data-e-type=\"widget\" data-widget_type=\"button.default\">\n\t\t\t\t<div class=\"elementor-widget-container\">\n\t\t\t\t\t\t\t\t\t<div class=\"elementor-button-wrapper\">\n\t\t\t\t\t<a class=\"elementor-button elementor-button-link elementor-size-sm\" href=\"#\">\n\t\t\t\t\t\t<span class=\"elementor-button-content-wrapper\">\n\t\t\t\t\t\t<span class=\"elementor-button-icon\">\n\t\t\t\t<i aria-hidden=\"true\" class=\"fas fa-chevron-right\"><\/i>\t\t\t<\/span>\n\t\t\t\t\t\t\t\t\t<span class=\"elementor-button-text\">Prim\u00e4re Schaltfl\u00e4che<\/span>\n\t\t\t\t\t<\/span>\n\t\t\t\t\t<\/a>\n\t\t\t\t<\/div>\n\t\t\t\t\t\t\t\t<\/div>\n\t\t\t\t<\/div>\n\t\t\t\t<div class=\"elementor-element elementor-element-7ef11674 elementor-mobile-align-justify elementor-widget-mobile__width-inherit elementor-tablet-align-justify elementor-widget elementor-widget-button\" data-id=\"7ef11674\" data-element_type=\"widget\" data-e-type=\"widget\" data-widget_type=\"button.default\">\n\t\t\t\t<div class=\"elementor-widget-container\">\n\t\t\t\t\t\t\t\t\t<div class=\"elementor-button-wrapper\">\n\t\t\t\t\t<a class=\"elementor-button elementor-button-link elementor-size-sm\" href=\"#\">\n\t\t\t\t\t\t<span class=\"elementor-button-content-wrapper\">\n\t\t\t\t\t\t<span class=\"elementor-button-icon\">\n\t\t\t\t<i aria-hidden=\"true\" class=\"fas fa-chevron-right\"><\/i>\t\t\t<\/span>\n\t\t\t\t\t\t\t\t\t<span class=\"elementor-button-text\">Sekund\u00e4rtaste<\/span>\n\t\t\t\t\t<\/span>\n\t\t\t\t\t<\/a>\n\t\t\t\t<\/div>\n\t\t\t\t\t\t\t\t<\/div>\n\t\t\t\t<\/div>\n\t\t\t\t<\/div>\n\t\t\t\t<\/div>\n\t\t<div class=\"elementor-element elementor-element-78533c00 e-con-full e-flex e-con e-child\" data-id=\"78533c00\" data-element_type=\"container\" data-e-type=\"container\" data-settings=\"{&quot;jet_parallax_layout_list&quot;:[]}\">\n\t\t\t\t<div class=\"elementor-element elementor-element-7e1fd87f elementor-widget elementor-widget-image\" data-id=\"7e1fd87f\" data-element_type=\"widget\" data-e-type=\"widget\" data-widget_type=\"image.default\">\n\t\t\t\t<div class=\"elementor-widget-container\">\n\t\t\t\t\t\t\t\t\t\t\t\t\t\t\t<img decoding=\"async\" width=\"800\" height=\"534\" src=\"https:\/\/denhelder.online\/wp-content\/uploads\/2025\/02\/Hortus-Overzee-Japandag-2024-1024x683.jpg\" class=\"attachment-large size-large wp-image-6749\" alt=\"\" srcset=\"https:\/\/denhelder.online\/wp-content\/uploads\/2025\/02\/Hortus-Overzee-Japandag-2024-1024x683.jpg 1024w, https:\/\/denhelder.online\/wp-content\/uploads\/2025\/02\/Hortus-Overzee-Japandag-2024-300x200.jpg 300w, https:\/\/denhelder.online\/wp-content\/uploads\/2025\/02\/Hortus-Overzee-Japandag-2024-768x512.jpg 768w, https:\/\/denhelder.online\/wp-content\/uploads\/2025\/02\/Hortus-Overzee-Japandag-2024-1536x1024.jpg 1536w, https:\/\/denhelder.online\/wp-content\/uploads\/2025\/02\/Hortus-Overzee-Japandag-2024-600x400.jpg 600w, https:\/\/denhelder.online\/wp-content\/uploads\/2025\/02\/Hortus-Overzee-Japandag-2024.jpg 1719w\" sizes=\"(max-width: 800px) 100vw, 800px\" \/>\t\t\t\t\t\t\t\t\t\t\t\t\t\t\t<\/div>\n\t\t\t\t<\/div>\n\t\t\t\t<\/div>\n\t\t\t\t\t<\/div>\n\t\t\t\t<\/div>\n\t\t\t\t<\/div>","protected":false},"excerpt":{"rendered":"<p>Japanse tuin Een verborgen oase in Den Helder Midden in het centrum van Den Helder, verscholen in een woonwijk, ligt Hortus Overzee. Dit is een unieke plek waar je even helemaal tot rust komt. Je vindt er de grootste Japanse tuin van Nederland, compleet met kabbelend water, natuurstenen bruggetjes en kleurrijke koi-karpers. Hier wandel je [&hellip;]<\/p>\n","protected":false},"author":16,"featured_media":6745,"parent":5587,"menu_order":0,"comment_status":"closed","ping_status":"closed","template":"elementor_header_footer","meta":{"footnotes":""},"tags":[],"doelgroep":[],"categorie":[],"class_list":["post-5597","page","type-page","status-publish","has-post-thumbnail","hentry"],"yoast_head":"<!-- This site is optimized with the Yoast SEO Premium plugin v24.7 (Yoast SEO v27.5) - https:\/\/yoast.com\/product\/yoast-seo-premium-wordpress\/ -->\n<title>Hortus Overzee: De mooiste geheime tuin van Den Helder<\/title>\n<meta name=\"description\" content=\"Bezoek Hortus Overzee in Den Helder: een groene oase met de grootste Japanse tuin van Nederland en een tropische kas vol exotische planten\" \/>\n<meta name=\"robots\" content=\"index, follow, max-snippet:-1, max-image-preview:large, max-video-preview:-1\" \/>\n<link rel=\"canonical\" href=\"https:\/\/denhelder.online\/de\/was-zu-tun\/sehenswurdigkeiten\/natur\/uberseehortus\/\" \/>\n<meta property=\"og:locale\" content=\"de_DE\" \/>\n<meta property=\"og:type\" content=\"article\" \/>\n<meta property=\"og:title\" content=\"Hortus Overzee | Een verborgen oase in Den Helder\" \/>\n<meta property=\"og:description\" content=\"Bezoek Hortus Overzee in Den Helder: een groene oase met de grootste Japanse tuin van Nederland en een tropische kas vol exotische planten\" \/>\n<meta property=\"og:url\" content=\"https:\/\/denhelder.online\/de\/was-zu-tun\/sehenswurdigkeiten\/natur\/uberseehortus\/\" \/>\n<meta property=\"og:site_name\" content=\"Den Helder Online\" \/>\n<meta property=\"article:modified_time\" content=\"2026-01-19T14:02:25+00:00\" \/>\n<meta property=\"og:image\" content=\"https:\/\/denhelder.online\/wp-content\/uploads\/2025\/02\/Hortus-Overzee-Speurtocht-klein.jpg\" \/>\n\t<meta property=\"og:image:width\" content=\"1861\" \/>\n\t<meta property=\"og:image:height\" content=\"1241\" \/>\n\t<meta property=\"og:image:type\" content=\"image\/jpeg\" \/>\n<meta name=\"twitter:card\" content=\"summary_large_image\" \/>\n<meta name=\"twitter:label1\" content=\"Gesch\u00e4tzte Lesezeit\" \/>\n\t<meta name=\"twitter:data1\" content=\"2\u00a0Minuten\" \/>\n<script type=\"application\/ld+json\" class=\"yoast-schema-graph\">{\"@context\":\"https:\\\/\\\/schema.org\",\"@graph\":[{\"@type\":\"WebPage\",\"@id\":\"https:\\\/\\\/denhelder.online\\\/wat-te-doen\\\/bezienswaardigheden\\\/natuur\\\/hortus-overzee\\\/\",\"url\":\"https:\\\/\\\/denhelder.online\\\/wat-te-doen\\\/bezienswaardigheden\\\/natuur\\\/hortus-overzee\\\/\",\"name\":\"Hortus Overzee: De mooiste geheime tuin van Den Helder\",\"isPartOf\":{\"@id\":\"https:\\\/\\\/denhelder.online\\\/#website\"},\"primaryImageOfPage\":{\"@id\":\"https:\\\/\\\/denhelder.online\\\/wat-te-doen\\\/bezienswaardigheden\\\/natuur\\\/hortus-overzee\\\/#primaryimage\"},\"image\":{\"@id\":\"https:\\\/\\\/denhelder.online\\\/wat-te-doen\\\/bezienswaardigheden\\\/natuur\\\/hortus-overzee\\\/#primaryimage\"},\"thumbnailUrl\":\"https:\\\/\\\/denhelder.online\\\/wp-content\\\/uploads\\\/2025\\\/02\\\/Hortus-Overzee-Speurtocht-klein.jpg\",\"datePublished\":\"2025-02-05T11:25:39+00:00\",\"dateModified\":\"2026-01-19T14:02:25+00:00\",\"description\":\"Bezoek Hortus Overzee in Den Helder: een groene oase met de grootste Japanse tuin van Nederland en een tropische kas vol exotische planten\",\"breadcrumb\":{\"@id\":\"https:\\\/\\\/denhelder.online\\\/wat-te-doen\\\/bezienswaardigheden\\\/natuur\\\/hortus-overzee\\\/#breadcrumb\"},\"inLanguage\":\"de\",\"potentialAction\":[{\"@type\":\"ReadAction\",\"target\":[\"https:\\\/\\\/denhelder.online\\\/wat-te-doen\\\/bezienswaardigheden\\\/natuur\\\/hortus-overzee\\\/\"]}]},{\"@type\":\"ImageObject\",\"inLanguage\":\"de\",\"@id\":\"https:\\\/\\\/denhelder.online\\\/wat-te-doen\\\/bezienswaardigheden\\\/natuur\\\/hortus-overzee\\\/#primaryimage\",\"url\":\"https:\\\/\\\/denhelder.online\\\/wp-content\\\/uploads\\\/2025\\\/02\\\/Hortus-Overzee-Speurtocht-klein.jpg\",\"contentUrl\":\"https:\\\/\\\/denhelder.online\\\/wp-content\\\/uploads\\\/2025\\\/02\\\/Hortus-Overzee-Speurtocht-klein.jpg\",\"width\":1861,\"height\":1241,\"caption\":\"Speurtocht bij Hortus Overzee\"},{\"@type\":\"BreadcrumbList\",\"@id\":\"https:\\\/\\\/denhelder.online\\\/wat-te-doen\\\/bezienswaardigheden\\\/natuur\\\/hortus-overzee\\\/#breadcrumb\",\"itemListElement\":[{\"@type\":\"ListItem\",\"position\":1,\"name\":\"Home\",\"item\":\"https:\\\/\\\/denhelder.online\\\/\"},{\"@type\":\"ListItem\",\"position\":2,\"name\":\"Wat te doen\",\"item\":\"https:\\\/\\\/denhelder.online\\\/wat-te-doen\\\/\"},{\"@type\":\"ListItem\",\"position\":3,\"name\":\"Musea en Bezienswaardigheden\",\"item\":\"https:\\\/\\\/denhelder.online\\\/wat-te-doen\\\/bezienswaardigheden\\\/\"},{\"@type\":\"ListItem\",\"position\":4,\"name\":\"Natuur\",\"item\":\"https:\\\/\\\/denhelder.online\\\/wat-te-doen\\\/bezienswaardigheden\\\/natuur\\\/\"},{\"@type\":\"ListItem\",\"position\":5,\"name\":\"Hortus Overzee | Een verborgen oase in Den Helder\"}]},{\"@type\":\"WebSite\",\"@id\":\"https:\\\/\\\/denhelder.online\\\/#website\",\"url\":\"https:\\\/\\\/denhelder.online\\\/\",\"name\":\"Den Helder Online\",\"description\":\"Beleef Den Helder\",\"publisher\":{\"@id\":\"https:\\\/\\\/denhelder.online\\\/#organization\"},\"potentialAction\":[{\"@type\":\"SearchAction\",\"target\":{\"@type\":\"EntryPoint\",\"urlTemplate\":\"https:\\\/\\\/denhelder.online\\\/?s={search_term_string}\"},\"query-input\":{\"@type\":\"PropertyValueSpecification\",\"valueRequired\":true,\"valueName\":\"search_term_string\"}}],\"inLanguage\":\"de\"},{\"@type\":\"Organization\",\"@id\":\"https:\\\/\\\/denhelder.online\\\/#organization\",\"name\":\"Den Helder Online\",\"url\":\"https:\\\/\\\/denhelder.online\\\/\",\"logo\":{\"@type\":\"ImageObject\",\"inLanguage\":\"de\",\"@id\":\"https:\\\/\\\/denhelder.online\\\/#\\\/schema\\\/logo\\\/image\\\/\",\"url\":\"https:\\\/\\\/denhelder.online\\\/wp-content\\\/uploads\\\/2021\\\/12\\\/DitIsDH-Logo-26-tagline.svg\",\"contentUrl\":\"https:\\\/\\\/denhelder.online\\\/wp-content\\\/uploads\\\/2021\\\/12\\\/DitIsDH-Logo-26-tagline.svg\",\"width\":1717.0999999999999,\"height\":934.89999999999998,\"caption\":\"Den Helder Online\"},\"image\":{\"@id\":\"https:\\\/\\\/denhelder.online\\\/#\\\/schema\\\/logo\\\/image\\\/\"}}]}<\/script>\n<!-- \/ Yoast SEO Premium plugin. -->","yoast_head_json":{"title":"Hortus Overzee: Der sch\u00f6nste geheime Garten von Den Helder","description":"Besuchen Sie Hortus Overzee in Den Helder: eine gr\u00fcne Oase mit dem gr\u00f6\u00dften japanischen Garten der Niederlande und einem tropischen Gew\u00e4chshaus voller exotischer Pflanzen.","robots":{"index":"index","follow":"follow","max-snippet":"max-snippet:-1","max-image-preview":"max-image-preview:large","max-video-preview":"max-video-preview:-1"},"canonical":"https:\/\/denhelder.online\/de\/was-zu-tun\/sehenswurdigkeiten\/natur\/uberseehortus\/","og_locale":"de_DE","og_type":"article","og_title":"Hortus Overzee | Een verborgen oase in Den Helder","og_description":"Bezoek Hortus Overzee in Den Helder: een groene oase met de grootste Japanse tuin van Nederland en een tropische kas vol exotische planten","og_url":"https:\/\/denhelder.online\/de\/was-zu-tun\/sehenswurdigkeiten\/natur\/uberseehortus\/","og_site_name":"Den Helder Online","article_modified_time":"2026-01-19T14:02:25+00:00","og_image":[{"width":1861,"height":1241,"url":"https:\/\/denhelder.online\/wp-content\/uploads\/2025\/02\/Hortus-Overzee-Speurtocht-klein.jpg","type":"image\/jpeg"}],"twitter_card":"summary_large_image","twitter_misc":{"Gesch\u00e4tzte Lesezeit":"2\u00a0Minuten"},"schema":{"@context":"https:\/\/schema.org","@graph":[{"@type":"WebPage","@id":"https:\/\/denhelder.online\/wat-te-doen\/bezienswaardigheden\/natuur\/hortus-overzee\/","url":"https:\/\/denhelder.online\/wat-te-doen\/bezienswaardigheden\/natuur\/hortus-overzee\/","name":"Hortus Overzee: Der sch\u00f6nste geheime Garten von Den Helder","isPartOf":{"@id":"https:\/\/denhelder.online\/#website"},"primaryImageOfPage":{"@id":"https:\/\/denhelder.online\/wat-te-doen\/bezienswaardigheden\/natuur\/hortus-overzee\/#primaryimage"},"image":{"@id":"https:\/\/denhelder.online\/wat-te-doen\/bezienswaardigheden\/natuur\/hortus-overzee\/#primaryimage"},"thumbnailUrl":"https:\/\/denhelder.online\/wp-content\/uploads\/2025\/02\/Hortus-Overzee-Speurtocht-klein.jpg","datePublished":"2025-02-05T11:25:39+00:00","dateModified":"2026-01-19T14:02:25+00:00","description":"Besuchen Sie Hortus Overzee in Den Helder: eine gr\u00fcne Oase mit dem gr\u00f6\u00dften japanischen Garten der Niederlande und einem tropischen Gew\u00e4chshaus voller exotischer Pflanzen.","breadcrumb":{"@id":"https:\/\/denhelder.online\/wat-te-doen\/bezienswaardigheden\/natuur\/hortus-overzee\/#breadcrumb"},"inLanguage":"de","potentialAction":[{"@type":"ReadAction","target":["https:\/\/denhelder.online\/wat-te-doen\/bezienswaardigheden\/natuur\/hortus-overzee\/"]}]},{"@type":"ImageObject","inLanguage":"de","@id":"https:\/\/denhelder.online\/wat-te-doen\/bezienswaardigheden\/natuur\/hortus-overzee\/#primaryimage","url":"https:\/\/denhelder.online\/wp-content\/uploads\/2025\/02\/Hortus-Overzee-Speurtocht-klein.jpg","contentUrl":"https:\/\/denhelder.online\/wp-content\/uploads\/2025\/02\/Hortus-Overzee-Speurtocht-klein.jpg","width":1861,"height":1241,"caption":"Speurtocht bij Hortus Overzee"},{"@type":"BreadcrumbList","@id":"https:\/\/denhelder.online\/wat-te-doen\/bezienswaardigheden\/natuur\/hortus-overzee\/#breadcrumb","itemListElement":[{"@type":"ListItem","position":1,"name":"Home","item":"https:\/\/denhelder.online\/"},{"@type":"ListItem","position":2,"name":"Wat te doen","item":"https:\/\/denhelder.online\/wat-te-doen\/"},{"@type":"ListItem","position":3,"name":"Musea en Bezienswaardigheden","item":"https:\/\/denhelder.online\/wat-te-doen\/bezienswaardigheden\/"},{"@type":"ListItem","position":4,"name":"Natuur","item":"https:\/\/denhelder.online\/wat-te-doen\/bezienswaardigheden\/natuur\/"},{"@type":"ListItem","position":5,"name":"Hortus Overzee | Een verborgen oase in Den Helder"}]},{"@type":"WebSite","@id":"https:\/\/denhelder.online\/#website","url":"https:\/\/denhelder.online\/","name":"Den Helder Online","description":"Erleben Sie Den Helder","publisher":{"@id":"https:\/\/denhelder.online\/#organization"},"potentialAction":[{"@type":"SearchAction","target":{"@type":"EntryPoint","urlTemplate":"https:\/\/denhelder.online\/?s={search_term_string}"},"query-input":{"@type":"PropertyValueSpecification","valueRequired":true,"valueName":"search_term_string"}}],"inLanguage":"de"},{"@type":"Organization","@id":"https:\/\/denhelder.online\/#organization","name":"Den Helder Online","url":"https:\/\/denhelder.online\/","logo":{"@type":"ImageObject","inLanguage":"de","@id":"https:\/\/denhelder.online\/#\/schema\/logo\/image\/","url":"https:\/\/denhelder.online\/wp-content\/uploads\/2021\/12\/DitIsDH-Logo-26-tagline.svg","contentUrl":"https:\/\/denhelder.online\/wp-content\/uploads\/2021\/12\/DitIsDH-Logo-26-tagline.svg","width":1717.0999999999999,"height":934.89999999999998,"caption":"Den Helder Online"},"image":{"@id":"https:\/\/denhelder.online\/#\/schema\/logo\/image\/"}}]}},"_links":{"self":[{"href":"https:\/\/denhelder.online\/de\/wp-json\/wp\/v2\/pages\/5597","targetHints":{"allow":["GET"]}}],"collection":[{"href":"https:\/\/denhelder.online\/de\/wp-json\/wp\/v2\/pages"}],"about":[{"href":"https:\/\/denhelder.online\/de\/wp-json\/wp\/v2\/types\/page"}],"author":[{"embeddable":true,"href":"https:\/\/denhelder.online\/de\/wp-json\/wp\/v2\/users\/16"}],"replies":[{"embeddable":true,"href":"https:\/\/denhelder.online\/de\/wp-json\/wp\/v2\/comments?post=5597"}],"version-history":[{"count":0,"href":"https:\/\/denhelder.online\/de\/wp-json\/wp\/v2\/pages\/5597\/revisions"}],"up":[{"embeddable":true,"href":"https:\/\/denhelder.online\/de\/wp-json\/wp\/v2\/pages\/5587"}],"wp:featuredmedia":[{"embeddable":true,"href":"https:\/\/denhelder.online\/de\/wp-json\/wp\/v2\/media\/6745"}],"wp:attachment":[{"href":"https:\/\/denhelder.online\/de\/wp-json\/wp\/v2\/media?parent=5597"}],"wp:term":[{"taxonomy":"post_tag","embeddable":true,"href":"https:\/\/denhelder.online\/de\/wp-json\/wp\/v2\/tags?post=5597"},{"taxonomy":"doelgroep","embeddable":true,"href":"https:\/\/denhelder.online\/de\/wp-json\/wp\/v2\/doelgroep?post=5597"},{"taxonomy":"categorie","embeddable":true,"href":"https:\/\/denhelder.online\/de\/wp-json\/wp\/v2\/categorie?post=5597"}],"curies":[{"name":"wp","href":"https:\/\/api.w.org\/{rel}","templated":true}]}}