{"id":6551,"date":"2025-02-06T15:10:44","date_gmt":"2025-02-06T14:10:44","guid":{"rendered":"https:\/\/denhelder.online\/?page_id=6551"},"modified":"2026-01-19T15:01:22","modified_gmt":"2026-01-19T14:01:22","slug":"vogelbeobachtung","status":"publish","type":"page","link":"https:\/\/denhelder.online\/de\/wat-te-doen\/bezienswaardigheden\/natuur\/vogelspotten\/","title":{"rendered":"Balgzandpolder \u2013 Ein Paradies f\u00fcr V\u00f6gel und alle, die Ruhe und Frieden suchen"},"content":{"rendered":"<div data-elementor-type=\"wp-page\" data-elementor-id=\"6551\" class=\"elementor elementor-6551\" data-elementor-post-type=\"page\">\n\t\t\t\t<div class=\"elementor-element elementor-element-3526d62d e-flex e-con-boxed e-con e-parent\" data-id=\"3526d62d\" data-element_type=\"container\" data-e-type=\"container\" data-settings=\"{&quot;jet_parallax_layout_list&quot;:[]}\">\n\t\t\t\t\t<div class=\"e-con-inner\">\n\t\t<div class=\"elementor-element elementor-element-2032ef28 e-con-full e-flex e-con e-child\" data-id=\"2032ef28\" data-element_type=\"container\" data-e-type=\"container\" data-settings=\"{&quot;jet_parallax_layout_list&quot;:[]}\">\n\t\t\t\t<div class=\"elementor-element elementor-element-4435dec1 elementor-widget__width-inherit elementor-widget elementor-widget-heading\" data-id=\"4435dec1\" data-element_type=\"widget\" data-e-type=\"widget\" data-widget_type=\"heading.default\">\n\t\t\t\t<div class=\"elementor-widget-container\">\n\t\t\t\t\t<span class=\"elementor-heading-title elementor-size-default\">Vogelbeobachtung<\/span>\t\t\t\t<\/div>\n\t\t\t\t<\/div>\n\t\t\t\t<div class=\"elementor-element elementor-element-656bcb59 elementor-widget__width-inherit elementor-widget elementor-widget-heading\" data-id=\"656bcb59\" data-element_type=\"widget\" data-e-type=\"widget\" data-widget_type=\"heading.default\">\n\t\t\t\t<div class=\"elementor-widget-container\">\n\t\t\t\t\t<h2 class=\"elementor-heading-title elementor-size-default\">Balgzandpolder \u2013 Ein Paradies f\u00fcr V\u00f6gel und alle, die Ruhe und Frieden suchen  <\/h2>\t\t\t\t<\/div>\n\t\t\t\t<\/div>\n\t\t\t\t<div class=\"elementor-element elementor-element-797d0014 elementor-widget elementor-widget-text-editor\" data-id=\"797d0014\" data-element_type=\"widget\" data-e-type=\"widget\" data-widget_type=\"text-editor.default\">\n\t\t\t\t<div class=\"elementor-widget-container\">\n\t\t\t\t\t\t\t\t\t<p><strong>Balgzandpolder \u2013 Vogelbeobachtung in Ruhe und Frieden<\/strong><\/p><p>Sie m\u00f6chten dem Alltag entfliehen und Ruhe, frische Seeluft und ein einzigartiges Naturerlebnis genie\u00dfen? Der Balgzandpolder am Rande des Den Helder ist der perfekte Ort f\u00fcr Naturliebhaber, die V\u00f6gel aus n\u00e4chster N\u00e4he beobachten m\u00f6chten. Dieses Naturschutzgebiet wurde speziell als Rast- und Nahrungsgebiet f\u00fcr Zugv\u00f6gel angelegt. Bei Flut im Wattenmeer herrscht hier besonders reges Treiben, und eine Sichtblende erm\u00f6glicht es Ihnen, die V\u00f6gel ungest\u00f6rt zu beobachten.<\/p><p><strong>Bewundern Sie besondere Vogelarten aus n\u00e4chster N\u00e4he<\/strong><\/p><p>Im Balgzandpolder k\u00f6nnen Sie Arten entdecken, die man nicht alle Tage sieht. L\u00f6ffler, Austernfischer, Rotschenkel und verschiedene Entenarten sind hier in gro\u00dfer Zahl anzutreffen. Mit etwas Gl\u00fcck sehen Sie sogar seltenere V\u00f6gel wie den Rotschenkel oder den Gr\u00fcnschenkel. Dank der offenen Lage und des Sichtschutzes k\u00f6nnen Sie die V\u00f6gel ungest\u00f6rt beobachten.<\/p><p>\u00a0<\/p>\t\t\t\t\t\t\t\t<\/div>\n\t\t\t\t<\/div>\n\t\t<div class=\"elementor-element elementor-element-3de26824 e-con-full e-flex e-con e-child\" data-id=\"3de26824\" data-element_type=\"container\" data-e-type=\"container\" data-settings=\"{&quot;jet_parallax_layout_list&quot;:[]}\">\n\t\t\t\t<div class=\"elementor-element elementor-element-38443709 elementor-mobile-align-justify elementor-widget-mobile__width-inherit elementor-tablet-align-justify elementor-widget elementor-widget-button\" data-id=\"38443709\" data-element_type=\"widget\" data-e-type=\"widget\" data-widget_type=\"button.default\">\n\t\t\t\t<div class=\"elementor-widget-container\">\n\t\t\t\t\t\t\t\t\t<div class=\"elementor-button-wrapper\">\n\t\t\t\t\t<a class=\"elementor-button elementor-button-link elementor-size-sm\" href=\"#\">\n\t\t\t\t\t\t<span class=\"elementor-button-content-wrapper\">\n\t\t\t\t\t\t<span class=\"elementor-button-icon\">\n\t\t\t\t<i aria-hidden=\"true\" class=\"fas fa-chevron-right\"><\/i>\t\t\t<\/span>\n\t\t\t\t\t\t\t\t\t<span class=\"elementor-button-text\">Prim\u00e4re Schaltfl\u00e4che<\/span>\n\t\t\t\t\t<\/span>\n\t\t\t\t\t<\/a>\n\t\t\t\t<\/div>\n\t\t\t\t\t\t\t\t<\/div>\n\t\t\t\t<\/div>\n\t\t\t\t<\/div>\n\t\t\t\t<\/div>\n\t\t<div class=\"elementor-element elementor-element-5063dc66 e-con-full e-flex e-con e-child\" data-id=\"5063dc66\" data-element_type=\"container\" data-e-type=\"container\" data-settings=\"{&quot;jet_parallax_layout_list&quot;:[]}\">\n\t\t\t\t<div class=\"elementor-element elementor-element-2b90d237 elementor-widget elementor-widget-image\" data-id=\"2b90d237\" data-element_type=\"widget\" data-e-type=\"widget\" data-widget_type=\"image.default\">\n\t\t\t\t<div class=\"elementor-widget-container\">\n\t\t\t\t\t\t\t\t\t\t\t\t\t\t\t<img fetchpriority=\"high\" decoding=\"async\" width=\"768\" height=\"1024\" src=\"https:\/\/denhelder.online\/wp-content\/uploads\/2025\/02\/Balgzand-t-Kuitje-16-768x1024.jpg\" class=\"attachment-medium_large size-medium_large wp-image-6722\" alt=\"L\u00f6ffler auf dem Balgzandpolder\" srcset=\"https:\/\/denhelder.online\/wp-content\/uploads\/2025\/02\/Balgzand-t-Kuitje-16-768x1024.jpg 768w, https:\/\/denhelder.online\/wp-content\/uploads\/2025\/02\/Balgzand-t-Kuitje-16-225x300.jpg 225w, https:\/\/denhelder.online\/wp-content\/uploads\/2025\/02\/Balgzand-t-Kuitje-16-1152x1536.jpg 1152w, https:\/\/denhelder.online\/wp-content\/uploads\/2025\/02\/Balgzand-t-Kuitje-16-1536x2048.jpg 1536w, https:\/\/denhelder.online\/wp-content\/uploads\/2025\/02\/Balgzand-t-Kuitje-16-450x600.jpg 450w, https:\/\/denhelder.online\/wp-content\/uploads\/2025\/02\/Balgzand-t-Kuitje-16-scaled.jpg 1920w\" sizes=\"(max-width: 768px) 100vw, 768px\" \/>\t\t\t\t\t\t\t\t\t\t\t\t\t\t\t<\/div>\n\t\t\t\t<\/div>\n\t\t\t\t<\/div>\n\t\t\t\t\t<\/div>\n\t\t\t\t<\/div>\n\t\t<div class=\"elementor-element elementor-element-14090ca9 e-flex e-con-boxed e-con e-parent\" data-id=\"14090ca9\" data-element_type=\"container\" data-e-type=\"container\" data-settings=\"{&quot;jet_parallax_layout_list&quot;:[]}\">\n\t\t\t\t\t<div class=\"e-con-inner\">\n\t\t<div class=\"elementor-element elementor-element-4f89405d e-con-full e-flex e-con e-child\" data-id=\"4f89405d\" data-element_type=\"container\" data-e-type=\"container\" data-settings=\"{&quot;jet_parallax_layout_list&quot;:[]}\">\n\t\t\t\t<div class=\"elementor-element elementor-element-51dabb2d elementor-widget__width-inherit elementor-widget elementor-widget-heading\" data-id=\"51dabb2d\" data-element_type=\"widget\" data-e-type=\"widget\" data-widget_type=\"heading.default\">\n\t\t\t\t<div class=\"elementor-widget-container\">\n\t\t\t\t\t<span class=\"elementor-heading-title elementor-size-default\">Vogelfelsen<\/span>\t\t\t\t<\/div>\n\t\t\t\t<\/div>\n\t\t\t\t<div class=\"elementor-element elementor-element-2d4eacbb elementor-widget__width-inherit elementor-widget elementor-widget-heading\" data-id=\"2d4eacbb\" data-element_type=\"widget\" data-e-type=\"widget\" data-widget_type=\"heading.default\">\n\t\t\t\t<div class=\"elementor-widget-container\">\n\t\t\t\t\t<h2 class=\"elementor-heading-title elementor-size-default\">Ein sicherer Brutplatz f\u00fcr V\u00f6gel<\/h2>\t\t\t\t<\/div>\n\t\t\t\t<\/div>\n\t\t\t\t<div class=\"elementor-element elementor-element-6834a4be elementor-widget elementor-widget-text-editor\" data-id=\"6834a4be\" data-element_type=\"widget\" data-e-type=\"widget\" data-widget_type=\"text-editor.default\">\n\t\t\t\t<div class=\"elementor-widget-container\">\n\t\t\t\t\t\t\t\t\t<p>Seit 2016 gibt es im Balgzandpolder eine besondere Attraktion: einen speziell angelegten Vogelfelsen. Dieser f\u00fcnf Meter hohe Felsen bietet einen sicheren Nistplatz, unter anderem f\u00fcr Uferschwalben, die ihre Nester in den Felsw\u00e4nden bauen. Da er f\u00fcr Raubtiere wie F\u00fcchse unerreichbar ist, k\u00f6nnen die V\u00f6gel ungest\u00f6rt br\u00fcten.<\/p><p><strong>Entspannender Spaziergang mit Panoramablick<\/strong><\/p><p>Neben der Vogelbeobachtung eignet sich der Balgzandpolder auch hervorragend f\u00fcr einen entspannten Spaziergang am Wasser. Die weiten Ausblicke und die friedliche Atmosph\u00e4re machen ihn zu einem wunderbaren Ort, um ganz in die Natur einzutauchen. Man muss kein erfahrener Vogelbeobachter sein, um dieses Gebiet zu genie\u00dfen \u2013 ein wenig Neugier gen\u00fcgt.<\/p>\t\t\t\t\t\t\t\t<\/div>\n\t\t\t\t<\/div>\n\t\t<div class=\"elementor-element elementor-element-5b9e3b21 e-con-full e-flex e-con e-child\" data-id=\"5b9e3b21\" data-element_type=\"container\" data-e-type=\"container\" data-settings=\"{&quot;jet_parallax_layout_list&quot;:[]}\">\n\t\t\t\t<div class=\"elementor-element elementor-element-6918f987 elementor-mobile-align-justify elementor-widget-mobile__width-inherit elementor-tablet-align-justify elementor-widget elementor-widget-button\" data-id=\"6918f987\" data-element_type=\"widget\" data-e-type=\"widget\" data-widget_type=\"button.default\">\n\t\t\t\t<div class=\"elementor-widget-container\">\n\t\t\t\t\t\t\t\t\t<div class=\"elementor-button-wrapper\">\n\t\t\t\t\t<a class=\"elementor-button elementor-button-link elementor-size-sm\" href=\"#\">\n\t\t\t\t\t\t<span class=\"elementor-button-content-wrapper\">\n\t\t\t\t\t\t<span class=\"elementor-button-icon\">\n\t\t\t\t<i aria-hidden=\"true\" class=\"fas fa-chevron-right\"><\/i>\t\t\t<\/span>\n\t\t\t\t\t\t\t\t\t<span class=\"elementor-button-text\">Prim\u00e4re Schaltfl\u00e4che<\/span>\n\t\t\t\t\t<\/span>\n\t\t\t\t\t<\/a>\n\t\t\t\t<\/div>\n\t\t\t\t\t\t\t\t<\/div>\n\t\t\t\t<\/div>\n\t\t\t\t<\/div>\n\t\t\t\t<\/div>\n\t\t<div class=\"elementor-element elementor-element-50826075 e-con-full e-flex e-con e-child\" data-id=\"50826075\" data-element_type=\"container\" data-e-type=\"container\" data-settings=\"{&quot;jet_parallax_layout_list&quot;:[]}\">\n\t\t\t\t<div class=\"elementor-element elementor-element-50c3a6ab elementor-widget elementor-widget-image\" data-id=\"50c3a6ab\" data-element_type=\"widget\" data-e-type=\"widget\" data-widget_type=\"image.default\">\n\t\t\t\t<div class=\"elementor-widget-container\">\n\t\t\t\t\t\t\t\t\t\t\t\t\t\t\t<img decoding=\"async\" width=\"800\" height=\"600\" src=\"https:\/\/denhelder.online\/wp-content\/uploads\/2025\/02\/Avondexcursie-Balgzand-1024x768.jpg\" class=\"attachment-large size-large wp-image-6737\" alt=\"\" srcset=\"https:\/\/denhelder.online\/wp-content\/uploads\/2025\/02\/Avondexcursie-Balgzand-1024x768.jpg 1024w, https:\/\/denhelder.online\/wp-content\/uploads\/2025\/02\/Avondexcursie-Balgzand-300x225.jpg 300w, https:\/\/denhelder.online\/wp-content\/uploads\/2025\/02\/Avondexcursie-Balgzand-768x576.jpg 768w, https:\/\/denhelder.online\/wp-content\/uploads\/2025\/02\/Avondexcursie-Balgzand-1536x1152.jpg 1536w, https:\/\/denhelder.online\/wp-content\/uploads\/2025\/02\/Avondexcursie-Balgzand-600x450.jpg 600w, https:\/\/denhelder.online\/wp-content\/uploads\/2025\/02\/Avondexcursie-Balgzand.jpg 2048w\" sizes=\"(max-width: 800px) 100vw, 800px\" \/>\t\t\t\t\t\t\t\t\t\t\t\t\t\t\t<\/div>\n\t\t\t\t<\/div>\n\t\t\t\t<\/div>\n\t\t\t\t\t<\/div>\n\t\t\t\t<\/div>\n\t\t\t\t<\/div>","protected":false},"excerpt":{"rendered":"<p>Vogelspotten Balgzandpolder \u2013 Een paradijs voor vogels en rustzoekers Balgzandpolder \u2013 Vogels kijken in alle rust Wil je even ontsnappen aan de drukte en genieten van rust, frisse zeelucht en een unieke natuurbeleving? De Balgzandpolder, aan de rand van Den Helder, is een perfecte plek voor natuurliefhebbers die vogels van dichtbij willen zien. Dit beschermde [&hellip;]<\/p>\n","protected":false},"author":16,"featured_media":6722,"parent":5587,"menu_order":0,"comment_status":"closed","ping_status":"closed","template":"elementor_header_footer","meta":{"footnotes":""},"tags":[],"doelgroep":[6027,6029],"categorie":[],"class_list":["post-6551","page","type-page","status-publish","has-post-thumbnail","hentry","doelgroep-inwoner","doelgroep-toerist"],"yoast_head":"<!-- This site is optimized with the Yoast SEO Premium plugin v24.7 (Yoast SEO v27.5) - https:\/\/yoast.com\/product\/yoast-seo-premium-wordpress\/ -->\n<title>Uniek natuurgebied in Den Helder: vogels van dichtbij zien<\/title>\n<meta name=\"description\" content=\"Ontdek de Balgzandpolder: een rustig natuurgebied in Den Helder waar je bijzondere vogels van dichtbij kunt zien\" \/>\n<meta name=\"robots\" content=\"index, follow, max-snippet:-1, max-image-preview:large, max-video-preview:-1\" \/>\n<link rel=\"canonical\" href=\"https:\/\/denhelder.online\/de\/was-zu-tun\/sehenswurdigkeiten\/natur\/vogelbeobachtung\/\" \/>\n<meta property=\"og:locale\" content=\"de_DE\" \/>\n<meta property=\"og:type\" content=\"article\" \/>\n<meta property=\"og:title\" content=\"Balgzandpolder \u2013 Een paradijs voor vogels en rustzoekers\" \/>\n<meta property=\"og:description\" content=\"Ontdek de Balgzandpolder: een rustig natuurgebied in Den Helder waar je bijzondere vogels van dichtbij kunt zien\" \/>\n<meta property=\"og:url\" content=\"https:\/\/denhelder.online\/de\/was-zu-tun\/sehenswurdigkeiten\/natur\/vogelbeobachtung\/\" \/>\n<meta property=\"og:site_name\" content=\"Den Helder Online\" \/>\n<meta property=\"article:modified_time\" content=\"2026-01-19T14:01:22+00:00\" \/>\n<meta property=\"og:image\" content=\"https:\/\/denhelder.online\/wp-content\/uploads\/2025\/02\/Balgzand-t-Kuitje-16-scaled.jpg\" \/>\n\t<meta property=\"og:image:width\" content=\"1920\" \/>\n\t<meta property=\"og:image:height\" content=\"2560\" \/>\n\t<meta property=\"og:image:type\" content=\"image\/jpeg\" \/>\n<meta name=\"twitter:card\" content=\"summary_large_image\" \/>\n<meta name=\"twitter:label1\" content=\"Gesch\u00e4tzte Lesezeit\" \/>\n\t<meta name=\"twitter:data1\" content=\"2\u00a0Minuten\" \/>\n<script type=\"application\/ld+json\" class=\"yoast-schema-graph\">{\"@context\":\"https:\\\/\\\/schema.org\",\"@graph\":[{\"@type\":\"WebPage\",\"@id\":\"https:\\\/\\\/denhelder.online\\\/wat-te-doen\\\/bezienswaardigheden\\\/natuur\\\/vogelspotten\\\/\",\"url\":\"https:\\\/\\\/denhelder.online\\\/wat-te-doen\\\/bezienswaardigheden\\\/natuur\\\/vogelspotten\\\/\",\"name\":\"Uniek natuurgebied in Den Helder: vogels van dichtbij zien\",\"isPartOf\":{\"@id\":\"https:\\\/\\\/denhelder.online\\\/#website\"},\"primaryImageOfPage\":{\"@id\":\"https:\\\/\\\/denhelder.online\\\/wat-te-doen\\\/bezienswaardigheden\\\/natuur\\\/vogelspotten\\\/#primaryimage\"},\"image\":{\"@id\":\"https:\\\/\\\/denhelder.online\\\/wat-te-doen\\\/bezienswaardigheden\\\/natuur\\\/vogelspotten\\\/#primaryimage\"},\"thumbnailUrl\":\"https:\\\/\\\/denhelder.online\\\/wp-content\\\/uploads\\\/2025\\\/02\\\/Balgzand-t-Kuitje-16-scaled.jpg\",\"datePublished\":\"2025-02-06T14:10:44+00:00\",\"dateModified\":\"2026-01-19T14:01:22+00:00\",\"description\":\"Ontdek de Balgzandpolder: een rustig natuurgebied in Den Helder waar je bijzondere vogels van dichtbij kunt zien\",\"breadcrumb\":{\"@id\":\"https:\\\/\\\/denhelder.online\\\/wat-te-doen\\\/bezienswaardigheden\\\/natuur\\\/vogelspotten\\\/#breadcrumb\"},\"inLanguage\":\"de\",\"potentialAction\":[{\"@type\":\"ReadAction\",\"target\":[\"https:\\\/\\\/denhelder.online\\\/wat-te-doen\\\/bezienswaardigheden\\\/natuur\\\/vogelspotten\\\/\"]}]},{\"@type\":\"ImageObject\",\"inLanguage\":\"de\",\"@id\":\"https:\\\/\\\/denhelder.online\\\/wat-te-doen\\\/bezienswaardigheden\\\/natuur\\\/vogelspotten\\\/#primaryimage\",\"url\":\"https:\\\/\\\/denhelder.online\\\/wp-content\\\/uploads\\\/2025\\\/02\\\/Balgzand-t-Kuitje-16-scaled.jpg\",\"contentUrl\":\"https:\\\/\\\/denhelder.online\\\/wp-content\\\/uploads\\\/2025\\\/02\\\/Balgzand-t-Kuitje-16-scaled.jpg\",\"width\":1920,\"height\":2560,\"caption\":\"Lepelaar op de balgzandpolder\"},{\"@type\":\"BreadcrumbList\",\"@id\":\"https:\\\/\\\/denhelder.online\\\/wat-te-doen\\\/bezienswaardigheden\\\/natuur\\\/vogelspotten\\\/#breadcrumb\",\"itemListElement\":[{\"@type\":\"ListItem\",\"position\":1,\"name\":\"Home\",\"item\":\"https:\\\/\\\/denhelder.online\\\/\"},{\"@type\":\"ListItem\",\"position\":2,\"name\":\"Wat te doen\",\"item\":\"https:\\\/\\\/denhelder.online\\\/wat-te-doen\\\/\"},{\"@type\":\"ListItem\",\"position\":3,\"name\":\"Musea en Bezienswaardigheden\",\"item\":\"https:\\\/\\\/denhelder.online\\\/wat-te-doen\\\/bezienswaardigheden\\\/\"},{\"@type\":\"ListItem\",\"position\":4,\"name\":\"Natuur\",\"item\":\"https:\\\/\\\/denhelder.online\\\/wat-te-doen\\\/bezienswaardigheden\\\/natuur\\\/\"},{\"@type\":\"ListItem\",\"position\":5,\"name\":\"Balgzandpolder \u2013 Een paradijs voor vogels en rustzoekers\"}]},{\"@type\":\"WebSite\",\"@id\":\"https:\\\/\\\/denhelder.online\\\/#website\",\"url\":\"https:\\\/\\\/denhelder.online\\\/\",\"name\":\"Den Helder Online\",\"description\":\"Beleef Den Helder\",\"publisher\":{\"@id\":\"https:\\\/\\\/denhelder.online\\\/#organization\"},\"potentialAction\":[{\"@type\":\"SearchAction\",\"target\":{\"@type\":\"EntryPoint\",\"urlTemplate\":\"https:\\\/\\\/denhelder.online\\\/?s={search_term_string}\"},\"query-input\":{\"@type\":\"PropertyValueSpecification\",\"valueRequired\":true,\"valueName\":\"search_term_string\"}}],\"inLanguage\":\"de\"},{\"@type\":\"Organization\",\"@id\":\"https:\\\/\\\/denhelder.online\\\/#organization\",\"name\":\"Den Helder Online\",\"url\":\"https:\\\/\\\/denhelder.online\\\/\",\"logo\":{\"@type\":\"ImageObject\",\"inLanguage\":\"de\",\"@id\":\"https:\\\/\\\/denhelder.online\\\/#\\\/schema\\\/logo\\\/image\\\/\",\"url\":\"https:\\\/\\\/denhelder.online\\\/wp-content\\\/uploads\\\/2021\\\/12\\\/DitIsDH-Logo-26-tagline.svg\",\"contentUrl\":\"https:\\\/\\\/denhelder.online\\\/wp-content\\\/uploads\\\/2021\\\/12\\\/DitIsDH-Logo-26-tagline.svg\",\"width\":1717.0999999999999,\"height\":934.89999999999998,\"caption\":\"Den Helder Online\"},\"image\":{\"@id\":\"https:\\\/\\\/denhelder.online\\\/#\\\/schema\\\/logo\\\/image\\\/\"}}]}<\/script>\n<!-- \/ Yoast SEO Premium plugin. -->","yoast_head_json":{"title":"Einzigartiges Naturschutzgebiet in Den Helder: V\u00f6gel aus n\u00e4chster N\u00e4he beobachten","description":"Entdecken Sie den Balgzandpolder: ein friedliches Naturschutzgebiet in Den Helder, wo Sie besondere V\u00f6gel aus n\u00e4chster N\u00e4he beobachten k\u00f6nnen.","robots":{"index":"index","follow":"follow","max-snippet":"max-snippet:-1","max-image-preview":"max-image-preview:large","max-video-preview":"max-video-preview:-1"},"canonical":"https:\/\/denhelder.online\/de\/was-zu-tun\/sehenswurdigkeiten\/natur\/vogelbeobachtung\/","og_locale":"de_DE","og_type":"article","og_title":"Balgzandpolder \u2013 Een paradijs voor vogels en rustzoekers","og_description":"Ontdek de Balgzandpolder: een rustig natuurgebied in Den Helder waar je bijzondere vogels van dichtbij kunt zien","og_url":"https:\/\/denhelder.online\/de\/was-zu-tun\/sehenswurdigkeiten\/natur\/vogelbeobachtung\/","og_site_name":"Den Helder Online","article_modified_time":"2026-01-19T14:01:22+00:00","og_image":[{"width":1920,"height":2560,"url":"https:\/\/denhelder.online\/wp-content\/uploads\/2025\/02\/Balgzand-t-Kuitje-16-scaled.jpg","type":"image\/jpeg"}],"twitter_card":"summary_large_image","twitter_misc":{"Gesch\u00e4tzte Lesezeit":"2\u00a0Minuten"},"schema":{"@context":"https:\/\/schema.org","@graph":[{"@type":"WebPage","@id":"https:\/\/denhelder.online\/wat-te-doen\/bezienswaardigheden\/natuur\/vogelspotten\/","url":"https:\/\/denhelder.online\/wat-te-doen\/bezienswaardigheden\/natuur\/vogelspotten\/","name":"Einzigartiges Naturschutzgebiet in Den Helder: V\u00f6gel aus n\u00e4chster N\u00e4he beobachten","isPartOf":{"@id":"https:\/\/denhelder.online\/#website"},"primaryImageOfPage":{"@id":"https:\/\/denhelder.online\/wat-te-doen\/bezienswaardigheden\/natuur\/vogelspotten\/#primaryimage"},"image":{"@id":"https:\/\/denhelder.online\/wat-te-doen\/bezienswaardigheden\/natuur\/vogelspotten\/#primaryimage"},"thumbnailUrl":"https:\/\/denhelder.online\/wp-content\/uploads\/2025\/02\/Balgzand-t-Kuitje-16-scaled.jpg","datePublished":"2025-02-06T14:10:44+00:00","dateModified":"2026-01-19T14:01:22+00:00","description":"Entdecken Sie den Balgzandpolder: ein friedliches Naturschutzgebiet in Den Helder, wo Sie besondere V\u00f6gel aus n\u00e4chster N\u00e4he beobachten k\u00f6nnen.","breadcrumb":{"@id":"https:\/\/denhelder.online\/wat-te-doen\/bezienswaardigheden\/natuur\/vogelspotten\/#breadcrumb"},"inLanguage":"de","potentialAction":[{"@type":"ReadAction","target":["https:\/\/denhelder.online\/wat-te-doen\/bezienswaardigheden\/natuur\/vogelspotten\/"]}]},{"@type":"ImageObject","inLanguage":"de","@id":"https:\/\/denhelder.online\/wat-te-doen\/bezienswaardigheden\/natuur\/vogelspotten\/#primaryimage","url":"https:\/\/denhelder.online\/wp-content\/uploads\/2025\/02\/Balgzand-t-Kuitje-16-scaled.jpg","contentUrl":"https:\/\/denhelder.online\/wp-content\/uploads\/2025\/02\/Balgzand-t-Kuitje-16-scaled.jpg","width":1920,"height":2560,"caption":"Lepelaar op de balgzandpolder"},{"@type":"BreadcrumbList","@id":"https:\/\/denhelder.online\/wat-te-doen\/bezienswaardigheden\/natuur\/vogelspotten\/#breadcrumb","itemListElement":[{"@type":"ListItem","position":1,"name":"Home","item":"https:\/\/denhelder.online\/"},{"@type":"ListItem","position":2,"name":"Wat te doen","item":"https:\/\/denhelder.online\/wat-te-doen\/"},{"@type":"ListItem","position":3,"name":"Musea en Bezienswaardigheden","item":"https:\/\/denhelder.online\/wat-te-doen\/bezienswaardigheden\/"},{"@type":"ListItem","position":4,"name":"Natuur","item":"https:\/\/denhelder.online\/wat-te-doen\/bezienswaardigheden\/natuur\/"},{"@type":"ListItem","position":5,"name":"Balgzandpolder \u2013 Een paradijs voor vogels en rustzoekers"}]},{"@type":"WebSite","@id":"https:\/\/denhelder.online\/#website","url":"https:\/\/denhelder.online\/","name":"Den Helder Online","description":"Erleben Sie Den Helder","publisher":{"@id":"https:\/\/denhelder.online\/#organization"},"potentialAction":[{"@type":"SearchAction","target":{"@type":"EntryPoint","urlTemplate":"https:\/\/denhelder.online\/?s={search_term_string}"},"query-input":{"@type":"PropertyValueSpecification","valueRequired":true,"valueName":"search_term_string"}}],"inLanguage":"de"},{"@type":"Organization","@id":"https:\/\/denhelder.online\/#organization","name":"Den Helder Online","url":"https:\/\/denhelder.online\/","logo":{"@type":"ImageObject","inLanguage":"de","@id":"https:\/\/denhelder.online\/#\/schema\/logo\/image\/","url":"https:\/\/denhelder.online\/wp-content\/uploads\/2021\/12\/DitIsDH-Logo-26-tagline.svg","contentUrl":"https:\/\/denhelder.online\/wp-content\/uploads\/2021\/12\/DitIsDH-Logo-26-tagline.svg","width":1717.0999999999999,"height":934.89999999999998,"caption":"Den Helder Online"},"image":{"@id":"https:\/\/denhelder.online\/#\/schema\/logo\/image\/"}}]}},"_links":{"self":[{"href":"https:\/\/denhelder.online\/de\/wp-json\/wp\/v2\/pages\/6551","targetHints":{"allow":["GET"]}}],"collection":[{"href":"https:\/\/denhelder.online\/de\/wp-json\/wp\/v2\/pages"}],"about":[{"href":"https:\/\/denhelder.online\/de\/wp-json\/wp\/v2\/types\/page"}],"author":[{"embeddable":true,"href":"https:\/\/denhelder.online\/de\/wp-json\/wp\/v2\/users\/16"}],"replies":[{"embeddable":true,"href":"https:\/\/denhelder.online\/de\/wp-json\/wp\/v2\/comments?post=6551"}],"version-history":[{"count":0,"href":"https:\/\/denhelder.online\/de\/wp-json\/wp\/v2\/pages\/6551\/revisions"}],"up":[{"embeddable":true,"href":"https:\/\/denhelder.online\/de\/wp-json\/wp\/v2\/pages\/5587"}],"wp:featuredmedia":[{"embeddable":true,"href":"https:\/\/denhelder.online\/de\/wp-json\/wp\/v2\/media\/6722"}],"wp:attachment":[{"href":"https:\/\/denhelder.online\/de\/wp-json\/wp\/v2\/media?parent=6551"}],"wp:term":[{"taxonomy":"post_tag","embeddable":true,"href":"https:\/\/denhelder.online\/de\/wp-json\/wp\/v2\/tags?post=6551"},{"taxonomy":"doelgroep","embeddable":true,"href":"https:\/\/denhelder.online\/de\/wp-json\/wp\/v2\/doelgroep?post=6551"},{"taxonomy":"categorie","embeddable":true,"href":"https:\/\/denhelder.online\/de\/wp-json\/wp\/v2\/categorie?post=6551"}],"curies":[{"name":"wp","href":"https:\/\/api.w.org\/{rel}","templated":true}]}}