{"id":6677,"date":"2025-02-07T14:51:41","date_gmt":"2025-02-07T13:51:41","guid":{"rendered":"https:\/\/denhelder.online\/?page_id=6677"},"modified":"2026-01-15T11:34:29","modified_gmt":"2026-01-15T10:34:29","slug":"dorfstrase-julianadorp","status":"publish","type":"page","link":"https:\/\/denhelder.online\/de\/wat-te-doen\/sport-en-outdoor\/dorpsroute-julianadorp\/","title":{"rendered":"Dorfrundgang | Julianadorp"},"content":{"rendered":"<div data-elementor-type=\"wp-page\" data-elementor-id=\"6677\" class=\"elementor elementor-6677\" data-elementor-post-type=\"page\">\n\t\t\t\t<div class=\"elementor-element elementor-element-407bc9ff e-flex e-con-boxed e-con e-parent\" data-id=\"407bc9ff\" data-element_type=\"container\" data-e-type=\"container\" data-settings=\"{&quot;jet_parallax_layout_list&quot;:[]}\">\n\t\t\t\t\t<div class=\"e-con-inner\">\n\t\t<div class=\"elementor-element elementor-element-2862948e e-con-full e-flex e-con e-child\" data-id=\"2862948e\" data-element_type=\"container\" data-e-type=\"container\" data-settings=\"{&quot;jet_parallax_layout_list&quot;:[]}\">\n\t\t\t\t<div class=\"elementor-element elementor-element-535181e7 elementor-widget elementor-widget-breadcrumbs\" data-id=\"535181e7\" data-element_type=\"widget\" data-e-type=\"widget\" data-widget_type=\"breadcrumbs.default\">\n\t\t\t\t<div class=\"elementor-widget-container\">\n\t\t\t\t\t<p id=\"breadcrumbs\"><span><span><a href=\"https:\/\/denhelder.online\/de\/\">Heim<\/a><\/span><\/span><\/p>\t\t\t\t<\/div>\n\t\t\t\t<\/div>\n\t\t<div class=\"elementor-element elementor-element-1c889c1f e-con-full e-flex e-con e-child\" data-id=\"1c889c1f\" data-element_type=\"container\" data-e-type=\"container\" data-settings=\"{&quot;jet_parallax_layout_list&quot;:[]}\">\n\t\t\t\t<div class=\"elementor-element elementor-element-123dc38c elementor-widget elementor-widget-heading\" data-id=\"123dc38c\" data-element_type=\"widget\" data-e-type=\"widget\" data-widget_type=\"heading.default\">\n\t\t\t\t<div class=\"elementor-widget-container\">\n\t\t\t\t\t<p class=\"elementor-heading-title elementor-size-default\">Folgen Sie uns in den sozialen Netzwerken:<\/p>\t\t\t\t<\/div>\n\t\t\t\t<\/div>\n\t\t\t\t<div class=\"elementor-element elementor-element-7c4cc63f elementor-icon-list--layout-inline elementor-align-end elementor-list-item-link-full_width elementor-widget elementor-widget-global elementor-global-1176 elementor-widget-icon-list\" data-id=\"7c4cc63f\" data-element_type=\"widget\" data-e-type=\"widget\" data-widget_type=\"icon-list.default\">\n\t\t\t\t<div class=\"elementor-widget-container\">\n\t\t\t\t\t\t\t<ul class=\"elementor-icon-list-items elementor-inline-items\">\n\t\t\t\t\t\t\t<li class=\"elementor-icon-list-item elementor-inline-item\">\n\t\t\t\t\t\t\t\t\t\t\t<a href=\"https:\/\/www.facebook.com\/ditisdenhelder\" target=\"_blank\">\n\n\t\t\t\t\t\t\t\t\t\t\t\t<span class=\"elementor-icon-list-icon\">\n\t\t\t\t\t\t\t<i aria-hidden=\"true\" class=\"fab fa-facebook\"><\/i>\t\t\t\t\t\t<\/span>\n\t\t\t\t\t\t\t\t\t\t<span class=\"elementor-icon-list-text\"><\/span>\n\t\t\t\t\t\t\t\t\t\t\t<\/a>\n\t\t\t\t\t\t\t\t\t<\/li>\n\t\t\t\t\t\t\t\t<li class=\"elementor-icon-list-item elementor-inline-item\">\n\t\t\t\t\t\t\t\t\t\t\t<a href=\"https:\/\/www.instagram.com\/ditisdenhelder\/\" target=\"_blank\">\n\n\t\t\t\t\t\t\t\t\t\t\t\t<span class=\"elementor-icon-list-icon\">\n\t\t\t\t\t\t\t<i aria-hidden=\"true\" class=\"fab fa-instagram\"><\/i>\t\t\t\t\t\t<\/span>\n\t\t\t\t\t\t\t\t\t\t<span class=\"elementor-icon-list-text\"><\/span>\n\t\t\t\t\t\t\t\t\t\t\t<\/a>\n\t\t\t\t\t\t\t\t\t<\/li>\n\t\t\t\t\t\t\t\t<li class=\"elementor-icon-list-item elementor-inline-item\">\n\t\t\t\t\t\t\t\t\t\t\t<a href=\"https:\/\/www.youtube.com\/channel\/UCxXdcocRQwb3lDwiYBp3llg\" target=\"_blank\">\n\n\t\t\t\t\t\t\t\t\t\t\t\t<span class=\"elementor-icon-list-icon\">\n\t\t\t\t\t\t\t<i aria-hidden=\"true\" class=\"fab fa-youtube\"><\/i>\t\t\t\t\t\t<\/span>\n\t\t\t\t\t\t\t\t\t\t<span class=\"elementor-icon-list-text\"><\/span>\n\t\t\t\t\t\t\t\t\t\t\t<\/a>\n\t\t\t\t\t\t\t\t\t<\/li>\n\t\t\t\t\t\t\t\t<li class=\"elementor-icon-list-item elementor-inline-item\">\n\t\t\t\t\t\t\t\t\t\t\t<a href=\"https:\/\/www.linkedin.com\/company\/citymarketing-den-helder\" target=\"_blank\">\n\n\t\t\t\t\t\t\t\t\t\t\t\t<span class=\"elementor-icon-list-icon\">\n\t\t\t\t\t\t\t<i aria-hidden=\"true\" class=\"fab fa-linkedin-in\"><\/i>\t\t\t\t\t\t<\/span>\n\t\t\t\t\t\t\t\t\t\t<span class=\"elementor-icon-list-text\"><\/span>\n\t\t\t\t\t\t\t\t\t\t\t<\/a>\n\t\t\t\t\t\t\t\t\t<\/li>\n\t\t\t\t\t\t<\/ul>\n\t\t\t\t\t\t<\/div>\n\t\t\t\t<\/div>\n\t\t\t\t<\/div>\n\t\t\t\t<\/div>\n\t\t\t\t\t<\/div>\n\t\t\t\t<\/div>\n\t\t<div class=\"elementor-element elementor-element-6e60bd05 e-flex e-con-boxed e-con e-parent\" data-id=\"6e60bd05\" data-element_type=\"container\" data-e-type=\"container\" data-settings=\"{&quot;jet_parallax_layout_list&quot;:[]}\">\n\t\t\t\t\t<div class=\"e-con-inner\">\n\t\t<div class=\"elementor-element elementor-element-182be4d1 e-con-full e-flex e-con e-child\" data-id=\"182be4d1\" data-element_type=\"container\" data-e-type=\"container\" data-settings=\"{&quot;jet_parallax_layout_list&quot;:[]}\">\n\t\t\t\t<div class=\"elementor-element elementor-element-1ab466d8 elementor-widget__width-inherit elementor-widget elementor-widget-heading\" data-id=\"1ab466d8\" data-element_type=\"widget\" data-e-type=\"widget\" data-widget_type=\"heading.default\">\n\t\t\t\t<div class=\"elementor-widget-container\">\n\t\t\t\t\t<h1 class=\"elementor-heading-title elementor-size-default\">Dorfrundgang | Julianadorp<\/h1>\t\t\t\t<\/div>\n\t\t\t\t<\/div>\n\t\t\t\t<div class=\"elementor-element elementor-element-ed76067 elementor-widget elementor-widget-text-editor\" data-id=\"ed76067\" data-element_type=\"widget\" data-e-type=\"widget\" data-widget_type=\"text-editor.default\">\n\t\t\t\t<div class=\"elementor-widget-container\">\n\t\t\t\t\t\t\t\t\t<p><strong>Eine Kanufahrt durch die Geschichte von Julianadorp<\/strong><br \/>Steigen Sie in Ihr Kanu und entdecken Sie die Dorfroute \u2013 eine einzigartige Bootsfahrt vorbei am malerischen Dorf Julianadorp. Hier lie\u00dfen sich Anfang des 20. Jahrhunderts die ersten Blumenzwiebelz\u00fcchter aus der Gegend um Haarlem und Lisse nieder. W\u00e4hrend Ihrer Paddeltour sehen Sie die Landschaft, die sie einst anzog: weite Polder, charmante Dorfansichten und, zur richtigen Jahreszeit, ein Meer aus farbenpr\u00e4chtigen Blumen. Die Ruhe auf dem Wasser und der Duft der Blumenzwiebelfelder machen diese Fahrt zu einem entspannenden und unvergesslichen Erlebnis.<\/p>\t\t\t\t\t\t\t\t<\/div>\n\t\t\t\t<\/div>\n\t\t<div class=\"elementor-element elementor-element-3c889ad0 e-con-full e-flex e-con e-child\" data-id=\"3c889ad0\" data-element_type=\"container\" data-e-type=\"container\" data-settings=\"{&quot;jet_parallax_layout_list&quot;:[]}\">\n\t\t\t\t<div class=\"elementor-element elementor-element-6c8468d3 elementor-mobile-align-justify elementor-widget-mobile__width-inherit elementor-tablet-align-justify elementor-widget elementor-widget-button\" data-id=\"6c8468d3\" data-element_type=\"widget\" data-e-type=\"widget\" data-widget_type=\"button.default\">\n\t\t\t\t<div class=\"elementor-widget-container\">\n\t\t\t\t\t\t\t\t\t<div class=\"elementor-button-wrapper\">\n\t\t\t\t\t<a class=\"elementor-button elementor-button-link elementor-size-sm\" href=\"#\">\n\t\t\t\t\t\t<span class=\"elementor-button-content-wrapper\">\n\t\t\t\t\t\t<span class=\"elementor-button-icon\">\n\t\t\t\t<i aria-hidden=\"true\" class=\"fas fa-chevron-right\"><\/i>\t\t\t<\/span>\n\t\t\t\t\t\t\t\t\t<span class=\"elementor-button-text\">Route<\/span>\n\t\t\t\t\t<\/span>\n\t\t\t\t\t<\/a>\n\t\t\t\t<\/div>\n\t\t\t\t\t\t\t\t<\/div>\n\t\t\t\t<\/div>\n\t\t\t\t<\/div>\n\t\t\t\t<\/div>\n\t\t<div class=\"elementor-element elementor-element-d902aa1 e-con-full e-flex e-con e-child\" data-id=\"d902aa1\" data-element_type=\"container\" data-e-type=\"container\" data-settings=\"{&quot;jet_parallax_layout_list&quot;:[]}\">\n\t\t\t\t<div class=\"elementor-element elementor-element-70faf684 elementor-widget elementor-widget-image\" data-id=\"70faf684\" data-element_type=\"widget\" data-e-type=\"widget\" data-widget_type=\"image.default\">\n\t\t\t\t<div class=\"elementor-widget-container\">\n\t\t\t\t\t\t\t\t\t\t\t\t\t\t\t<img fetchpriority=\"high\" decoding=\"async\" width=\"800\" height=\"598\" src=\"https:\/\/denhelder.online\/wp-content\/uploads\/2025\/02\/Kano-Julianadorp-1024x765.jpg\" class=\"attachment-large size-large wp-image-6683\" alt=\"Kanu-Dorfroute Julianadorp\" srcset=\"https:\/\/denhelder.online\/wp-content\/uploads\/2025\/02\/Kano-Julianadorp-1024x765.jpg 1024w, https:\/\/denhelder.online\/wp-content\/uploads\/2025\/02\/Kano-Julianadorp-300x224.jpg 300w, https:\/\/denhelder.online\/wp-content\/uploads\/2025\/02\/Kano-Julianadorp-768x574.jpg 768w, https:\/\/denhelder.online\/wp-content\/uploads\/2025\/02\/Kano-Julianadorp-600x448.jpg 600w, https:\/\/denhelder.online\/wp-content\/uploads\/2025\/02\/Kano-Julianadorp.jpg 1296w\" sizes=\"(max-width: 800px) 100vw, 800px\" \/>\t\t\t\t\t\t\t\t\t\t\t\t\t\t\t<\/div>\n\t\t\t\t<\/div>\n\t\t\t\t<\/div>\n\t\t\t\t\t<\/div>\n\t\t\t\t<\/div>\n\t\t\t\t<\/div>","protected":false},"excerpt":{"rendered":"<p>Volg ons op social: \u00a0 \u00a0 \u00a0 \u00a0 Dorpsroute | Julianadorp Kano\u00ebn door de geschiedenis van Julianadorp Stap in je kano en ontdek de dorpsroute, een unieke vaartocht langs het schilderachtige Julianadorp. Hier vestigden de eerste bloembollentelers zich in de vroege 20e eeuw, afkomstig uit de omgeving van Haarlem en Lisse. Terwijl je peddelt, zie [&hellip;]<\/p>\n","protected":false},"author":17,"featured_media":6683,"parent":9674,"menu_order":0,"comment_status":"closed","ping_status":"closed","template":"elementor_header_footer","meta":{"footnotes":""},"tags":[],"doelgroep":[],"categorie":[],"class_list":["post-6677","page","type-page","status-publish","has-post-thumbnail","hentry"],"yoast_head":"<!-- This site is optimized with the Yoast SEO Premium plugin v24.7 (Yoast SEO v27.5) - https:\/\/yoast.com\/product\/yoast-seo-premium-wordpress\/ -->\n<title>Kano\u00ebn door Julianadorp: ontdek de dorpsroute<\/title>\n<meta name=\"description\" content=\"Geniet van een kano-avontuur langs Julianadorp. Rust, natuur en kleurrijke bloemen maken deze route tot een onvergetelijke ervaring.\" \/>\n<meta name=\"robots\" content=\"index, follow, max-snippet:-1, max-image-preview:large, max-video-preview:-1\" \/>\n<link rel=\"canonical\" href=\"https:\/\/denhelder.online\/de\/was-zu-tun\/sport-und-outdoor\/dorfstrase-julianadorp\/\" \/>\n<meta property=\"og:locale\" content=\"de_DE\" \/>\n<meta property=\"og:type\" content=\"article\" \/>\n<meta property=\"og:title\" content=\"Dorpsroute | Julianadorp\" \/>\n<meta property=\"og:description\" content=\"Geniet van een kano-avontuur langs Julianadorp. Rust, natuur en kleurrijke bloemen maken deze route tot een onvergetelijke ervaring.\" \/>\n<meta property=\"og:url\" content=\"https:\/\/denhelder.online\/de\/was-zu-tun\/sport-und-outdoor\/dorfstrase-julianadorp\/\" \/>\n<meta property=\"og:site_name\" content=\"Den Helder Online\" \/>\n<meta property=\"article:modified_time\" content=\"2026-01-15T10:34:29+00:00\" \/>\n<meta property=\"og:image\" content=\"https:\/\/denhelder.online\/wp-content\/uploads\/2025\/02\/Kano-Julianadorp.jpg\" \/>\n\t<meta property=\"og:image:width\" content=\"1296\" \/>\n\t<meta property=\"og:image:height\" content=\"968\" \/>\n\t<meta property=\"og:image:type\" content=\"image\/jpeg\" \/>\n<meta name=\"twitter:card\" content=\"summary_large_image\" \/>\n<meta name=\"twitter:label1\" content=\"Gesch\u00e4tzte Lesezeit\" \/>\n\t<meta name=\"twitter:data1\" content=\"1\u00a0Minute\" \/>\n<script type=\"application\/ld+json\" class=\"yoast-schema-graph\">{\"@context\":\"https:\\\/\\\/schema.org\",\"@graph\":[{\"@type\":\"WebPage\",\"@id\":\"https:\\\/\\\/denhelder.online\\\/de\\\/was-zu-tun\\\/sport-und-outdoor\\\/dorfstrase-julianadorp\\\/\",\"url\":\"https:\\\/\\\/denhelder.online\\\/de\\\/was-zu-tun\\\/sport-und-outdoor\\\/dorfstrase-julianadorp\\\/\",\"name\":\"Kano\u00ebn door Julianadorp: ontdek de dorpsroute\",\"isPartOf\":{\"@id\":\"https:\\\/\\\/denhelder.online\\\/#website\"},\"primaryImageOfPage\":{\"@id\":\"https:\\\/\\\/denhelder.online\\\/de\\\/was-zu-tun\\\/sport-und-outdoor\\\/dorfstrase-julianadorp\\\/#primaryimage\"},\"image\":{\"@id\":\"https:\\\/\\\/denhelder.online\\\/de\\\/was-zu-tun\\\/sport-und-outdoor\\\/dorfstrase-julianadorp\\\/#primaryimage\"},\"thumbnailUrl\":\"https:\\\/\\\/denhelder.online\\\/wp-content\\\/uploads\\\/2025\\\/02\\\/Kano-Julianadorp.jpg\",\"datePublished\":\"2025-02-07T13:51:41+00:00\",\"dateModified\":\"2026-01-15T10:34:29+00:00\",\"description\":\"Geniet van een kano-avontuur langs Julianadorp. Rust, natuur en kleurrijke bloemen maken deze route tot een onvergetelijke ervaring.\",\"breadcrumb\":{\"@id\":\"https:\\\/\\\/denhelder.online\\\/de\\\/was-zu-tun\\\/sport-und-outdoor\\\/dorfstrase-julianadorp\\\/#breadcrumb\"},\"inLanguage\":\"de\",\"potentialAction\":[{\"@type\":\"ReadAction\",\"target\":[\"https:\\\/\\\/denhelder.online\\\/de\\\/was-zu-tun\\\/sport-und-outdoor\\\/dorfstrase-julianadorp\\\/\"]}]},{\"@type\":\"ImageObject\",\"inLanguage\":\"de\",\"@id\":\"https:\\\/\\\/denhelder.online\\\/de\\\/was-zu-tun\\\/sport-und-outdoor\\\/dorfstrase-julianadorp\\\/#primaryimage\",\"url\":\"https:\\\/\\\/denhelder.online\\\/wp-content\\\/uploads\\\/2025\\\/02\\\/Kano-Julianadorp.jpg\",\"contentUrl\":\"https:\\\/\\\/denhelder.online\\\/wp-content\\\/uploads\\\/2025\\\/02\\\/Kano-Julianadorp.jpg\",\"width\":1296,\"height\":968,\"caption\":\"Kano dorpsroute julianadorp\"},{\"@type\":\"BreadcrumbList\",\"@id\":\"https:\\\/\\\/denhelder.online\\\/de\\\/was-zu-tun\\\/sport-und-outdoor\\\/dorfstrase-julianadorp\\\/#breadcrumb\",\"itemListElement\":[{\"@type\":\"ListItem\",\"position\":1,\"name\":\"Home\",\"item\":\"https:\\\/\\\/denhelder.online\\\/\"},{\"@type\":\"ListItem\",\"position\":2,\"name\":\"Wat te doen\",\"item\":\"https:\\\/\\\/denhelder.online\\\/wat-te-doen\\\/\"},{\"@type\":\"ListItem\",\"position\":3,\"name\":\"Sport en outdoor\",\"item\":\"https:\\\/\\\/denhelder.online\\\/en\\\/what-to-do\\\/sports-and-outdoor\\\/\"},{\"@type\":\"ListItem\",\"position\":4,\"name\":\"Dorpsroute | Julianadorp\"}]},{\"@type\":\"WebSite\",\"@id\":\"https:\\\/\\\/denhelder.online\\\/#website\",\"url\":\"https:\\\/\\\/denhelder.online\\\/\",\"name\":\"Den Helder Online\",\"description\":\"Beleef Den Helder\",\"publisher\":{\"@id\":\"https:\\\/\\\/denhelder.online\\\/#organization\"},\"potentialAction\":[{\"@type\":\"SearchAction\",\"target\":{\"@type\":\"EntryPoint\",\"urlTemplate\":\"https:\\\/\\\/denhelder.online\\\/?s={search_term_string}\"},\"query-input\":{\"@type\":\"PropertyValueSpecification\",\"valueRequired\":true,\"valueName\":\"search_term_string\"}}],\"inLanguage\":\"de\"},{\"@type\":\"Organization\",\"@id\":\"https:\\\/\\\/denhelder.online\\\/#organization\",\"name\":\"Den Helder Online\",\"url\":\"https:\\\/\\\/denhelder.online\\\/\",\"logo\":{\"@type\":\"ImageObject\",\"inLanguage\":\"de\",\"@id\":\"https:\\\/\\\/denhelder.online\\\/#\\\/schema\\\/logo\\\/image\\\/\",\"url\":\"https:\\\/\\\/denhelder.online\\\/wp-content\\\/uploads\\\/2021\\\/12\\\/DitIsDH-Logo-26-tagline.svg\",\"contentUrl\":\"https:\\\/\\\/denhelder.online\\\/wp-content\\\/uploads\\\/2021\\\/12\\\/DitIsDH-Logo-26-tagline.svg\",\"width\":1717.0999999999999,\"height\":934.89999999999998,\"caption\":\"Den Helder Online\"},\"image\":{\"@id\":\"https:\\\/\\\/denhelder.online\\\/#\\\/schema\\\/logo\\\/image\\\/\"}}]}<\/script>\n<!-- \/ Yoast SEO Premium plugin. -->","yoast_head_json":{"title":"Kanufahren durch Julianadorp: Entdecken Sie die Dorfroute","description":"Erleben Sie ein Kanuabenteuer entlang des Julianadorp-Passes. Ruhe, Natur und farbenpr\u00e4chtige Blumen machen diese Route zu einem unvergesslichen Erlebnis.","robots":{"index":"index","follow":"follow","max-snippet":"max-snippet:-1","max-image-preview":"max-image-preview:large","max-video-preview":"max-video-preview:-1"},"canonical":"https:\/\/denhelder.online\/de\/was-zu-tun\/sport-und-outdoor\/dorfstrase-julianadorp\/","og_locale":"de_DE","og_type":"article","og_title":"Dorpsroute | Julianadorp","og_description":"Geniet van een kano-avontuur langs Julianadorp. Rust, natuur en kleurrijke bloemen maken deze route tot een onvergetelijke ervaring.","og_url":"https:\/\/denhelder.online\/de\/was-zu-tun\/sport-und-outdoor\/dorfstrase-julianadorp\/","og_site_name":"Den Helder Online","article_modified_time":"2026-01-15T10:34:29+00:00","og_image":[{"width":1296,"height":968,"url":"https:\/\/denhelder.online\/wp-content\/uploads\/2025\/02\/Kano-Julianadorp.jpg","type":"image\/jpeg"}],"twitter_card":"summary_large_image","twitter_misc":{"Gesch\u00e4tzte Lesezeit":"1\u00a0Minute"},"schema":{"@context":"https:\/\/schema.org","@graph":[{"@type":"WebPage","@id":"https:\/\/denhelder.online\/de\/was-zu-tun\/sport-und-outdoor\/dorfstrase-julianadorp\/","url":"https:\/\/denhelder.online\/de\/was-zu-tun\/sport-und-outdoor\/dorfstrase-julianadorp\/","name":"Kanufahren durch Julianadorp: Entdecken Sie die Dorfroute","isPartOf":{"@id":"https:\/\/denhelder.online\/#website"},"primaryImageOfPage":{"@id":"https:\/\/denhelder.online\/de\/was-zu-tun\/sport-und-outdoor\/dorfstrase-julianadorp\/#primaryimage"},"image":{"@id":"https:\/\/denhelder.online\/de\/was-zu-tun\/sport-und-outdoor\/dorfstrase-julianadorp\/#primaryimage"},"thumbnailUrl":"https:\/\/denhelder.online\/wp-content\/uploads\/2025\/02\/Kano-Julianadorp.jpg","datePublished":"2025-02-07T13:51:41+00:00","dateModified":"2026-01-15T10:34:29+00:00","description":"Erleben Sie ein Kanuabenteuer entlang des Julianadorp-Passes. Ruhe, Natur und farbenpr\u00e4chtige Blumen machen diese Route zu einem unvergesslichen Erlebnis.","breadcrumb":{"@id":"https:\/\/denhelder.online\/de\/was-zu-tun\/sport-und-outdoor\/dorfstrase-julianadorp\/#breadcrumb"},"inLanguage":"de","potentialAction":[{"@type":"ReadAction","target":["https:\/\/denhelder.online\/de\/was-zu-tun\/sport-und-outdoor\/dorfstrase-julianadorp\/"]}]},{"@type":"ImageObject","inLanguage":"de","@id":"https:\/\/denhelder.online\/de\/was-zu-tun\/sport-und-outdoor\/dorfstrase-julianadorp\/#primaryimage","url":"https:\/\/denhelder.online\/wp-content\/uploads\/2025\/02\/Kano-Julianadorp.jpg","contentUrl":"https:\/\/denhelder.online\/wp-content\/uploads\/2025\/02\/Kano-Julianadorp.jpg","width":1296,"height":968,"caption":"Kano dorpsroute julianadorp"},{"@type":"BreadcrumbList","@id":"https:\/\/denhelder.online\/de\/was-zu-tun\/sport-und-outdoor\/dorfstrase-julianadorp\/#breadcrumb","itemListElement":[{"@type":"ListItem","position":1,"name":"Home","item":"https:\/\/denhelder.online\/"},{"@type":"ListItem","position":2,"name":"Wat te doen","item":"https:\/\/denhelder.online\/wat-te-doen\/"},{"@type":"ListItem","position":3,"name":"Sport en outdoor","item":"https:\/\/denhelder.online\/en\/what-to-do\/sports-and-outdoor\/"},{"@type":"ListItem","position":4,"name":"Dorpsroute | Julianadorp"}]},{"@type":"WebSite","@id":"https:\/\/denhelder.online\/#website","url":"https:\/\/denhelder.online\/","name":"Den Helder Online","description":"Erleben Sie Den Helder","publisher":{"@id":"https:\/\/denhelder.online\/#organization"},"potentialAction":[{"@type":"SearchAction","target":{"@type":"EntryPoint","urlTemplate":"https:\/\/denhelder.online\/?s={search_term_string}"},"query-input":{"@type":"PropertyValueSpecification","valueRequired":true,"valueName":"search_term_string"}}],"inLanguage":"de"},{"@type":"Organization","@id":"https:\/\/denhelder.online\/#organization","name":"Den Helder Online","url":"https:\/\/denhelder.online\/","logo":{"@type":"ImageObject","inLanguage":"de","@id":"https:\/\/denhelder.online\/#\/schema\/logo\/image\/","url":"https:\/\/denhelder.online\/wp-content\/uploads\/2021\/12\/DitIsDH-Logo-26-tagline.svg","contentUrl":"https:\/\/denhelder.online\/wp-content\/uploads\/2021\/12\/DitIsDH-Logo-26-tagline.svg","width":1717.0999999999999,"height":934.89999999999998,"caption":"Den Helder Online"},"image":{"@id":"https:\/\/denhelder.online\/#\/schema\/logo\/image\/"}}]}},"_links":{"self":[{"href":"https:\/\/denhelder.online\/de\/wp-json\/wp\/v2\/pages\/6677","targetHints":{"allow":["GET"]}}],"collection":[{"href":"https:\/\/denhelder.online\/de\/wp-json\/wp\/v2\/pages"}],"about":[{"href":"https:\/\/denhelder.online\/de\/wp-json\/wp\/v2\/types\/page"}],"author":[{"embeddable":true,"href":"https:\/\/denhelder.online\/de\/wp-json\/wp\/v2\/users\/17"}],"replies":[{"embeddable":true,"href":"https:\/\/denhelder.online\/de\/wp-json\/wp\/v2\/comments?post=6677"}],"version-history":[{"count":0,"href":"https:\/\/denhelder.online\/de\/wp-json\/wp\/v2\/pages\/6677\/revisions"}],"up":[{"embeddable":true,"href":"https:\/\/denhelder.online\/de\/wp-json\/wp\/v2\/pages\/9674"}],"wp:featuredmedia":[{"embeddable":true,"href":"https:\/\/denhelder.online\/de\/wp-json\/wp\/v2\/media\/6683"}],"wp:attachment":[{"href":"https:\/\/denhelder.online\/de\/wp-json\/wp\/v2\/media?parent=6677"}],"wp:term":[{"taxonomy":"post_tag","embeddable":true,"href":"https:\/\/denhelder.online\/de\/wp-json\/wp\/v2\/tags?post=6677"},{"taxonomy":"doelgroep","embeddable":true,"href":"https:\/\/denhelder.online\/de\/wp-json\/wp\/v2\/doelgroep?post=6677"},{"taxonomy":"categorie","embeddable":true,"href":"https:\/\/denhelder.online\/de\/wp-json\/wp\/v2\/categorie?post=6677"}],"curies":[{"name":"wp","href":"https:\/\/api.w.org\/{rel}","templated":true}]}}