{"id":6766,"date":"2025-02-13T12:51:36","date_gmt":"2025-02-13T11:51:36","guid":{"rendered":"https:\/\/denhelder.online\/?page_id=6766"},"modified":"2026-01-19T14:58:39","modified_gmt":"2026-01-19T13:58:39","slug":"dunkle-dunen","status":"publish","type":"page","link":"https:\/\/denhelder.online\/de\/wat-te-doen\/bezienswaardigheden\/natuur\/donkere-duinen\/","title":{"rendered":"Die Dunklen D\u00fcnen in Den Helder"},"content":{"rendered":"<div data-elementor-type=\"wp-page\" data-elementor-id=\"6766\" class=\"elementor elementor-6766\" data-elementor-post-type=\"page\">\n\t\t\t\t<div class=\"elementor-element elementor-element-4eee27c5 e-flex e-con-boxed e-con e-parent\" data-id=\"4eee27c5\" data-element_type=\"container\" data-e-type=\"container\" data-settings=\"{&quot;jet_parallax_layout_list&quot;:[]}\">\n\t\t\t\t\t<div class=\"e-con-inner\">\n\t\t<div class=\"elementor-element elementor-element-5bc35794 e-con-full e-flex e-con e-child\" data-id=\"5bc35794\" data-element_type=\"container\" data-e-type=\"container\" data-settings=\"{&quot;jet_parallax_layout_list&quot;:[]}\">\n\t\t\t\t<div class=\"elementor-element elementor-element-32b71574 elementor-widget__width-inherit elementor-widget elementor-widget-heading\" data-id=\"32b71574\" data-element_type=\"widget\" data-e-type=\"widget\" data-widget_type=\"heading.default\">\n\t\t\t\t<div class=\"elementor-widget-container\">\n\t\t\t\t\t<span class=\"elementor-heading-title elementor-size-default\">Wald der dunklen D\u00fcnen<\/span>\t\t\t\t<\/div>\n\t\t\t\t<\/div>\n\t\t\t\t<div class=\"elementor-element elementor-element-70745549 elementor-widget__width-inherit elementor-widget elementor-widget-heading\" data-id=\"70745549\" data-element_type=\"widget\" data-e-type=\"widget\" data-widget_type=\"heading.default\">\n\t\t\t\t<div class=\"elementor-widget-container\">\n\t\t\t\t\t<h2 class=\"elementor-heading-title elementor-size-default\">Entdecken Sie die Natur in Ihrem eigenen Tempo<\/h2>\t\t\t\t<\/div>\n\t\t\t\t<\/div>\n\t\t\t\t<div class=\"elementor-element elementor-element-2b1843dd elementor-widget elementor-widget-text-editor\" data-id=\"2b1843dd\" data-element_type=\"widget\" data-e-type=\"widget\" data-widget_type=\"text-editor.default\">\n\t\t\t\t<div class=\"elementor-widget-container\">\n\t\t\t\t\t\t\t\t\t<p data-start=\"82\" data-end=\"371\">Mitten im Den Helder liegt der Wald De Donkere Duinen, eine wundersch\u00f6ne Gr\u00fcnanlage. Hier k\u00f6nnen Sie herrliche Spazierg\u00e4nge genie\u00dfen und die Ruhe und Stille erleben. Dieser angepflanzte Kiefernwald wird durch sorgf\u00e4ltige Pflege immer naturn\u00e4her. Sie finden hier verschlungene Pfade, hohe B\u00e4ume und einen idyllischen Ententeich.<\/p><p data-start=\"373\" data-end=\"614\">Dieser Wald ist ein Paradies f\u00fcr Vogelliebhaber. Zwischen den Zweigen lassen sich Haubenmeisen, Schwanzmeisen, Bauml\u00e4ufer und Wintergoldh\u00e4hnchen beobachten. Im Herbst findet man zudem unz\u00e4hlige Pilze auf dem feuchten Waldboden. Jeder Spaziergang bietet neue Entdeckungen.<\/p><p data-start=\"616\" data-end=\"959\">Auch Familien f\u00fchlen sich hier wohl. Kinder k\u00f6nnen sicher spielen, V\u00f6gel beobachten oder Abenteuer zwischen den B\u00e4umen erleben. Die gut ausgebauten Wege f\u00fchren zu den sch\u00f6nsten Pl\u00e4tzen. Und der Wald ist ganz in der N\u00e4he. <strong>Das Klettertal<\/strong>, <a href=\"https:\/\/denhelder.online\/de\/natur\/klares-tal\/\"><strong>Das Helderse Tal<\/strong> <\/a>Und <strong>Pfannkuchenrestaurant De Pannenkoekenvallei<\/strong>. Perfekt, um den Tag in der Natur ausklingen zu lassen.<\/p>\t\t\t\t\t\t\t\t<\/div>\n\t\t\t\t<\/div>\n\t\t<div class=\"elementor-element elementor-element-74700965 e-con-full e-flex e-con e-child\" data-id=\"74700965\" data-element_type=\"container\" data-e-type=\"container\" data-settings=\"{&quot;jet_parallax_layout_list&quot;:[]}\">\n\t\t\t\t<div class=\"elementor-element elementor-element-36d3bcc0 elementor-mobile-align-justify elementor-widget-mobile__width-inherit elementor-tablet-align-justify elementor-widget elementor-widget-button\" data-id=\"36d3bcc0\" data-element_type=\"widget\" data-e-type=\"widget\" data-widget_type=\"button.default\">\n\t\t\t\t<div class=\"elementor-widget-container\">\n\t\t\t\t\t\t\t\t\t<div class=\"elementor-button-wrapper\">\n\t\t\t\t\t<a class=\"elementor-button elementor-button-link elementor-size-sm\" href=\"#\">\n\t\t\t\t\t\t<span class=\"elementor-button-content-wrapper\">\n\t\t\t\t\t\t<span class=\"elementor-button-icon\">\n\t\t\t\t<i aria-hidden=\"true\" class=\"fas fa-chevron-right\"><\/i>\t\t\t<\/span>\n\t\t\t\t\t\t\t\t\t<span class=\"elementor-button-text\">Prim\u00e4re Schaltfl\u00e4che<\/span>\n\t\t\t\t\t<\/span>\n\t\t\t\t\t<\/a>\n\t\t\t\t<\/div>\n\t\t\t\t\t\t\t\t<\/div>\n\t\t\t\t<\/div>\n\t\t\t\t<\/div>\n\t\t\t\t<\/div>\n\t\t<div class=\"elementor-element elementor-element-3e391864 e-con-full e-flex e-con e-child\" data-id=\"3e391864\" data-element_type=\"container\" data-e-type=\"container\" data-settings=\"{&quot;jet_parallax_layout_list&quot;:[]}\">\n\t\t\t\t<div class=\"elementor-element elementor-element-2d302be6 elementor-widget elementor-widget-image\" data-id=\"2d302be6\" data-element_type=\"widget\" data-e-type=\"widget\" data-widget_type=\"image.default\">\n\t\t\t\t<div class=\"elementor-widget-container\">\n\t\t\t\t\t\t\t\t\t\t\t\t\t\t\t<img fetchpriority=\"high\" decoding=\"async\" width=\"800\" height=\"450\" src=\"https:\/\/denhelder.online\/wp-content\/uploads\/2025\/02\/bosDonkereDuinen.jpg\" class=\"attachment-large size-large wp-image-6768\" alt=\"Wald die dunklen D\u00fcnen\" srcset=\"https:\/\/denhelder.online\/wp-content\/uploads\/2025\/02\/bosDonkereDuinen.jpg 1024w, https:\/\/denhelder.online\/wp-content\/uploads\/2025\/02\/bosDonkereDuinen-300x169.jpg 300w, https:\/\/denhelder.online\/wp-content\/uploads\/2025\/02\/bosDonkereDuinen-768x432.jpg 768w, https:\/\/denhelder.online\/wp-content\/uploads\/2025\/02\/bosDonkereDuinen-600x338.jpg 600w\" sizes=\"(max-width: 800px) 100vw, 800px\" \/>\t\t\t\t\t\t\t\t\t\t\t\t\t\t\t<\/div>\n\t\t\t\t<\/div>\n\t\t\t\t<\/div>\n\t\t\t\t\t<\/div>\n\t\t\t\t<\/div>\n\t\t\t\t<\/div>","protected":false},"excerpt":{"rendered":"<p>Bos de Donkere Duinen Ontdek de natuur op jouw tempo Midden in Den Helder ligt Bos De Donkere Duinen, een prachtig groen gebied. Hier kun je heerlijk wandelen en genieten van rust en natuur. Dit aangeplante dennenbos wordt steeds natuurlijker door zorgvuldig beheer. Je vindt er kronkelende paden, hoge bomen en een sfeervolle eendenvijver. Voor [&hellip;]<\/p>\n","protected":false},"author":16,"featured_media":6768,"parent":5587,"menu_order":0,"comment_status":"closed","ping_status":"closed","template":"elementor_header_footer","meta":{"footnotes":""},"tags":[],"doelgroep":[6027,6029],"categorie":[],"class_list":["post-6766","page","type-page","status-publish","has-post-thumbnail","hentry","doelgroep-inwoner","doelgroep-toerist"],"yoast_head":"<!-- This site is optimized with the Yoast SEO Premium plugin v24.7 (Yoast SEO v27.4) - https:\/\/yoast.com\/product\/yoast-seo-premium-wordpress\/ -->\n<title>Wandelen in Bos De Donkere Duinen in Den Helder<\/title>\n<meta name=\"description\" content=\"Bos De Donkere Duinen biedt wandelpaden, vogelspotplekken en een sfeervolle eendenvijver. Een fijne plek voor natuurliefhebbers en gezinnen!\" \/>\n<meta name=\"robots\" content=\"index, follow, max-snippet:-1, max-image-preview:large, max-video-preview:-1\" \/>\n<link rel=\"canonical\" href=\"https:\/\/denhelder.online\/de\/was-zu-tun\/sehenswurdigkeiten\/natur\/dunkle-dunen\/\" \/>\n<meta property=\"og:locale\" content=\"de_DE\" \/>\n<meta property=\"og:type\" content=\"article\" \/>\n<meta property=\"og:title\" content=\"De Donkere Duinen in Den Helder\" \/>\n<meta property=\"og:description\" content=\"Bos De Donkere Duinen biedt wandelpaden, vogelspotplekken en een sfeervolle eendenvijver. Een fijne plek voor natuurliefhebbers en gezinnen!\" \/>\n<meta property=\"og:url\" content=\"https:\/\/denhelder.online\/de\/was-zu-tun\/sehenswurdigkeiten\/natur\/dunkle-dunen\/\" \/>\n<meta property=\"og:site_name\" content=\"Den Helder Online\" \/>\n<meta property=\"article:modified_time\" content=\"2026-01-19T13:58:39+00:00\" \/>\n<meta property=\"og:image\" content=\"https:\/\/denhelder.online\/wp-content\/uploads\/2025\/02\/bosDonkereDuinen.jpg\" \/>\n\t<meta property=\"og:image:width\" content=\"1024\" \/>\n\t<meta property=\"og:image:height\" content=\"576\" \/>\n\t<meta property=\"og:image:type\" content=\"image\/jpeg\" \/>\n<meta name=\"twitter:card\" content=\"summary_large_image\" \/>\n<meta name=\"twitter:label1\" content=\"Gesch\u00e4tzte Lesezeit\" \/>\n\t<meta name=\"twitter:data1\" content=\"2\u00a0Minuten\" \/>\n<script type=\"application\/ld+json\" class=\"yoast-schema-graph\">{\"@context\":\"https:\\\/\\\/schema.org\",\"@graph\":[{\"@type\":\"WebPage\",\"@id\":\"https:\\\/\\\/denhelder.online\\\/wat-te-doen\\\/bezienswaardigheden\\\/natuur\\\/donkere-duinen\\\/\",\"url\":\"https:\\\/\\\/denhelder.online\\\/wat-te-doen\\\/bezienswaardigheden\\\/natuur\\\/donkere-duinen\\\/\",\"name\":\"Wandelen in Bos De Donkere Duinen in Den Helder\",\"isPartOf\":{\"@id\":\"https:\\\/\\\/denhelder.online\\\/#website\"},\"primaryImageOfPage\":{\"@id\":\"https:\\\/\\\/denhelder.online\\\/wat-te-doen\\\/bezienswaardigheden\\\/natuur\\\/donkere-duinen\\\/#primaryimage\"},\"image\":{\"@id\":\"https:\\\/\\\/denhelder.online\\\/wat-te-doen\\\/bezienswaardigheden\\\/natuur\\\/donkere-duinen\\\/#primaryimage\"},\"thumbnailUrl\":\"https:\\\/\\\/denhelder.online\\\/wp-content\\\/uploads\\\/2025\\\/02\\\/bosDonkereDuinen.jpg\",\"datePublished\":\"2025-02-13T11:51:36+00:00\",\"dateModified\":\"2026-01-19T13:58:39+00:00\",\"description\":\"Bos De Donkere Duinen biedt wandelpaden, vogelspotplekken en een sfeervolle eendenvijver. Een fijne plek voor natuurliefhebbers en gezinnen!\",\"breadcrumb\":{\"@id\":\"https:\\\/\\\/denhelder.online\\\/wat-te-doen\\\/bezienswaardigheden\\\/natuur\\\/donkere-duinen\\\/#breadcrumb\"},\"inLanguage\":\"de\",\"potentialAction\":[{\"@type\":\"ReadAction\",\"target\":[\"https:\\\/\\\/denhelder.online\\\/wat-te-doen\\\/bezienswaardigheden\\\/natuur\\\/donkere-duinen\\\/\"]}]},{\"@type\":\"ImageObject\",\"inLanguage\":\"de\",\"@id\":\"https:\\\/\\\/denhelder.online\\\/wat-te-doen\\\/bezienswaardigheden\\\/natuur\\\/donkere-duinen\\\/#primaryimage\",\"url\":\"https:\\\/\\\/denhelder.online\\\/wp-content\\\/uploads\\\/2025\\\/02\\\/bosDonkereDuinen.jpg\",\"contentUrl\":\"https:\\\/\\\/denhelder.online\\\/wp-content\\\/uploads\\\/2025\\\/02\\\/bosDonkereDuinen.jpg\",\"width\":1024,\"height\":576,\"caption\":\"bos de donkere duinen\"},{\"@type\":\"BreadcrumbList\",\"@id\":\"https:\\\/\\\/denhelder.online\\\/wat-te-doen\\\/bezienswaardigheden\\\/natuur\\\/donkere-duinen\\\/#breadcrumb\",\"itemListElement\":[{\"@type\":\"ListItem\",\"position\":1,\"name\":\"Home\",\"item\":\"https:\\\/\\\/denhelder.online\\\/\"},{\"@type\":\"ListItem\",\"position\":2,\"name\":\"Wat te doen\",\"item\":\"https:\\\/\\\/denhelder.online\\\/wat-te-doen\\\/\"},{\"@type\":\"ListItem\",\"position\":3,\"name\":\"Musea en Bezienswaardigheden\",\"item\":\"https:\\\/\\\/denhelder.online\\\/wat-te-doen\\\/bezienswaardigheden\\\/\"},{\"@type\":\"ListItem\",\"position\":4,\"name\":\"Natuur\",\"item\":\"https:\\\/\\\/denhelder.online\\\/en\\\/what-to-do\\\/sights\\\/nature\\\/\"},{\"@type\":\"ListItem\",\"position\":5,\"name\":\"De Donkere Duinen in Den Helder\"}]},{\"@type\":\"WebSite\",\"@id\":\"https:\\\/\\\/denhelder.online\\\/#website\",\"url\":\"https:\\\/\\\/denhelder.online\\\/\",\"name\":\"Den Helder Online\",\"description\":\"Beleef Den Helder\",\"publisher\":{\"@id\":\"https:\\\/\\\/denhelder.online\\\/#organization\"},\"potentialAction\":[{\"@type\":\"SearchAction\",\"target\":{\"@type\":\"EntryPoint\",\"urlTemplate\":\"https:\\\/\\\/denhelder.online\\\/?s={search_term_string}\"},\"query-input\":{\"@type\":\"PropertyValueSpecification\",\"valueRequired\":true,\"valueName\":\"search_term_string\"}}],\"inLanguage\":\"de\"},{\"@type\":\"Organization\",\"@id\":\"https:\\\/\\\/denhelder.online\\\/#organization\",\"name\":\"Den Helder Online\",\"url\":\"https:\\\/\\\/denhelder.online\\\/\",\"logo\":{\"@type\":\"ImageObject\",\"inLanguage\":\"de\",\"@id\":\"https:\\\/\\\/denhelder.online\\\/#\\\/schema\\\/logo\\\/image\\\/\",\"url\":\"https:\\\/\\\/denhelder.online\\\/wp-content\\\/uploads\\\/2021\\\/12\\\/DitIsDH-Logo-26-tagline.svg\",\"contentUrl\":\"https:\\\/\\\/denhelder.online\\\/wp-content\\\/uploads\\\/2021\\\/12\\\/DitIsDH-Logo-26-tagline.svg\",\"width\":1717.0999999999999,\"height\":934.89999999999998,\"caption\":\"Den Helder Online\"},\"image\":{\"@id\":\"https:\\\/\\\/denhelder.online\\\/#\\\/schema\\\/logo\\\/image\\\/\"}}]}<\/script>\n<!-- \/ Yoast SEO Premium plugin. -->","yoast_head_json":{"title":"Spaziergang im Wald der Dunklen D\u00fcnen in Den Helder","description":"Der Donkere Duinen Wald bietet Wanderwege, Vogelbeobachtungspl\u00e4tze und einen idyllischen Ententeich. Ein wunderbarer Ort f\u00fcr Naturliebhaber und Familien!","robots":{"index":"index","follow":"follow","max-snippet":"max-snippet:-1","max-image-preview":"max-image-preview:large","max-video-preview":"max-video-preview:-1"},"canonical":"https:\/\/denhelder.online\/de\/was-zu-tun\/sehenswurdigkeiten\/natur\/dunkle-dunen\/","og_locale":"de_DE","og_type":"article","og_title":"De Donkere Duinen in Den Helder","og_description":"Bos De Donkere Duinen biedt wandelpaden, vogelspotplekken en een sfeervolle eendenvijver. Een fijne plek voor natuurliefhebbers en gezinnen!","og_url":"https:\/\/denhelder.online\/de\/was-zu-tun\/sehenswurdigkeiten\/natur\/dunkle-dunen\/","og_site_name":"Den Helder Online","article_modified_time":"2026-01-19T13:58:39+00:00","og_image":[{"width":1024,"height":576,"url":"https:\/\/denhelder.online\/wp-content\/uploads\/2025\/02\/bosDonkereDuinen.jpg","type":"image\/jpeg"}],"twitter_card":"summary_large_image","twitter_misc":{"Gesch\u00e4tzte Lesezeit":"2\u00a0Minuten"},"schema":{"@context":"https:\/\/schema.org","@graph":[{"@type":"WebPage","@id":"https:\/\/denhelder.online\/wat-te-doen\/bezienswaardigheden\/natuur\/donkere-duinen\/","url":"https:\/\/denhelder.online\/wat-te-doen\/bezienswaardigheden\/natuur\/donkere-duinen\/","name":"Spaziergang im Wald der Dunklen D\u00fcnen in Den Helder","isPartOf":{"@id":"https:\/\/denhelder.online\/#website"},"primaryImageOfPage":{"@id":"https:\/\/denhelder.online\/wat-te-doen\/bezienswaardigheden\/natuur\/donkere-duinen\/#primaryimage"},"image":{"@id":"https:\/\/denhelder.online\/wat-te-doen\/bezienswaardigheden\/natuur\/donkere-duinen\/#primaryimage"},"thumbnailUrl":"https:\/\/denhelder.online\/wp-content\/uploads\/2025\/02\/bosDonkereDuinen.jpg","datePublished":"2025-02-13T11:51:36+00:00","dateModified":"2026-01-19T13:58:39+00:00","description":"Der Donkere Duinen Wald bietet Wanderwege, Vogelbeobachtungspl\u00e4tze und einen idyllischen Ententeich. Ein wunderbarer Ort f\u00fcr Naturliebhaber und Familien!","breadcrumb":{"@id":"https:\/\/denhelder.online\/wat-te-doen\/bezienswaardigheden\/natuur\/donkere-duinen\/#breadcrumb"},"inLanguage":"de","potentialAction":[{"@type":"ReadAction","target":["https:\/\/denhelder.online\/wat-te-doen\/bezienswaardigheden\/natuur\/donkere-duinen\/"]}]},{"@type":"ImageObject","inLanguage":"de","@id":"https:\/\/denhelder.online\/wat-te-doen\/bezienswaardigheden\/natuur\/donkere-duinen\/#primaryimage","url":"https:\/\/denhelder.online\/wp-content\/uploads\/2025\/02\/bosDonkereDuinen.jpg","contentUrl":"https:\/\/denhelder.online\/wp-content\/uploads\/2025\/02\/bosDonkereDuinen.jpg","width":1024,"height":576,"caption":"bos de donkere duinen"},{"@type":"BreadcrumbList","@id":"https:\/\/denhelder.online\/wat-te-doen\/bezienswaardigheden\/natuur\/donkere-duinen\/#breadcrumb","itemListElement":[{"@type":"ListItem","position":1,"name":"Home","item":"https:\/\/denhelder.online\/"},{"@type":"ListItem","position":2,"name":"Wat te doen","item":"https:\/\/denhelder.online\/wat-te-doen\/"},{"@type":"ListItem","position":3,"name":"Musea en Bezienswaardigheden","item":"https:\/\/denhelder.online\/wat-te-doen\/bezienswaardigheden\/"},{"@type":"ListItem","position":4,"name":"Natuur","item":"https:\/\/denhelder.online\/en\/what-to-do\/sights\/nature\/"},{"@type":"ListItem","position":5,"name":"De Donkere Duinen in Den Helder"}]},{"@type":"WebSite","@id":"https:\/\/denhelder.online\/#website","url":"https:\/\/denhelder.online\/","name":"Den Helder Online","description":"Erleben Sie Den Helder","publisher":{"@id":"https:\/\/denhelder.online\/#organization"},"potentialAction":[{"@type":"SearchAction","target":{"@type":"EntryPoint","urlTemplate":"https:\/\/denhelder.online\/?s={search_term_string}"},"query-input":{"@type":"PropertyValueSpecification","valueRequired":true,"valueName":"search_term_string"}}],"inLanguage":"de"},{"@type":"Organization","@id":"https:\/\/denhelder.online\/#organization","name":"Den Helder Online","url":"https:\/\/denhelder.online\/","logo":{"@type":"ImageObject","inLanguage":"de","@id":"https:\/\/denhelder.online\/#\/schema\/logo\/image\/","url":"https:\/\/denhelder.online\/wp-content\/uploads\/2021\/12\/DitIsDH-Logo-26-tagline.svg","contentUrl":"https:\/\/denhelder.online\/wp-content\/uploads\/2021\/12\/DitIsDH-Logo-26-tagline.svg","width":1717.0999999999999,"height":934.89999999999998,"caption":"Den Helder Online"},"image":{"@id":"https:\/\/denhelder.online\/#\/schema\/logo\/image\/"}}]}},"_links":{"self":[{"href":"https:\/\/denhelder.online\/de\/wp-json\/wp\/v2\/pages\/6766","targetHints":{"allow":["GET"]}}],"collection":[{"href":"https:\/\/denhelder.online\/de\/wp-json\/wp\/v2\/pages"}],"about":[{"href":"https:\/\/denhelder.online\/de\/wp-json\/wp\/v2\/types\/page"}],"author":[{"embeddable":true,"href":"https:\/\/denhelder.online\/de\/wp-json\/wp\/v2\/users\/16"}],"replies":[{"embeddable":true,"href":"https:\/\/denhelder.online\/de\/wp-json\/wp\/v2\/comments?post=6766"}],"version-history":[{"count":0,"href":"https:\/\/denhelder.online\/de\/wp-json\/wp\/v2\/pages\/6766\/revisions"}],"up":[{"embeddable":true,"href":"https:\/\/denhelder.online\/de\/wp-json\/wp\/v2\/pages\/5587"}],"wp:featuredmedia":[{"embeddable":true,"href":"https:\/\/denhelder.online\/de\/wp-json\/wp\/v2\/media\/6768"}],"wp:attachment":[{"href":"https:\/\/denhelder.online\/de\/wp-json\/wp\/v2\/media?parent=6766"}],"wp:term":[{"taxonomy":"post_tag","embeddable":true,"href":"https:\/\/denhelder.online\/de\/wp-json\/wp\/v2\/tags?post=6766"},{"taxonomy":"doelgroep","embeddable":true,"href":"https:\/\/denhelder.online\/de\/wp-json\/wp\/v2\/doelgroep?post=6766"},{"taxonomy":"categorie","embeddable":true,"href":"https:\/\/denhelder.online\/de\/wp-json\/wp\/v2\/categorie?post=6766"}],"curies":[{"name":"wp","href":"https:\/\/api.w.org\/{rel}","templated":true}]}}